{"id":16411,"date":"2023-07-02T10:33:52","date_gmt":"2023-07-02T10:33:52","guid":{"rendered":"https:\/\/vidinis.adweb.lt\/audio\/?page_id=16411"},"modified":"2025-10-29T10:15:51","modified_gmt":"2025-10-29T08:15:51","slug":"privatumo-politika","status":"publish","type":"page","link":"https:\/\/kidsplay.lt\/lv\/privatumo-politika\/","title":{"rendered":"Priv\u0101tuma politika"},"content":{"rendered":"<div data-elementor-type=\"wp-page\" data-elementor-id=\"16411\" class=\"elementor elementor-16411\">\n\t\t\t\t\t\t<section class=\"elementor-section elementor-top-section elementor-element elementor-element-cef90d4 elementor-section-boxed elementor-section-height-default elementor-section-height-default wd-section-disabled\" data-id=\"cef90d4\" data-element_type=\"section\" data-e-type=\"section\">\n\t\t\t\t\t\t<div class=\"elementor-container elementor-column-gap-default\">\n\t\t\t\t\t<div class=\"elementor-column elementor-col-100 elementor-top-column elementor-element elementor-element-e9e02c6\" data-id=\"e9e02c6\" data-element_type=\"column\" data-e-type=\"column\">\n\t\t\t<div class=\"elementor-widget-wrap elementor-element-populated\">\n\t\t\t\t\t\t<div class=\"elementor-element elementor-element-dc7c32e elementor-widget elementor-widget-wd_text_block\" data-id=\"dc7c32e\" data-element_type=\"widget\" data-e-type=\"widget\" data-widget_type=\"wd_text_block.default\">\n\t\t\t\t<div class=\"elementor-widget-container\">\n\t\t\t\t\t\t\t<div class=\"wd-text-block reset-last-child text-left\">\n\t\t\t\n\t\t\t<p>Paskutin\u012f kart\u0105 atnaujinta: 2025 m. spalio 29 d.<\/p><h1 data-start=\"345\" data-end=\"369\"><strong data-start=\"347\" data-end=\"369\">Priv\u0101tuma politika<\/strong><\/h1><h5><span style=\"font-family: Roboto, Arial, Helvetica, sans-serif; font-size: 24px; font-style: normal; font-weight: 700;\">1. \u012evadas<\/span><\/h5><p data-start=\"384\" data-end=\"690\">\u0160ioje privatumo politikoje paai\u0161kinama, kas mes esame, kokiu tikslu ir kokiu b\u016bdu renkame bei tvarkome j\u016bs\u0173 asmens duomenis, kokias teises turite kaip vartotojas, pateikdamas mums bet koki\u0105 asmenin\u0119 informacij\u0105, ir kaip galite su mumis susisiekti, jei norite pasinaudoti \u0161iomis teis\u0117mis ar turite klausim\u0173.<\/p><p data-start=\"692\" data-end=\"884\">Mes pasiliekame teis\u0119 bet kuriuo metu atnaujinti ar pakeisti \u0161i\u0105 privatumo politik\u0105 d\u0117l teisini\u0173 ar veiklos prie\u017eas\u010di\u0173. Atnaujinta versija visada bus paskelbta m\u016bs\u0173 svetain\u0117je <strong data-start=\"868\" data-end=\"883\">kidsplay.lt<\/strong>.<\/p><hr data-start=\"886\" data-end=\"889\"><h2 data-start=\"891\" data-end=\"915\">2. Bendra informacija<\/h2><p data-start=\"916\" data-end=\"1218\">Mes esame <strong data-start=\"926\" data-end=\"943\">\u201eKidsplay.lt\u201c<\/strong> \u2013 elektronin\u0117 parduotuv\u0117, prekiaujanti vaiki\u0161komis prek\u0117mis internetu.<br data-start=\"1014\" data-end=\"1017\">M\u016bs\u0173 kontaktiniai duomenys pateikti \u0161ios politikos pabaigoje.<br data-start=\"1078\" data-end=\"1081\">Mes esame j\u016bs\u0173 asmens duomen\u0173 <strong data-start=\"1111\" data-end=\"1125\">valdytojai<\/strong> ir tvarkome juos laikydamiesi \u0161ios privatumo politikos nuostat\u0173 bei galiojan\u010di\u0173 teis\u0117s akt\u0173.<\/p><p data-start=\"1220\" data-end=\"1409\">\u0160i privatumo politika paai\u0161kina, kaip <strong data-start=\"1258\" data-end=\"1273\">kidsplay.lt<\/strong> naudoja j\u016bs\u0173 asmens duomenis ir kokiais tikslais jie renkami. Prie\u0161 prad\u0117dami naudotis svetaine, pra\u0161ome susipa\u017einti su \u0161iuo dokumentu.<\/p><p data-start=\"1411\" data-end=\"1488\">Mes \u012fsipareigojame u\u017etikrinti j\u016bs\u0173 asmens duomen\u0173 saugum\u0105 ir konfidencialum\u0105.<\/p><hr data-start=\"1490\" data-end=\"1493\"><h2 data-start=\"1495\" data-end=\"1531\">3. Kokius asmens duomenis renkame<\/h2><p data-start=\"1532\" data-end=\"1897\">Nar\u0161ydami <strong data-start=\"1542\" data-end=\"1557\">kidsplay.lt<\/strong>, j\u016bs automati\u0161kai perduodate tam tikr\u0105 informacij\u0105 apie savo \u012frengin\u012f \u2013 nar\u0161ykl\u0117s tip\u0105, IP adres\u0105, laiko juost\u0105 ir slapukus. Taip pat renkame statistinius duomenis apie j\u016bs\u0173 veiksmus svetain\u0117je (aplankytus puslapius, per\u017ei\u016br\u0117tus produktus, nar\u0161ymo trukm\u0119 ir pan.). \u0160i\u0105 automati\u0161kai renkam\u0105 informacij\u0105 vadiname <strong data-start=\"1869\" data-end=\"1896\">\u201e\u012frenginio informacija\u201c<\/strong>.<\/p><p data-start=\"1899\" data-end=\"1949\">Be to, galime rinkti j\u016bs\u0173 pateiktus duomenis, kai:<\/p><ul data-start=\"1950\" data-end=\"2077\"><li data-start=\"1950\" data-end=\"1983\"><p data-start=\"1952\" data-end=\"1983\">u\u017esisakote prekes ar paslaugas,<\/p><\/li><li data-start=\"1984\" data-end=\"2015\"><p data-start=\"1986\" data-end=\"2015\">sukuriate paskyr\u0105 svetain\u0117je,<\/p><\/li><li data-start=\"2016\" data-end=\"2077\"><p data-start=\"2018\" data-end=\"2077\">u\u017epildote kontaktin\u0119 form\u0105 ar prenumeruojate naujienlai\u0161k\u012f.<\/p><\/li><\/ul><p data-start=\"2079\" data-end=\"2245\">Tokiu atveju galime pra\u0161yti j\u016bs\u0173 <strong data-start=\"2112\" data-end=\"2198\">vardo, pavard\u0117s, adreso, el. pa\u0161to adreso, telefono numerio, mok\u0117jimo informacijos<\/strong> ir kit\u0173 duomen\u0173, reikaling\u0173 paslaug\u0173 teikimui.<\/p><hr data-start=\"2247\" data-end=\"2250\"><h2 data-start=\"2252\" data-end=\"2285\">4. Kod\u0117l renkame j\u016bs\u0173 duomenis<\/h2><p data-start=\"2286\" data-end=\"2407\">J\u016bs\u0173 duomen\u0173 saugumas mums yra itin svarbus, tod\u0117l renkame ir tvarkome tik <strong data-start=\"2361\" data-end=\"2377\">b\u016btiniausius<\/strong> asmens duomenis, reikalingus:<\/p><ul data-start=\"2408\" data-end=\"2603\"><li data-start=\"2408\" data-end=\"2467\"><p data-start=\"2410\" data-end=\"2467\">svetain\u0117s funkcionalumui ir paslaug\u0173 teikimui u\u017etikrinti,<\/p><\/li><li data-start=\"2468\" data-end=\"2512\"><p data-start=\"2470\" data-end=\"2512\">u\u017esakym\u0173 vykdymui ir klient\u0173 aptarnavimui,<\/p><\/li><li data-start=\"2513\" data-end=\"2551\"><p data-start=\"2515\" data-end=\"2551\">svetain\u0117s analitikai ir tobulinimui,<\/p><\/li><li data-start=\"2552\" data-end=\"2603\"><p data-start=\"2554\" data-end=\"2603\">rinkodaros pasi\u016blymams (tik gavus j\u016bs\u0173 sutikim\u0105).<\/p><\/li><\/ul><p data-start=\"2605\" data-end=\"2743\">Statistiniai duomenys apie svetain\u0117s naudojim\u0105 yra <strong data-start=\"2656\" data-end=\"2671\">anoniminiai<\/strong>, tod\u0117l j\u0173 pagrindu <strong data-start=\"2691\" data-end=\"2742\">n\u0117ra \u012fmanoma identifikuoti konkretaus vartotojo<\/strong>.<\/p><p data-start=\"2745\" data-end=\"3064\">Galite nar\u0161yti svetain\u0117je be tapatyb\u0119 atskleid\u017eian\u010dios informacijos. Ta\u010diau norint naudotis kai kuriomis funkcijomis (pvz., pateikti u\u017esakym\u0105 ar gauti naujienlai\u0161k\u012f), reik\u0117s pateikti tam tikrus asmens duomenis.<br data-start=\"2955\" data-end=\"2958\">Jei turite klausim\u0173, koki\u0105 informacij\u0105 privalome rinkti, galite susisiekti el. pa\u0161tu <strong data-start=\"3043\" data-end=\"3063\"><a rel=\"noopener\" data-start=\"3045\" data-end=\"3061\">info@kidsplay.lt<\/a><\/strong>.<\/p><hr data-start=\"3066\" data-end=\"3069\"><h2 data-start=\"3071\" data-end=\"3107\">5. Koki\u0173 duomen\u0173 mes neapdorojame<\/h2><p data-start=\"3108\" data-end=\"3383\">Mes s\u0105moningai <strong data-start=\"3123\" data-end=\"3149\">nerenkame ir nepra\u0161ome<\/strong> vaik\u0173 iki 13 met\u0173 am\u017eiaus asmens duomen\u0173 ir nesi\u016blome jiems savo paslaug\u0173.<br data-start=\"3224\" data-end=\"3227\">Jei su\u017einosime, kad nepilnametis asmuo mums pateik\u0117 savo asmens duomenis be t\u0117v\u0173 ar glob\u0117j\u0173 sutikimo, nedelsdami imsim\u0117s priemoni\u0173 tokius duomenis i\u0161trinti.<\/p><p data-start=\"3385\" data-end=\"3592\"><strong data-start=\"3385\" data-end=\"3423\">Rekomenduojame t\u0117vams ir glob\u0117jams<\/strong> aktyviai steb\u0117ti vaik\u0173 veikl\u0105 internete. Jei manote, kad mums buvo pateikta informacija apie vaik\u0105 be tinkamo sutikimo, informuokite mus el. pa\u0161tu <strong data-start=\"3571\" data-end=\"3591\"><a rel=\"noopener\" data-start=\"3573\" data-end=\"3589\">info@kidsplay.lt<\/a><\/strong>.<\/p><hr data-start=\"3594\" data-end=\"3597\"><h2 data-start=\"3599\" data-end=\"3613\">6. Slapukai<\/h2><p data-start=\"3614\" data-end=\"3758\">M\u016bs\u0173 svetain\u0117je naudojami <strong data-start=\"3640\" data-end=\"3652\">slapukai<\/strong> (\u201ecookies\u201c) ir kitos pana\u0161ios technologijos, kurias gali naudoti ir m\u016bs\u0173 partneriai.<br data-start=\"3737\" data-end=\"3740\">\u0160ie failai padeda:<\/p><ul data-start=\"3759\" data-end=\"3909\"><li data-start=\"3759\" data-end=\"3798\"><p data-start=\"3761\" data-end=\"3798\">u\u017etikrinti tinkam\u0105 svetain\u0117s veikim\u0105,<\/p><\/li><li data-start=\"3799\" data-end=\"3853\"><p data-start=\"3801\" data-end=\"3853\">analizuoti vartotoj\u0173 elgsen\u0105 ir svetain\u0117s lankomum\u0105,<\/p><\/li><li data-start=\"3854\" data-end=\"3909\"><p data-start=\"3856\" data-end=\"3909\">pritaikyti turin\u012f ir pasi\u016blymus pagal j\u016bs\u0173 poreikius.<\/p><\/li><\/ul><p data-start=\"3911\" data-end=\"4073\">Daugiau informacijos apie tai, kokius slapukus naudojame ir kaip galite juos valdyti, rasite m\u016bs\u0173 <strong data-start=\"4009\" data-end=\"4072\"><a target=\"_new\" rel=\"noopener\" data-start=\"4011\" data-end=\"4070\">slapuk\u0173 politikoje<\/a><\/strong>.<\/p><hr data-start=\"4075\" data-end=\"4078\"><h2 data-start=\"4080\" data-end=\"4102\">7. Duomen\u0173 saugumas<\/h2><p data-start=\"4103\" data-end=\"4313\">J\u016bs\u0173 asmens duomenis saugome <strong data-start=\"4132\" data-end=\"4163\">saugiose serveri\u0173 aplinkose<\/strong>, prie kuri\u0173 prieig\u0105 turi tik \u012fgalioti asmenys.<br data-start=\"4210\" data-end=\"4213\">Nuolat stebime savo sistemas, kad u\u017ekirstume keli\u0105 galimoms saugumo spragoms ar neteis\u0117tai prieigai.<\/p><p data-start=\"4315\" data-end=\"4475\">Vis d\u0117lto, turime pa\u017eym\u0117ti, kad <strong data-start=\"4347\" data-end=\"4427\">n\u0117 viena duomen\u0173 perdavimo ar saugojimo technologija n\u0117ra visi\u0161kai apsaugota<\/strong>, tod\u0117l negalime garantuoti absoliutaus saugumo.<\/p><hr data-start=\"4477\" data-end=\"4480\"><h2 data-start=\"4482\" data-end=\"4508\">8. Duomen\u0173 atskleidimas<\/h2><p data-start=\"4509\" data-end=\"4571\">Mes galime atskleisti j\u016bs\u0173 asmens duomenis tik \u0161iais atvejais:<\/p><ul data-start=\"4572\" data-end=\"4847\"><li data-start=\"4572\" data-end=\"4617\"><p data-start=\"4574\" data-end=\"4617\">kai tai b\u016btina \u012fvykdyti teisines prievoles,<\/p><\/li><li data-start=\"4618\" data-end=\"4694\"><p data-start=\"4620\" data-end=\"4694\">kai reikia apginti m\u016bs\u0173 teises ar u\u017etikrinti m\u016bs\u0173 bei kit\u0173 asmen\u0173 saugum\u0105,<\/p><\/li><li data-start=\"4695\" data-end=\"4746\"><p data-start=\"4697\" data-end=\"4746\">kai gauname teis\u0117t\u0105 vald\u017eios institucij\u0173 pra\u0161ym\u0105,<\/p><\/li><li data-start=\"4747\" data-end=\"4847\"><p data-start=\"4749\" data-end=\"4847\">kai b\u016btina vykdant sutartinius \u012fsipareigojimus (pvz., preki\u0173 pristatymui ar mok\u0117jim\u0173 apdorojimui)<\/p><\/li><\/ul><p data-start=\"4849\" data-end=\"4935\">Tre\u010diosioms \u0161alims duomenis perduodame tik tiek, kiek tai b\u016btina paslaugos suteikimui.<\/p><hr data-start=\"4937\" data-end=\"4940\"><h2 data-start=\"4942\" data-end=\"4970\">9. Kontaktin\u0117 informacija<\/h2><p data-start=\"4971\" data-end=\"5095\">Jei turite klausim\u0173 d\u0117l \u0161ios privatumo politikos ar norite pasinaudoti savo duomen\u0173 apsaugos teis\u0117mis, susisiekite su mumis:<\/p><p data-start=\"5097\" data-end=\"5214\"><strong data-start=\"5097\" data-end=\"5112\">El. pa\u0161tas:<\/strong> <a rel=\"noopener\" data-start=\"5113\" data-end=\"5129\">info@kidsplay.lt<\/a><br data-start=\"5129\" data-end=\"5132\"><strong data-start=\"5132\" data-end=\"5145\">Svetain\u0117:<\/strong> <a href=\"https:\/\/kidsplay.lt\/lv\/susisiekite\/\" target=\"_new\" rel=\"noopener\" data-start=\"5146\" data-end=\"5214\">https:\/\/kidsplay.lt\/susisiekite\/<\/a><\/p>\n\t\t\t\t\t<\/div>\n\t\t\t\t\t\t<\/div>\n\t\t\t\t<\/div>\n\t\t\t\t\t<\/div>\n\t\t<\/div>\n\t\t\t\t\t<\/div>\n\t\t<\/section>\n\t\t\t\t<\/div>","protected":false},"excerpt":{"rendered":"<p>Paskutin\u012f kart\u0105 atnaujinta: 2025 m. spalio 29 d. Privatumo politika 1. \u012evadas \u0160ioje privatumo politikoje paai\u0161kinama, kas mes esame, kokiu<\/p>","protected":false},"author":1,"featured_media":0,"parent":0,"menu_order":0,"comment_status":"closed","ping_status":"closed","template":"","meta":{"_acf_changed":false,"_glsr_average":0,"_glsr_ranking":0,"_glsr_reviews":0,"footnotes":""},"class_list":["post-16411","page","type-page","status-publish","hentry","\"style=\"background-color: #e74c3c52;\""],"acf":[],"yoast_head":"<!-- This site is optimized with the Yoast SEO plugin v27.3 - https:\/\/yoast.com\/product\/yoast-seo-wordpress\/ -->\n<title>Privatumo politika - KidsPlay<\/title>\n<meta name=\"robots\" content=\"index, follow, max-snippet:-1, max-image-preview:large, max-video-preview:-1\" \/>\n<link rel=\"canonical\" href=\"https:\/\/kidsplay.lt\/lv\/privatumo-politika\/\" \/>\n<meta property=\"og:locale\" content=\"lv_LV\" \/>\n<meta property=\"og:type\" content=\"article\" \/>\n<meta property=\"og:title\" content=\"Privatumo politika - KidsPlay\" \/>\n<meta property=\"og:description\" content=\"Paskutin\u012f kart\u0105 atnaujinta: 2025 m. spalio 29 d. Privatumo politika 1. \u012evadas \u0160ioje privatumo politikoje paai\u0161kinama, kas mes esame, kokiu\" \/>\n<meta property=\"og:url\" content=\"https:\/\/kidsplay.lt\/lv\/privatumo-politika\/\" \/>\n<meta property=\"og:site_name\" content=\"KidsPlay\" \/>\n<meta property=\"article:publisher\" content=\"https:\/\/www.facebook.com\/www.kidsplay.lt\" \/>\n<meta property=\"article:modified_time\" content=\"2025-10-29T08:15:51+00:00\" \/>\n<meta property=\"og:image\" content=\"https:\/\/kidsplay.lt\/wp-content\/uploads\/2023\/07\/kidsplay-logo-1-1.png\" \/>\n\t<meta property=\"og:image:width\" content=\"567\" \/>\n\t<meta property=\"og:image:height\" content=\"158\" \/>\n\t<meta property=\"og:image:type\" content=\"image\/png\" \/>\n<meta name=\"twitter:card\" content=\"summary_large_image\" \/>\n<meta name=\"twitter:label1\" content=\"Est. reading time\" \/>\n\t<meta name=\"twitter:data1\" content=\"4 min\u016btes\" \/>\n<script type=\"application\/ld+json\" class=\"yoast-schema-graph\">{\"@context\":\"https:\\\/\\\/schema.org\",\"@graph\":[{\"@type\":\"WebPage\",\"@id\":\"https:\\\/\\\/kidsplay.lt\\\/privatumo-politika\\\/\",\"url\":\"https:\\\/\\\/kidsplay.lt\\\/privatumo-politika\\\/\",\"name\":\"Privatumo politika - KidsPlay\",\"isPartOf\":{\"@id\":\"https:\\\/\\\/kidsplay.lt\\\/#website\"},\"datePublished\":\"2023-07-02T10:33:52+00:00\",\"dateModified\":\"2025-10-29T08:15:51+00:00\",\"breadcrumb\":{\"@id\":\"https:\\\/\\\/kidsplay.lt\\\/privatumo-politika\\\/#breadcrumb\"},\"inLanguage\":\"lv-LV\",\"potentialAction\":[{\"@type\":\"ReadAction\",\"target\":[\"https:\\\/\\\/kidsplay.lt\\\/privatumo-politika\\\/\"]}]},{\"@type\":\"BreadcrumbList\",\"@id\":\"https:\\\/\\\/kidsplay.lt\\\/privatumo-politika\\\/#breadcrumb\",\"itemListElement\":[{\"@type\":\"ListItem\",\"position\":1,\"name\":\"Pagrindinis\",\"item\":\"https:\\\/\\\/kidsplay.lt\\\/\"},{\"@type\":\"ListItem\",\"position\":2,\"name\":\"Privatumo politika\"}]},{\"@type\":\"WebSite\",\"@id\":\"https:\\\/\\\/kidsplay.lt\\\/#website\",\"url\":\"https:\\\/\\\/kidsplay.lt\\\/\",\"name\":\"Kidsplay.lt\",\"description\":\"\u012evairios prek\u0117s vaikams\",\"publisher\":{\"@id\":\"https:\\\/\\\/kidsplay.lt\\\/#organization\"},\"alternateName\":\"Kidsplay\",\"potentialAction\":[{\"@type\":\"SearchAction\",\"target\":{\"@type\":\"EntryPoint\",\"urlTemplate\":\"https:\\\/\\\/kidsplay.lt\\\/?s={search_term_string}\"},\"query-input\":{\"@type\":\"PropertyValueSpecification\",\"valueRequired\":true,\"valueName\":\"search_term_string\"}}],\"inLanguage\":\"lv-LV\"},{\"@type\":\"Organization\",\"@id\":\"https:\\\/\\\/kidsplay.lt\\\/#organization\",\"name\":\"KidsPlay\",\"url\":\"https:\\\/\\\/kidsplay.lt\\\/\",\"logo\":{\"@type\":\"ImageObject\",\"inLanguage\":\"lv-LV\",\"@id\":\"https:\\\/\\\/kidsplay.lt\\\/#\\\/schema\\\/logo\\\/image\\\/\",\"url\":\"https:\\\/\\\/kidsplay.lt\\\/wp-content\\\/uploads\\\/2023\\\/07\\\/kidsplay-logo.png\",\"contentUrl\":\"https:\\\/\\\/kidsplay.lt\\\/wp-content\\\/uploads\\\/2023\\\/07\\\/kidsplay-logo.png\",\"width\":451,\"height\":98,\"caption\":\"KidsPlay\"},\"image\":{\"@id\":\"https:\\\/\\\/kidsplay.lt\\\/#\\\/schema\\\/logo\\\/image\\\/\"},\"sameAs\":[\"https:\\\/\\\/www.facebook.com\\\/www.kidsplay.lt\"]}]}<\/script>\n<!-- \/ Yoast SEO plugin. -->","yoast_head_json":{"title":"Privatumo politika - KidsPlay","robots":{"index":"index","follow":"follow","max-snippet":"max-snippet:-1","max-image-preview":"max-image-preview:large","max-video-preview":"max-video-preview:-1"},"canonical":"https:\/\/kidsplay.lt\/lv\/privatumo-politika\/","og_locale":"lv_LV","og_type":"article","og_title":"Privatumo politika - KidsPlay","og_description":"Paskutin\u012f kart\u0105 atnaujinta: 2025 m. spalio 29 d. Privatumo politika 1. \u012evadas \u0160ioje privatumo politikoje paai\u0161kinama, kas mes esame, kokiu","og_url":"https:\/\/kidsplay.lt\/lv\/privatumo-politika\/","og_site_name":"KidsPlay","article_publisher":"https:\/\/www.facebook.com\/www.kidsplay.lt","article_modified_time":"2025-10-29T08:15:51+00:00","og_image":[{"width":567,"height":158,"url":"https:\/\/kidsplay.lt\/wp-content\/uploads\/2023\/07\/kidsplay-logo-1-1.png","type":"image\/png"}],"twitter_card":"summary_large_image","twitter_misc":{"Est. reading time":"4 min\u016btes"},"schema":{"@context":"https:\/\/schema.org","@graph":[{"@type":"WebPage","@id":"https:\/\/kidsplay.lt\/privatumo-politika\/","url":"https:\/\/kidsplay.lt\/privatumo-politika\/","name":"Privatumo politika - KidsPlay","isPartOf":{"@id":"https:\/\/kidsplay.lt\/#website"},"datePublished":"2023-07-02T10:33:52+00:00","dateModified":"2025-10-29T08:15:51+00:00","breadcrumb":{"@id":"https:\/\/kidsplay.lt\/privatumo-politika\/#breadcrumb"},"inLanguage":"lv-LV","potentialAction":[{"@type":"ReadAction","target":["https:\/\/kidsplay.lt\/privatumo-politika\/"]}]},{"@type":"BreadcrumbList","@id":"https:\/\/kidsplay.lt\/privatumo-politika\/#breadcrumb","itemListElement":[{"@type":"ListItem","position":1,"name":"Pagrindinis","item":"https:\/\/kidsplay.lt\/"},{"@type":"ListItem","position":2,"name":"Privatumo politika"}]},{"@type":"WebSite","@id":"https:\/\/kidsplay.lt\/#website","url":"https:\/\/kidsplay.lt\/","name":"B\u0113rnu sp\u0113les.lv","description":"\u012evairios prek\u0117s vaikams","publisher":{"@id":"https:\/\/kidsplay.lt\/#organization"},"alternateName":"Kidsplay","potentialAction":[{"@type":"SearchAction","target":{"@type":"EntryPoint","urlTemplate":"https:\/\/kidsplay.lt\/?s={search_term_string}"},"query-input":{"@type":"PropertyValueSpecification","valueRequired":true,"valueName":"search_term_string"}}],"inLanguage":"lv-LV"},{"@type":"Organization","@id":"https:\/\/kidsplay.lt\/#organization","name":"B\u0113rnu sp\u0113le","url":"https:\/\/kidsplay.lt\/","logo":{"@type":"ImageObject","inLanguage":"lv-LV","@id":"https:\/\/kidsplay.lt\/#\/schema\/logo\/image\/","url":"https:\/\/kidsplay.lt\/wp-content\/uploads\/2023\/07\/kidsplay-logo.png","contentUrl":"https:\/\/kidsplay.lt\/wp-content\/uploads\/2023\/07\/kidsplay-logo.png","width":451,"height":98,"caption":"KidsPlay"},"image":{"@id":"https:\/\/kidsplay.lt\/#\/schema\/logo\/image\/"},"sameAs":["https:\/\/www.facebook.com\/www.kidsplay.lt"]}]}},"_links":{"self":[{"href":"https:\/\/kidsplay.lt\/lv\/wp-json\/wp\/v2\/pages\/16411","targetHints":{"allow":["GET"]}}],"collection":[{"href":"https:\/\/kidsplay.lt\/lv\/wp-json\/wp\/v2\/pages"}],"about":[{"href":"https:\/\/kidsplay.lt\/lv\/wp-json\/wp\/v2\/types\/page"}],"author":[{"embeddable":true,"href":"https:\/\/kidsplay.lt\/lv\/wp-json\/wp\/v2\/users\/1"}],"replies":[{"embeddable":true,"href":"https:\/\/kidsplay.lt\/lv\/wp-json\/wp\/v2\/comments?post=16411"}],"version-history":[{"count":3,"href":"https:\/\/kidsplay.lt\/lv\/wp-json\/wp\/v2\/pages\/16411\/revisions"}],"predecessor-version":[{"id":79388,"href":"https:\/\/kidsplay.lt\/lv\/wp-json\/wp\/v2\/pages\/16411\/revisions\/79388"}],"wp:attachment":[{"href":"https:\/\/kidsplay.lt\/lv\/wp-json\/wp\/v2\/media?parent=16411"}],"curies":[{"name":"wp","href":"https:\/\/api.w.org\/{rel}","templated":true}]}}