{"id":26235,"date":"2023-07-19T17:24:07","date_gmt":"2023-07-19T17:24:07","guid":{"rendered":"https:\/\/kidsplay.lt\/?page_id=26235"},"modified":"2025-12-30T08:39:26","modified_gmt":"2025-12-30T06:39:26","slug":"pristatymo-ir-grazinimo-salygos","status":"publish","type":"page","link":"https:\/\/kidsplay.lt\/lv\/pristatymo-ir-grazinimo-salygos\/","title":{"rendered":"Pieg\u0101des un atgrie\u0161anas noteikumi"},"content":{"rendered":"<div data-elementor-type=\"wp-page\" data-elementor-id=\"26235\" class=\"elementor elementor-26235\">\n\t\t\t\t\t\t<section class=\"elementor-section elementor-top-section elementor-element elementor-element-7ca7ec7 elementor-section-boxed elementor-section-height-default elementor-section-height-default wd-section-disabled\" data-id=\"7ca7ec7\" data-element_type=\"section\" data-e-type=\"section\">\n\t\t\t\t\t\t<div class=\"elementor-container elementor-column-gap-default\">\n\t\t\t\t\t<div class=\"elementor-column elementor-col-100 elementor-top-column elementor-element elementor-element-86e77e7\" data-id=\"86e77e7\" data-element_type=\"column\" data-e-type=\"column\">\n\t\t\t<div class=\"elementor-widget-wrap elementor-element-populated\">\n\t\t\t\t\t\t<div class=\"elementor-element elementor-element-8a863ff elementor-widget__width-initial elementor-widget elementor-widget-wd_tabs\" data-id=\"8a863ff\" data-element_type=\"widget\" data-e-type=\"widget\" data-widget_type=\"wd_tabs.default\">\n\t\t\t\t<div class=\"elementor-widget-container\">\n\t\t\t\t\t\t\t<div class=\"wd-tabs tabs-design-default\">\n\t\t\t<div class=\"wd-tabs-header text-left\">\n\t\t\t\t\t\t\t\t\t<div class=\"tabs-name title\">\n\t\t\t\t\t\t\n\t\t\t\t\t\t<span class=\"tabs-text\" data-elementor-setting-key=\"title\">\n\t\t\t\t\t\t\tPre\u010du pieg\u0101des un atgrie\u0161anas noteikumi\t\t\t\t\t\t<\/span>\n\t\t\t\t\t<\/div>\n\t\t\t\t\n\t\t\t\t\n\t\t\t\t<div class=\"wd-nav-wrapper wd-nav-tabs-wrapper\">\n\t\t\t\t\t<ul class=\"wd-nav wd-nav-tabs wd-icon-pos-left wd-style-underline\">\n\t\t\t\t\t\t\t\t\t\t\t\t\t\n\t\t\t\t\t\t\t<li>\n\t\t\t\t\t\t\t\t<a href=\"#\" class=\"wd-nav-link\">\n\t\t\t\t\t\t\t\t\t\n\t\t\t\t\t\t\t\t\t<span class=\"nav-link-text wd-tabs-title\">\n\t\t\t\t\t\t\t\t\t\tPieg\u0101de un atgrie\u0161ana\t\t\t\t\t\t\t\t\t<\/span>\n\t\t\t\t\t\t\t\t<\/a>\n\t\t\t\t\t\t\t<\/li>\n\n\t\t\t\t\t\t\t\t\t\t\t\t\t\n\t\t\t\t\t\t\t<li>\n\t\t\t\t\t\t\t\t<a href=\"#\" class=\"wd-nav-link\">\n\t\t\t\t\t\t\t\t\t\n\t\t\t\t\t\t\t\t\t<span class=\"nav-link-text wd-tabs-title\">\n\t\t\t\t\t\t\t\t\t\tPieg\u0101des metodes\t\t\t\t\t\t\t\t\t<\/span>\n\t\t\t\t\t\t\t\t<\/a>\n\t\t\t\t\t\t\t<\/li>\n\n\t\t\t\t\t\t\t\t\t\t\t\t\t\n\t\t\t\t\t\t\t<li>\n\t\t\t\t\t\t\t\t<a href=\"#\" class=\"wd-nav-link\">\n\t\t\t\t\t\t\t\t\t\n\t\t\t\t\t\t\t\t\t<span class=\"nav-link-text wd-tabs-title\">\n\t\t\t\t\t\t\t\t\t\tS\u016bt\u012bjumu izseko\u0161ana\t\t\t\t\t\t\t\t\t<\/span>\n\t\t\t\t\t\t\t\t<\/a>\n\t\t\t\t\t\t\t<\/li>\n\n\t\t\t\t\t\t\t\t\t\t\t\t\t\n\t\t\t\t\t\t\t<li>\n\t\t\t\t\t\t\t\t<a href=\"#\" class=\"wd-nav-link\">\n\t\t\t\t\t\t\t\t\t\n\t\t\t\t\t\t\t\t\t<span class=\"nav-link-text wd-tabs-title\">\n\t\t\t\t\t\t\t\t\t\tPre\u010du atgrie\u0161ana\t\t\t\t\t\t\t\t\t<\/span>\n\t\t\t\t\t\t\t\t<\/a>\n\t\t\t\t\t\t\t<\/li>\n\n\t\t\t\t\t\t\t\t\t\t\t<\/ul>\n\t\t\t\t<\/div>\n\t\t\t<\/div>\n\n\t\t\t<div class=\"wd-tab-content-wrapper\">\n\t\t\t\t\t\t\t\t\t\t\t\t\t\t\n\t\t\t\t\t\n\t\t\t\t\t<div class=\"wd-tab-content wd-active wd-in\">\n\t\t\t\t\t\t\t\t\t\t\t\t\t<div >\n\t\t\t\t\t\t\t\t<h2 data-start=\"309\" data-end=\"326\">\ud83d\ude9a Pieg\u0101de<\/h2><p data-start=\"328\" data-end=\"461\"><strong data-start=\"328\" data-end=\"368\">Standarta pieg\u0101de \u2013 BEZ MAKSAS<\/strong>, ja pas\u016bt\u012bjuma summa sasniedz <strong data-start=\"395\" data-end=\"415\">50\u00a0eiro vai vair\u0101k.<\/strong><br data-start=\"415\" data-end=\"418\" \/>Pas\u016bt\u012bjumiem, kuru v\u0113rt\u012bba ir maz\u0101ka par 50\u00a0eiro:<\/p><ul data-start=\"462\" data-end=\"540\"><li data-start=\"462\" data-end=\"499\"><p data-start=\"464\" data-end=\"499\">Pieg\u0101de uz <strong data-start=\"478\" data-end=\"497\">pakom\u0101ts \u2013 4 <\/strong><\/p><\/li><li data-start=\"500\" data-end=\"540\"><p data-start=\"502\" data-end=\"540\">Pieg\u0101de <strong data-start=\"514\" data-end=\"540\">ar kurjeru uz m\u0101j\u0101m \u2013 5\u00a0eiro<\/strong><\/p><\/li><\/ul><h2 data-start=\"547\" data-end=\"563\">\ud83d\udd04 Atmaksa<\/h2><p data-start=\"565\" data-end=\"719\">Ja j\u016bsu pas\u016bt\u012bjuma v\u0113rt\u012bba bija maz\u0101ka par 50\u00a0eiro un j\u016bs bij\u0101t apmaks\u0101jis pieg\u0101di,<br data-start=\"644\" data-end=\"647\" \/><strong data-start=\"647\" data-end=\"684\">pieg\u0101des maksa tiks atmaks\u0101ta<\/strong>, ja <strong data-start=\"690\" data-end=\"719\">j\u016bs atmaks\u0101siet visu pas\u016bt\u012bjuma summu.<\/strong><\/p><h2 data-start=\"726\" data-end=\"748\">\u23f0 Pieg\u0101des laiks<\/h2><p data-start=\"750\" data-end=\"863\">Pre\u010du pieg\u0101de parasti aiz\u0146em <strong data-start=\"786\" data-end=\"813\">no 3 l\u012bdz 7 darba dien\u0101m<\/strong>,<br data-start=\"814\" data-end=\"817\" \/>iz\u0146\u0113muma gad\u012bjumos \u2013 l\u012bdz <strong data-start=\"844\" data-end=\"863\">10 darba dienas.<\/strong><\/p>\t\t\t\t\t\t\t<\/div>\n\t\t\t\t\t\t\t\t\t\t\t<\/div>\n\n\t\t\t\t\t\t\t\t\t\t\t\t\t\t\n\t\t\t\t\t\n\t\t\t\t\t<div class=\"wd-tab-content\">\n\t\t\t\t\t\t\t\t\t\t\t\t\t<div >\n\t\t\t\t\t\t\t\t<h2 data-start=\"318\" data-end=\"335\">\ud83d\ude9a Pieg\u0101de<\/h2><p data-start=\"293\" data-end=\"445\">Veicot pas\u016bt\u012bjumu, varat izv\u0113l\u0113ties, vai preces tiks pieg\u0101d\u0101tas <strong data-start=\"359\" data-end=\"383\">tie\u0161i uz j\u016bsu m\u0101j\u0101m<\/strong>, vai uz <strong data-start=\"390\" data-end=\"415\">tuv\u0101kais pakom\u0101ts<\/strong> \u2014 k\u0101 jums \u0113rt\u0101k.<\/p><p><span style=\"font-size: 14px;\">Ja v\u0113laties sa\u0146emt <\/span><strong style=\"font-size: 14px;\" data-start=\"470\" data-end=\"493\">s\u016bt\u012bjuma izseko\u0161anas kods<\/strong><span style=\"font-size: 14px;\">, tikai <\/span><strong style=\"font-size: 14px;\" data-start=\"503\" data-end=\"532\">rakstiet mums pa e-pastu<\/strong><span style=\"font-size: 14px;\"> \u2013 m\u0113s to labpr\u0101t jums nos\u016bt\u012bsim. (Pieg\u0101des kodi netiek autom\u0101tiski nos\u016bt\u012bti.)<\/span><\/p><p><span style=\"font-size: 14px;\">Par mums <\/span><strong style=\"font-size: 14px;\" data-start=\"609\" data-end=\"637\">paredzamais pieg\u0101des datums<\/strong><span style=\"font-size: 14px;\"> M\u0113s j\u016bs inform\u0113sim pas\u016bt\u012bjuma p\u0113d\u0113j\u0101 posm\u0101 un pa e-pastu.<\/span><\/p><p data-start=\"604\" data-end=\"795\">Pieg\u0101des datums var nedaudz at\u0161\u0137irties atkar\u012bb\u0101 no izv\u0113l\u0113taj\u0101m prec\u0113m vai pieg\u0101des metodes.<\/p><p><span style=\"font-size: 14px;\">Prec\u012bz\u0101ku pieg\u0101des datuma apr\u0113\u0137inu atrad\u012bsiet e-past\u0101, ko nos\u016bt\u012bsim, kad j\u016bsu pas\u016bt\u012bjums b\u016bs nos\u016bt\u012bts.<\/span><\/p><p data-start=\"797\" data-end=\"1011\">Ja v\u0113laties <strong data-start=\"923\" data-end=\"961\">main\u012bt pieg\u0101des datumu vai adresi<\/strong>, l\u016bdzu, sazinieties <strong data-start=\"982\" data-end=\"1008\">tie\u0161i ar kurjeru<\/strong>.<\/p><h3 data-start=\"1105\" data-end=\"1128\">\ud83d\udc8c Pieg\u0101des izmaksas<\/h3><ul data-start=\"1130\" data-end=\"1314\"><li data-start=\"1130\" data-end=\"1226\"><p data-start=\"1132\" data-end=\"1226\"><strong data-start=\"1132\" data-end=\"1172\">Standarta pieg\u0101de \u2013 BEZ MAKSAS<\/strong>, ja j\u016bsu pas\u016bt\u012bjuma summa sasniedz <strong data-start=\"1204\" data-end=\"1223\">50\u00a0eiro vai vair\u0101k<\/strong>.<\/p><\/li><li data-start=\"1227\" data-end=\"1314\"><p data-start=\"1229\" data-end=\"1314\">Pas\u016bt\u012bjumiem, kuru v\u0113rt\u012bba <strong data-start=\"1253\" data-end=\"1273\">maz\u0101k nek\u0101 50\u00a0eiro<\/strong>, attiecas <strong data-start=\"1284\" data-end=\"1311\"> 4<\/strong><span style=\"font-family: Roboto, Arial, Helvetica, sans-serif; font-size: 14px; font-style: normal; font-variant-ligatures: normal; font-variant-caps: normal; font-weight: 600;\">\u20ac<\/span><strong style=\"font-size: 14px;\" data-start=\"1284\" data-end=\"1311\"> Pieg\u0101des maksa ar pakom\u0101tu vai 6<\/strong><span style=\"font-family: Roboto, Arial, Helvetica, sans-serif; font-size: 14px; font-style: normal; font-variant-ligatures: normal; font-variant-caps: normal; font-weight: 600;\">\u20ac kurjera pieg\u0101des maksa<\/span><\/p><\/li><\/ul>\t\t\t\t\t\t\t<\/div>\n\t\t\t\t\t\t\t\t\t\t\t<\/div>\n\n\t\t\t\t\t\t\t\t\t\t\t\t\t\t\n\t\t\t\t\t\n\t\t\t\t\t<div class=\"wd-tab-content\">\n\t\t\t\t\t\t\t\t\t\t\t\t\t<div >\n\t\t\t\t\t\t\t\t<h2 data-start=\"345\" data-end=\"393\">\ud83d\udce6 Pas\u016bt\u012bjuma izseko\u0161anas un pieg\u0101des inform\u0101cija<\/h2><p><span style=\"font-size: 14px;\">Par mums <\/span><strong style=\"font-size: 14px;\" data-start=\"400\" data-end=\"428\">paredzamais pieg\u0101des datums<\/strong><span style=\"font-size: 14px;\"> M\u0113s j\u016bs inform\u0113sim pas\u016bt\u012bjuma p\u0113d\u0113j\u0101 posm\u0101 un pa e-pastu.<br><\/span><span style=\"font-size: 14px;\">Pieg\u0101des datums var nedaudz at\u0161\u0137irties atkar\u012bb\u0101 no izv\u0113l\u0113taj\u0101m prec\u0113m vai pieg\u0101des metodes.<br><\/span><span style=\"font-size: 14px;\">Prec\u012bz\u0101ku pieg\u0101des datuma apr\u0113\u0137inu atrad\u012bsiet e-past\u0101, ko nos\u016bt\u012bsim, tikl\u012bdz j\u016bsu pas\u016bt\u012bjums b\u016bs nos\u016bt\u012bts.<br><\/span><span style=\"font-size: 14px;\" data-start=\"698\" data-end=\"748\"><br><b>Paredzamais pas\u016bt\u012bjuma pieg\u0101des laiks<\/b><\/span><span style=\"font-size: 14px;\"> nor\u0101d\u012bts pieg\u0101des apstiprin\u0101juma e-past\u0101, kas nos\u016bt\u012bts uz j\u016bsu e-pasta adresi.<br><\/span><span style=\"font-size: 14px;\">Ja v\u0113laties uzzin\u0101t, kur pa\u0161laik atrodas j\u016bsu s\u016bt\u012bjums, l\u016bdzu, uzgaidiet v\u0113stul\u0113 nor\u0101d\u012bto laiku vai sazinieties ar mums pa e-pastu, un m\u0113s sniegsim vair\u0101k inform\u0101cijas.<\/span><\/p><p><span style=\"font-size: 14px;\">L\u016bdzu, \u0146emiet v\u0113r\u0101, ka s\u016bt\u012bjums var tikt pieg\u0101d\u0101ts uz <\/span><strong data-start=\"1111\" data-end=\"1146\" style=\"font-size: 14px;\">pakom\u0101ts vai sa\u0146em\u0161anas punkts<\/strong><span style=\"font-size: 14px;\"> p\u0113c pirm\u0101 neveiksm\u012bg\u0101 pieg\u0101des m\u0113\u0123in\u0101juma. Tas var notikt bez iepriek\u0161\u0113ja br\u012bdin\u0101juma, ta\u010du j\u016bs vienm\u0113r var\u0113siet izsekot savu s\u016bt\u012bjumu, izmantojot sa\u0146emto izseko\u0161anas numuru. <\/span><strong data-start=\"1297\" data-end=\"1315\" style=\"font-size: 14px;\">izseko\u0161anas saite<\/strong><span style=\"font-size: 14px;\">, ko m\u0113s nos\u016bt\u0101m, tikl\u012bdz pas\u016bt\u012bjums atst\u0101j m\u016bsu noliktavu.<\/span><\/p>\t\t\t\t\t\t\t<\/div>\n\t\t\t\t\t\t\t\t\t\t\t<\/div>\n\n\t\t\t\t\t\t\t\t\t\t\t\t\t\t\n\t\t\t\t\t\n\t\t\t\t\t<div class=\"wd-tab-content\">\n\t\t\t\t\t\t\t\t\t\t\t\t\t<div >\n\t\t\t\t\t\t\t\t<h2 data-start=\"309\" data-end=\"326\">\ud83d\udd04 Pre\u010du atgrie\u0161ana<\/h2><p data-start=\"328\" data-end=\"461\">Ja prece Jums neder, varat to atgriezt noteikt\u0101 laik\u0101 <strong data-start=\"276\" data-end=\"312\">14 kalend\u0101r\u0101s dienas no sa\u0146em\u0161anas br\u012b\u017ea<\/strong>. Pirc\u0113js sedz atgrie\u0161anas izmaksas, iz\u0146emot gad\u012bjumus, kad prece tika lietota un bija kvalitat\u012bva \u2013 t\u0101d\u0101 gad\u012bjum\u0101 atgrie\u0161anas izmaksas sedz p\u0101rdev\u0113js, un atmaks\u0101t\u0101 summa ir <strong data-start=\"469\" data-end=\"498\">50 % jauna priek\u0161meta v\u0113rt\u012bba<\/strong>.<\/p><h2 data-start=\"547\" data-end=\"563\">\ud83e\uddfe <strong data-start=\"506\" data-end=\"543\">Preces tiek pie\u0146emtas atgrie\u0161anai, ja:\u00a0<\/strong><\/h2><ul><li data-start=\"546\" data-end=\"571\"><p data-start=\"548\" data-end=\"571\">preces ir boj\u0101tas;<\/p><\/li><li data-start=\"572\" data-end=\"617\"><p data-start=\"574\" data-end=\"617\">preces tika pieg\u0101d\u0101tas nepiln\u012bgas;<\/p><\/li><li data-start=\"618\" data-end=\"658\"><p data-start=\"620\" data-end=\"658\">prece neatbilst sludin\u0101juma aprakstam;<\/p><\/li><li data-start=\"659\" data-end=\"713\"><p data-start=\"661\" data-end=\"713\">j\u016bs sa\u0146\u0113m\u0101t nepareizu produktu vai produktu, kuru gaid\u012bj\u0101t;<\/p><\/li><li data-start=\"714\" data-end=\"788\"><p data-start=\"716\" data-end=\"788\">Prece nav lietota, ori\u0123in\u0101laj\u0101 iepakojum\u0101, nesalikta un neatv\u0113rta.\u00a0<\/p><\/li><\/ul><p data-start=\"565\" data-end=\"719\">Ja j\u016bsu pas\u016bt\u012bjuma v\u0113rt\u012bba bija maz\u0101ka par 50\u00a0eiro un j\u016bs bij\u0101t apmaks\u0101jis pieg\u0101di,<br data-start=\"644\" data-end=\"647\" \/><strong data-start=\"647\" data-end=\"684\">pieg\u0101des maksa tiks atmaks\u0101ta<\/strong>, ja <strong data-start=\"690\" data-end=\"719\">j\u016bs atmaks\u0101siet visu pas\u016bt\u012bjuma summu.<\/strong><\/p><h2 data-start=\"726\" data-end=\"748\">\u2696\ufe0f <strong data-start=\"793\" data-end=\"831\">Atgriezt preci, kad t\u0101 ir lietota<\/strong><\/h2><p data-start=\"790\" data-end=\"978\">Ja prece ir lietota, bet ir kvalitat\u012bva, un pirc\u0113js to joproj\u0101m v\u0113las atgriezt 14 dienu laik\u0101 p\u0113c sa\u0146em\u0161anas, atgrie\u0161ana tiek pie\u0146emta. \u0160aj\u0101 gad\u012bjum\u0101:<\/p><ul data-start=\"979\" data-end=\"1073\"><li data-start=\"979\" data-end=\"1018\"><p data-start=\"981\" data-end=\"1018\">P\u0101rdev\u0113js sedz atgrie\u0161anas izmaksas;<\/p><\/li><li data-start=\"1019\" data-end=\"1073\"><p data-start=\"1021\" data-end=\"1073\">Atmaksas summa ir 50 % no \u0161\u0101du pre\u010du jaun\u0101s v\u0113rt\u012bbas.\u00a0<\/p><\/li><\/ul><h2 data-start=\"726\" data-end=\"748\">\ud83d\udce6 <strong data-start=\"1078\" data-end=\"1098\">Atgrie\u0161anas proced\u016bra\u00a0<\/strong><\/h2><ul><li data-start=\"1101\" data-end=\"1205\"><p data-start=\"1104\" data-end=\"1205\">Pirms preces atgrie\u0161anas klientam ir j\u0101sazin\u0101s ar p\u0101rdev\u0113ju un j\u0101aizpilda sniegt\u0101 atgrie\u0161anas veidlapa.<\/p><\/li><li data-start=\"1206\" data-end=\"1269\"><p data-start=\"1209\" data-end=\"1269\">Precei j\u0101b\u016bt atgrieztai ori\u0123in\u0101laj\u0101 iepakojum\u0101 un nelietotai.<\/p><\/li><li data-start=\"1270\" data-end=\"1453\"><p data-start=\"1273\" data-end=\"1297\">Preci var atgriezt:<\/p><ul data-start=\"1301\" data-end=\"1453\"><li data-start=\"1301\" data-end=\"1387\"><p data-start=\"1303\" data-end=\"1387\">Uz\u0146\u0113muma re\u0123istr\u0101cijas adrese: <strong data-start=\"1332\" data-end=\"1385\">J. Beards\u00a0\u2014 Bradausko\u00a0st.\u00a018A-1, Kau\u0146a, LT-47222<\/strong><\/p><\/li><li data-start=\"1391\" data-end=\"1453\"><p data-start=\"1393\" data-end=\"1453\">Vai uz izv\u0113l\u0113to pakom\u0101tu: <strong data-start=\"1422\" data-end=\"1451\">Lubinu iela (\u0160ilas), Kau\u0146a<\/strong><\/p><\/li><\/ul><\/li><\/ul><h2 data-start=\"726\" data-end=\"748\"><strong data-start=\"1078\" data-end=\"1098\">\u2696\ufe0f Juridisk\u0101 inform\u0101cija <\/strong><\/h2><p data-start=\"1455\" data-end=\"1646\">Kidsplay.lt atgrie\u0161anas politika atbilst Lietuvas Republikas Civilkodeks\u0101 noteiktajiem distances l\u012bgumu noteikumiem. <strong data-start=\"1612\" data-end=\"1643\">6.228.\u20136.228.\u00b9\u00b9 pantos<\/strong>.<\/p><p data-start=\"1648\" data-end=\"1692\">Saska\u0146\u0101 ar <strong data-start=\"1654\" data-end=\"1689\">Lietuvas Republikas Krimin\u0101lkodeksa 6.228\u00b9\u2070 panta 1. da\u013ca<\/strong>:<\/p><blockquote data-start=\"1693\" data-end=\"1977\"><p data-start=\"1695\" data-end=\"1977\">\u201e&quot;Pat\u0113r\u0113t\u0101jam ir ties\u012bbas, nenor\u0101dot iemeslu un neradot nek\u0101das citas izmaksas, iz\u0146emot t\u0101s, kas paredz\u0113tas \u0161\u012b kodeksa 6.228\u00b9\u00b9 pant\u0101, atteikties no distances l\u012bguma vai \u0101rpus uz\u0146\u0113muma telp\u0101m nosl\u0113gta l\u012bguma \u010detrpadsmit dienu laik\u0101, iz\u0146emot \u0161\u012b panta 2. punkt\u0101 paredz\u0113tos iz\u0146\u0113mumus.&quot;\u201c<\/p><\/blockquote>\t\t\t\t\t\t\t<\/div>\n\t\t\t\t\t\t\t\t\t\t\t<\/div>\n\n\t\t\t\t\t\t\t<\/div>\n\t\t<\/div>\n\t\t\t\t\t\t<\/div>\n\t\t\t\t<\/div>\n\t\t\t\t\t<\/div>\n\t\t<\/div>\n\t\t\t\t\t<\/div>\n\t\t<\/section>\n\t\t\t\t<\/div>","protected":false},"excerpt":{"rendered":"<p>Preki\u0173 pristatymo ir gr\u0105\u017einimo s\u0105lygos Pristatymas ir gr\u0105\u017einimas Pristatymo b\u016bdai Siuntos sekimas Preki\u0173 gr\u0105\u017einimas \ud83d\ude9a Pristatymas Standartinis pristatymas \u2013 NEMOKAMAS,<\/p>","protected":false},"author":1,"featured_media":0,"parent":0,"menu_order":0,"comment_status":"closed","ping_status":"closed","template":"","meta":{"_acf_changed":false,"_glsr_average":0,"_glsr_ranking":0,"_glsr_reviews":0,"footnotes":""},"class_list":["post-26235","page","type-page","status-publish","hentry","\"style=\"background-color: #e74c3c52;\""],"acf":[],"yoast_head":"<!-- This site is optimized with the Yoast SEO plugin v27.4 - https:\/\/yoast.com\/product\/yoast-seo-wordpress\/ -->\n<title>Pristatymo ir gr\u0105\u017einimo s\u0105lygos - KidsPlay<\/title>\n<meta name=\"robots\" content=\"index, follow, max-snippet:-1, max-image-preview:large, max-video-preview:-1\" \/>\n<link rel=\"canonical\" href=\"https:\/\/kidsplay.lt\/lv\/pristatymo-ir-grazinimo-salygos\/\" \/>\n<meta property=\"og:locale\" content=\"lv_LV\" \/>\n<meta property=\"og:type\" content=\"article\" \/>\n<meta property=\"og:title\" content=\"Pristatymo ir gr\u0105\u017einimo s\u0105lygos - KidsPlay\" \/>\n<meta property=\"og:description\" content=\"Preki\u0173 pristatymo ir gr\u0105\u017einimo s\u0105lygos Pristatymas ir gr\u0105\u017einimas Pristatymo b\u016bdai Siuntos sekimas Preki\u0173 gr\u0105\u017einimas \ud83d\ude9a Pristatymas Standartinis pristatymas \u2013 NEMOKAMAS,\" \/>\n<meta property=\"og:url\" content=\"https:\/\/kidsplay.lt\/lv\/pristatymo-ir-grazinimo-salygos\/\" \/>\n<meta property=\"og:site_name\" content=\"KidsPlay\" \/>\n<meta property=\"article:publisher\" content=\"https:\/\/www.facebook.com\/www.kidsplay.lt\" \/>\n<meta property=\"article:modified_time\" content=\"2025-12-30T06:39:26+00:00\" \/>\n<meta property=\"og:image\" content=\"https:\/\/kidsplay.lt\/wp-content\/uploads\/2023\/07\/kidsplay-logo-1-1.png\" \/>\n\t<meta property=\"og:image:width\" content=\"567\" \/>\n\t<meta property=\"og:image:height\" content=\"158\" \/>\n\t<meta property=\"og:image:type\" content=\"image\/png\" \/>\n<meta name=\"twitter:card\" content=\"summary_large_image\" \/>\n<meta name=\"twitter:label1\" content=\"Est. reading time\" \/>\n\t<meta name=\"twitter:data1\" content=\"3 min\u016btes\" \/>\n<script type=\"application\/ld+json\" class=\"yoast-schema-graph\">{\"@context\":\"https:\\\/\\\/schema.org\",\"@graph\":[{\"@type\":\"WebPage\",\"@id\":\"https:\\\/\\\/kidsplay.lt\\\/pristatymo-ir-grazinimo-salygos\\\/\",\"url\":\"https:\\\/\\\/kidsplay.lt\\\/pristatymo-ir-grazinimo-salygos\\\/\",\"name\":\"Pristatymo ir gr\u0105\u017einimo s\u0105lygos - KidsPlay\",\"isPartOf\":{\"@id\":\"https:\\\/\\\/kidsplay.lt\\\/#website\"},\"datePublished\":\"2023-07-19T17:24:07+00:00\",\"dateModified\":\"2025-12-30T06:39:26+00:00\",\"breadcrumb\":{\"@id\":\"https:\\\/\\\/kidsplay.lt\\\/pristatymo-ir-grazinimo-salygos\\\/#breadcrumb\"},\"inLanguage\":\"lv-LV\",\"potentialAction\":[{\"@type\":\"ReadAction\",\"target\":[\"https:\\\/\\\/kidsplay.lt\\\/pristatymo-ir-grazinimo-salygos\\\/\"]}]},{\"@type\":\"BreadcrumbList\",\"@id\":\"https:\\\/\\\/kidsplay.lt\\\/pristatymo-ir-grazinimo-salygos\\\/#breadcrumb\",\"itemListElement\":[{\"@type\":\"ListItem\",\"position\":1,\"name\":\"Pagrindinis\",\"item\":\"https:\\\/\\\/kidsplay.lt\\\/\"},{\"@type\":\"ListItem\",\"position\":2,\"name\":\"Pristatymo ir gr\u0105\u017einimo s\u0105lygos\"}]},{\"@type\":\"WebSite\",\"@id\":\"https:\\\/\\\/kidsplay.lt\\\/#website\",\"url\":\"https:\\\/\\\/kidsplay.lt\\\/\",\"name\":\"Kidsplay.lt\",\"description\":\"\u012evairios prek\u0117s vaikams\",\"publisher\":{\"@id\":\"https:\\\/\\\/kidsplay.lt\\\/#organization\"},\"alternateName\":\"Kidsplay\",\"potentialAction\":[{\"@type\":\"SearchAction\",\"target\":{\"@type\":\"EntryPoint\",\"urlTemplate\":\"https:\\\/\\\/kidsplay.lt\\\/?s={search_term_string}\"},\"query-input\":{\"@type\":\"PropertyValueSpecification\",\"valueRequired\":true,\"valueName\":\"search_term_string\"}}],\"inLanguage\":\"lv-LV\"},{\"@type\":\"Organization\",\"@id\":\"https:\\\/\\\/kidsplay.lt\\\/#organization\",\"name\":\"KidsPlay\",\"url\":\"https:\\\/\\\/kidsplay.lt\\\/\",\"logo\":{\"@type\":\"ImageObject\",\"inLanguage\":\"lv-LV\",\"@id\":\"https:\\\/\\\/kidsplay.lt\\\/#\\\/schema\\\/logo\\\/image\\\/\",\"url\":\"https:\\\/\\\/kidsplay.lt\\\/wp-content\\\/uploads\\\/2023\\\/07\\\/kidsplay-logo.png\",\"contentUrl\":\"https:\\\/\\\/kidsplay.lt\\\/wp-content\\\/uploads\\\/2023\\\/07\\\/kidsplay-logo.png\",\"width\":451,\"height\":98,\"caption\":\"KidsPlay\"},\"image\":{\"@id\":\"https:\\\/\\\/kidsplay.lt\\\/#\\\/schema\\\/logo\\\/image\\\/\"},\"sameAs\":[\"https:\\\/\\\/www.facebook.com\\\/www.kidsplay.lt\"]}]}<\/script>\n<!-- \/ Yoast SEO plugin. -->","yoast_head_json":{"title":"Pristatymo ir gr\u0105\u017einimo s\u0105lygos - KidsPlay","robots":{"index":"index","follow":"follow","max-snippet":"max-snippet:-1","max-image-preview":"max-image-preview:large","max-video-preview":"max-video-preview:-1"},"canonical":"https:\/\/kidsplay.lt\/lv\/pristatymo-ir-grazinimo-salygos\/","og_locale":"lv_LV","og_type":"article","og_title":"Pristatymo ir gr\u0105\u017einimo s\u0105lygos - KidsPlay","og_description":"Preki\u0173 pristatymo ir gr\u0105\u017einimo s\u0105lygos Pristatymas ir gr\u0105\u017einimas Pristatymo b\u016bdai Siuntos sekimas Preki\u0173 gr\u0105\u017einimas \ud83d\ude9a Pristatymas Standartinis pristatymas \u2013 NEMOKAMAS,","og_url":"https:\/\/kidsplay.lt\/lv\/pristatymo-ir-grazinimo-salygos\/","og_site_name":"KidsPlay","article_publisher":"https:\/\/www.facebook.com\/www.kidsplay.lt","article_modified_time":"2025-12-30T06:39:26+00:00","og_image":[{"width":567,"height":158,"url":"https:\/\/kidsplay.lt\/wp-content\/uploads\/2023\/07\/kidsplay-logo-1-1.png","type":"image\/png"}],"twitter_card":"summary_large_image","twitter_misc":{"Est. reading time":"3 min\u016btes"},"schema":{"@context":"https:\/\/schema.org","@graph":[{"@type":"WebPage","@id":"https:\/\/kidsplay.lt\/pristatymo-ir-grazinimo-salygos\/","url":"https:\/\/kidsplay.lt\/pristatymo-ir-grazinimo-salygos\/","name":"Pristatymo ir gr\u0105\u017einimo s\u0105lygos - KidsPlay","isPartOf":{"@id":"https:\/\/kidsplay.lt\/#website"},"datePublished":"2023-07-19T17:24:07+00:00","dateModified":"2025-12-30T06:39:26+00:00","breadcrumb":{"@id":"https:\/\/kidsplay.lt\/pristatymo-ir-grazinimo-salygos\/#breadcrumb"},"inLanguage":"lv-LV","potentialAction":[{"@type":"ReadAction","target":["https:\/\/kidsplay.lt\/pristatymo-ir-grazinimo-salygos\/"]}]},{"@type":"BreadcrumbList","@id":"https:\/\/kidsplay.lt\/pristatymo-ir-grazinimo-salygos\/#breadcrumb","itemListElement":[{"@type":"ListItem","position":1,"name":"Pagrindinis","item":"https:\/\/kidsplay.lt\/"},{"@type":"ListItem","position":2,"name":"Pristatymo ir gr\u0105\u017einimo s\u0105lygos"}]},{"@type":"WebSite","@id":"https:\/\/kidsplay.lt\/#website","url":"https:\/\/kidsplay.lt\/","name":"B\u0113rnu sp\u0113les.lv","description":"\u012evairios prek\u0117s vaikams","publisher":{"@id":"https:\/\/kidsplay.lt\/#organization"},"alternateName":"Kidsplay","potentialAction":[{"@type":"SearchAction","target":{"@type":"EntryPoint","urlTemplate":"https:\/\/kidsplay.lt\/?s={search_term_string}"},"query-input":{"@type":"PropertyValueSpecification","valueRequired":true,"valueName":"search_term_string"}}],"inLanguage":"lv-LV"},{"@type":"Organization","@id":"https:\/\/kidsplay.lt\/#organization","name":"B\u0113rnu sp\u0113le","url":"https:\/\/kidsplay.lt\/","logo":{"@type":"ImageObject","inLanguage":"lv-LV","@id":"https:\/\/kidsplay.lt\/#\/schema\/logo\/image\/","url":"https:\/\/kidsplay.lt\/wp-content\/uploads\/2023\/07\/kidsplay-logo.png","contentUrl":"https:\/\/kidsplay.lt\/wp-content\/uploads\/2023\/07\/kidsplay-logo.png","width":451,"height":98,"caption":"KidsPlay"},"image":{"@id":"https:\/\/kidsplay.lt\/#\/schema\/logo\/image\/"},"sameAs":["https:\/\/www.facebook.com\/www.kidsplay.lt"]}]}},"_links":{"self":[{"href":"https:\/\/kidsplay.lt\/lv\/wp-json\/wp\/v2\/pages\/26235","targetHints":{"allow":["GET"]}}],"collection":[{"href":"https:\/\/kidsplay.lt\/lv\/wp-json\/wp\/v2\/pages"}],"about":[{"href":"https:\/\/kidsplay.lt\/lv\/wp-json\/wp\/v2\/types\/page"}],"author":[{"embeddable":true,"href":"https:\/\/kidsplay.lt\/lv\/wp-json\/wp\/v2\/users\/1"}],"replies":[{"embeddable":true,"href":"https:\/\/kidsplay.lt\/lv\/wp-json\/wp\/v2\/comments?post=26235"}],"version-history":[{"count":12,"href":"https:\/\/kidsplay.lt\/lv\/wp-json\/wp\/v2\/pages\/26235\/revisions"}],"predecessor-version":[{"id":82720,"href":"https:\/\/kidsplay.lt\/lv\/wp-json\/wp\/v2\/pages\/26235\/revisions\/82720"}],"wp:attachment":[{"href":"https:\/\/kidsplay.lt\/lv\/wp-json\/wp\/v2\/media?parent=26235"}],"curies":[{"name":"wp","href":"https:\/\/api.w.org\/{rel}","templated":true}]}}