{"id":100227,"date":"2026-04-04T10:30:17","date_gmt":"2026-04-04T07:30:17","guid":{"rendered":"https:\/\/kidsplay.lt\/produktas\/delione-30-detaliu-aktyvi-diena\/"},"modified":"2026-04-10T08:53:44","modified_gmt":"2026-04-10T05:53:44","slug":"delione-30-detaliu-aktyvi-diena","status":"publish","type":"product","link":"https:\/\/kidsplay.lt\/lv\/products\/delione-30-detaliu-aktyvi-diena\/","title":{"rendered":"Puzle \u2013 30 gabali \u2013 Akt\u012bva diena"},"content":{"rendered":"<p>\u201eActive Day\u201c \u2013 tai 30 dali\u0173 d\u0117lion\u0117, skirta visiems animacinio serialo Treflik Family gerb\u0117jams. Sud\u0117jus visas detales, susiformuoja spalvingas ir jaukus paveiksl\u0117lis, kurio dydis 270 \u00d7 200 mm \u2013 puikus formatas ma\u017eiesiems d\u0117lioni\u0173 m\u0117g\u0117jams.<\/p>\n<p>D\u0117lion\u0117 pagaminta i\u0161 auk\u0161tos kokyb\u0117s med\u017eiag\u0173, naudojant special\u0173 kalandruot\u0105 popieri\u0173, kuris \u0161velniai atspindi \u0161vies\u0105 ir palengvina detali\u0173 derinim\u0105. Tvirtas kartonas u\u017etikrina ilgaam\u017ei\u0161kum\u0105, o glotnios briaunos leid\u017eia vaikams \u017eaisti saugiai ir patogiai.<\/p>\n<p>Produktas pagamintas Lenkijoje, naudojant aplinkai draugi\u0161kas med\u017eiagas, tod\u0117l tai puikus pasirinkimas t\u0117vams, vertinantiems kokyb\u0119 ir atsaking\u0105 gamyb\u0105.<\/p>\n<p>\u0160i d\u0117lion\u0117 lavina koncentracij\u0105, login\u012f m\u0105stym\u0105, rank\u0173\u2013aki\u0173 koordinacij\u0105 ir suteikia daug d\u017eiaugsmo vaikams, m\u0117gstantiems Treflik\u0173 pasaul\u012f.<\/p>\n<p>Rinkinyje yra: \u2013 30 dali\u0173 d\u0117lion\u0117 \u201eActive Day \u2013 Treflik Family\u201c<\/p>","protected":false},"excerpt":{"rendered":"<p>\u201eActive Day\u201c \u2013 tai 30 dali\u0173 d\u0117lion\u0117, skirta visiems animacinio serialo Treflik Family gerb\u0117jams. Sud\u0117jus visas detales, susiformuoja spalvingas ir<\/p>","protected":false},"featured_media":100229,"template":"","meta":{"_acf_changed":false,"_glsr_average":0,"_glsr_ranking":0,"_glsr_reviews":0},"product_brand":[],"product_cat":[868,229],"product_tag":[],"class_list":{"0":"post-100227","1":"product","2":"type-product","3":"status-publish","4":"has-post-thumbnail","6":"product_cat-deliones","7":"product_cat-zaislai-vaikams","8":"\"style=\"background-color: #2ecc711c;\"","10":"first","11":"instock","12":"purchasable","13":"product-type-simple"},"acf":[],"yoast_head":"<!-- This site is optimized with the Yoast SEO plugin v27.3 - https:\/\/yoast.com\/product\/yoast-seo-wordpress\/ -->\n<title>D\u0117lion\u0117 \u2013 30 detali\u0173 \u2013 Aktyvi diena<\/title>\n<meta name=\"description\" content=\"D\u0117lion\u0117 \u2013 30 detali\u0173 \u2013 Aktyvi diena - KidsPlay. Did\u017eiausias vaik\u0173 \u017eaisl\u0173 pasirinkimas.\" \/>\n<meta name=\"robots\" content=\"index, follow, max-snippet:-1, max-image-preview:large, max-video-preview:-1\" \/>\n<link rel=\"canonical\" href=\"https:\/\/kidsplay.lt\/lv\/products\/delione-30-detaliu-aktyvi-diena\/\" \/>\n<meta property=\"og:locale\" content=\"lv_LV\" \/>\n<meta property=\"og:type\" content=\"article\" \/>\n<meta property=\"og:title\" content=\"D\u0117lion\u0117 \u2013 30 detali\u0173 \u2013 Aktyvi diena\" \/>\n<meta property=\"og:description\" content=\"D\u0117lion\u0117 \u2013 30 detali\u0173 \u2013 Aktyvi diena - KidsPlay. Did\u017eiausias vaik\u0173 \u017eaisl\u0173 pasirinkimas.\" \/>\n<meta property=\"og:url\" content=\"https:\/\/kidsplay.lt\/lv\/products\/delione-30-detaliu-aktyvi-diena\/\" \/>\n<meta property=\"og:site_name\" content=\"KidsPlay\" \/>\n<meta property=\"article:publisher\" content=\"https:\/\/www.facebook.com\/www.kidsplay.lt\" \/>\n<meta property=\"article:modified_time\" content=\"2026-04-10T05:53:44+00:00\" \/>\n<meta property=\"og:image\" content=\"https:\/\/kidsplay.lt\/wp-content\/uploads\/2026\/04\/Delione-\u2013-30-detaliu-\u2013-Aktyvi-diena.jpg\" \/>\n\t<meta property=\"og:image:width\" content=\"1000\" \/>\n\t<meta property=\"og:image:height\" content=\"1000\" \/>\n\t<meta property=\"og:image:type\" content=\"image\/jpeg\" \/>\n<meta name=\"twitter:card\" content=\"summary_large_image\" \/>\n<meta name=\"twitter:label1\" content=\"Est. reading time\" \/>\n\t<meta name=\"twitter:data1\" content=\"1 min\u016bte\" \/>\n<script type=\"application\/ld+json\" class=\"yoast-schema-graph\">{\"@context\":\"https:\\\/\\\/schema.org\",\"@graph\":[{\"@type\":\"WebPage\",\"@id\":\"https:\\\/\\\/kidsplay.lt\\\/produktas\\\/delione-30-detaliu-aktyvi-diena\\\/\",\"url\":\"https:\\\/\\\/kidsplay.lt\\\/produktas\\\/delione-30-detaliu-aktyvi-diena\\\/\",\"name\":\"D\u0117lion\u0117 \u2013 30 detali\u0173 \u2013 Aktyvi diena\",\"isPartOf\":{\"@id\":\"https:\\\/\\\/kidsplay.lt\\\/#website\"},\"primaryImageOfPage\":{\"@id\":\"https:\\\/\\\/kidsplay.lt\\\/produktas\\\/delione-30-detaliu-aktyvi-diena\\\/#primaryimage\"},\"image\":{\"@id\":\"https:\\\/\\\/kidsplay.lt\\\/produktas\\\/delione-30-detaliu-aktyvi-diena\\\/#primaryimage\"},\"thumbnailUrl\":\"https:\\\/\\\/kidsplay.lt\\\/wp-content\\\/uploads\\\/2026\\\/04\\\/Delione-\u2013-30-detaliu-\u2013-Aktyvi-diena.jpg\",\"datePublished\":\"2026-04-04T07:30:17+00:00\",\"dateModified\":\"2026-04-10T05:53:44+00:00\",\"description\":\"D\u0117lion\u0117 \u2013 30 detali\u0173 \u2013 Aktyvi diena - KidsPlay. Did\u017eiausias vaik\u0173 \u017eaisl\u0173 pasirinkimas.\",\"breadcrumb\":{\"@id\":\"https:\\\/\\\/kidsplay.lt\\\/produktas\\\/delione-30-detaliu-aktyvi-diena\\\/#breadcrumb\"},\"inLanguage\":\"lv-LV\",\"potentialAction\":[{\"@type\":\"ReadAction\",\"target\":[\"https:\\\/\\\/kidsplay.lt\\\/produktas\\\/delione-30-detaliu-aktyvi-diena\\\/\"]}]},{\"@type\":\"ImageObject\",\"inLanguage\":\"lv-LV\",\"@id\":\"https:\\\/\\\/kidsplay.lt\\\/produktas\\\/delione-30-detaliu-aktyvi-diena\\\/#primaryimage\",\"url\":\"https:\\\/\\\/kidsplay.lt\\\/wp-content\\\/uploads\\\/2026\\\/04\\\/Delione-\u2013-30-detaliu-\u2013-Aktyvi-diena.jpg\",\"contentUrl\":\"https:\\\/\\\/kidsplay.lt\\\/wp-content\\\/uploads\\\/2026\\\/04\\\/Delione-\u2013-30-detaliu-\u2013-Aktyvi-diena.jpg\",\"width\":1000,\"height\":1000,\"caption\":\"D\u0117lion\u0117 \u2013 30 detali\u0173 \u2013 Aktyvi diena\"},{\"@type\":\"BreadcrumbList\",\"@id\":\"https:\\\/\\\/kidsplay.lt\\\/produktas\\\/delione-30-detaliu-aktyvi-diena\\\/#breadcrumb\",\"itemListElement\":[{\"@type\":\"ListItem\",\"position\":1,\"name\":\"Pagrindinis\",\"item\":\"https:\\\/\\\/kidsplay.lt\\\/\"},{\"@type\":\"ListItem\",\"position\":2,\"name\":\"Parduotuv\u0117\",\"item\":\"https:\\\/\\\/kidsplay.lt\\\/parduotuve\\\/\"},{\"@type\":\"ListItem\",\"position\":3,\"name\":\"D\u0117lion\u0117 \u2013 30 detali\u0173 \u2013 Aktyvi diena\"}]},{\"@type\":\"WebSite\",\"@id\":\"https:\\\/\\\/kidsplay.lt\\\/#website\",\"url\":\"https:\\\/\\\/kidsplay.lt\\\/\",\"name\":\"Kidsplay.lt\",\"description\":\"\u012evairios prek\u0117s vaikams\",\"publisher\":{\"@id\":\"https:\\\/\\\/kidsplay.lt\\\/#organization\"},\"alternateName\":\"Kidsplay\",\"potentialAction\":[{\"@type\":\"SearchAction\",\"target\":{\"@type\":\"EntryPoint\",\"urlTemplate\":\"https:\\\/\\\/kidsplay.lt\\\/?s={search_term_string}\"},\"query-input\":{\"@type\":\"PropertyValueSpecification\",\"valueRequired\":true,\"valueName\":\"search_term_string\"}}],\"inLanguage\":\"lv-LV\"},{\"@type\":\"Organization\",\"@id\":\"https:\\\/\\\/kidsplay.lt\\\/#organization\",\"name\":\"KidsPlay\",\"url\":\"https:\\\/\\\/kidsplay.lt\\\/\",\"logo\":{\"@type\":\"ImageObject\",\"inLanguage\":\"lv-LV\",\"@id\":\"https:\\\/\\\/kidsplay.lt\\\/#\\\/schema\\\/logo\\\/image\\\/\",\"url\":\"https:\\\/\\\/kidsplay.lt\\\/wp-content\\\/uploads\\\/2023\\\/07\\\/kidsplay-logo.png\",\"contentUrl\":\"https:\\\/\\\/kidsplay.lt\\\/wp-content\\\/uploads\\\/2023\\\/07\\\/kidsplay-logo.png\",\"width\":451,\"height\":98,\"caption\":\"KidsPlay\"},\"image\":{\"@id\":\"https:\\\/\\\/kidsplay.lt\\\/#\\\/schema\\\/logo\\\/image\\\/\"},\"sameAs\":[\"https:\\\/\\\/www.facebook.com\\\/www.kidsplay.lt\"]}]}<\/script>\n<!-- \/ Yoast SEO plugin. -->","yoast_head_json":{"title":"Puzle \u2013 30 gabali \u2013 Akt\u012bva diena","description":"D\u0117lion\u0117 \u2013 30 detali\u0173 \u2013 Aktyvi diena - KidsPlay. Did\u017eiausias vaik\u0173 \u017eaisl\u0173 pasirinkimas.","robots":{"index":"index","follow":"follow","max-snippet":"max-snippet:-1","max-image-preview":"max-image-preview:large","max-video-preview":"max-video-preview:-1"},"canonical":"https:\/\/kidsplay.lt\/lv\/products\/delione-30-detaliu-aktyvi-diena\/","og_locale":"lv_LV","og_type":"article","og_title":"D\u0117lion\u0117 \u2013 30 detali\u0173 \u2013 Aktyvi diena","og_description":"D\u0117lion\u0117 \u2013 30 detali\u0173 \u2013 Aktyvi diena - KidsPlay. Did\u017eiausias vaik\u0173 \u017eaisl\u0173 pasirinkimas.","og_url":"https:\/\/kidsplay.lt\/lv\/products\/delione-30-detaliu-aktyvi-diena\/","og_site_name":"KidsPlay","article_publisher":"https:\/\/www.facebook.com\/www.kidsplay.lt","article_modified_time":"2026-04-10T05:53:44+00:00","og_image":[{"width":1000,"height":1000,"url":"https:\/\/kidsplay.lt\/wp-content\/uploads\/2026\/04\/Delione-\u2013-30-detaliu-\u2013-Aktyvi-diena.jpg","type":"image\/jpeg"}],"twitter_card":"summary_large_image","twitter_misc":{"Est. reading time":"1 min\u016bte"},"schema":{"@context":"https:\/\/schema.org","@graph":[{"@type":"WebPage","@id":"https:\/\/kidsplay.lt\/produktas\/delione-30-detaliu-aktyvi-diena\/","url":"https:\/\/kidsplay.lt\/produktas\/delione-30-detaliu-aktyvi-diena\/","name":"Puzle \u2013 30 gabali \u2013 Akt\u012bva diena","isPartOf":{"@id":"https:\/\/kidsplay.lt\/#website"},"primaryImageOfPage":{"@id":"https:\/\/kidsplay.lt\/produktas\/delione-30-detaliu-aktyvi-diena\/#primaryimage"},"image":{"@id":"https:\/\/kidsplay.lt\/produktas\/delione-30-detaliu-aktyvi-diena\/#primaryimage"},"thumbnailUrl":"https:\/\/kidsplay.lt\/wp-content\/uploads\/2026\/04\/Delione-\u2013-30-detaliu-\u2013-Aktyvi-diena.jpg","datePublished":"2026-04-04T07:30:17+00:00","dateModified":"2026-04-10T05:53:44+00:00","description":"D\u0117lion\u0117 \u2013 30 detali\u0173 \u2013 Aktyvi diena - KidsPlay. Did\u017eiausias vaik\u0173 \u017eaisl\u0173 pasirinkimas.","breadcrumb":{"@id":"https:\/\/kidsplay.lt\/produktas\/delione-30-detaliu-aktyvi-diena\/#breadcrumb"},"inLanguage":"lv-LV","potentialAction":[{"@type":"ReadAction","target":["https:\/\/kidsplay.lt\/produktas\/delione-30-detaliu-aktyvi-diena\/"]}]},{"@type":"ImageObject","inLanguage":"lv-LV","@id":"https:\/\/kidsplay.lt\/produktas\/delione-30-detaliu-aktyvi-diena\/#primaryimage","url":"https:\/\/kidsplay.lt\/wp-content\/uploads\/2026\/04\/Delione-\u2013-30-detaliu-\u2013-Aktyvi-diena.jpg","contentUrl":"https:\/\/kidsplay.lt\/wp-content\/uploads\/2026\/04\/Delione-\u2013-30-detaliu-\u2013-Aktyvi-diena.jpg","width":1000,"height":1000,"caption":"D\u0117lion\u0117 \u2013 30 detali\u0173 \u2013 Aktyvi diena"},{"@type":"BreadcrumbList","@id":"https:\/\/kidsplay.lt\/produktas\/delione-30-detaliu-aktyvi-diena\/#breadcrumb","itemListElement":[{"@type":"ListItem","position":1,"name":"Pagrindinis","item":"https:\/\/kidsplay.lt\/"},{"@type":"ListItem","position":2,"name":"Parduotuv\u0117","item":"https:\/\/kidsplay.lt\/parduotuve\/"},{"@type":"ListItem","position":3,"name":"D\u0117lion\u0117 \u2013 30 detali\u0173 \u2013 Aktyvi diena"}]},{"@type":"WebSite","@id":"https:\/\/kidsplay.lt\/#website","url":"https:\/\/kidsplay.lt\/","name":"B\u0113rnu sp\u0113les.lv","description":"\u012evairios prek\u0117s vaikams","publisher":{"@id":"https:\/\/kidsplay.lt\/#organization"},"alternateName":"Kidsplay","potentialAction":[{"@type":"SearchAction","target":{"@type":"EntryPoint","urlTemplate":"https:\/\/kidsplay.lt\/?s={search_term_string}"},"query-input":{"@type":"PropertyValueSpecification","valueRequired":true,"valueName":"search_term_string"}}],"inLanguage":"lv-LV"},{"@type":"Organization","@id":"https:\/\/kidsplay.lt\/#organization","name":"B\u0113rnu sp\u0113le","url":"https:\/\/kidsplay.lt\/","logo":{"@type":"ImageObject","inLanguage":"lv-LV","@id":"https:\/\/kidsplay.lt\/#\/schema\/logo\/image\/","url":"https:\/\/kidsplay.lt\/wp-content\/uploads\/2023\/07\/kidsplay-logo.png","contentUrl":"https:\/\/kidsplay.lt\/wp-content\/uploads\/2023\/07\/kidsplay-logo.png","width":451,"height":98,"caption":"KidsPlay"},"image":{"@id":"https:\/\/kidsplay.lt\/#\/schema\/logo\/image\/"},"sameAs":["https:\/\/www.facebook.com\/www.kidsplay.lt"]}]}},"_links":{"self":[{"href":"https:\/\/kidsplay.lt\/lv\/wp-json\/wp\/v2\/product\/100227","targetHints":{"allow":["GET"]}}],"collection":[{"href":"https:\/\/kidsplay.lt\/lv\/wp-json\/wp\/v2\/product"}],"about":[{"href":"https:\/\/kidsplay.lt\/lv\/wp-json\/wp\/v2\/types\/product"}],"version-history":[{"count":1,"href":"https:\/\/kidsplay.lt\/lv\/wp-json\/wp\/v2\/product\/100227\/revisions"}],"predecessor-version":[{"id":100228,"href":"https:\/\/kidsplay.lt\/lv\/wp-json\/wp\/v2\/product\/100227\/revisions\/100228"}],"wp:featuredmedia":[{"embeddable":true,"href":"https:\/\/kidsplay.lt\/lv\/wp-json\/wp\/v2\/media\/100229"}],"wp:attachment":[{"href":"https:\/\/kidsplay.lt\/lv\/wp-json\/wp\/v2\/media?parent=100227"}],"wp:term":[{"taxonomy":"product_brand","embeddable":true,"href":"https:\/\/kidsplay.lt\/lv\/wp-json\/wp\/v2\/product_brand?post=100227"},{"taxonomy":"product_cat","embeddable":true,"href":"https:\/\/kidsplay.lt\/lv\/wp-json\/wp\/v2\/product_cat?post=100227"},{"taxonomy":"product_tag","embeddable":true,"href":"https:\/\/kidsplay.lt\/lv\/wp-json\/wp\/v2\/product_tag?post=100227"}],"curies":[{"name":"wp","href":"https:\/\/api.w.org\/{rel}","templated":true}]}}