{"id":100255,"date":"2026-04-04T10:31:02","date_gmt":"2026-04-04T07:31:02","guid":{"rendered":"https:\/\/kidsplay.lt\/produktas\/delione-4in1-paw-patrol\/"},"modified":"2026-04-10T08:54:04","modified_gmt":"2026-04-10T05:54:04","slug":"delione-4in1-paw-patrol","status":"publish","type":"product","link":"https:\/\/kidsplay.lt\/lv\/products\/delione-4in1-paw-patrol\/","title":{"rendered":"Puzle 4in1 \u0136epu patru\u013ca"},"content":{"rendered":"<p>\u201eHoliday Paw Patrol\u201c \u2013 tai spalvingas 4in1 d\u0117lioni\u0173 rinkinys, sukurtas visiems animacinio serialo Paw Patrol gerb\u0117jams. Rinkinyje yra keturios atskiros d\u0117lion\u0117s, tod\u0117l vaikas gali pasirinkti norim\u0105 sud\u0117tingumo lyg\u012f ir m\u0117gautis vis nauju i\u0161\u0161\u016bkiu. Sud\u0117jus detales, susiformuoja keturi \u017eaismingi paveiksl\u0117liai, kuri\u0173 kiekvieno dydis yra 285 \u00d7 205 mm.<\/p>\n<p>Skirtingas detali\u0173 skai\u010dius \u2013 12, 15, 20 ir 24 \u2013 leid\u017eia \u017eaisti tiek jaunesniems, tiek \u0161iek tiek vyresniems vaikams. Tai puikus b\u016bdas lavinti koncentracij\u0105, login\u012f m\u0105stym\u0105, kantryb\u0119 ir rank\u0173\u2013aki\u0173 koordinacij\u0105.<\/p>\n<p>D\u0117lion\u0117s pagamintos Lenkijoje, naudojant ekologi\u0161kas med\u017eiagas ir auk\u0161tos kokyb\u0117s karton\u0105. Glotnios briaunos ir tvirtos detal\u0117s u\u017etikrina saug\u0173, patog\u0173 ir ilgaam\u017e\u012f \u017eaidim\u0105. Rekomenduojama vaikams nuo 4 met\u0173.<\/p>\n<p>Rinkinyje yra: \u2013 4 atskiros d\u0117lion\u0117s (12, 15, 20 ir 24 detali\u0173)<\/p>","protected":false},"excerpt":{"rendered":"<p>\u201eHoliday Paw Patrol\u201c \u2013 tai spalvingas 4in1 d\u0117lioni\u0173 rinkinys, sukurtas visiems animacinio serialo Paw Patrol gerb\u0117jams. Rinkinyje yra keturios atskiros<\/p>","protected":false},"featured_media":100257,"template":"","meta":{"_acf_changed":false,"_glsr_average":0,"_glsr_ranking":0,"_glsr_reviews":0},"product_brand":[],"product_cat":[868,229],"product_tag":[],"class_list":{"0":"post-100255","1":"product","2":"type-product","3":"status-publish","4":"has-post-thumbnail","6":"product_cat-deliones","7":"product_cat-zaislai-vaikams","8":"\"style=\"background-color: #2ecc711c;\"","10":"first","11":"instock","12":"purchasable","13":"product-type-simple"},"acf":[],"yoast_head":"<!-- This site is optimized with the Yoast SEO plugin v27.3 - https:\/\/yoast.com\/product\/yoast-seo-wordpress\/ -->\n<title>D\u0117lion\u0117 4in1 Paw Patrol<\/title>\n<meta name=\"description\" content=\"D\u0117lion\u0117 4in1 Paw Patrol - KidsPlay. Did\u017eiausias vaik\u0173 \u017eaisl\u0173 pasirinkimas.\" \/>\n<meta name=\"robots\" content=\"index, follow, max-snippet:-1, max-image-preview:large, max-video-preview:-1\" \/>\n<link rel=\"canonical\" href=\"https:\/\/kidsplay.lt\/lv\/products\/delione-4in1-paw-patrol\/\" \/>\n<meta property=\"og:locale\" content=\"lv_LV\" \/>\n<meta property=\"og:type\" content=\"article\" \/>\n<meta property=\"og:title\" content=\"D\u0117lion\u0117 4in1 Paw Patrol\" \/>\n<meta property=\"og:description\" content=\"D\u0117lion\u0117 4in1 Paw Patrol - KidsPlay. Did\u017eiausias vaik\u0173 \u017eaisl\u0173 pasirinkimas.\" \/>\n<meta property=\"og:url\" content=\"https:\/\/kidsplay.lt\/lv\/products\/delione-4in1-paw-patrol\/\" \/>\n<meta property=\"og:site_name\" content=\"KidsPlay\" \/>\n<meta property=\"article:publisher\" content=\"https:\/\/www.facebook.com\/www.kidsplay.lt\" \/>\n<meta property=\"article:modified_time\" content=\"2026-04-10T05:54:04+00:00\" \/>\n<meta property=\"og:image\" content=\"https:\/\/kidsplay.lt\/wp-content\/uploads\/2026\/04\/Delione-4in1-Paw-Patrol.png\" \/>\n\t<meta property=\"og:image:width\" content=\"1000\" \/>\n\t<meta property=\"og:image:height\" content=\"707\" \/>\n\t<meta property=\"og:image:type\" content=\"image\/png\" \/>\n<meta name=\"twitter:card\" content=\"summary_large_image\" \/>\n<meta name=\"twitter:label1\" content=\"Est. reading time\" \/>\n\t<meta name=\"twitter:data1\" content=\"1 min\u016bte\" \/>\n<script type=\"application\/ld+json\" class=\"yoast-schema-graph\">{\"@context\":\"https:\\\/\\\/schema.org\",\"@graph\":[{\"@type\":\"WebPage\",\"@id\":\"https:\\\/\\\/kidsplay.lt\\\/produktas\\\/delione-4in1-paw-patrol\\\/\",\"url\":\"https:\\\/\\\/kidsplay.lt\\\/produktas\\\/delione-4in1-paw-patrol\\\/\",\"name\":\"D\u0117lion\u0117 4in1 Paw Patrol\",\"isPartOf\":{\"@id\":\"https:\\\/\\\/kidsplay.lt\\\/#website\"},\"primaryImageOfPage\":{\"@id\":\"https:\\\/\\\/kidsplay.lt\\\/produktas\\\/delione-4in1-paw-patrol\\\/#primaryimage\"},\"image\":{\"@id\":\"https:\\\/\\\/kidsplay.lt\\\/produktas\\\/delione-4in1-paw-patrol\\\/#primaryimage\"},\"thumbnailUrl\":\"https:\\\/\\\/kidsplay.lt\\\/wp-content\\\/uploads\\\/2026\\\/04\\\/Delione-4in1-Paw-Patrol.png\",\"datePublished\":\"2026-04-04T07:31:02+00:00\",\"dateModified\":\"2026-04-10T05:54:04+00:00\",\"description\":\"D\u0117lion\u0117 4in1 Paw Patrol - KidsPlay. Did\u017eiausias vaik\u0173 \u017eaisl\u0173 pasirinkimas.\",\"breadcrumb\":{\"@id\":\"https:\\\/\\\/kidsplay.lt\\\/produktas\\\/delione-4in1-paw-patrol\\\/#breadcrumb\"},\"inLanguage\":\"lv-LV\",\"potentialAction\":[{\"@type\":\"ReadAction\",\"target\":[\"https:\\\/\\\/kidsplay.lt\\\/produktas\\\/delione-4in1-paw-patrol\\\/\"]}]},{\"@type\":\"ImageObject\",\"inLanguage\":\"lv-LV\",\"@id\":\"https:\\\/\\\/kidsplay.lt\\\/produktas\\\/delione-4in1-paw-patrol\\\/#primaryimage\",\"url\":\"https:\\\/\\\/kidsplay.lt\\\/wp-content\\\/uploads\\\/2026\\\/04\\\/Delione-4in1-Paw-Patrol.png\",\"contentUrl\":\"https:\\\/\\\/kidsplay.lt\\\/wp-content\\\/uploads\\\/2026\\\/04\\\/Delione-4in1-Paw-Patrol.png\",\"width\":1000,\"height\":707,\"caption\":\"D\u0117lion\u0117 4in1 Paw Patrol\"},{\"@type\":\"BreadcrumbList\",\"@id\":\"https:\\\/\\\/kidsplay.lt\\\/produktas\\\/delione-4in1-paw-patrol\\\/#breadcrumb\",\"itemListElement\":[{\"@type\":\"ListItem\",\"position\":1,\"name\":\"Pagrindinis\",\"item\":\"https:\\\/\\\/kidsplay.lt\\\/\"},{\"@type\":\"ListItem\",\"position\":2,\"name\":\"Parduotuv\u0117\",\"item\":\"https:\\\/\\\/kidsplay.lt\\\/parduotuve\\\/\"},{\"@type\":\"ListItem\",\"position\":3,\"name\":\"D\u0117lion\u0117 4in1 Paw Patrol\"}]},{\"@type\":\"WebSite\",\"@id\":\"https:\\\/\\\/kidsplay.lt\\\/#website\",\"url\":\"https:\\\/\\\/kidsplay.lt\\\/\",\"name\":\"Kidsplay.lt\",\"description\":\"\u012evairios prek\u0117s vaikams\",\"publisher\":{\"@id\":\"https:\\\/\\\/kidsplay.lt\\\/#organization\"},\"alternateName\":\"Kidsplay\",\"potentialAction\":[{\"@type\":\"SearchAction\",\"target\":{\"@type\":\"EntryPoint\",\"urlTemplate\":\"https:\\\/\\\/kidsplay.lt\\\/?s={search_term_string}\"},\"query-input\":{\"@type\":\"PropertyValueSpecification\",\"valueRequired\":true,\"valueName\":\"search_term_string\"}}],\"inLanguage\":\"lv-LV\"},{\"@type\":\"Organization\",\"@id\":\"https:\\\/\\\/kidsplay.lt\\\/#organization\",\"name\":\"KidsPlay\",\"url\":\"https:\\\/\\\/kidsplay.lt\\\/\",\"logo\":{\"@type\":\"ImageObject\",\"inLanguage\":\"lv-LV\",\"@id\":\"https:\\\/\\\/kidsplay.lt\\\/#\\\/schema\\\/logo\\\/image\\\/\",\"url\":\"https:\\\/\\\/kidsplay.lt\\\/wp-content\\\/uploads\\\/2023\\\/07\\\/kidsplay-logo.png\",\"contentUrl\":\"https:\\\/\\\/kidsplay.lt\\\/wp-content\\\/uploads\\\/2023\\\/07\\\/kidsplay-logo.png\",\"width\":451,\"height\":98,\"caption\":\"KidsPlay\"},\"image\":{\"@id\":\"https:\\\/\\\/kidsplay.lt\\\/#\\\/schema\\\/logo\\\/image\\\/\"},\"sameAs\":[\"https:\\\/\\\/www.facebook.com\\\/www.kidsplay.lt\"]}]}<\/script>\n<!-- \/ Yoast SEO plugin. -->","yoast_head_json":{"title":"Puzle 4in1 \u0136epu patru\u013ca","description":"D\u0117lion\u0117 4in1 Paw Patrol - KidsPlay. Did\u017eiausias vaik\u0173 \u017eaisl\u0173 pasirinkimas.","robots":{"index":"index","follow":"follow","max-snippet":"max-snippet:-1","max-image-preview":"max-image-preview:large","max-video-preview":"max-video-preview:-1"},"canonical":"https:\/\/kidsplay.lt\/lv\/products\/delione-4in1-paw-patrol\/","og_locale":"lv_LV","og_type":"article","og_title":"D\u0117lion\u0117 4in1 Paw Patrol","og_description":"D\u0117lion\u0117 4in1 Paw Patrol - KidsPlay. Did\u017eiausias vaik\u0173 \u017eaisl\u0173 pasirinkimas.","og_url":"https:\/\/kidsplay.lt\/lv\/products\/delione-4in1-paw-patrol\/","og_site_name":"KidsPlay","article_publisher":"https:\/\/www.facebook.com\/www.kidsplay.lt","article_modified_time":"2026-04-10T05:54:04+00:00","og_image":[{"width":1000,"height":707,"url":"https:\/\/kidsplay.lt\/wp-content\/uploads\/2026\/04\/Delione-4in1-Paw-Patrol.png","type":"image\/png"}],"twitter_card":"summary_large_image","twitter_misc":{"Est. reading time":"1 min\u016bte"},"schema":{"@context":"https:\/\/schema.org","@graph":[{"@type":"WebPage","@id":"https:\/\/kidsplay.lt\/produktas\/delione-4in1-paw-patrol\/","url":"https:\/\/kidsplay.lt\/produktas\/delione-4in1-paw-patrol\/","name":"Puzle 4in1 \u0136epu patru\u013ca","isPartOf":{"@id":"https:\/\/kidsplay.lt\/#website"},"primaryImageOfPage":{"@id":"https:\/\/kidsplay.lt\/produktas\/delione-4in1-paw-patrol\/#primaryimage"},"image":{"@id":"https:\/\/kidsplay.lt\/produktas\/delione-4in1-paw-patrol\/#primaryimage"},"thumbnailUrl":"https:\/\/kidsplay.lt\/wp-content\/uploads\/2026\/04\/Delione-4in1-Paw-Patrol.png","datePublished":"2026-04-04T07:31:02+00:00","dateModified":"2026-04-10T05:54:04+00:00","description":"D\u0117lion\u0117 4in1 Paw Patrol - KidsPlay. Did\u017eiausias vaik\u0173 \u017eaisl\u0173 pasirinkimas.","breadcrumb":{"@id":"https:\/\/kidsplay.lt\/produktas\/delione-4in1-paw-patrol\/#breadcrumb"},"inLanguage":"lv-LV","potentialAction":[{"@type":"ReadAction","target":["https:\/\/kidsplay.lt\/produktas\/delione-4in1-paw-patrol\/"]}]},{"@type":"ImageObject","inLanguage":"lv-LV","@id":"https:\/\/kidsplay.lt\/produktas\/delione-4in1-paw-patrol\/#primaryimage","url":"https:\/\/kidsplay.lt\/wp-content\/uploads\/2026\/04\/Delione-4in1-Paw-Patrol.png","contentUrl":"https:\/\/kidsplay.lt\/wp-content\/uploads\/2026\/04\/Delione-4in1-Paw-Patrol.png","width":1000,"height":707,"caption":"D\u0117lion\u0117 4in1 Paw Patrol"},{"@type":"BreadcrumbList","@id":"https:\/\/kidsplay.lt\/produktas\/delione-4in1-paw-patrol\/#breadcrumb","itemListElement":[{"@type":"ListItem","position":1,"name":"Pagrindinis","item":"https:\/\/kidsplay.lt\/"},{"@type":"ListItem","position":2,"name":"Parduotuv\u0117","item":"https:\/\/kidsplay.lt\/parduotuve\/"},{"@type":"ListItem","position":3,"name":"D\u0117lion\u0117 4in1 Paw Patrol"}]},{"@type":"WebSite","@id":"https:\/\/kidsplay.lt\/#website","url":"https:\/\/kidsplay.lt\/","name":"B\u0113rnu sp\u0113les.lv","description":"\u012evairios prek\u0117s vaikams","publisher":{"@id":"https:\/\/kidsplay.lt\/#organization"},"alternateName":"Kidsplay","potentialAction":[{"@type":"SearchAction","target":{"@type":"EntryPoint","urlTemplate":"https:\/\/kidsplay.lt\/?s={search_term_string}"},"query-input":{"@type":"PropertyValueSpecification","valueRequired":true,"valueName":"search_term_string"}}],"inLanguage":"lv-LV"},{"@type":"Organization","@id":"https:\/\/kidsplay.lt\/#organization","name":"B\u0113rnu sp\u0113le","url":"https:\/\/kidsplay.lt\/","logo":{"@type":"ImageObject","inLanguage":"lv-LV","@id":"https:\/\/kidsplay.lt\/#\/schema\/logo\/image\/","url":"https:\/\/kidsplay.lt\/wp-content\/uploads\/2023\/07\/kidsplay-logo.png","contentUrl":"https:\/\/kidsplay.lt\/wp-content\/uploads\/2023\/07\/kidsplay-logo.png","width":451,"height":98,"caption":"KidsPlay"},"image":{"@id":"https:\/\/kidsplay.lt\/#\/schema\/logo\/image\/"},"sameAs":["https:\/\/www.facebook.com\/www.kidsplay.lt"]}]}},"_links":{"self":[{"href":"https:\/\/kidsplay.lt\/lv\/wp-json\/wp\/v2\/product\/100255","targetHints":{"allow":["GET"]}}],"collection":[{"href":"https:\/\/kidsplay.lt\/lv\/wp-json\/wp\/v2\/product"}],"about":[{"href":"https:\/\/kidsplay.lt\/lv\/wp-json\/wp\/v2\/types\/product"}],"version-history":[{"count":1,"href":"https:\/\/kidsplay.lt\/lv\/wp-json\/wp\/v2\/product\/100255\/revisions"}],"predecessor-version":[{"id":100256,"href":"https:\/\/kidsplay.lt\/lv\/wp-json\/wp\/v2\/product\/100255\/revisions\/100256"}],"wp:featuredmedia":[{"embeddable":true,"href":"https:\/\/kidsplay.lt\/lv\/wp-json\/wp\/v2\/media\/100257"}],"wp:attachment":[{"href":"https:\/\/kidsplay.lt\/lv\/wp-json\/wp\/v2\/media?parent=100255"}],"wp:term":[{"taxonomy":"product_brand","embeddable":true,"href":"https:\/\/kidsplay.lt\/lv\/wp-json\/wp\/v2\/product_brand?post=100255"},{"taxonomy":"product_cat","embeddable":true,"href":"https:\/\/kidsplay.lt\/lv\/wp-json\/wp\/v2\/product_cat?post=100255"},{"taxonomy":"product_tag","embeddable":true,"href":"https:\/\/kidsplay.lt\/lv\/wp-json\/wp\/v2\/product_tag?post=100255"}],"curies":[{"name":"wp","href":"https:\/\/api.w.org\/{rel}","templated":true}]}}