{"id":100264,"date":"2026-04-04T10:31:25","date_gmt":"2026-04-04T07:31:25","guid":{"rendered":"https:\/\/kidsplay.lt\/produktas\/delione-100-detaliu-gabi-kates-namai\/"},"modified":"2026-04-15T14:16:58","modified_gmt":"2026-04-15T11:16:58","slug":"delione-100-detaliu-gabi-kates-namai","status":"publish","type":"product","link":"https:\/\/kidsplay.lt\/lv\/products\/delione-100-detaliu-gabi-kates-namai\/","title":{"rendered":"100 gabali\u0146u puzle \u2013 &quot;Ka\u0137a Gabi m\u0101ja&quot;\u201e"},"content":{"rendered":"<p>\u201eGabi Cat House\u201c \u2013 tai 100 detali\u0173 d\u0117lion\u0117 i\u0161 Trefl kolekcijos, sukurta pagal populiari\u0105 pasak\u0105 \u201eGabi Kat\u0117s Namai\u201c. D\u0117lion\u0117je pavaizduota Gabi ir katinai j\u0173 spalvinguose, jaukiuose namuose.<\/p>\n<p>D\u0117lioni\u0173 d\u0117liojimas \u2013 puikus u\u017esi\u0117mimas vaikams, padedantis lavinti smulki\u0105j\u0105 motorik\u0105, erdvin\u012f suvokim\u0105, kantryb\u0119 ir koncentracij\u0105. Tai taip pat puiki proga smagiai leisti laik\u0105 kartu su broliais, seserimis ar draugais.<\/p>\n<p>\u0160i d\u0117lion\u0117 leid\u017eia vaikams persikelti \u012f m\u0117gstamos pasakos pasaul\u012f ir dar kart\u0105 i\u0161gyventi nuotykius kartu su Gabi ir jos katinais. Tai puikus pasirinkimas visiems \u201eGabi Kat\u0117s Namai\u201c gerb\u0117jams ir vaikams, m\u0117gstantiems i\u0161\u0161\u016bkius bei k\u016brybi\u0161k\u0105 \u017eaidim\u0105.<\/p>\n<p>Produktas pagamintas i\u0161 auk\u0161tos kokyb\u0117s med\u017eiag\u0173, naudojant special\u0173 kalandruot\u0105, \u0161vies\u0105 atspindint\u012f popieri\u0173, kuris palengvina detali\u0173 jungim\u0105. D\u0117lion\u0117 pagaminta Lenkijoje, naudojant ekologi\u0161kas med\u017eiagas.<\/p>\n<p>Skirta vaikams nuo 5 met\u0173.<\/p>","protected":false},"excerpt":{"rendered":"<p>\u201eGabi Cat House\u201c \u2013 tai 100 detali\u0173 d\u0117lion\u0117 i\u0161 Trefl kolekcijos, sukurta pagal populiari\u0105 pasak\u0105 \u201eGabi Kat\u0117s Namai\u201c. D\u0117lion\u0117je pavaizduota<\/p>","protected":false},"featured_media":100266,"template":"","meta":{"_acf_changed":false,"_glsr_average":0,"_glsr_ranking":0,"_glsr_reviews":0},"product_brand":[],"product_cat":[868,229],"product_tag":[],"class_list":{"0":"post-100264","1":"product","2":"type-product","3":"status-publish","4":"has-post-thumbnail","6":"product_cat-deliones","7":"product_cat-zaislai-vaikams","8":"\"style=\"background-color: #2ecc711c;\"","10":"first","11":"instock","12":"purchasable","13":"product-type-simple"},"acf":[],"yoast_head":"<!-- This site is optimized with the Yoast SEO plugin v27.4 - https:\/\/yoast.com\/product\/yoast-seo-wordpress\/ -->\n<title>D\u0117lion\u0117 100 detali\u0173 \u2013 \u201eGabi Kat\u0117s Namai\u201c<\/title>\n<meta name=\"description\" content=\"D\u0117lion\u0117 100 detali\u0173 \u2013 \u201eGabi Kat\u0117s Namai\u201c - KidsPlay. Did\u017eiausias vaik\u0173 \u017eaisl\u0173 pasirinkimas.\" \/>\n<meta name=\"robots\" content=\"index, follow, max-snippet:-1, max-image-preview:large, max-video-preview:-1\" \/>\n<link rel=\"canonical\" href=\"https:\/\/kidsplay.lt\/lv\/products\/delione-100-detaliu-gabi-kates-namai\/\" \/>\n<meta property=\"og:locale\" content=\"lv_LV\" \/>\n<meta property=\"og:type\" content=\"article\" \/>\n<meta property=\"og:title\" content=\"D\u0117lion\u0117 100 detali\u0173 \u2013 \u201eGabi Kat\u0117s Namai\u201c\" \/>\n<meta property=\"og:description\" content=\"D\u0117lion\u0117 100 detali\u0173 \u2013 \u201eGabi Kat\u0117s Namai\u201c - KidsPlay. Did\u017eiausias vaik\u0173 \u017eaisl\u0173 pasirinkimas.\" \/>\n<meta property=\"og:url\" content=\"https:\/\/kidsplay.lt\/lv\/products\/delione-100-detaliu-gabi-kates-namai\/\" \/>\n<meta property=\"og:site_name\" content=\"KidsPlay\" \/>\n<meta property=\"article:publisher\" content=\"https:\/\/www.facebook.com\/www.kidsplay.lt\" \/>\n<meta property=\"article:modified_time\" content=\"2026-04-15T11:16:58+00:00\" \/>\n<meta property=\"og:image\" content=\"https:\/\/kidsplay.lt\/wp-content\/uploads\/2026\/04\/Delione-100-detaliu-\u2013-\u201eGabi-Kates-Namai.png\" \/>\n\t<meta property=\"og:image:width\" content=\"1000\" \/>\n\t<meta property=\"og:image:height\" content=\"707\" \/>\n\t<meta property=\"og:image:type\" content=\"image\/png\" \/>\n<meta name=\"twitter:card\" content=\"summary_large_image\" \/>\n<meta name=\"twitter:label1\" content=\"Est. reading time\" \/>\n\t<meta name=\"twitter:data1\" content=\"1 min\u016bte\" \/>\n<script type=\"application\/ld+json\" class=\"yoast-schema-graph\">{\"@context\":\"https:\\\/\\\/schema.org\",\"@graph\":[{\"@type\":\"WebPage\",\"@id\":\"https:\\\/\\\/kidsplay.lt\\\/produktas\\\/delione-100-detaliu-gabi-kates-namai\\\/\",\"url\":\"https:\\\/\\\/kidsplay.lt\\\/produktas\\\/delione-100-detaliu-gabi-kates-namai\\\/\",\"name\":\"D\u0117lion\u0117 100 detali\u0173 \u2013 \u201eGabi Kat\u0117s Namai\u201c\",\"isPartOf\":{\"@id\":\"https:\\\/\\\/kidsplay.lt\\\/#website\"},\"primaryImageOfPage\":{\"@id\":\"https:\\\/\\\/kidsplay.lt\\\/produktas\\\/delione-100-detaliu-gabi-kates-namai\\\/#primaryimage\"},\"image\":{\"@id\":\"https:\\\/\\\/kidsplay.lt\\\/produktas\\\/delione-100-detaliu-gabi-kates-namai\\\/#primaryimage\"},\"thumbnailUrl\":\"https:\\\/\\\/kidsplay.lt\\\/wp-content\\\/uploads\\\/2026\\\/04\\\/Delione-100-detaliu-\u2013-\u201eGabi-Kates-Namai.png\",\"datePublished\":\"2026-04-04T07:31:25+00:00\",\"dateModified\":\"2026-04-15T11:16:58+00:00\",\"description\":\"D\u0117lion\u0117 100 detali\u0173 \u2013 \u201eGabi Kat\u0117s Namai\u201c - KidsPlay. Did\u017eiausias vaik\u0173 \u017eaisl\u0173 pasirinkimas.\",\"breadcrumb\":{\"@id\":\"https:\\\/\\\/kidsplay.lt\\\/produktas\\\/delione-100-detaliu-gabi-kates-namai\\\/#breadcrumb\"},\"inLanguage\":\"lv-LV\",\"potentialAction\":[{\"@type\":\"ReadAction\",\"target\":[\"https:\\\/\\\/kidsplay.lt\\\/produktas\\\/delione-100-detaliu-gabi-kates-namai\\\/\"]}]},{\"@type\":\"ImageObject\",\"inLanguage\":\"lv-LV\",\"@id\":\"https:\\\/\\\/kidsplay.lt\\\/produktas\\\/delione-100-detaliu-gabi-kates-namai\\\/#primaryimage\",\"url\":\"https:\\\/\\\/kidsplay.lt\\\/wp-content\\\/uploads\\\/2026\\\/04\\\/Delione-100-detaliu-\u2013-\u201eGabi-Kates-Namai.png\",\"contentUrl\":\"https:\\\/\\\/kidsplay.lt\\\/wp-content\\\/uploads\\\/2026\\\/04\\\/Delione-100-detaliu-\u2013-\u201eGabi-Kates-Namai.png\",\"width\":1000,\"height\":707,\"caption\":\"D\u0117lion\u0117 100 detali\u0173 \u2013 \u201eGabi Kat\u0117s Namai\u201c\"},{\"@type\":\"BreadcrumbList\",\"@id\":\"https:\\\/\\\/kidsplay.lt\\\/produktas\\\/delione-100-detaliu-gabi-kates-namai\\\/#breadcrumb\",\"itemListElement\":[{\"@type\":\"ListItem\",\"position\":1,\"name\":\"Pagrindinis\",\"item\":\"https:\\\/\\\/kidsplay.lt\\\/\"},{\"@type\":\"ListItem\",\"position\":2,\"name\":\"Parduotuv\u0117\",\"item\":\"https:\\\/\\\/kidsplay.lt\\\/parduotuve\\\/\"},{\"@type\":\"ListItem\",\"position\":3,\"name\":\"D\u0117lion\u0117 100 detali\u0173 \u2013 \u201eGabi Kat\u0117s Namai\u201c\"}]},{\"@type\":\"WebSite\",\"@id\":\"https:\\\/\\\/kidsplay.lt\\\/#website\",\"url\":\"https:\\\/\\\/kidsplay.lt\\\/\",\"name\":\"Kidsplay.lt\",\"description\":\"\u012evairios prek\u0117s vaikams\",\"publisher\":{\"@id\":\"https:\\\/\\\/kidsplay.lt\\\/#organization\"},\"alternateName\":\"Kidsplay\",\"potentialAction\":[{\"@type\":\"SearchAction\",\"target\":{\"@type\":\"EntryPoint\",\"urlTemplate\":\"https:\\\/\\\/kidsplay.lt\\\/?s={search_term_string}\"},\"query-input\":{\"@type\":\"PropertyValueSpecification\",\"valueRequired\":true,\"valueName\":\"search_term_string\"}}],\"inLanguage\":\"lv-LV\"},{\"@type\":\"Organization\",\"@id\":\"https:\\\/\\\/kidsplay.lt\\\/#organization\",\"name\":\"KidsPlay\",\"url\":\"https:\\\/\\\/kidsplay.lt\\\/\",\"logo\":{\"@type\":\"ImageObject\",\"inLanguage\":\"lv-LV\",\"@id\":\"https:\\\/\\\/kidsplay.lt\\\/#\\\/schema\\\/logo\\\/image\\\/\",\"url\":\"https:\\\/\\\/kidsplay.lt\\\/wp-content\\\/uploads\\\/2023\\\/07\\\/kidsplay-logo.png\",\"contentUrl\":\"https:\\\/\\\/kidsplay.lt\\\/wp-content\\\/uploads\\\/2023\\\/07\\\/kidsplay-logo.png\",\"width\":451,\"height\":98,\"caption\":\"KidsPlay\"},\"image\":{\"@id\":\"https:\\\/\\\/kidsplay.lt\\\/#\\\/schema\\\/logo\\\/image\\\/\"},\"sameAs\":[\"https:\\\/\\\/www.facebook.com\\\/www.kidsplay.lt\"]}]}<\/script>\n<!-- \/ Yoast SEO plugin. -->","yoast_head_json":{"title":"100 gabali\u0146u puzle \u2013 &quot;Ka\u0137a Gabi m\u0101ja&quot;\u201e","description":"D\u0117lion\u0117 100 detali\u0173 \u2013 \u201eGabi Kat\u0117s Namai\u201c - KidsPlay. Did\u017eiausias vaik\u0173 \u017eaisl\u0173 pasirinkimas.","robots":{"index":"index","follow":"follow","max-snippet":"max-snippet:-1","max-image-preview":"max-image-preview:large","max-video-preview":"max-video-preview:-1"},"canonical":"https:\/\/kidsplay.lt\/lv\/products\/delione-100-detaliu-gabi-kates-namai\/","og_locale":"lv_LV","og_type":"article","og_title":"D\u0117lion\u0117 100 detali\u0173 \u2013 \u201eGabi Kat\u0117s Namai\u201c","og_description":"D\u0117lion\u0117 100 detali\u0173 \u2013 \u201eGabi Kat\u0117s Namai\u201c - KidsPlay. Did\u017eiausias vaik\u0173 \u017eaisl\u0173 pasirinkimas.","og_url":"https:\/\/kidsplay.lt\/lv\/products\/delione-100-detaliu-gabi-kates-namai\/","og_site_name":"KidsPlay","article_publisher":"https:\/\/www.facebook.com\/www.kidsplay.lt","article_modified_time":"2026-04-15T11:16:58+00:00","og_image":[{"width":1000,"height":707,"url":"https:\/\/kidsplay.lt\/wp-content\/uploads\/2026\/04\/Delione-100-detaliu-\u2013-\u201eGabi-Kates-Namai.png","type":"image\/png"}],"twitter_card":"summary_large_image","twitter_misc":{"Est. reading time":"1 min\u016bte"},"schema":{"@context":"https:\/\/schema.org","@graph":[{"@type":"WebPage","@id":"https:\/\/kidsplay.lt\/produktas\/delione-100-detaliu-gabi-kates-namai\/","url":"https:\/\/kidsplay.lt\/produktas\/delione-100-detaliu-gabi-kates-namai\/","name":"100 gabali\u0146u puzle \u2013 &quot;Ka\u0137a Gabi m\u0101ja&quot;\u201e","isPartOf":{"@id":"https:\/\/kidsplay.lt\/#website"},"primaryImageOfPage":{"@id":"https:\/\/kidsplay.lt\/produktas\/delione-100-detaliu-gabi-kates-namai\/#primaryimage"},"image":{"@id":"https:\/\/kidsplay.lt\/produktas\/delione-100-detaliu-gabi-kates-namai\/#primaryimage"},"thumbnailUrl":"https:\/\/kidsplay.lt\/wp-content\/uploads\/2026\/04\/Delione-100-detaliu-\u2013-\u201eGabi-Kates-Namai.png","datePublished":"2026-04-04T07:31:25+00:00","dateModified":"2026-04-15T11:16:58+00:00","description":"D\u0117lion\u0117 100 detali\u0173 \u2013 \u201eGabi Kat\u0117s Namai\u201c - KidsPlay. Did\u017eiausias vaik\u0173 \u017eaisl\u0173 pasirinkimas.","breadcrumb":{"@id":"https:\/\/kidsplay.lt\/produktas\/delione-100-detaliu-gabi-kates-namai\/#breadcrumb"},"inLanguage":"lv-LV","potentialAction":[{"@type":"ReadAction","target":["https:\/\/kidsplay.lt\/produktas\/delione-100-detaliu-gabi-kates-namai\/"]}]},{"@type":"ImageObject","inLanguage":"lv-LV","@id":"https:\/\/kidsplay.lt\/produktas\/delione-100-detaliu-gabi-kates-namai\/#primaryimage","url":"https:\/\/kidsplay.lt\/wp-content\/uploads\/2026\/04\/Delione-100-detaliu-\u2013-\u201eGabi-Kates-Namai.png","contentUrl":"https:\/\/kidsplay.lt\/wp-content\/uploads\/2026\/04\/Delione-100-detaliu-\u2013-\u201eGabi-Kates-Namai.png","width":1000,"height":707,"caption":"D\u0117lion\u0117 100 detali\u0173 \u2013 \u201eGabi Kat\u0117s Namai\u201c"},{"@type":"BreadcrumbList","@id":"https:\/\/kidsplay.lt\/produktas\/delione-100-detaliu-gabi-kates-namai\/#breadcrumb","itemListElement":[{"@type":"ListItem","position":1,"name":"Pagrindinis","item":"https:\/\/kidsplay.lt\/"},{"@type":"ListItem","position":2,"name":"Parduotuv\u0117","item":"https:\/\/kidsplay.lt\/parduotuve\/"},{"@type":"ListItem","position":3,"name":"D\u0117lion\u0117 100 detali\u0173 \u2013 \u201eGabi Kat\u0117s Namai\u201c"}]},{"@type":"WebSite","@id":"https:\/\/kidsplay.lt\/#website","url":"https:\/\/kidsplay.lt\/","name":"B\u0113rnu sp\u0113les.lv","description":"\u012evairios prek\u0117s vaikams","publisher":{"@id":"https:\/\/kidsplay.lt\/#organization"},"alternateName":"Kidsplay","potentialAction":[{"@type":"SearchAction","target":{"@type":"EntryPoint","urlTemplate":"https:\/\/kidsplay.lt\/?s={search_term_string}"},"query-input":{"@type":"PropertyValueSpecification","valueRequired":true,"valueName":"search_term_string"}}],"inLanguage":"lv-LV"},{"@type":"Organization","@id":"https:\/\/kidsplay.lt\/#organization","name":"B\u0113rnu sp\u0113le","url":"https:\/\/kidsplay.lt\/","logo":{"@type":"ImageObject","inLanguage":"lv-LV","@id":"https:\/\/kidsplay.lt\/#\/schema\/logo\/image\/","url":"https:\/\/kidsplay.lt\/wp-content\/uploads\/2023\/07\/kidsplay-logo.png","contentUrl":"https:\/\/kidsplay.lt\/wp-content\/uploads\/2023\/07\/kidsplay-logo.png","width":451,"height":98,"caption":"KidsPlay"},"image":{"@id":"https:\/\/kidsplay.lt\/#\/schema\/logo\/image\/"},"sameAs":["https:\/\/www.facebook.com\/www.kidsplay.lt"]}]}},"_links":{"self":[{"href":"https:\/\/kidsplay.lt\/lv\/wp-json\/wp\/v2\/product\/100264","targetHints":{"allow":["GET"]}}],"collection":[{"href":"https:\/\/kidsplay.lt\/lv\/wp-json\/wp\/v2\/product"}],"about":[{"href":"https:\/\/kidsplay.lt\/lv\/wp-json\/wp\/v2\/types\/product"}],"version-history":[{"count":1,"href":"https:\/\/kidsplay.lt\/lv\/wp-json\/wp\/v2\/product\/100264\/revisions"}],"predecessor-version":[{"id":100265,"href":"https:\/\/kidsplay.lt\/lv\/wp-json\/wp\/v2\/product\/100264\/revisions\/100265"}],"wp:featuredmedia":[{"embeddable":true,"href":"https:\/\/kidsplay.lt\/lv\/wp-json\/wp\/v2\/media\/100266"}],"wp:attachment":[{"href":"https:\/\/kidsplay.lt\/lv\/wp-json\/wp\/v2\/media?parent=100264"}],"wp:term":[{"taxonomy":"product_brand","embeddable":true,"href":"https:\/\/kidsplay.lt\/lv\/wp-json\/wp\/v2\/product_brand?post=100264"},{"taxonomy":"product_cat","embeddable":true,"href":"https:\/\/kidsplay.lt\/lv\/wp-json\/wp\/v2\/product_cat?post=100264"},{"taxonomy":"product_tag","embeddable":true,"href":"https:\/\/kidsplay.lt\/lv\/wp-json\/wp\/v2\/product_tag?post=100264"}],"curies":[{"name":"wp","href":"https:\/\/api.w.org\/{rel}","templated":true}]}}