{"id":100281,"date":"2026-04-04T10:32:00","date_gmt":"2026-04-04T07:32:00","guid":{"rendered":"https:\/\/kidsplay.lt\/produktas\/didelis-pjuklo-salmo-akiniu-ir-pirstiniu-rinkinys-vaikams\/"},"modified":"2026-04-10T08:54:24","modified_gmt":"2026-04-10T05:54:24","slug":"didelis-pjuklo-salmo-akiniu-ir-pirstiniu-rinkinys-vaikams","status":"publish","type":"product","link":"https:\/\/kidsplay.lt\/lv\/products\/didelis-pjuklo-salmo-akiniu-ir-pirstiniu-rinkinys-vaikams\/","title":{"rendered":"Liels z\u0101\u0123a, \u0137iveres, aizsargbri\u013c\u013cu un cimdu komplekts b\u0113rniem"},"content":{"rendered":"<p>Liels z\u0101\u0123a, \u0137iveres, aizsargbri\u013c\u013cu un cimdu komplekts b\u0113rniem<br \/>\nVaikai dievina m\u0117gd\u017eioti suaugusiuosius \u2013 ypa\u010d atliekant kasdienius darbus, tokius kaip tvarkymas, remontas ar sodininkyst\u0117. Steb\u0117dami ir kartodami suaugusi\u0173j\u0173 veiksmus, jie lavina smalsum\u0105, k\u016brybi\u0161kum\u0105 ir rank\u0173 miklum\u0105. Tod\u0117l \u0161is didelis \u017eaislini\u0173 \u012franki\u0173 rinkinys yra puikus pasirinkimas ma\u017eiesiems meistrams, norintiems tapti tikrais t\u0117\u010dio, senelio ar vyresnio brolio pagalbininkais.<\/p>\n<p>Rinkinyje yra \u017eaislinis pj\u016bklas su garsiniais efektais ir saugiomis, besisukan\u010diomis \u201ea\u0161menimis\u201c, taip pat apsauginis \u0161almas, akiniai ir darbo pir\u0161tin\u0117s. Visi elementai sukurti taip, kad b\u016bt\u0173 patog\u016bs, saug\u016bs ir suteikt\u0173 kuo daugiau \u017eaidimo d\u017eiaugsmo. Pj\u016bklas \u012fsijungia patraukus starter\u012f ir paspaudus mygtuk\u0105 \u2013 tai suteikia \u017eaidimui tikrovi\u0161kumo ir \u012ftraukia vaik\u0105 \u012f aktyvi\u0105 veikl\u0105.<\/p>\n<p>Toks \u017eaidimas ne tik linksmina, bet ir padeda lavinti motorik\u0105, rank\u0173\u2013aki\u0173 koordinacij\u0105, supa\u017eindina su saugaus darbo principais. Vaikas mokosi atsakomyb\u0117s, savaranki\u0161kumo ir \u012fsitraukia \u012f vaidmen\u0173 \u017eaidimus, kurie skatina k\u016brybi\u0161kum\u0105. Rinkinys puikiai tinka tiek namuose, tiek lauke \u2013 visur, kur ma\u017easis pagalbininkas randa veiklos.<br \/>\nSpecifik\u0101cija<br \/>\n\u2013 Pj\u016bklo dydis: 46,5 \u00d7 16 cm \u2013 \u0160almo dydis: 23 \u00d7 18 cm \u2013 Akiniai: 13 cm ilgio \u2013 Pakuot\u0117s dydis: 54,5 \u00d7 21 \u00d7 14,5 cm \u2013 Maitinimas: 3 \u00d7 AA baterijos (nepridedamos)<br \/>\nKomplekt\u0101 ietilpst:<br \/>\n\u2013 \u017eaislinis pj\u016bklas su garsais \u2013 apsauginis \u0161almas \u2013 apsauginiai akiniai \u2013 darbo pir\u0161tin\u0117s<\/p>","protected":false},"excerpt":{"rendered":"<p>Didelis pj\u016bklo, \u0161almo, akini\u0173 ir pir\u0161tini\u0173 rinkinys vaikams Vaikai dievina m\u0117gd\u017eioti suaugusiuosius \u2013 ypa\u010d atliekant kasdienius darbus, tokius kaip tvarkymas,<\/p>","protected":false},"featured_media":100283,"template":"","meta":{"_acf_changed":false,"_glsr_average":0,"_glsr_ranking":0,"_glsr_reviews":0},"product_brand":[],"product_cat":[402,399],"product_tag":[],"class_list":{"0":"post-100281","1":"product","2":"type-product","3":"status-publish","4":"has-post-thumbnail","6":"product_cat-dirbtuves-ir-irankiai","7":"product_cat-vaidmenu-zaidimai-2","8":"\"style=\"background-color: #2ecc711c;\"","10":"first","11":"instock","12":"purchasable","13":"product-type-simple"},"acf":[],"yoast_head":"<!-- This site is optimized with the Yoast SEO plugin v27.3 - https:\/\/yoast.com\/product\/yoast-seo-wordpress\/ -->\n<title>Didelis pj\u016bklo, \u0161almo, akini\u0173 ir pir\u0161tini\u0173 rinkinys vaikams<\/title>\n<meta name=\"description\" content=\"Didelis pj\u016bklo, \u0161almo, akini\u0173 ir pir\u0161tini\u0173 rinkinys vaikams - KidsPlay. Did\u017eiausias vaik\u0173 \u017eaisl\u0173 pasirinkimas.\" \/>\n<meta name=\"robots\" content=\"index, follow, max-snippet:-1, max-image-preview:large, max-video-preview:-1\" \/>\n<link rel=\"canonical\" href=\"https:\/\/kidsplay.lt\/lv\/products\/didelis-pjuklo-salmo-akiniu-ir-pirstiniu-rinkinys-vaikams\/\" \/>\n<meta property=\"og:locale\" content=\"lv_LV\" \/>\n<meta property=\"og:type\" content=\"article\" \/>\n<meta property=\"og:title\" content=\"Didelis pj\u016bklo, \u0161almo, akini\u0173 ir pir\u0161tini\u0173 rinkinys vaikams\" \/>\n<meta property=\"og:description\" content=\"Didelis pj\u016bklo, \u0161almo, akini\u0173 ir pir\u0161tini\u0173 rinkinys vaikams - KidsPlay. Did\u017eiausias vaik\u0173 \u017eaisl\u0173 pasirinkimas.\" \/>\n<meta property=\"og:url\" content=\"https:\/\/kidsplay.lt\/lv\/products\/didelis-pjuklo-salmo-akiniu-ir-pirstiniu-rinkinys-vaikams\/\" \/>\n<meta property=\"og:site_name\" content=\"KidsPlay\" \/>\n<meta property=\"article:publisher\" content=\"https:\/\/www.facebook.com\/www.kidsplay.lt\" \/>\n<meta property=\"article:modified_time\" content=\"2026-04-10T05:54:24+00:00\" \/>\n<meta property=\"og:image\" content=\"https:\/\/kidsplay.lt\/wp-content\/uploads\/2026\/04\/Didelis-pjuklo-salmo-akiniu-ir-pirstiniu-rinkinys-vaikams.jpg\" \/>\n\t<meta property=\"og:image:width\" content=\"1000\" \/>\n\t<meta property=\"og:image:height\" content=\"1000\" \/>\n\t<meta property=\"og:image:type\" content=\"image\/jpeg\" \/>\n<meta name=\"twitter:card\" content=\"summary_large_image\" \/>\n<meta name=\"twitter:label1\" content=\"Est. reading time\" \/>\n\t<meta name=\"twitter:data1\" content=\"1 min\u016bte\" \/>\n<script type=\"application\/ld+json\" class=\"yoast-schema-graph\">{\"@context\":\"https:\\\/\\\/schema.org\",\"@graph\":[{\"@type\":\"WebPage\",\"@id\":\"https:\\\/\\\/kidsplay.lt\\\/produktas\\\/didelis-pjuklo-salmo-akiniu-ir-pirstiniu-rinkinys-vaikams\\\/\",\"url\":\"https:\\\/\\\/kidsplay.lt\\\/produktas\\\/didelis-pjuklo-salmo-akiniu-ir-pirstiniu-rinkinys-vaikams\\\/\",\"name\":\"Didelis pj\u016bklo, \u0161almo, akini\u0173 ir pir\u0161tini\u0173 rinkinys vaikams\",\"isPartOf\":{\"@id\":\"https:\\\/\\\/kidsplay.lt\\\/#website\"},\"primaryImageOfPage\":{\"@id\":\"https:\\\/\\\/kidsplay.lt\\\/produktas\\\/didelis-pjuklo-salmo-akiniu-ir-pirstiniu-rinkinys-vaikams\\\/#primaryimage\"},\"image\":{\"@id\":\"https:\\\/\\\/kidsplay.lt\\\/produktas\\\/didelis-pjuklo-salmo-akiniu-ir-pirstiniu-rinkinys-vaikams\\\/#primaryimage\"},\"thumbnailUrl\":\"https:\\\/\\\/kidsplay.lt\\\/wp-content\\\/uploads\\\/2026\\\/04\\\/Didelis-pjuklo-salmo-akiniu-ir-pirstiniu-rinkinys-vaikams.jpg\",\"datePublished\":\"2026-04-04T07:32:00+00:00\",\"dateModified\":\"2026-04-10T05:54:24+00:00\",\"description\":\"Didelis pj\u016bklo, \u0161almo, akini\u0173 ir pir\u0161tini\u0173 rinkinys vaikams - KidsPlay. Did\u017eiausias vaik\u0173 \u017eaisl\u0173 pasirinkimas.\",\"breadcrumb\":{\"@id\":\"https:\\\/\\\/kidsplay.lt\\\/produktas\\\/didelis-pjuklo-salmo-akiniu-ir-pirstiniu-rinkinys-vaikams\\\/#breadcrumb\"},\"inLanguage\":\"lv-LV\",\"potentialAction\":[{\"@type\":\"ReadAction\",\"target\":[\"https:\\\/\\\/kidsplay.lt\\\/produktas\\\/didelis-pjuklo-salmo-akiniu-ir-pirstiniu-rinkinys-vaikams\\\/\"]}]},{\"@type\":\"ImageObject\",\"inLanguage\":\"lv-LV\",\"@id\":\"https:\\\/\\\/kidsplay.lt\\\/produktas\\\/didelis-pjuklo-salmo-akiniu-ir-pirstiniu-rinkinys-vaikams\\\/#primaryimage\",\"url\":\"https:\\\/\\\/kidsplay.lt\\\/wp-content\\\/uploads\\\/2026\\\/04\\\/Didelis-pjuklo-salmo-akiniu-ir-pirstiniu-rinkinys-vaikams.jpg\",\"contentUrl\":\"https:\\\/\\\/kidsplay.lt\\\/wp-content\\\/uploads\\\/2026\\\/04\\\/Didelis-pjuklo-salmo-akiniu-ir-pirstiniu-rinkinys-vaikams.jpg\",\"width\":1000,\"height\":1000,\"caption\":\"Didelis pj\u016bklo\"},{\"@type\":\"BreadcrumbList\",\"@id\":\"https:\\\/\\\/kidsplay.lt\\\/produktas\\\/didelis-pjuklo-salmo-akiniu-ir-pirstiniu-rinkinys-vaikams\\\/#breadcrumb\",\"itemListElement\":[{\"@type\":\"ListItem\",\"position\":1,\"name\":\"Pagrindinis\",\"item\":\"https:\\\/\\\/kidsplay.lt\\\/\"},{\"@type\":\"ListItem\",\"position\":2,\"name\":\"Parduotuv\u0117\",\"item\":\"https:\\\/\\\/kidsplay.lt\\\/parduotuve\\\/\"},{\"@type\":\"ListItem\",\"position\":3,\"name\":\"Didelis pj\u016bklo, \u0161almo, akini\u0173 ir pir\u0161tini\u0173 rinkinys vaikams\"}]},{\"@type\":\"WebSite\",\"@id\":\"https:\\\/\\\/kidsplay.lt\\\/#website\",\"url\":\"https:\\\/\\\/kidsplay.lt\\\/\",\"name\":\"Kidsplay.lt\",\"description\":\"\u012evairios prek\u0117s vaikams\",\"publisher\":{\"@id\":\"https:\\\/\\\/kidsplay.lt\\\/#organization\"},\"alternateName\":\"Kidsplay\",\"potentialAction\":[{\"@type\":\"SearchAction\",\"target\":{\"@type\":\"EntryPoint\",\"urlTemplate\":\"https:\\\/\\\/kidsplay.lt\\\/?s={search_term_string}\"},\"query-input\":{\"@type\":\"PropertyValueSpecification\",\"valueRequired\":true,\"valueName\":\"search_term_string\"}}],\"inLanguage\":\"lv-LV\"},{\"@type\":\"Organization\",\"@id\":\"https:\\\/\\\/kidsplay.lt\\\/#organization\",\"name\":\"KidsPlay\",\"url\":\"https:\\\/\\\/kidsplay.lt\\\/\",\"logo\":{\"@type\":\"ImageObject\",\"inLanguage\":\"lv-LV\",\"@id\":\"https:\\\/\\\/kidsplay.lt\\\/#\\\/schema\\\/logo\\\/image\\\/\",\"url\":\"https:\\\/\\\/kidsplay.lt\\\/wp-content\\\/uploads\\\/2023\\\/07\\\/kidsplay-logo.png\",\"contentUrl\":\"https:\\\/\\\/kidsplay.lt\\\/wp-content\\\/uploads\\\/2023\\\/07\\\/kidsplay-logo.png\",\"width\":451,\"height\":98,\"caption\":\"KidsPlay\"},\"image\":{\"@id\":\"https:\\\/\\\/kidsplay.lt\\\/#\\\/schema\\\/logo\\\/image\\\/\"},\"sameAs\":[\"https:\\\/\\\/www.facebook.com\\\/www.kidsplay.lt\"]}]}<\/script>\n<!-- \/ Yoast SEO plugin. -->","yoast_head_json":{"title":"Liels z\u0101\u0123a, \u0137iveres, aizsargbri\u013c\u013cu un cimdu komplekts b\u0113rniem","description":"Didelis pj\u016bklo, \u0161almo, akini\u0173 ir pir\u0161tini\u0173 rinkinys vaikams - KidsPlay. Did\u017eiausias vaik\u0173 \u017eaisl\u0173 pasirinkimas.","robots":{"index":"index","follow":"follow","max-snippet":"max-snippet:-1","max-image-preview":"max-image-preview:large","max-video-preview":"max-video-preview:-1"},"canonical":"https:\/\/kidsplay.lt\/lv\/products\/didelis-pjuklo-salmo-akiniu-ir-pirstiniu-rinkinys-vaikams\/","og_locale":"lv_LV","og_type":"article","og_title":"Didelis pj\u016bklo, \u0161almo, akini\u0173 ir pir\u0161tini\u0173 rinkinys vaikams","og_description":"Didelis pj\u016bklo, \u0161almo, akini\u0173 ir pir\u0161tini\u0173 rinkinys vaikams - KidsPlay. Did\u017eiausias vaik\u0173 \u017eaisl\u0173 pasirinkimas.","og_url":"https:\/\/kidsplay.lt\/lv\/products\/didelis-pjuklo-salmo-akiniu-ir-pirstiniu-rinkinys-vaikams\/","og_site_name":"KidsPlay","article_publisher":"https:\/\/www.facebook.com\/www.kidsplay.lt","article_modified_time":"2026-04-10T05:54:24+00:00","og_image":[{"width":1000,"height":1000,"url":"https:\/\/kidsplay.lt\/wp-content\/uploads\/2026\/04\/Didelis-pjuklo-salmo-akiniu-ir-pirstiniu-rinkinys-vaikams.jpg","type":"image\/jpeg"}],"twitter_card":"summary_large_image","twitter_misc":{"Est. reading time":"1 min\u016bte"},"schema":{"@context":"https:\/\/schema.org","@graph":[{"@type":"WebPage","@id":"https:\/\/kidsplay.lt\/produktas\/didelis-pjuklo-salmo-akiniu-ir-pirstiniu-rinkinys-vaikams\/","url":"https:\/\/kidsplay.lt\/produktas\/didelis-pjuklo-salmo-akiniu-ir-pirstiniu-rinkinys-vaikams\/","name":"Liels z\u0101\u0123a, \u0137iveres, aizsargbri\u013c\u013cu un cimdu komplekts b\u0113rniem","isPartOf":{"@id":"https:\/\/kidsplay.lt\/#website"},"primaryImageOfPage":{"@id":"https:\/\/kidsplay.lt\/produktas\/didelis-pjuklo-salmo-akiniu-ir-pirstiniu-rinkinys-vaikams\/#primaryimage"},"image":{"@id":"https:\/\/kidsplay.lt\/produktas\/didelis-pjuklo-salmo-akiniu-ir-pirstiniu-rinkinys-vaikams\/#primaryimage"},"thumbnailUrl":"https:\/\/kidsplay.lt\/wp-content\/uploads\/2026\/04\/Didelis-pjuklo-salmo-akiniu-ir-pirstiniu-rinkinys-vaikams.jpg","datePublished":"2026-04-04T07:32:00+00:00","dateModified":"2026-04-10T05:54:24+00:00","description":"Didelis pj\u016bklo, \u0161almo, akini\u0173 ir pir\u0161tini\u0173 rinkinys vaikams - KidsPlay. Did\u017eiausias vaik\u0173 \u017eaisl\u0173 pasirinkimas.","breadcrumb":{"@id":"https:\/\/kidsplay.lt\/produktas\/didelis-pjuklo-salmo-akiniu-ir-pirstiniu-rinkinys-vaikams\/#breadcrumb"},"inLanguage":"lv-LV","potentialAction":[{"@type":"ReadAction","target":["https:\/\/kidsplay.lt\/produktas\/didelis-pjuklo-salmo-akiniu-ir-pirstiniu-rinkinys-vaikams\/"]}]},{"@type":"ImageObject","inLanguage":"lv-LV","@id":"https:\/\/kidsplay.lt\/produktas\/didelis-pjuklo-salmo-akiniu-ir-pirstiniu-rinkinys-vaikams\/#primaryimage","url":"https:\/\/kidsplay.lt\/wp-content\/uploads\/2026\/04\/Didelis-pjuklo-salmo-akiniu-ir-pirstiniu-rinkinys-vaikams.jpg","contentUrl":"https:\/\/kidsplay.lt\/wp-content\/uploads\/2026\/04\/Didelis-pjuklo-salmo-akiniu-ir-pirstiniu-rinkinys-vaikams.jpg","width":1000,"height":1000,"caption":"Didelis pj\u016bklo"},{"@type":"BreadcrumbList","@id":"https:\/\/kidsplay.lt\/produktas\/didelis-pjuklo-salmo-akiniu-ir-pirstiniu-rinkinys-vaikams\/#breadcrumb","itemListElement":[{"@type":"ListItem","position":1,"name":"Pagrindinis","item":"https:\/\/kidsplay.lt\/"},{"@type":"ListItem","position":2,"name":"Parduotuv\u0117","item":"https:\/\/kidsplay.lt\/parduotuve\/"},{"@type":"ListItem","position":3,"name":"Didelis pj\u016bklo, \u0161almo, akini\u0173 ir pir\u0161tini\u0173 rinkinys vaikams"}]},{"@type":"WebSite","@id":"https:\/\/kidsplay.lt\/#website","url":"https:\/\/kidsplay.lt\/","name":"B\u0113rnu sp\u0113les.lv","description":"\u012evairios prek\u0117s vaikams","publisher":{"@id":"https:\/\/kidsplay.lt\/#organization"},"alternateName":"Kidsplay","potentialAction":[{"@type":"SearchAction","target":{"@type":"EntryPoint","urlTemplate":"https:\/\/kidsplay.lt\/?s={search_term_string}"},"query-input":{"@type":"PropertyValueSpecification","valueRequired":true,"valueName":"search_term_string"}}],"inLanguage":"lv-LV"},{"@type":"Organization","@id":"https:\/\/kidsplay.lt\/#organization","name":"B\u0113rnu sp\u0113le","url":"https:\/\/kidsplay.lt\/","logo":{"@type":"ImageObject","inLanguage":"lv-LV","@id":"https:\/\/kidsplay.lt\/#\/schema\/logo\/image\/","url":"https:\/\/kidsplay.lt\/wp-content\/uploads\/2023\/07\/kidsplay-logo.png","contentUrl":"https:\/\/kidsplay.lt\/wp-content\/uploads\/2023\/07\/kidsplay-logo.png","width":451,"height":98,"caption":"KidsPlay"},"image":{"@id":"https:\/\/kidsplay.lt\/#\/schema\/logo\/image\/"},"sameAs":["https:\/\/www.facebook.com\/www.kidsplay.lt"]}]}},"_links":{"self":[{"href":"https:\/\/kidsplay.lt\/lv\/wp-json\/wp\/v2\/product\/100281","targetHints":{"allow":["GET"]}}],"collection":[{"href":"https:\/\/kidsplay.lt\/lv\/wp-json\/wp\/v2\/product"}],"about":[{"href":"https:\/\/kidsplay.lt\/lv\/wp-json\/wp\/v2\/types\/product"}],"version-history":[{"count":1,"href":"https:\/\/kidsplay.lt\/lv\/wp-json\/wp\/v2\/product\/100281\/revisions"}],"predecessor-version":[{"id":100282,"href":"https:\/\/kidsplay.lt\/lv\/wp-json\/wp\/v2\/product\/100281\/revisions\/100282"}],"wp:featuredmedia":[{"embeddable":true,"href":"https:\/\/kidsplay.lt\/lv\/wp-json\/wp\/v2\/media\/100283"}],"wp:attachment":[{"href":"https:\/\/kidsplay.lt\/lv\/wp-json\/wp\/v2\/media?parent=100281"}],"wp:term":[{"taxonomy":"product_brand","embeddable":true,"href":"https:\/\/kidsplay.lt\/lv\/wp-json\/wp\/v2\/product_brand?post=100281"},{"taxonomy":"product_cat","embeddable":true,"href":"https:\/\/kidsplay.lt\/lv\/wp-json\/wp\/v2\/product_cat?post=100281"},{"taxonomy":"product_tag","embeddable":true,"href":"https:\/\/kidsplay.lt\/lv\/wp-json\/wp\/v2\/product_tag?post=100281"}],"curies":[{"name":"wp","href":"https:\/\/api.w.org\/{rel}","templated":true}]}}