{"id":100317,"date":"2026-04-04T10:33:39","date_gmt":"2026-04-04T07:33:39","guid":{"rendered":"https:\/\/kidsplay.lt\/produktas\/karinis-povandeninis-laivas\/"},"modified":"2026-04-10T08:54:44","modified_gmt":"2026-04-10T05:54:44","slug":"karinis-povandeninis-laivas","status":"publish","type":"product","link":"https:\/\/kidsplay.lt\/lv\/products\/karinis-povandeninis-laivas\/","title":{"rendered":"Milit\u0101r\u0101 zem\u016bdene"},"content":{"rendered":"<p>\u2693\ud83d\udea2 Karinis povandeninis laivas \u2013 juodas, su \u0161viesomis ir garsais<br \/>\nPristatome \u012fsp\u016bding\u0105, didel\u012f karin\u012f povandenin\u012f laiv\u0105 vaikams, kurie m\u0117gsta karinius \u017eaidimus, domisi kareivi\u0173 tematikos filmais ar tiesiog \u017eavisi j\u016br\u0173 pasauliu. \u0160is \u017eaislas skatina vaizduot\u0119 ir k\u016brybi\u0161kum\u0105 \u2013 vaikas gali kurti savo j\u016brines misijas, m\u016b\u0161ius ir nuotykius.<\/p>\n<p>Laivo vir\u0161uje yra mygtukas, aktyvuojantis garsinius efektus \u2013 girdisi \u0161\u016bviai, kurie suteikia \u017eaidimui tikrovi\u0161kumo ir leid\u017eia \u201enumu\u0161ti\u201c kitus laivus savo j\u016broje. Povandeninis laivas turi ratukus, tod\u0117l gali va\u017eiuoti pavir\u0161iumi, o tai suteikia dar daugiau \u017eaidimo galimybi\u0173.<\/p>\n<p>\u017daislas pagamintas i\u0161 tvirto plastiko, yra saugus ir patogus vaikams. Tai puikus pasirinkimas ma\u017eiesiems karininkams, norintiems kurti savo strategijas ir j\u016br\u0173 kovas.<\/p>\n<p>Laivas turi CE sertifikat\u0105, atitinka EN71 standart\u0105 ir yra skirtas vaikams nuo 3 met\u0173.<br \/>\nPovandeninio laivo matmenys<br \/>\n\u2013 51 \u00d7 19 \u00d7 11 cm<br \/>\nPakuot\u0117s matmenys<br \/>\n\u2013 56 \u00d7 22 \u00d7 14 cm<br \/>\nMaitinimas<br \/>\n\u2013 2 \u00d7 AG13 baterijos (nepridedamos)<br \/>\nKomplekt\u0101 ietilpst:<br \/>\n\u2013 karinis povandeninis laivas<\/p>","protected":false},"excerpt":{"rendered":"<p>\u2693\ud83d\udea2 Karinis povandeninis laivas \u2013 juodas, su \u0161viesomis ir garsais Pristatome \u012fsp\u016bding\u0105, didel\u012f karin\u012f povandenin\u012f laiv\u0105 vaikams, kurie m\u0117gsta karinius<\/p>","protected":false},"featured_media":100319,"template":"","meta":{"_acf_changed":false,"_glsr_average":0,"_glsr_ranking":0,"_glsr_reviews":0},"product_brand":[],"product_cat":[448,229],"product_tag":[],"class_list":{"0":"post-100317","1":"product","2":"type-product","3":"status-publish","4":"has-post-thumbnail","6":"product_cat-automobiliai-ir-transportas","7":"product_cat-zaislai-vaikams","8":"\"style=\"background-color: #2ecc711c;\"","10":"first","11":"instock","12":"purchasable","13":"product-type-simple"},"acf":[],"yoast_head":"<!-- This site is optimized with the Yoast SEO plugin v27.3 - https:\/\/yoast.com\/product\/yoast-seo-wordpress\/ -->\n<title>Karinis povandeninis laivas<\/title>\n<meta name=\"description\" content=\"Karinis povandeninis laivas - KidsPlay. Did\u017eiausias vaik\u0173 \u017eaisl\u0173 pasirinkimas.\" \/>\n<meta name=\"robots\" content=\"index, follow, max-snippet:-1, max-image-preview:large, max-video-preview:-1\" \/>\n<link rel=\"canonical\" href=\"https:\/\/kidsplay.lt\/lv\/products\/karinis-povandeninis-laivas\/\" \/>\n<meta property=\"og:locale\" content=\"lv_LV\" \/>\n<meta property=\"og:type\" content=\"article\" \/>\n<meta property=\"og:title\" content=\"Karinis povandeninis laivas\" \/>\n<meta property=\"og:description\" content=\"Karinis povandeninis laivas - KidsPlay. Did\u017eiausias vaik\u0173 \u017eaisl\u0173 pasirinkimas.\" \/>\n<meta property=\"og:url\" content=\"https:\/\/kidsplay.lt\/lv\/products\/karinis-povandeninis-laivas\/\" \/>\n<meta property=\"og:site_name\" content=\"KidsPlay\" \/>\n<meta property=\"article:publisher\" content=\"https:\/\/www.facebook.com\/www.kidsplay.lt\" \/>\n<meta property=\"article:modified_time\" content=\"2026-04-10T05:54:44+00:00\" \/>\n<meta property=\"og:image\" content=\"https:\/\/kidsplay.lt\/wp-content\/uploads\/2026\/04\/Karinis-povandeninis-laivas.jpg\" \/>\n\t<meta property=\"og:image:width\" content=\"1000\" \/>\n\t<meta property=\"og:image:height\" content=\"1000\" \/>\n\t<meta property=\"og:image:type\" content=\"image\/jpeg\" \/>\n<meta name=\"twitter:card\" content=\"summary_large_image\" \/>\n<meta name=\"twitter:label1\" content=\"Est. reading time\" \/>\n\t<meta name=\"twitter:data1\" content=\"1 min\u016bte\" \/>\n<script type=\"application\/ld+json\" class=\"yoast-schema-graph\">{\"@context\":\"https:\\\/\\\/schema.org\",\"@graph\":[{\"@type\":\"WebPage\",\"@id\":\"https:\\\/\\\/kidsplay.lt\\\/produktas\\\/karinis-povandeninis-laivas\\\/\",\"url\":\"https:\\\/\\\/kidsplay.lt\\\/produktas\\\/karinis-povandeninis-laivas\\\/\",\"name\":\"Karinis povandeninis laivas\",\"isPartOf\":{\"@id\":\"https:\\\/\\\/kidsplay.lt\\\/#website\"},\"primaryImageOfPage\":{\"@id\":\"https:\\\/\\\/kidsplay.lt\\\/produktas\\\/karinis-povandeninis-laivas\\\/#primaryimage\"},\"image\":{\"@id\":\"https:\\\/\\\/kidsplay.lt\\\/produktas\\\/karinis-povandeninis-laivas\\\/#primaryimage\"},\"thumbnailUrl\":\"https:\\\/\\\/kidsplay.lt\\\/wp-content\\\/uploads\\\/2026\\\/04\\\/Karinis-povandeninis-laivas.jpg\",\"datePublished\":\"2026-04-04T07:33:39+00:00\",\"dateModified\":\"2026-04-10T05:54:44+00:00\",\"description\":\"Karinis povandeninis laivas - KidsPlay. Did\u017eiausias vaik\u0173 \u017eaisl\u0173 pasirinkimas.\",\"breadcrumb\":{\"@id\":\"https:\\\/\\\/kidsplay.lt\\\/produktas\\\/karinis-povandeninis-laivas\\\/#breadcrumb\"},\"inLanguage\":\"lv-LV\",\"potentialAction\":[{\"@type\":\"ReadAction\",\"target\":[\"https:\\\/\\\/kidsplay.lt\\\/produktas\\\/karinis-povandeninis-laivas\\\/\"]}]},{\"@type\":\"ImageObject\",\"inLanguage\":\"lv-LV\",\"@id\":\"https:\\\/\\\/kidsplay.lt\\\/produktas\\\/karinis-povandeninis-laivas\\\/#primaryimage\",\"url\":\"https:\\\/\\\/kidsplay.lt\\\/wp-content\\\/uploads\\\/2026\\\/04\\\/Karinis-povandeninis-laivas.jpg\",\"contentUrl\":\"https:\\\/\\\/kidsplay.lt\\\/wp-content\\\/uploads\\\/2026\\\/04\\\/Karinis-povandeninis-laivas.jpg\",\"width\":1000,\"height\":1000,\"caption\":\"Karinis povandeninis laivas\"},{\"@type\":\"BreadcrumbList\",\"@id\":\"https:\\\/\\\/kidsplay.lt\\\/produktas\\\/karinis-povandeninis-laivas\\\/#breadcrumb\",\"itemListElement\":[{\"@type\":\"ListItem\",\"position\":1,\"name\":\"Pagrindinis\",\"item\":\"https:\\\/\\\/kidsplay.lt\\\/\"},{\"@type\":\"ListItem\",\"position\":2,\"name\":\"Parduotuv\u0117\",\"item\":\"https:\\\/\\\/kidsplay.lt\\\/parduotuve\\\/\"},{\"@type\":\"ListItem\",\"position\":3,\"name\":\"Karinis povandeninis laivas\"}]},{\"@type\":\"WebSite\",\"@id\":\"https:\\\/\\\/kidsplay.lt\\\/#website\",\"url\":\"https:\\\/\\\/kidsplay.lt\\\/\",\"name\":\"Kidsplay.lt\",\"description\":\"\u012evairios prek\u0117s vaikams\",\"publisher\":{\"@id\":\"https:\\\/\\\/kidsplay.lt\\\/#organization\"},\"alternateName\":\"Kidsplay\",\"potentialAction\":[{\"@type\":\"SearchAction\",\"target\":{\"@type\":\"EntryPoint\",\"urlTemplate\":\"https:\\\/\\\/kidsplay.lt\\\/?s={search_term_string}\"},\"query-input\":{\"@type\":\"PropertyValueSpecification\",\"valueRequired\":true,\"valueName\":\"search_term_string\"}}],\"inLanguage\":\"lv-LV\"},{\"@type\":\"Organization\",\"@id\":\"https:\\\/\\\/kidsplay.lt\\\/#organization\",\"name\":\"KidsPlay\",\"url\":\"https:\\\/\\\/kidsplay.lt\\\/\",\"logo\":{\"@type\":\"ImageObject\",\"inLanguage\":\"lv-LV\",\"@id\":\"https:\\\/\\\/kidsplay.lt\\\/#\\\/schema\\\/logo\\\/image\\\/\",\"url\":\"https:\\\/\\\/kidsplay.lt\\\/wp-content\\\/uploads\\\/2023\\\/07\\\/kidsplay-logo.png\",\"contentUrl\":\"https:\\\/\\\/kidsplay.lt\\\/wp-content\\\/uploads\\\/2023\\\/07\\\/kidsplay-logo.png\",\"width\":451,\"height\":98,\"caption\":\"KidsPlay\"},\"image\":{\"@id\":\"https:\\\/\\\/kidsplay.lt\\\/#\\\/schema\\\/logo\\\/image\\\/\"},\"sameAs\":[\"https:\\\/\\\/www.facebook.com\\\/www.kidsplay.lt\"]}]}<\/script>\n<!-- \/ Yoast SEO plugin. -->","yoast_head_json":{"title":"Milit\u0101r\u0101 zem\u016bdene","description":"Karinis povandeninis laivas - KidsPlay. Did\u017eiausias vaik\u0173 \u017eaisl\u0173 pasirinkimas.","robots":{"index":"index","follow":"follow","max-snippet":"max-snippet:-1","max-image-preview":"max-image-preview:large","max-video-preview":"max-video-preview:-1"},"canonical":"https:\/\/kidsplay.lt\/lv\/products\/karinis-povandeninis-laivas\/","og_locale":"lv_LV","og_type":"article","og_title":"Karinis povandeninis laivas","og_description":"Karinis povandeninis laivas - KidsPlay. Did\u017eiausias vaik\u0173 \u017eaisl\u0173 pasirinkimas.","og_url":"https:\/\/kidsplay.lt\/lv\/products\/karinis-povandeninis-laivas\/","og_site_name":"KidsPlay","article_publisher":"https:\/\/www.facebook.com\/www.kidsplay.lt","article_modified_time":"2026-04-10T05:54:44+00:00","og_image":[{"width":1000,"height":1000,"url":"https:\/\/kidsplay.lt\/wp-content\/uploads\/2026\/04\/Karinis-povandeninis-laivas.jpg","type":"image\/jpeg"}],"twitter_card":"summary_large_image","twitter_misc":{"Est. reading time":"1 min\u016bte"},"schema":{"@context":"https:\/\/schema.org","@graph":[{"@type":"WebPage","@id":"https:\/\/kidsplay.lt\/produktas\/karinis-povandeninis-laivas\/","url":"https:\/\/kidsplay.lt\/produktas\/karinis-povandeninis-laivas\/","name":"Milit\u0101r\u0101 zem\u016bdene","isPartOf":{"@id":"https:\/\/kidsplay.lt\/#website"},"primaryImageOfPage":{"@id":"https:\/\/kidsplay.lt\/produktas\/karinis-povandeninis-laivas\/#primaryimage"},"image":{"@id":"https:\/\/kidsplay.lt\/produktas\/karinis-povandeninis-laivas\/#primaryimage"},"thumbnailUrl":"https:\/\/kidsplay.lt\/wp-content\/uploads\/2026\/04\/Karinis-povandeninis-laivas.jpg","datePublished":"2026-04-04T07:33:39+00:00","dateModified":"2026-04-10T05:54:44+00:00","description":"Karinis povandeninis laivas - KidsPlay. Did\u017eiausias vaik\u0173 \u017eaisl\u0173 pasirinkimas.","breadcrumb":{"@id":"https:\/\/kidsplay.lt\/produktas\/karinis-povandeninis-laivas\/#breadcrumb"},"inLanguage":"lv-LV","potentialAction":[{"@type":"ReadAction","target":["https:\/\/kidsplay.lt\/produktas\/karinis-povandeninis-laivas\/"]}]},{"@type":"ImageObject","inLanguage":"lv-LV","@id":"https:\/\/kidsplay.lt\/produktas\/karinis-povandeninis-laivas\/#primaryimage","url":"https:\/\/kidsplay.lt\/wp-content\/uploads\/2026\/04\/Karinis-povandeninis-laivas.jpg","contentUrl":"https:\/\/kidsplay.lt\/wp-content\/uploads\/2026\/04\/Karinis-povandeninis-laivas.jpg","width":1000,"height":1000,"caption":"Karinis povandeninis laivas"},{"@type":"BreadcrumbList","@id":"https:\/\/kidsplay.lt\/produktas\/karinis-povandeninis-laivas\/#breadcrumb","itemListElement":[{"@type":"ListItem","position":1,"name":"Pagrindinis","item":"https:\/\/kidsplay.lt\/"},{"@type":"ListItem","position":2,"name":"Parduotuv\u0117","item":"https:\/\/kidsplay.lt\/parduotuve\/"},{"@type":"ListItem","position":3,"name":"Karinis povandeninis laivas"}]},{"@type":"WebSite","@id":"https:\/\/kidsplay.lt\/#website","url":"https:\/\/kidsplay.lt\/","name":"B\u0113rnu sp\u0113les.lv","description":"\u012evairios prek\u0117s vaikams","publisher":{"@id":"https:\/\/kidsplay.lt\/#organization"},"alternateName":"Kidsplay","potentialAction":[{"@type":"SearchAction","target":{"@type":"EntryPoint","urlTemplate":"https:\/\/kidsplay.lt\/?s={search_term_string}"},"query-input":{"@type":"PropertyValueSpecification","valueRequired":true,"valueName":"search_term_string"}}],"inLanguage":"lv-LV"},{"@type":"Organization","@id":"https:\/\/kidsplay.lt\/#organization","name":"B\u0113rnu sp\u0113le","url":"https:\/\/kidsplay.lt\/","logo":{"@type":"ImageObject","inLanguage":"lv-LV","@id":"https:\/\/kidsplay.lt\/#\/schema\/logo\/image\/","url":"https:\/\/kidsplay.lt\/wp-content\/uploads\/2023\/07\/kidsplay-logo.png","contentUrl":"https:\/\/kidsplay.lt\/wp-content\/uploads\/2023\/07\/kidsplay-logo.png","width":451,"height":98,"caption":"KidsPlay"},"image":{"@id":"https:\/\/kidsplay.lt\/#\/schema\/logo\/image\/"},"sameAs":["https:\/\/www.facebook.com\/www.kidsplay.lt"]}]}},"_links":{"self":[{"href":"https:\/\/kidsplay.lt\/lv\/wp-json\/wp\/v2\/product\/100317","targetHints":{"allow":["GET"]}}],"collection":[{"href":"https:\/\/kidsplay.lt\/lv\/wp-json\/wp\/v2\/product"}],"about":[{"href":"https:\/\/kidsplay.lt\/lv\/wp-json\/wp\/v2\/types\/product"}],"version-history":[{"count":1,"href":"https:\/\/kidsplay.lt\/lv\/wp-json\/wp\/v2\/product\/100317\/revisions"}],"predecessor-version":[{"id":100318,"href":"https:\/\/kidsplay.lt\/lv\/wp-json\/wp\/v2\/product\/100317\/revisions\/100318"}],"wp:featuredmedia":[{"embeddable":true,"href":"https:\/\/kidsplay.lt\/lv\/wp-json\/wp\/v2\/media\/100319"}],"wp:attachment":[{"href":"https:\/\/kidsplay.lt\/lv\/wp-json\/wp\/v2\/media?parent=100317"}],"wp:term":[{"taxonomy":"product_brand","embeddable":true,"href":"https:\/\/kidsplay.lt\/lv\/wp-json\/wp\/v2\/product_brand?post=100317"},{"taxonomy":"product_cat","embeddable":true,"href":"https:\/\/kidsplay.lt\/lv\/wp-json\/wp\/v2\/product_cat?post=100317"},{"taxonomy":"product_tag","embeddable":true,"href":"https:\/\/kidsplay.lt\/lv\/wp-json\/wp\/v2\/product_tag?post=100317"}],"curies":[{"name":"wp","href":"https:\/\/api.w.org\/{rel}","templated":true}]}}