{"id":100329,"date":"2026-04-04T10:34:05","date_gmt":"2026-04-04T07:34:05","guid":{"rendered":"https:\/\/kidsplay.lt\/produktas\/interaktyvus-kliuciu-trasa-parkingas-vaikams-su-4-automobiliais\/"},"modified":"2026-04-10T08:54:54","modified_gmt":"2026-04-10T05:54:54","slug":"interaktyvus-kliuciu-trasa-parkingas-vaikams-su-4-automobiliais","status":"publish","type":"product","link":"https:\/\/kidsplay.lt\/lv\/products\/interaktyvus-kliuciu-trasa-parkingas-vaikams-su-4-automobiliais\/","title":{"rendered":"Interakt\u012bva \u0161\u0137\u0113r\u0161\u013cu josla \u2013 autost\u0101vvieta b\u0113rniem ar 4 automa\u0161\u012bn\u0101m"},"content":{"rendered":"<p>\ud83d\ude97\ud83c\udfa2 Interaktyvus kli\u016b\u010di\u0173 trasa\u2013parkingas vaikams su 4 automobiliais<br \/>\nInteraktyvi automobili\u0173 kli\u016b\u010di\u0173 trasa \u2013 tai ne paprastas \u017eaislas, o tikra nuotyki\u0173 zona ma\u017eiesiems vairuotojams. Ry\u0161kus, spalvingas rinkinys i\u0161 karto patraukia vaiko d\u0117mes\u012f ir tampa m\u0117gstamiausiu \u017eaidimu. \u0160i trasa si\u016blo kur kas daugiau nei \u012fprasti automobili\u0173 rinkiniai \u2013 tai tikras i\u0161\u0161\u016bki\u0173 kupinas nuotykis!<\/p>\n<p>Rinkin\u012f sudaro daugiafunkc\u0117, spalvinga kli\u016b\u010di\u0173 trasa, sukurta taip, kad suteikt\u0173 maksimaliai daug pramog\u0173 ir skatint\u0173 vaiko k\u016brybi\u0161kum\u0105. Naudodamas specialius mygtukus ir ranken\u0117les, esan\u010dias trasos apa\u010dioje, vaikas gali valdyti tiltus, nusileidimo takus ir kitus mechanizmus, padedan\u010dius automobiliams \u012fveikti \u012fvairias kli\u016btis.<\/p>\n<p>Kiekvienas i\u0161 keturi\u0173 automobiliuk\u0173 turi \u012fveikti naujus i\u0161\u0161\u016bkius, tod\u0117l \u017eaidimas tampa dinami\u0161kas, \u012ftraukiantis ir kupinas emocij\u0173. Tai ne tik smagus u\u017esi\u0117mimas, bet ir puiki priemon\u0117 lavinti smulki\u0105j\u0105 motorik\u0105, login\u012f m\u0105stym\u0105, koordinacij\u0105 ir k\u016brybi\u0161kum\u0105. Interaktyvi trasa \u2013 tikras d\u017eiaugsmas ma\u017eiesiems automobili\u0173 ir nuotyki\u0173 m\u0117g\u0117jams.<\/p>\n<p>\u017daislas turi CE sertifikat\u0105, atitinka EN71 standart\u0105 ir yra skirtas vaikams nuo 3 met\u0173.<br \/>\nPakuot\u0117s matmenys<br \/>\n\u2013 20 \u00d7 20 \u00d7 9,5 cm<br \/>\nKomplekt\u0101 ietilpst:<br \/>\n\u2013 interaktyvi kli\u016b\u010di\u0173 trasa \u2013 4 automobiliukai<\/p>","protected":false},"excerpt":{"rendered":"<p>\ud83d\ude97\ud83c\udfa2 Interaktyvus kli\u016b\u010di\u0173 trasa\u2013parkingas vaikams su 4 automobiliais Interaktyvi automobili\u0173 kli\u016b\u010di\u0173 trasa \u2013 tai ne paprastas \u017eaislas, o tikra nuotyki\u0173<\/p>","protected":false},"featured_media":100331,"template":"","meta":{"_acf_changed":false,"_glsr_average":0,"_glsr_ranking":0,"_glsr_reviews":0},"product_brand":[],"product_cat":[448,229],"product_tag":[],"class_list":{"0":"post-100329","1":"product","2":"type-product","3":"status-publish","4":"has-post-thumbnail","6":"product_cat-automobiliai-ir-transportas","7":"product_cat-zaislai-vaikams","8":"\"style=\"background-color: #2ecc711c;\"","10":"first","11":"instock","12":"purchasable","13":"product-type-simple"},"acf":[],"yoast_head":"<!-- This site is optimized with the Yoast SEO plugin v27.3 - https:\/\/yoast.com\/product\/yoast-seo-wordpress\/ -->\n<title>Interaktyvus kli\u016b\u010di\u0173 trasa\u2013parkingas vaikams su 4 automobiliais<\/title>\n<meta name=\"description\" content=\"Interaktyvus kli\u016b\u010di\u0173 trasa\u2013parkingas vaikams su 4 automobiliais - KidsPlay. Did\u017eiausias vaik\u0173 \u017eaisl\u0173 pasirinkimas.\" \/>\n<meta name=\"robots\" content=\"index, follow, max-snippet:-1, max-image-preview:large, max-video-preview:-1\" \/>\n<link rel=\"canonical\" href=\"https:\/\/kidsplay.lt\/lv\/products\/interaktyvus-kliuciu-trasa-parkingas-vaikams-su-4-automobiliais\/\" \/>\n<meta property=\"og:locale\" content=\"lv_LV\" \/>\n<meta property=\"og:type\" content=\"article\" \/>\n<meta property=\"og:title\" content=\"Interaktyvus kli\u016b\u010di\u0173 trasa\u2013parkingas vaikams su 4 automobiliais\" \/>\n<meta property=\"og:description\" content=\"Interaktyvus kli\u016b\u010di\u0173 trasa\u2013parkingas vaikams su 4 automobiliais - KidsPlay. Did\u017eiausias vaik\u0173 \u017eaisl\u0173 pasirinkimas.\" \/>\n<meta property=\"og:url\" content=\"https:\/\/kidsplay.lt\/lv\/products\/interaktyvus-kliuciu-trasa-parkingas-vaikams-su-4-automobiliais\/\" \/>\n<meta property=\"og:site_name\" content=\"KidsPlay\" \/>\n<meta property=\"article:publisher\" content=\"https:\/\/www.facebook.com\/www.kidsplay.lt\" \/>\n<meta property=\"article:modified_time\" content=\"2026-04-10T05:54:54+00:00\" \/>\n<meta property=\"og:image\" content=\"https:\/\/kidsplay.lt\/wp-content\/uploads\/2026\/04\/Interaktyvus-kliuciu-trasa\u2013parkingas-vaikams-su-4-automobiliais.jpg\" \/>\n\t<meta property=\"og:image:width\" content=\"1000\" \/>\n\t<meta property=\"og:image:height\" content=\"1000\" \/>\n\t<meta property=\"og:image:type\" content=\"image\/jpeg\" \/>\n<meta name=\"twitter:card\" content=\"summary_large_image\" \/>\n<meta name=\"twitter:label1\" content=\"Est. reading time\" \/>\n\t<meta name=\"twitter:data1\" content=\"1 min\u016bte\" \/>\n<script type=\"application\/ld+json\" class=\"yoast-schema-graph\">{\"@context\":\"https:\\\/\\\/schema.org\",\"@graph\":[{\"@type\":\"WebPage\",\"@id\":\"https:\\\/\\\/kidsplay.lt\\\/produktas\\\/interaktyvus-kliuciu-trasa-parkingas-vaikams-su-4-automobiliais\\\/\",\"url\":\"https:\\\/\\\/kidsplay.lt\\\/produktas\\\/interaktyvus-kliuciu-trasa-parkingas-vaikams-su-4-automobiliais\\\/\",\"name\":\"Interaktyvus kli\u016b\u010di\u0173 trasa\u2013parkingas vaikams su 4 automobiliais\",\"isPartOf\":{\"@id\":\"https:\\\/\\\/kidsplay.lt\\\/#website\"},\"primaryImageOfPage\":{\"@id\":\"https:\\\/\\\/kidsplay.lt\\\/produktas\\\/interaktyvus-kliuciu-trasa-parkingas-vaikams-su-4-automobiliais\\\/#primaryimage\"},\"image\":{\"@id\":\"https:\\\/\\\/kidsplay.lt\\\/produktas\\\/interaktyvus-kliuciu-trasa-parkingas-vaikams-su-4-automobiliais\\\/#primaryimage\"},\"thumbnailUrl\":\"https:\\\/\\\/kidsplay.lt\\\/wp-content\\\/uploads\\\/2026\\\/04\\\/Interaktyvus-kliuciu-trasa\u2013parkingas-vaikams-su-4-automobiliais.jpg\",\"datePublished\":\"2026-04-04T07:34:05+00:00\",\"dateModified\":\"2026-04-10T05:54:54+00:00\",\"description\":\"Interaktyvus kli\u016b\u010di\u0173 trasa\u2013parkingas vaikams su 4 automobiliais - KidsPlay. Did\u017eiausias vaik\u0173 \u017eaisl\u0173 pasirinkimas.\",\"breadcrumb\":{\"@id\":\"https:\\\/\\\/kidsplay.lt\\\/produktas\\\/interaktyvus-kliuciu-trasa-parkingas-vaikams-su-4-automobiliais\\\/#breadcrumb\"},\"inLanguage\":\"lv-LV\",\"potentialAction\":[{\"@type\":\"ReadAction\",\"target\":[\"https:\\\/\\\/kidsplay.lt\\\/produktas\\\/interaktyvus-kliuciu-trasa-parkingas-vaikams-su-4-automobiliais\\\/\"]}]},{\"@type\":\"ImageObject\",\"inLanguage\":\"lv-LV\",\"@id\":\"https:\\\/\\\/kidsplay.lt\\\/produktas\\\/interaktyvus-kliuciu-trasa-parkingas-vaikams-su-4-automobiliais\\\/#primaryimage\",\"url\":\"https:\\\/\\\/kidsplay.lt\\\/wp-content\\\/uploads\\\/2026\\\/04\\\/Interaktyvus-kliuciu-trasa\u2013parkingas-vaikams-su-4-automobiliais.jpg\",\"contentUrl\":\"https:\\\/\\\/kidsplay.lt\\\/wp-content\\\/uploads\\\/2026\\\/04\\\/Interaktyvus-kliuciu-trasa\u2013parkingas-vaikams-su-4-automobiliais.jpg\",\"width\":1000,\"height\":1000,\"caption\":\"Interaktyvus kli\u016b\u010di\u0173 trasa\u2013parkingas vaikams su 4 automobiliais\"},{\"@type\":\"BreadcrumbList\",\"@id\":\"https:\\\/\\\/kidsplay.lt\\\/produktas\\\/interaktyvus-kliuciu-trasa-parkingas-vaikams-su-4-automobiliais\\\/#breadcrumb\",\"itemListElement\":[{\"@type\":\"ListItem\",\"position\":1,\"name\":\"Pagrindinis\",\"item\":\"https:\\\/\\\/kidsplay.lt\\\/\"},{\"@type\":\"ListItem\",\"position\":2,\"name\":\"Parduotuv\u0117\",\"item\":\"https:\\\/\\\/kidsplay.lt\\\/parduotuve\\\/\"},{\"@type\":\"ListItem\",\"position\":3,\"name\":\"Interaktyvus kli\u016b\u010di\u0173 trasa\u2013parkingas vaikams su 4 automobiliais\"}]},{\"@type\":\"WebSite\",\"@id\":\"https:\\\/\\\/kidsplay.lt\\\/#website\",\"url\":\"https:\\\/\\\/kidsplay.lt\\\/\",\"name\":\"Kidsplay.lt\",\"description\":\"\u012evairios prek\u0117s vaikams\",\"publisher\":{\"@id\":\"https:\\\/\\\/kidsplay.lt\\\/#organization\"},\"alternateName\":\"Kidsplay\",\"potentialAction\":[{\"@type\":\"SearchAction\",\"target\":{\"@type\":\"EntryPoint\",\"urlTemplate\":\"https:\\\/\\\/kidsplay.lt\\\/?s={search_term_string}\"},\"query-input\":{\"@type\":\"PropertyValueSpecification\",\"valueRequired\":true,\"valueName\":\"search_term_string\"}}],\"inLanguage\":\"lv-LV\"},{\"@type\":\"Organization\",\"@id\":\"https:\\\/\\\/kidsplay.lt\\\/#organization\",\"name\":\"KidsPlay\",\"url\":\"https:\\\/\\\/kidsplay.lt\\\/\",\"logo\":{\"@type\":\"ImageObject\",\"inLanguage\":\"lv-LV\",\"@id\":\"https:\\\/\\\/kidsplay.lt\\\/#\\\/schema\\\/logo\\\/image\\\/\",\"url\":\"https:\\\/\\\/kidsplay.lt\\\/wp-content\\\/uploads\\\/2023\\\/07\\\/kidsplay-logo.png\",\"contentUrl\":\"https:\\\/\\\/kidsplay.lt\\\/wp-content\\\/uploads\\\/2023\\\/07\\\/kidsplay-logo.png\",\"width\":451,\"height\":98,\"caption\":\"KidsPlay\"},\"image\":{\"@id\":\"https:\\\/\\\/kidsplay.lt\\\/#\\\/schema\\\/logo\\\/image\\\/\"},\"sameAs\":[\"https:\\\/\\\/www.facebook.com\\\/www.kidsplay.lt\"]}]}<\/script>\n<!-- \/ Yoast SEO plugin. -->","yoast_head_json":{"title":"Interakt\u012bva \u0161\u0137\u0113r\u0161\u013cu josla \u2013 autost\u0101vvieta b\u0113rniem ar 4 automa\u0161\u012bn\u0101m","description":"Interaktyvus kli\u016b\u010di\u0173 trasa\u2013parkingas vaikams su 4 automobiliais - KidsPlay. Did\u017eiausias vaik\u0173 \u017eaisl\u0173 pasirinkimas.","robots":{"index":"index","follow":"follow","max-snippet":"max-snippet:-1","max-image-preview":"max-image-preview:large","max-video-preview":"max-video-preview:-1"},"canonical":"https:\/\/kidsplay.lt\/lv\/products\/interaktyvus-kliuciu-trasa-parkingas-vaikams-su-4-automobiliais\/","og_locale":"lv_LV","og_type":"article","og_title":"Interaktyvus kli\u016b\u010di\u0173 trasa\u2013parkingas vaikams su 4 automobiliais","og_description":"Interaktyvus kli\u016b\u010di\u0173 trasa\u2013parkingas vaikams su 4 automobiliais - KidsPlay. Did\u017eiausias vaik\u0173 \u017eaisl\u0173 pasirinkimas.","og_url":"https:\/\/kidsplay.lt\/lv\/products\/interaktyvus-kliuciu-trasa-parkingas-vaikams-su-4-automobiliais\/","og_site_name":"KidsPlay","article_publisher":"https:\/\/www.facebook.com\/www.kidsplay.lt","article_modified_time":"2026-04-10T05:54:54+00:00","og_image":[{"width":1000,"height":1000,"url":"https:\/\/kidsplay.lt\/wp-content\/uploads\/2026\/04\/Interaktyvus-kliuciu-trasa\u2013parkingas-vaikams-su-4-automobiliais.jpg","type":"image\/jpeg"}],"twitter_card":"summary_large_image","twitter_misc":{"Est. reading time":"1 min\u016bte"},"schema":{"@context":"https:\/\/schema.org","@graph":[{"@type":"WebPage","@id":"https:\/\/kidsplay.lt\/produktas\/interaktyvus-kliuciu-trasa-parkingas-vaikams-su-4-automobiliais\/","url":"https:\/\/kidsplay.lt\/produktas\/interaktyvus-kliuciu-trasa-parkingas-vaikams-su-4-automobiliais\/","name":"Interakt\u012bva \u0161\u0137\u0113r\u0161\u013cu josla \u2013 autost\u0101vvieta b\u0113rniem ar 4 automa\u0161\u012bn\u0101m","isPartOf":{"@id":"https:\/\/kidsplay.lt\/#website"},"primaryImageOfPage":{"@id":"https:\/\/kidsplay.lt\/produktas\/interaktyvus-kliuciu-trasa-parkingas-vaikams-su-4-automobiliais\/#primaryimage"},"image":{"@id":"https:\/\/kidsplay.lt\/produktas\/interaktyvus-kliuciu-trasa-parkingas-vaikams-su-4-automobiliais\/#primaryimage"},"thumbnailUrl":"https:\/\/kidsplay.lt\/wp-content\/uploads\/2026\/04\/Interaktyvus-kliuciu-trasa\u2013parkingas-vaikams-su-4-automobiliais.jpg","datePublished":"2026-04-04T07:34:05+00:00","dateModified":"2026-04-10T05:54:54+00:00","description":"Interaktyvus kli\u016b\u010di\u0173 trasa\u2013parkingas vaikams su 4 automobiliais - KidsPlay. Did\u017eiausias vaik\u0173 \u017eaisl\u0173 pasirinkimas.","breadcrumb":{"@id":"https:\/\/kidsplay.lt\/produktas\/interaktyvus-kliuciu-trasa-parkingas-vaikams-su-4-automobiliais\/#breadcrumb"},"inLanguage":"lv-LV","potentialAction":[{"@type":"ReadAction","target":["https:\/\/kidsplay.lt\/produktas\/interaktyvus-kliuciu-trasa-parkingas-vaikams-su-4-automobiliais\/"]}]},{"@type":"ImageObject","inLanguage":"lv-LV","@id":"https:\/\/kidsplay.lt\/produktas\/interaktyvus-kliuciu-trasa-parkingas-vaikams-su-4-automobiliais\/#primaryimage","url":"https:\/\/kidsplay.lt\/wp-content\/uploads\/2026\/04\/Interaktyvus-kliuciu-trasa\u2013parkingas-vaikams-su-4-automobiliais.jpg","contentUrl":"https:\/\/kidsplay.lt\/wp-content\/uploads\/2026\/04\/Interaktyvus-kliuciu-trasa\u2013parkingas-vaikams-su-4-automobiliais.jpg","width":1000,"height":1000,"caption":"Interaktyvus kli\u016b\u010di\u0173 trasa\u2013parkingas vaikams su 4 automobiliais"},{"@type":"BreadcrumbList","@id":"https:\/\/kidsplay.lt\/produktas\/interaktyvus-kliuciu-trasa-parkingas-vaikams-su-4-automobiliais\/#breadcrumb","itemListElement":[{"@type":"ListItem","position":1,"name":"Pagrindinis","item":"https:\/\/kidsplay.lt\/"},{"@type":"ListItem","position":2,"name":"Parduotuv\u0117","item":"https:\/\/kidsplay.lt\/parduotuve\/"},{"@type":"ListItem","position":3,"name":"Interaktyvus kli\u016b\u010di\u0173 trasa\u2013parkingas vaikams su 4 automobiliais"}]},{"@type":"WebSite","@id":"https:\/\/kidsplay.lt\/#website","url":"https:\/\/kidsplay.lt\/","name":"B\u0113rnu sp\u0113les.lv","description":"\u012evairios prek\u0117s vaikams","publisher":{"@id":"https:\/\/kidsplay.lt\/#organization"},"alternateName":"Kidsplay","potentialAction":[{"@type":"SearchAction","target":{"@type":"EntryPoint","urlTemplate":"https:\/\/kidsplay.lt\/?s={search_term_string}"},"query-input":{"@type":"PropertyValueSpecification","valueRequired":true,"valueName":"search_term_string"}}],"inLanguage":"lv-LV"},{"@type":"Organization","@id":"https:\/\/kidsplay.lt\/#organization","name":"B\u0113rnu sp\u0113le","url":"https:\/\/kidsplay.lt\/","logo":{"@type":"ImageObject","inLanguage":"lv-LV","@id":"https:\/\/kidsplay.lt\/#\/schema\/logo\/image\/","url":"https:\/\/kidsplay.lt\/wp-content\/uploads\/2023\/07\/kidsplay-logo.png","contentUrl":"https:\/\/kidsplay.lt\/wp-content\/uploads\/2023\/07\/kidsplay-logo.png","width":451,"height":98,"caption":"KidsPlay"},"image":{"@id":"https:\/\/kidsplay.lt\/#\/schema\/logo\/image\/"},"sameAs":["https:\/\/www.facebook.com\/www.kidsplay.lt"]}]}},"_links":{"self":[{"href":"https:\/\/kidsplay.lt\/lv\/wp-json\/wp\/v2\/product\/100329","targetHints":{"allow":["GET"]}}],"collection":[{"href":"https:\/\/kidsplay.lt\/lv\/wp-json\/wp\/v2\/product"}],"about":[{"href":"https:\/\/kidsplay.lt\/lv\/wp-json\/wp\/v2\/types\/product"}],"version-history":[{"count":1,"href":"https:\/\/kidsplay.lt\/lv\/wp-json\/wp\/v2\/product\/100329\/revisions"}],"predecessor-version":[{"id":100330,"href":"https:\/\/kidsplay.lt\/lv\/wp-json\/wp\/v2\/product\/100329\/revisions\/100330"}],"wp:featuredmedia":[{"embeddable":true,"href":"https:\/\/kidsplay.lt\/lv\/wp-json\/wp\/v2\/media\/100331"}],"wp:attachment":[{"href":"https:\/\/kidsplay.lt\/lv\/wp-json\/wp\/v2\/media?parent=100329"}],"wp:term":[{"taxonomy":"product_brand","embeddable":true,"href":"https:\/\/kidsplay.lt\/lv\/wp-json\/wp\/v2\/product_brand?post=100329"},{"taxonomy":"product_cat","embeddable":true,"href":"https:\/\/kidsplay.lt\/lv\/wp-json\/wp\/v2\/product_cat?post=100329"},{"taxonomy":"product_tag","embeddable":true,"href":"https:\/\/kidsplay.lt\/lv\/wp-json\/wp\/v2\/product_tag?post=100329"}],"curies":[{"name":"wp","href":"https:\/\/api.w.org\/{rel}","templated":true}]}}