{"id":100350,"date":"2026-04-04T10:34:44","date_gmt":"2026-04-04T07:34:44","guid":{"rendered":"https:\/\/kidsplay.lt\/produktas\/didelis-zalias-traktorius-su-trinties-pavara-ukininko-transporto-priemone\/"},"modified":"2026-04-17T18:29:41","modified_gmt":"2026-04-17T15:29:41","slug":"didelis-zalias-traktorius-su-trinties-pavara-ukininko-transporto-priemone","status":"publish","type":"product","link":"https:\/\/kidsplay.lt\/lv\/products\/didelis-zalias-traktorius-su-trinties-pavara-ukininko-transporto-priemone\/","title":{"rendered":"Liels za\u013c\u0161 traktors ar berzes piedzi\u0146u - lauksaimnieka transportl\u012bdzeklis"},"content":{"rendered":"<p>\ud83d\ude9c\ud83c\udf3e Didelis \u017ealias traktorius su trinties pavara \u2013 \u016bkininko transporto priemon\u0117<br \/>\nAtrask \u012fsp\u016bding\u0105, didel\u012f \u017eali\u0105 traktori\u0173 \u2013 \u017eaisl\u0105, kuris taps neatsiejamu kiekvieno ma\u017eojo \u016bkininko \u017eaidim\u0173 palydovu. Realisti\u0161ka i\u0161vaizda, funkcionalumas ir tvirta konstrukcija suteikia vaikui galimyb\u0119 kurti tikrovi\u0161kas \u016bkio scenas ir pasinerti \u012f k\u016brybi\u0161k\u0105 \u017eaidim\u0105.<\/p>\n<p>Traktorius turi trinties pavar\u0105, tod\u0117l past\u016bmus j\u012f \u012f priek\u012f, jis pats nuva\u017eiuoja toliau \u2013 tai suteikia \u017eaidimui dinamikos ir d\u017eiaugsmo. Atidaromas variklio dangtis leid\u017eia ma\u017eiesiems \u201emechanikams\u201c ap\u017ei\u016br\u0117ti vid\u0173 ir \u201eremontuoti\u201c savo technik\u0105. Atidaroma kabina suteikia galimyb\u0119 \u012f vid\u0173 \u012fstatyti fig\u016br\u0117les ir kurti dar realesnes \u016bkio istorijas.<\/p>\n<p>Ry\u0161kiai \u017ealia spalva primena tradicinius \u017eem\u0117s \u016bkio traktorius, tod\u0117l \u017eaislas atrodo itin tikrovi\u0161kai ir patraukliai. Tai puikus pasirinkimas vaikams, m\u0117gstantiems technik\u0105, \u016bkininkavim\u0105 ir aktyv\u0173 \u017eaidim\u0105.<\/p>\n<p>\u017daislas turi CE sertifikat\u0105, atitinka EN71 standart\u0105 ir yra skirtas vaikams nuo 3 met\u0173.<br \/>\nTraktoriaus matmenys<br \/>\n\u2013 37 \u00d7 23 \u00d7 22 cm<br \/>\nIepakojuma izm\u0113ri<br \/>\n\u2013 44 \u00d7 25 \u00d7 25 cm<br \/>\nKomplekt\u0101 ietilpst:<br \/>\n\u2013 didelis \u017ealias traktorius su trinties pavara<\/p>","protected":false},"excerpt":{"rendered":"<p>\ud83d\ude9c\ud83c\udf3e Didelis \u017ealias traktorius su trinties pavara \u2013 \u016bkininko transporto priemon\u0117 Atrask \u012fsp\u016bding\u0105, didel\u012f \u017eali\u0105 traktori\u0173 \u2013 \u017eaisl\u0105, kuris taps<\/p>","protected":false},"featured_media":100352,"template":"","meta":{"_acf_changed":false,"_glsr_average":0,"_glsr_ranking":0,"_glsr_reviews":0},"product_brand":[],"product_cat":[448,229],"product_tag":[],"class_list":{"0":"post-100350","1":"product","2":"type-product","3":"status-publish","4":"has-post-thumbnail","6":"product_cat-automobiliai-ir-transportas","7":"product_cat-zaislai-vaikams","8":"\"style=\"background-color: #2ecc711c;\"","10":"first","11":"instock","12":"purchasable","13":"product-type-simple"},"acf":[],"yoast_head":"<!-- This site is optimized with the Yoast SEO plugin v27.4 - https:\/\/yoast.com\/product\/yoast-seo-wordpress\/ -->\n<title>Didelis \u017ealias traktorius su trinties pavara \u2013 \u016bkininko transporto priemon\u0117<\/title>\n<meta name=\"description\" content=\"Didelis \u017ealias traktorius su trinties pavara \u2013 \u016bkininko transporto priemon\u0117 - KidsPlay. Did\u017eiausias vaik\u0173 \u017eaisl\u0173 pasirinkimas.\" \/>\n<meta name=\"robots\" content=\"index, follow, max-snippet:-1, max-image-preview:large, max-video-preview:-1\" \/>\n<link rel=\"canonical\" href=\"https:\/\/kidsplay.lt\/lv\/products\/didelis-zalias-traktorius-su-trinties-pavara-ukininko-transporto-priemone\/\" \/>\n<meta property=\"og:locale\" content=\"lv_LV\" \/>\n<meta property=\"og:type\" content=\"article\" \/>\n<meta property=\"og:title\" content=\"Didelis \u017ealias traktorius su trinties pavara \u2013 \u016bkininko transporto priemon\u0117\" \/>\n<meta property=\"og:description\" content=\"Didelis \u017ealias traktorius su trinties pavara \u2013 \u016bkininko transporto priemon\u0117 - KidsPlay. Did\u017eiausias vaik\u0173 \u017eaisl\u0173 pasirinkimas.\" \/>\n<meta property=\"og:url\" content=\"https:\/\/kidsplay.lt\/lv\/products\/didelis-zalias-traktorius-su-trinties-pavara-ukininko-transporto-priemone\/\" \/>\n<meta property=\"og:site_name\" content=\"KidsPlay\" \/>\n<meta property=\"article:publisher\" content=\"https:\/\/www.facebook.com\/www.kidsplay.lt\" \/>\n<meta property=\"article:modified_time\" content=\"2026-04-17T15:29:41+00:00\" \/>\n<meta property=\"og:image\" content=\"https:\/\/kidsplay.lt\/wp-content\/uploads\/2026\/04\/Didelis-zalias-traktorius-su-trinties-pavara-\u2013-ukininko-transporto-priemone.png\" \/>\n\t<meta property=\"og:image:width\" content=\"1000\" \/>\n\t<meta property=\"og:image:height\" content=\"707\" \/>\n\t<meta property=\"og:image:type\" content=\"image\/png\" \/>\n<meta name=\"twitter:card\" content=\"summary_large_image\" \/>\n<meta name=\"twitter:label1\" content=\"Est. reading time\" \/>\n\t<meta name=\"twitter:data1\" content=\"1 min\u016bte\" \/>\n<script type=\"application\/ld+json\" class=\"yoast-schema-graph\">{\"@context\":\"https:\\\/\\\/schema.org\",\"@graph\":[{\"@type\":\"WebPage\",\"@id\":\"https:\\\/\\\/kidsplay.lt\\\/produktas\\\/didelis-zalias-traktorius-su-trinties-pavara-ukininko-transporto-priemone\\\/\",\"url\":\"https:\\\/\\\/kidsplay.lt\\\/produktas\\\/didelis-zalias-traktorius-su-trinties-pavara-ukininko-transporto-priemone\\\/\",\"name\":\"Didelis \u017ealias traktorius su trinties pavara \u2013 \u016bkininko transporto priemon\u0117\",\"isPartOf\":{\"@id\":\"https:\\\/\\\/kidsplay.lt\\\/#website\"},\"primaryImageOfPage\":{\"@id\":\"https:\\\/\\\/kidsplay.lt\\\/produktas\\\/didelis-zalias-traktorius-su-trinties-pavara-ukininko-transporto-priemone\\\/#primaryimage\"},\"image\":{\"@id\":\"https:\\\/\\\/kidsplay.lt\\\/produktas\\\/didelis-zalias-traktorius-su-trinties-pavara-ukininko-transporto-priemone\\\/#primaryimage\"},\"thumbnailUrl\":\"https:\\\/\\\/kidsplay.lt\\\/wp-content\\\/uploads\\\/2026\\\/04\\\/Didelis-zalias-traktorius-su-trinties-pavara-\u2013-ukininko-transporto-priemone.png\",\"datePublished\":\"2026-04-04T07:34:44+00:00\",\"dateModified\":\"2026-04-17T15:29:41+00:00\",\"description\":\"Didelis \u017ealias traktorius su trinties pavara \u2013 \u016bkininko transporto priemon\u0117 - KidsPlay. Did\u017eiausias vaik\u0173 \u017eaisl\u0173 pasirinkimas.\",\"breadcrumb\":{\"@id\":\"https:\\\/\\\/kidsplay.lt\\\/produktas\\\/didelis-zalias-traktorius-su-trinties-pavara-ukininko-transporto-priemone\\\/#breadcrumb\"},\"inLanguage\":\"lv-LV\",\"potentialAction\":[{\"@type\":\"ReadAction\",\"target\":[\"https:\\\/\\\/kidsplay.lt\\\/produktas\\\/didelis-zalias-traktorius-su-trinties-pavara-ukininko-transporto-priemone\\\/\"]}]},{\"@type\":\"ImageObject\",\"inLanguage\":\"lv-LV\",\"@id\":\"https:\\\/\\\/kidsplay.lt\\\/produktas\\\/didelis-zalias-traktorius-su-trinties-pavara-ukininko-transporto-priemone\\\/#primaryimage\",\"url\":\"https:\\\/\\\/kidsplay.lt\\\/wp-content\\\/uploads\\\/2026\\\/04\\\/Didelis-zalias-traktorius-su-trinties-pavara-\u2013-ukininko-transporto-priemone.png\",\"contentUrl\":\"https:\\\/\\\/kidsplay.lt\\\/wp-content\\\/uploads\\\/2026\\\/04\\\/Didelis-zalias-traktorius-su-trinties-pavara-\u2013-ukininko-transporto-priemone.png\",\"width\":1000,\"height\":707,\"caption\":\"Didelis \u017ealias traktorius su trinties pavara \u2013 \u016bkininko transporto priemon\u0117\"},{\"@type\":\"BreadcrumbList\",\"@id\":\"https:\\\/\\\/kidsplay.lt\\\/produktas\\\/didelis-zalias-traktorius-su-trinties-pavara-ukininko-transporto-priemone\\\/#breadcrumb\",\"itemListElement\":[{\"@type\":\"ListItem\",\"position\":1,\"name\":\"Pagrindinis\",\"item\":\"https:\\\/\\\/kidsplay.lt\\\/\"},{\"@type\":\"ListItem\",\"position\":2,\"name\":\"Parduotuv\u0117\",\"item\":\"https:\\\/\\\/kidsplay.lt\\\/parduotuve\\\/\"},{\"@type\":\"ListItem\",\"position\":3,\"name\":\"Didelis \u017ealias traktorius su trinties pavara \u2013 \u016bkininko transporto priemon\u0117\"}]},{\"@type\":\"WebSite\",\"@id\":\"https:\\\/\\\/kidsplay.lt\\\/#website\",\"url\":\"https:\\\/\\\/kidsplay.lt\\\/\",\"name\":\"Kidsplay.lt\",\"description\":\"\u012evairios prek\u0117s vaikams\",\"publisher\":{\"@id\":\"https:\\\/\\\/kidsplay.lt\\\/#organization\"},\"alternateName\":\"Kidsplay\",\"potentialAction\":[{\"@type\":\"SearchAction\",\"target\":{\"@type\":\"EntryPoint\",\"urlTemplate\":\"https:\\\/\\\/kidsplay.lt\\\/?s={search_term_string}\"},\"query-input\":{\"@type\":\"PropertyValueSpecification\",\"valueRequired\":true,\"valueName\":\"search_term_string\"}}],\"inLanguage\":\"lv-LV\"},{\"@type\":\"Organization\",\"@id\":\"https:\\\/\\\/kidsplay.lt\\\/#organization\",\"name\":\"KidsPlay\",\"url\":\"https:\\\/\\\/kidsplay.lt\\\/\",\"logo\":{\"@type\":\"ImageObject\",\"inLanguage\":\"lv-LV\",\"@id\":\"https:\\\/\\\/kidsplay.lt\\\/#\\\/schema\\\/logo\\\/image\\\/\",\"url\":\"https:\\\/\\\/kidsplay.lt\\\/wp-content\\\/uploads\\\/2023\\\/07\\\/kidsplay-logo.png\",\"contentUrl\":\"https:\\\/\\\/kidsplay.lt\\\/wp-content\\\/uploads\\\/2023\\\/07\\\/kidsplay-logo.png\",\"width\":451,\"height\":98,\"caption\":\"KidsPlay\"},\"image\":{\"@id\":\"https:\\\/\\\/kidsplay.lt\\\/#\\\/schema\\\/logo\\\/image\\\/\"},\"sameAs\":[\"https:\\\/\\\/www.facebook.com\\\/www.kidsplay.lt\"]}]}<\/script>\n<!-- \/ Yoast SEO plugin. -->","yoast_head_json":{"title":"Liels za\u013c\u0161 traktors ar berzes piedzi\u0146u - lauksaimnieka transportl\u012bdzeklis","description":"Didelis \u017ealias traktorius su trinties pavara \u2013 \u016bkininko transporto priemon\u0117 - KidsPlay. Did\u017eiausias vaik\u0173 \u017eaisl\u0173 pasirinkimas.","robots":{"index":"index","follow":"follow","max-snippet":"max-snippet:-1","max-image-preview":"max-image-preview:large","max-video-preview":"max-video-preview:-1"},"canonical":"https:\/\/kidsplay.lt\/lv\/products\/didelis-zalias-traktorius-su-trinties-pavara-ukininko-transporto-priemone\/","og_locale":"lv_LV","og_type":"article","og_title":"Didelis \u017ealias traktorius su trinties pavara \u2013 \u016bkininko transporto priemon\u0117","og_description":"Didelis \u017ealias traktorius su trinties pavara \u2013 \u016bkininko transporto priemon\u0117 - KidsPlay. Did\u017eiausias vaik\u0173 \u017eaisl\u0173 pasirinkimas.","og_url":"https:\/\/kidsplay.lt\/lv\/products\/didelis-zalias-traktorius-su-trinties-pavara-ukininko-transporto-priemone\/","og_site_name":"KidsPlay","article_publisher":"https:\/\/www.facebook.com\/www.kidsplay.lt","article_modified_time":"2026-04-17T15:29:41+00:00","og_image":[{"width":1000,"height":707,"url":"https:\/\/kidsplay.lt\/wp-content\/uploads\/2026\/04\/Didelis-zalias-traktorius-su-trinties-pavara-\u2013-ukininko-transporto-priemone.png","type":"image\/png"}],"twitter_card":"summary_large_image","twitter_misc":{"Est. reading time":"1 min\u016bte"},"schema":{"@context":"https:\/\/schema.org","@graph":[{"@type":"WebPage","@id":"https:\/\/kidsplay.lt\/produktas\/didelis-zalias-traktorius-su-trinties-pavara-ukininko-transporto-priemone\/","url":"https:\/\/kidsplay.lt\/produktas\/didelis-zalias-traktorius-su-trinties-pavara-ukininko-transporto-priemone\/","name":"Liels za\u013c\u0161 traktors ar berzes piedzi\u0146u - lauksaimnieka transportl\u012bdzeklis","isPartOf":{"@id":"https:\/\/kidsplay.lt\/#website"},"primaryImageOfPage":{"@id":"https:\/\/kidsplay.lt\/produktas\/didelis-zalias-traktorius-su-trinties-pavara-ukininko-transporto-priemone\/#primaryimage"},"image":{"@id":"https:\/\/kidsplay.lt\/produktas\/didelis-zalias-traktorius-su-trinties-pavara-ukininko-transporto-priemone\/#primaryimage"},"thumbnailUrl":"https:\/\/kidsplay.lt\/wp-content\/uploads\/2026\/04\/Didelis-zalias-traktorius-su-trinties-pavara-\u2013-ukininko-transporto-priemone.png","datePublished":"2026-04-04T07:34:44+00:00","dateModified":"2026-04-17T15:29:41+00:00","description":"Didelis \u017ealias traktorius su trinties pavara \u2013 \u016bkininko transporto priemon\u0117 - KidsPlay. Did\u017eiausias vaik\u0173 \u017eaisl\u0173 pasirinkimas.","breadcrumb":{"@id":"https:\/\/kidsplay.lt\/produktas\/didelis-zalias-traktorius-su-trinties-pavara-ukininko-transporto-priemone\/#breadcrumb"},"inLanguage":"lv-LV","potentialAction":[{"@type":"ReadAction","target":["https:\/\/kidsplay.lt\/produktas\/didelis-zalias-traktorius-su-trinties-pavara-ukininko-transporto-priemone\/"]}]},{"@type":"ImageObject","inLanguage":"lv-LV","@id":"https:\/\/kidsplay.lt\/produktas\/didelis-zalias-traktorius-su-trinties-pavara-ukininko-transporto-priemone\/#primaryimage","url":"https:\/\/kidsplay.lt\/wp-content\/uploads\/2026\/04\/Didelis-zalias-traktorius-su-trinties-pavara-\u2013-ukininko-transporto-priemone.png","contentUrl":"https:\/\/kidsplay.lt\/wp-content\/uploads\/2026\/04\/Didelis-zalias-traktorius-su-trinties-pavara-\u2013-ukininko-transporto-priemone.png","width":1000,"height":707,"caption":"Didelis \u017ealias traktorius su trinties pavara \u2013 \u016bkininko transporto priemon\u0117"},{"@type":"BreadcrumbList","@id":"https:\/\/kidsplay.lt\/produktas\/didelis-zalias-traktorius-su-trinties-pavara-ukininko-transporto-priemone\/#breadcrumb","itemListElement":[{"@type":"ListItem","position":1,"name":"Pagrindinis","item":"https:\/\/kidsplay.lt\/"},{"@type":"ListItem","position":2,"name":"Parduotuv\u0117","item":"https:\/\/kidsplay.lt\/parduotuve\/"},{"@type":"ListItem","position":3,"name":"Didelis \u017ealias traktorius su trinties pavara \u2013 \u016bkininko transporto priemon\u0117"}]},{"@type":"WebSite","@id":"https:\/\/kidsplay.lt\/#website","url":"https:\/\/kidsplay.lt\/","name":"B\u0113rnu sp\u0113les.lv","description":"\u012evairios prek\u0117s vaikams","publisher":{"@id":"https:\/\/kidsplay.lt\/#organization"},"alternateName":"Kidsplay","potentialAction":[{"@type":"SearchAction","target":{"@type":"EntryPoint","urlTemplate":"https:\/\/kidsplay.lt\/?s={search_term_string}"},"query-input":{"@type":"PropertyValueSpecification","valueRequired":true,"valueName":"search_term_string"}}],"inLanguage":"lv-LV"},{"@type":"Organization","@id":"https:\/\/kidsplay.lt\/#organization","name":"B\u0113rnu sp\u0113le","url":"https:\/\/kidsplay.lt\/","logo":{"@type":"ImageObject","inLanguage":"lv-LV","@id":"https:\/\/kidsplay.lt\/#\/schema\/logo\/image\/","url":"https:\/\/kidsplay.lt\/wp-content\/uploads\/2023\/07\/kidsplay-logo.png","contentUrl":"https:\/\/kidsplay.lt\/wp-content\/uploads\/2023\/07\/kidsplay-logo.png","width":451,"height":98,"caption":"KidsPlay"},"image":{"@id":"https:\/\/kidsplay.lt\/#\/schema\/logo\/image\/"},"sameAs":["https:\/\/www.facebook.com\/www.kidsplay.lt"]}]}},"_links":{"self":[{"href":"https:\/\/kidsplay.lt\/lv\/wp-json\/wp\/v2\/product\/100350","targetHints":{"allow":["GET"]}}],"collection":[{"href":"https:\/\/kidsplay.lt\/lv\/wp-json\/wp\/v2\/product"}],"about":[{"href":"https:\/\/kidsplay.lt\/lv\/wp-json\/wp\/v2\/types\/product"}],"version-history":[{"count":1,"href":"https:\/\/kidsplay.lt\/lv\/wp-json\/wp\/v2\/product\/100350\/revisions"}],"predecessor-version":[{"id":100351,"href":"https:\/\/kidsplay.lt\/lv\/wp-json\/wp\/v2\/product\/100350\/revisions\/100351"}],"wp:featuredmedia":[{"embeddable":true,"href":"https:\/\/kidsplay.lt\/lv\/wp-json\/wp\/v2\/media\/100352"}],"wp:attachment":[{"href":"https:\/\/kidsplay.lt\/lv\/wp-json\/wp\/v2\/media?parent=100350"}],"wp:term":[{"taxonomy":"product_brand","embeddable":true,"href":"https:\/\/kidsplay.lt\/lv\/wp-json\/wp\/v2\/product_brand?post=100350"},{"taxonomy":"product_cat","embeddable":true,"href":"https:\/\/kidsplay.lt\/lv\/wp-json\/wp\/v2\/product_cat?post=100350"},{"taxonomy":"product_tag","embeddable":true,"href":"https:\/\/kidsplay.lt\/lv\/wp-json\/wp\/v2\/product_tag?post=100350"}],"curies":[{"name":"wp","href":"https:\/\/api.w.org\/{rel}","templated":true}]}}