{"id":100378,"date":"2026-04-04T10:35:53","date_gmt":"2026-04-04T07:35:53","guid":{"rendered":"https:\/\/kidsplay.lt\/produktas\/interaktyvus-zaislas-mazyliams-spalvoti-kamuoliukai-su-kalimo-stalu-ir-garsais\/"},"modified":"2026-04-13T10:03:45","modified_gmt":"2026-04-13T07:03:45","slug":"interaktyvus-zaislas-mazyliams-spalvoti-kamuoliukai-su-kalimo-stalu-ir-garsais","status":"publish","type":"product","link":"https:\/\/kidsplay.lt\/lv\/products\/interaktyvus-zaislas-mazyliams-spalvoti-kamuoliukai-su-kalimo-stalu-ir-garsais\/","title":{"rendered":"Interaktyvus \u017eaislas ma\u017eyliams \u2013 spalvoti kamuoliukai su kalimo stalu ir garsais"},"content":{"rendered":"<p>\ud83c\udfaf\ud83d\udd28 Interaktyvus \u017eaislas ma\u017eyliams \u2013 spalvoti kamuoliukai su kalimo stalu ir garsais<br \/>\nSpalvot\u0173 kamuoliuk\u0173 kalimo \u017eaislas \u2013 tai interaktyvus, smagus ir lavinantis \u017eaidimas, sukurtas specialiai ma\u017eiesiems tyrin\u0117tojams. Jo tikslas \u2013 ne tik suteikti vaikui daug d\u017eiaugsmo, bet ir skatinti fizin\u012f, sensorin\u012f ir motorin\u012f vystym\u0105si.<\/p>\n<p>Rinkin\u012f sudaro spalvingas staliukas su skylut\u0117mis vir\u0161uje, \u012f kurias vaikas gali kalti plastikinius kamuoliukus naudodamas komplekte esant\u012f plaktuk\u0105. Kiekvien\u0105 kart\u0105 pataikius, kamuoliukas dingsta i\u0161 vaiko matymo lauko, o v\u0117liau netik\u0117tai i\u0161rieda tuneliu stalo priekyje, sukeldamas daug juoko ir nuostabos.<\/p>\n<p>Plaktukas skleid\u017eia juokingus garsus, kurie dar labiau \u012ftraukia vaik\u0105 ir skatina t\u0119sti \u017eaidim\u0105. Tokia veikla padeda vaikui suprasti prie\u017easties\u2013pasekm\u0117s ry\u0161ius, lavina rank\u0173\u2013aki\u0173 koordinacij\u0105, stiprina rank\u0173 raumenis ir gerina d\u0117mesio sutelkim\u0105.<\/p>\n<p>Rinkin\u012f sudaro staliukas, 6 spalvoti kamuoliukai ir garsus skleid\u017eiantis plaktukas \u2013 tai u\u017etikrina ilgas valandas \u012fdomaus ir edukacinio \u017eaidimo.<\/p>\n<p>\u017daislas maitinamas 2 \u00d7 AA 1,5 V baterijomis (nepridedamos).<\/p>\n<p>\u017daislas turi CE sertifikat\u0105, atitinka EN71 standart\u0105 ir yra skirtas vaikams nuo 3 met\u0173.<\/p>\n<p>\u2b50 \u017daislo matmenys<\/p>\n<p> \t21 \u00d7 29,5 \u00d7 13,5 cm<\/p>\n<p>\u2b50 Pakuot\u0117s matmenys<\/p>\n<p> \t24 \u00d7 20,5 \u00d7 18 cm<\/p>\n<p>\u2b50 Rinkinyje yra<\/p>\n<p> \tinteraktyvus kalimo staliukas<br \/>\n \t6 spalvoti kamuoliukai<br \/>\n \tgarsus skleid\u017eiantis plaktukas<\/p>","protected":false},"excerpt":{"rendered":"<p>\ud83c\udfaf\ud83d\udd28 Interaktyvus \u017eaislas ma\u017eyliams \u2013 spalvoti kamuoliukai su kalimo stalu ir garsais Spalvot\u0173 kamuoliuk\u0173 kalimo \u017eaislas \u2013 tai interaktyvus, smagus<\/p>","protected":false},"featured_media":100380,"template":"","meta":{"_acf_changed":false,"_glsr_average":0,"_glsr_ranking":0,"_glsr_reviews":0},"product_brand":[],"product_cat":[396,229],"product_tag":[],"class_list":{"0":"post-100378","1":"product","2":"type-product","3":"status-publish","4":"has-post-thumbnail","6":"product_cat-kudikiu-zaislai-vaikams2","7":"product_cat-zaislai-vaikams","8":"\"style=\"background-color: #2ecc711c;\"","10":"first","11":"instock","12":"purchasable","13":"product-type-simple"},"acf":[],"yoast_head":"<!-- This site is optimized with the Yoast SEO plugin v27.3 - https:\/\/yoast.com\/product\/yoast-seo-wordpress\/ -->\n<title>Interaktyvus \u017eaislas ma\u017eyliams \u2013 spalvoti kamuoliukai su kalimo stalu ir garsais<\/title>\n<meta name=\"description\" content=\"Interaktyvus \u017eaislas ma\u017eyliams \u2013 spalvoti kamuoliukai su kalimo stalu ir garsais - KidsPlay. Did\u017eiausias vaik\u0173 \u017eaisl\u0173 pasirinkimas.\" \/>\n<meta name=\"robots\" content=\"index, follow, max-snippet:-1, max-image-preview:large, max-video-preview:-1\" \/>\n<link rel=\"canonical\" href=\"https:\/\/kidsplay.lt\/lv\/products\/interaktyvus-zaislas-mazyliams-spalvoti-kamuoliukai-su-kalimo-stalu-ir-garsais\/\" \/>\n<meta property=\"og:locale\" content=\"lv_LV\" \/>\n<meta property=\"og:type\" content=\"article\" \/>\n<meta property=\"og:title\" content=\"Interaktyvus \u017eaislas ma\u017eyliams \u2013 spalvoti kamuoliukai su kalimo stalu ir garsais\" \/>\n<meta property=\"og:description\" content=\"Interaktyvus \u017eaislas ma\u017eyliams \u2013 spalvoti kamuoliukai su kalimo stalu ir garsais - KidsPlay. Did\u017eiausias vaik\u0173 \u017eaisl\u0173 pasirinkimas.\" \/>\n<meta property=\"og:url\" content=\"https:\/\/kidsplay.lt\/lv\/products\/interaktyvus-zaislas-mazyliams-spalvoti-kamuoliukai-su-kalimo-stalu-ir-garsais\/\" \/>\n<meta property=\"og:site_name\" content=\"KidsPlay\" \/>\n<meta property=\"article:publisher\" content=\"https:\/\/www.facebook.com\/www.kidsplay.lt\" \/>\n<meta property=\"article:modified_time\" content=\"2026-04-13T07:03:45+00:00\" \/>\n<meta property=\"og:image\" content=\"https:\/\/kidsplay.lt\/wp-content\/uploads\/2026\/04\/Interaktyvus-zaislas-mazyliams-\u2013-spalvoti-kamuoliukai-su-kalimo-stalu-ir-garsais.png\" \/>\n\t<meta property=\"og:image:width\" content=\"1000\" \/>\n\t<meta property=\"og:image:height\" content=\"707\" \/>\n\t<meta property=\"og:image:type\" content=\"image\/png\" \/>\n<meta name=\"twitter:card\" content=\"summary_large_image\" \/>\n<meta name=\"twitter:label1\" content=\"Est. reading time\" \/>\n\t<meta name=\"twitter:data1\" content=\"1 min\u016bte\" \/>\n<script type=\"application\/ld+json\" class=\"yoast-schema-graph\">{\"@context\":\"https:\\\/\\\/schema.org\",\"@graph\":[{\"@type\":\"WebPage\",\"@id\":\"https:\\\/\\\/kidsplay.lt\\\/produktas\\\/interaktyvus-zaislas-mazyliams-spalvoti-kamuoliukai-su-kalimo-stalu-ir-garsais\\\/\",\"url\":\"https:\\\/\\\/kidsplay.lt\\\/produktas\\\/interaktyvus-zaislas-mazyliams-spalvoti-kamuoliukai-su-kalimo-stalu-ir-garsais\\\/\",\"name\":\"Interaktyvus \u017eaislas ma\u017eyliams \u2013 spalvoti kamuoliukai su kalimo stalu ir garsais\",\"isPartOf\":{\"@id\":\"https:\\\/\\\/kidsplay.lt\\\/#website\"},\"primaryImageOfPage\":{\"@id\":\"https:\\\/\\\/kidsplay.lt\\\/produktas\\\/interaktyvus-zaislas-mazyliams-spalvoti-kamuoliukai-su-kalimo-stalu-ir-garsais\\\/#primaryimage\"},\"image\":{\"@id\":\"https:\\\/\\\/kidsplay.lt\\\/produktas\\\/interaktyvus-zaislas-mazyliams-spalvoti-kamuoliukai-su-kalimo-stalu-ir-garsais\\\/#primaryimage\"},\"thumbnailUrl\":\"https:\\\/\\\/kidsplay.lt\\\/wp-content\\\/uploads\\\/2026\\\/04\\\/Interaktyvus-zaislas-mazyliams-\u2013-spalvoti-kamuoliukai-su-kalimo-stalu-ir-garsais.png\",\"datePublished\":\"2026-04-04T07:35:53+00:00\",\"dateModified\":\"2026-04-13T07:03:45+00:00\",\"description\":\"Interaktyvus \u017eaislas ma\u017eyliams \u2013 spalvoti kamuoliukai su kalimo stalu ir garsais - KidsPlay. Did\u017eiausias vaik\u0173 \u017eaisl\u0173 pasirinkimas.\",\"breadcrumb\":{\"@id\":\"https:\\\/\\\/kidsplay.lt\\\/produktas\\\/interaktyvus-zaislas-mazyliams-spalvoti-kamuoliukai-su-kalimo-stalu-ir-garsais\\\/#breadcrumb\"},\"inLanguage\":\"lv-LV\",\"potentialAction\":[{\"@type\":\"ReadAction\",\"target\":[\"https:\\\/\\\/kidsplay.lt\\\/produktas\\\/interaktyvus-zaislas-mazyliams-spalvoti-kamuoliukai-su-kalimo-stalu-ir-garsais\\\/\"]}]},{\"@type\":\"ImageObject\",\"inLanguage\":\"lv-LV\",\"@id\":\"https:\\\/\\\/kidsplay.lt\\\/produktas\\\/interaktyvus-zaislas-mazyliams-spalvoti-kamuoliukai-su-kalimo-stalu-ir-garsais\\\/#primaryimage\",\"url\":\"https:\\\/\\\/kidsplay.lt\\\/wp-content\\\/uploads\\\/2026\\\/04\\\/Interaktyvus-zaislas-mazyliams-\u2013-spalvoti-kamuoliukai-su-kalimo-stalu-ir-garsais.png\",\"contentUrl\":\"https:\\\/\\\/kidsplay.lt\\\/wp-content\\\/uploads\\\/2026\\\/04\\\/Interaktyvus-zaislas-mazyliams-\u2013-spalvoti-kamuoliukai-su-kalimo-stalu-ir-garsais.png\",\"width\":1000,\"height\":707,\"caption\":\"Interaktyvus \u017eaislas ma\u017eyliams \u2013 spalvoti kamuoliukai su kalimo stalu ir garsais\"},{\"@type\":\"BreadcrumbList\",\"@id\":\"https:\\\/\\\/kidsplay.lt\\\/produktas\\\/interaktyvus-zaislas-mazyliams-spalvoti-kamuoliukai-su-kalimo-stalu-ir-garsais\\\/#breadcrumb\",\"itemListElement\":[{\"@type\":\"ListItem\",\"position\":1,\"name\":\"Pagrindinis\",\"item\":\"https:\\\/\\\/kidsplay.lt\\\/\"},{\"@type\":\"ListItem\",\"position\":2,\"name\":\"Parduotuv\u0117\",\"item\":\"https:\\\/\\\/kidsplay.lt\\\/parduotuve\\\/\"},{\"@type\":\"ListItem\",\"position\":3,\"name\":\"Interaktyvus \u017eaislas ma\u017eyliams \u2013 spalvoti kamuoliukai su kalimo stalu ir garsais\"}]},{\"@type\":\"WebSite\",\"@id\":\"https:\\\/\\\/kidsplay.lt\\\/#website\",\"url\":\"https:\\\/\\\/kidsplay.lt\\\/\",\"name\":\"Kidsplay.lt\",\"description\":\"\u012evairios prek\u0117s vaikams\",\"publisher\":{\"@id\":\"https:\\\/\\\/kidsplay.lt\\\/#organization\"},\"alternateName\":\"Kidsplay\",\"potentialAction\":[{\"@type\":\"SearchAction\",\"target\":{\"@type\":\"EntryPoint\",\"urlTemplate\":\"https:\\\/\\\/kidsplay.lt\\\/?s={search_term_string}\"},\"query-input\":{\"@type\":\"PropertyValueSpecification\",\"valueRequired\":true,\"valueName\":\"search_term_string\"}}],\"inLanguage\":\"lv-LV\"},{\"@type\":\"Organization\",\"@id\":\"https:\\\/\\\/kidsplay.lt\\\/#organization\",\"name\":\"KidsPlay\",\"url\":\"https:\\\/\\\/kidsplay.lt\\\/\",\"logo\":{\"@type\":\"ImageObject\",\"inLanguage\":\"lv-LV\",\"@id\":\"https:\\\/\\\/kidsplay.lt\\\/#\\\/schema\\\/logo\\\/image\\\/\",\"url\":\"https:\\\/\\\/kidsplay.lt\\\/wp-content\\\/uploads\\\/2023\\\/07\\\/kidsplay-logo.png\",\"contentUrl\":\"https:\\\/\\\/kidsplay.lt\\\/wp-content\\\/uploads\\\/2023\\\/07\\\/kidsplay-logo.png\",\"width\":451,\"height\":98,\"caption\":\"KidsPlay\"},\"image\":{\"@id\":\"https:\\\/\\\/kidsplay.lt\\\/#\\\/schema\\\/logo\\\/image\\\/\"},\"sameAs\":[\"https:\\\/\\\/www.facebook.com\\\/www.kidsplay.lt\"]}]}<\/script>\n<!-- \/ Yoast SEO plugin. -->","yoast_head_json":{"title":"Interaktyvus \u017eaislas ma\u017eyliams \u2013 spalvoti kamuoliukai su kalimo stalu ir garsais","description":"Interaktyvus \u017eaislas ma\u017eyliams \u2013 spalvoti kamuoliukai su kalimo stalu ir garsais - KidsPlay. Did\u017eiausias vaik\u0173 \u017eaisl\u0173 pasirinkimas.","robots":{"index":"index","follow":"follow","max-snippet":"max-snippet:-1","max-image-preview":"max-image-preview:large","max-video-preview":"max-video-preview:-1"},"canonical":"https:\/\/kidsplay.lt\/lv\/products\/interaktyvus-zaislas-mazyliams-spalvoti-kamuoliukai-su-kalimo-stalu-ir-garsais\/","og_locale":"lv_LV","og_type":"article","og_title":"Interaktyvus \u017eaislas ma\u017eyliams \u2013 spalvoti kamuoliukai su kalimo stalu ir garsais","og_description":"Interaktyvus \u017eaislas ma\u017eyliams \u2013 spalvoti kamuoliukai su kalimo stalu ir garsais - KidsPlay. Did\u017eiausias vaik\u0173 \u017eaisl\u0173 pasirinkimas.","og_url":"https:\/\/kidsplay.lt\/lv\/products\/interaktyvus-zaislas-mazyliams-spalvoti-kamuoliukai-su-kalimo-stalu-ir-garsais\/","og_site_name":"KidsPlay","article_publisher":"https:\/\/www.facebook.com\/www.kidsplay.lt","article_modified_time":"2026-04-13T07:03:45+00:00","og_image":[{"width":1000,"height":707,"url":"https:\/\/kidsplay.lt\/wp-content\/uploads\/2026\/04\/Interaktyvus-zaislas-mazyliams-\u2013-spalvoti-kamuoliukai-su-kalimo-stalu-ir-garsais.png","type":"image\/png"}],"twitter_card":"summary_large_image","twitter_misc":{"Est. reading time":"1 min\u016bte"},"schema":{"@context":"https:\/\/schema.org","@graph":[{"@type":"WebPage","@id":"https:\/\/kidsplay.lt\/produktas\/interaktyvus-zaislas-mazyliams-spalvoti-kamuoliukai-su-kalimo-stalu-ir-garsais\/","url":"https:\/\/kidsplay.lt\/produktas\/interaktyvus-zaislas-mazyliams-spalvoti-kamuoliukai-su-kalimo-stalu-ir-garsais\/","name":"Interaktyvus \u017eaislas ma\u017eyliams \u2013 spalvoti kamuoliukai su kalimo stalu ir garsais","isPartOf":{"@id":"https:\/\/kidsplay.lt\/#website"},"primaryImageOfPage":{"@id":"https:\/\/kidsplay.lt\/produktas\/interaktyvus-zaislas-mazyliams-spalvoti-kamuoliukai-su-kalimo-stalu-ir-garsais\/#primaryimage"},"image":{"@id":"https:\/\/kidsplay.lt\/produktas\/interaktyvus-zaislas-mazyliams-spalvoti-kamuoliukai-su-kalimo-stalu-ir-garsais\/#primaryimage"},"thumbnailUrl":"https:\/\/kidsplay.lt\/wp-content\/uploads\/2026\/04\/Interaktyvus-zaislas-mazyliams-\u2013-spalvoti-kamuoliukai-su-kalimo-stalu-ir-garsais.png","datePublished":"2026-04-04T07:35:53+00:00","dateModified":"2026-04-13T07:03:45+00:00","description":"Interaktyvus \u017eaislas ma\u017eyliams \u2013 spalvoti kamuoliukai su kalimo stalu ir garsais - KidsPlay. Did\u017eiausias vaik\u0173 \u017eaisl\u0173 pasirinkimas.","breadcrumb":{"@id":"https:\/\/kidsplay.lt\/produktas\/interaktyvus-zaislas-mazyliams-spalvoti-kamuoliukai-su-kalimo-stalu-ir-garsais\/#breadcrumb"},"inLanguage":"lv-LV","potentialAction":[{"@type":"ReadAction","target":["https:\/\/kidsplay.lt\/produktas\/interaktyvus-zaislas-mazyliams-spalvoti-kamuoliukai-su-kalimo-stalu-ir-garsais\/"]}]},{"@type":"ImageObject","inLanguage":"lv-LV","@id":"https:\/\/kidsplay.lt\/produktas\/interaktyvus-zaislas-mazyliams-spalvoti-kamuoliukai-su-kalimo-stalu-ir-garsais\/#primaryimage","url":"https:\/\/kidsplay.lt\/wp-content\/uploads\/2026\/04\/Interaktyvus-zaislas-mazyliams-\u2013-spalvoti-kamuoliukai-su-kalimo-stalu-ir-garsais.png","contentUrl":"https:\/\/kidsplay.lt\/wp-content\/uploads\/2026\/04\/Interaktyvus-zaislas-mazyliams-\u2013-spalvoti-kamuoliukai-su-kalimo-stalu-ir-garsais.png","width":1000,"height":707,"caption":"Interaktyvus \u017eaislas ma\u017eyliams \u2013 spalvoti kamuoliukai su kalimo stalu ir garsais"},{"@type":"BreadcrumbList","@id":"https:\/\/kidsplay.lt\/produktas\/interaktyvus-zaislas-mazyliams-spalvoti-kamuoliukai-su-kalimo-stalu-ir-garsais\/#breadcrumb","itemListElement":[{"@type":"ListItem","position":1,"name":"Pagrindinis","item":"https:\/\/kidsplay.lt\/"},{"@type":"ListItem","position":2,"name":"Parduotuv\u0117","item":"https:\/\/kidsplay.lt\/parduotuve\/"},{"@type":"ListItem","position":3,"name":"Interaktyvus \u017eaislas ma\u017eyliams \u2013 spalvoti kamuoliukai su kalimo stalu ir garsais"}]},{"@type":"WebSite","@id":"https:\/\/kidsplay.lt\/#website","url":"https:\/\/kidsplay.lt\/","name":"B\u0113rnu sp\u0113les.lv","description":"\u012evairios prek\u0117s vaikams","publisher":{"@id":"https:\/\/kidsplay.lt\/#organization"},"alternateName":"Kidsplay","potentialAction":[{"@type":"SearchAction","target":{"@type":"EntryPoint","urlTemplate":"https:\/\/kidsplay.lt\/?s={search_term_string}"},"query-input":{"@type":"PropertyValueSpecification","valueRequired":true,"valueName":"search_term_string"}}],"inLanguage":"lv-LV"},{"@type":"Organization","@id":"https:\/\/kidsplay.lt\/#organization","name":"B\u0113rnu sp\u0113le","url":"https:\/\/kidsplay.lt\/","logo":{"@type":"ImageObject","inLanguage":"lv-LV","@id":"https:\/\/kidsplay.lt\/#\/schema\/logo\/image\/","url":"https:\/\/kidsplay.lt\/wp-content\/uploads\/2023\/07\/kidsplay-logo.png","contentUrl":"https:\/\/kidsplay.lt\/wp-content\/uploads\/2023\/07\/kidsplay-logo.png","width":451,"height":98,"caption":"KidsPlay"},"image":{"@id":"https:\/\/kidsplay.lt\/#\/schema\/logo\/image\/"},"sameAs":["https:\/\/www.facebook.com\/www.kidsplay.lt"]}]}},"_links":{"self":[{"href":"https:\/\/kidsplay.lt\/lv\/wp-json\/wp\/v2\/product\/100378","targetHints":{"allow":["GET"]}}],"collection":[{"href":"https:\/\/kidsplay.lt\/lv\/wp-json\/wp\/v2\/product"}],"about":[{"href":"https:\/\/kidsplay.lt\/lv\/wp-json\/wp\/v2\/types\/product"}],"version-history":[{"count":1,"href":"https:\/\/kidsplay.lt\/lv\/wp-json\/wp\/v2\/product\/100378\/revisions"}],"predecessor-version":[{"id":100379,"href":"https:\/\/kidsplay.lt\/lv\/wp-json\/wp\/v2\/product\/100378\/revisions\/100379"}],"wp:featuredmedia":[{"embeddable":true,"href":"https:\/\/kidsplay.lt\/lv\/wp-json\/wp\/v2\/media\/100380"}],"wp:attachment":[{"href":"https:\/\/kidsplay.lt\/lv\/wp-json\/wp\/v2\/media?parent=100378"}],"wp:term":[{"taxonomy":"product_brand","embeddable":true,"href":"https:\/\/kidsplay.lt\/lv\/wp-json\/wp\/v2\/product_brand?post=100378"},{"taxonomy":"product_cat","embeddable":true,"href":"https:\/\/kidsplay.lt\/lv\/wp-json\/wp\/v2\/product_cat?post=100378"},{"taxonomy":"product_tag","embeddable":true,"href":"https:\/\/kidsplay.lt\/lv\/wp-json\/wp\/v2\/product_tag?post=100378"}],"curies":[{"name":"wp","href":"https:\/\/api.w.org\/{rel}","templated":true}]}}