{"id":100394,"date":"2026-04-04T10:36:32","date_gmt":"2026-04-04T07:36:32","guid":{"rendered":"https:\/\/kidsplay.lt\/produktas\/juru-gyvunu-figureliu-rinkinys-6-vnt\/"},"modified":"2026-04-17T18:29:44","modified_gmt":"2026-04-17T15:29:44","slug":"juru-gyvunu-figureliu-rinkinys-6-vnt","status":"publish","type":"product","link":"https:\/\/kidsplay.lt\/lv\/products\/juru-gyvunu-figureliu-rinkinys-6-vnt\/","title":{"rendered":"J\u016bras dz\u012bvnieku fig\u016bri\u0146u komplekts \u2013 6 gab."},"content":{"rendered":"<p>\ud83c\udf0a\ud83d\udc19 J\u016br\u0173 gyv\u016bn\u0173 fig\u016br\u0117li\u0173 rinkinys \u2013 6 vnt. (ruonis, v\u0117plys, a\u0161tuonkojis, lamantinas, rajos)<br \/>\n\u0160is j\u016br\u0173 gyv\u016bn\u0173 rinkinys \u2013 tai kelion\u0117 \u012f paslapting\u0105 vandenyno pasaul\u012f, kupin\u0105 \u012fdomi\u0173 form\u0173, spalv\u0173 ir gyv\u016bn\u0173 \u012fvairov\u0117s. Rinkin\u012f sudaro 6 realisti\u0161kai atkurtos fig\u016br\u0117l\u0117s: a\u0161tuonkojis, v\u0117plys, du ruoniai, lamantinas ir raja. Kiekviena fig\u016br\u0117l\u0117 sukurta taip, kad kuo tiksliau perteikt\u0173 tikro gyv\u016bno i\u0161vaizd\u0105, tekst\u016br\u0105 ir b\u016bdingus bruo\u017eus.<\/p>\n<p>D\u0117l kruop\u0161\u010diai atkurt\u0173 detali\u0173 \u2013 odos fakt\u016bros, spalv\u0173 per\u0117jim\u0173, form\u0173 \u2013 fig\u016br\u0117l\u0117s atrodo itin tikrovi\u0161kai, tod\u0117l \u017eaidimas tampa dar \u012fdomesnis ir labiau \u012ftraukiantis. Vaikai gali tyrin\u0117ti skirtingas j\u016br\u0173 gyv\u016bn\u0173 r\u016b\u0161is, su\u017einoti apie j\u0173 gyvenimo b\u016bd\u0105, kurti savo istorijas ir nuotykius.<\/p>\n<p>Rinkinys skatina k\u016brybi\u0161k\u0105 \u017eaidim\u0105, vaizduot\u0119, pa\u017einimo d\u017eiaugsm\u0105 ir dom\u0117jim\u0105si gamta. Tai puikus pasirinkimas ma\u017eiesiems tyrin\u0117tojams, kurie nori atrasti vandenyno paslaptis nei\u0161eidami i\u0161 nam\u0173.<\/p>\n<p>\u017daislas turi CE sertifikat\u0105, atitinka EN71 standart\u0105 ir yra skirtas vaikams nuo 3 met\u0173.<\/p>\n<p>\u2b50 Pakuot\u0117s dydis<\/p>\n<p> \t32 \u00d7 23 \u00d7 4 cm<\/p>\n<p>\u2b50 Rinkinyje yra<\/p>\n<p> \ta\u0161tuonkojis<br \/>\n \tv\u0117plys<br \/>\n \t2 ruoniai<br \/>\n \tlamantinas<br \/>\n \traja<\/p>","protected":false},"excerpt":{"rendered":"<p>\ud83c\udf0a\ud83d\udc19 J\u016br\u0173 gyv\u016bn\u0173 fig\u016br\u0117li\u0173 rinkinys \u2013 6 vnt. (ruonis, v\u0117plys, a\u0161tuonkojis, lamantinas, rajos) \u0160is j\u016br\u0173 gyv\u016bn\u0173 rinkinys \u2013 tai kelion\u0117<\/p>","protected":false},"featured_media":100396,"template":"","meta":{"_acf_changed":false,"_glsr_average":0,"_glsr_ranking":0,"_glsr_reviews":0},"product_brand":[],"product_cat":[436,229],"product_tag":[],"class_list":{"0":"post-100394","1":"product","2":"type-product","3":"status-publish","4":"has-post-thumbnail","6":"product_cat-kolekcionuojamos-figureles","7":"product_cat-zaislai-vaikams","8":"\"style=\"background-color: #2ecc711c;\"","10":"first","11":"instock","12":"purchasable","13":"product-type-simple"},"acf":[],"yoast_head":"<!-- This site is optimized with the Yoast SEO plugin v27.4 - https:\/\/yoast.com\/product\/yoast-seo-wordpress\/ -->\n<title>J\u016br\u0173 gyv\u016bn\u0173 fig\u016br\u0117li\u0173 rinkinys \u2013 6 vnt.<\/title>\n<meta name=\"description\" content=\"J\u016br\u0173 gyv\u016bn\u0173 fig\u016br\u0117li\u0173 rinkinys \u2013 6 vnt. - KidsPlay. Did\u017eiausias vaik\u0173 \u017eaisl\u0173 pasirinkimas.\" \/>\n<meta name=\"robots\" content=\"index, follow, max-snippet:-1, max-image-preview:large, max-video-preview:-1\" \/>\n<link rel=\"canonical\" href=\"https:\/\/kidsplay.lt\/lv\/products\/juru-gyvunu-figureliu-rinkinys-6-vnt\/\" \/>\n<meta property=\"og:locale\" content=\"lv_LV\" \/>\n<meta property=\"og:type\" content=\"article\" \/>\n<meta property=\"og:title\" content=\"J\u016br\u0173 gyv\u016bn\u0173 fig\u016br\u0117li\u0173 rinkinys \u2013 6 vnt.\" \/>\n<meta property=\"og:description\" content=\"J\u016br\u0173 gyv\u016bn\u0173 fig\u016br\u0117li\u0173 rinkinys \u2013 6 vnt. - KidsPlay. Did\u017eiausias vaik\u0173 \u017eaisl\u0173 pasirinkimas.\" \/>\n<meta property=\"og:url\" content=\"https:\/\/kidsplay.lt\/lv\/products\/juru-gyvunu-figureliu-rinkinys-6-vnt\/\" \/>\n<meta property=\"og:site_name\" content=\"KidsPlay\" \/>\n<meta property=\"article:publisher\" content=\"https:\/\/www.facebook.com\/www.kidsplay.lt\" \/>\n<meta property=\"article:modified_time\" content=\"2026-04-17T15:29:44+00:00\" \/>\n<meta property=\"og:image\" content=\"https:\/\/kidsplay.lt\/wp-content\/uploads\/2026\/04\/Juru-gyvunu-figureliu-rinkinys-\u2013-6-vnt.png\" \/>\n\t<meta property=\"og:image:width\" content=\"1000\" \/>\n\t<meta property=\"og:image:height\" content=\"707\" \/>\n\t<meta property=\"og:image:type\" content=\"image\/png\" \/>\n<meta name=\"twitter:card\" content=\"summary_large_image\" \/>\n<meta name=\"twitter:label1\" content=\"Est. reading time\" \/>\n\t<meta name=\"twitter:data1\" content=\"1 min\u016bte\" \/>\n<script type=\"application\/ld+json\" class=\"yoast-schema-graph\">{\"@context\":\"https:\\\/\\\/schema.org\",\"@graph\":[{\"@type\":\"WebPage\",\"@id\":\"https:\\\/\\\/kidsplay.lt\\\/produktas\\\/juru-gyvunu-figureliu-rinkinys-6-vnt\\\/\",\"url\":\"https:\\\/\\\/kidsplay.lt\\\/produktas\\\/juru-gyvunu-figureliu-rinkinys-6-vnt\\\/\",\"name\":\"J\u016br\u0173 gyv\u016bn\u0173 fig\u016br\u0117li\u0173 rinkinys \u2013 6 vnt.\",\"isPartOf\":{\"@id\":\"https:\\\/\\\/kidsplay.lt\\\/#website\"},\"primaryImageOfPage\":{\"@id\":\"https:\\\/\\\/kidsplay.lt\\\/produktas\\\/juru-gyvunu-figureliu-rinkinys-6-vnt\\\/#primaryimage\"},\"image\":{\"@id\":\"https:\\\/\\\/kidsplay.lt\\\/produktas\\\/juru-gyvunu-figureliu-rinkinys-6-vnt\\\/#primaryimage\"},\"thumbnailUrl\":\"https:\\\/\\\/kidsplay.lt\\\/wp-content\\\/uploads\\\/2026\\\/04\\\/Juru-gyvunu-figureliu-rinkinys-\u2013-6-vnt.png\",\"datePublished\":\"2026-04-04T07:36:32+00:00\",\"dateModified\":\"2026-04-17T15:29:44+00:00\",\"description\":\"J\u016br\u0173 gyv\u016bn\u0173 fig\u016br\u0117li\u0173 rinkinys \u2013 6 vnt. - KidsPlay. Did\u017eiausias vaik\u0173 \u017eaisl\u0173 pasirinkimas.\",\"breadcrumb\":{\"@id\":\"https:\\\/\\\/kidsplay.lt\\\/produktas\\\/juru-gyvunu-figureliu-rinkinys-6-vnt\\\/#breadcrumb\"},\"inLanguage\":\"lv-LV\",\"potentialAction\":[{\"@type\":\"ReadAction\",\"target\":[\"https:\\\/\\\/kidsplay.lt\\\/produktas\\\/juru-gyvunu-figureliu-rinkinys-6-vnt\\\/\"]}]},{\"@type\":\"ImageObject\",\"inLanguage\":\"lv-LV\",\"@id\":\"https:\\\/\\\/kidsplay.lt\\\/produktas\\\/juru-gyvunu-figureliu-rinkinys-6-vnt\\\/#primaryimage\",\"url\":\"https:\\\/\\\/kidsplay.lt\\\/wp-content\\\/uploads\\\/2026\\\/04\\\/Juru-gyvunu-figureliu-rinkinys-\u2013-6-vnt.png\",\"contentUrl\":\"https:\\\/\\\/kidsplay.lt\\\/wp-content\\\/uploads\\\/2026\\\/04\\\/Juru-gyvunu-figureliu-rinkinys-\u2013-6-vnt.png\",\"width\":1000,\"height\":707,\"caption\":\"J\u016br\u0173 gyv\u016bn\u0173 fig\u016br\u0117li\u0173 rinkinys \u2013 6 vnt.\"},{\"@type\":\"BreadcrumbList\",\"@id\":\"https:\\\/\\\/kidsplay.lt\\\/produktas\\\/juru-gyvunu-figureliu-rinkinys-6-vnt\\\/#breadcrumb\",\"itemListElement\":[{\"@type\":\"ListItem\",\"position\":1,\"name\":\"Pagrindinis\",\"item\":\"https:\\\/\\\/kidsplay.lt\\\/\"},{\"@type\":\"ListItem\",\"position\":2,\"name\":\"Parduotuv\u0117\",\"item\":\"https:\\\/\\\/kidsplay.lt\\\/parduotuve\\\/\"},{\"@type\":\"ListItem\",\"position\":3,\"name\":\"J\u016br\u0173 gyv\u016bn\u0173 fig\u016br\u0117li\u0173 rinkinys \u2013 6 vnt.\"}]},{\"@type\":\"WebSite\",\"@id\":\"https:\\\/\\\/kidsplay.lt\\\/#website\",\"url\":\"https:\\\/\\\/kidsplay.lt\\\/\",\"name\":\"Kidsplay.lt\",\"description\":\"\u012evairios prek\u0117s vaikams\",\"publisher\":{\"@id\":\"https:\\\/\\\/kidsplay.lt\\\/#organization\"},\"alternateName\":\"Kidsplay\",\"potentialAction\":[{\"@type\":\"SearchAction\",\"target\":{\"@type\":\"EntryPoint\",\"urlTemplate\":\"https:\\\/\\\/kidsplay.lt\\\/?s={search_term_string}\"},\"query-input\":{\"@type\":\"PropertyValueSpecification\",\"valueRequired\":true,\"valueName\":\"search_term_string\"}}],\"inLanguage\":\"lv-LV\"},{\"@type\":\"Organization\",\"@id\":\"https:\\\/\\\/kidsplay.lt\\\/#organization\",\"name\":\"KidsPlay\",\"url\":\"https:\\\/\\\/kidsplay.lt\\\/\",\"logo\":{\"@type\":\"ImageObject\",\"inLanguage\":\"lv-LV\",\"@id\":\"https:\\\/\\\/kidsplay.lt\\\/#\\\/schema\\\/logo\\\/image\\\/\",\"url\":\"https:\\\/\\\/kidsplay.lt\\\/wp-content\\\/uploads\\\/2023\\\/07\\\/kidsplay-logo.png\",\"contentUrl\":\"https:\\\/\\\/kidsplay.lt\\\/wp-content\\\/uploads\\\/2023\\\/07\\\/kidsplay-logo.png\",\"width\":451,\"height\":98,\"caption\":\"KidsPlay\"},\"image\":{\"@id\":\"https:\\\/\\\/kidsplay.lt\\\/#\\\/schema\\\/logo\\\/image\\\/\"},\"sameAs\":[\"https:\\\/\\\/www.facebook.com\\\/www.kidsplay.lt\"]}]}<\/script>\n<!-- \/ Yoast SEO plugin. -->","yoast_head_json":{"title":"J\u016bras dz\u012bvnieku fig\u016bri\u0146u komplekts \u2013 6 gab.","description":"J\u016br\u0173 gyv\u016bn\u0173 fig\u016br\u0117li\u0173 rinkinys \u2013 6 vnt. - KidsPlay. Did\u017eiausias vaik\u0173 \u017eaisl\u0173 pasirinkimas.","robots":{"index":"index","follow":"follow","max-snippet":"max-snippet:-1","max-image-preview":"max-image-preview:large","max-video-preview":"max-video-preview:-1"},"canonical":"https:\/\/kidsplay.lt\/lv\/products\/juru-gyvunu-figureliu-rinkinys-6-vnt\/","og_locale":"lv_LV","og_type":"article","og_title":"J\u016br\u0173 gyv\u016bn\u0173 fig\u016br\u0117li\u0173 rinkinys \u2013 6 vnt.","og_description":"J\u016br\u0173 gyv\u016bn\u0173 fig\u016br\u0117li\u0173 rinkinys \u2013 6 vnt. - KidsPlay. Did\u017eiausias vaik\u0173 \u017eaisl\u0173 pasirinkimas.","og_url":"https:\/\/kidsplay.lt\/lv\/products\/juru-gyvunu-figureliu-rinkinys-6-vnt\/","og_site_name":"KidsPlay","article_publisher":"https:\/\/www.facebook.com\/www.kidsplay.lt","article_modified_time":"2026-04-17T15:29:44+00:00","og_image":[{"width":1000,"height":707,"url":"https:\/\/kidsplay.lt\/wp-content\/uploads\/2026\/04\/Juru-gyvunu-figureliu-rinkinys-\u2013-6-vnt.png","type":"image\/png"}],"twitter_card":"summary_large_image","twitter_misc":{"Est. reading time":"1 min\u016bte"},"schema":{"@context":"https:\/\/schema.org","@graph":[{"@type":"WebPage","@id":"https:\/\/kidsplay.lt\/produktas\/juru-gyvunu-figureliu-rinkinys-6-vnt\/","url":"https:\/\/kidsplay.lt\/produktas\/juru-gyvunu-figureliu-rinkinys-6-vnt\/","name":"J\u016bras dz\u012bvnieku fig\u016bri\u0146u komplekts \u2013 6 gab.","isPartOf":{"@id":"https:\/\/kidsplay.lt\/#website"},"primaryImageOfPage":{"@id":"https:\/\/kidsplay.lt\/produktas\/juru-gyvunu-figureliu-rinkinys-6-vnt\/#primaryimage"},"image":{"@id":"https:\/\/kidsplay.lt\/produktas\/juru-gyvunu-figureliu-rinkinys-6-vnt\/#primaryimage"},"thumbnailUrl":"https:\/\/kidsplay.lt\/wp-content\/uploads\/2026\/04\/Juru-gyvunu-figureliu-rinkinys-\u2013-6-vnt.png","datePublished":"2026-04-04T07:36:32+00:00","dateModified":"2026-04-17T15:29:44+00:00","description":"J\u016br\u0173 gyv\u016bn\u0173 fig\u016br\u0117li\u0173 rinkinys \u2013 6 vnt. - KidsPlay. Did\u017eiausias vaik\u0173 \u017eaisl\u0173 pasirinkimas.","breadcrumb":{"@id":"https:\/\/kidsplay.lt\/produktas\/juru-gyvunu-figureliu-rinkinys-6-vnt\/#breadcrumb"},"inLanguage":"lv-LV","potentialAction":[{"@type":"ReadAction","target":["https:\/\/kidsplay.lt\/produktas\/juru-gyvunu-figureliu-rinkinys-6-vnt\/"]}]},{"@type":"ImageObject","inLanguage":"lv-LV","@id":"https:\/\/kidsplay.lt\/produktas\/juru-gyvunu-figureliu-rinkinys-6-vnt\/#primaryimage","url":"https:\/\/kidsplay.lt\/wp-content\/uploads\/2026\/04\/Juru-gyvunu-figureliu-rinkinys-\u2013-6-vnt.png","contentUrl":"https:\/\/kidsplay.lt\/wp-content\/uploads\/2026\/04\/Juru-gyvunu-figureliu-rinkinys-\u2013-6-vnt.png","width":1000,"height":707,"caption":"J\u016br\u0173 gyv\u016bn\u0173 fig\u016br\u0117li\u0173 rinkinys \u2013 6 vnt."},{"@type":"BreadcrumbList","@id":"https:\/\/kidsplay.lt\/produktas\/juru-gyvunu-figureliu-rinkinys-6-vnt\/#breadcrumb","itemListElement":[{"@type":"ListItem","position":1,"name":"Pagrindinis","item":"https:\/\/kidsplay.lt\/"},{"@type":"ListItem","position":2,"name":"Parduotuv\u0117","item":"https:\/\/kidsplay.lt\/parduotuve\/"},{"@type":"ListItem","position":3,"name":"J\u016br\u0173 gyv\u016bn\u0173 fig\u016br\u0117li\u0173 rinkinys \u2013 6 vnt."}]},{"@type":"WebSite","@id":"https:\/\/kidsplay.lt\/#website","url":"https:\/\/kidsplay.lt\/","name":"B\u0113rnu sp\u0113les.lv","description":"\u012evairios prek\u0117s vaikams","publisher":{"@id":"https:\/\/kidsplay.lt\/#organization"},"alternateName":"Kidsplay","potentialAction":[{"@type":"SearchAction","target":{"@type":"EntryPoint","urlTemplate":"https:\/\/kidsplay.lt\/?s={search_term_string}"},"query-input":{"@type":"PropertyValueSpecification","valueRequired":true,"valueName":"search_term_string"}}],"inLanguage":"lv-LV"},{"@type":"Organization","@id":"https:\/\/kidsplay.lt\/#organization","name":"B\u0113rnu sp\u0113le","url":"https:\/\/kidsplay.lt\/","logo":{"@type":"ImageObject","inLanguage":"lv-LV","@id":"https:\/\/kidsplay.lt\/#\/schema\/logo\/image\/","url":"https:\/\/kidsplay.lt\/wp-content\/uploads\/2023\/07\/kidsplay-logo.png","contentUrl":"https:\/\/kidsplay.lt\/wp-content\/uploads\/2023\/07\/kidsplay-logo.png","width":451,"height":98,"caption":"KidsPlay"},"image":{"@id":"https:\/\/kidsplay.lt\/#\/schema\/logo\/image\/"},"sameAs":["https:\/\/www.facebook.com\/www.kidsplay.lt"]}]}},"_links":{"self":[{"href":"https:\/\/kidsplay.lt\/lv\/wp-json\/wp\/v2\/product\/100394","targetHints":{"allow":["GET"]}}],"collection":[{"href":"https:\/\/kidsplay.lt\/lv\/wp-json\/wp\/v2\/product"}],"about":[{"href":"https:\/\/kidsplay.lt\/lv\/wp-json\/wp\/v2\/types\/product"}],"version-history":[{"count":1,"href":"https:\/\/kidsplay.lt\/lv\/wp-json\/wp\/v2\/product\/100394\/revisions"}],"predecessor-version":[{"id":100395,"href":"https:\/\/kidsplay.lt\/lv\/wp-json\/wp\/v2\/product\/100394\/revisions\/100395"}],"wp:featuredmedia":[{"embeddable":true,"href":"https:\/\/kidsplay.lt\/lv\/wp-json\/wp\/v2\/media\/100396"}],"wp:attachment":[{"href":"https:\/\/kidsplay.lt\/lv\/wp-json\/wp\/v2\/media?parent=100394"}],"wp:term":[{"taxonomy":"product_brand","embeddable":true,"href":"https:\/\/kidsplay.lt\/lv\/wp-json\/wp\/v2\/product_brand?post=100394"},{"taxonomy":"product_cat","embeddable":true,"href":"https:\/\/kidsplay.lt\/lv\/wp-json\/wp\/v2\/product_cat?post=100394"},{"taxonomy":"product_tag","embeddable":true,"href":"https:\/\/kidsplay.lt\/lv\/wp-json\/wp\/v2\/product_tag?post=100394"}],"curies":[{"name":"wp","href":"https:\/\/api.w.org\/{rel}","templated":true}]}}