{"id":100419,"date":"2026-04-04T10:37:10","date_gmt":"2026-04-04T07:37:10","guid":{"rendered":"https:\/\/kidsplay.lt\/produktas\/magiskas-kristalu-auginimo-medis-auksinis\/"},"modified":"2026-04-17T18:29:45","modified_gmt":"2026-04-17T15:29:45","slug":"magiskas-kristalu-auginimo-medis-auksinis","status":"publish","type":"product","link":"https:\/\/kidsplay.lt\/lv\/products\/magiskas-kristalu-auginimo-medis-auksinis\/","title":{"rendered":"Burvju krist\u0101lu augo\u0161ais koks \u2013 zeltains"},"content":{"rendered":"<p>\ud83c\udf33\u2728 Magi\u0161kas kristal\u0173 auginimo medis \u2013 auksinis<br \/>\nLeisk vaikui \u017eengti \u012f nuostab\u0173 mokslo pasaul\u012f ir atrasti kristalizacijos paslaptis su \u0161iuo magi\u0161ku kristal\u0173 auginimo med\u017eiu. Tai unikalus rinkinys, leid\u017eiantis savaranki\u0161kai u\u017eauginti kristalus, derinant \u017eaidim\u0105, eksperimentavim\u0105 ir mokym\u0105si. Tai puiki proga prakti\u0161kai susipa\u017einti su pagrindiniais cheminiais procesais ir lavinti mokslin\u012f smalsum\u0105.<\/p>\n<p>Tereikia laikytis instrukcij\u0173, o po keli\u0173 dien\u0173 ant med\u017eio \u0161akeli\u0173 prad\u0117s formuotis kristalai. Priklausomai nuo aplinkos s\u0105lyg\u0173 ir proporcij\u0173, kristal\u0173 augimas gali trukti nuo keli\u0173 dien\u0173 iki keli\u0173 savai\u010di\u0173. Tai puikus b\u016bdas lavinti kantryb\u0119, pastabum\u0105 ir tyrin\u0117jimo \u012fg\u016bd\u017eius.<\/p>\n<p>Rinkinyje esantis didinamasis stiklas leid\u017eia i\u0161 arti steb\u0117ti kiekvien\u0105 kristal\u0173 augimo etap\u0105. Tai ne tik smagus u\u017esi\u0117mimas, bet ir puiki mokslo pamoka namuose.<\/p>\n<p>\u2b50 Specifikacija<\/p>\n<p> \tPakuot\u0117s dydis: 9 \u00d7 7 \u00d7 7 cm<br \/>\n \tKristal\u0173 augimo trukm\u0117: nuo keli\u0173 dien\u0173 iki keli\u0173 savai\u010di\u0173<br \/>\n \tSertifik\u0101ti: CE, EN71<br \/>\n \tRekomenduojamas am\u017eius: nuo 6 met\u0173 (jei nenurodyta kitaip gamintojo)<\/p>\n<p>\u2b50 Komplekta saturs<\/p>\n<p> \tmatavimo indelis<br \/>\n \tkristal\u0173 milteliai<br \/>\n \tmai\u0161ymo pagaliukas<br \/>\n \tkristal\u0173 \u201es\u0117klos\u201c<br \/>\n \tdidinamasis stiklas<br \/>\n \tvazon\u0117lis<br \/>\n \tapvalus popierius<br \/>\n \tpagrindas<\/p>\n<p>\u2b50 Kod\u0117l \u0161is rinkinys ypatingas<\/p>\n<p> \tsupa\u017eindina su tikrais cheminiais procesais<br \/>\n \tlavina kantryb\u0119, pastabum\u0105 ir login\u012f m\u0105stym\u0105<br \/>\n \tskatina dom\u0117tis mokslu ir eksperimentais<br \/>\n \tsuteikia galimyb\u0119 sukurti tikr\u0105 kristal\u0173 dekoracij\u0105<\/p>","protected":false},"excerpt":{"rendered":"<p>\ud83c\udf33\u2728 Magi\u0161kas kristal\u0173 auginimo medis \u2013 auksinis Leisk vaikui \u017eengti \u012f nuostab\u0173 mokslo pasaul\u012f ir atrasti kristalizacijos paslaptis su \u0161iuo<\/p>","protected":false},"featured_media":100421,"template":"","meta":{"_acf_changed":false,"_glsr_average":0,"_glsr_ranking":0,"_glsr_reviews":0},"product_brand":[],"product_cat":[810,229],"product_tag":[],"class_list":{"0":"post-100419","1":"product","2":"type-product","3":"status-publish","4":"has-post-thumbnail","6":"product_cat-kurybiniai-rinkiniai","7":"product_cat-zaislai-vaikams","8":"\"style=\"background-color: #2ecc711c;\"","10":"first","11":"instock","12":"purchasable","13":"product-type-simple"},"acf":[],"yoast_head":"<!-- This site is optimized with the Yoast SEO plugin v27.4 - https:\/\/yoast.com\/product\/yoast-seo-wordpress\/ -->\n<title>Magi\u0161kas kristal\u0173 auginimo medis \u2013 auksinis<\/title>\n<meta name=\"description\" content=\"Magi\u0161kas kristal\u0173 auginimo medis \u2013 auksinis - KidsPlay. Did\u017eiausias vaik\u0173 \u017eaisl\u0173 pasirinkimas.\" \/>\n<meta name=\"robots\" content=\"index, follow, max-snippet:-1, max-image-preview:large, max-video-preview:-1\" \/>\n<link rel=\"canonical\" href=\"https:\/\/kidsplay.lt\/lv\/products\/magiskas-kristalu-auginimo-medis-auksinis\/\" \/>\n<meta property=\"og:locale\" content=\"lv_LV\" \/>\n<meta property=\"og:type\" content=\"article\" \/>\n<meta property=\"og:title\" content=\"Magi\u0161kas kristal\u0173 auginimo medis \u2013 auksinis\" \/>\n<meta property=\"og:description\" content=\"Magi\u0161kas kristal\u0173 auginimo medis \u2013 auksinis - KidsPlay. Did\u017eiausias vaik\u0173 \u017eaisl\u0173 pasirinkimas.\" \/>\n<meta property=\"og:url\" content=\"https:\/\/kidsplay.lt\/lv\/products\/magiskas-kristalu-auginimo-medis-auksinis\/\" \/>\n<meta property=\"og:site_name\" content=\"KidsPlay\" \/>\n<meta property=\"article:publisher\" content=\"https:\/\/www.facebook.com\/www.kidsplay.lt\" \/>\n<meta property=\"article:modified_time\" content=\"2026-04-17T15:29:45+00:00\" \/>\n<meta property=\"og:image\" content=\"https:\/\/kidsplay.lt\/wp-content\/uploads\/2026\/04\/Magiskas-kristalu-auginimo-medis-\u2013-auksinis.jpg\" \/>\n\t<meta property=\"og:image:width\" content=\"1000\" \/>\n\t<meta property=\"og:image:height\" content=\"750\" \/>\n\t<meta property=\"og:image:type\" content=\"image\/jpeg\" \/>\n<meta name=\"twitter:card\" content=\"summary_large_image\" \/>\n<meta name=\"twitter:label1\" content=\"Est. reading time\" \/>\n\t<meta name=\"twitter:data1\" content=\"1 min\u016bte\" \/>\n<script type=\"application\/ld+json\" class=\"yoast-schema-graph\">{\"@context\":\"https:\\\/\\\/schema.org\",\"@graph\":[{\"@type\":\"WebPage\",\"@id\":\"https:\\\/\\\/kidsplay.lt\\\/produktas\\\/magiskas-kristalu-auginimo-medis-auksinis\\\/\",\"url\":\"https:\\\/\\\/kidsplay.lt\\\/produktas\\\/magiskas-kristalu-auginimo-medis-auksinis\\\/\",\"name\":\"Magi\u0161kas kristal\u0173 auginimo medis \u2013 auksinis\",\"isPartOf\":{\"@id\":\"https:\\\/\\\/kidsplay.lt\\\/#website\"},\"primaryImageOfPage\":{\"@id\":\"https:\\\/\\\/kidsplay.lt\\\/produktas\\\/magiskas-kristalu-auginimo-medis-auksinis\\\/#primaryimage\"},\"image\":{\"@id\":\"https:\\\/\\\/kidsplay.lt\\\/produktas\\\/magiskas-kristalu-auginimo-medis-auksinis\\\/#primaryimage\"},\"thumbnailUrl\":\"https:\\\/\\\/kidsplay.lt\\\/wp-content\\\/uploads\\\/2026\\\/04\\\/Magiskas-kristalu-auginimo-medis-\u2013-auksinis.jpg\",\"datePublished\":\"2026-04-04T07:37:10+00:00\",\"dateModified\":\"2026-04-17T15:29:45+00:00\",\"description\":\"Magi\u0161kas kristal\u0173 auginimo medis \u2013 auksinis - KidsPlay. Did\u017eiausias vaik\u0173 \u017eaisl\u0173 pasirinkimas.\",\"breadcrumb\":{\"@id\":\"https:\\\/\\\/kidsplay.lt\\\/produktas\\\/magiskas-kristalu-auginimo-medis-auksinis\\\/#breadcrumb\"},\"inLanguage\":\"lv-LV\",\"potentialAction\":[{\"@type\":\"ReadAction\",\"target\":[\"https:\\\/\\\/kidsplay.lt\\\/produktas\\\/magiskas-kristalu-auginimo-medis-auksinis\\\/\"]}]},{\"@type\":\"ImageObject\",\"inLanguage\":\"lv-LV\",\"@id\":\"https:\\\/\\\/kidsplay.lt\\\/produktas\\\/magiskas-kristalu-auginimo-medis-auksinis\\\/#primaryimage\",\"url\":\"https:\\\/\\\/kidsplay.lt\\\/wp-content\\\/uploads\\\/2026\\\/04\\\/Magiskas-kristalu-auginimo-medis-\u2013-auksinis.jpg\",\"contentUrl\":\"https:\\\/\\\/kidsplay.lt\\\/wp-content\\\/uploads\\\/2026\\\/04\\\/Magiskas-kristalu-auginimo-medis-\u2013-auksinis.jpg\",\"width\":1000,\"height\":750,\"caption\":\"Magi\u0161kas kristal\u0173 auginimo medis \u2013 auksinis\"},{\"@type\":\"BreadcrumbList\",\"@id\":\"https:\\\/\\\/kidsplay.lt\\\/produktas\\\/magiskas-kristalu-auginimo-medis-auksinis\\\/#breadcrumb\",\"itemListElement\":[{\"@type\":\"ListItem\",\"position\":1,\"name\":\"Pagrindinis\",\"item\":\"https:\\\/\\\/kidsplay.lt\\\/\"},{\"@type\":\"ListItem\",\"position\":2,\"name\":\"Parduotuv\u0117\",\"item\":\"https:\\\/\\\/kidsplay.lt\\\/parduotuve\\\/\"},{\"@type\":\"ListItem\",\"position\":3,\"name\":\"Magi\u0161kas kristal\u0173 auginimo medis \u2013 auksinis\"}]},{\"@type\":\"WebSite\",\"@id\":\"https:\\\/\\\/kidsplay.lt\\\/#website\",\"url\":\"https:\\\/\\\/kidsplay.lt\\\/\",\"name\":\"Kidsplay.lt\",\"description\":\"\u012evairios prek\u0117s vaikams\",\"publisher\":{\"@id\":\"https:\\\/\\\/kidsplay.lt\\\/#organization\"},\"alternateName\":\"Kidsplay\",\"potentialAction\":[{\"@type\":\"SearchAction\",\"target\":{\"@type\":\"EntryPoint\",\"urlTemplate\":\"https:\\\/\\\/kidsplay.lt\\\/?s={search_term_string}\"},\"query-input\":{\"@type\":\"PropertyValueSpecification\",\"valueRequired\":true,\"valueName\":\"search_term_string\"}}],\"inLanguage\":\"lv-LV\"},{\"@type\":\"Organization\",\"@id\":\"https:\\\/\\\/kidsplay.lt\\\/#organization\",\"name\":\"KidsPlay\",\"url\":\"https:\\\/\\\/kidsplay.lt\\\/\",\"logo\":{\"@type\":\"ImageObject\",\"inLanguage\":\"lv-LV\",\"@id\":\"https:\\\/\\\/kidsplay.lt\\\/#\\\/schema\\\/logo\\\/image\\\/\",\"url\":\"https:\\\/\\\/kidsplay.lt\\\/wp-content\\\/uploads\\\/2023\\\/07\\\/kidsplay-logo.png\",\"contentUrl\":\"https:\\\/\\\/kidsplay.lt\\\/wp-content\\\/uploads\\\/2023\\\/07\\\/kidsplay-logo.png\",\"width\":451,\"height\":98,\"caption\":\"KidsPlay\"},\"image\":{\"@id\":\"https:\\\/\\\/kidsplay.lt\\\/#\\\/schema\\\/logo\\\/image\\\/\"},\"sameAs\":[\"https:\\\/\\\/www.facebook.com\\\/www.kidsplay.lt\"]}]}<\/script>\n<!-- \/ Yoast SEO plugin. -->","yoast_head_json":{"title":"Burvju krist\u0101lu augo\u0161ais koks \u2013 zeltains","description":"Magi\u0161kas kristal\u0173 auginimo medis \u2013 auksinis - KidsPlay. Did\u017eiausias vaik\u0173 \u017eaisl\u0173 pasirinkimas.","robots":{"index":"index","follow":"follow","max-snippet":"max-snippet:-1","max-image-preview":"max-image-preview:large","max-video-preview":"max-video-preview:-1"},"canonical":"https:\/\/kidsplay.lt\/lv\/products\/magiskas-kristalu-auginimo-medis-auksinis\/","og_locale":"lv_LV","og_type":"article","og_title":"Magi\u0161kas kristal\u0173 auginimo medis \u2013 auksinis","og_description":"Magi\u0161kas kristal\u0173 auginimo medis \u2013 auksinis - KidsPlay. Did\u017eiausias vaik\u0173 \u017eaisl\u0173 pasirinkimas.","og_url":"https:\/\/kidsplay.lt\/lv\/products\/magiskas-kristalu-auginimo-medis-auksinis\/","og_site_name":"KidsPlay","article_publisher":"https:\/\/www.facebook.com\/www.kidsplay.lt","article_modified_time":"2026-04-17T15:29:45+00:00","og_image":[{"width":1000,"height":750,"url":"https:\/\/kidsplay.lt\/wp-content\/uploads\/2026\/04\/Magiskas-kristalu-auginimo-medis-\u2013-auksinis.jpg","type":"image\/jpeg"}],"twitter_card":"summary_large_image","twitter_misc":{"Est. reading time":"1 min\u016bte"},"schema":{"@context":"https:\/\/schema.org","@graph":[{"@type":"WebPage","@id":"https:\/\/kidsplay.lt\/produktas\/magiskas-kristalu-auginimo-medis-auksinis\/","url":"https:\/\/kidsplay.lt\/produktas\/magiskas-kristalu-auginimo-medis-auksinis\/","name":"Burvju krist\u0101lu augo\u0161ais koks \u2013 zeltains","isPartOf":{"@id":"https:\/\/kidsplay.lt\/#website"},"primaryImageOfPage":{"@id":"https:\/\/kidsplay.lt\/produktas\/magiskas-kristalu-auginimo-medis-auksinis\/#primaryimage"},"image":{"@id":"https:\/\/kidsplay.lt\/produktas\/magiskas-kristalu-auginimo-medis-auksinis\/#primaryimage"},"thumbnailUrl":"https:\/\/kidsplay.lt\/wp-content\/uploads\/2026\/04\/Magiskas-kristalu-auginimo-medis-\u2013-auksinis.jpg","datePublished":"2026-04-04T07:37:10+00:00","dateModified":"2026-04-17T15:29:45+00:00","description":"Magi\u0161kas kristal\u0173 auginimo medis \u2013 auksinis - KidsPlay. Did\u017eiausias vaik\u0173 \u017eaisl\u0173 pasirinkimas.","breadcrumb":{"@id":"https:\/\/kidsplay.lt\/produktas\/magiskas-kristalu-auginimo-medis-auksinis\/#breadcrumb"},"inLanguage":"lv-LV","potentialAction":[{"@type":"ReadAction","target":["https:\/\/kidsplay.lt\/produktas\/magiskas-kristalu-auginimo-medis-auksinis\/"]}]},{"@type":"ImageObject","inLanguage":"lv-LV","@id":"https:\/\/kidsplay.lt\/produktas\/magiskas-kristalu-auginimo-medis-auksinis\/#primaryimage","url":"https:\/\/kidsplay.lt\/wp-content\/uploads\/2026\/04\/Magiskas-kristalu-auginimo-medis-\u2013-auksinis.jpg","contentUrl":"https:\/\/kidsplay.lt\/wp-content\/uploads\/2026\/04\/Magiskas-kristalu-auginimo-medis-\u2013-auksinis.jpg","width":1000,"height":750,"caption":"Magi\u0161kas kristal\u0173 auginimo medis \u2013 auksinis"},{"@type":"BreadcrumbList","@id":"https:\/\/kidsplay.lt\/produktas\/magiskas-kristalu-auginimo-medis-auksinis\/#breadcrumb","itemListElement":[{"@type":"ListItem","position":1,"name":"Pagrindinis","item":"https:\/\/kidsplay.lt\/"},{"@type":"ListItem","position":2,"name":"Parduotuv\u0117","item":"https:\/\/kidsplay.lt\/parduotuve\/"},{"@type":"ListItem","position":3,"name":"Magi\u0161kas kristal\u0173 auginimo medis \u2013 auksinis"}]},{"@type":"WebSite","@id":"https:\/\/kidsplay.lt\/#website","url":"https:\/\/kidsplay.lt\/","name":"B\u0113rnu sp\u0113les.lv","description":"\u012evairios prek\u0117s vaikams","publisher":{"@id":"https:\/\/kidsplay.lt\/#organization"},"alternateName":"Kidsplay","potentialAction":[{"@type":"SearchAction","target":{"@type":"EntryPoint","urlTemplate":"https:\/\/kidsplay.lt\/?s={search_term_string}"},"query-input":{"@type":"PropertyValueSpecification","valueRequired":true,"valueName":"search_term_string"}}],"inLanguage":"lv-LV"},{"@type":"Organization","@id":"https:\/\/kidsplay.lt\/#organization","name":"B\u0113rnu sp\u0113le","url":"https:\/\/kidsplay.lt\/","logo":{"@type":"ImageObject","inLanguage":"lv-LV","@id":"https:\/\/kidsplay.lt\/#\/schema\/logo\/image\/","url":"https:\/\/kidsplay.lt\/wp-content\/uploads\/2023\/07\/kidsplay-logo.png","contentUrl":"https:\/\/kidsplay.lt\/wp-content\/uploads\/2023\/07\/kidsplay-logo.png","width":451,"height":98,"caption":"KidsPlay"},"image":{"@id":"https:\/\/kidsplay.lt\/#\/schema\/logo\/image\/"},"sameAs":["https:\/\/www.facebook.com\/www.kidsplay.lt"]}]}},"_links":{"self":[{"href":"https:\/\/kidsplay.lt\/lv\/wp-json\/wp\/v2\/product\/100419","targetHints":{"allow":["GET"]}}],"collection":[{"href":"https:\/\/kidsplay.lt\/lv\/wp-json\/wp\/v2\/product"}],"about":[{"href":"https:\/\/kidsplay.lt\/lv\/wp-json\/wp\/v2\/types\/product"}],"version-history":[{"count":1,"href":"https:\/\/kidsplay.lt\/lv\/wp-json\/wp\/v2\/product\/100419\/revisions"}],"predecessor-version":[{"id":100420,"href":"https:\/\/kidsplay.lt\/lv\/wp-json\/wp\/v2\/product\/100419\/revisions\/100420"}],"wp:featuredmedia":[{"embeddable":true,"href":"https:\/\/kidsplay.lt\/lv\/wp-json\/wp\/v2\/media\/100421"}],"wp:attachment":[{"href":"https:\/\/kidsplay.lt\/lv\/wp-json\/wp\/v2\/media?parent=100419"}],"wp:term":[{"taxonomy":"product_brand","embeddable":true,"href":"https:\/\/kidsplay.lt\/lv\/wp-json\/wp\/v2\/product_brand?post=100419"},{"taxonomy":"product_cat","embeddable":true,"href":"https:\/\/kidsplay.lt\/lv\/wp-json\/wp\/v2\/product_cat?post=100419"},{"taxonomy":"product_tag","embeddable":true,"href":"https:\/\/kidsplay.lt\/lv\/wp-json\/wp\/v2\/product_tag?post=100419"}],"curies":[{"name":"wp","href":"https:\/\/api.w.org\/{rel}","templated":true}]}}