{"id":100457,"date":"2026-04-04T10:37:46","date_gmt":"2026-04-04T07:37:46","guid":{"rendered":"https:\/\/kidsplay.lt\/produktas\/stalo-zaidimas-detektyvai-pastabumo-ieskotojai\/"},"modified":"2026-04-15T14:19:23","modified_gmt":"2026-04-15T11:19:23","slug":"stalo-zaidimas-detektyvai-pastabumo-ieskotojai","status":"publish","type":"product","link":"https:\/\/kidsplay.lt\/lv\/products\/stalo-zaidimas-detektyvai-pastabumo-ieskotojai\/","title":{"rendered":"Galda sp\u0113le &quot;Detekt\u012bvi - uzman\u012bbas mekl\u0113t\u0101ji&quot;\u201e"},"content":{"rendered":"<p>\ud83d\udd75\ufe0f\u200d\u2642\ufe0f\ud83d\udd0d Stalo \u017eaidimas \u201eDetektyvai \u2013 pastabumo ie\u0161kotojai\u201c<br \/>\nStalo \u017eaidimai \u2013 puikus b\u016bdas lavinti intelekt\u0105 ir smagiai leisti laik\u0105 su \u0161eima ar draugais. \u201eDetektyvai \u2013 pastabumo ie\u0161kotojai\u201c yra \u017eaidimas, kuris i\u0161bandys tavo akylum\u0105, koncentracij\u0105 ir reakcij\u0105. Ant \u017eaidimo lentos gausu \u012fvairi\u0173 paveiksl\u0117li\u0173, tod\u0117l \u017eaid\u0117jai turi pasitelkti savo \u201ea\u0161tr\u0173 \u017evilgsn\u012f\u201c, kad kuo grei\u010diau surast\u0173 reikiamus objektus.<\/p>\n<p>Tai dinami\u0161kas, \u012ftraukiantis ir \u0161iek tiek konkurencinis \u017eaidimas, kupinas azarto ir smagi\u0173 emocij\u0173. Puikiai tinka tiek vaikams, tiek suaugusiems.<\/p>\n<p>\u017daidimas skirtas 2\u20134 \u017eaid\u0117jams.<\/p>\n<p>\u2b50 Komplekta saturs<\/p>\n<p> \t5 dali\u0173 \u017eaidimo lenta<br \/>\n \t60 \u017eeton\u0173<br \/>\n \t12 p\u0117stinink\u0173\u2013\u017eymekli\u0173<br \/>\n \t60 korteli\u0173<br \/>\n \tsm\u0117lio laikrodis<\/p>\n<p>\u2b50 \u017daidimo taisykl\u0117s (trumpai)<\/p>\n<p> \t\u017daidimo lenta i\u0161d\u0117liojama stalo centre.<br \/>\n \tKortel\u0117s i\u0161dalijamos visiems \u017eaid\u0117jams po lygiai, u\u017everstos.<br \/>\n \tKiekvienas \u017eaid\u0117jas gauna 3 vienos spalvos \u017eymeklius.<br \/>\n \tPirmasis \u017eaid\u0117jas atver\u010dia kortel\u0119 ir padeda j\u0105 lentos centre.<br \/>\n \tApver\u010diamas sm\u0117lio laikrodis \u2013 prasideda paie\u0161ka.<br \/>\n \t\u017daid\u0117jas turi kuo grei\u010diau surasti kortel\u0117je esan\u010dius paveiksl\u0117lius lentoje ir pa\u017eym\u0117ti juos savo \u017eymekliais.<br \/>\n \tLaimima tiek \u017eeton\u0173, kiek paveiksl\u0117li\u0173 pavyko rasti.<br \/>\n \tLaimi tas, kuris surenka daugiausia \u017eeton\u0173.<\/p>\n<p>\u2b50 Izm\u0113ri<\/p>\n<p> \tLentos skersmuo: 56 cm<br \/>\n \tPakuot\u0117s dydis: 31 \u00d7 31 \u00d7 7 cm<\/p>\n<p>\u017daidimas turi CE sertifikat\u0105, atitinka EN71 standart\u0105 ir tinka vaikams nuo 4 met\u0173.<\/p>","protected":false},"excerpt":{"rendered":"<p>\ud83d\udd75\ufe0f\u200d\u2642\ufe0f\ud83d\udd0d Stalo \u017eaidimas \u201eDetektyvai \u2013 pastabumo ie\u0161kotojai\u201c Stalo \u017eaidimai \u2013 puikus b\u016bdas lavinti intelekt\u0105 ir smagiai leisti laik\u0105 su \u0161eima<\/p>","protected":false},"featured_media":100459,"template":"","meta":{"_acf_changed":false,"_glsr_average":0,"_glsr_ranking":0,"_glsr_reviews":0},"product_brand":[],"product_cat":[445,229],"product_tag":[],"class_list":{"0":"post-100457","1":"product","2":"type-product","3":"status-publish","4":"has-post-thumbnail","6":"product_cat-stalo-zaidimai","7":"product_cat-zaislai-vaikams","8":"\"style=\"background-color: #2ecc711c;\"","10":"first","11":"instock","12":"purchasable","13":"product-type-simple"},"acf":[],"yoast_head":"<!-- This site is optimized with the Yoast SEO plugin v27.4 - https:\/\/yoast.com\/product\/yoast-seo-wordpress\/ -->\n<title>Stalo \u017eaidimas \u201eDetektyvai \u2013 pastabumo ie\u0161kotojai\u201c<\/title>\n<meta name=\"description\" content=\"Stalo \u017eaidimas \u201eDetektyvai \u2013 pastabumo ie\u0161kotojai\u201c - KidsPlay. Did\u017eiausias vaik\u0173 \u017eaisl\u0173 pasirinkimas.\" \/>\n<meta name=\"robots\" content=\"index, follow, max-snippet:-1, max-image-preview:large, max-video-preview:-1\" \/>\n<link rel=\"canonical\" href=\"https:\/\/kidsplay.lt\/lv\/products\/stalo-zaidimas-detektyvai-pastabumo-ieskotojai\/\" \/>\n<meta property=\"og:locale\" content=\"lv_LV\" \/>\n<meta property=\"og:type\" content=\"article\" \/>\n<meta property=\"og:title\" content=\"Stalo \u017eaidimas \u201eDetektyvai \u2013 pastabumo ie\u0161kotojai\u201c\" \/>\n<meta property=\"og:description\" content=\"Stalo \u017eaidimas \u201eDetektyvai \u2013 pastabumo ie\u0161kotojai\u201c - KidsPlay. Did\u017eiausias vaik\u0173 \u017eaisl\u0173 pasirinkimas.\" \/>\n<meta property=\"og:url\" content=\"https:\/\/kidsplay.lt\/lv\/products\/stalo-zaidimas-detektyvai-pastabumo-ieskotojai\/\" \/>\n<meta property=\"og:site_name\" content=\"KidsPlay\" \/>\n<meta property=\"article:publisher\" content=\"https:\/\/www.facebook.com\/www.kidsplay.lt\" \/>\n<meta property=\"article:modified_time\" content=\"2026-04-15T11:19:23+00:00\" \/>\n<meta property=\"og:image\" content=\"https:\/\/kidsplay.lt\/wp-content\/uploads\/2026\/04\/Stalo-zaidimas-\u201eDetektyvai-\u2013-pastabumo-ieskotojai.png\" \/>\n\t<meta property=\"og:image:width\" content=\"1000\" \/>\n\t<meta property=\"og:image:height\" content=\"707\" \/>\n\t<meta property=\"og:image:type\" content=\"image\/png\" \/>\n<meta name=\"twitter:card\" content=\"summary_large_image\" \/>\n<meta name=\"twitter:label1\" content=\"Est. reading time\" \/>\n\t<meta name=\"twitter:data1\" content=\"1 min\u016bte\" \/>\n<script type=\"application\/ld+json\" class=\"yoast-schema-graph\">{\"@context\":\"https:\\\/\\\/schema.org\",\"@graph\":[{\"@type\":\"WebPage\",\"@id\":\"https:\\\/\\\/kidsplay.lt\\\/produktas\\\/stalo-zaidimas-detektyvai-pastabumo-ieskotojai\\\/\",\"url\":\"https:\\\/\\\/kidsplay.lt\\\/produktas\\\/stalo-zaidimas-detektyvai-pastabumo-ieskotojai\\\/\",\"name\":\"Stalo \u017eaidimas \u201eDetektyvai \u2013 pastabumo ie\u0161kotojai\u201c\",\"isPartOf\":{\"@id\":\"https:\\\/\\\/kidsplay.lt\\\/#website\"},\"primaryImageOfPage\":{\"@id\":\"https:\\\/\\\/kidsplay.lt\\\/produktas\\\/stalo-zaidimas-detektyvai-pastabumo-ieskotojai\\\/#primaryimage\"},\"image\":{\"@id\":\"https:\\\/\\\/kidsplay.lt\\\/produktas\\\/stalo-zaidimas-detektyvai-pastabumo-ieskotojai\\\/#primaryimage\"},\"thumbnailUrl\":\"https:\\\/\\\/kidsplay.lt\\\/wp-content\\\/uploads\\\/2026\\\/04\\\/Stalo-zaidimas-\u201eDetektyvai-\u2013-pastabumo-ieskotojai.png\",\"datePublished\":\"2026-04-04T07:37:46+00:00\",\"dateModified\":\"2026-04-15T11:19:23+00:00\",\"description\":\"Stalo \u017eaidimas \u201eDetektyvai \u2013 pastabumo ie\u0161kotojai\u201c - KidsPlay. Did\u017eiausias vaik\u0173 \u017eaisl\u0173 pasirinkimas.\",\"breadcrumb\":{\"@id\":\"https:\\\/\\\/kidsplay.lt\\\/produktas\\\/stalo-zaidimas-detektyvai-pastabumo-ieskotojai\\\/#breadcrumb\"},\"inLanguage\":\"lv-LV\",\"potentialAction\":[{\"@type\":\"ReadAction\",\"target\":[\"https:\\\/\\\/kidsplay.lt\\\/produktas\\\/stalo-zaidimas-detektyvai-pastabumo-ieskotojai\\\/\"]}]},{\"@type\":\"ImageObject\",\"inLanguage\":\"lv-LV\",\"@id\":\"https:\\\/\\\/kidsplay.lt\\\/produktas\\\/stalo-zaidimas-detektyvai-pastabumo-ieskotojai\\\/#primaryimage\",\"url\":\"https:\\\/\\\/kidsplay.lt\\\/wp-content\\\/uploads\\\/2026\\\/04\\\/Stalo-zaidimas-\u201eDetektyvai-\u2013-pastabumo-ieskotojai.png\",\"contentUrl\":\"https:\\\/\\\/kidsplay.lt\\\/wp-content\\\/uploads\\\/2026\\\/04\\\/Stalo-zaidimas-\u201eDetektyvai-\u2013-pastabumo-ieskotojai.png\",\"width\":1000,\"height\":707,\"caption\":\"Stalo \u017eaidimas \u201eDetektyvai \u2013 pastabumo ie\u0161kotojai\u201c\"},{\"@type\":\"BreadcrumbList\",\"@id\":\"https:\\\/\\\/kidsplay.lt\\\/produktas\\\/stalo-zaidimas-detektyvai-pastabumo-ieskotojai\\\/#breadcrumb\",\"itemListElement\":[{\"@type\":\"ListItem\",\"position\":1,\"name\":\"Pagrindinis\",\"item\":\"https:\\\/\\\/kidsplay.lt\\\/\"},{\"@type\":\"ListItem\",\"position\":2,\"name\":\"Parduotuv\u0117\",\"item\":\"https:\\\/\\\/kidsplay.lt\\\/parduotuve\\\/\"},{\"@type\":\"ListItem\",\"position\":3,\"name\":\"Stalo \u017eaidimas \u201eDetektyvai \u2013 pastabumo ie\u0161kotojai\u201c\"}]},{\"@type\":\"WebSite\",\"@id\":\"https:\\\/\\\/kidsplay.lt\\\/#website\",\"url\":\"https:\\\/\\\/kidsplay.lt\\\/\",\"name\":\"Kidsplay.lt\",\"description\":\"\u012evairios prek\u0117s vaikams\",\"publisher\":{\"@id\":\"https:\\\/\\\/kidsplay.lt\\\/#organization\"},\"alternateName\":\"Kidsplay\",\"potentialAction\":[{\"@type\":\"SearchAction\",\"target\":{\"@type\":\"EntryPoint\",\"urlTemplate\":\"https:\\\/\\\/kidsplay.lt\\\/?s={search_term_string}\"},\"query-input\":{\"@type\":\"PropertyValueSpecification\",\"valueRequired\":true,\"valueName\":\"search_term_string\"}}],\"inLanguage\":\"lv-LV\"},{\"@type\":\"Organization\",\"@id\":\"https:\\\/\\\/kidsplay.lt\\\/#organization\",\"name\":\"KidsPlay\",\"url\":\"https:\\\/\\\/kidsplay.lt\\\/\",\"logo\":{\"@type\":\"ImageObject\",\"inLanguage\":\"lv-LV\",\"@id\":\"https:\\\/\\\/kidsplay.lt\\\/#\\\/schema\\\/logo\\\/image\\\/\",\"url\":\"https:\\\/\\\/kidsplay.lt\\\/wp-content\\\/uploads\\\/2023\\\/07\\\/kidsplay-logo.png\",\"contentUrl\":\"https:\\\/\\\/kidsplay.lt\\\/wp-content\\\/uploads\\\/2023\\\/07\\\/kidsplay-logo.png\",\"width\":451,\"height\":98,\"caption\":\"KidsPlay\"},\"image\":{\"@id\":\"https:\\\/\\\/kidsplay.lt\\\/#\\\/schema\\\/logo\\\/image\\\/\"},\"sameAs\":[\"https:\\\/\\\/www.facebook.com\\\/www.kidsplay.lt\"]}]}<\/script>\n<!-- \/ Yoast SEO plugin. -->","yoast_head_json":{"title":"Galda sp\u0113le &quot;Detekt\u012bvi - uzman\u012bbas mekl\u0113t\u0101ji&quot;\u201e","description":"Stalo \u017eaidimas \u201eDetektyvai \u2013 pastabumo ie\u0161kotojai\u201c - KidsPlay. Did\u017eiausias vaik\u0173 \u017eaisl\u0173 pasirinkimas.","robots":{"index":"index","follow":"follow","max-snippet":"max-snippet:-1","max-image-preview":"max-image-preview:large","max-video-preview":"max-video-preview:-1"},"canonical":"https:\/\/kidsplay.lt\/lv\/products\/stalo-zaidimas-detektyvai-pastabumo-ieskotojai\/","og_locale":"lv_LV","og_type":"article","og_title":"Stalo \u017eaidimas \u201eDetektyvai \u2013 pastabumo ie\u0161kotojai\u201c","og_description":"Stalo \u017eaidimas \u201eDetektyvai \u2013 pastabumo ie\u0161kotojai\u201c - KidsPlay. Did\u017eiausias vaik\u0173 \u017eaisl\u0173 pasirinkimas.","og_url":"https:\/\/kidsplay.lt\/lv\/products\/stalo-zaidimas-detektyvai-pastabumo-ieskotojai\/","og_site_name":"KidsPlay","article_publisher":"https:\/\/www.facebook.com\/www.kidsplay.lt","article_modified_time":"2026-04-15T11:19:23+00:00","og_image":[{"width":1000,"height":707,"url":"https:\/\/kidsplay.lt\/wp-content\/uploads\/2026\/04\/Stalo-zaidimas-\u201eDetektyvai-\u2013-pastabumo-ieskotojai.png","type":"image\/png"}],"twitter_card":"summary_large_image","twitter_misc":{"Est. reading time":"1 min\u016bte"},"schema":{"@context":"https:\/\/schema.org","@graph":[{"@type":"WebPage","@id":"https:\/\/kidsplay.lt\/produktas\/stalo-zaidimas-detektyvai-pastabumo-ieskotojai\/","url":"https:\/\/kidsplay.lt\/produktas\/stalo-zaidimas-detektyvai-pastabumo-ieskotojai\/","name":"Galda sp\u0113le &quot;Detekt\u012bvi - uzman\u012bbas mekl\u0113t\u0101ji&quot;\u201e","isPartOf":{"@id":"https:\/\/kidsplay.lt\/#website"},"primaryImageOfPage":{"@id":"https:\/\/kidsplay.lt\/produktas\/stalo-zaidimas-detektyvai-pastabumo-ieskotojai\/#primaryimage"},"image":{"@id":"https:\/\/kidsplay.lt\/produktas\/stalo-zaidimas-detektyvai-pastabumo-ieskotojai\/#primaryimage"},"thumbnailUrl":"https:\/\/kidsplay.lt\/wp-content\/uploads\/2026\/04\/Stalo-zaidimas-\u201eDetektyvai-\u2013-pastabumo-ieskotojai.png","datePublished":"2026-04-04T07:37:46+00:00","dateModified":"2026-04-15T11:19:23+00:00","description":"Stalo \u017eaidimas \u201eDetektyvai \u2013 pastabumo ie\u0161kotojai\u201c - KidsPlay. Did\u017eiausias vaik\u0173 \u017eaisl\u0173 pasirinkimas.","breadcrumb":{"@id":"https:\/\/kidsplay.lt\/produktas\/stalo-zaidimas-detektyvai-pastabumo-ieskotojai\/#breadcrumb"},"inLanguage":"lv-LV","potentialAction":[{"@type":"ReadAction","target":["https:\/\/kidsplay.lt\/produktas\/stalo-zaidimas-detektyvai-pastabumo-ieskotojai\/"]}]},{"@type":"ImageObject","inLanguage":"lv-LV","@id":"https:\/\/kidsplay.lt\/produktas\/stalo-zaidimas-detektyvai-pastabumo-ieskotojai\/#primaryimage","url":"https:\/\/kidsplay.lt\/wp-content\/uploads\/2026\/04\/Stalo-zaidimas-\u201eDetektyvai-\u2013-pastabumo-ieskotojai.png","contentUrl":"https:\/\/kidsplay.lt\/wp-content\/uploads\/2026\/04\/Stalo-zaidimas-\u201eDetektyvai-\u2013-pastabumo-ieskotojai.png","width":1000,"height":707,"caption":"Stalo \u017eaidimas \u201eDetektyvai \u2013 pastabumo ie\u0161kotojai\u201c"},{"@type":"BreadcrumbList","@id":"https:\/\/kidsplay.lt\/produktas\/stalo-zaidimas-detektyvai-pastabumo-ieskotojai\/#breadcrumb","itemListElement":[{"@type":"ListItem","position":1,"name":"Pagrindinis","item":"https:\/\/kidsplay.lt\/"},{"@type":"ListItem","position":2,"name":"Parduotuv\u0117","item":"https:\/\/kidsplay.lt\/parduotuve\/"},{"@type":"ListItem","position":3,"name":"Stalo \u017eaidimas \u201eDetektyvai \u2013 pastabumo ie\u0161kotojai\u201c"}]},{"@type":"WebSite","@id":"https:\/\/kidsplay.lt\/#website","url":"https:\/\/kidsplay.lt\/","name":"B\u0113rnu sp\u0113les.lv","description":"\u012evairios prek\u0117s vaikams","publisher":{"@id":"https:\/\/kidsplay.lt\/#organization"},"alternateName":"Kidsplay","potentialAction":[{"@type":"SearchAction","target":{"@type":"EntryPoint","urlTemplate":"https:\/\/kidsplay.lt\/?s={search_term_string}"},"query-input":{"@type":"PropertyValueSpecification","valueRequired":true,"valueName":"search_term_string"}}],"inLanguage":"lv-LV"},{"@type":"Organization","@id":"https:\/\/kidsplay.lt\/#organization","name":"B\u0113rnu sp\u0113le","url":"https:\/\/kidsplay.lt\/","logo":{"@type":"ImageObject","inLanguage":"lv-LV","@id":"https:\/\/kidsplay.lt\/#\/schema\/logo\/image\/","url":"https:\/\/kidsplay.lt\/wp-content\/uploads\/2023\/07\/kidsplay-logo.png","contentUrl":"https:\/\/kidsplay.lt\/wp-content\/uploads\/2023\/07\/kidsplay-logo.png","width":451,"height":98,"caption":"KidsPlay"},"image":{"@id":"https:\/\/kidsplay.lt\/#\/schema\/logo\/image\/"},"sameAs":["https:\/\/www.facebook.com\/www.kidsplay.lt"]}]}},"_links":{"self":[{"href":"https:\/\/kidsplay.lt\/lv\/wp-json\/wp\/v2\/product\/100457","targetHints":{"allow":["GET"]}}],"collection":[{"href":"https:\/\/kidsplay.lt\/lv\/wp-json\/wp\/v2\/product"}],"about":[{"href":"https:\/\/kidsplay.lt\/lv\/wp-json\/wp\/v2\/types\/product"}],"version-history":[{"count":1,"href":"https:\/\/kidsplay.lt\/lv\/wp-json\/wp\/v2\/product\/100457\/revisions"}],"predecessor-version":[{"id":100458,"href":"https:\/\/kidsplay.lt\/lv\/wp-json\/wp\/v2\/product\/100457\/revisions\/100458"}],"wp:featuredmedia":[{"embeddable":true,"href":"https:\/\/kidsplay.lt\/lv\/wp-json\/wp\/v2\/media\/100459"}],"wp:attachment":[{"href":"https:\/\/kidsplay.lt\/lv\/wp-json\/wp\/v2\/media?parent=100457"}],"wp:term":[{"taxonomy":"product_brand","embeddable":true,"href":"https:\/\/kidsplay.lt\/lv\/wp-json\/wp\/v2\/product_brand?post=100457"},{"taxonomy":"product_cat","embeddable":true,"href":"https:\/\/kidsplay.lt\/lv\/wp-json\/wp\/v2\/product_cat?post=100457"},{"taxonomy":"product_tag","embeddable":true,"href":"https:\/\/kidsplay.lt\/lv\/wp-json\/wp\/v2\/product_tag?post=100457"}],"curies":[{"name":"wp","href":"https:\/\/api.w.org\/{rel}","templated":true}]}}