{"id":100526,"date":"2026-04-04T10:39:19","date_gmt":"2026-04-04T07:39:19","guid":{"rendered":"https:\/\/kidsplay.lt\/produktas\/elektrinis-vaikiskas-keturratis-quad-s601-melynas\/"},"modified":"2026-04-10T08:57:03","modified_gmt":"2026-04-10T05:57:03","slug":"elektrinis-vaikiskas-keturratis-quad-s601-melynas","status":"publish","type":"product","link":"https:\/\/kidsplay.lt\/lv\/products\/elektrinis-vaikiskas-keturratis-quad-s601-melynas\/","title":{"rendered":"Elektrinis vaiki\u0161kas keturratis Quad S601 \u2013 m\u0117lynas"},"content":{"rendered":"<p>\u26a1\ud83c\udfc1 Elektrinis vaiki\u0161kas keturratis Quad S601 \u2013 m\u0117lynas<br \/>\nStilingas, galingas ir patikimas \u2013 elektrinis keturratis Quad S601 suteiks vaikui tikr\u0105 vairavimo d\u017eiaugsm\u0105. Tai puikus pasirinkimas ma\u017eiesiems nuotyki\u0173 ie\u0161kotojams, m\u0117gstantiems aktyv\u0173 laisvalaik\u012f lauke. Modelis pasi\u017eymi tvirta konstrukcija, kokybi\u0161kais komponentais ir funkcijomis, kurios u\u017etikrina saugi\u0105 bei smagi\u0105 kelion\u0119.<\/p>\n<p>Keturratis varomas 2 \u00d7 45 W varikliais, tod\u0117l lengvai \u012fveikia \u012fvairius pavir\u0161ius. EVA ratukai u\u017etikrina tyl\u0173 ir komforti\u0161k\u0105 va\u017eiavim\u0105, o eko odos s\u0117dyn\u0117 suteikia papildomo patogumo. Transporto priemon\u0117 turi automatin\u012f stabd\u012f, kuris \u012fsijungia atleidus akceleratori\u0173, tod\u0117l \u017eaidimas tampa dar saugesnis.<\/p>\n<p>Priekiniai \u017eibintai ir LED indikatoriai prietais\u0173 skydelyje suteikia tikrovi\u0161kumo, o paprastas valdymas leid\u017eia vaikui greitai \u012fsisavinti vairavim\u0105.<\/p>\n<p>\u2b50 Tehniskie dati<\/p>\n<p> \tModelis: Quad S601<br \/>\n \tSpalva: m\u0117lynas<br \/>\n \tMotori: 2 \u00d7 45 W<br \/>\n \tBaterija: 1 \u00d7 6V 4,5Ah<br \/>\n \tPavaros: 2 (pirmyn \/ atgal)<br \/>\n \tMatmenys: 86 \u00d7 56 \u00d7 66 cm<br \/>\n \tSvoris: 16 kg<br \/>\n \tMaks. apkrova: 35 kg<br \/>\n \tUzl\u0101des laiks: ~8 stundas.<br \/>\n \tBrauk\u0161anas laiks: l\u012bdz 1 stundai.<br \/>\n \tStabdis: automatinis (atleidus pedal\u0105)<\/p>\n<p>\u2b50 \u012eranga<\/p>\n<p> \tSaugos dir\u017eai: \u2013<br \/>\n \tAtidaromos durel\u0117s: \u2013<br \/>\n \tRakteliai: \u2013<br \/>\n \tS\u0117dyn\u0117: eko oda<br \/>\n \tRite\u0146i: EVA<br \/>\n \t\u017dibintai: priekiniai<br \/>\n \tLED indikatoriai prietais\u0173 skydelyje<\/p>","protected":false},"excerpt":{"rendered":"<p>\u26a1\ud83c\udfc1 Elektrinis vaiki\u0161kas keturratis Quad S601 \u2013 m\u0117lynas Stilingas, galingas ir patikimas \u2013 elektrinis keturratis Quad S601 suteiks vaikui tikr\u0105<\/p>","protected":false},"featured_media":100528,"template":"","meta":{"_acf_changed":false,"_glsr_average":0,"_glsr_ranking":0,"_glsr_reviews":0},"product_brand":[],"product_cat":[237,434],"product_tag":[],"class_list":{"0":"post-100526","1":"product","2":"type-product","3":"status-publish","4":"has-post-thumbnail","6":"product_cat-judejimo-priemones","7":"product_cat-keturraciai","8":"\"style=\"background-color: #2ecc711c;\"","10":"first","11":"instock","12":"purchasable","13":"product-type-simple"},"acf":[],"yoast_head":"<!-- This site is optimized with the Yoast SEO plugin v27.3 - https:\/\/yoast.com\/product\/yoast-seo-wordpress\/ -->\n<title>Elektrinis vaiki\u0161kas keturratis Quad S601 \u2013 m\u0117lynas<\/title>\n<meta name=\"description\" content=\"Elektrinis vaiki\u0161kas keturratis Quad S601 \u2013 m\u0117lynas - KidsPlay. Did\u017eiausias vaik\u0173 \u017eaisl\u0173 pasirinkimas.\" \/>\n<meta name=\"robots\" content=\"index, follow, max-snippet:-1, max-image-preview:large, max-video-preview:-1\" \/>\n<link rel=\"canonical\" href=\"https:\/\/kidsplay.lt\/lv\/products\/elektrinis-vaikiskas-keturratis-quad-s601-melynas\/\" \/>\n<meta property=\"og:locale\" content=\"lv_LV\" \/>\n<meta property=\"og:type\" content=\"article\" \/>\n<meta property=\"og:title\" content=\"Elektrinis vaiki\u0161kas keturratis Quad S601 \u2013 m\u0117lynas\" \/>\n<meta property=\"og:description\" content=\"Elektrinis vaiki\u0161kas keturratis Quad S601 \u2013 m\u0117lynas - KidsPlay. Did\u017eiausias vaik\u0173 \u017eaisl\u0173 pasirinkimas.\" \/>\n<meta property=\"og:url\" content=\"https:\/\/kidsplay.lt\/lv\/products\/elektrinis-vaikiskas-keturratis-quad-s601-melynas\/\" \/>\n<meta property=\"og:site_name\" content=\"KidsPlay\" \/>\n<meta property=\"article:publisher\" content=\"https:\/\/www.facebook.com\/www.kidsplay.lt\" \/>\n<meta property=\"article:modified_time\" content=\"2026-04-10T05:57:03+00:00\" \/>\n<meta property=\"og:image\" content=\"https:\/\/kidsplay.lt\/wp-content\/uploads\/2026\/04\/Elektrinis-vaikiskas-keturratis-Quad-S601-\u2013-melynas.jpg\" \/>\n\t<meta property=\"og:image:width\" content=\"826\" \/>\n\t<meta property=\"og:image:height\" content=\"578\" \/>\n\t<meta property=\"og:image:type\" content=\"image\/jpeg\" \/>\n<meta name=\"twitter:card\" content=\"summary_large_image\" \/>\n<meta name=\"twitter:label1\" content=\"Est. reading time\" \/>\n\t<meta name=\"twitter:data1\" content=\"1 min\u016bte\" \/>\n<script type=\"application\/ld+json\" class=\"yoast-schema-graph\">{\"@context\":\"https:\\\/\\\/schema.org\",\"@graph\":[{\"@type\":\"WebPage\",\"@id\":\"https:\\\/\\\/kidsplay.lt\\\/produktas\\\/elektrinis-vaikiskas-keturratis-quad-s601-melynas\\\/\",\"url\":\"https:\\\/\\\/kidsplay.lt\\\/produktas\\\/elektrinis-vaikiskas-keturratis-quad-s601-melynas\\\/\",\"name\":\"Elektrinis vaiki\u0161kas keturratis Quad S601 \u2013 m\u0117lynas\",\"isPartOf\":{\"@id\":\"https:\\\/\\\/kidsplay.lt\\\/#website\"},\"primaryImageOfPage\":{\"@id\":\"https:\\\/\\\/kidsplay.lt\\\/produktas\\\/elektrinis-vaikiskas-keturratis-quad-s601-melynas\\\/#primaryimage\"},\"image\":{\"@id\":\"https:\\\/\\\/kidsplay.lt\\\/produktas\\\/elektrinis-vaikiskas-keturratis-quad-s601-melynas\\\/#primaryimage\"},\"thumbnailUrl\":\"https:\\\/\\\/kidsplay.lt\\\/wp-content\\\/uploads\\\/2026\\\/04\\\/Elektrinis-vaikiskas-keturratis-Quad-S601-\u2013-melynas.jpg\",\"datePublished\":\"2026-04-04T07:39:19+00:00\",\"dateModified\":\"2026-04-10T05:57:03+00:00\",\"description\":\"Elektrinis vaiki\u0161kas keturratis Quad S601 \u2013 m\u0117lynas - KidsPlay. Did\u017eiausias vaik\u0173 \u017eaisl\u0173 pasirinkimas.\",\"breadcrumb\":{\"@id\":\"https:\\\/\\\/kidsplay.lt\\\/produktas\\\/elektrinis-vaikiskas-keturratis-quad-s601-melynas\\\/#breadcrumb\"},\"inLanguage\":\"lv-LV\",\"potentialAction\":[{\"@type\":\"ReadAction\",\"target\":[\"https:\\\/\\\/kidsplay.lt\\\/produktas\\\/elektrinis-vaikiskas-keturratis-quad-s601-melynas\\\/\"]}]},{\"@type\":\"ImageObject\",\"inLanguage\":\"lv-LV\",\"@id\":\"https:\\\/\\\/kidsplay.lt\\\/produktas\\\/elektrinis-vaikiskas-keturratis-quad-s601-melynas\\\/#primaryimage\",\"url\":\"https:\\\/\\\/kidsplay.lt\\\/wp-content\\\/uploads\\\/2026\\\/04\\\/Elektrinis-vaikiskas-keturratis-Quad-S601-\u2013-melynas.jpg\",\"contentUrl\":\"https:\\\/\\\/kidsplay.lt\\\/wp-content\\\/uploads\\\/2026\\\/04\\\/Elektrinis-vaikiskas-keturratis-Quad-S601-\u2013-melynas.jpg\",\"width\":826,\"height\":578,\"caption\":\"Elektrinis vaiki\u0161kas keturratis Quad S601 \u2013 m\u0117lynas\"},{\"@type\":\"BreadcrumbList\",\"@id\":\"https:\\\/\\\/kidsplay.lt\\\/produktas\\\/elektrinis-vaikiskas-keturratis-quad-s601-melynas\\\/#breadcrumb\",\"itemListElement\":[{\"@type\":\"ListItem\",\"position\":1,\"name\":\"Pagrindinis\",\"item\":\"https:\\\/\\\/kidsplay.lt\\\/\"},{\"@type\":\"ListItem\",\"position\":2,\"name\":\"Parduotuv\u0117\",\"item\":\"https:\\\/\\\/kidsplay.lt\\\/parduotuve\\\/\"},{\"@type\":\"ListItem\",\"position\":3,\"name\":\"Elektrinis vaiki\u0161kas keturratis Quad S601 \u2013 m\u0117lynas\"}]},{\"@type\":\"WebSite\",\"@id\":\"https:\\\/\\\/kidsplay.lt\\\/#website\",\"url\":\"https:\\\/\\\/kidsplay.lt\\\/\",\"name\":\"Kidsplay.lt\",\"description\":\"\u012evairios prek\u0117s vaikams\",\"publisher\":{\"@id\":\"https:\\\/\\\/kidsplay.lt\\\/#organization\"},\"alternateName\":\"Kidsplay\",\"potentialAction\":[{\"@type\":\"SearchAction\",\"target\":{\"@type\":\"EntryPoint\",\"urlTemplate\":\"https:\\\/\\\/kidsplay.lt\\\/?s={search_term_string}\"},\"query-input\":{\"@type\":\"PropertyValueSpecification\",\"valueRequired\":true,\"valueName\":\"search_term_string\"}}],\"inLanguage\":\"lv-LV\"},{\"@type\":\"Organization\",\"@id\":\"https:\\\/\\\/kidsplay.lt\\\/#organization\",\"name\":\"KidsPlay\",\"url\":\"https:\\\/\\\/kidsplay.lt\\\/\",\"logo\":{\"@type\":\"ImageObject\",\"inLanguage\":\"lv-LV\",\"@id\":\"https:\\\/\\\/kidsplay.lt\\\/#\\\/schema\\\/logo\\\/image\\\/\",\"url\":\"https:\\\/\\\/kidsplay.lt\\\/wp-content\\\/uploads\\\/2023\\\/07\\\/kidsplay-logo.png\",\"contentUrl\":\"https:\\\/\\\/kidsplay.lt\\\/wp-content\\\/uploads\\\/2023\\\/07\\\/kidsplay-logo.png\",\"width\":451,\"height\":98,\"caption\":\"KidsPlay\"},\"image\":{\"@id\":\"https:\\\/\\\/kidsplay.lt\\\/#\\\/schema\\\/logo\\\/image\\\/\"},\"sameAs\":[\"https:\\\/\\\/www.facebook.com\\\/www.kidsplay.lt\"]}]}<\/script>\n<!-- \/ Yoast SEO plugin. -->","yoast_head_json":{"title":"Elektrinis vaiki\u0161kas keturratis Quad S601 \u2013 m\u0117lynas","description":"Elektrinis vaiki\u0161kas keturratis Quad S601 \u2013 m\u0117lynas - KidsPlay. Did\u017eiausias vaik\u0173 \u017eaisl\u0173 pasirinkimas.","robots":{"index":"index","follow":"follow","max-snippet":"max-snippet:-1","max-image-preview":"max-image-preview:large","max-video-preview":"max-video-preview:-1"},"canonical":"https:\/\/kidsplay.lt\/lv\/products\/elektrinis-vaikiskas-keturratis-quad-s601-melynas\/","og_locale":"lv_LV","og_type":"article","og_title":"Elektrinis vaiki\u0161kas keturratis Quad S601 \u2013 m\u0117lynas","og_description":"Elektrinis vaiki\u0161kas keturratis Quad S601 \u2013 m\u0117lynas - KidsPlay. Did\u017eiausias vaik\u0173 \u017eaisl\u0173 pasirinkimas.","og_url":"https:\/\/kidsplay.lt\/lv\/products\/elektrinis-vaikiskas-keturratis-quad-s601-melynas\/","og_site_name":"KidsPlay","article_publisher":"https:\/\/www.facebook.com\/www.kidsplay.lt","article_modified_time":"2026-04-10T05:57:03+00:00","og_image":[{"width":826,"height":578,"url":"https:\/\/kidsplay.lt\/wp-content\/uploads\/2026\/04\/Elektrinis-vaikiskas-keturratis-Quad-S601-\u2013-melynas.jpg","type":"image\/jpeg"}],"twitter_card":"summary_large_image","twitter_misc":{"Est. reading time":"1 min\u016bte"},"schema":{"@context":"https:\/\/schema.org","@graph":[{"@type":"WebPage","@id":"https:\/\/kidsplay.lt\/produktas\/elektrinis-vaikiskas-keturratis-quad-s601-melynas\/","url":"https:\/\/kidsplay.lt\/produktas\/elektrinis-vaikiskas-keturratis-quad-s601-melynas\/","name":"Elektrinis vaiki\u0161kas keturratis Quad S601 \u2013 m\u0117lynas","isPartOf":{"@id":"https:\/\/kidsplay.lt\/#website"},"primaryImageOfPage":{"@id":"https:\/\/kidsplay.lt\/produktas\/elektrinis-vaikiskas-keturratis-quad-s601-melynas\/#primaryimage"},"image":{"@id":"https:\/\/kidsplay.lt\/produktas\/elektrinis-vaikiskas-keturratis-quad-s601-melynas\/#primaryimage"},"thumbnailUrl":"https:\/\/kidsplay.lt\/wp-content\/uploads\/2026\/04\/Elektrinis-vaikiskas-keturratis-Quad-S601-\u2013-melynas.jpg","datePublished":"2026-04-04T07:39:19+00:00","dateModified":"2026-04-10T05:57:03+00:00","description":"Elektrinis vaiki\u0161kas keturratis Quad S601 \u2013 m\u0117lynas - KidsPlay. Did\u017eiausias vaik\u0173 \u017eaisl\u0173 pasirinkimas.","breadcrumb":{"@id":"https:\/\/kidsplay.lt\/produktas\/elektrinis-vaikiskas-keturratis-quad-s601-melynas\/#breadcrumb"},"inLanguage":"lv-LV","potentialAction":[{"@type":"ReadAction","target":["https:\/\/kidsplay.lt\/produktas\/elektrinis-vaikiskas-keturratis-quad-s601-melynas\/"]}]},{"@type":"ImageObject","inLanguage":"lv-LV","@id":"https:\/\/kidsplay.lt\/produktas\/elektrinis-vaikiskas-keturratis-quad-s601-melynas\/#primaryimage","url":"https:\/\/kidsplay.lt\/wp-content\/uploads\/2026\/04\/Elektrinis-vaikiskas-keturratis-Quad-S601-\u2013-melynas.jpg","contentUrl":"https:\/\/kidsplay.lt\/wp-content\/uploads\/2026\/04\/Elektrinis-vaikiskas-keturratis-Quad-S601-\u2013-melynas.jpg","width":826,"height":578,"caption":"Elektrinis vaiki\u0161kas keturratis Quad S601 \u2013 m\u0117lynas"},{"@type":"BreadcrumbList","@id":"https:\/\/kidsplay.lt\/produktas\/elektrinis-vaikiskas-keturratis-quad-s601-melynas\/#breadcrumb","itemListElement":[{"@type":"ListItem","position":1,"name":"Pagrindinis","item":"https:\/\/kidsplay.lt\/"},{"@type":"ListItem","position":2,"name":"Parduotuv\u0117","item":"https:\/\/kidsplay.lt\/parduotuve\/"},{"@type":"ListItem","position":3,"name":"Elektrinis vaiki\u0161kas keturratis Quad S601 \u2013 m\u0117lynas"}]},{"@type":"WebSite","@id":"https:\/\/kidsplay.lt\/#website","url":"https:\/\/kidsplay.lt\/","name":"B\u0113rnu sp\u0113les.lv","description":"\u012evairios prek\u0117s vaikams","publisher":{"@id":"https:\/\/kidsplay.lt\/#organization"},"alternateName":"Kidsplay","potentialAction":[{"@type":"SearchAction","target":{"@type":"EntryPoint","urlTemplate":"https:\/\/kidsplay.lt\/?s={search_term_string}"},"query-input":{"@type":"PropertyValueSpecification","valueRequired":true,"valueName":"search_term_string"}}],"inLanguage":"lv-LV"},{"@type":"Organization","@id":"https:\/\/kidsplay.lt\/#organization","name":"B\u0113rnu sp\u0113le","url":"https:\/\/kidsplay.lt\/","logo":{"@type":"ImageObject","inLanguage":"lv-LV","@id":"https:\/\/kidsplay.lt\/#\/schema\/logo\/image\/","url":"https:\/\/kidsplay.lt\/wp-content\/uploads\/2023\/07\/kidsplay-logo.png","contentUrl":"https:\/\/kidsplay.lt\/wp-content\/uploads\/2023\/07\/kidsplay-logo.png","width":451,"height":98,"caption":"KidsPlay"},"image":{"@id":"https:\/\/kidsplay.lt\/#\/schema\/logo\/image\/"},"sameAs":["https:\/\/www.facebook.com\/www.kidsplay.lt"]}]}},"_links":{"self":[{"href":"https:\/\/kidsplay.lt\/lv\/wp-json\/wp\/v2\/product\/100526","targetHints":{"allow":["GET"]}}],"collection":[{"href":"https:\/\/kidsplay.lt\/lv\/wp-json\/wp\/v2\/product"}],"about":[{"href":"https:\/\/kidsplay.lt\/lv\/wp-json\/wp\/v2\/types\/product"}],"version-history":[{"count":1,"href":"https:\/\/kidsplay.lt\/lv\/wp-json\/wp\/v2\/product\/100526\/revisions"}],"predecessor-version":[{"id":100527,"href":"https:\/\/kidsplay.lt\/lv\/wp-json\/wp\/v2\/product\/100526\/revisions\/100527"}],"wp:featuredmedia":[{"embeddable":true,"href":"https:\/\/kidsplay.lt\/lv\/wp-json\/wp\/v2\/media\/100528"}],"wp:attachment":[{"href":"https:\/\/kidsplay.lt\/lv\/wp-json\/wp\/v2\/media?parent=100526"}],"wp:term":[{"taxonomy":"product_brand","embeddable":true,"href":"https:\/\/kidsplay.lt\/lv\/wp-json\/wp\/v2\/product_brand?post=100526"},{"taxonomy":"product_cat","embeddable":true,"href":"https:\/\/kidsplay.lt\/lv\/wp-json\/wp\/v2\/product_cat?post=100526"},{"taxonomy":"product_tag","embeddable":true,"href":"https:\/\/kidsplay.lt\/lv\/wp-json\/wp\/v2\/product_tag?post=100526"}],"curies":[{"name":"wp","href":"https:\/\/api.w.org\/{rel}","templated":true}]}}