{"id":101754,"date":"2026-04-06T18:30:39","date_gmt":"2026-04-06T15:30:39","guid":{"rendered":"https:\/\/kidsplay.lt\/produktas\/viga-polarb-mini-dirbtuves-2in1-medinis-irankiu-rinkinys\/"},"modified":"2026-04-13T13:43:41","modified_gmt":"2026-04-13T10:43:41","slug":"viga-polarb-mini-dirbtuves-2in1-medinis-irankiu-rinkinys","status":"publish","type":"product","link":"https:\/\/kidsplay.lt\/lv\/products\/viga-polarb-mini-dirbtuves-2in1-medinis-irankiu-rinkinys\/","title":{"rendered":"VIGA PolarB Mini darbn\u012bca 2in1 \u2013 koka instrumentu komplekts"},"content":{"rendered":"<p>Viga Mini medinis \u012franki\u0173 dirbtuv\u0117li\u0173 rinkinys i\u0161 PolarB kolekcijos suteiks daug smagaus laiko kiekvienam ma\u017eam \u201epasidaryk pats\u201c entuziastui. Rinkinys apima plaktuk\u0105, ver\u017eliarakt\u012f, atsuktuv\u0105, 4 var\u017et\u0173 ir ver\u017eli\u0173 poras, 2 kai\u0161\u010dius, 3 krumpliara\u010dius ir 5 lenteles su skyl\u0117mis. Vaikai gali tyrin\u0117ti \u012fvairius \u012frankius ir lavinti \u012fg\u016bd\u017eius sm\u016bgiavime, sukime ir jungime. Darbo stalas gali b\u016bti apverstas ir paverstas \u012f \u012franki\u0173 d\u0117\u017e\u0119 \u012frankiams laikyti bei ne\u0161ioti. \u0160i veikla lavina smulki\u0105j\u0105 motorik\u0105, skatina smalsum\u0105 ir stimuliuoja vaiko vaizduot\u0119.<br \/>\nRaksturojums:<\/p>\n<p> \t\u017daislas vaikams nuo 3 met\u0173<br \/>\n \t2in1: mini dirbtuv\u0117s ir \u012franki\u0173 d\u0117\u017e\u0117<br \/>\n \t21 elementas: plaktukas, ver\u017eliaraktis, atsuktuvas, 4 var\u017et\u0173 ir ver\u017eli\u0173 poros, 2 kai\u0161\u010diai, 3 krumpliara\u010diai ir 5 lentel\u0117s<br \/>\n \tVisi elementai pagaminti i\u0161 med\u017eio<br \/>\n \tNuda\u017eyti ekologi\u0161kais ir vaikams saugiais da\u017eais<br \/>\n \tBe a\u0161tri\u0173 kamp\u0173<\/p>","protected":false},"excerpt":{"rendered":"<p>Viga Mini medinis \u012franki\u0173 dirbtuv\u0117li\u0173 rinkinys i\u0161 PolarB kolekcijos suteiks daug smagaus laiko kiekvienam ma\u017eam \u201epasidaryk pats\u201c entuziastui. Rinkinys apima<\/p>","protected":false},"featured_media":101756,"template":"","meta":{"_acf_changed":false,"_glsr_average":0,"_glsr_ranking":0,"_glsr_reviews":0},"product_brand":[],"product_cat":[402,399],"product_tag":[],"class_list":{"0":"post-101754","1":"product","2":"type-product","3":"status-publish","4":"has-post-thumbnail","6":"product_cat-dirbtuves-ir-irankiai","7":"product_cat-vaidmenu-zaidimai-2","8":"\"style=\"background-color: #2ecc711c;\"","10":"first","11":"instock","12":"purchasable","13":"product-type-simple"},"acf":[],"yoast_head":"<!-- This site is optimized with the Yoast SEO plugin v27.4 - https:\/\/yoast.com\/product\/yoast-seo-wordpress\/ -->\n<title>VIGA PolarB Mini dirbtuv\u0117s 2in1 \u2013 medinis \u012franki\u0173 rinkinys<\/title>\n<meta name=\"description\" content=\"VIGA PolarB Mini dirbtuv\u0117s 2in1 \u2013 medinis \u012franki\u0173 rinkinys - KidsPlay. Did\u017eiausias vaik\u0173 \u017eaisl\u0173 pasirinkimas.\" \/>\n<meta name=\"robots\" content=\"index, follow, max-snippet:-1, max-image-preview:large, max-video-preview:-1\" \/>\n<link rel=\"canonical\" href=\"https:\/\/kidsplay.lt\/lv\/products\/viga-polarb-mini-dirbtuves-2in1-medinis-irankiu-rinkinys\/\" \/>\n<meta property=\"og:locale\" content=\"lv_LV\" \/>\n<meta property=\"og:type\" content=\"article\" \/>\n<meta property=\"og:title\" content=\"VIGA PolarB Mini dirbtuv\u0117s 2in1 \u2013 medinis \u012franki\u0173 rinkinys\" \/>\n<meta property=\"og:description\" content=\"VIGA PolarB Mini dirbtuv\u0117s 2in1 \u2013 medinis \u012franki\u0173 rinkinys - KidsPlay. Did\u017eiausias vaik\u0173 \u017eaisl\u0173 pasirinkimas.\" \/>\n<meta property=\"og:url\" content=\"https:\/\/kidsplay.lt\/lv\/products\/viga-polarb-mini-dirbtuves-2in1-medinis-irankiu-rinkinys\/\" \/>\n<meta property=\"og:site_name\" content=\"KidsPlay\" \/>\n<meta property=\"article:publisher\" content=\"https:\/\/www.facebook.com\/www.kidsplay.lt\" \/>\n<meta property=\"article:modified_time\" content=\"2026-04-13T10:43:41+00:00\" \/>\n<meta property=\"og:image\" content=\"https:\/\/kidsplay.lt\/wp-content\/uploads\/2026\/04\/VIGA-PolarB-Mini-dirbtuves-2in1-\u2013-medinis-irankiu-rinkinys.jpg\" \/>\n\t<meta property=\"og:image:width\" content=\"2560\" \/>\n\t<meta property=\"og:image:height\" content=\"2560\" \/>\n\t<meta property=\"og:image:type\" content=\"image\/jpeg\" \/>\n<meta name=\"twitter:card\" content=\"summary_large_image\" \/>\n<meta name=\"twitter:label1\" content=\"Est. reading time\" \/>\n\t<meta name=\"twitter:data1\" content=\"1 min\u016bte\" \/>\n<script type=\"application\/ld+json\" class=\"yoast-schema-graph\">{\"@context\":\"https:\\\/\\\/schema.org\",\"@graph\":[{\"@type\":\"WebPage\",\"@id\":\"https:\\\/\\\/kidsplay.lt\\\/produktas\\\/viga-polarb-mini-dirbtuves-2in1-medinis-irankiu-rinkinys\\\/\",\"url\":\"https:\\\/\\\/kidsplay.lt\\\/produktas\\\/viga-polarb-mini-dirbtuves-2in1-medinis-irankiu-rinkinys\\\/\",\"name\":\"VIGA PolarB Mini dirbtuv\u0117s 2in1 \u2013 medinis \u012franki\u0173 rinkinys\",\"isPartOf\":{\"@id\":\"https:\\\/\\\/kidsplay.lt\\\/#website\"},\"primaryImageOfPage\":{\"@id\":\"https:\\\/\\\/kidsplay.lt\\\/produktas\\\/viga-polarb-mini-dirbtuves-2in1-medinis-irankiu-rinkinys\\\/#primaryimage\"},\"image\":{\"@id\":\"https:\\\/\\\/kidsplay.lt\\\/produktas\\\/viga-polarb-mini-dirbtuves-2in1-medinis-irankiu-rinkinys\\\/#primaryimage\"},\"thumbnailUrl\":\"https:\\\/\\\/kidsplay.lt\\\/wp-content\\\/uploads\\\/2026\\\/04\\\/VIGA-PolarB-Mini-dirbtuves-2in1-\u2013-medinis-irankiu-rinkinys.jpg\",\"datePublished\":\"2026-04-06T15:30:39+00:00\",\"dateModified\":\"2026-04-13T10:43:41+00:00\",\"description\":\"VIGA PolarB Mini dirbtuv\u0117s 2in1 \u2013 medinis \u012franki\u0173 rinkinys - KidsPlay. Did\u017eiausias vaik\u0173 \u017eaisl\u0173 pasirinkimas.\",\"breadcrumb\":{\"@id\":\"https:\\\/\\\/kidsplay.lt\\\/produktas\\\/viga-polarb-mini-dirbtuves-2in1-medinis-irankiu-rinkinys\\\/#breadcrumb\"},\"inLanguage\":\"lv-LV\",\"potentialAction\":[{\"@type\":\"ReadAction\",\"target\":[\"https:\\\/\\\/kidsplay.lt\\\/produktas\\\/viga-polarb-mini-dirbtuves-2in1-medinis-irankiu-rinkinys\\\/\"]}]},{\"@type\":\"ImageObject\",\"inLanguage\":\"lv-LV\",\"@id\":\"https:\\\/\\\/kidsplay.lt\\\/produktas\\\/viga-polarb-mini-dirbtuves-2in1-medinis-irankiu-rinkinys\\\/#primaryimage\",\"url\":\"https:\\\/\\\/kidsplay.lt\\\/wp-content\\\/uploads\\\/2026\\\/04\\\/VIGA-PolarB-Mini-dirbtuves-2in1-\u2013-medinis-irankiu-rinkinys.jpg\",\"contentUrl\":\"https:\\\/\\\/kidsplay.lt\\\/wp-content\\\/uploads\\\/2026\\\/04\\\/VIGA-PolarB-Mini-dirbtuves-2in1-\u2013-medinis-irankiu-rinkinys.jpg\",\"width\":2560,\"height\":2560,\"caption\":\"VIGA PolarB Mini dirbtuv\u0117s 2in1 \u2013 medinis \u012franki\u0173 rinkinys\"},{\"@type\":\"BreadcrumbList\",\"@id\":\"https:\\\/\\\/kidsplay.lt\\\/produktas\\\/viga-polarb-mini-dirbtuves-2in1-medinis-irankiu-rinkinys\\\/#breadcrumb\",\"itemListElement\":[{\"@type\":\"ListItem\",\"position\":1,\"name\":\"Pagrindinis\",\"item\":\"https:\\\/\\\/kidsplay.lt\\\/\"},{\"@type\":\"ListItem\",\"position\":2,\"name\":\"Parduotuv\u0117\",\"item\":\"https:\\\/\\\/kidsplay.lt\\\/parduotuve\\\/\"},{\"@type\":\"ListItem\",\"position\":3,\"name\":\"VIGA PolarB Mini dirbtuv\u0117s 2in1 \u2013 medinis \u012franki\u0173 rinkinys\"}]},{\"@type\":\"WebSite\",\"@id\":\"https:\\\/\\\/kidsplay.lt\\\/#website\",\"url\":\"https:\\\/\\\/kidsplay.lt\\\/\",\"name\":\"Kidsplay.lt\",\"description\":\"\u012evairios prek\u0117s vaikams\",\"publisher\":{\"@id\":\"https:\\\/\\\/kidsplay.lt\\\/#organization\"},\"alternateName\":\"Kidsplay\",\"potentialAction\":[{\"@type\":\"SearchAction\",\"target\":{\"@type\":\"EntryPoint\",\"urlTemplate\":\"https:\\\/\\\/kidsplay.lt\\\/?s={search_term_string}\"},\"query-input\":{\"@type\":\"PropertyValueSpecification\",\"valueRequired\":true,\"valueName\":\"search_term_string\"}}],\"inLanguage\":\"lv-LV\"},{\"@type\":\"Organization\",\"@id\":\"https:\\\/\\\/kidsplay.lt\\\/#organization\",\"name\":\"KidsPlay\",\"url\":\"https:\\\/\\\/kidsplay.lt\\\/\",\"logo\":{\"@type\":\"ImageObject\",\"inLanguage\":\"lv-LV\",\"@id\":\"https:\\\/\\\/kidsplay.lt\\\/#\\\/schema\\\/logo\\\/image\\\/\",\"url\":\"https:\\\/\\\/kidsplay.lt\\\/wp-content\\\/uploads\\\/2023\\\/07\\\/kidsplay-logo.png\",\"contentUrl\":\"https:\\\/\\\/kidsplay.lt\\\/wp-content\\\/uploads\\\/2023\\\/07\\\/kidsplay-logo.png\",\"width\":451,\"height\":98,\"caption\":\"KidsPlay\"},\"image\":{\"@id\":\"https:\\\/\\\/kidsplay.lt\\\/#\\\/schema\\\/logo\\\/image\\\/\"},\"sameAs\":[\"https:\\\/\\\/www.facebook.com\\\/www.kidsplay.lt\"]}]}<\/script>\n<!-- \/ Yoast SEO plugin. -->","yoast_head_json":{"title":"VIGA PolarB Mini darbn\u012bca 2in1 \u2013 koka instrumentu komplekts","description":"VIGA PolarB Mini dirbtuv\u0117s 2in1 \u2013 medinis \u012franki\u0173 rinkinys - KidsPlay. Did\u017eiausias vaik\u0173 \u017eaisl\u0173 pasirinkimas.","robots":{"index":"index","follow":"follow","max-snippet":"max-snippet:-1","max-image-preview":"max-image-preview:large","max-video-preview":"max-video-preview:-1"},"canonical":"https:\/\/kidsplay.lt\/lv\/products\/viga-polarb-mini-dirbtuves-2in1-medinis-irankiu-rinkinys\/","og_locale":"lv_LV","og_type":"article","og_title":"VIGA PolarB Mini dirbtuv\u0117s 2in1 \u2013 medinis \u012franki\u0173 rinkinys","og_description":"VIGA PolarB Mini dirbtuv\u0117s 2in1 \u2013 medinis \u012franki\u0173 rinkinys - KidsPlay. Did\u017eiausias vaik\u0173 \u017eaisl\u0173 pasirinkimas.","og_url":"https:\/\/kidsplay.lt\/lv\/products\/viga-polarb-mini-dirbtuves-2in1-medinis-irankiu-rinkinys\/","og_site_name":"KidsPlay","article_publisher":"https:\/\/www.facebook.com\/www.kidsplay.lt","article_modified_time":"2026-04-13T10:43:41+00:00","og_image":[{"width":2560,"height":2560,"url":"https:\/\/kidsplay.lt\/wp-content\/uploads\/2026\/04\/VIGA-PolarB-Mini-dirbtuves-2in1-\u2013-medinis-irankiu-rinkinys.jpg","type":"image\/jpeg"}],"twitter_card":"summary_large_image","twitter_misc":{"Est. reading time":"1 min\u016bte"},"schema":{"@context":"https:\/\/schema.org","@graph":[{"@type":"WebPage","@id":"https:\/\/kidsplay.lt\/produktas\/viga-polarb-mini-dirbtuves-2in1-medinis-irankiu-rinkinys\/","url":"https:\/\/kidsplay.lt\/produktas\/viga-polarb-mini-dirbtuves-2in1-medinis-irankiu-rinkinys\/","name":"VIGA PolarB Mini darbn\u012bca 2in1 \u2013 koka instrumentu komplekts","isPartOf":{"@id":"https:\/\/kidsplay.lt\/#website"},"primaryImageOfPage":{"@id":"https:\/\/kidsplay.lt\/produktas\/viga-polarb-mini-dirbtuves-2in1-medinis-irankiu-rinkinys\/#primaryimage"},"image":{"@id":"https:\/\/kidsplay.lt\/produktas\/viga-polarb-mini-dirbtuves-2in1-medinis-irankiu-rinkinys\/#primaryimage"},"thumbnailUrl":"https:\/\/kidsplay.lt\/wp-content\/uploads\/2026\/04\/VIGA-PolarB-Mini-dirbtuves-2in1-\u2013-medinis-irankiu-rinkinys.jpg","datePublished":"2026-04-06T15:30:39+00:00","dateModified":"2026-04-13T10:43:41+00:00","description":"VIGA PolarB Mini dirbtuv\u0117s 2in1 \u2013 medinis \u012franki\u0173 rinkinys - KidsPlay. Did\u017eiausias vaik\u0173 \u017eaisl\u0173 pasirinkimas.","breadcrumb":{"@id":"https:\/\/kidsplay.lt\/produktas\/viga-polarb-mini-dirbtuves-2in1-medinis-irankiu-rinkinys\/#breadcrumb"},"inLanguage":"lv-LV","potentialAction":[{"@type":"ReadAction","target":["https:\/\/kidsplay.lt\/produktas\/viga-polarb-mini-dirbtuves-2in1-medinis-irankiu-rinkinys\/"]}]},{"@type":"ImageObject","inLanguage":"lv-LV","@id":"https:\/\/kidsplay.lt\/produktas\/viga-polarb-mini-dirbtuves-2in1-medinis-irankiu-rinkinys\/#primaryimage","url":"https:\/\/kidsplay.lt\/wp-content\/uploads\/2026\/04\/VIGA-PolarB-Mini-dirbtuves-2in1-\u2013-medinis-irankiu-rinkinys.jpg","contentUrl":"https:\/\/kidsplay.lt\/wp-content\/uploads\/2026\/04\/VIGA-PolarB-Mini-dirbtuves-2in1-\u2013-medinis-irankiu-rinkinys.jpg","width":2560,"height":2560,"caption":"VIGA PolarB Mini dirbtuv\u0117s 2in1 \u2013 medinis \u012franki\u0173 rinkinys"},{"@type":"BreadcrumbList","@id":"https:\/\/kidsplay.lt\/produktas\/viga-polarb-mini-dirbtuves-2in1-medinis-irankiu-rinkinys\/#breadcrumb","itemListElement":[{"@type":"ListItem","position":1,"name":"Pagrindinis","item":"https:\/\/kidsplay.lt\/"},{"@type":"ListItem","position":2,"name":"Parduotuv\u0117","item":"https:\/\/kidsplay.lt\/parduotuve\/"},{"@type":"ListItem","position":3,"name":"VIGA PolarB Mini dirbtuv\u0117s 2in1 \u2013 medinis \u012franki\u0173 rinkinys"}]},{"@type":"WebSite","@id":"https:\/\/kidsplay.lt\/#website","url":"https:\/\/kidsplay.lt\/","name":"B\u0113rnu sp\u0113les.lv","description":"\u012evairios prek\u0117s vaikams","publisher":{"@id":"https:\/\/kidsplay.lt\/#organization"},"alternateName":"Kidsplay","potentialAction":[{"@type":"SearchAction","target":{"@type":"EntryPoint","urlTemplate":"https:\/\/kidsplay.lt\/?s={search_term_string}"},"query-input":{"@type":"PropertyValueSpecification","valueRequired":true,"valueName":"search_term_string"}}],"inLanguage":"lv-LV"},{"@type":"Organization","@id":"https:\/\/kidsplay.lt\/#organization","name":"B\u0113rnu sp\u0113le","url":"https:\/\/kidsplay.lt\/","logo":{"@type":"ImageObject","inLanguage":"lv-LV","@id":"https:\/\/kidsplay.lt\/#\/schema\/logo\/image\/","url":"https:\/\/kidsplay.lt\/wp-content\/uploads\/2023\/07\/kidsplay-logo.png","contentUrl":"https:\/\/kidsplay.lt\/wp-content\/uploads\/2023\/07\/kidsplay-logo.png","width":451,"height":98,"caption":"KidsPlay"},"image":{"@id":"https:\/\/kidsplay.lt\/#\/schema\/logo\/image\/"},"sameAs":["https:\/\/www.facebook.com\/www.kidsplay.lt"]}]}},"_links":{"self":[{"href":"https:\/\/kidsplay.lt\/lv\/wp-json\/wp\/v2\/product\/101754","targetHints":{"allow":["GET"]}}],"collection":[{"href":"https:\/\/kidsplay.lt\/lv\/wp-json\/wp\/v2\/product"}],"about":[{"href":"https:\/\/kidsplay.lt\/lv\/wp-json\/wp\/v2\/types\/product"}],"version-history":[{"count":1,"href":"https:\/\/kidsplay.lt\/lv\/wp-json\/wp\/v2\/product\/101754\/revisions"}],"predecessor-version":[{"id":101755,"href":"https:\/\/kidsplay.lt\/lv\/wp-json\/wp\/v2\/product\/101754\/revisions\/101755"}],"wp:featuredmedia":[{"embeddable":true,"href":"https:\/\/kidsplay.lt\/lv\/wp-json\/wp\/v2\/media\/101756"}],"wp:attachment":[{"href":"https:\/\/kidsplay.lt\/lv\/wp-json\/wp\/v2\/media?parent=101754"}],"wp:term":[{"taxonomy":"product_brand","embeddable":true,"href":"https:\/\/kidsplay.lt\/lv\/wp-json\/wp\/v2\/product_brand?post=101754"},{"taxonomy":"product_cat","embeddable":true,"href":"https:\/\/kidsplay.lt\/lv\/wp-json\/wp\/v2\/product_cat?post=101754"},{"taxonomy":"product_tag","embeddable":true,"href":"https:\/\/kidsplay.lt\/lv\/wp-json\/wp\/v2\/product_tag?post=101754"}],"curies":[{"name":"wp","href":"https:\/\/api.w.org\/{rel}","templated":true}]}}