{"id":102331,"date":"2026-04-07T08:45:00","date_gmt":"2026-04-07T05:45:00","guid":{"rendered":"https:\/\/kidsplay.lt\/produktas\/gaisrines-automobilis-su-kopeciomis-ir-salmu-ugniagesio-rinkinys\/"},"modified":"2026-04-10T09:46:15","modified_gmt":"2026-04-10T06:46:15","slug":"gaisrines-automobilis-su-kopeciomis-ir-salmu-ugniagesio-rinkinys","status":"publish","type":"product","link":"https:\/\/kidsplay.lt\/lv\/product\/gaisrines-automobilis-su-kopeciomis-ir-salmu-ugniagesio-rinkinys\/","title":{"rendered":"Ugunsdz\u0113s\u0113ju ma\u0161\u012bna ar k\u0101pn\u0113m un \u0137iveri - ugunsdz\u0113s\u0113ja komplekts"},"content":{"rendered":"<p>\ud83d\ude92\ud83e\uddef Ugunsdz\u0113s\u0113ju ma\u0161\u012bna ar k\u0101pn\u0113m un \u0137iveri - ugunsdz\u0113s\u0113ja komplekts<br \/>\n\u0160is ugunsdz\u0113s\u0113ju ma\u0161\u012bnas un \u0137iveres komplekts ir lieliska izv\u0113le b\u0113rniem, kuri sap\u0146o k\u013c\u016bt par \u012bstiem gl\u0101b\u0113jiem. Spilgt\u0101 ugunsdz\u0113s\u0113ju ma\u0161\u012bna ar izvelkam\u0101m un regul\u0113jam\u0101m k\u0101pn\u0113m \u013cauj rad\u012bt da\u017e\u0101das gl\u0101b\u0161anas situ\u0101cijas, un komplekt\u0101 iek\u013caut\u0101 ugunsdz\u0113s\u0113ja \u0137ivere pal\u012bdz\u0113s piln\u012bb\u0101 iejusties lom\u0101.<\/p>\n<p>Komplekts ir lieliski piem\u0113rots gan iek\u0161telpu, gan \u0101ra sp\u0113l\u0113m. J\u016bsu b\u0113rns var simul\u0113t ugunsdz\u0113s\u012bbu, gl\u0101b\u0161anas oper\u0101cijas, doties de\u017e\u016br\u0101s un rad\u012bt savus piedz\u012bvojumu st\u0101stus. T\u0101 ir rota\u013clieta, kas att\u012bsta izt\u0113li, soci\u0101l\u0101s prasmes, koordin\u0101ciju un rado\u0161umu.<\/p>\n<p>Izgatavots no dro\u0161iem, iztur\u012bgiem materi\u0101liem, tam ir CE sertifik\u0101ts un tas atbilst visiem nepiecie\u0161amajiem standartiem.<\/p>\n<p>\u2b50 Galven\u0101s iez\u012bmes<\/p>\n<p> \tugunsdz\u0113s\u0113ju ma\u0161\u012bna ar izvelkam\u0101m un regul\u0113jam\u0101m k\u0101pn\u0113m<br \/>\n \tugunsdz\u0113s\u0113ja \u0137ivere iek\u013cauta<br \/>\n \tide\u0101li piem\u0113rots lomu sp\u0113l\u0113m<br \/>\n \tatt\u012bsta izt\u0113li, koordin\u0101ciju un rado\u0161umu<br \/>\n \tpiem\u0113rots sp\u0113l\u0113\u0161anai m\u0101j\u0101s un \u0101r\u0101<br \/>\n \tDro\u0161s b\u0113rniem no 3 gadu vecuma (CE, EN71)<\/p>\n<p>\u2b50 Tehniskie dati<\/p>\n<p> \tIepakojuma izm\u0113rs: ~32 \u00d7 26 \u00d7 20 cm<br \/>\n \tSvars: ~0,7 kg<br \/>\n \tMateri\u0101ls: augstas kvalit\u0101tes plastmasa<br \/>\n \tKr\u0101sa: sarkana (uguns)<\/p>\n<p>\u2b50 Komplekta saturs<\/p>\n<p> \tugunsdz\u0113s\u0113ju ma\u0161\u012bna ar k\u0101pn\u0113m<br \/>\n \tugunsdz\u0113s\u0113ja \u0137ivere<br \/>\n \tori\u0123in\u0101lais iepakojums<\/p>","protected":false},"excerpt":{"rendered":"<p>\ud83d\ude92\ud83e\uddef Gaisrin\u0117s automobilis su kop\u0117\u010diomis ir \u0161almu \u2013 ugniagesio rinkinys \u0160is gaisrin\u0117s automobilio ir \u0161almo rinkinys \u2013 puikus pasirinkimas vaikams,<\/p>","protected":false},"featured_media":102333,"template":"","meta":{"_acf_changed":false,"_glsr_average":0,"_glsr_ranking":0,"_glsr_reviews":0},"product_brand":[],"product_cat":[448,229],"product_tag":[],"class_list":{"0":"post-102331","1":"product","2":"type-product","3":"status-publish","4":"has-post-thumbnail","6":"product_cat-automobiliai-ir-transportas","7":"product_cat-zaislai-vaikams","8":"\"style=\"background-color: #2ecc711c;\"","10":"first","11":"instock","12":"purchasable","13":"product-type-simple"},"acf":[],"yoast_head":"<!-- This site is optimized with the Yoast SEO plugin v27.3 - https:\/\/yoast.com\/product\/yoast-seo-wordpress\/ -->\n<title>Gaisrin\u0117s automobilis su kop\u0117\u010diomis ir \u0161almu \u2013 ugniagesio rinkinys<\/title>\n<meta name=\"description\" content=\"Gaisrin\u0117s automobilis su kop\u0117\u010diomis ir \u0161almu \u2013 ugniagesio rinkinys - KidsPlay. Did\u017eiausias vaik\u0173 \u017eaisl\u0173 pasirinkimas.\" \/>\n<meta name=\"robots\" content=\"index, follow, max-snippet:-1, max-image-preview:large, max-video-preview:-1\" \/>\n<link rel=\"canonical\" href=\"https:\/\/kidsplay.lt\/lv\/product\/gaisrines-automobilis-su-kopeciomis-ir-salmu-ugniagesio-rinkinys\/\" \/>\n<meta property=\"og:locale\" content=\"lv_LV\" \/>\n<meta property=\"og:type\" content=\"article\" \/>\n<meta property=\"og:title\" content=\"Gaisrin\u0117s automobilis su kop\u0117\u010diomis ir \u0161almu \u2013 ugniagesio rinkinys\" \/>\n<meta property=\"og:description\" content=\"Gaisrin\u0117s automobilis su kop\u0117\u010diomis ir \u0161almu \u2013 ugniagesio rinkinys - KidsPlay. Did\u017eiausias vaik\u0173 \u017eaisl\u0173 pasirinkimas.\" \/>\n<meta property=\"og:url\" content=\"https:\/\/kidsplay.lt\/lv\/product\/gaisrines-automobilis-su-kopeciomis-ir-salmu-ugniagesio-rinkinys\/\" \/>\n<meta property=\"og:site_name\" content=\"KidsPlay\" \/>\n<meta property=\"article:publisher\" content=\"https:\/\/www.facebook.com\/www.kidsplay.lt\" \/>\n<meta property=\"article:modified_time\" content=\"2026-04-10T06:46:15+00:00\" \/>\n<meta property=\"og:image\" content=\"https:\/\/kidsplay.lt\/wp-content\/uploads\/2026\/04\/Gaisrines-automobilis-su-kopeciomis-ir-salmu-\u2013-ugniagesio-rinkinys.jpg\" \/>\n\t<meta property=\"og:image:width\" content=\"1000\" \/>\n\t<meta property=\"og:image:height\" content=\"750\" \/>\n\t<meta property=\"og:image:type\" content=\"image\/jpeg\" \/>\n<meta name=\"twitter:card\" content=\"summary_large_image\" \/>\n<meta name=\"twitter:label1\" content=\"Est. reading time\" \/>\n\t<meta name=\"twitter:data1\" content=\"1 min\u016bte\" \/>\n<script type=\"application\/ld+json\" class=\"yoast-schema-graph\">{\"@context\":\"https:\\\/\\\/schema.org\",\"@graph\":[{\"@type\":\"WebPage\",\"@id\":\"https:\\\/\\\/kidsplay.lt\\\/produktas\\\/gaisrines-automobilis-su-kopeciomis-ir-salmu-ugniagesio-rinkinys\\\/\",\"url\":\"https:\\\/\\\/kidsplay.lt\\\/produktas\\\/gaisrines-automobilis-su-kopeciomis-ir-salmu-ugniagesio-rinkinys\\\/\",\"name\":\"Gaisrin\u0117s automobilis su kop\u0117\u010diomis ir \u0161almu \u2013 ugniagesio rinkinys\",\"isPartOf\":{\"@id\":\"https:\\\/\\\/kidsplay.lt\\\/#website\"},\"primaryImageOfPage\":{\"@id\":\"https:\\\/\\\/kidsplay.lt\\\/produktas\\\/gaisrines-automobilis-su-kopeciomis-ir-salmu-ugniagesio-rinkinys\\\/#primaryimage\"},\"image\":{\"@id\":\"https:\\\/\\\/kidsplay.lt\\\/produktas\\\/gaisrines-automobilis-su-kopeciomis-ir-salmu-ugniagesio-rinkinys\\\/#primaryimage\"},\"thumbnailUrl\":\"https:\\\/\\\/kidsplay.lt\\\/wp-content\\\/uploads\\\/2026\\\/04\\\/Gaisrines-automobilis-su-kopeciomis-ir-salmu-\u2013-ugniagesio-rinkinys.jpg\",\"datePublished\":\"2026-04-07T05:45:00+00:00\",\"dateModified\":\"2026-04-10T06:46:15+00:00\",\"description\":\"Gaisrin\u0117s automobilis su kop\u0117\u010diomis ir \u0161almu \u2013 ugniagesio rinkinys - KidsPlay. Did\u017eiausias vaik\u0173 \u017eaisl\u0173 pasirinkimas.\",\"breadcrumb\":{\"@id\":\"https:\\\/\\\/kidsplay.lt\\\/produktas\\\/gaisrines-automobilis-su-kopeciomis-ir-salmu-ugniagesio-rinkinys\\\/#breadcrumb\"},\"inLanguage\":\"lv-LV\",\"potentialAction\":[{\"@type\":\"ReadAction\",\"target\":[\"https:\\\/\\\/kidsplay.lt\\\/produktas\\\/gaisrines-automobilis-su-kopeciomis-ir-salmu-ugniagesio-rinkinys\\\/\"]}]},{\"@type\":\"ImageObject\",\"inLanguage\":\"lv-LV\",\"@id\":\"https:\\\/\\\/kidsplay.lt\\\/produktas\\\/gaisrines-automobilis-su-kopeciomis-ir-salmu-ugniagesio-rinkinys\\\/#primaryimage\",\"url\":\"https:\\\/\\\/kidsplay.lt\\\/wp-content\\\/uploads\\\/2026\\\/04\\\/Gaisrines-automobilis-su-kopeciomis-ir-salmu-\u2013-ugniagesio-rinkinys.jpg\",\"contentUrl\":\"https:\\\/\\\/kidsplay.lt\\\/wp-content\\\/uploads\\\/2026\\\/04\\\/Gaisrines-automobilis-su-kopeciomis-ir-salmu-\u2013-ugniagesio-rinkinys.jpg\",\"width\":1000,\"height\":750,\"caption\":\"Gaisrin\u0117s automobilis su kop\u0117\u010diomis ir \u0161almu \u2013 ugniagesio rinkinys\"},{\"@type\":\"BreadcrumbList\",\"@id\":\"https:\\\/\\\/kidsplay.lt\\\/produktas\\\/gaisrines-automobilis-su-kopeciomis-ir-salmu-ugniagesio-rinkinys\\\/#breadcrumb\",\"itemListElement\":[{\"@type\":\"ListItem\",\"position\":1,\"name\":\"Pagrindinis\",\"item\":\"https:\\\/\\\/kidsplay.lt\\\/\"},{\"@type\":\"ListItem\",\"position\":2,\"name\":\"Parduotuv\u0117\",\"item\":\"https:\\\/\\\/kidsplay.lt\\\/parduotuve\\\/\"},{\"@type\":\"ListItem\",\"position\":3,\"name\":\"Gaisrin\u0117s automobilis su kop\u0117\u010diomis ir \u0161almu \u2013 ugniagesio rinkinys\"}]},{\"@type\":\"WebSite\",\"@id\":\"https:\\\/\\\/kidsplay.lt\\\/#website\",\"url\":\"https:\\\/\\\/kidsplay.lt\\\/\",\"name\":\"Kidsplay.lt\",\"description\":\"\u012evairios prek\u0117s vaikams\",\"publisher\":{\"@id\":\"https:\\\/\\\/kidsplay.lt\\\/#organization\"},\"alternateName\":\"Kidsplay\",\"potentialAction\":[{\"@type\":\"SearchAction\",\"target\":{\"@type\":\"EntryPoint\",\"urlTemplate\":\"https:\\\/\\\/kidsplay.lt\\\/?s={search_term_string}\"},\"query-input\":{\"@type\":\"PropertyValueSpecification\",\"valueRequired\":true,\"valueName\":\"search_term_string\"}}],\"inLanguage\":\"lv-LV\"},{\"@type\":\"Organization\",\"@id\":\"https:\\\/\\\/kidsplay.lt\\\/#organization\",\"name\":\"KidsPlay\",\"url\":\"https:\\\/\\\/kidsplay.lt\\\/\",\"logo\":{\"@type\":\"ImageObject\",\"inLanguage\":\"lv-LV\",\"@id\":\"https:\\\/\\\/kidsplay.lt\\\/#\\\/schema\\\/logo\\\/image\\\/\",\"url\":\"https:\\\/\\\/kidsplay.lt\\\/wp-content\\\/uploads\\\/2023\\\/07\\\/kidsplay-logo.png\",\"contentUrl\":\"https:\\\/\\\/kidsplay.lt\\\/wp-content\\\/uploads\\\/2023\\\/07\\\/kidsplay-logo.png\",\"width\":451,\"height\":98,\"caption\":\"KidsPlay\"},\"image\":{\"@id\":\"https:\\\/\\\/kidsplay.lt\\\/#\\\/schema\\\/logo\\\/image\\\/\"},\"sameAs\":[\"https:\\\/\\\/www.facebook.com\\\/www.kidsplay.lt\"]}]}<\/script>\n<!-- \/ Yoast SEO plugin. -->","yoast_head_json":{"title":"Ugunsdz\u0113s\u0113ju ma\u0161\u012bna ar k\u0101pn\u0113m un \u0137iveri - ugunsdz\u0113s\u0113ja komplekts","description":"Gaisrin\u0117s automobilis su kop\u0117\u010diomis ir \u0161almu \u2013 ugniagesio rinkinys - KidsPlay. Did\u017eiausias vaik\u0173 \u017eaisl\u0173 pasirinkimas.","robots":{"index":"index","follow":"follow","max-snippet":"max-snippet:-1","max-image-preview":"max-image-preview:large","max-video-preview":"max-video-preview:-1"},"canonical":"https:\/\/kidsplay.lt\/lv\/product\/gaisrines-automobilis-su-kopeciomis-ir-salmu-ugniagesio-rinkinys\/","og_locale":"lv_LV","og_type":"article","og_title":"Gaisrin\u0117s automobilis su kop\u0117\u010diomis ir \u0161almu \u2013 ugniagesio rinkinys","og_description":"Gaisrin\u0117s automobilis su kop\u0117\u010diomis ir \u0161almu \u2013 ugniagesio rinkinys - KidsPlay. Did\u017eiausias vaik\u0173 \u017eaisl\u0173 pasirinkimas.","og_url":"https:\/\/kidsplay.lt\/lv\/product\/gaisrines-automobilis-su-kopeciomis-ir-salmu-ugniagesio-rinkinys\/","og_site_name":"KidsPlay","article_publisher":"https:\/\/www.facebook.com\/www.kidsplay.lt","article_modified_time":"2026-04-10T06:46:15+00:00","og_image":[{"width":1000,"height":750,"url":"https:\/\/kidsplay.lt\/wp-content\/uploads\/2026\/04\/Gaisrines-automobilis-su-kopeciomis-ir-salmu-\u2013-ugniagesio-rinkinys.jpg","type":"image\/jpeg"}],"twitter_card":"summary_large_image","twitter_misc":{"Est. reading time":"1 min\u016bte"},"schema":{"@context":"https:\/\/schema.org","@graph":[{"@type":"WebPage","@id":"https:\/\/kidsplay.lt\/produktas\/gaisrines-automobilis-su-kopeciomis-ir-salmu-ugniagesio-rinkinys\/","url":"https:\/\/kidsplay.lt\/produktas\/gaisrines-automobilis-su-kopeciomis-ir-salmu-ugniagesio-rinkinys\/","name":"Ugunsdz\u0113s\u0113ju ma\u0161\u012bna ar k\u0101pn\u0113m un \u0137iveri - ugunsdz\u0113s\u0113ja komplekts","isPartOf":{"@id":"https:\/\/kidsplay.lt\/#website"},"primaryImageOfPage":{"@id":"https:\/\/kidsplay.lt\/produktas\/gaisrines-automobilis-su-kopeciomis-ir-salmu-ugniagesio-rinkinys\/#primaryimage"},"image":{"@id":"https:\/\/kidsplay.lt\/produktas\/gaisrines-automobilis-su-kopeciomis-ir-salmu-ugniagesio-rinkinys\/#primaryimage"},"thumbnailUrl":"https:\/\/kidsplay.lt\/wp-content\/uploads\/2026\/04\/Gaisrines-automobilis-su-kopeciomis-ir-salmu-\u2013-ugniagesio-rinkinys.jpg","datePublished":"2026-04-07T05:45:00+00:00","dateModified":"2026-04-10T06:46:15+00:00","description":"Gaisrin\u0117s automobilis su kop\u0117\u010diomis ir \u0161almu \u2013 ugniagesio rinkinys - KidsPlay. Did\u017eiausias vaik\u0173 \u017eaisl\u0173 pasirinkimas.","breadcrumb":{"@id":"https:\/\/kidsplay.lt\/produktas\/gaisrines-automobilis-su-kopeciomis-ir-salmu-ugniagesio-rinkinys\/#breadcrumb"},"inLanguage":"lv-LV","potentialAction":[{"@type":"ReadAction","target":["https:\/\/kidsplay.lt\/produktas\/gaisrines-automobilis-su-kopeciomis-ir-salmu-ugniagesio-rinkinys\/"]}]},{"@type":"ImageObject","inLanguage":"lv-LV","@id":"https:\/\/kidsplay.lt\/produktas\/gaisrines-automobilis-su-kopeciomis-ir-salmu-ugniagesio-rinkinys\/#primaryimage","url":"https:\/\/kidsplay.lt\/wp-content\/uploads\/2026\/04\/Gaisrines-automobilis-su-kopeciomis-ir-salmu-\u2013-ugniagesio-rinkinys.jpg","contentUrl":"https:\/\/kidsplay.lt\/wp-content\/uploads\/2026\/04\/Gaisrines-automobilis-su-kopeciomis-ir-salmu-\u2013-ugniagesio-rinkinys.jpg","width":1000,"height":750,"caption":"Gaisrin\u0117s automobilis su kop\u0117\u010diomis ir \u0161almu \u2013 ugniagesio rinkinys"},{"@type":"BreadcrumbList","@id":"https:\/\/kidsplay.lt\/produktas\/gaisrines-automobilis-su-kopeciomis-ir-salmu-ugniagesio-rinkinys\/#breadcrumb","itemListElement":[{"@type":"ListItem","position":1,"name":"Pagrindinis","item":"https:\/\/kidsplay.lt\/"},{"@type":"ListItem","position":2,"name":"Parduotuv\u0117","item":"https:\/\/kidsplay.lt\/parduotuve\/"},{"@type":"ListItem","position":3,"name":"Gaisrin\u0117s automobilis su kop\u0117\u010diomis ir \u0161almu \u2013 ugniagesio rinkinys"}]},{"@type":"WebSite","@id":"https:\/\/kidsplay.lt\/#website","url":"https:\/\/kidsplay.lt\/","name":"B\u0113rnu sp\u0113les.lv","description":"\u012evairios prek\u0117s vaikams","publisher":{"@id":"https:\/\/kidsplay.lt\/#organization"},"alternateName":"Kidsplay","potentialAction":[{"@type":"SearchAction","target":{"@type":"EntryPoint","urlTemplate":"https:\/\/kidsplay.lt\/?s={search_term_string}"},"query-input":{"@type":"PropertyValueSpecification","valueRequired":true,"valueName":"search_term_string"}}],"inLanguage":"lv-LV"},{"@type":"Organization","@id":"https:\/\/kidsplay.lt\/#organization","name":"B\u0113rnu sp\u0113le","url":"https:\/\/kidsplay.lt\/","logo":{"@type":"ImageObject","inLanguage":"lv-LV","@id":"https:\/\/kidsplay.lt\/#\/schema\/logo\/image\/","url":"https:\/\/kidsplay.lt\/wp-content\/uploads\/2023\/07\/kidsplay-logo.png","contentUrl":"https:\/\/kidsplay.lt\/wp-content\/uploads\/2023\/07\/kidsplay-logo.png","width":451,"height":98,"caption":"KidsPlay"},"image":{"@id":"https:\/\/kidsplay.lt\/#\/schema\/logo\/image\/"},"sameAs":["https:\/\/www.facebook.com\/www.kidsplay.lt"]}]}},"_links":{"self":[{"href":"https:\/\/kidsplay.lt\/lv\/wp-json\/wp\/v2\/product\/102331","targetHints":{"allow":["GET"]}}],"collection":[{"href":"https:\/\/kidsplay.lt\/lv\/wp-json\/wp\/v2\/product"}],"about":[{"href":"https:\/\/kidsplay.lt\/lv\/wp-json\/wp\/v2\/types\/product"}],"version-history":[{"count":1,"href":"https:\/\/kidsplay.lt\/lv\/wp-json\/wp\/v2\/product\/102331\/revisions"}],"predecessor-version":[{"id":102332,"href":"https:\/\/kidsplay.lt\/lv\/wp-json\/wp\/v2\/product\/102331\/revisions\/102332"}],"wp:featuredmedia":[{"embeddable":true,"href":"https:\/\/kidsplay.lt\/lv\/wp-json\/wp\/v2\/media\/102333"}],"wp:attachment":[{"href":"https:\/\/kidsplay.lt\/lv\/wp-json\/wp\/v2\/media?parent=102331"}],"wp:term":[{"taxonomy":"product_brand","embeddable":true,"href":"https:\/\/kidsplay.lt\/lv\/wp-json\/wp\/v2\/product_brand?post=102331"},{"taxonomy":"product_cat","embeddable":true,"href":"https:\/\/kidsplay.lt\/lv\/wp-json\/wp\/v2\/product_cat?post=102331"},{"taxonomy":"product_tag","embeddable":true,"href":"https:\/\/kidsplay.lt\/lv\/wp-json\/wp\/v2\/product_tag?post=102331"}],"curies":[{"name":"wp","href":"https:\/\/api.w.org\/{rel}","templated":true}]}}