{"id":102560,"date":"2026-04-07T09:16:17","date_gmt":"2026-04-07T06:16:17","guid":{"rendered":"https:\/\/kidsplay.lt\/produktas\/viga-mediniu-pjaustymo-lenteliu-rinkinys-darzoves\/"},"modified":"2026-04-13T13:40:50","modified_gmt":"2026-04-13T10:40:50","slug":"viga-mediniu-pjaustymo-lenteliu-rinkinys-darzoves","status":"publish","type":"product","link":"https:\/\/kidsplay.lt\/lv\/products\/viga-mediniu-pjaustymo-lenteliu-rinkinys-darzoves\/","title":{"rendered":"VIGA koka grie\u0161anas d\u0113\u013cu komplekts - d\u0101rze\u0146iem"},"content":{"rendered":"<p>\u0160is medinis pjaustymo rinkinys yra puikus \u012fvadas \u012f k\u016brybi\u0161k\u0105 ir saug\u0173 kulinarin\u012f \u017eaidim\u0105 jauniesiems \u0161efams. Realisti\u0161ki dar\u017eovi\u0173 atvaizdai, sujungti Velcro lipdukais, leid\u017eia daugkartiniam pjaustymui ir v\u0117l sujungimui, u\u017etikrinant valandas \u012ftraukian\u010dio \u017eaidimo. D\u0117ka saugaus medinio peilio, vaikai gali saugiai praktikuotis kasdien\u0117se nam\u0173 u\u017eduotyse pri\u017ei\u016brint suaugusiems. Auk\u0161tos kokyb\u0117s meistri\u0161kumas ir nat\u016bralios med\u017eiagos garantuoja patvar\u0173 produkt\u0105, puikiai tinkant\u012f tiek namams, tiek edukacin\u0117ms aplinkoms. Tai \u012frodytas b\u016bdas derinti mokym\u0105si apie sveik\u0105 mityb\u0105 su smulkiosios motorikos lavinimu draugi\u0161koje aplinkoje.<br \/>\nFunkcijas:<\/p>\n<p> \tSaugumas: Produktas atitinka grie\u017etus EN71 ir ASTM standartus<br \/>\n \tVaiko am\u017eius: nuo 18 m\u0117nesi\u0173<br \/>\n \tFunkcionalumas: elementai sujungti Velcro lipdukais, imituojantys pasiprie\u0161inim\u0105 tikro pjaustymo metu<br \/>\n \tPakuot\u0117: esteti\u0161ka, spalvinga kartono d\u0117\u017eut\u0117, puikiai tinkanti dovanai<\/p>\n<p>Komplekt\u0101 ietilpst:<\/p>\n<p> \tMedin\u0117 pjaustymo lenta<br \/>\n \tSaugus medinis peilis<br \/>\n \tMorka<br \/>\n \tAgurkas<br \/>\n \tGrybas<br \/>\n \tPomidoras<br \/>\n \tMoli\u016bgas<br \/>\n \tRaudonasis svog\u016bnas<\/p>","protected":false},"excerpt":{"rendered":"<p>\u0160is medinis pjaustymo rinkinys yra puikus \u012fvadas \u012f k\u016brybi\u0161k\u0105 ir saug\u0173 kulinarin\u012f \u017eaidim\u0105 jauniesiems \u0161efams. Realisti\u0161ki dar\u017eovi\u0173 atvaizdai, sujungti Velcro<\/p>","protected":false},"featured_media":102562,"template":"","meta":{"_acf_changed":false,"_glsr_average":0,"_glsr_ranking":0,"_glsr_reviews":0},"product_brand":[],"product_cat":[399,229],"product_tag":[],"class_list":{"0":"post-102560","1":"product","2":"type-product","3":"status-publish","4":"has-post-thumbnail","6":"product_cat-vaidmenu-zaidimai-2","7":"product_cat-zaislai-vaikams","8":"\"style=\"background-color: #2ecc711c;\"","10":"first","11":"instock","12":"purchasable","13":"product-type-simple"},"acf":[],"yoast_head":"<!-- This site is optimized with the Yoast SEO plugin v27.4 - https:\/\/yoast.com\/product\/yoast-seo-wordpress\/ -->\n<title>VIGA medini\u0173 pjaustymo lenteli\u0173 rinkinys \u2013 dar\u017eov\u0117s<\/title>\n<meta name=\"description\" content=\"VIGA medini\u0173 pjaustymo lenteli\u0173 rinkinys \u2013 dar\u017eov\u0117s - KidsPlay. Did\u017eiausias vaik\u0173 \u017eaisl\u0173 pasirinkimas.\" \/>\n<meta name=\"robots\" content=\"index, follow, max-snippet:-1, max-image-preview:large, max-video-preview:-1\" \/>\n<link rel=\"canonical\" href=\"https:\/\/kidsplay.lt\/lv\/products\/viga-mediniu-pjaustymo-lenteliu-rinkinys-darzoves\/\" \/>\n<meta property=\"og:locale\" content=\"lv_LV\" \/>\n<meta property=\"og:type\" content=\"article\" \/>\n<meta property=\"og:title\" content=\"VIGA medini\u0173 pjaustymo lenteli\u0173 rinkinys \u2013 dar\u017eov\u0117s\" \/>\n<meta property=\"og:description\" content=\"VIGA medini\u0173 pjaustymo lenteli\u0173 rinkinys \u2013 dar\u017eov\u0117s - KidsPlay. Did\u017eiausias vaik\u0173 \u017eaisl\u0173 pasirinkimas.\" \/>\n<meta property=\"og:url\" content=\"https:\/\/kidsplay.lt\/lv\/products\/viga-mediniu-pjaustymo-lenteliu-rinkinys-darzoves\/\" \/>\n<meta property=\"og:site_name\" content=\"KidsPlay\" \/>\n<meta property=\"article:publisher\" content=\"https:\/\/www.facebook.com\/www.kidsplay.lt\" \/>\n<meta property=\"article:modified_time\" content=\"2026-04-13T10:40:50+00:00\" \/>\n<meta property=\"og:image\" content=\"https:\/\/kidsplay.lt\/wp-content\/uploads\/2026\/04\/VIGA-mediniu-pjaustymo-lenteliu-rinkinys-\u2013-darzoves.jpg\" \/>\n\t<meta property=\"og:image:width\" content=\"1000\" \/>\n\t<meta property=\"og:image:height\" content=\"1000\" \/>\n\t<meta property=\"og:image:type\" content=\"image\/jpeg\" \/>\n<meta name=\"twitter:card\" content=\"summary_large_image\" \/>\n<meta name=\"twitter:label1\" content=\"Est. reading time\" \/>\n\t<meta name=\"twitter:data1\" content=\"1 min\u016bte\" \/>\n<script type=\"application\/ld+json\" class=\"yoast-schema-graph\">{\"@context\":\"https:\\\/\\\/schema.org\",\"@graph\":[{\"@type\":\"WebPage\",\"@id\":\"https:\\\/\\\/kidsplay.lt\\\/produktas\\\/viga-mediniu-pjaustymo-lenteliu-rinkinys-darzoves\\\/\",\"url\":\"https:\\\/\\\/kidsplay.lt\\\/produktas\\\/viga-mediniu-pjaustymo-lenteliu-rinkinys-darzoves\\\/\",\"name\":\"VIGA medini\u0173 pjaustymo lenteli\u0173 rinkinys \u2013 dar\u017eov\u0117s\",\"isPartOf\":{\"@id\":\"https:\\\/\\\/kidsplay.lt\\\/#website\"},\"primaryImageOfPage\":{\"@id\":\"https:\\\/\\\/kidsplay.lt\\\/produktas\\\/viga-mediniu-pjaustymo-lenteliu-rinkinys-darzoves\\\/#primaryimage\"},\"image\":{\"@id\":\"https:\\\/\\\/kidsplay.lt\\\/produktas\\\/viga-mediniu-pjaustymo-lenteliu-rinkinys-darzoves\\\/#primaryimage\"},\"thumbnailUrl\":\"https:\\\/\\\/kidsplay.lt\\\/wp-content\\\/uploads\\\/2026\\\/04\\\/VIGA-mediniu-pjaustymo-lenteliu-rinkinys-\u2013-darzoves.jpg\",\"datePublished\":\"2026-04-07T06:16:17+00:00\",\"dateModified\":\"2026-04-13T10:40:50+00:00\",\"description\":\"VIGA medini\u0173 pjaustymo lenteli\u0173 rinkinys \u2013 dar\u017eov\u0117s - KidsPlay. Did\u017eiausias vaik\u0173 \u017eaisl\u0173 pasirinkimas.\",\"breadcrumb\":{\"@id\":\"https:\\\/\\\/kidsplay.lt\\\/produktas\\\/viga-mediniu-pjaustymo-lenteliu-rinkinys-darzoves\\\/#breadcrumb\"},\"inLanguage\":\"lv-LV\",\"potentialAction\":[{\"@type\":\"ReadAction\",\"target\":[\"https:\\\/\\\/kidsplay.lt\\\/produktas\\\/viga-mediniu-pjaustymo-lenteliu-rinkinys-darzoves\\\/\"]}]},{\"@type\":\"ImageObject\",\"inLanguage\":\"lv-LV\",\"@id\":\"https:\\\/\\\/kidsplay.lt\\\/produktas\\\/viga-mediniu-pjaustymo-lenteliu-rinkinys-darzoves\\\/#primaryimage\",\"url\":\"https:\\\/\\\/kidsplay.lt\\\/wp-content\\\/uploads\\\/2026\\\/04\\\/VIGA-mediniu-pjaustymo-lenteliu-rinkinys-\u2013-darzoves.jpg\",\"contentUrl\":\"https:\\\/\\\/kidsplay.lt\\\/wp-content\\\/uploads\\\/2026\\\/04\\\/VIGA-mediniu-pjaustymo-lenteliu-rinkinys-\u2013-darzoves.jpg\",\"width\":1000,\"height\":1000,\"caption\":\"VIGA medini\u0173 pjaustymo lenteli\u0173 rinkinys \u2013 dar\u017eov\u0117s\"},{\"@type\":\"BreadcrumbList\",\"@id\":\"https:\\\/\\\/kidsplay.lt\\\/produktas\\\/viga-mediniu-pjaustymo-lenteliu-rinkinys-darzoves\\\/#breadcrumb\",\"itemListElement\":[{\"@type\":\"ListItem\",\"position\":1,\"name\":\"Pagrindinis\",\"item\":\"https:\\\/\\\/kidsplay.lt\\\/\"},{\"@type\":\"ListItem\",\"position\":2,\"name\":\"Parduotuv\u0117\",\"item\":\"https:\\\/\\\/kidsplay.lt\\\/parduotuve\\\/\"},{\"@type\":\"ListItem\",\"position\":3,\"name\":\"VIGA medini\u0173 pjaustymo lenteli\u0173 rinkinys \u2013 dar\u017eov\u0117s\"}]},{\"@type\":\"WebSite\",\"@id\":\"https:\\\/\\\/kidsplay.lt\\\/#website\",\"url\":\"https:\\\/\\\/kidsplay.lt\\\/\",\"name\":\"Kidsplay.lt\",\"description\":\"\u012evairios prek\u0117s vaikams\",\"publisher\":{\"@id\":\"https:\\\/\\\/kidsplay.lt\\\/#organization\"},\"alternateName\":\"Kidsplay\",\"potentialAction\":[{\"@type\":\"SearchAction\",\"target\":{\"@type\":\"EntryPoint\",\"urlTemplate\":\"https:\\\/\\\/kidsplay.lt\\\/?s={search_term_string}\"},\"query-input\":{\"@type\":\"PropertyValueSpecification\",\"valueRequired\":true,\"valueName\":\"search_term_string\"}}],\"inLanguage\":\"lv-LV\"},{\"@type\":\"Organization\",\"@id\":\"https:\\\/\\\/kidsplay.lt\\\/#organization\",\"name\":\"KidsPlay\",\"url\":\"https:\\\/\\\/kidsplay.lt\\\/\",\"logo\":{\"@type\":\"ImageObject\",\"inLanguage\":\"lv-LV\",\"@id\":\"https:\\\/\\\/kidsplay.lt\\\/#\\\/schema\\\/logo\\\/image\\\/\",\"url\":\"https:\\\/\\\/kidsplay.lt\\\/wp-content\\\/uploads\\\/2023\\\/07\\\/kidsplay-logo.png\",\"contentUrl\":\"https:\\\/\\\/kidsplay.lt\\\/wp-content\\\/uploads\\\/2023\\\/07\\\/kidsplay-logo.png\",\"width\":451,\"height\":98,\"caption\":\"KidsPlay\"},\"image\":{\"@id\":\"https:\\\/\\\/kidsplay.lt\\\/#\\\/schema\\\/logo\\\/image\\\/\"},\"sameAs\":[\"https:\\\/\\\/www.facebook.com\\\/www.kidsplay.lt\"]}]}<\/script>\n<!-- \/ Yoast SEO plugin. -->","yoast_head_json":{"title":"VIGA koka grie\u0161anas d\u0113\u013cu komplekts - d\u0101rze\u0146iem","description":"VIGA medini\u0173 pjaustymo lenteli\u0173 rinkinys \u2013 dar\u017eov\u0117s - KidsPlay. Did\u017eiausias vaik\u0173 \u017eaisl\u0173 pasirinkimas.","robots":{"index":"index","follow":"follow","max-snippet":"max-snippet:-1","max-image-preview":"max-image-preview:large","max-video-preview":"max-video-preview:-1"},"canonical":"https:\/\/kidsplay.lt\/lv\/products\/viga-mediniu-pjaustymo-lenteliu-rinkinys-darzoves\/","og_locale":"lv_LV","og_type":"article","og_title":"VIGA medini\u0173 pjaustymo lenteli\u0173 rinkinys \u2013 dar\u017eov\u0117s","og_description":"VIGA medini\u0173 pjaustymo lenteli\u0173 rinkinys \u2013 dar\u017eov\u0117s - KidsPlay. Did\u017eiausias vaik\u0173 \u017eaisl\u0173 pasirinkimas.","og_url":"https:\/\/kidsplay.lt\/lv\/products\/viga-mediniu-pjaustymo-lenteliu-rinkinys-darzoves\/","og_site_name":"KidsPlay","article_publisher":"https:\/\/www.facebook.com\/www.kidsplay.lt","article_modified_time":"2026-04-13T10:40:50+00:00","og_image":[{"width":1000,"height":1000,"url":"https:\/\/kidsplay.lt\/wp-content\/uploads\/2026\/04\/VIGA-mediniu-pjaustymo-lenteliu-rinkinys-\u2013-darzoves.jpg","type":"image\/jpeg"}],"twitter_card":"summary_large_image","twitter_misc":{"Est. reading time":"1 min\u016bte"},"schema":{"@context":"https:\/\/schema.org","@graph":[{"@type":"WebPage","@id":"https:\/\/kidsplay.lt\/produktas\/viga-mediniu-pjaustymo-lenteliu-rinkinys-darzoves\/","url":"https:\/\/kidsplay.lt\/produktas\/viga-mediniu-pjaustymo-lenteliu-rinkinys-darzoves\/","name":"VIGA koka grie\u0161anas d\u0113\u013cu komplekts - d\u0101rze\u0146iem","isPartOf":{"@id":"https:\/\/kidsplay.lt\/#website"},"primaryImageOfPage":{"@id":"https:\/\/kidsplay.lt\/produktas\/viga-mediniu-pjaustymo-lenteliu-rinkinys-darzoves\/#primaryimage"},"image":{"@id":"https:\/\/kidsplay.lt\/produktas\/viga-mediniu-pjaustymo-lenteliu-rinkinys-darzoves\/#primaryimage"},"thumbnailUrl":"https:\/\/kidsplay.lt\/wp-content\/uploads\/2026\/04\/VIGA-mediniu-pjaustymo-lenteliu-rinkinys-\u2013-darzoves.jpg","datePublished":"2026-04-07T06:16:17+00:00","dateModified":"2026-04-13T10:40:50+00:00","description":"VIGA medini\u0173 pjaustymo lenteli\u0173 rinkinys \u2013 dar\u017eov\u0117s - KidsPlay. Did\u017eiausias vaik\u0173 \u017eaisl\u0173 pasirinkimas.","breadcrumb":{"@id":"https:\/\/kidsplay.lt\/produktas\/viga-mediniu-pjaustymo-lenteliu-rinkinys-darzoves\/#breadcrumb"},"inLanguage":"lv-LV","potentialAction":[{"@type":"ReadAction","target":["https:\/\/kidsplay.lt\/produktas\/viga-mediniu-pjaustymo-lenteliu-rinkinys-darzoves\/"]}]},{"@type":"ImageObject","inLanguage":"lv-LV","@id":"https:\/\/kidsplay.lt\/produktas\/viga-mediniu-pjaustymo-lenteliu-rinkinys-darzoves\/#primaryimage","url":"https:\/\/kidsplay.lt\/wp-content\/uploads\/2026\/04\/VIGA-mediniu-pjaustymo-lenteliu-rinkinys-\u2013-darzoves.jpg","contentUrl":"https:\/\/kidsplay.lt\/wp-content\/uploads\/2026\/04\/VIGA-mediniu-pjaustymo-lenteliu-rinkinys-\u2013-darzoves.jpg","width":1000,"height":1000,"caption":"VIGA medini\u0173 pjaustymo lenteli\u0173 rinkinys \u2013 dar\u017eov\u0117s"},{"@type":"BreadcrumbList","@id":"https:\/\/kidsplay.lt\/produktas\/viga-mediniu-pjaustymo-lenteliu-rinkinys-darzoves\/#breadcrumb","itemListElement":[{"@type":"ListItem","position":1,"name":"Pagrindinis","item":"https:\/\/kidsplay.lt\/"},{"@type":"ListItem","position":2,"name":"Parduotuv\u0117","item":"https:\/\/kidsplay.lt\/parduotuve\/"},{"@type":"ListItem","position":3,"name":"VIGA medini\u0173 pjaustymo lenteli\u0173 rinkinys \u2013 dar\u017eov\u0117s"}]},{"@type":"WebSite","@id":"https:\/\/kidsplay.lt\/#website","url":"https:\/\/kidsplay.lt\/","name":"B\u0113rnu sp\u0113les.lv","description":"\u012evairios prek\u0117s vaikams","publisher":{"@id":"https:\/\/kidsplay.lt\/#organization"},"alternateName":"Kidsplay","potentialAction":[{"@type":"SearchAction","target":{"@type":"EntryPoint","urlTemplate":"https:\/\/kidsplay.lt\/?s={search_term_string}"},"query-input":{"@type":"PropertyValueSpecification","valueRequired":true,"valueName":"search_term_string"}}],"inLanguage":"lv-LV"},{"@type":"Organization","@id":"https:\/\/kidsplay.lt\/#organization","name":"B\u0113rnu sp\u0113le","url":"https:\/\/kidsplay.lt\/","logo":{"@type":"ImageObject","inLanguage":"lv-LV","@id":"https:\/\/kidsplay.lt\/#\/schema\/logo\/image\/","url":"https:\/\/kidsplay.lt\/wp-content\/uploads\/2023\/07\/kidsplay-logo.png","contentUrl":"https:\/\/kidsplay.lt\/wp-content\/uploads\/2023\/07\/kidsplay-logo.png","width":451,"height":98,"caption":"KidsPlay"},"image":{"@id":"https:\/\/kidsplay.lt\/#\/schema\/logo\/image\/"},"sameAs":["https:\/\/www.facebook.com\/www.kidsplay.lt"]}]}},"_links":{"self":[{"href":"https:\/\/kidsplay.lt\/lv\/wp-json\/wp\/v2\/product\/102560","targetHints":{"allow":["GET"]}}],"collection":[{"href":"https:\/\/kidsplay.lt\/lv\/wp-json\/wp\/v2\/product"}],"about":[{"href":"https:\/\/kidsplay.lt\/lv\/wp-json\/wp\/v2\/types\/product"}],"version-history":[{"count":1,"href":"https:\/\/kidsplay.lt\/lv\/wp-json\/wp\/v2\/product\/102560\/revisions"}],"predecessor-version":[{"id":102561,"href":"https:\/\/kidsplay.lt\/lv\/wp-json\/wp\/v2\/product\/102560\/revisions\/102561"}],"wp:featuredmedia":[{"embeddable":true,"href":"https:\/\/kidsplay.lt\/lv\/wp-json\/wp\/v2\/media\/102562"}],"wp:attachment":[{"href":"https:\/\/kidsplay.lt\/lv\/wp-json\/wp\/v2\/media?parent=102560"}],"wp:term":[{"taxonomy":"product_brand","embeddable":true,"href":"https:\/\/kidsplay.lt\/lv\/wp-json\/wp\/v2\/product_brand?post=102560"},{"taxonomy":"product_cat","embeddable":true,"href":"https:\/\/kidsplay.lt\/lv\/wp-json\/wp\/v2\/product_cat?post=102560"},{"taxonomy":"product_tag","embeddable":true,"href":"https:\/\/kidsplay.lt\/lv\/wp-json\/wp\/v2\/product_tag?post=102560"}],"curies":[{"name":"wp","href":"https:\/\/api.w.org\/{rel}","templated":true}]}}