{"id":102588,"date":"2026-04-07T09:17:42","date_gmt":"2026-04-07T06:17:42","guid":{"rendered":"https:\/\/kidsplay.lt\/produktas\/viga-mediniu-delioniu-rinkinys-12-delioniu-po-24-detales-su-stovu\/"},"modified":"2026-04-07T09:17:51","modified_gmt":"2026-04-07T06:17:51","slug":"viga-mediniu-delioniu-rinkinys-12-delioniu-po-24-detales-su-stovu","status":"publish","type":"product","link":"https:\/\/kidsplay.lt\/lv\/product\/viga-mediniu-delioniu-rinkinys-12-delioniu-po-24-detales-su-stovu\/","title":{"rendered":"Viga medini\u0173 d\u0117lioni\u0173 rinkinys \u2013 12 d\u0117lioni\u0173 po 24 detales, su stovu"},"content":{"rendered":"<p>Viga medini\u0173 d\u0117lioni\u0173 r\u0117melis \u2013 pirmaujantis \u017eaislas, leid\u017eiantis vaikui patekti \u012f \u012ftraukiant\u012f ir k\u016brybin\u012f \u017eaidimo pasaul\u012f. 12 medini\u0173 lenteli\u0173 sukurtos specialiai tam, kad lavint\u0173:<\/p>\n<p> \trank\u0173 ir aki\u0173 koordinacij\u0105<br \/>\n \tvaizduot\u0119<br \/>\n \tlogin\u012f m\u0105stym\u0105<\/p>\n<p>Kiekvienoje lentel\u0117je yra 24 d\u0117lion\u0117s detal\u0117s. Vaiko u\u017eduotis \u2013 sud\u0117ti spalvingas d\u0117lion\u0117s detales \u012f atitinkam\u0105 lentel\u0119. Paprastos formos, \u017eav\u016bs paveiksl\u0117liai ir ry\u0161kios spalvos patraukia vaikus ir padeda \u012fvaldyti d\u0117lioni\u0173 sprendimo \u012fg\u016bd\u017eius. Komplekte yra medinis stov\u0117klas lentel\u0117ms laikyti.<br \/>\nVisa konstrukcija pagaminta i\u0161 lakuotos medienos ir da\u017eyta vaikams saugiais da\u017eais ry\u0161kiomis spalvomis, kurios patiks kiekvienam naudotojui ir suteiks daug smagumo.<\/p>","protected":false},"excerpt":{"rendered":"<p>Viga medini\u0173 d\u0117lioni\u0173 r\u0117melis \u2013 pirmaujantis \u017eaislas, leid\u017eiantis vaikui patekti \u012f \u012ftraukiant\u012f ir k\u016brybin\u012f \u017eaidimo pasaul\u012f. 12 medini\u0173 lenteli\u0173 sukurtos<\/p>","protected":false},"featured_media":102590,"template":"","meta":{"_acf_changed":false,"_glsr_average":0,"_glsr_ranking":0,"_glsr_reviews":0},"product_brand":[],"product_cat":[397,883],"product_tag":[],"class_list":{"0":"post-102588","1":"product","2":"type-product","3":"status-publish","4":"has-post-thumbnail","6":"product_cat-medines-deliones-mediniai-zaislai","7":"product_cat-mediniai-zaislai-2","8":"\"style=\"background-color: #2ecc711c;\"","10":"first","11":"instock","12":"purchasable","13":"product-type-simple"},"acf":[],"yoast_head":"<!-- This site is optimized with the Yoast SEO plugin v27.3 - https:\/\/yoast.com\/product\/yoast-seo-wordpress\/ -->\n<title>Viga medini\u0173 d\u0117lioni\u0173 rinkinys \u2013 12 d\u0117lioni\u0173 po 24 detales, su stovu<\/title>\n<meta name=\"description\" content=\"Viga medini\u0173 d\u0117lioni\u0173 rinkinys \u2013 12 d\u0117lioni\u0173 po 24 detales, su stovu - KidsPlay. Did\u017eiausias vaik\u0173 \u017eaisl\u0173 pasirinkimas.\" \/>\n<meta name=\"robots\" content=\"index, follow, max-snippet:-1, max-image-preview:large, max-video-preview:-1\" \/>\n<link rel=\"canonical\" href=\"https:\/\/kidsplay.lt\/lv\/product\/viga-mediniu-delioniu-rinkinys-12-delioniu-po-24-detales-su-stovu\/\" \/>\n<meta property=\"og:locale\" content=\"lv_LV\" \/>\n<meta property=\"og:type\" content=\"article\" \/>\n<meta property=\"og:title\" content=\"Viga medini\u0173 d\u0117lioni\u0173 rinkinys \u2013 12 d\u0117lioni\u0173 po 24 detales, su stovu\" \/>\n<meta property=\"og:description\" content=\"Viga medini\u0173 d\u0117lioni\u0173 rinkinys \u2013 12 d\u0117lioni\u0173 po 24 detales, su stovu - KidsPlay. Did\u017eiausias vaik\u0173 \u017eaisl\u0173 pasirinkimas.\" \/>\n<meta property=\"og:url\" content=\"https:\/\/kidsplay.lt\/lv\/product\/viga-mediniu-delioniu-rinkinys-12-delioniu-po-24-detales-su-stovu\/\" \/>\n<meta property=\"og:site_name\" content=\"KidsPlay\" \/>\n<meta property=\"article:publisher\" content=\"https:\/\/www.facebook.com\/www.kidsplay.lt\" \/>\n<meta property=\"article:modified_time\" content=\"2026-04-07T06:17:51+00:00\" \/>\n<meta property=\"og:image\" content=\"https:\/\/kidsplay.lt\/wp-content\/uploads\/2026\/04\/Viga-mediniu-delioniu-rinkinys-\u2013-12-delioniu-po-24-detales-su-stovu.jpg\" \/>\n\t<meta property=\"og:image:width\" content=\"2560\" \/>\n\t<meta property=\"og:image:height\" content=\"2560\" \/>\n\t<meta property=\"og:image:type\" content=\"image\/jpeg\" \/>\n<meta name=\"twitter:card\" content=\"summary_large_image\" \/>\n<meta name=\"twitter:label1\" content=\"Est. reading time\" \/>\n\t<meta name=\"twitter:data1\" content=\"1 min\u016bte\" \/>\n<script type=\"application\/ld+json\" class=\"yoast-schema-graph\">{\"@context\":\"https:\\\/\\\/schema.org\",\"@graph\":[{\"@type\":\"WebPage\",\"@id\":\"https:\\\/\\\/kidsplay.lt\\\/produktas\\\/viga-mediniu-delioniu-rinkinys-12-delioniu-po-24-detales-su-stovu\\\/\",\"url\":\"https:\\\/\\\/kidsplay.lt\\\/produktas\\\/viga-mediniu-delioniu-rinkinys-12-delioniu-po-24-detales-su-stovu\\\/\",\"name\":\"Viga medini\u0173 d\u0117lioni\u0173 rinkinys \u2013 12 d\u0117lioni\u0173 po 24 detales, su stovu\",\"isPartOf\":{\"@id\":\"https:\\\/\\\/kidsplay.lt\\\/#website\"},\"primaryImageOfPage\":{\"@id\":\"https:\\\/\\\/kidsplay.lt\\\/produktas\\\/viga-mediniu-delioniu-rinkinys-12-delioniu-po-24-detales-su-stovu\\\/#primaryimage\"},\"image\":{\"@id\":\"https:\\\/\\\/kidsplay.lt\\\/produktas\\\/viga-mediniu-delioniu-rinkinys-12-delioniu-po-24-detales-su-stovu\\\/#primaryimage\"},\"thumbnailUrl\":\"https:\\\/\\\/kidsplay.lt\\\/wp-content\\\/uploads\\\/2026\\\/04\\\/Viga-mediniu-delioniu-rinkinys-\u2013-12-delioniu-po-24-detales-su-stovu.jpg\",\"datePublished\":\"2026-04-07T06:17:42+00:00\",\"dateModified\":\"2026-04-07T06:17:51+00:00\",\"description\":\"Viga medini\u0173 d\u0117lioni\u0173 rinkinys \u2013 12 d\u0117lioni\u0173 po 24 detales, su stovu - KidsPlay. Did\u017eiausias vaik\u0173 \u017eaisl\u0173 pasirinkimas.\",\"breadcrumb\":{\"@id\":\"https:\\\/\\\/kidsplay.lt\\\/produktas\\\/viga-mediniu-delioniu-rinkinys-12-delioniu-po-24-detales-su-stovu\\\/#breadcrumb\"},\"inLanguage\":\"lv-LV\",\"potentialAction\":[{\"@type\":\"ReadAction\",\"target\":[\"https:\\\/\\\/kidsplay.lt\\\/produktas\\\/viga-mediniu-delioniu-rinkinys-12-delioniu-po-24-detales-su-stovu\\\/\"]}]},{\"@type\":\"ImageObject\",\"inLanguage\":\"lv-LV\",\"@id\":\"https:\\\/\\\/kidsplay.lt\\\/produktas\\\/viga-mediniu-delioniu-rinkinys-12-delioniu-po-24-detales-su-stovu\\\/#primaryimage\",\"url\":\"https:\\\/\\\/kidsplay.lt\\\/wp-content\\\/uploads\\\/2026\\\/04\\\/Viga-mediniu-delioniu-rinkinys-\u2013-12-delioniu-po-24-detales-su-stovu.jpg\",\"contentUrl\":\"https:\\\/\\\/kidsplay.lt\\\/wp-content\\\/uploads\\\/2026\\\/04\\\/Viga-mediniu-delioniu-rinkinys-\u2013-12-delioniu-po-24-detales-su-stovu.jpg\",\"width\":2560,\"height\":2560,\"caption\":\"Viga medini\u0173 d\u0117lioni\u0173 rinkinys \u2013 12 d\u0117lioni\u0173 po 24 detales\"},{\"@type\":\"BreadcrumbList\",\"@id\":\"https:\\\/\\\/kidsplay.lt\\\/produktas\\\/viga-mediniu-delioniu-rinkinys-12-delioniu-po-24-detales-su-stovu\\\/#breadcrumb\",\"itemListElement\":[{\"@type\":\"ListItem\",\"position\":1,\"name\":\"Pagrindinis\",\"item\":\"https:\\\/\\\/kidsplay.lt\\\/\"},{\"@type\":\"ListItem\",\"position\":2,\"name\":\"Parduotuv\u0117\",\"item\":\"https:\\\/\\\/kidsplay.lt\\\/parduotuve\\\/\"},{\"@type\":\"ListItem\",\"position\":3,\"name\":\"Viga medini\u0173 d\u0117lioni\u0173 rinkinys \u2013 12 d\u0117lioni\u0173 po 24 detales, su stovu\"}]},{\"@type\":\"WebSite\",\"@id\":\"https:\\\/\\\/kidsplay.lt\\\/#website\",\"url\":\"https:\\\/\\\/kidsplay.lt\\\/\",\"name\":\"Kidsplay.lt\",\"description\":\"\u012evairios prek\u0117s vaikams\",\"publisher\":{\"@id\":\"https:\\\/\\\/kidsplay.lt\\\/#organization\"},\"alternateName\":\"Kidsplay\",\"potentialAction\":[{\"@type\":\"SearchAction\",\"target\":{\"@type\":\"EntryPoint\",\"urlTemplate\":\"https:\\\/\\\/kidsplay.lt\\\/?s={search_term_string}\"},\"query-input\":{\"@type\":\"PropertyValueSpecification\",\"valueRequired\":true,\"valueName\":\"search_term_string\"}}],\"inLanguage\":\"lv-LV\"},{\"@type\":\"Organization\",\"@id\":\"https:\\\/\\\/kidsplay.lt\\\/#organization\",\"name\":\"KidsPlay\",\"url\":\"https:\\\/\\\/kidsplay.lt\\\/\",\"logo\":{\"@type\":\"ImageObject\",\"inLanguage\":\"lv-LV\",\"@id\":\"https:\\\/\\\/kidsplay.lt\\\/#\\\/schema\\\/logo\\\/image\\\/\",\"url\":\"https:\\\/\\\/kidsplay.lt\\\/wp-content\\\/uploads\\\/2023\\\/07\\\/kidsplay-logo.png\",\"contentUrl\":\"https:\\\/\\\/kidsplay.lt\\\/wp-content\\\/uploads\\\/2023\\\/07\\\/kidsplay-logo.png\",\"width\":451,\"height\":98,\"caption\":\"KidsPlay\"},\"image\":{\"@id\":\"https:\\\/\\\/kidsplay.lt\\\/#\\\/schema\\\/logo\\\/image\\\/\"},\"sameAs\":[\"https:\\\/\\\/www.facebook.com\\\/www.kidsplay.lt\"]}]}<\/script>\n<!-- \/ Yoast SEO plugin. -->","yoast_head_json":{"title":"Viga medini\u0173 d\u0117lioni\u0173 rinkinys \u2013 12 d\u0117lioni\u0173 po 24 detales, su stovu","description":"Viga medini\u0173 d\u0117lioni\u0173 rinkinys \u2013 12 d\u0117lioni\u0173 po 24 detales, su stovu - KidsPlay. Did\u017eiausias vaik\u0173 \u017eaisl\u0173 pasirinkimas.","robots":{"index":"index","follow":"follow","max-snippet":"max-snippet:-1","max-image-preview":"max-image-preview:large","max-video-preview":"max-video-preview:-1"},"canonical":"https:\/\/kidsplay.lt\/lv\/product\/viga-mediniu-delioniu-rinkinys-12-delioniu-po-24-detales-su-stovu\/","og_locale":"lv_LV","og_type":"article","og_title":"Viga medini\u0173 d\u0117lioni\u0173 rinkinys \u2013 12 d\u0117lioni\u0173 po 24 detales, su stovu","og_description":"Viga medini\u0173 d\u0117lioni\u0173 rinkinys \u2013 12 d\u0117lioni\u0173 po 24 detales, su stovu - KidsPlay. Did\u017eiausias vaik\u0173 \u017eaisl\u0173 pasirinkimas.","og_url":"https:\/\/kidsplay.lt\/lv\/product\/viga-mediniu-delioniu-rinkinys-12-delioniu-po-24-detales-su-stovu\/","og_site_name":"KidsPlay","article_publisher":"https:\/\/www.facebook.com\/www.kidsplay.lt","article_modified_time":"2026-04-07T06:17:51+00:00","og_image":[{"width":2560,"height":2560,"url":"https:\/\/kidsplay.lt\/wp-content\/uploads\/2026\/04\/Viga-mediniu-delioniu-rinkinys-\u2013-12-delioniu-po-24-detales-su-stovu.jpg","type":"image\/jpeg"}],"twitter_card":"summary_large_image","twitter_misc":{"Est. reading time":"1 min\u016bte"},"schema":{"@context":"https:\/\/schema.org","@graph":[{"@type":"WebPage","@id":"https:\/\/kidsplay.lt\/produktas\/viga-mediniu-delioniu-rinkinys-12-delioniu-po-24-detales-su-stovu\/","url":"https:\/\/kidsplay.lt\/produktas\/viga-mediniu-delioniu-rinkinys-12-delioniu-po-24-detales-su-stovu\/","name":"Viga medini\u0173 d\u0117lioni\u0173 rinkinys \u2013 12 d\u0117lioni\u0173 po 24 detales, su stovu","isPartOf":{"@id":"https:\/\/kidsplay.lt\/#website"},"primaryImageOfPage":{"@id":"https:\/\/kidsplay.lt\/produktas\/viga-mediniu-delioniu-rinkinys-12-delioniu-po-24-detales-su-stovu\/#primaryimage"},"image":{"@id":"https:\/\/kidsplay.lt\/produktas\/viga-mediniu-delioniu-rinkinys-12-delioniu-po-24-detales-su-stovu\/#primaryimage"},"thumbnailUrl":"https:\/\/kidsplay.lt\/wp-content\/uploads\/2026\/04\/Viga-mediniu-delioniu-rinkinys-\u2013-12-delioniu-po-24-detales-su-stovu.jpg","datePublished":"2026-04-07T06:17:42+00:00","dateModified":"2026-04-07T06:17:51+00:00","description":"Viga medini\u0173 d\u0117lioni\u0173 rinkinys \u2013 12 d\u0117lioni\u0173 po 24 detales, su stovu - KidsPlay. Did\u017eiausias vaik\u0173 \u017eaisl\u0173 pasirinkimas.","breadcrumb":{"@id":"https:\/\/kidsplay.lt\/produktas\/viga-mediniu-delioniu-rinkinys-12-delioniu-po-24-detales-su-stovu\/#breadcrumb"},"inLanguage":"lv-LV","potentialAction":[{"@type":"ReadAction","target":["https:\/\/kidsplay.lt\/produktas\/viga-mediniu-delioniu-rinkinys-12-delioniu-po-24-detales-su-stovu\/"]}]},{"@type":"ImageObject","inLanguage":"lv-LV","@id":"https:\/\/kidsplay.lt\/produktas\/viga-mediniu-delioniu-rinkinys-12-delioniu-po-24-detales-su-stovu\/#primaryimage","url":"https:\/\/kidsplay.lt\/wp-content\/uploads\/2026\/04\/Viga-mediniu-delioniu-rinkinys-\u2013-12-delioniu-po-24-detales-su-stovu.jpg","contentUrl":"https:\/\/kidsplay.lt\/wp-content\/uploads\/2026\/04\/Viga-mediniu-delioniu-rinkinys-\u2013-12-delioniu-po-24-detales-su-stovu.jpg","width":2560,"height":2560,"caption":"Viga medini\u0173 d\u0117lioni\u0173 rinkinys \u2013 12 d\u0117lioni\u0173 po 24 detales"},{"@type":"BreadcrumbList","@id":"https:\/\/kidsplay.lt\/produktas\/viga-mediniu-delioniu-rinkinys-12-delioniu-po-24-detales-su-stovu\/#breadcrumb","itemListElement":[{"@type":"ListItem","position":1,"name":"Pagrindinis","item":"https:\/\/kidsplay.lt\/"},{"@type":"ListItem","position":2,"name":"Parduotuv\u0117","item":"https:\/\/kidsplay.lt\/parduotuve\/"},{"@type":"ListItem","position":3,"name":"Viga medini\u0173 d\u0117lioni\u0173 rinkinys \u2013 12 d\u0117lioni\u0173 po 24 detales, su stovu"}]},{"@type":"WebSite","@id":"https:\/\/kidsplay.lt\/#website","url":"https:\/\/kidsplay.lt\/","name":"B\u0113rnu sp\u0113les.lv","description":"\u012evairios prek\u0117s vaikams","publisher":{"@id":"https:\/\/kidsplay.lt\/#organization"},"alternateName":"Kidsplay","potentialAction":[{"@type":"SearchAction","target":{"@type":"EntryPoint","urlTemplate":"https:\/\/kidsplay.lt\/?s={search_term_string}"},"query-input":{"@type":"PropertyValueSpecification","valueRequired":true,"valueName":"search_term_string"}}],"inLanguage":"lv-LV"},{"@type":"Organization","@id":"https:\/\/kidsplay.lt\/#organization","name":"B\u0113rnu sp\u0113le","url":"https:\/\/kidsplay.lt\/","logo":{"@type":"ImageObject","inLanguage":"lv-LV","@id":"https:\/\/kidsplay.lt\/#\/schema\/logo\/image\/","url":"https:\/\/kidsplay.lt\/wp-content\/uploads\/2023\/07\/kidsplay-logo.png","contentUrl":"https:\/\/kidsplay.lt\/wp-content\/uploads\/2023\/07\/kidsplay-logo.png","width":451,"height":98,"caption":"KidsPlay"},"image":{"@id":"https:\/\/kidsplay.lt\/#\/schema\/logo\/image\/"},"sameAs":["https:\/\/www.facebook.com\/www.kidsplay.lt"]}]}},"_links":{"self":[{"href":"https:\/\/kidsplay.lt\/lv\/wp-json\/wp\/v2\/product\/102588","targetHints":{"allow":["GET"]}}],"collection":[{"href":"https:\/\/kidsplay.lt\/lv\/wp-json\/wp\/v2\/product"}],"about":[{"href":"https:\/\/kidsplay.lt\/lv\/wp-json\/wp\/v2\/types\/product"}],"version-history":[{"count":1,"href":"https:\/\/kidsplay.lt\/lv\/wp-json\/wp\/v2\/product\/102588\/revisions"}],"predecessor-version":[{"id":102589,"href":"https:\/\/kidsplay.lt\/lv\/wp-json\/wp\/v2\/product\/102588\/revisions\/102589"}],"wp:featuredmedia":[{"embeddable":true,"href":"https:\/\/kidsplay.lt\/lv\/wp-json\/wp\/v2\/media\/102590"}],"wp:attachment":[{"href":"https:\/\/kidsplay.lt\/lv\/wp-json\/wp\/v2\/media?parent=102588"}],"wp:term":[{"taxonomy":"product_brand","embeddable":true,"href":"https:\/\/kidsplay.lt\/lv\/wp-json\/wp\/v2\/product_brand?post=102588"},{"taxonomy":"product_cat","embeddable":true,"href":"https:\/\/kidsplay.lt\/lv\/wp-json\/wp\/v2\/product_cat?post=102588"},{"taxonomy":"product_tag","embeddable":true,"href":"https:\/\/kidsplay.lt\/lv\/wp-json\/wp\/v2\/product_tag?post=102588"}],"curies":[{"name":"wp","href":"https:\/\/api.w.org\/{rel}","templated":true}]}}