{"id":102607,"date":"2026-04-07T09:18:30","date_gmt":"2026-04-07T06:18:30","guid":{"rendered":"https:\/\/kidsplay.lt\/produktas\/viga-polarb-gyvunu-prieziuros-rinkinys-mazasis-veterinaras\/"},"modified":"2026-04-07T09:18:46","modified_gmt":"2026-04-07T06:18:46","slug":"viga-polarb-gyvunu-prieziuros-rinkinys-mazasis-veterinaras","status":"publish","type":"product","link":"https:\/\/kidsplay.lt\/lv\/products\/viga-polarb-gyvunu-prieziuros-rinkinys-mazasis-veterinaras\/","title":{"rendered":"VIGA PolarB gyv\u016bn\u0173 prie\u017ei\u016bros rinkinys \u2013 ma\u017easis veterinaras"},"content":{"rendered":"<p>VIGA PolarB gyv\u016bn\u0173 prie\u017ei\u016bros rinkinys nukelia vaikus \u012f tikros veterinarijos klinikos pasaul\u012f, kur jie gali r\u016bpintis savo pliu\u0161iniais pacientais. D\u0117l 12 realisti\u0161k\u0173 aksesuar\u0173 kiekvienas ma\u017easis gyv\u016bn\u0173 myl\u0117tojas jausis kaip profesionalus veterinaras. Tai puikus vaidmen\u0173 \u017eaidimas, mokantis empatijos, atsakomyb\u0117s ir r\u016bpinimosi kitais. Viskas supakuota eleganti\u0161koje geltonoje rankin\u0117je su patogia rankena ir u\u017etrauktuku, tod\u0117l lengva laikyti visus elementus ir ne\u0161ti rinkin\u012f kelion\u0117se, \u012f dar\u017eel\u012f ar pas senelius. Organizacija ir mobilumas viename!<br \/>\nFunkcijas:<\/p>\n<p> \tMed\u017eiaga: auk\u0161tos kokyb\u0117s mediena, da\u017eyta saugiais da\u017eais<br \/>\n \tKrep\u0161elio matmenys: 220 mm x 160 mm x 80 mm<br \/>\n \tSpalvos: subtilios, pastelin\u0117s<br \/>\n \tPaskirtis: vaidmen\u0173 \u017eaidimai \u2013 ma\u017easis veterinaras<\/p>\n<p>Komplekta saturs:<\/p>\n<p> \tVeterinaro rankin\u0117 su u\u017etrauktuku<br \/>\n \tStetoskopas \u0161irdies tyrimui<br \/>\n \tReflekso plaktukas<br \/>\n \tEl\u017ebietos tipo gyv\u016bno apykakl\u0117<br \/>\n \tSaugios \u017eirklut\u0117s<br \/>\n \t\u0160virk\u0161tas<br \/>\n \tTermometras<br \/>\n \tRentgeno kortel\u0117 (rentgeno plok\u0161tel\u0117)<br \/>\n \tPincetas<br \/>\n \tButeliukas su papildais<br \/>\n \tTable\u010di\u0173 d\u0117\u017eut\u0117<br \/>\n \tDu skan\u0117stai: \u017euvis ir kaulas<\/p>","protected":false},"excerpt":{"rendered":"<p>VIGA PolarB gyv\u016bn\u0173 prie\u017ei\u016bros rinkinys nukelia vaikus \u012f tikros veterinarijos klinikos pasaul\u012f, kur jie gali r\u016bpintis savo pliu\u0161iniais pacientais. D\u0117l<\/p>","protected":false},"featured_media":102609,"template":"","meta":{"_acf_changed":false,"_glsr_average":0,"_glsr_ranking":0,"_glsr_reviews":0},"product_brand":[],"product_cat":[904,399],"product_tag":[],"class_list":{"0":"post-102607","1":"product","2":"type-product","3":"status-publish","4":"has-post-thumbnail","6":"product_cat-gydytojai","7":"product_cat-vaidmenu-zaidimai-2","8":"\"style=\"background-color: #2ecc711c;\"","10":"first","11":"instock","12":"purchasable","13":"product-type-simple"},"acf":[],"yoast_head":"<!-- This site is optimized with the Yoast SEO plugin v27.3 - https:\/\/yoast.com\/product\/yoast-seo-wordpress\/ -->\n<title>VIGA PolarB gyv\u016bn\u0173 prie\u017ei\u016bros rinkinys \u2013 ma\u017easis veterinaras<\/title>\n<meta name=\"description\" content=\"VIGA PolarB gyv\u016bn\u0173 prie\u017ei\u016bros rinkinys \u2013 ma\u017easis veterinaras - KidsPlay. Did\u017eiausias vaik\u0173 \u017eaisl\u0173 pasirinkimas.\" \/>\n<meta name=\"robots\" content=\"index, follow, max-snippet:-1, max-image-preview:large, max-video-preview:-1\" \/>\n<link rel=\"canonical\" href=\"https:\/\/kidsplay.lt\/lv\/products\/viga-polarb-gyvunu-prieziuros-rinkinys-mazasis-veterinaras\/\" \/>\n<meta property=\"og:locale\" content=\"lv_LV\" \/>\n<meta property=\"og:type\" content=\"article\" \/>\n<meta property=\"og:title\" content=\"VIGA PolarB gyv\u016bn\u0173 prie\u017ei\u016bros rinkinys \u2013 ma\u017easis veterinaras\" \/>\n<meta property=\"og:description\" content=\"VIGA PolarB gyv\u016bn\u0173 prie\u017ei\u016bros rinkinys \u2013 ma\u017easis veterinaras - KidsPlay. Did\u017eiausias vaik\u0173 \u017eaisl\u0173 pasirinkimas.\" \/>\n<meta property=\"og:url\" content=\"https:\/\/kidsplay.lt\/lv\/products\/viga-polarb-gyvunu-prieziuros-rinkinys-mazasis-veterinaras\/\" \/>\n<meta property=\"og:site_name\" content=\"KidsPlay\" \/>\n<meta property=\"article:publisher\" content=\"https:\/\/www.facebook.com\/www.kidsplay.lt\" \/>\n<meta property=\"article:modified_time\" content=\"2026-04-07T06:18:46+00:00\" \/>\n<meta property=\"og:image\" content=\"https:\/\/kidsplay.lt\/wp-content\/uploads\/2026\/04\/VIGA-PolarB-gyvunu-prieziuros-rinkinys-\u2013-mazasis-veterinaras.jpg\" \/>\n\t<meta property=\"og:image:width\" content=\"1000\" \/>\n\t<meta property=\"og:image:height\" content=\"1000\" \/>\n\t<meta property=\"og:image:type\" content=\"image\/jpeg\" \/>\n<meta name=\"twitter:card\" content=\"summary_large_image\" \/>\n<meta name=\"twitter:label1\" content=\"Est. reading time\" \/>\n\t<meta name=\"twitter:data1\" content=\"1 min\u016bte\" \/>\n<script type=\"application\/ld+json\" class=\"yoast-schema-graph\">{\"@context\":\"https:\\\/\\\/schema.org\",\"@graph\":[{\"@type\":\"WebPage\",\"@id\":\"https:\\\/\\\/kidsplay.lt\\\/produktas\\\/viga-polarb-gyvunu-prieziuros-rinkinys-mazasis-veterinaras\\\/\",\"url\":\"https:\\\/\\\/kidsplay.lt\\\/produktas\\\/viga-polarb-gyvunu-prieziuros-rinkinys-mazasis-veterinaras\\\/\",\"name\":\"VIGA PolarB gyv\u016bn\u0173 prie\u017ei\u016bros rinkinys \u2013 ma\u017easis veterinaras\",\"isPartOf\":{\"@id\":\"https:\\\/\\\/kidsplay.lt\\\/#website\"},\"primaryImageOfPage\":{\"@id\":\"https:\\\/\\\/kidsplay.lt\\\/produktas\\\/viga-polarb-gyvunu-prieziuros-rinkinys-mazasis-veterinaras\\\/#primaryimage\"},\"image\":{\"@id\":\"https:\\\/\\\/kidsplay.lt\\\/produktas\\\/viga-polarb-gyvunu-prieziuros-rinkinys-mazasis-veterinaras\\\/#primaryimage\"},\"thumbnailUrl\":\"https:\\\/\\\/kidsplay.lt\\\/wp-content\\\/uploads\\\/2026\\\/04\\\/VIGA-PolarB-gyvunu-prieziuros-rinkinys-\u2013-mazasis-veterinaras.jpg\",\"datePublished\":\"2026-04-07T06:18:30+00:00\",\"dateModified\":\"2026-04-07T06:18:46+00:00\",\"description\":\"VIGA PolarB gyv\u016bn\u0173 prie\u017ei\u016bros rinkinys \u2013 ma\u017easis veterinaras - KidsPlay. Did\u017eiausias vaik\u0173 \u017eaisl\u0173 pasirinkimas.\",\"breadcrumb\":{\"@id\":\"https:\\\/\\\/kidsplay.lt\\\/produktas\\\/viga-polarb-gyvunu-prieziuros-rinkinys-mazasis-veterinaras\\\/#breadcrumb\"},\"inLanguage\":\"lv-LV\",\"potentialAction\":[{\"@type\":\"ReadAction\",\"target\":[\"https:\\\/\\\/kidsplay.lt\\\/produktas\\\/viga-polarb-gyvunu-prieziuros-rinkinys-mazasis-veterinaras\\\/\"]}]},{\"@type\":\"ImageObject\",\"inLanguage\":\"lv-LV\",\"@id\":\"https:\\\/\\\/kidsplay.lt\\\/produktas\\\/viga-polarb-gyvunu-prieziuros-rinkinys-mazasis-veterinaras\\\/#primaryimage\",\"url\":\"https:\\\/\\\/kidsplay.lt\\\/wp-content\\\/uploads\\\/2026\\\/04\\\/VIGA-PolarB-gyvunu-prieziuros-rinkinys-\u2013-mazasis-veterinaras.jpg\",\"contentUrl\":\"https:\\\/\\\/kidsplay.lt\\\/wp-content\\\/uploads\\\/2026\\\/04\\\/VIGA-PolarB-gyvunu-prieziuros-rinkinys-\u2013-mazasis-veterinaras.jpg\",\"width\":1000,\"height\":1000,\"caption\":\"VIGA PolarB gyv\u016bn\u0173 prie\u017ei\u016bros rinkinys \u2013 ma\u017easis veterinaras\"},{\"@type\":\"BreadcrumbList\",\"@id\":\"https:\\\/\\\/kidsplay.lt\\\/produktas\\\/viga-polarb-gyvunu-prieziuros-rinkinys-mazasis-veterinaras\\\/#breadcrumb\",\"itemListElement\":[{\"@type\":\"ListItem\",\"position\":1,\"name\":\"Pagrindinis\",\"item\":\"https:\\\/\\\/kidsplay.lt\\\/\"},{\"@type\":\"ListItem\",\"position\":2,\"name\":\"Parduotuv\u0117\",\"item\":\"https:\\\/\\\/kidsplay.lt\\\/parduotuve\\\/\"},{\"@type\":\"ListItem\",\"position\":3,\"name\":\"VIGA PolarB gyv\u016bn\u0173 prie\u017ei\u016bros rinkinys \u2013 ma\u017easis veterinaras\"}]},{\"@type\":\"WebSite\",\"@id\":\"https:\\\/\\\/kidsplay.lt\\\/#website\",\"url\":\"https:\\\/\\\/kidsplay.lt\\\/\",\"name\":\"Kidsplay.lt\",\"description\":\"\u012evairios prek\u0117s vaikams\",\"publisher\":{\"@id\":\"https:\\\/\\\/kidsplay.lt\\\/#organization\"},\"alternateName\":\"Kidsplay\",\"potentialAction\":[{\"@type\":\"SearchAction\",\"target\":{\"@type\":\"EntryPoint\",\"urlTemplate\":\"https:\\\/\\\/kidsplay.lt\\\/?s={search_term_string}\"},\"query-input\":{\"@type\":\"PropertyValueSpecification\",\"valueRequired\":true,\"valueName\":\"search_term_string\"}}],\"inLanguage\":\"lv-LV\"},{\"@type\":\"Organization\",\"@id\":\"https:\\\/\\\/kidsplay.lt\\\/#organization\",\"name\":\"KidsPlay\",\"url\":\"https:\\\/\\\/kidsplay.lt\\\/\",\"logo\":{\"@type\":\"ImageObject\",\"inLanguage\":\"lv-LV\",\"@id\":\"https:\\\/\\\/kidsplay.lt\\\/#\\\/schema\\\/logo\\\/image\\\/\",\"url\":\"https:\\\/\\\/kidsplay.lt\\\/wp-content\\\/uploads\\\/2023\\\/07\\\/kidsplay-logo.png\",\"contentUrl\":\"https:\\\/\\\/kidsplay.lt\\\/wp-content\\\/uploads\\\/2023\\\/07\\\/kidsplay-logo.png\",\"width\":451,\"height\":98,\"caption\":\"KidsPlay\"},\"image\":{\"@id\":\"https:\\\/\\\/kidsplay.lt\\\/#\\\/schema\\\/logo\\\/image\\\/\"},\"sameAs\":[\"https:\\\/\\\/www.facebook.com\\\/www.kidsplay.lt\"]}]}<\/script>\n<!-- \/ Yoast SEO plugin. -->","yoast_head_json":{"title":"VIGA PolarB gyv\u016bn\u0173 prie\u017ei\u016bros rinkinys \u2013 ma\u017easis veterinaras","description":"VIGA PolarB gyv\u016bn\u0173 prie\u017ei\u016bros rinkinys \u2013 ma\u017easis veterinaras - KidsPlay. Did\u017eiausias vaik\u0173 \u017eaisl\u0173 pasirinkimas.","robots":{"index":"index","follow":"follow","max-snippet":"max-snippet:-1","max-image-preview":"max-image-preview:large","max-video-preview":"max-video-preview:-1"},"canonical":"https:\/\/kidsplay.lt\/lv\/products\/viga-polarb-gyvunu-prieziuros-rinkinys-mazasis-veterinaras\/","og_locale":"lv_LV","og_type":"article","og_title":"VIGA PolarB gyv\u016bn\u0173 prie\u017ei\u016bros rinkinys \u2013 ma\u017easis veterinaras","og_description":"VIGA PolarB gyv\u016bn\u0173 prie\u017ei\u016bros rinkinys \u2013 ma\u017easis veterinaras - KidsPlay. Did\u017eiausias vaik\u0173 \u017eaisl\u0173 pasirinkimas.","og_url":"https:\/\/kidsplay.lt\/lv\/products\/viga-polarb-gyvunu-prieziuros-rinkinys-mazasis-veterinaras\/","og_site_name":"KidsPlay","article_publisher":"https:\/\/www.facebook.com\/www.kidsplay.lt","article_modified_time":"2026-04-07T06:18:46+00:00","og_image":[{"width":1000,"height":1000,"url":"https:\/\/kidsplay.lt\/wp-content\/uploads\/2026\/04\/VIGA-PolarB-gyvunu-prieziuros-rinkinys-\u2013-mazasis-veterinaras.jpg","type":"image\/jpeg"}],"twitter_card":"summary_large_image","twitter_misc":{"Est. reading time":"1 min\u016bte"},"schema":{"@context":"https:\/\/schema.org","@graph":[{"@type":"WebPage","@id":"https:\/\/kidsplay.lt\/produktas\/viga-polarb-gyvunu-prieziuros-rinkinys-mazasis-veterinaras\/","url":"https:\/\/kidsplay.lt\/produktas\/viga-polarb-gyvunu-prieziuros-rinkinys-mazasis-veterinaras\/","name":"VIGA PolarB gyv\u016bn\u0173 prie\u017ei\u016bros rinkinys \u2013 ma\u017easis veterinaras","isPartOf":{"@id":"https:\/\/kidsplay.lt\/#website"},"primaryImageOfPage":{"@id":"https:\/\/kidsplay.lt\/produktas\/viga-polarb-gyvunu-prieziuros-rinkinys-mazasis-veterinaras\/#primaryimage"},"image":{"@id":"https:\/\/kidsplay.lt\/produktas\/viga-polarb-gyvunu-prieziuros-rinkinys-mazasis-veterinaras\/#primaryimage"},"thumbnailUrl":"https:\/\/kidsplay.lt\/wp-content\/uploads\/2026\/04\/VIGA-PolarB-gyvunu-prieziuros-rinkinys-\u2013-mazasis-veterinaras.jpg","datePublished":"2026-04-07T06:18:30+00:00","dateModified":"2026-04-07T06:18:46+00:00","description":"VIGA PolarB gyv\u016bn\u0173 prie\u017ei\u016bros rinkinys \u2013 ma\u017easis veterinaras - KidsPlay. Did\u017eiausias vaik\u0173 \u017eaisl\u0173 pasirinkimas.","breadcrumb":{"@id":"https:\/\/kidsplay.lt\/produktas\/viga-polarb-gyvunu-prieziuros-rinkinys-mazasis-veterinaras\/#breadcrumb"},"inLanguage":"lv-LV","potentialAction":[{"@type":"ReadAction","target":["https:\/\/kidsplay.lt\/produktas\/viga-polarb-gyvunu-prieziuros-rinkinys-mazasis-veterinaras\/"]}]},{"@type":"ImageObject","inLanguage":"lv-LV","@id":"https:\/\/kidsplay.lt\/produktas\/viga-polarb-gyvunu-prieziuros-rinkinys-mazasis-veterinaras\/#primaryimage","url":"https:\/\/kidsplay.lt\/wp-content\/uploads\/2026\/04\/VIGA-PolarB-gyvunu-prieziuros-rinkinys-\u2013-mazasis-veterinaras.jpg","contentUrl":"https:\/\/kidsplay.lt\/wp-content\/uploads\/2026\/04\/VIGA-PolarB-gyvunu-prieziuros-rinkinys-\u2013-mazasis-veterinaras.jpg","width":1000,"height":1000,"caption":"VIGA PolarB gyv\u016bn\u0173 prie\u017ei\u016bros rinkinys \u2013 ma\u017easis veterinaras"},{"@type":"BreadcrumbList","@id":"https:\/\/kidsplay.lt\/produktas\/viga-polarb-gyvunu-prieziuros-rinkinys-mazasis-veterinaras\/#breadcrumb","itemListElement":[{"@type":"ListItem","position":1,"name":"Pagrindinis","item":"https:\/\/kidsplay.lt\/"},{"@type":"ListItem","position":2,"name":"Parduotuv\u0117","item":"https:\/\/kidsplay.lt\/parduotuve\/"},{"@type":"ListItem","position":3,"name":"VIGA PolarB gyv\u016bn\u0173 prie\u017ei\u016bros rinkinys \u2013 ma\u017easis veterinaras"}]},{"@type":"WebSite","@id":"https:\/\/kidsplay.lt\/#website","url":"https:\/\/kidsplay.lt\/","name":"B\u0113rnu sp\u0113les.lv","description":"\u012evairios prek\u0117s vaikams","publisher":{"@id":"https:\/\/kidsplay.lt\/#organization"},"alternateName":"Kidsplay","potentialAction":[{"@type":"SearchAction","target":{"@type":"EntryPoint","urlTemplate":"https:\/\/kidsplay.lt\/?s={search_term_string}"},"query-input":{"@type":"PropertyValueSpecification","valueRequired":true,"valueName":"search_term_string"}}],"inLanguage":"lv-LV"},{"@type":"Organization","@id":"https:\/\/kidsplay.lt\/#organization","name":"B\u0113rnu sp\u0113le","url":"https:\/\/kidsplay.lt\/","logo":{"@type":"ImageObject","inLanguage":"lv-LV","@id":"https:\/\/kidsplay.lt\/#\/schema\/logo\/image\/","url":"https:\/\/kidsplay.lt\/wp-content\/uploads\/2023\/07\/kidsplay-logo.png","contentUrl":"https:\/\/kidsplay.lt\/wp-content\/uploads\/2023\/07\/kidsplay-logo.png","width":451,"height":98,"caption":"KidsPlay"},"image":{"@id":"https:\/\/kidsplay.lt\/#\/schema\/logo\/image\/"},"sameAs":["https:\/\/www.facebook.com\/www.kidsplay.lt"]}]}},"_links":{"self":[{"href":"https:\/\/kidsplay.lt\/lv\/wp-json\/wp\/v2\/product\/102607","targetHints":{"allow":["GET"]}}],"collection":[{"href":"https:\/\/kidsplay.lt\/lv\/wp-json\/wp\/v2\/product"}],"about":[{"href":"https:\/\/kidsplay.lt\/lv\/wp-json\/wp\/v2\/types\/product"}],"version-history":[{"count":1,"href":"https:\/\/kidsplay.lt\/lv\/wp-json\/wp\/v2\/product\/102607\/revisions"}],"predecessor-version":[{"id":102608,"href":"https:\/\/kidsplay.lt\/lv\/wp-json\/wp\/v2\/product\/102607\/revisions\/102608"}],"wp:featuredmedia":[{"embeddable":true,"href":"https:\/\/kidsplay.lt\/lv\/wp-json\/wp\/v2\/media\/102609"}],"wp:attachment":[{"href":"https:\/\/kidsplay.lt\/lv\/wp-json\/wp\/v2\/media?parent=102607"}],"wp:term":[{"taxonomy":"product_brand","embeddable":true,"href":"https:\/\/kidsplay.lt\/lv\/wp-json\/wp\/v2\/product_brand?post=102607"},{"taxonomy":"product_cat","embeddable":true,"href":"https:\/\/kidsplay.lt\/lv\/wp-json\/wp\/v2\/product_cat?post=102607"},{"taxonomy":"product_tag","embeddable":true,"href":"https:\/\/kidsplay.lt\/lv\/wp-json\/wp\/v2\/product_tag?post=102607"}],"curies":[{"name":"wp","href":"https:\/\/api.w.org\/{rel}","templated":true}]}}