{"id":102635,"date":"2026-04-07T09:19:52","date_gmt":"2026-04-07T06:19:52","guid":{"rendered":"https:\/\/kidsplay.lt\/produktas\/viga-medine-gitarele-vaikams-naturali-21-colio-6-stygos\/"},"modified":"2026-04-13T13:41:30","modified_gmt":"2026-04-13T10:41:30","slug":"viga-medine-gitarele-vaikams-naturali-21-colio-6-stygos","status":"publish","type":"product","link":"https:\/\/kidsplay.lt\/lv\/products\/viga-medine-gitarele-vaikams-naturali-21-colio-6-stygos\/","title":{"rendered":"Viga koka \u0123it\u0101ra b\u0113rniem, dab\u012bga, 21 colla, 6 st\u012bgas"},"content":{"rendered":"<p>\u0160i fantasti\u0161ka Viga akustin\u0117 gitara vaikams yra puiki dovan\u0173 id\u0117ja jauniems muzikantams. Mokymasis groti bus smagus ir pad\u0117s lavinti j\u0173 talentus. \u0160is \u017eaislas imituoja tikr\u0105 klasikini\u0173 gitar\u0173 form\u0105, tod\u0117l ma\u017easis menininkas labiau nor\u0117s prad\u0117ti mokytis. Gitara teigiamai veikia vaik\u0173 vystym\u0105si per muzikos pa\u017einim\u0105. Gitarai sukurtos ma\u017eos rankos, o a\u0161tri\u0173 kra\u0161t\u0173 nebuvimas u\u017etikrina saugum\u0105 vaikams. Dabar j\u016bs\u0173 ma\u017eylis kvies jus \u012f savo koncertus \u2013 linksmyb\u0117s niekada nesibaigs!<br \/>\nFunkcijas:<\/p>\n<p> \tPagaminta i\u0161 nat\u016bralios medienos<br \/>\n \tNuostabus dizainas<br \/>\n \tPuikiai tinka mokytis groti gitara<br \/>\n \tVeikiantys klavi\u0161ai leid\u017eia derinti stygas<br \/>\n \tPadeda lavinti vaiko muzikin\u012f talent\u0105<br \/>\n \tEleganti\u0161ka pakuot\u0117 \u2013 puikiai tinka dovanai<br \/>\n \tAi\u0161kus garsas<\/p>","protected":false},"excerpt":{"rendered":"<p>\u0160i fantasti\u0161ka Viga akustin\u0117 gitara vaikams yra puiki dovan\u0173 id\u0117ja jauniems muzikantams. Mokymasis groti bus smagus ir pad\u0117s lavinti j\u0173<\/p>","protected":false},"featured_media":102637,"template":"","meta":{"_acf_changed":false,"_glsr_average":0,"_glsr_ranking":0,"_glsr_reviews":0},"product_brand":[],"product_cat":[449,229],"product_tag":[],"class_list":{"0":"post-102635","1":"product","2":"type-product","3":"status-publish","4":"has-post-thumbnail","6":"product_cat-muzikiniai","7":"product_cat-zaislai-vaikams","8":"\"style=\"background-color: #2ecc711c;\"","10":"first","11":"instock","12":"purchasable","13":"product-type-simple"},"acf":[],"yoast_head":"<!-- This site is optimized with the Yoast SEO plugin v27.3 - https:\/\/yoast.com\/product\/yoast-seo-wordpress\/ -->\n<title>Viga medin\u0117 gitar\u0117l\u0117 vaikams, nat\u016brali, 21 colio, 6 stygos<\/title>\n<meta name=\"description\" content=\"Viga medin\u0117 gitar\u0117l\u0117 vaikams, nat\u016brali, 21 colio, 6 stygos - KidsPlay. Did\u017eiausias vaik\u0173 \u017eaisl\u0173 pasirinkimas.\" \/>\n<meta name=\"robots\" content=\"index, follow, max-snippet:-1, max-image-preview:large, max-video-preview:-1\" \/>\n<link rel=\"canonical\" href=\"https:\/\/kidsplay.lt\/lv\/products\/viga-medine-gitarele-vaikams-naturali-21-colio-6-stygos\/\" \/>\n<meta property=\"og:locale\" content=\"lv_LV\" \/>\n<meta property=\"og:type\" content=\"article\" \/>\n<meta property=\"og:title\" content=\"Viga medin\u0117 gitar\u0117l\u0117 vaikams, nat\u016brali, 21 colio, 6 stygos\" \/>\n<meta property=\"og:description\" content=\"Viga medin\u0117 gitar\u0117l\u0117 vaikams, nat\u016brali, 21 colio, 6 stygos - KidsPlay. Did\u017eiausias vaik\u0173 \u017eaisl\u0173 pasirinkimas.\" \/>\n<meta property=\"og:url\" content=\"https:\/\/kidsplay.lt\/lv\/products\/viga-medine-gitarele-vaikams-naturali-21-colio-6-stygos\/\" \/>\n<meta property=\"og:site_name\" content=\"KidsPlay\" \/>\n<meta property=\"article:publisher\" content=\"https:\/\/www.facebook.com\/www.kidsplay.lt\" \/>\n<meta property=\"article:modified_time\" content=\"2026-04-13T10:41:30+00:00\" \/>\n<meta property=\"og:image\" content=\"https:\/\/kidsplay.lt\/wp-content\/uploads\/2026\/04\/Viga-medine-gitarele-vaikams-naturali-21-colio-6-stygos.jpg\" \/>\n\t<meta property=\"og:image:width\" content=\"2560\" \/>\n\t<meta property=\"og:image:height\" content=\"2560\" \/>\n\t<meta property=\"og:image:type\" content=\"image\/jpeg\" \/>\n<meta name=\"twitter:card\" content=\"summary_large_image\" \/>\n<meta name=\"twitter:label1\" content=\"Est. reading time\" \/>\n\t<meta name=\"twitter:data1\" content=\"1 min\u016bte\" \/>\n<script type=\"application\/ld+json\" class=\"yoast-schema-graph\">{\"@context\":\"https:\\\/\\\/schema.org\",\"@graph\":[{\"@type\":\"WebPage\",\"@id\":\"https:\\\/\\\/kidsplay.lt\\\/produktas\\\/viga-medine-gitarele-vaikams-naturali-21-colio-6-stygos\\\/\",\"url\":\"https:\\\/\\\/kidsplay.lt\\\/produktas\\\/viga-medine-gitarele-vaikams-naturali-21-colio-6-stygos\\\/\",\"name\":\"Viga medin\u0117 gitar\u0117l\u0117 vaikams, nat\u016brali, 21 colio, 6 stygos\",\"isPartOf\":{\"@id\":\"https:\\\/\\\/kidsplay.lt\\\/#website\"},\"primaryImageOfPage\":{\"@id\":\"https:\\\/\\\/kidsplay.lt\\\/produktas\\\/viga-medine-gitarele-vaikams-naturali-21-colio-6-stygos\\\/#primaryimage\"},\"image\":{\"@id\":\"https:\\\/\\\/kidsplay.lt\\\/produktas\\\/viga-medine-gitarele-vaikams-naturali-21-colio-6-stygos\\\/#primaryimage\"},\"thumbnailUrl\":\"https:\\\/\\\/kidsplay.lt\\\/wp-content\\\/uploads\\\/2026\\\/04\\\/Viga-medine-gitarele-vaikams-naturali-21-colio-6-stygos.jpg\",\"datePublished\":\"2026-04-07T06:19:52+00:00\",\"dateModified\":\"2026-04-13T10:41:30+00:00\",\"description\":\"Viga medin\u0117 gitar\u0117l\u0117 vaikams, nat\u016brali, 21 colio, 6 stygos - KidsPlay. Did\u017eiausias vaik\u0173 \u017eaisl\u0173 pasirinkimas.\",\"breadcrumb\":{\"@id\":\"https:\\\/\\\/kidsplay.lt\\\/produktas\\\/viga-medine-gitarele-vaikams-naturali-21-colio-6-stygos\\\/#breadcrumb\"},\"inLanguage\":\"lv-LV\",\"potentialAction\":[{\"@type\":\"ReadAction\",\"target\":[\"https:\\\/\\\/kidsplay.lt\\\/produktas\\\/viga-medine-gitarele-vaikams-naturali-21-colio-6-stygos\\\/\"]}]},{\"@type\":\"ImageObject\",\"inLanguage\":\"lv-LV\",\"@id\":\"https:\\\/\\\/kidsplay.lt\\\/produktas\\\/viga-medine-gitarele-vaikams-naturali-21-colio-6-stygos\\\/#primaryimage\",\"url\":\"https:\\\/\\\/kidsplay.lt\\\/wp-content\\\/uploads\\\/2026\\\/04\\\/Viga-medine-gitarele-vaikams-naturali-21-colio-6-stygos.jpg\",\"contentUrl\":\"https:\\\/\\\/kidsplay.lt\\\/wp-content\\\/uploads\\\/2026\\\/04\\\/Viga-medine-gitarele-vaikams-naturali-21-colio-6-stygos.jpg\",\"width\":2560,\"height\":2560,\"caption\":\"Viga medin\u0117 gitar\u0117l\u0117 vaikams\"},{\"@type\":\"BreadcrumbList\",\"@id\":\"https:\\\/\\\/kidsplay.lt\\\/produktas\\\/viga-medine-gitarele-vaikams-naturali-21-colio-6-stygos\\\/#breadcrumb\",\"itemListElement\":[{\"@type\":\"ListItem\",\"position\":1,\"name\":\"Pagrindinis\",\"item\":\"https:\\\/\\\/kidsplay.lt\\\/\"},{\"@type\":\"ListItem\",\"position\":2,\"name\":\"Parduotuv\u0117\",\"item\":\"https:\\\/\\\/kidsplay.lt\\\/parduotuve\\\/\"},{\"@type\":\"ListItem\",\"position\":3,\"name\":\"Viga medin\u0117 gitar\u0117l\u0117 vaikams, nat\u016brali, 21 colio, 6 stygos\"}]},{\"@type\":\"WebSite\",\"@id\":\"https:\\\/\\\/kidsplay.lt\\\/#website\",\"url\":\"https:\\\/\\\/kidsplay.lt\\\/\",\"name\":\"Kidsplay.lt\",\"description\":\"\u012evairios prek\u0117s vaikams\",\"publisher\":{\"@id\":\"https:\\\/\\\/kidsplay.lt\\\/#organization\"},\"alternateName\":\"Kidsplay\",\"potentialAction\":[{\"@type\":\"SearchAction\",\"target\":{\"@type\":\"EntryPoint\",\"urlTemplate\":\"https:\\\/\\\/kidsplay.lt\\\/?s={search_term_string}\"},\"query-input\":{\"@type\":\"PropertyValueSpecification\",\"valueRequired\":true,\"valueName\":\"search_term_string\"}}],\"inLanguage\":\"lv-LV\"},{\"@type\":\"Organization\",\"@id\":\"https:\\\/\\\/kidsplay.lt\\\/#organization\",\"name\":\"KidsPlay\",\"url\":\"https:\\\/\\\/kidsplay.lt\\\/\",\"logo\":{\"@type\":\"ImageObject\",\"inLanguage\":\"lv-LV\",\"@id\":\"https:\\\/\\\/kidsplay.lt\\\/#\\\/schema\\\/logo\\\/image\\\/\",\"url\":\"https:\\\/\\\/kidsplay.lt\\\/wp-content\\\/uploads\\\/2023\\\/07\\\/kidsplay-logo.png\",\"contentUrl\":\"https:\\\/\\\/kidsplay.lt\\\/wp-content\\\/uploads\\\/2023\\\/07\\\/kidsplay-logo.png\",\"width\":451,\"height\":98,\"caption\":\"KidsPlay\"},\"image\":{\"@id\":\"https:\\\/\\\/kidsplay.lt\\\/#\\\/schema\\\/logo\\\/image\\\/\"},\"sameAs\":[\"https:\\\/\\\/www.facebook.com\\\/www.kidsplay.lt\"]}]}<\/script>\n<!-- \/ Yoast SEO plugin. -->","yoast_head_json":{"title":"Viga koka \u0123it\u0101ra b\u0113rniem, dab\u012bga, 21 colla, 6 st\u012bgas","description":"Viga medin\u0117 gitar\u0117l\u0117 vaikams, nat\u016brali, 21 colio, 6 stygos - KidsPlay. Did\u017eiausias vaik\u0173 \u017eaisl\u0173 pasirinkimas.","robots":{"index":"index","follow":"follow","max-snippet":"max-snippet:-1","max-image-preview":"max-image-preview:large","max-video-preview":"max-video-preview:-1"},"canonical":"https:\/\/kidsplay.lt\/lv\/products\/viga-medine-gitarele-vaikams-naturali-21-colio-6-stygos\/","og_locale":"lv_LV","og_type":"article","og_title":"Viga medin\u0117 gitar\u0117l\u0117 vaikams, nat\u016brali, 21 colio, 6 stygos","og_description":"Viga medin\u0117 gitar\u0117l\u0117 vaikams, nat\u016brali, 21 colio, 6 stygos - KidsPlay. Did\u017eiausias vaik\u0173 \u017eaisl\u0173 pasirinkimas.","og_url":"https:\/\/kidsplay.lt\/lv\/products\/viga-medine-gitarele-vaikams-naturali-21-colio-6-stygos\/","og_site_name":"KidsPlay","article_publisher":"https:\/\/www.facebook.com\/www.kidsplay.lt","article_modified_time":"2026-04-13T10:41:30+00:00","og_image":[{"width":2560,"height":2560,"url":"https:\/\/kidsplay.lt\/wp-content\/uploads\/2026\/04\/Viga-medine-gitarele-vaikams-naturali-21-colio-6-stygos.jpg","type":"image\/jpeg"}],"twitter_card":"summary_large_image","twitter_misc":{"Est. reading time":"1 min\u016bte"},"schema":{"@context":"https:\/\/schema.org","@graph":[{"@type":"WebPage","@id":"https:\/\/kidsplay.lt\/produktas\/viga-medine-gitarele-vaikams-naturali-21-colio-6-stygos\/","url":"https:\/\/kidsplay.lt\/produktas\/viga-medine-gitarele-vaikams-naturali-21-colio-6-stygos\/","name":"Viga koka \u0123it\u0101ra b\u0113rniem, dab\u012bga, 21 colla, 6 st\u012bgas","isPartOf":{"@id":"https:\/\/kidsplay.lt\/#website"},"primaryImageOfPage":{"@id":"https:\/\/kidsplay.lt\/produktas\/viga-medine-gitarele-vaikams-naturali-21-colio-6-stygos\/#primaryimage"},"image":{"@id":"https:\/\/kidsplay.lt\/produktas\/viga-medine-gitarele-vaikams-naturali-21-colio-6-stygos\/#primaryimage"},"thumbnailUrl":"https:\/\/kidsplay.lt\/wp-content\/uploads\/2026\/04\/Viga-medine-gitarele-vaikams-naturali-21-colio-6-stygos.jpg","datePublished":"2026-04-07T06:19:52+00:00","dateModified":"2026-04-13T10:41:30+00:00","description":"Viga medin\u0117 gitar\u0117l\u0117 vaikams, nat\u016brali, 21 colio, 6 stygos - KidsPlay. Did\u017eiausias vaik\u0173 \u017eaisl\u0173 pasirinkimas.","breadcrumb":{"@id":"https:\/\/kidsplay.lt\/produktas\/viga-medine-gitarele-vaikams-naturali-21-colio-6-stygos\/#breadcrumb"},"inLanguage":"lv-LV","potentialAction":[{"@type":"ReadAction","target":["https:\/\/kidsplay.lt\/produktas\/viga-medine-gitarele-vaikams-naturali-21-colio-6-stygos\/"]}]},{"@type":"ImageObject","inLanguage":"lv-LV","@id":"https:\/\/kidsplay.lt\/produktas\/viga-medine-gitarele-vaikams-naturali-21-colio-6-stygos\/#primaryimage","url":"https:\/\/kidsplay.lt\/wp-content\/uploads\/2026\/04\/Viga-medine-gitarele-vaikams-naturali-21-colio-6-stygos.jpg","contentUrl":"https:\/\/kidsplay.lt\/wp-content\/uploads\/2026\/04\/Viga-medine-gitarele-vaikams-naturali-21-colio-6-stygos.jpg","width":2560,"height":2560,"caption":"Viga medin\u0117 gitar\u0117l\u0117 vaikams"},{"@type":"BreadcrumbList","@id":"https:\/\/kidsplay.lt\/produktas\/viga-medine-gitarele-vaikams-naturali-21-colio-6-stygos\/#breadcrumb","itemListElement":[{"@type":"ListItem","position":1,"name":"Pagrindinis","item":"https:\/\/kidsplay.lt\/"},{"@type":"ListItem","position":2,"name":"Parduotuv\u0117","item":"https:\/\/kidsplay.lt\/parduotuve\/"},{"@type":"ListItem","position":3,"name":"Viga medin\u0117 gitar\u0117l\u0117 vaikams, nat\u016brali, 21 colio, 6 stygos"}]},{"@type":"WebSite","@id":"https:\/\/kidsplay.lt\/#website","url":"https:\/\/kidsplay.lt\/","name":"B\u0113rnu sp\u0113les.lv","description":"\u012evairios prek\u0117s vaikams","publisher":{"@id":"https:\/\/kidsplay.lt\/#organization"},"alternateName":"Kidsplay","potentialAction":[{"@type":"SearchAction","target":{"@type":"EntryPoint","urlTemplate":"https:\/\/kidsplay.lt\/?s={search_term_string}"},"query-input":{"@type":"PropertyValueSpecification","valueRequired":true,"valueName":"search_term_string"}}],"inLanguage":"lv-LV"},{"@type":"Organization","@id":"https:\/\/kidsplay.lt\/#organization","name":"B\u0113rnu sp\u0113le","url":"https:\/\/kidsplay.lt\/","logo":{"@type":"ImageObject","inLanguage":"lv-LV","@id":"https:\/\/kidsplay.lt\/#\/schema\/logo\/image\/","url":"https:\/\/kidsplay.lt\/wp-content\/uploads\/2023\/07\/kidsplay-logo.png","contentUrl":"https:\/\/kidsplay.lt\/wp-content\/uploads\/2023\/07\/kidsplay-logo.png","width":451,"height":98,"caption":"KidsPlay"},"image":{"@id":"https:\/\/kidsplay.lt\/#\/schema\/logo\/image\/"},"sameAs":["https:\/\/www.facebook.com\/www.kidsplay.lt"]}]}},"_links":{"self":[{"href":"https:\/\/kidsplay.lt\/lv\/wp-json\/wp\/v2\/product\/102635","targetHints":{"allow":["GET"]}}],"collection":[{"href":"https:\/\/kidsplay.lt\/lv\/wp-json\/wp\/v2\/product"}],"about":[{"href":"https:\/\/kidsplay.lt\/lv\/wp-json\/wp\/v2\/types\/product"}],"version-history":[{"count":1,"href":"https:\/\/kidsplay.lt\/lv\/wp-json\/wp\/v2\/product\/102635\/revisions"}],"predecessor-version":[{"id":102636,"href":"https:\/\/kidsplay.lt\/lv\/wp-json\/wp\/v2\/product\/102635\/revisions\/102636"}],"wp:featuredmedia":[{"embeddable":true,"href":"https:\/\/kidsplay.lt\/lv\/wp-json\/wp\/v2\/media\/102637"}],"wp:attachment":[{"href":"https:\/\/kidsplay.lt\/lv\/wp-json\/wp\/v2\/media?parent=102635"}],"wp:term":[{"taxonomy":"product_brand","embeddable":true,"href":"https:\/\/kidsplay.lt\/lv\/wp-json\/wp\/v2\/product_brand?post=102635"},{"taxonomy":"product_cat","embeddable":true,"href":"https:\/\/kidsplay.lt\/lv\/wp-json\/wp\/v2\/product_cat?post=102635"},{"taxonomy":"product_tag","embeddable":true,"href":"https:\/\/kidsplay.lt\/lv\/wp-json\/wp\/v2\/product_tag?post=102635"}],"curies":[{"name":"wp","href":"https:\/\/api.w.org\/{rel}","templated":true}]}}