{"id":102663,"date":"2026-04-07T09:21:18","date_gmt":"2026-04-07T06:21:18","guid":{"rendered":"https:\/\/kidsplay.lt\/produktas\/viga-medine-prekybos-palapine-prekystalis\/"},"modified":"2026-04-20T07:13:28","modified_gmt":"2026-04-20T04:13:28","slug":"viga-medine-prekybos-palapine-prekystalis","status":"publish","type":"product","link":"https:\/\/kidsplay.lt\/lv\/products\/viga-medine-prekybos-palapine-prekystalis\/","title":{"rendered":"VIGA koka iepirk\u0161an\u0101s telts\/lete"},"content":{"rendered":"<p>VIGA medin\u0117 prekybos palapin\u0117 kelia vaidmen\u0173 \u017eaidim\u0105 \u012f kit\u0105 lyg\u012f. Pagaminta i\u0161 tvirtos medienos, su ry\u0161kia raudonai-balta dry\u017euota stogine, \u0161i palapin\u0117 patrauks vaik\u0173 d\u0117mes\u012f ir taps m\u0117gstama \u017eaidim\u0173 vieta. Joje yra dvi lentynos, skirtos produktams eksponuoti, kuriuos vaikai gali \u201eparduoti\u201c \u017eaisdami parduotuv\u0119. \u0160i gra\u017eiai pagaminta medin\u0117 palapin\u0117 skatina k\u016brybi\u0161k\u0105 vaidmen\u0173 \u017eaidim\u0105 ir leid\u017eia vaikams lavinti socialinius \u012fg\u016bd\u017eius per \u017eaidim\u0105.<br \/>\nFunkcijas:<\/p>\n<p> \t\u017daislas vaikams nuo 3 met\u0173<br \/>\n \tPagaminta i\u0161 tvirtos medienos, nuda\u017eyta netoksi\u0161kais da\u017eais<br \/>\n \tSu ry\u0161kia raudonai-balta dry\u017euota stogine<br \/>\n \tTuri dvi lentynas produktams eksponuoti<br \/>\n \tPuikiai tinka k\u016brybi\u0161kam \u017eaidimui parduotuv\u0117je ar turguje<br \/>\n \tTvirta konstrukcija u\u017etikrina ilgaam\u017ei\u0161kum\u0105 ir saugum\u0105<\/p>","protected":false},"excerpt":{"rendered":"<p>VIGA medin\u0117 prekybos palapin\u0117 kelia vaidmen\u0173 \u017eaidim\u0105 \u012f kit\u0105 lyg\u012f. Pagaminta i\u0161 tvirtos medienos, su ry\u0161kia raudonai-balta dry\u017euota stogine, \u0161i<\/p>","protected":false},"featured_media":102665,"template":"","meta":{"_acf_changed":false,"_glsr_average":0,"_glsr_ranking":0,"_glsr_reviews":0},"product_brand":[],"product_cat":[893,399],"product_tag":[],"class_list":{"0":"post-102663","1":"product","2":"type-product","3":"status-publish","4":"has-post-thumbnail","6":"product_cat-parduotuves","7":"product_cat-vaidmenu-zaidimai-2","8":"\"style=\"background-color: #2ecc711c;\"","10":"first","11":"instock","12":"purchasable","13":"product-type-simple"},"acf":[],"yoast_head":"<!-- This site is optimized with the Yoast SEO plugin v27.4 - https:\/\/yoast.com\/product\/yoast-seo-wordpress\/ -->\n<title>VIGA medin\u0117 prekybos palapin\u0117 \/ prekystalis<\/title>\n<meta name=\"description\" content=\"VIGA medin\u0117 prekybos palapin\u0117 \/ prekystalis - KidsPlay. Did\u017eiausias vaik\u0173 \u017eaisl\u0173 pasirinkimas.\" \/>\n<meta name=\"robots\" content=\"index, follow, max-snippet:-1, max-image-preview:large, max-video-preview:-1\" \/>\n<link rel=\"canonical\" href=\"https:\/\/kidsplay.lt\/lv\/products\/viga-medine-prekybos-palapine-prekystalis\/\" \/>\n<meta property=\"og:locale\" content=\"lv_LV\" \/>\n<meta property=\"og:type\" content=\"article\" \/>\n<meta property=\"og:title\" content=\"VIGA medin\u0117 prekybos palapin\u0117 \/ prekystalis\" \/>\n<meta property=\"og:description\" content=\"VIGA medin\u0117 prekybos palapin\u0117 \/ prekystalis - KidsPlay. Did\u017eiausias vaik\u0173 \u017eaisl\u0173 pasirinkimas.\" \/>\n<meta property=\"og:url\" content=\"https:\/\/kidsplay.lt\/lv\/products\/viga-medine-prekybos-palapine-prekystalis\/\" \/>\n<meta property=\"og:site_name\" content=\"KidsPlay\" \/>\n<meta property=\"article:publisher\" content=\"https:\/\/www.facebook.com\/www.kidsplay.lt\" \/>\n<meta property=\"article:modified_time\" content=\"2026-04-20T04:13:28+00:00\" \/>\n<meta property=\"og:image\" content=\"https:\/\/kidsplay.lt\/wp-content\/uploads\/2026\/04\/VIGA-medine-prekybos-palapine-prekystalis.jpg\" \/>\n\t<meta property=\"og:image:width\" content=\"2500\" \/>\n\t<meta property=\"og:image:height\" content=\"2500\" \/>\n\t<meta property=\"og:image:type\" content=\"image\/jpeg\" \/>\n<meta name=\"twitter:card\" content=\"summary_large_image\" \/>\n<meta name=\"twitter:label1\" content=\"Est. reading time\" \/>\n\t<meta name=\"twitter:data1\" content=\"1 min\u016bte\" \/>\n<script type=\"application\/ld+json\" class=\"yoast-schema-graph\">{\"@context\":\"https:\\\/\\\/schema.org\",\"@graph\":[{\"@type\":\"WebPage\",\"@id\":\"https:\\\/\\\/kidsplay.lt\\\/produktas\\\/viga-medine-prekybos-palapine-prekystalis\\\/\",\"url\":\"https:\\\/\\\/kidsplay.lt\\\/produktas\\\/viga-medine-prekybos-palapine-prekystalis\\\/\",\"name\":\"VIGA medin\u0117 prekybos palapin\u0117 \\\/ prekystalis\",\"isPartOf\":{\"@id\":\"https:\\\/\\\/kidsplay.lt\\\/#website\"},\"primaryImageOfPage\":{\"@id\":\"https:\\\/\\\/kidsplay.lt\\\/produktas\\\/viga-medine-prekybos-palapine-prekystalis\\\/#primaryimage\"},\"image\":{\"@id\":\"https:\\\/\\\/kidsplay.lt\\\/produktas\\\/viga-medine-prekybos-palapine-prekystalis\\\/#primaryimage\"},\"thumbnailUrl\":\"https:\\\/\\\/kidsplay.lt\\\/wp-content\\\/uploads\\\/2026\\\/04\\\/VIGA-medine-prekybos-palapine-prekystalis.jpg\",\"datePublished\":\"2026-04-07T06:21:18+00:00\",\"dateModified\":\"2026-04-20T04:13:28+00:00\",\"description\":\"VIGA medin\u0117 prekybos palapin\u0117 \\\/ prekystalis - KidsPlay. Did\u017eiausias vaik\u0173 \u017eaisl\u0173 pasirinkimas.\",\"breadcrumb\":{\"@id\":\"https:\\\/\\\/kidsplay.lt\\\/produktas\\\/viga-medine-prekybos-palapine-prekystalis\\\/#breadcrumb\"},\"inLanguage\":\"lv-LV\",\"potentialAction\":[{\"@type\":\"ReadAction\",\"target\":[\"https:\\\/\\\/kidsplay.lt\\\/produktas\\\/viga-medine-prekybos-palapine-prekystalis\\\/\"]}]},{\"@type\":\"ImageObject\",\"inLanguage\":\"lv-LV\",\"@id\":\"https:\\\/\\\/kidsplay.lt\\\/produktas\\\/viga-medine-prekybos-palapine-prekystalis\\\/#primaryimage\",\"url\":\"https:\\\/\\\/kidsplay.lt\\\/wp-content\\\/uploads\\\/2026\\\/04\\\/VIGA-medine-prekybos-palapine-prekystalis.jpg\",\"contentUrl\":\"https:\\\/\\\/kidsplay.lt\\\/wp-content\\\/uploads\\\/2026\\\/04\\\/VIGA-medine-prekybos-palapine-prekystalis.jpg\",\"width\":2500,\"height\":2500,\"caption\":\"VIGA medin\u0117 prekybos palapin\u0117 \\\/ prekystalis\"},{\"@type\":\"BreadcrumbList\",\"@id\":\"https:\\\/\\\/kidsplay.lt\\\/produktas\\\/viga-medine-prekybos-palapine-prekystalis\\\/#breadcrumb\",\"itemListElement\":[{\"@type\":\"ListItem\",\"position\":1,\"name\":\"Pagrindinis\",\"item\":\"https:\\\/\\\/kidsplay.lt\\\/\"},{\"@type\":\"ListItem\",\"position\":2,\"name\":\"Parduotuv\u0117\",\"item\":\"https:\\\/\\\/kidsplay.lt\\\/parduotuve\\\/\"},{\"@type\":\"ListItem\",\"position\":3,\"name\":\"VIGA medin\u0117 prekybos palapin\u0117 \\\/ prekystalis\"}]},{\"@type\":\"WebSite\",\"@id\":\"https:\\\/\\\/kidsplay.lt\\\/#website\",\"url\":\"https:\\\/\\\/kidsplay.lt\\\/\",\"name\":\"Kidsplay.lt\",\"description\":\"\u012evairios prek\u0117s vaikams\",\"publisher\":{\"@id\":\"https:\\\/\\\/kidsplay.lt\\\/#organization\"},\"alternateName\":\"Kidsplay\",\"potentialAction\":[{\"@type\":\"SearchAction\",\"target\":{\"@type\":\"EntryPoint\",\"urlTemplate\":\"https:\\\/\\\/kidsplay.lt\\\/?s={search_term_string}\"},\"query-input\":{\"@type\":\"PropertyValueSpecification\",\"valueRequired\":true,\"valueName\":\"search_term_string\"}}],\"inLanguage\":\"lv-LV\"},{\"@type\":\"Organization\",\"@id\":\"https:\\\/\\\/kidsplay.lt\\\/#organization\",\"name\":\"KidsPlay\",\"url\":\"https:\\\/\\\/kidsplay.lt\\\/\",\"logo\":{\"@type\":\"ImageObject\",\"inLanguage\":\"lv-LV\",\"@id\":\"https:\\\/\\\/kidsplay.lt\\\/#\\\/schema\\\/logo\\\/image\\\/\",\"url\":\"https:\\\/\\\/kidsplay.lt\\\/wp-content\\\/uploads\\\/2023\\\/07\\\/kidsplay-logo.png\",\"contentUrl\":\"https:\\\/\\\/kidsplay.lt\\\/wp-content\\\/uploads\\\/2023\\\/07\\\/kidsplay-logo.png\",\"width\":451,\"height\":98,\"caption\":\"KidsPlay\"},\"image\":{\"@id\":\"https:\\\/\\\/kidsplay.lt\\\/#\\\/schema\\\/logo\\\/image\\\/\"},\"sameAs\":[\"https:\\\/\\\/www.facebook.com\\\/www.kidsplay.lt\"]}]}<\/script>\n<!-- \/ Yoast SEO plugin. -->","yoast_head_json":{"title":"VIGA koka iepirk\u0161an\u0101s telts\/lete","description":"VIGA medin\u0117 prekybos palapin\u0117 \/ prekystalis - KidsPlay. Did\u017eiausias vaik\u0173 \u017eaisl\u0173 pasirinkimas.","robots":{"index":"index","follow":"follow","max-snippet":"max-snippet:-1","max-image-preview":"max-image-preview:large","max-video-preview":"max-video-preview:-1"},"canonical":"https:\/\/kidsplay.lt\/lv\/products\/viga-medine-prekybos-palapine-prekystalis\/","og_locale":"lv_LV","og_type":"article","og_title":"VIGA medin\u0117 prekybos palapin\u0117 \/ prekystalis","og_description":"VIGA medin\u0117 prekybos palapin\u0117 \/ prekystalis - KidsPlay. Did\u017eiausias vaik\u0173 \u017eaisl\u0173 pasirinkimas.","og_url":"https:\/\/kidsplay.lt\/lv\/products\/viga-medine-prekybos-palapine-prekystalis\/","og_site_name":"KidsPlay","article_publisher":"https:\/\/www.facebook.com\/www.kidsplay.lt","article_modified_time":"2026-04-20T04:13:28+00:00","og_image":[{"width":2500,"height":2500,"url":"https:\/\/kidsplay.lt\/wp-content\/uploads\/2026\/04\/VIGA-medine-prekybos-palapine-prekystalis.jpg","type":"image\/jpeg"}],"twitter_card":"summary_large_image","twitter_misc":{"Est. reading time":"1 min\u016bte"},"schema":{"@context":"https:\/\/schema.org","@graph":[{"@type":"WebPage","@id":"https:\/\/kidsplay.lt\/produktas\/viga-medine-prekybos-palapine-prekystalis\/","url":"https:\/\/kidsplay.lt\/produktas\/viga-medine-prekybos-palapine-prekystalis\/","name":"VIGA koka iepirk\u0161an\u0101s telts\/lete","isPartOf":{"@id":"https:\/\/kidsplay.lt\/#website"},"primaryImageOfPage":{"@id":"https:\/\/kidsplay.lt\/produktas\/viga-medine-prekybos-palapine-prekystalis\/#primaryimage"},"image":{"@id":"https:\/\/kidsplay.lt\/produktas\/viga-medine-prekybos-palapine-prekystalis\/#primaryimage"},"thumbnailUrl":"https:\/\/kidsplay.lt\/wp-content\/uploads\/2026\/04\/VIGA-medine-prekybos-palapine-prekystalis.jpg","datePublished":"2026-04-07T06:21:18+00:00","dateModified":"2026-04-20T04:13:28+00:00","description":"VIGA medin\u0117 prekybos palapin\u0117 \/ prekystalis - KidsPlay. Did\u017eiausias vaik\u0173 \u017eaisl\u0173 pasirinkimas.","breadcrumb":{"@id":"https:\/\/kidsplay.lt\/produktas\/viga-medine-prekybos-palapine-prekystalis\/#breadcrumb"},"inLanguage":"lv-LV","potentialAction":[{"@type":"ReadAction","target":["https:\/\/kidsplay.lt\/produktas\/viga-medine-prekybos-palapine-prekystalis\/"]}]},{"@type":"ImageObject","inLanguage":"lv-LV","@id":"https:\/\/kidsplay.lt\/produktas\/viga-medine-prekybos-palapine-prekystalis\/#primaryimage","url":"https:\/\/kidsplay.lt\/wp-content\/uploads\/2026\/04\/VIGA-medine-prekybos-palapine-prekystalis.jpg","contentUrl":"https:\/\/kidsplay.lt\/wp-content\/uploads\/2026\/04\/VIGA-medine-prekybos-palapine-prekystalis.jpg","width":2500,"height":2500,"caption":"VIGA medin\u0117 prekybos palapin\u0117 \/ prekystalis"},{"@type":"BreadcrumbList","@id":"https:\/\/kidsplay.lt\/produktas\/viga-medine-prekybos-palapine-prekystalis\/#breadcrumb","itemListElement":[{"@type":"ListItem","position":1,"name":"Pagrindinis","item":"https:\/\/kidsplay.lt\/"},{"@type":"ListItem","position":2,"name":"Parduotuv\u0117","item":"https:\/\/kidsplay.lt\/parduotuve\/"},{"@type":"ListItem","position":3,"name":"VIGA medin\u0117 prekybos palapin\u0117 \/ prekystalis"}]},{"@type":"WebSite","@id":"https:\/\/kidsplay.lt\/#website","url":"https:\/\/kidsplay.lt\/","name":"B\u0113rnu sp\u0113les.lv","description":"\u012evairios prek\u0117s vaikams","publisher":{"@id":"https:\/\/kidsplay.lt\/#organization"},"alternateName":"Kidsplay","potentialAction":[{"@type":"SearchAction","target":{"@type":"EntryPoint","urlTemplate":"https:\/\/kidsplay.lt\/?s={search_term_string}"},"query-input":{"@type":"PropertyValueSpecification","valueRequired":true,"valueName":"search_term_string"}}],"inLanguage":"lv-LV"},{"@type":"Organization","@id":"https:\/\/kidsplay.lt\/#organization","name":"B\u0113rnu sp\u0113le","url":"https:\/\/kidsplay.lt\/","logo":{"@type":"ImageObject","inLanguage":"lv-LV","@id":"https:\/\/kidsplay.lt\/#\/schema\/logo\/image\/","url":"https:\/\/kidsplay.lt\/wp-content\/uploads\/2023\/07\/kidsplay-logo.png","contentUrl":"https:\/\/kidsplay.lt\/wp-content\/uploads\/2023\/07\/kidsplay-logo.png","width":451,"height":98,"caption":"KidsPlay"},"image":{"@id":"https:\/\/kidsplay.lt\/#\/schema\/logo\/image\/"},"sameAs":["https:\/\/www.facebook.com\/www.kidsplay.lt"]}]}},"_links":{"self":[{"href":"https:\/\/kidsplay.lt\/lv\/wp-json\/wp\/v2\/product\/102663","targetHints":{"allow":["GET"]}}],"collection":[{"href":"https:\/\/kidsplay.lt\/lv\/wp-json\/wp\/v2\/product"}],"about":[{"href":"https:\/\/kidsplay.lt\/lv\/wp-json\/wp\/v2\/types\/product"}],"version-history":[{"count":1,"href":"https:\/\/kidsplay.lt\/lv\/wp-json\/wp\/v2\/product\/102663\/revisions"}],"predecessor-version":[{"id":102664,"href":"https:\/\/kidsplay.lt\/lv\/wp-json\/wp\/v2\/product\/102663\/revisions\/102664"}],"wp:featuredmedia":[{"embeddable":true,"href":"https:\/\/kidsplay.lt\/lv\/wp-json\/wp\/v2\/media\/102665"}],"wp:attachment":[{"href":"https:\/\/kidsplay.lt\/lv\/wp-json\/wp\/v2\/media?parent=102663"}],"wp:term":[{"taxonomy":"product_brand","embeddable":true,"href":"https:\/\/kidsplay.lt\/lv\/wp-json\/wp\/v2\/product_brand?post=102663"},{"taxonomy":"product_cat","embeddable":true,"href":"https:\/\/kidsplay.lt\/lv\/wp-json\/wp\/v2\/product_cat?post=102663"},{"taxonomy":"product_tag","embeddable":true,"href":"https:\/\/kidsplay.lt\/lv\/wp-json\/wp\/v2\/product_tag?post=102663"}],"curies":[{"name":"wp","href":"https:\/\/api.w.org\/{rel}","templated":true}]}}