{"id":102668,"date":"2026-04-07T09:21:33","date_gmt":"2026-04-07T06:21:33","guid":{"rendered":"https:\/\/kidsplay.lt\/produktas\/viga-medinis-parduotuves-svarstykles-rinkinys\/"},"modified":"2026-04-07T09:21:49","modified_gmt":"2026-04-07T06:21:49","slug":"viga-medinis-parduotuves-svarstykles-rinkinys","status":"publish","type":"product","link":"https:\/\/kidsplay.lt\/lv\/product\/viga-medinis-parduotuves-svarstykles-rinkinys\/","title":{"rendered":"VIGA medinis parduotuv\u0117s svarstykl\u0117s rinkinys"},"content":{"rendered":"<p>Viga medin\u0117s parduotuv\u0117s svarstykl\u0117s yra vienas i\u0161 pagrindini\u0173 \u017eaisl\u0173, leid\u017eian\u010di\u0173 vaikui \u012fsitraukti \u012f \u012fdom\u0173 ir k\u016brybi\u0161k\u0105 \u017eaidim\u0105. \u0160ios svarstykl\u0117s supa\u017eindins vaik\u0105 su pardav\u0117jo vaidmeniu, taip pat pad\u0117s lavinti rank\u0173 judesi\u0173 tikslum\u0105 ir pagerinti rank\u0173 ir aki\u0173 koordinacij\u0105. Jos yra b\u016btinas elementas \u017eaid\u017eiant parduotuv\u0119, padedantis sverti vaisius ir dar\u017eoves. Tai privalumai, kuri\u0173 negali pakeisti joks kitas \u017eaislas. Spalvingos svarstykl\u0117s lavina vaizduot\u0119 ir fantazij\u0105, padeda suprasti pinig\u0173 vert\u0119 bei pagrindus matematikoje ir versle.<br \/>\n\u017daislas pagamintas i\u0161 auk\u0161tos kokyb\u0117s medienos, u\u017etikrinan\u010dios ilgaam\u017ei\u0161kum\u0105. Naudotos med\u017eiagos ir da\u017eai yra ekologi\u0161ki ir visi\u0161kai saug\u016bs.<br \/>\nFunkcijas:<\/p>\n<p> \tSvarstykl\u0117s leid\u017eia vaikui sverti \u017eaislinius maisto produktus<br \/>\n \tB\u016btinos parduotuv\u0117s \u017eaidimui<br \/>\n \tPagaminta i\u0161 auk\u0161tos kokyb\u0117s med\u017eiagos<br \/>\n \tNuda\u017eyta netoksi\u0161kais da\u017eais, saugu vaikams<\/p>","protected":false},"excerpt":{"rendered":"<p>Viga medin\u0117s parduotuv\u0117s svarstykl\u0117s yra vienas i\u0161 pagrindini\u0173 \u017eaisl\u0173, leid\u017eian\u010di\u0173 vaikui \u012fsitraukti \u012f \u012fdom\u0173 ir k\u016brybi\u0161k\u0105 \u017eaidim\u0105. \u0160ios svarstykl\u0117s supa\u017eindins<\/p>","protected":false},"featured_media":102670,"template":"","meta":{"_acf_changed":false,"_glsr_average":0,"_glsr_ranking":0,"_glsr_reviews":0},"product_brand":[],"product_cat":[893,399],"product_tag":[],"class_list":{"0":"post-102668","1":"product","2":"type-product","3":"status-publish","4":"has-post-thumbnail","6":"product_cat-parduotuves","7":"product_cat-vaidmenu-zaidimai-2","8":"\"style=\"background-color: #2ecc711c;\"","10":"first","11":"instock","12":"purchasable","13":"product-type-simple"},"acf":[],"yoast_head":"<!-- This site is optimized with the Yoast SEO plugin v27.3 - https:\/\/yoast.com\/product\/yoast-seo-wordpress\/ -->\n<title>VIGA medinis parduotuv\u0117s svarstykl\u0117s rinkinys<\/title>\n<meta name=\"description\" content=\"VIGA medinis parduotuv\u0117s svarstykl\u0117s rinkinys - KidsPlay. Did\u017eiausias vaik\u0173 \u017eaisl\u0173 pasirinkimas.\" \/>\n<meta name=\"robots\" content=\"index, follow, max-snippet:-1, max-image-preview:large, max-video-preview:-1\" \/>\n<link rel=\"canonical\" href=\"https:\/\/kidsplay.lt\/lv\/product\/viga-medinis-parduotuves-svarstykles-rinkinys\/\" \/>\n<meta property=\"og:locale\" content=\"lv_LV\" \/>\n<meta property=\"og:type\" content=\"article\" \/>\n<meta property=\"og:title\" content=\"VIGA medinis parduotuv\u0117s svarstykl\u0117s rinkinys\" \/>\n<meta property=\"og:description\" content=\"VIGA medinis parduotuv\u0117s svarstykl\u0117s rinkinys - KidsPlay. Did\u017eiausias vaik\u0173 \u017eaisl\u0173 pasirinkimas.\" \/>\n<meta property=\"og:url\" content=\"https:\/\/kidsplay.lt\/lv\/product\/viga-medinis-parduotuves-svarstykles-rinkinys\/\" \/>\n<meta property=\"og:site_name\" content=\"KidsPlay\" \/>\n<meta property=\"article:publisher\" content=\"https:\/\/www.facebook.com\/www.kidsplay.lt\" \/>\n<meta property=\"article:modified_time\" content=\"2026-04-07T06:21:49+00:00\" \/>\n<meta property=\"og:image\" content=\"https:\/\/kidsplay.lt\/wp-content\/uploads\/2026\/04\/VIGA-medinis-parduotuves-svarstykles-rinkinys.jpg\" \/>\n\t<meta property=\"og:image:width\" content=\"1872\" \/>\n\t<meta property=\"og:image:height\" content=\"1872\" \/>\n\t<meta property=\"og:image:type\" content=\"image\/jpeg\" \/>\n<meta name=\"twitter:card\" content=\"summary_large_image\" \/>\n<meta name=\"twitter:label1\" content=\"Est. reading time\" \/>\n\t<meta name=\"twitter:data1\" content=\"1 min\u016bte\" \/>\n<script type=\"application\/ld+json\" class=\"yoast-schema-graph\">{\"@context\":\"https:\\\/\\\/schema.org\",\"@graph\":[{\"@type\":\"WebPage\",\"@id\":\"https:\\\/\\\/kidsplay.lt\\\/produktas\\\/viga-medinis-parduotuves-svarstykles-rinkinys\\\/\",\"url\":\"https:\\\/\\\/kidsplay.lt\\\/produktas\\\/viga-medinis-parduotuves-svarstykles-rinkinys\\\/\",\"name\":\"VIGA medinis parduotuv\u0117s svarstykl\u0117s rinkinys\",\"isPartOf\":{\"@id\":\"https:\\\/\\\/kidsplay.lt\\\/#website\"},\"primaryImageOfPage\":{\"@id\":\"https:\\\/\\\/kidsplay.lt\\\/produktas\\\/viga-medinis-parduotuves-svarstykles-rinkinys\\\/#primaryimage\"},\"image\":{\"@id\":\"https:\\\/\\\/kidsplay.lt\\\/produktas\\\/viga-medinis-parduotuves-svarstykles-rinkinys\\\/#primaryimage\"},\"thumbnailUrl\":\"https:\\\/\\\/kidsplay.lt\\\/wp-content\\\/uploads\\\/2026\\\/04\\\/VIGA-medinis-parduotuves-svarstykles-rinkinys.jpg\",\"datePublished\":\"2026-04-07T06:21:33+00:00\",\"dateModified\":\"2026-04-07T06:21:49+00:00\",\"description\":\"VIGA medinis parduotuv\u0117s svarstykl\u0117s rinkinys - KidsPlay. Did\u017eiausias vaik\u0173 \u017eaisl\u0173 pasirinkimas.\",\"breadcrumb\":{\"@id\":\"https:\\\/\\\/kidsplay.lt\\\/produktas\\\/viga-medinis-parduotuves-svarstykles-rinkinys\\\/#breadcrumb\"},\"inLanguage\":\"lv-LV\",\"potentialAction\":[{\"@type\":\"ReadAction\",\"target\":[\"https:\\\/\\\/kidsplay.lt\\\/produktas\\\/viga-medinis-parduotuves-svarstykles-rinkinys\\\/\"]}]},{\"@type\":\"ImageObject\",\"inLanguage\":\"lv-LV\",\"@id\":\"https:\\\/\\\/kidsplay.lt\\\/produktas\\\/viga-medinis-parduotuves-svarstykles-rinkinys\\\/#primaryimage\",\"url\":\"https:\\\/\\\/kidsplay.lt\\\/wp-content\\\/uploads\\\/2026\\\/04\\\/VIGA-medinis-parduotuves-svarstykles-rinkinys.jpg\",\"contentUrl\":\"https:\\\/\\\/kidsplay.lt\\\/wp-content\\\/uploads\\\/2026\\\/04\\\/VIGA-medinis-parduotuves-svarstykles-rinkinys.jpg\",\"width\":1872,\"height\":1872,\"caption\":\"VIGA medinis parduotuv\u0117s svarstykl\u0117s rinkinys\"},{\"@type\":\"BreadcrumbList\",\"@id\":\"https:\\\/\\\/kidsplay.lt\\\/produktas\\\/viga-medinis-parduotuves-svarstykles-rinkinys\\\/#breadcrumb\",\"itemListElement\":[{\"@type\":\"ListItem\",\"position\":1,\"name\":\"Pagrindinis\",\"item\":\"https:\\\/\\\/kidsplay.lt\\\/\"},{\"@type\":\"ListItem\",\"position\":2,\"name\":\"Parduotuv\u0117\",\"item\":\"https:\\\/\\\/kidsplay.lt\\\/parduotuve\\\/\"},{\"@type\":\"ListItem\",\"position\":3,\"name\":\"VIGA medinis parduotuv\u0117s svarstykl\u0117s rinkinys\"}]},{\"@type\":\"WebSite\",\"@id\":\"https:\\\/\\\/kidsplay.lt\\\/#website\",\"url\":\"https:\\\/\\\/kidsplay.lt\\\/\",\"name\":\"Kidsplay.lt\",\"description\":\"\u012evairios prek\u0117s vaikams\",\"publisher\":{\"@id\":\"https:\\\/\\\/kidsplay.lt\\\/#organization\"},\"alternateName\":\"Kidsplay\",\"potentialAction\":[{\"@type\":\"SearchAction\",\"target\":{\"@type\":\"EntryPoint\",\"urlTemplate\":\"https:\\\/\\\/kidsplay.lt\\\/?s={search_term_string}\"},\"query-input\":{\"@type\":\"PropertyValueSpecification\",\"valueRequired\":true,\"valueName\":\"search_term_string\"}}],\"inLanguage\":\"lv-LV\"},{\"@type\":\"Organization\",\"@id\":\"https:\\\/\\\/kidsplay.lt\\\/#organization\",\"name\":\"KidsPlay\",\"url\":\"https:\\\/\\\/kidsplay.lt\\\/\",\"logo\":{\"@type\":\"ImageObject\",\"inLanguage\":\"lv-LV\",\"@id\":\"https:\\\/\\\/kidsplay.lt\\\/#\\\/schema\\\/logo\\\/image\\\/\",\"url\":\"https:\\\/\\\/kidsplay.lt\\\/wp-content\\\/uploads\\\/2023\\\/07\\\/kidsplay-logo.png\",\"contentUrl\":\"https:\\\/\\\/kidsplay.lt\\\/wp-content\\\/uploads\\\/2023\\\/07\\\/kidsplay-logo.png\",\"width\":451,\"height\":98,\"caption\":\"KidsPlay\"},\"image\":{\"@id\":\"https:\\\/\\\/kidsplay.lt\\\/#\\\/schema\\\/logo\\\/image\\\/\"},\"sameAs\":[\"https:\\\/\\\/www.facebook.com\\\/www.kidsplay.lt\"]}]}<\/script>\n<!-- \/ Yoast SEO plugin. -->","yoast_head_json":{"title":"VIGA medinis parduotuv\u0117s svarstykl\u0117s rinkinys","description":"VIGA medinis parduotuv\u0117s svarstykl\u0117s rinkinys - KidsPlay. Did\u017eiausias vaik\u0173 \u017eaisl\u0173 pasirinkimas.","robots":{"index":"index","follow":"follow","max-snippet":"max-snippet:-1","max-image-preview":"max-image-preview:large","max-video-preview":"max-video-preview:-1"},"canonical":"https:\/\/kidsplay.lt\/lv\/product\/viga-medinis-parduotuves-svarstykles-rinkinys\/","og_locale":"lv_LV","og_type":"article","og_title":"VIGA medinis parduotuv\u0117s svarstykl\u0117s rinkinys","og_description":"VIGA medinis parduotuv\u0117s svarstykl\u0117s rinkinys - KidsPlay. Did\u017eiausias vaik\u0173 \u017eaisl\u0173 pasirinkimas.","og_url":"https:\/\/kidsplay.lt\/lv\/product\/viga-medinis-parduotuves-svarstykles-rinkinys\/","og_site_name":"KidsPlay","article_publisher":"https:\/\/www.facebook.com\/www.kidsplay.lt","article_modified_time":"2026-04-07T06:21:49+00:00","og_image":[{"width":1872,"height":1872,"url":"https:\/\/kidsplay.lt\/wp-content\/uploads\/2026\/04\/VIGA-medinis-parduotuves-svarstykles-rinkinys.jpg","type":"image\/jpeg"}],"twitter_card":"summary_large_image","twitter_misc":{"Est. reading time":"1 min\u016bte"},"schema":{"@context":"https:\/\/schema.org","@graph":[{"@type":"WebPage","@id":"https:\/\/kidsplay.lt\/produktas\/viga-medinis-parduotuves-svarstykles-rinkinys\/","url":"https:\/\/kidsplay.lt\/produktas\/viga-medinis-parduotuves-svarstykles-rinkinys\/","name":"VIGA medinis parduotuv\u0117s svarstykl\u0117s rinkinys","isPartOf":{"@id":"https:\/\/kidsplay.lt\/#website"},"primaryImageOfPage":{"@id":"https:\/\/kidsplay.lt\/produktas\/viga-medinis-parduotuves-svarstykles-rinkinys\/#primaryimage"},"image":{"@id":"https:\/\/kidsplay.lt\/produktas\/viga-medinis-parduotuves-svarstykles-rinkinys\/#primaryimage"},"thumbnailUrl":"https:\/\/kidsplay.lt\/wp-content\/uploads\/2026\/04\/VIGA-medinis-parduotuves-svarstykles-rinkinys.jpg","datePublished":"2026-04-07T06:21:33+00:00","dateModified":"2026-04-07T06:21:49+00:00","description":"VIGA medinis parduotuv\u0117s svarstykl\u0117s rinkinys - KidsPlay. Did\u017eiausias vaik\u0173 \u017eaisl\u0173 pasirinkimas.","breadcrumb":{"@id":"https:\/\/kidsplay.lt\/produktas\/viga-medinis-parduotuves-svarstykles-rinkinys\/#breadcrumb"},"inLanguage":"lv-LV","potentialAction":[{"@type":"ReadAction","target":["https:\/\/kidsplay.lt\/produktas\/viga-medinis-parduotuves-svarstykles-rinkinys\/"]}]},{"@type":"ImageObject","inLanguage":"lv-LV","@id":"https:\/\/kidsplay.lt\/produktas\/viga-medinis-parduotuves-svarstykles-rinkinys\/#primaryimage","url":"https:\/\/kidsplay.lt\/wp-content\/uploads\/2026\/04\/VIGA-medinis-parduotuves-svarstykles-rinkinys.jpg","contentUrl":"https:\/\/kidsplay.lt\/wp-content\/uploads\/2026\/04\/VIGA-medinis-parduotuves-svarstykles-rinkinys.jpg","width":1872,"height":1872,"caption":"VIGA medinis parduotuv\u0117s svarstykl\u0117s rinkinys"},{"@type":"BreadcrumbList","@id":"https:\/\/kidsplay.lt\/produktas\/viga-medinis-parduotuves-svarstykles-rinkinys\/#breadcrumb","itemListElement":[{"@type":"ListItem","position":1,"name":"Pagrindinis","item":"https:\/\/kidsplay.lt\/"},{"@type":"ListItem","position":2,"name":"Parduotuv\u0117","item":"https:\/\/kidsplay.lt\/parduotuve\/"},{"@type":"ListItem","position":3,"name":"VIGA medinis parduotuv\u0117s svarstykl\u0117s rinkinys"}]},{"@type":"WebSite","@id":"https:\/\/kidsplay.lt\/#website","url":"https:\/\/kidsplay.lt\/","name":"B\u0113rnu sp\u0113les.lv","description":"\u012evairios prek\u0117s vaikams","publisher":{"@id":"https:\/\/kidsplay.lt\/#organization"},"alternateName":"Kidsplay","potentialAction":[{"@type":"SearchAction","target":{"@type":"EntryPoint","urlTemplate":"https:\/\/kidsplay.lt\/?s={search_term_string}"},"query-input":{"@type":"PropertyValueSpecification","valueRequired":true,"valueName":"search_term_string"}}],"inLanguage":"lv-LV"},{"@type":"Organization","@id":"https:\/\/kidsplay.lt\/#organization","name":"B\u0113rnu sp\u0113le","url":"https:\/\/kidsplay.lt\/","logo":{"@type":"ImageObject","inLanguage":"lv-LV","@id":"https:\/\/kidsplay.lt\/#\/schema\/logo\/image\/","url":"https:\/\/kidsplay.lt\/wp-content\/uploads\/2023\/07\/kidsplay-logo.png","contentUrl":"https:\/\/kidsplay.lt\/wp-content\/uploads\/2023\/07\/kidsplay-logo.png","width":451,"height":98,"caption":"KidsPlay"},"image":{"@id":"https:\/\/kidsplay.lt\/#\/schema\/logo\/image\/"},"sameAs":["https:\/\/www.facebook.com\/www.kidsplay.lt"]}]}},"_links":{"self":[{"href":"https:\/\/kidsplay.lt\/lv\/wp-json\/wp\/v2\/product\/102668","targetHints":{"allow":["GET"]}}],"collection":[{"href":"https:\/\/kidsplay.lt\/lv\/wp-json\/wp\/v2\/product"}],"about":[{"href":"https:\/\/kidsplay.lt\/lv\/wp-json\/wp\/v2\/types\/product"}],"version-history":[{"count":1,"href":"https:\/\/kidsplay.lt\/lv\/wp-json\/wp\/v2\/product\/102668\/revisions"}],"predecessor-version":[{"id":102669,"href":"https:\/\/kidsplay.lt\/lv\/wp-json\/wp\/v2\/product\/102668\/revisions\/102669"}],"wp:featuredmedia":[{"embeddable":true,"href":"https:\/\/kidsplay.lt\/lv\/wp-json\/wp\/v2\/media\/102670"}],"wp:attachment":[{"href":"https:\/\/kidsplay.lt\/lv\/wp-json\/wp\/v2\/media?parent=102668"}],"wp:term":[{"taxonomy":"product_brand","embeddable":true,"href":"https:\/\/kidsplay.lt\/lv\/wp-json\/wp\/v2\/product_brand?post=102668"},{"taxonomy":"product_cat","embeddable":true,"href":"https:\/\/kidsplay.lt\/lv\/wp-json\/wp\/v2\/product_cat?post=102668"},{"taxonomy":"product_tag","embeddable":true,"href":"https:\/\/kidsplay.lt\/lv\/wp-json\/wp\/v2\/product_tag?post=102668"}],"curies":[{"name":"wp","href":"https:\/\/api.w.org\/{rel}","templated":true}]}}