{"id":102680,"date":"2026-04-07T09:22:07","date_gmt":"2026-04-07T06:22:07","guid":{"rendered":"https:\/\/kidsplay.lt\/produktas\/viga-medinis-virtuves-orkaites-rinkinys-kepimui-saldiems-ir-suriems-patiekalams\/"},"modified":"2026-04-18T18:30:12","modified_gmt":"2026-04-18T15:30:12","slug":"viga-medinis-virtuves-orkaites-rinkinys-kepimui-saldiems-ir-suriems-patiekalams","status":"publish","type":"product","link":"https:\/\/kidsplay.lt\/lv\/products\/viga-medinis-virtuves-orkaites-rinkinys-kepimui-saldiems-ir-suriems-patiekalams\/","title":{"rendered":"VIGA koka virtuves cepe\u0161kr\u0101sns komplekts cep\u0161anai - saldiem un s\u0101\u013ciem \u0113dieniem"},"content":{"rendered":"<p>Leiskite savo vaikui tapti tikru \u0161efu su \u017eavingu mediniu sald\u017ei\u0173 ir s\u016bri\u0173 patiekal\u0173 kepimo rinkiniu i\u0161 VIGA! \u0160is inovatyvus rinkinys, sukurtas kaip moderni skrudintuvas\/orkait\u0117 madingos \u017ealios spalvos, puikiai tinka vaidmen\u0173 \u017eaidimams virtuv\u0117je. Rinkin\u012f sudaro 12 realisti\u0161k\u0173 medini\u0173 maisto aksesuar\u0173, \u012fskaitant skanius sausainius, mini pic\u0105 (supjaustyt\u0105 \u012f 4 gabal\u0117lius), de\u0161rel\u0119 ir vi\u0161tienos blauzdel\u0119. Orkait\u0117 turi atidarom\u0105 dangt\u012f, judan\u010dius mygtukus ir i\u0161traukiam\u0105 pad\u0117kl\u0105, tod\u0117l \u017eaidimas tampa itin autenti\u0161kas. Kepimas ir gaminimas ne tik suteikia daug pramogos, bet ir intensyviai lavina smulki\u0105j\u0105 motorik\u0105, rank\u0173 ir aki\u0173 koordinacij\u0105, k\u016brybi\u0161kum\u0105 bei socialin\u0119 s\u0105moningum\u0105. Su \u0161iuo rinkiniu vaikai gali imituoti suaugusius, mokytis patiekti ir dalintis maistu. Tai puikus papildymas bet kuriai medinei virtuvei, u\u017etikrinantis valandas saugaus ir lavinan\u010dio \u017eaidimo!<br \/>\nFunkcijas:<\/p>\n<p> \t\u017daislas vaikams nuo 3 met\u0173<br \/>\n \tOrkait\u0117 turi judan\u010dius mygtukus su laikma\u010dio funkcija ir atidarom\u0105 dangt\u012f su stiklu<br \/>\n \tPadeda vaidmen\u0173 \u017eaidimuose b\u016bti kep\u0117ju ar vir\u0117ju<\/p>\n<p>Komplekt\u0101 ietilpst:<\/p>\n<p> \tMedin\u0117 orkait\u0117\/skruduintuvas (\u017ealia\/kremin\u0117)<br \/>\n \tKepimo pad\u0117klas<br \/>\n \t12 aksesuar\u0173, \u012fskaitant:<\/p>\n<p> \t6 sausainiai (skirting\u0173 form\u0173 ir ra\u0161t\u0173)<br \/>\n \tMini pica (4 gabal\u0117liai)<br \/>\n \tDe\u0161rel\u0117<br \/>\n \tVi\u0161tienos blauzdel\u0117<\/p>","protected":false},"excerpt":{"rendered":"<p>Leiskite savo vaikui tapti tikru \u0161efu su \u017eavingu mediniu sald\u017ei\u0173 ir s\u016bri\u0173 patiekal\u0173 kepimo rinkiniu i\u0161 VIGA! \u0160is inovatyvus rinkinys,<\/p>","protected":false},"featured_media":102682,"template":"","meta":{"_acf_changed":false,"_glsr_average":0,"_glsr_ranking":0,"_glsr_reviews":0},"product_brand":[],"product_cat":[399,229],"product_tag":[],"class_list":{"0":"post-102680","1":"product","2":"type-product","3":"status-publish","4":"has-post-thumbnail","6":"product_cat-vaidmenu-zaidimai-2","7":"product_cat-zaislai-vaikams","8":"\"style=\"background-color: #2ecc711c;\"","10":"first","11":"instock","12":"purchasable","13":"product-type-simple"},"acf":[],"yoast_head":"<!-- This site is optimized with the Yoast SEO plugin v27.4 - https:\/\/yoast.com\/product\/yoast-seo-wordpress\/ -->\n<title>VIGA medinis virtuv\u0117s orkait\u0117s rinkinys kepimui \u2013 saldiems ir s\u016briems patiekalams<\/title>\n<meta name=\"description\" content=\"VIGA medinis virtuv\u0117s orkait\u0117s rinkinys kepimui \u2013 saldiems ir s\u016briems patiekalams - KidsPlay. Did\u017eiausias vaik\u0173 \u017eaisl\u0173 pasirinkimas.\" \/>\n<meta name=\"robots\" content=\"index, follow, max-snippet:-1, max-image-preview:large, max-video-preview:-1\" \/>\n<link rel=\"canonical\" href=\"https:\/\/kidsplay.lt\/lv\/products\/viga-medinis-virtuves-orkaites-rinkinys-kepimui-saldiems-ir-suriems-patiekalams\/\" \/>\n<meta property=\"og:locale\" content=\"lv_LV\" \/>\n<meta property=\"og:type\" content=\"article\" \/>\n<meta property=\"og:title\" content=\"VIGA medinis virtuv\u0117s orkait\u0117s rinkinys kepimui \u2013 saldiems ir s\u016briems patiekalams\" \/>\n<meta property=\"og:description\" content=\"VIGA medinis virtuv\u0117s orkait\u0117s rinkinys kepimui \u2013 saldiems ir s\u016briems patiekalams - KidsPlay. Did\u017eiausias vaik\u0173 \u017eaisl\u0173 pasirinkimas.\" \/>\n<meta property=\"og:url\" content=\"https:\/\/kidsplay.lt\/lv\/products\/viga-medinis-virtuves-orkaites-rinkinys-kepimui-saldiems-ir-suriems-patiekalams\/\" \/>\n<meta property=\"og:site_name\" content=\"KidsPlay\" \/>\n<meta property=\"article:publisher\" content=\"https:\/\/www.facebook.com\/www.kidsplay.lt\" \/>\n<meta property=\"article:modified_time\" content=\"2026-04-18T15:30:12+00:00\" \/>\n<meta property=\"og:image\" content=\"https:\/\/kidsplay.lt\/wp-content\/uploads\/2026\/04\/VIGA-medinis-virtuves-orkaites-rinkinys-kepimui-\u2013-saldiems-ir-suriems-patiekalams.jpg\" \/>\n\t<meta property=\"og:image:width\" content=\"1000\" \/>\n\t<meta property=\"og:image:height\" content=\"1000\" \/>\n\t<meta property=\"og:image:type\" content=\"image\/jpeg\" \/>\n<meta name=\"twitter:card\" content=\"summary_large_image\" \/>\n<meta name=\"twitter:label1\" content=\"Est. reading time\" \/>\n\t<meta name=\"twitter:data1\" content=\"1 min\u016bte\" \/>\n<script type=\"application\/ld+json\" class=\"yoast-schema-graph\">{\"@context\":\"https:\\\/\\\/schema.org\",\"@graph\":[{\"@type\":\"WebPage\",\"@id\":\"https:\\\/\\\/kidsplay.lt\\\/produktas\\\/viga-medinis-virtuves-orkaites-rinkinys-kepimui-saldiems-ir-suriems-patiekalams\\\/\",\"url\":\"https:\\\/\\\/kidsplay.lt\\\/produktas\\\/viga-medinis-virtuves-orkaites-rinkinys-kepimui-saldiems-ir-suriems-patiekalams\\\/\",\"name\":\"VIGA medinis virtuv\u0117s orkait\u0117s rinkinys kepimui \u2013 saldiems ir s\u016briems patiekalams\",\"isPartOf\":{\"@id\":\"https:\\\/\\\/kidsplay.lt\\\/#website\"},\"primaryImageOfPage\":{\"@id\":\"https:\\\/\\\/kidsplay.lt\\\/produktas\\\/viga-medinis-virtuves-orkaites-rinkinys-kepimui-saldiems-ir-suriems-patiekalams\\\/#primaryimage\"},\"image\":{\"@id\":\"https:\\\/\\\/kidsplay.lt\\\/produktas\\\/viga-medinis-virtuves-orkaites-rinkinys-kepimui-saldiems-ir-suriems-patiekalams\\\/#primaryimage\"},\"thumbnailUrl\":\"https:\\\/\\\/kidsplay.lt\\\/wp-content\\\/uploads\\\/2026\\\/04\\\/VIGA-medinis-virtuves-orkaites-rinkinys-kepimui-\u2013-saldiems-ir-suriems-patiekalams.jpg\",\"datePublished\":\"2026-04-07T06:22:07+00:00\",\"dateModified\":\"2026-04-18T15:30:12+00:00\",\"description\":\"VIGA medinis virtuv\u0117s orkait\u0117s rinkinys kepimui \u2013 saldiems ir s\u016briems patiekalams - KidsPlay. Did\u017eiausias vaik\u0173 \u017eaisl\u0173 pasirinkimas.\",\"breadcrumb\":{\"@id\":\"https:\\\/\\\/kidsplay.lt\\\/produktas\\\/viga-medinis-virtuves-orkaites-rinkinys-kepimui-saldiems-ir-suriems-patiekalams\\\/#breadcrumb\"},\"inLanguage\":\"lv-LV\",\"potentialAction\":[{\"@type\":\"ReadAction\",\"target\":[\"https:\\\/\\\/kidsplay.lt\\\/produktas\\\/viga-medinis-virtuves-orkaites-rinkinys-kepimui-saldiems-ir-suriems-patiekalams\\\/\"]}]},{\"@type\":\"ImageObject\",\"inLanguage\":\"lv-LV\",\"@id\":\"https:\\\/\\\/kidsplay.lt\\\/produktas\\\/viga-medinis-virtuves-orkaites-rinkinys-kepimui-saldiems-ir-suriems-patiekalams\\\/#primaryimage\",\"url\":\"https:\\\/\\\/kidsplay.lt\\\/wp-content\\\/uploads\\\/2026\\\/04\\\/VIGA-medinis-virtuves-orkaites-rinkinys-kepimui-\u2013-saldiems-ir-suriems-patiekalams.jpg\",\"contentUrl\":\"https:\\\/\\\/kidsplay.lt\\\/wp-content\\\/uploads\\\/2026\\\/04\\\/VIGA-medinis-virtuves-orkaites-rinkinys-kepimui-\u2013-saldiems-ir-suriems-patiekalams.jpg\",\"width\":1000,\"height\":1000,\"caption\":\"VIGA medinis virtuv\u0117s orkait\u0117s rinkinys kepimui \u2013 saldiems ir s\u016briems patiekalams\"},{\"@type\":\"BreadcrumbList\",\"@id\":\"https:\\\/\\\/kidsplay.lt\\\/produktas\\\/viga-medinis-virtuves-orkaites-rinkinys-kepimui-saldiems-ir-suriems-patiekalams\\\/#breadcrumb\",\"itemListElement\":[{\"@type\":\"ListItem\",\"position\":1,\"name\":\"Pagrindinis\",\"item\":\"https:\\\/\\\/kidsplay.lt\\\/\"},{\"@type\":\"ListItem\",\"position\":2,\"name\":\"Parduotuv\u0117\",\"item\":\"https:\\\/\\\/kidsplay.lt\\\/parduotuve\\\/\"},{\"@type\":\"ListItem\",\"position\":3,\"name\":\"VIGA medinis virtuv\u0117s orkait\u0117s rinkinys kepimui \u2013 saldiems ir s\u016briems patiekalams\"}]},{\"@type\":\"WebSite\",\"@id\":\"https:\\\/\\\/kidsplay.lt\\\/#website\",\"url\":\"https:\\\/\\\/kidsplay.lt\\\/\",\"name\":\"Kidsplay.lt\",\"description\":\"\u012evairios prek\u0117s vaikams\",\"publisher\":{\"@id\":\"https:\\\/\\\/kidsplay.lt\\\/#organization\"},\"alternateName\":\"Kidsplay\",\"potentialAction\":[{\"@type\":\"SearchAction\",\"target\":{\"@type\":\"EntryPoint\",\"urlTemplate\":\"https:\\\/\\\/kidsplay.lt\\\/?s={search_term_string}\"},\"query-input\":{\"@type\":\"PropertyValueSpecification\",\"valueRequired\":true,\"valueName\":\"search_term_string\"}}],\"inLanguage\":\"lv-LV\"},{\"@type\":\"Organization\",\"@id\":\"https:\\\/\\\/kidsplay.lt\\\/#organization\",\"name\":\"KidsPlay\",\"url\":\"https:\\\/\\\/kidsplay.lt\\\/\",\"logo\":{\"@type\":\"ImageObject\",\"inLanguage\":\"lv-LV\",\"@id\":\"https:\\\/\\\/kidsplay.lt\\\/#\\\/schema\\\/logo\\\/image\\\/\",\"url\":\"https:\\\/\\\/kidsplay.lt\\\/wp-content\\\/uploads\\\/2023\\\/07\\\/kidsplay-logo.png\",\"contentUrl\":\"https:\\\/\\\/kidsplay.lt\\\/wp-content\\\/uploads\\\/2023\\\/07\\\/kidsplay-logo.png\",\"width\":451,\"height\":98,\"caption\":\"KidsPlay\"},\"image\":{\"@id\":\"https:\\\/\\\/kidsplay.lt\\\/#\\\/schema\\\/logo\\\/image\\\/\"},\"sameAs\":[\"https:\\\/\\\/www.facebook.com\\\/www.kidsplay.lt\"]}]}<\/script>\n<!-- \/ Yoast SEO plugin. -->","yoast_head_json":{"title":"VIGA koka virtuves cepe\u0161kr\u0101sns komplekts cep\u0161anai - saldiem un s\u0101\u013ciem \u0113dieniem","description":"VIGA medinis virtuv\u0117s orkait\u0117s rinkinys kepimui \u2013 saldiems ir s\u016briems patiekalams - KidsPlay. Did\u017eiausias vaik\u0173 \u017eaisl\u0173 pasirinkimas.","robots":{"index":"index","follow":"follow","max-snippet":"max-snippet:-1","max-image-preview":"max-image-preview:large","max-video-preview":"max-video-preview:-1"},"canonical":"https:\/\/kidsplay.lt\/lv\/products\/viga-medinis-virtuves-orkaites-rinkinys-kepimui-saldiems-ir-suriems-patiekalams\/","og_locale":"lv_LV","og_type":"article","og_title":"VIGA medinis virtuv\u0117s orkait\u0117s rinkinys kepimui \u2013 saldiems ir s\u016briems patiekalams","og_description":"VIGA medinis virtuv\u0117s orkait\u0117s rinkinys kepimui \u2013 saldiems ir s\u016briems patiekalams - KidsPlay. Did\u017eiausias vaik\u0173 \u017eaisl\u0173 pasirinkimas.","og_url":"https:\/\/kidsplay.lt\/lv\/products\/viga-medinis-virtuves-orkaites-rinkinys-kepimui-saldiems-ir-suriems-patiekalams\/","og_site_name":"KidsPlay","article_publisher":"https:\/\/www.facebook.com\/www.kidsplay.lt","article_modified_time":"2026-04-18T15:30:12+00:00","og_image":[{"width":1000,"height":1000,"url":"https:\/\/kidsplay.lt\/wp-content\/uploads\/2026\/04\/VIGA-medinis-virtuves-orkaites-rinkinys-kepimui-\u2013-saldiems-ir-suriems-patiekalams.jpg","type":"image\/jpeg"}],"twitter_card":"summary_large_image","twitter_misc":{"Est. reading time":"1 min\u016bte"},"schema":{"@context":"https:\/\/schema.org","@graph":[{"@type":"WebPage","@id":"https:\/\/kidsplay.lt\/produktas\/viga-medinis-virtuves-orkaites-rinkinys-kepimui-saldiems-ir-suriems-patiekalams\/","url":"https:\/\/kidsplay.lt\/produktas\/viga-medinis-virtuves-orkaites-rinkinys-kepimui-saldiems-ir-suriems-patiekalams\/","name":"VIGA koka virtuves cepe\u0161kr\u0101sns komplekts cep\u0161anai - saldiem un s\u0101\u013ciem \u0113dieniem","isPartOf":{"@id":"https:\/\/kidsplay.lt\/#website"},"primaryImageOfPage":{"@id":"https:\/\/kidsplay.lt\/produktas\/viga-medinis-virtuves-orkaites-rinkinys-kepimui-saldiems-ir-suriems-patiekalams\/#primaryimage"},"image":{"@id":"https:\/\/kidsplay.lt\/produktas\/viga-medinis-virtuves-orkaites-rinkinys-kepimui-saldiems-ir-suriems-patiekalams\/#primaryimage"},"thumbnailUrl":"https:\/\/kidsplay.lt\/wp-content\/uploads\/2026\/04\/VIGA-medinis-virtuves-orkaites-rinkinys-kepimui-\u2013-saldiems-ir-suriems-patiekalams.jpg","datePublished":"2026-04-07T06:22:07+00:00","dateModified":"2026-04-18T15:30:12+00:00","description":"VIGA medinis virtuv\u0117s orkait\u0117s rinkinys kepimui \u2013 saldiems ir s\u016briems patiekalams - KidsPlay. Did\u017eiausias vaik\u0173 \u017eaisl\u0173 pasirinkimas.","breadcrumb":{"@id":"https:\/\/kidsplay.lt\/produktas\/viga-medinis-virtuves-orkaites-rinkinys-kepimui-saldiems-ir-suriems-patiekalams\/#breadcrumb"},"inLanguage":"lv-LV","potentialAction":[{"@type":"ReadAction","target":["https:\/\/kidsplay.lt\/produktas\/viga-medinis-virtuves-orkaites-rinkinys-kepimui-saldiems-ir-suriems-patiekalams\/"]}]},{"@type":"ImageObject","inLanguage":"lv-LV","@id":"https:\/\/kidsplay.lt\/produktas\/viga-medinis-virtuves-orkaites-rinkinys-kepimui-saldiems-ir-suriems-patiekalams\/#primaryimage","url":"https:\/\/kidsplay.lt\/wp-content\/uploads\/2026\/04\/VIGA-medinis-virtuves-orkaites-rinkinys-kepimui-\u2013-saldiems-ir-suriems-patiekalams.jpg","contentUrl":"https:\/\/kidsplay.lt\/wp-content\/uploads\/2026\/04\/VIGA-medinis-virtuves-orkaites-rinkinys-kepimui-\u2013-saldiems-ir-suriems-patiekalams.jpg","width":1000,"height":1000,"caption":"VIGA medinis virtuv\u0117s orkait\u0117s rinkinys kepimui \u2013 saldiems ir s\u016briems patiekalams"},{"@type":"BreadcrumbList","@id":"https:\/\/kidsplay.lt\/produktas\/viga-medinis-virtuves-orkaites-rinkinys-kepimui-saldiems-ir-suriems-patiekalams\/#breadcrumb","itemListElement":[{"@type":"ListItem","position":1,"name":"Pagrindinis","item":"https:\/\/kidsplay.lt\/"},{"@type":"ListItem","position":2,"name":"Parduotuv\u0117","item":"https:\/\/kidsplay.lt\/parduotuve\/"},{"@type":"ListItem","position":3,"name":"VIGA medinis virtuv\u0117s orkait\u0117s rinkinys kepimui \u2013 saldiems ir s\u016briems patiekalams"}]},{"@type":"WebSite","@id":"https:\/\/kidsplay.lt\/#website","url":"https:\/\/kidsplay.lt\/","name":"B\u0113rnu sp\u0113les.lv","description":"\u012evairios prek\u0117s vaikams","publisher":{"@id":"https:\/\/kidsplay.lt\/#organization"},"alternateName":"Kidsplay","potentialAction":[{"@type":"SearchAction","target":{"@type":"EntryPoint","urlTemplate":"https:\/\/kidsplay.lt\/?s={search_term_string}"},"query-input":{"@type":"PropertyValueSpecification","valueRequired":true,"valueName":"search_term_string"}}],"inLanguage":"lv-LV"},{"@type":"Organization","@id":"https:\/\/kidsplay.lt\/#organization","name":"B\u0113rnu sp\u0113le","url":"https:\/\/kidsplay.lt\/","logo":{"@type":"ImageObject","inLanguage":"lv-LV","@id":"https:\/\/kidsplay.lt\/#\/schema\/logo\/image\/","url":"https:\/\/kidsplay.lt\/wp-content\/uploads\/2023\/07\/kidsplay-logo.png","contentUrl":"https:\/\/kidsplay.lt\/wp-content\/uploads\/2023\/07\/kidsplay-logo.png","width":451,"height":98,"caption":"KidsPlay"},"image":{"@id":"https:\/\/kidsplay.lt\/#\/schema\/logo\/image\/"},"sameAs":["https:\/\/www.facebook.com\/www.kidsplay.lt"]}]}},"_links":{"self":[{"href":"https:\/\/kidsplay.lt\/lv\/wp-json\/wp\/v2\/product\/102680","targetHints":{"allow":["GET"]}}],"collection":[{"href":"https:\/\/kidsplay.lt\/lv\/wp-json\/wp\/v2\/product"}],"about":[{"href":"https:\/\/kidsplay.lt\/lv\/wp-json\/wp\/v2\/types\/product"}],"version-history":[{"count":1,"href":"https:\/\/kidsplay.lt\/lv\/wp-json\/wp\/v2\/product\/102680\/revisions"}],"predecessor-version":[{"id":102681,"href":"https:\/\/kidsplay.lt\/lv\/wp-json\/wp\/v2\/product\/102680\/revisions\/102681"}],"wp:featuredmedia":[{"embeddable":true,"href":"https:\/\/kidsplay.lt\/lv\/wp-json\/wp\/v2\/media\/102682"}],"wp:attachment":[{"href":"https:\/\/kidsplay.lt\/lv\/wp-json\/wp\/v2\/media?parent=102680"}],"wp:term":[{"taxonomy":"product_brand","embeddable":true,"href":"https:\/\/kidsplay.lt\/lv\/wp-json\/wp\/v2\/product_brand?post=102680"},{"taxonomy":"product_cat","embeddable":true,"href":"https:\/\/kidsplay.lt\/lv\/wp-json\/wp\/v2\/product_cat?post=102680"},{"taxonomy":"product_tag","embeddable":true,"href":"https:\/\/kidsplay.lt\/lv\/wp-json\/wp\/v2\/product_tag?post=102680"}],"curies":[{"name":"wp","href":"https:\/\/api.w.org\/{rel}","templated":true}]}}