{"id":102687,"date":"2026-04-07T09:22:29","date_gmt":"2026-04-07T06:22:29","guid":{"rendered":"https:\/\/kidsplay.lt\/produktas\/viga-virtuves-rinkinys-su-kepimo-pirstine\/"},"modified":"2026-04-13T13:42:15","modified_gmt":"2026-04-13T10:42:15","slug":"viga-virtuves-rinkinys-su-kepimo-pirstine","status":"publish","type":"product","link":"https:\/\/kidsplay.lt\/lv\/products\/viga-virtuves-rinkinys-su-kepimo-pirstine\/","title":{"rendered":"VIGA virtuves komplekts ar cepe\u0161kr\u0101sns cimdu"},"content":{"rendered":"<p>VIGA virtuv\u0117s rinkinys yra puikus \u017eaidim\u0173 rinkinys vaikams, leid\u017eiantis ruo\u0161ti smagius patiekalus \u0161eimai ir draugams. Jis skatina vaizduot\u0119, k\u016brybi\u0161k\u0105 \u017eaidim\u0105 bei rank\u0173 ir aki\u0173 koordinacij\u0105. Rinkin\u012f sudaro puodas su dang\u010diu, keptuv\u0117 su kiau\u0161iniu, du prieskoni\u0173 indeliai, mentel\u0117, \u0161auk\u0161tas ir kepimo pir\u0161tin\u0117.<br \/>\nFunkcijas:<\/p>\n<p> \t\u017daislas vaikams nuo 3 met\u0173<br \/>\n \tPagaminta i\u0161 auk\u0161\u010diausios kokyb\u0117s medienos<br \/>\n \tNuda\u017eyta netoksi\u0161kais da\u017eais<br \/>\n \tPuikus papildymas kiekvienos ma\u017eos \u0161eiminink\u0117s virtuv\u0117s rinkiniui<\/p>","protected":false},"excerpt":{"rendered":"<p>VIGA virtuv\u0117s rinkinys yra puikus \u017eaidim\u0173 rinkinys vaikams, leid\u017eiantis ruo\u0161ti smagius patiekalus \u0161eimai ir draugams. Jis skatina vaizduot\u0119, k\u016brybi\u0161k\u0105 \u017eaidim\u0105<\/p>","protected":false},"featured_media":102689,"template":"","meta":{"_acf_changed":false,"_glsr_average":0,"_glsr_ranking":0,"_glsr_reviews":0},"product_brand":[],"product_cat":[399,229],"product_tag":[],"class_list":{"0":"post-102687","1":"product","2":"type-product","3":"status-publish","4":"has-post-thumbnail","6":"product_cat-vaidmenu-zaidimai-2","7":"product_cat-zaislai-vaikams","8":"\"style=\"background-color: #2ecc711c;\"","10":"first","11":"instock","12":"purchasable","13":"product-type-simple"},"acf":[],"yoast_head":"<!-- This site is optimized with the Yoast SEO plugin v27.3 - https:\/\/yoast.com\/product\/yoast-seo-wordpress\/ -->\n<title>VIGA virtuv\u0117s rinkinys su kepimo pir\u0161tine<\/title>\n<meta name=\"description\" content=\"VIGA virtuv\u0117s rinkinys su kepimo pir\u0161tine - KidsPlay. Did\u017eiausias vaik\u0173 \u017eaisl\u0173 pasirinkimas.\" \/>\n<meta name=\"robots\" content=\"index, follow, max-snippet:-1, max-image-preview:large, max-video-preview:-1\" \/>\n<link rel=\"canonical\" href=\"https:\/\/kidsplay.lt\/lv\/products\/viga-virtuves-rinkinys-su-kepimo-pirstine\/\" \/>\n<meta property=\"og:locale\" content=\"lv_LV\" \/>\n<meta property=\"og:type\" content=\"article\" \/>\n<meta property=\"og:title\" content=\"VIGA virtuv\u0117s rinkinys su kepimo pir\u0161tine\" \/>\n<meta property=\"og:description\" content=\"VIGA virtuv\u0117s rinkinys su kepimo pir\u0161tine - KidsPlay. Did\u017eiausias vaik\u0173 \u017eaisl\u0173 pasirinkimas.\" \/>\n<meta property=\"og:url\" content=\"https:\/\/kidsplay.lt\/lv\/products\/viga-virtuves-rinkinys-su-kepimo-pirstine\/\" \/>\n<meta property=\"og:site_name\" content=\"KidsPlay\" \/>\n<meta property=\"article:publisher\" content=\"https:\/\/www.facebook.com\/www.kidsplay.lt\" \/>\n<meta property=\"article:modified_time\" content=\"2026-04-13T10:42:15+00:00\" \/>\n<meta property=\"og:image\" content=\"https:\/\/kidsplay.lt\/wp-content\/uploads\/2026\/04\/VIGA-virtuves-rinkinys-su-kepimo-pirstine.jpg\" \/>\n\t<meta property=\"og:image:width\" content=\"2560\" \/>\n\t<meta property=\"og:image:height\" content=\"2560\" \/>\n\t<meta property=\"og:image:type\" content=\"image\/jpeg\" \/>\n<meta name=\"twitter:card\" content=\"summary_large_image\" \/>\n<script type=\"application\/ld+json\" class=\"yoast-schema-graph\">{\"@context\":\"https:\\\/\\\/schema.org\",\"@graph\":[{\"@type\":\"WebPage\",\"@id\":\"https:\\\/\\\/kidsplay.lt\\\/produktas\\\/viga-virtuves-rinkinys-su-kepimo-pirstine\\\/\",\"url\":\"https:\\\/\\\/kidsplay.lt\\\/produktas\\\/viga-virtuves-rinkinys-su-kepimo-pirstine\\\/\",\"name\":\"VIGA virtuv\u0117s rinkinys su kepimo pir\u0161tine\",\"isPartOf\":{\"@id\":\"https:\\\/\\\/kidsplay.lt\\\/#website\"},\"primaryImageOfPage\":{\"@id\":\"https:\\\/\\\/kidsplay.lt\\\/produktas\\\/viga-virtuves-rinkinys-su-kepimo-pirstine\\\/#primaryimage\"},\"image\":{\"@id\":\"https:\\\/\\\/kidsplay.lt\\\/produktas\\\/viga-virtuves-rinkinys-su-kepimo-pirstine\\\/#primaryimage\"},\"thumbnailUrl\":\"https:\\\/\\\/kidsplay.lt\\\/wp-content\\\/uploads\\\/2026\\\/04\\\/VIGA-virtuves-rinkinys-su-kepimo-pirstine.jpg\",\"datePublished\":\"2026-04-07T06:22:29+00:00\",\"dateModified\":\"2026-04-13T10:42:15+00:00\",\"description\":\"VIGA virtuv\u0117s rinkinys su kepimo pir\u0161tine - KidsPlay. Did\u017eiausias vaik\u0173 \u017eaisl\u0173 pasirinkimas.\",\"breadcrumb\":{\"@id\":\"https:\\\/\\\/kidsplay.lt\\\/produktas\\\/viga-virtuves-rinkinys-su-kepimo-pirstine\\\/#breadcrumb\"},\"inLanguage\":\"lv-LV\",\"potentialAction\":[{\"@type\":\"ReadAction\",\"target\":[\"https:\\\/\\\/kidsplay.lt\\\/produktas\\\/viga-virtuves-rinkinys-su-kepimo-pirstine\\\/\"]}]},{\"@type\":\"ImageObject\",\"inLanguage\":\"lv-LV\",\"@id\":\"https:\\\/\\\/kidsplay.lt\\\/produktas\\\/viga-virtuves-rinkinys-su-kepimo-pirstine\\\/#primaryimage\",\"url\":\"https:\\\/\\\/kidsplay.lt\\\/wp-content\\\/uploads\\\/2026\\\/04\\\/VIGA-virtuves-rinkinys-su-kepimo-pirstine.jpg\",\"contentUrl\":\"https:\\\/\\\/kidsplay.lt\\\/wp-content\\\/uploads\\\/2026\\\/04\\\/VIGA-virtuves-rinkinys-su-kepimo-pirstine.jpg\",\"width\":2560,\"height\":2560,\"caption\":\"VIGA virtuv\u0117s rinkinys su kepimo pir\u0161tine\"},{\"@type\":\"BreadcrumbList\",\"@id\":\"https:\\\/\\\/kidsplay.lt\\\/produktas\\\/viga-virtuves-rinkinys-su-kepimo-pirstine\\\/#breadcrumb\",\"itemListElement\":[{\"@type\":\"ListItem\",\"position\":1,\"name\":\"Pagrindinis\",\"item\":\"https:\\\/\\\/kidsplay.lt\\\/\"},{\"@type\":\"ListItem\",\"position\":2,\"name\":\"Parduotuv\u0117\",\"item\":\"https:\\\/\\\/kidsplay.lt\\\/parduotuve\\\/\"},{\"@type\":\"ListItem\",\"position\":3,\"name\":\"VIGA virtuv\u0117s rinkinys su kepimo pir\u0161tine\"}]},{\"@type\":\"WebSite\",\"@id\":\"https:\\\/\\\/kidsplay.lt\\\/#website\",\"url\":\"https:\\\/\\\/kidsplay.lt\\\/\",\"name\":\"Kidsplay.lt\",\"description\":\"\u012evairios prek\u0117s vaikams\",\"publisher\":{\"@id\":\"https:\\\/\\\/kidsplay.lt\\\/#organization\"},\"alternateName\":\"Kidsplay\",\"potentialAction\":[{\"@type\":\"SearchAction\",\"target\":{\"@type\":\"EntryPoint\",\"urlTemplate\":\"https:\\\/\\\/kidsplay.lt\\\/?s={search_term_string}\"},\"query-input\":{\"@type\":\"PropertyValueSpecification\",\"valueRequired\":true,\"valueName\":\"search_term_string\"}}],\"inLanguage\":\"lv-LV\"},{\"@type\":\"Organization\",\"@id\":\"https:\\\/\\\/kidsplay.lt\\\/#organization\",\"name\":\"KidsPlay\",\"url\":\"https:\\\/\\\/kidsplay.lt\\\/\",\"logo\":{\"@type\":\"ImageObject\",\"inLanguage\":\"lv-LV\",\"@id\":\"https:\\\/\\\/kidsplay.lt\\\/#\\\/schema\\\/logo\\\/image\\\/\",\"url\":\"https:\\\/\\\/kidsplay.lt\\\/wp-content\\\/uploads\\\/2023\\\/07\\\/kidsplay-logo.png\",\"contentUrl\":\"https:\\\/\\\/kidsplay.lt\\\/wp-content\\\/uploads\\\/2023\\\/07\\\/kidsplay-logo.png\",\"width\":451,\"height\":98,\"caption\":\"KidsPlay\"},\"image\":{\"@id\":\"https:\\\/\\\/kidsplay.lt\\\/#\\\/schema\\\/logo\\\/image\\\/\"},\"sameAs\":[\"https:\\\/\\\/www.facebook.com\\\/www.kidsplay.lt\"]}]}<\/script>\n<!-- \/ Yoast SEO plugin. -->","yoast_head_json":{"title":"VIGA virtuves komplekts ar cepe\u0161kr\u0101sns cimdu","description":"VIGA virtuv\u0117s rinkinys su kepimo pir\u0161tine - KidsPlay. Did\u017eiausias vaik\u0173 \u017eaisl\u0173 pasirinkimas.","robots":{"index":"index","follow":"follow","max-snippet":"max-snippet:-1","max-image-preview":"max-image-preview:large","max-video-preview":"max-video-preview:-1"},"canonical":"https:\/\/kidsplay.lt\/lv\/products\/viga-virtuves-rinkinys-su-kepimo-pirstine\/","og_locale":"lv_LV","og_type":"article","og_title":"VIGA virtuv\u0117s rinkinys su kepimo pir\u0161tine","og_description":"VIGA virtuv\u0117s rinkinys su kepimo pir\u0161tine - KidsPlay. Did\u017eiausias vaik\u0173 \u017eaisl\u0173 pasirinkimas.","og_url":"https:\/\/kidsplay.lt\/lv\/products\/viga-virtuves-rinkinys-su-kepimo-pirstine\/","og_site_name":"KidsPlay","article_publisher":"https:\/\/www.facebook.com\/www.kidsplay.lt","article_modified_time":"2026-04-13T10:42:15+00:00","og_image":[{"width":2560,"height":2560,"url":"https:\/\/kidsplay.lt\/wp-content\/uploads\/2026\/04\/VIGA-virtuves-rinkinys-su-kepimo-pirstine.jpg","type":"image\/jpeg"}],"twitter_card":"summary_large_image","schema":{"@context":"https:\/\/schema.org","@graph":[{"@type":"WebPage","@id":"https:\/\/kidsplay.lt\/produktas\/viga-virtuves-rinkinys-su-kepimo-pirstine\/","url":"https:\/\/kidsplay.lt\/produktas\/viga-virtuves-rinkinys-su-kepimo-pirstine\/","name":"VIGA virtuves komplekts ar cepe\u0161kr\u0101sns cimdu","isPartOf":{"@id":"https:\/\/kidsplay.lt\/#website"},"primaryImageOfPage":{"@id":"https:\/\/kidsplay.lt\/produktas\/viga-virtuves-rinkinys-su-kepimo-pirstine\/#primaryimage"},"image":{"@id":"https:\/\/kidsplay.lt\/produktas\/viga-virtuves-rinkinys-su-kepimo-pirstine\/#primaryimage"},"thumbnailUrl":"https:\/\/kidsplay.lt\/wp-content\/uploads\/2026\/04\/VIGA-virtuves-rinkinys-su-kepimo-pirstine.jpg","datePublished":"2026-04-07T06:22:29+00:00","dateModified":"2026-04-13T10:42:15+00:00","description":"VIGA virtuv\u0117s rinkinys su kepimo pir\u0161tine - KidsPlay. Did\u017eiausias vaik\u0173 \u017eaisl\u0173 pasirinkimas.","breadcrumb":{"@id":"https:\/\/kidsplay.lt\/produktas\/viga-virtuves-rinkinys-su-kepimo-pirstine\/#breadcrumb"},"inLanguage":"lv-LV","potentialAction":[{"@type":"ReadAction","target":["https:\/\/kidsplay.lt\/produktas\/viga-virtuves-rinkinys-su-kepimo-pirstine\/"]}]},{"@type":"ImageObject","inLanguage":"lv-LV","@id":"https:\/\/kidsplay.lt\/produktas\/viga-virtuves-rinkinys-su-kepimo-pirstine\/#primaryimage","url":"https:\/\/kidsplay.lt\/wp-content\/uploads\/2026\/04\/VIGA-virtuves-rinkinys-su-kepimo-pirstine.jpg","contentUrl":"https:\/\/kidsplay.lt\/wp-content\/uploads\/2026\/04\/VIGA-virtuves-rinkinys-su-kepimo-pirstine.jpg","width":2560,"height":2560,"caption":"VIGA virtuv\u0117s rinkinys su kepimo pir\u0161tine"},{"@type":"BreadcrumbList","@id":"https:\/\/kidsplay.lt\/produktas\/viga-virtuves-rinkinys-su-kepimo-pirstine\/#breadcrumb","itemListElement":[{"@type":"ListItem","position":1,"name":"Pagrindinis","item":"https:\/\/kidsplay.lt\/"},{"@type":"ListItem","position":2,"name":"Parduotuv\u0117","item":"https:\/\/kidsplay.lt\/parduotuve\/"},{"@type":"ListItem","position":3,"name":"VIGA virtuv\u0117s rinkinys su kepimo pir\u0161tine"}]},{"@type":"WebSite","@id":"https:\/\/kidsplay.lt\/#website","url":"https:\/\/kidsplay.lt\/","name":"B\u0113rnu sp\u0113les.lv","description":"\u012evairios prek\u0117s vaikams","publisher":{"@id":"https:\/\/kidsplay.lt\/#organization"},"alternateName":"Kidsplay","potentialAction":[{"@type":"SearchAction","target":{"@type":"EntryPoint","urlTemplate":"https:\/\/kidsplay.lt\/?s={search_term_string}"},"query-input":{"@type":"PropertyValueSpecification","valueRequired":true,"valueName":"search_term_string"}}],"inLanguage":"lv-LV"},{"@type":"Organization","@id":"https:\/\/kidsplay.lt\/#organization","name":"B\u0113rnu sp\u0113le","url":"https:\/\/kidsplay.lt\/","logo":{"@type":"ImageObject","inLanguage":"lv-LV","@id":"https:\/\/kidsplay.lt\/#\/schema\/logo\/image\/","url":"https:\/\/kidsplay.lt\/wp-content\/uploads\/2023\/07\/kidsplay-logo.png","contentUrl":"https:\/\/kidsplay.lt\/wp-content\/uploads\/2023\/07\/kidsplay-logo.png","width":451,"height":98,"caption":"KidsPlay"},"image":{"@id":"https:\/\/kidsplay.lt\/#\/schema\/logo\/image\/"},"sameAs":["https:\/\/www.facebook.com\/www.kidsplay.lt"]}]}},"_links":{"self":[{"href":"https:\/\/kidsplay.lt\/lv\/wp-json\/wp\/v2\/product\/102687","targetHints":{"allow":["GET"]}}],"collection":[{"href":"https:\/\/kidsplay.lt\/lv\/wp-json\/wp\/v2\/product"}],"about":[{"href":"https:\/\/kidsplay.lt\/lv\/wp-json\/wp\/v2\/types\/product"}],"version-history":[{"count":1,"href":"https:\/\/kidsplay.lt\/lv\/wp-json\/wp\/v2\/product\/102687\/revisions"}],"predecessor-version":[{"id":102688,"href":"https:\/\/kidsplay.lt\/lv\/wp-json\/wp\/v2\/product\/102687\/revisions\/102688"}],"wp:featuredmedia":[{"embeddable":true,"href":"https:\/\/kidsplay.lt\/lv\/wp-json\/wp\/v2\/media\/102689"}],"wp:attachment":[{"href":"https:\/\/kidsplay.lt\/lv\/wp-json\/wp\/v2\/media?parent=102687"}],"wp:term":[{"taxonomy":"product_brand","embeddable":true,"href":"https:\/\/kidsplay.lt\/lv\/wp-json\/wp\/v2\/product_brand?post=102687"},{"taxonomy":"product_cat","embeddable":true,"href":"https:\/\/kidsplay.lt\/lv\/wp-json\/wp\/v2\/product_cat?post=102687"},{"taxonomy":"product_tag","embeddable":true,"href":"https:\/\/kidsplay.lt\/lv\/wp-json\/wp\/v2\/product_tag?post=102687"}],"curies":[{"name":"wp","href":"https:\/\/api.w.org\/{rel}","templated":true}]}}