{"id":102700,"date":"2026-04-07T09:23:05","date_gmt":"2026-04-07T06:23:05","guid":{"rendered":"https:\/\/kidsplay.lt\/produktas\/viga-medinis-uzkandziu-ir-gerimu-rinkinys-12-maisto-produktu\/"},"modified":"2026-04-13T13:42:26","modified_gmt":"2026-04-13T10:42:26","slug":"viga-medinis-uzkandziu-ir-gerimu-rinkinys-12-maisto-produktu","status":"publish","type":"product","link":"https:\/\/kidsplay.lt\/lv\/products\/viga-medinis-uzkandziu-ir-gerimu-rinkinys-12-maisto-produktu\/","title":{"rendered":"VIGA koka uzkodu un dz\u0113rienu komplekts, 12 p\u0101rtikas preces"},"content":{"rendered":"<p>\u0160is 12 maisto produkt\u0173 rinkinys i\u0161 \u017einomo Viga prek\u0117s \u017eenklo bus puikus papildymas vaiko kasdieniam \u017eaidimui. Jis praturtins bet kok\u012f \u017eaidim\u0105 namuose ar parduotuv\u0117je ir leis vaikui \u012fsijausti \u012f tikros nam\u0173 \u0161eiminink\u0117s vaidmen\u012f. Apsipirkimas nebebus problema \u2013 i\u0161 ties\u0173 tai taps d\u017eiaugsmu ma\u017eiesiems. Vaikas gal\u0117s imituoti savo did\u017eiausi\u0105 pavyzd\u012f \u2013 mam\u0105. Sukurtas atsi\u017evelgiant \u012f ma\u017eas rankeles, rinkinys yra visi\u0161kai saugus vaikams; a\u0161tri\u0173 kra\u0161t\u0173 nebuvimas u\u017etikrina visi\u0161k\u0105 saugum\u0105.<br \/>\n\u017daislas pagamintas i\u0161 auk\u0161tos kokyb\u0117s medienos, u\u017etikrinan\u010dios ilgaam\u017ei\u0161kum\u0105. Naudotos med\u017eiagos ir da\u017eai yra ekologi\u0161ki ir visi\u0161kai saug\u016bs.<br \/>\nFunkcijas:<\/p>\n<p> \tRinkin\u012f sudaro 12 maisto produkt\u0173<br \/>\n \tPagaminta i\u0161 auk\u0161tos kokyb\u0117s med\u017eiagos<br \/>\n \tNuda\u017eyta netoksi\u0161kais da\u017eais, saugu vaikams<\/p>","protected":false},"excerpt":{"rendered":"<p>\u0160is 12 maisto produkt\u0173 rinkinys i\u0161 \u017einomo Viga prek\u0117s \u017eenklo bus puikus papildymas vaiko kasdieniam \u017eaidimui. Jis praturtins bet kok\u012f<\/p>","protected":false},"featured_media":102702,"template":"","meta":{"_acf_changed":false,"_glsr_average":0,"_glsr_ranking":0,"_glsr_reviews":0},"product_brand":[],"product_cat":[399,229],"product_tag":[],"class_list":{"0":"post-102700","1":"product","2":"type-product","3":"status-publish","4":"has-post-thumbnail","6":"product_cat-vaidmenu-zaidimai-2","7":"product_cat-zaislai-vaikams","8":"\"style=\"background-color: #2ecc711c;\"","10":"first","11":"instock","12":"purchasable","13":"product-type-simple"},"acf":[],"yoast_head":"<!-- This site is optimized with the Yoast SEO plugin v27.4 - https:\/\/yoast.com\/product\/yoast-seo-wordpress\/ -->\n<title>VIGA medinis u\u017ekand\u017ei\u0173 ir g\u0117rim\u0173 rinkinys, 12 maisto produkt\u0173<\/title>\n<meta name=\"description\" content=\"VIGA medinis u\u017ekand\u017ei\u0173 ir g\u0117rim\u0173 rinkinys, 12 maisto produkt\u0173 - KidsPlay. Did\u017eiausias vaik\u0173 \u017eaisl\u0173 pasirinkimas.\" \/>\n<meta name=\"robots\" content=\"index, follow, max-snippet:-1, max-image-preview:large, max-video-preview:-1\" \/>\n<link rel=\"canonical\" href=\"https:\/\/kidsplay.lt\/lv\/products\/viga-medinis-uzkandziu-ir-gerimu-rinkinys-12-maisto-produktu\/\" \/>\n<meta property=\"og:locale\" content=\"lv_LV\" \/>\n<meta property=\"og:type\" content=\"article\" \/>\n<meta property=\"og:title\" content=\"VIGA medinis u\u017ekand\u017ei\u0173 ir g\u0117rim\u0173 rinkinys, 12 maisto produkt\u0173\" \/>\n<meta property=\"og:description\" content=\"VIGA medinis u\u017ekand\u017ei\u0173 ir g\u0117rim\u0173 rinkinys, 12 maisto produkt\u0173 - KidsPlay. Did\u017eiausias vaik\u0173 \u017eaisl\u0173 pasirinkimas.\" \/>\n<meta property=\"og:url\" content=\"https:\/\/kidsplay.lt\/lv\/products\/viga-medinis-uzkandziu-ir-gerimu-rinkinys-12-maisto-produktu\/\" \/>\n<meta property=\"og:site_name\" content=\"KidsPlay\" \/>\n<meta property=\"article:publisher\" content=\"https:\/\/www.facebook.com\/www.kidsplay.lt\" \/>\n<meta property=\"article:modified_time\" content=\"2026-04-13T10:42:26+00:00\" \/>\n<meta property=\"og:image\" content=\"https:\/\/kidsplay.lt\/wp-content\/uploads\/2026\/04\/VIGA-medinis-uzkandziu-ir-gerimu-rinkinys-12-maisto-produktu.jpg\" \/>\n\t<meta property=\"og:image:width\" content=\"1848\" \/>\n\t<meta property=\"og:image:height\" content=\"1848\" \/>\n\t<meta property=\"og:image:type\" content=\"image\/jpeg\" \/>\n<meta name=\"twitter:card\" content=\"summary_large_image\" \/>\n<meta name=\"twitter:label1\" content=\"Est. reading time\" \/>\n\t<meta name=\"twitter:data1\" content=\"1 min\u016bte\" \/>\n<script type=\"application\/ld+json\" class=\"yoast-schema-graph\">{\"@context\":\"https:\\\/\\\/schema.org\",\"@graph\":[{\"@type\":\"WebPage\",\"@id\":\"https:\\\/\\\/kidsplay.lt\\\/produktas\\\/viga-medinis-uzkandziu-ir-gerimu-rinkinys-12-maisto-produktu\\\/\",\"url\":\"https:\\\/\\\/kidsplay.lt\\\/produktas\\\/viga-medinis-uzkandziu-ir-gerimu-rinkinys-12-maisto-produktu\\\/\",\"name\":\"VIGA medinis u\u017ekand\u017ei\u0173 ir g\u0117rim\u0173 rinkinys, 12 maisto produkt\u0173\",\"isPartOf\":{\"@id\":\"https:\\\/\\\/kidsplay.lt\\\/#website\"},\"primaryImageOfPage\":{\"@id\":\"https:\\\/\\\/kidsplay.lt\\\/produktas\\\/viga-medinis-uzkandziu-ir-gerimu-rinkinys-12-maisto-produktu\\\/#primaryimage\"},\"image\":{\"@id\":\"https:\\\/\\\/kidsplay.lt\\\/produktas\\\/viga-medinis-uzkandziu-ir-gerimu-rinkinys-12-maisto-produktu\\\/#primaryimage\"},\"thumbnailUrl\":\"https:\\\/\\\/kidsplay.lt\\\/wp-content\\\/uploads\\\/2026\\\/04\\\/VIGA-medinis-uzkandziu-ir-gerimu-rinkinys-12-maisto-produktu.jpg\",\"datePublished\":\"2026-04-07T06:23:05+00:00\",\"dateModified\":\"2026-04-13T10:42:26+00:00\",\"description\":\"VIGA medinis u\u017ekand\u017ei\u0173 ir g\u0117rim\u0173 rinkinys, 12 maisto produkt\u0173 - KidsPlay. Did\u017eiausias vaik\u0173 \u017eaisl\u0173 pasirinkimas.\",\"breadcrumb\":{\"@id\":\"https:\\\/\\\/kidsplay.lt\\\/produktas\\\/viga-medinis-uzkandziu-ir-gerimu-rinkinys-12-maisto-produktu\\\/#breadcrumb\"},\"inLanguage\":\"lv-LV\",\"potentialAction\":[{\"@type\":\"ReadAction\",\"target\":[\"https:\\\/\\\/kidsplay.lt\\\/produktas\\\/viga-medinis-uzkandziu-ir-gerimu-rinkinys-12-maisto-produktu\\\/\"]}]},{\"@type\":\"ImageObject\",\"inLanguage\":\"lv-LV\",\"@id\":\"https:\\\/\\\/kidsplay.lt\\\/produktas\\\/viga-medinis-uzkandziu-ir-gerimu-rinkinys-12-maisto-produktu\\\/#primaryimage\",\"url\":\"https:\\\/\\\/kidsplay.lt\\\/wp-content\\\/uploads\\\/2026\\\/04\\\/VIGA-medinis-uzkandziu-ir-gerimu-rinkinys-12-maisto-produktu.jpg\",\"contentUrl\":\"https:\\\/\\\/kidsplay.lt\\\/wp-content\\\/uploads\\\/2026\\\/04\\\/VIGA-medinis-uzkandziu-ir-gerimu-rinkinys-12-maisto-produktu.jpg\",\"width\":1848,\"height\":1848,\"caption\":\"VIGA medinis u\u017ekand\u017ei\u0173 ir g\u0117rim\u0173 rinkinys\"},{\"@type\":\"BreadcrumbList\",\"@id\":\"https:\\\/\\\/kidsplay.lt\\\/produktas\\\/viga-medinis-uzkandziu-ir-gerimu-rinkinys-12-maisto-produktu\\\/#breadcrumb\",\"itemListElement\":[{\"@type\":\"ListItem\",\"position\":1,\"name\":\"Pagrindinis\",\"item\":\"https:\\\/\\\/kidsplay.lt\\\/\"},{\"@type\":\"ListItem\",\"position\":2,\"name\":\"Parduotuv\u0117\",\"item\":\"https:\\\/\\\/kidsplay.lt\\\/parduotuve\\\/\"},{\"@type\":\"ListItem\",\"position\":3,\"name\":\"VIGA medinis u\u017ekand\u017ei\u0173 ir g\u0117rim\u0173 rinkinys, 12 maisto produkt\u0173\"}]},{\"@type\":\"WebSite\",\"@id\":\"https:\\\/\\\/kidsplay.lt\\\/#website\",\"url\":\"https:\\\/\\\/kidsplay.lt\\\/\",\"name\":\"Kidsplay.lt\",\"description\":\"\u012evairios prek\u0117s vaikams\",\"publisher\":{\"@id\":\"https:\\\/\\\/kidsplay.lt\\\/#organization\"},\"alternateName\":\"Kidsplay\",\"potentialAction\":[{\"@type\":\"SearchAction\",\"target\":{\"@type\":\"EntryPoint\",\"urlTemplate\":\"https:\\\/\\\/kidsplay.lt\\\/?s={search_term_string}\"},\"query-input\":{\"@type\":\"PropertyValueSpecification\",\"valueRequired\":true,\"valueName\":\"search_term_string\"}}],\"inLanguage\":\"lv-LV\"},{\"@type\":\"Organization\",\"@id\":\"https:\\\/\\\/kidsplay.lt\\\/#organization\",\"name\":\"KidsPlay\",\"url\":\"https:\\\/\\\/kidsplay.lt\\\/\",\"logo\":{\"@type\":\"ImageObject\",\"inLanguage\":\"lv-LV\",\"@id\":\"https:\\\/\\\/kidsplay.lt\\\/#\\\/schema\\\/logo\\\/image\\\/\",\"url\":\"https:\\\/\\\/kidsplay.lt\\\/wp-content\\\/uploads\\\/2023\\\/07\\\/kidsplay-logo.png\",\"contentUrl\":\"https:\\\/\\\/kidsplay.lt\\\/wp-content\\\/uploads\\\/2023\\\/07\\\/kidsplay-logo.png\",\"width\":451,\"height\":98,\"caption\":\"KidsPlay\"},\"image\":{\"@id\":\"https:\\\/\\\/kidsplay.lt\\\/#\\\/schema\\\/logo\\\/image\\\/\"},\"sameAs\":[\"https:\\\/\\\/www.facebook.com\\\/www.kidsplay.lt\"]}]}<\/script>\n<!-- \/ Yoast SEO plugin. -->","yoast_head_json":{"title":"VIGA koka uzkodu un dz\u0113rienu komplekts, 12 p\u0101rtikas preces","description":"VIGA medinis u\u017ekand\u017ei\u0173 ir g\u0117rim\u0173 rinkinys, 12 maisto produkt\u0173 - KidsPlay. Did\u017eiausias vaik\u0173 \u017eaisl\u0173 pasirinkimas.","robots":{"index":"index","follow":"follow","max-snippet":"max-snippet:-1","max-image-preview":"max-image-preview:large","max-video-preview":"max-video-preview:-1"},"canonical":"https:\/\/kidsplay.lt\/lv\/products\/viga-medinis-uzkandziu-ir-gerimu-rinkinys-12-maisto-produktu\/","og_locale":"lv_LV","og_type":"article","og_title":"VIGA medinis u\u017ekand\u017ei\u0173 ir g\u0117rim\u0173 rinkinys, 12 maisto produkt\u0173","og_description":"VIGA medinis u\u017ekand\u017ei\u0173 ir g\u0117rim\u0173 rinkinys, 12 maisto produkt\u0173 - KidsPlay. Did\u017eiausias vaik\u0173 \u017eaisl\u0173 pasirinkimas.","og_url":"https:\/\/kidsplay.lt\/lv\/products\/viga-medinis-uzkandziu-ir-gerimu-rinkinys-12-maisto-produktu\/","og_site_name":"KidsPlay","article_publisher":"https:\/\/www.facebook.com\/www.kidsplay.lt","article_modified_time":"2026-04-13T10:42:26+00:00","og_image":[{"width":1848,"height":1848,"url":"https:\/\/kidsplay.lt\/wp-content\/uploads\/2026\/04\/VIGA-medinis-uzkandziu-ir-gerimu-rinkinys-12-maisto-produktu.jpg","type":"image\/jpeg"}],"twitter_card":"summary_large_image","twitter_misc":{"Est. reading time":"1 min\u016bte"},"schema":{"@context":"https:\/\/schema.org","@graph":[{"@type":"WebPage","@id":"https:\/\/kidsplay.lt\/produktas\/viga-medinis-uzkandziu-ir-gerimu-rinkinys-12-maisto-produktu\/","url":"https:\/\/kidsplay.lt\/produktas\/viga-medinis-uzkandziu-ir-gerimu-rinkinys-12-maisto-produktu\/","name":"VIGA koka uzkodu un dz\u0113rienu komplekts, 12 p\u0101rtikas preces","isPartOf":{"@id":"https:\/\/kidsplay.lt\/#website"},"primaryImageOfPage":{"@id":"https:\/\/kidsplay.lt\/produktas\/viga-medinis-uzkandziu-ir-gerimu-rinkinys-12-maisto-produktu\/#primaryimage"},"image":{"@id":"https:\/\/kidsplay.lt\/produktas\/viga-medinis-uzkandziu-ir-gerimu-rinkinys-12-maisto-produktu\/#primaryimage"},"thumbnailUrl":"https:\/\/kidsplay.lt\/wp-content\/uploads\/2026\/04\/VIGA-medinis-uzkandziu-ir-gerimu-rinkinys-12-maisto-produktu.jpg","datePublished":"2026-04-07T06:23:05+00:00","dateModified":"2026-04-13T10:42:26+00:00","description":"VIGA medinis u\u017ekand\u017ei\u0173 ir g\u0117rim\u0173 rinkinys, 12 maisto produkt\u0173 - KidsPlay. Did\u017eiausias vaik\u0173 \u017eaisl\u0173 pasirinkimas.","breadcrumb":{"@id":"https:\/\/kidsplay.lt\/produktas\/viga-medinis-uzkandziu-ir-gerimu-rinkinys-12-maisto-produktu\/#breadcrumb"},"inLanguage":"lv-LV","potentialAction":[{"@type":"ReadAction","target":["https:\/\/kidsplay.lt\/produktas\/viga-medinis-uzkandziu-ir-gerimu-rinkinys-12-maisto-produktu\/"]}]},{"@type":"ImageObject","inLanguage":"lv-LV","@id":"https:\/\/kidsplay.lt\/produktas\/viga-medinis-uzkandziu-ir-gerimu-rinkinys-12-maisto-produktu\/#primaryimage","url":"https:\/\/kidsplay.lt\/wp-content\/uploads\/2026\/04\/VIGA-medinis-uzkandziu-ir-gerimu-rinkinys-12-maisto-produktu.jpg","contentUrl":"https:\/\/kidsplay.lt\/wp-content\/uploads\/2026\/04\/VIGA-medinis-uzkandziu-ir-gerimu-rinkinys-12-maisto-produktu.jpg","width":1848,"height":1848,"caption":"VIGA medinis u\u017ekand\u017ei\u0173 ir g\u0117rim\u0173 rinkinys"},{"@type":"BreadcrumbList","@id":"https:\/\/kidsplay.lt\/produktas\/viga-medinis-uzkandziu-ir-gerimu-rinkinys-12-maisto-produktu\/#breadcrumb","itemListElement":[{"@type":"ListItem","position":1,"name":"Pagrindinis","item":"https:\/\/kidsplay.lt\/"},{"@type":"ListItem","position":2,"name":"Parduotuv\u0117","item":"https:\/\/kidsplay.lt\/parduotuve\/"},{"@type":"ListItem","position":3,"name":"VIGA medinis u\u017ekand\u017ei\u0173 ir g\u0117rim\u0173 rinkinys, 12 maisto produkt\u0173"}]},{"@type":"WebSite","@id":"https:\/\/kidsplay.lt\/#website","url":"https:\/\/kidsplay.lt\/","name":"B\u0113rnu sp\u0113les.lv","description":"\u012evairios prek\u0117s vaikams","publisher":{"@id":"https:\/\/kidsplay.lt\/#organization"},"alternateName":"Kidsplay","potentialAction":[{"@type":"SearchAction","target":{"@type":"EntryPoint","urlTemplate":"https:\/\/kidsplay.lt\/?s={search_term_string}"},"query-input":{"@type":"PropertyValueSpecification","valueRequired":true,"valueName":"search_term_string"}}],"inLanguage":"lv-LV"},{"@type":"Organization","@id":"https:\/\/kidsplay.lt\/#organization","name":"B\u0113rnu sp\u0113le","url":"https:\/\/kidsplay.lt\/","logo":{"@type":"ImageObject","inLanguage":"lv-LV","@id":"https:\/\/kidsplay.lt\/#\/schema\/logo\/image\/","url":"https:\/\/kidsplay.lt\/wp-content\/uploads\/2023\/07\/kidsplay-logo.png","contentUrl":"https:\/\/kidsplay.lt\/wp-content\/uploads\/2023\/07\/kidsplay-logo.png","width":451,"height":98,"caption":"KidsPlay"},"image":{"@id":"https:\/\/kidsplay.lt\/#\/schema\/logo\/image\/"},"sameAs":["https:\/\/www.facebook.com\/www.kidsplay.lt"]}]}},"_links":{"self":[{"href":"https:\/\/kidsplay.lt\/lv\/wp-json\/wp\/v2\/product\/102700","targetHints":{"allow":["GET"]}}],"collection":[{"href":"https:\/\/kidsplay.lt\/lv\/wp-json\/wp\/v2\/product"}],"about":[{"href":"https:\/\/kidsplay.lt\/lv\/wp-json\/wp\/v2\/types\/product"}],"version-history":[{"count":1,"href":"https:\/\/kidsplay.lt\/lv\/wp-json\/wp\/v2\/product\/102700\/revisions"}],"predecessor-version":[{"id":102701,"href":"https:\/\/kidsplay.lt\/lv\/wp-json\/wp\/v2\/product\/102700\/revisions\/102701"}],"wp:featuredmedia":[{"embeddable":true,"href":"https:\/\/kidsplay.lt\/lv\/wp-json\/wp\/v2\/media\/102702"}],"wp:attachment":[{"href":"https:\/\/kidsplay.lt\/lv\/wp-json\/wp\/v2\/media?parent=102700"}],"wp:term":[{"taxonomy":"product_brand","embeddable":true,"href":"https:\/\/kidsplay.lt\/lv\/wp-json\/wp\/v2\/product_brand?post=102700"},{"taxonomy":"product_cat","embeddable":true,"href":"https:\/\/kidsplay.lt\/lv\/wp-json\/wp\/v2\/product_cat?post=102700"},{"taxonomy":"product_tag","embeddable":true,"href":"https:\/\/kidsplay.lt\/lv\/wp-json\/wp\/v2\/product_tag?post=102700"}],"curies":[{"name":"wp","href":"https:\/\/api.w.org\/{rel}","templated":true}]}}