{"id":102719,"date":"2026-04-07T09:23:39","date_gmt":"2026-04-07T06:23:39","guid":{"rendered":"https:\/\/kidsplay.lt\/produktas\/masterkidz-medinis-lauko-edukacinis-stalas-1200l-stem-su-priedais\/"},"modified":"2026-04-13T13:42:37","modified_gmt":"2026-04-13T10:42:37","slug":"masterkidz-medinis-lauko-edukacinis-stalas-1200l-stem-su-priedais","status":"publish","type":"product","link":"https:\/\/kidsplay.lt\/lv\/products\/masterkidz-medinis-lauko-edukacinis-stalas-1200l-stem-su-priedais\/","title":{"rendered":"\u201e&quot;MASTERKIDZ koka \u0101ra m\u0101c\u012bbu galds 1200L STEM ar aksesu\u0101riem&quot;\u201c"},"content":{"rendered":"<p>\u201eSukurtas k\u016brybi\u0161kam lauko \u017eaidimui, \u0161is tvirtas medinis STEM edukacinis stalas i\u0161 Masterkidz sujungia mokym\u0105si su judesiu, eksperimentavimu ir puikia pramoga vaikams nuo 3 met\u0173. Su perforuotu vir\u0161umi ir prakti\u0161ka apatine lentyna jis suteikia beveik neribotas konstravimo ir tyrin\u0117jimo galimybes. Pagamintas i\u0161 impregnuotos medienos, atsparios oro s\u0105lygoms, pel\u0117siui, dr\u0117gmei ir UV spinduliams. Tai tobulas \u017eaidim\u0173 centras, skatinantis smalsum\u0105 ir kvie\u010diantis vaikus kartu tyrin\u0117ti moksl\u0105.\u201c<br \/>\nFunkcijas:<\/p>\n<p> \tB\u0113rniem no 3 gadu vecuma<br \/>\n \tSkirta lauko naudojimui \u2013 sodui, \u017eaidim\u0173 aik\u0161telei, dar\u017eeliui<br \/>\n \tSTEM vir\u0161utin\u0117 plok\u0161tuma su reguliaria skylu\u010di\u0173 tvarka<br \/>\n \tApatin\u0117 lentyna priedams ir med\u017eiagoms laikyti<br \/>\n \tPagaminta i\u0161 vandeniui atsparios, sl\u0117giu impregnuotos medienos<br \/>\n \tAtspari puvimui, pel\u0117siui ir UV spinduliams<br \/>\n \tVisi\u0161kai suderinama su visomis STEM med\u017eiagomis<br \/>\n \tVietos individualiam ir grupiniam darbui<\/p>\n<p>Rinkin\u012f sudaro:<\/p>\n<p> \tMedinis lauko stalas STEM 1200L<br \/>\n \t16 STEM plok\u0161teli\u0173 20&#215;20 su stovu<br \/>\n \t34 krumpliara\u010diai ir 4 skriemuliai<br \/>\n \tVaromoji grandin\u0117<br \/>\n \t2 dir\u017eai skriemuliams<br \/>\n \t6 balti kai\u0161\u010diai<br \/>\n \t76 var\u017etai (trij\u0173 dyd\u017ei\u0173)<br \/>\n \t40 dangteli\u0173<br \/>\n \t16 L formos laikikli\u0173<br \/>\n \t4 plok\u0161ti laikikliai<br \/>\n \t2 skaidrios STEM sienel\u0117s<br \/>\n \t2 v\u0117jo mal\u016bnai<br \/>\n \t3 atsuktuvai<\/p>","protected":false},"excerpt":{"rendered":"<p>\u201eSukurtas k\u016brybi\u0161kam lauko \u017eaidimui, \u0161is tvirtas medinis STEM edukacinis stalas i\u0161 Masterkidz sujungia mokym\u0105si su judesiu, eksperimentavimu ir puikia pramoga<\/p>","protected":false},"featured_media":102721,"template":"","meta":{"_acf_changed":false,"_glsr_average":0,"_glsr_ranking":0,"_glsr_reviews":0},"product_brand":[],"product_cat":[673,229],"product_tag":[],"class_list":{"0":"post-102719","1":"product","2":"type-product","3":"status-publish","4":"has-post-thumbnail","6":"product_cat-ugdomosios-priemones","7":"product_cat-zaislai-vaikams","8":"\"style=\"background-color: #2ecc711c;\"","10":"first","11":"instock","12":"purchasable","13":"product-type-simple"},"acf":[],"yoast_head":"<!-- This site is optimized with the Yoast SEO plugin v27.3 - https:\/\/yoast.com\/product\/yoast-seo-wordpress\/ -->\n<title>\u201eMASTERKIDZ medinis lauko edukacinis stalas 1200L STEM su priedais\u201c<\/title>\n<meta name=\"description\" content=\"\u201eMASTERKIDZ medinis lauko edukacinis stalas 1200L STEM su priedais\u201c - KidsPlay. Did\u017eiausias vaik\u0173 \u017eaisl\u0173 pasirinkimas.\" \/>\n<meta name=\"robots\" content=\"index, follow, max-snippet:-1, max-image-preview:large, max-video-preview:-1\" \/>\n<link rel=\"canonical\" href=\"https:\/\/kidsplay.lt\/lv\/products\/masterkidz-medinis-lauko-edukacinis-stalas-1200l-stem-su-priedais\/\" \/>\n<meta property=\"og:locale\" content=\"lv_LV\" \/>\n<meta property=\"og:type\" content=\"article\" \/>\n<meta property=\"og:title\" content=\"\u201eMASTERKIDZ medinis lauko edukacinis stalas 1200L STEM su priedais\u201c\" \/>\n<meta property=\"og:description\" content=\"\u201eMASTERKIDZ medinis lauko edukacinis stalas 1200L STEM su priedais\u201c - KidsPlay. Did\u017eiausias vaik\u0173 \u017eaisl\u0173 pasirinkimas.\" \/>\n<meta property=\"og:url\" content=\"https:\/\/kidsplay.lt\/lv\/products\/masterkidz-medinis-lauko-edukacinis-stalas-1200l-stem-su-priedais\/\" \/>\n<meta property=\"og:site_name\" content=\"KidsPlay\" \/>\n<meta property=\"article:publisher\" content=\"https:\/\/www.facebook.com\/www.kidsplay.lt\" \/>\n<meta property=\"article:modified_time\" content=\"2026-04-13T10:42:37+00:00\" \/>\n<meta property=\"og:image\" content=\"https:\/\/kidsplay.lt\/wp-content\/uploads\/2026\/04\/\u201eMASTERKIDZ-medinis-lauko-edukacinis-stalas-1200L-STEM-su-priedais.jpg\" \/>\n\t<meta property=\"og:image:width\" content=\"1000\" \/>\n\t<meta property=\"og:image:height\" content=\"1000\" \/>\n\t<meta property=\"og:image:type\" content=\"image\/jpeg\" \/>\n<meta name=\"twitter:card\" content=\"summary_large_image\" \/>\n<meta name=\"twitter:label1\" content=\"Est. reading time\" \/>\n\t<meta name=\"twitter:data1\" content=\"1 min\u016bte\" \/>\n<script type=\"application\/ld+json\" class=\"yoast-schema-graph\">{\"@context\":\"https:\\\/\\\/schema.org\",\"@graph\":[{\"@type\":\"WebPage\",\"@id\":\"https:\\\/\\\/kidsplay.lt\\\/produktas\\\/masterkidz-medinis-lauko-edukacinis-stalas-1200l-stem-su-priedais\\\/\",\"url\":\"https:\\\/\\\/kidsplay.lt\\\/produktas\\\/masterkidz-medinis-lauko-edukacinis-stalas-1200l-stem-su-priedais\\\/\",\"name\":\"\u201eMASTERKIDZ medinis lauko edukacinis stalas 1200L STEM su priedais\u201c\",\"isPartOf\":{\"@id\":\"https:\\\/\\\/kidsplay.lt\\\/#website\"},\"primaryImageOfPage\":{\"@id\":\"https:\\\/\\\/kidsplay.lt\\\/produktas\\\/masterkidz-medinis-lauko-edukacinis-stalas-1200l-stem-su-priedais\\\/#primaryimage\"},\"image\":{\"@id\":\"https:\\\/\\\/kidsplay.lt\\\/produktas\\\/masterkidz-medinis-lauko-edukacinis-stalas-1200l-stem-su-priedais\\\/#primaryimage\"},\"thumbnailUrl\":\"https:\\\/\\\/kidsplay.lt\\\/wp-content\\\/uploads\\\/2026\\\/04\\\/\u201eMASTERKIDZ-medinis-lauko-edukacinis-stalas-1200L-STEM-su-priedais.jpg\",\"datePublished\":\"2026-04-07T06:23:39+00:00\",\"dateModified\":\"2026-04-13T10:42:37+00:00\",\"description\":\"\u201eMASTERKIDZ medinis lauko edukacinis stalas 1200L STEM su priedais\u201c - KidsPlay. Did\u017eiausias vaik\u0173 \u017eaisl\u0173 pasirinkimas.\",\"breadcrumb\":{\"@id\":\"https:\\\/\\\/kidsplay.lt\\\/produktas\\\/masterkidz-medinis-lauko-edukacinis-stalas-1200l-stem-su-priedais\\\/#breadcrumb\"},\"inLanguage\":\"lv-LV\",\"potentialAction\":[{\"@type\":\"ReadAction\",\"target\":[\"https:\\\/\\\/kidsplay.lt\\\/produktas\\\/masterkidz-medinis-lauko-edukacinis-stalas-1200l-stem-su-priedais\\\/\"]}]},{\"@type\":\"ImageObject\",\"inLanguage\":\"lv-LV\",\"@id\":\"https:\\\/\\\/kidsplay.lt\\\/produktas\\\/masterkidz-medinis-lauko-edukacinis-stalas-1200l-stem-su-priedais\\\/#primaryimage\",\"url\":\"https:\\\/\\\/kidsplay.lt\\\/wp-content\\\/uploads\\\/2026\\\/04\\\/\u201eMASTERKIDZ-medinis-lauko-edukacinis-stalas-1200L-STEM-su-priedais.jpg\",\"contentUrl\":\"https:\\\/\\\/kidsplay.lt\\\/wp-content\\\/uploads\\\/2026\\\/04\\\/\u201eMASTERKIDZ-medinis-lauko-edukacinis-stalas-1200L-STEM-su-priedais.jpg\",\"width\":1000,\"height\":1000,\"caption\":\"\u201eMASTERKIDZ medinis lauko edukacinis stalas 1200L STEM su priedais\u201c\"},{\"@type\":\"BreadcrumbList\",\"@id\":\"https:\\\/\\\/kidsplay.lt\\\/produktas\\\/masterkidz-medinis-lauko-edukacinis-stalas-1200l-stem-su-priedais\\\/#breadcrumb\",\"itemListElement\":[{\"@type\":\"ListItem\",\"position\":1,\"name\":\"Pagrindinis\",\"item\":\"https:\\\/\\\/kidsplay.lt\\\/\"},{\"@type\":\"ListItem\",\"position\":2,\"name\":\"Parduotuv\u0117\",\"item\":\"https:\\\/\\\/kidsplay.lt\\\/parduotuve\\\/\"},{\"@type\":\"ListItem\",\"position\":3,\"name\":\"\u201eMASTERKIDZ medinis lauko edukacinis stalas 1200L STEM su priedais\u201c\"}]},{\"@type\":\"WebSite\",\"@id\":\"https:\\\/\\\/kidsplay.lt\\\/#website\",\"url\":\"https:\\\/\\\/kidsplay.lt\\\/\",\"name\":\"Kidsplay.lt\",\"description\":\"\u012evairios prek\u0117s vaikams\",\"publisher\":{\"@id\":\"https:\\\/\\\/kidsplay.lt\\\/#organization\"},\"alternateName\":\"Kidsplay\",\"potentialAction\":[{\"@type\":\"SearchAction\",\"target\":{\"@type\":\"EntryPoint\",\"urlTemplate\":\"https:\\\/\\\/kidsplay.lt\\\/?s={search_term_string}\"},\"query-input\":{\"@type\":\"PropertyValueSpecification\",\"valueRequired\":true,\"valueName\":\"search_term_string\"}}],\"inLanguage\":\"lv-LV\"},{\"@type\":\"Organization\",\"@id\":\"https:\\\/\\\/kidsplay.lt\\\/#organization\",\"name\":\"KidsPlay\",\"url\":\"https:\\\/\\\/kidsplay.lt\\\/\",\"logo\":{\"@type\":\"ImageObject\",\"inLanguage\":\"lv-LV\",\"@id\":\"https:\\\/\\\/kidsplay.lt\\\/#\\\/schema\\\/logo\\\/image\\\/\",\"url\":\"https:\\\/\\\/kidsplay.lt\\\/wp-content\\\/uploads\\\/2023\\\/07\\\/kidsplay-logo.png\",\"contentUrl\":\"https:\\\/\\\/kidsplay.lt\\\/wp-content\\\/uploads\\\/2023\\\/07\\\/kidsplay-logo.png\",\"width\":451,\"height\":98,\"caption\":\"KidsPlay\"},\"image\":{\"@id\":\"https:\\\/\\\/kidsplay.lt\\\/#\\\/schema\\\/logo\\\/image\\\/\"},\"sameAs\":[\"https:\\\/\\\/www.facebook.com\\\/www.kidsplay.lt\"]}]}<\/script>\n<!-- \/ Yoast SEO plugin. -->","yoast_head_json":{"title":"\u201e&quot;MASTERKIDZ koka \u0101ra m\u0101c\u012bbu galds 1200L STEM ar aksesu\u0101riem&quot;\u201c","description":"\u201eMASTERKIDZ medinis lauko edukacinis stalas 1200L STEM su priedais\u201c - KidsPlay. Did\u017eiausias vaik\u0173 \u017eaisl\u0173 pasirinkimas.","robots":{"index":"index","follow":"follow","max-snippet":"max-snippet:-1","max-image-preview":"max-image-preview:large","max-video-preview":"max-video-preview:-1"},"canonical":"https:\/\/kidsplay.lt\/lv\/products\/masterkidz-medinis-lauko-edukacinis-stalas-1200l-stem-su-priedais\/","og_locale":"lv_LV","og_type":"article","og_title":"\u201eMASTERKIDZ medinis lauko edukacinis stalas 1200L STEM su priedais\u201c","og_description":"\u201eMASTERKIDZ medinis lauko edukacinis stalas 1200L STEM su priedais\u201c - KidsPlay. Did\u017eiausias vaik\u0173 \u017eaisl\u0173 pasirinkimas.","og_url":"https:\/\/kidsplay.lt\/lv\/products\/masterkidz-medinis-lauko-edukacinis-stalas-1200l-stem-su-priedais\/","og_site_name":"KidsPlay","article_publisher":"https:\/\/www.facebook.com\/www.kidsplay.lt","article_modified_time":"2026-04-13T10:42:37+00:00","og_image":[{"width":1000,"height":1000,"url":"https:\/\/kidsplay.lt\/wp-content\/uploads\/2026\/04\/\u201eMASTERKIDZ-medinis-lauko-edukacinis-stalas-1200L-STEM-su-priedais.jpg","type":"image\/jpeg"}],"twitter_card":"summary_large_image","twitter_misc":{"Est. reading time":"1 min\u016bte"},"schema":{"@context":"https:\/\/schema.org","@graph":[{"@type":"WebPage","@id":"https:\/\/kidsplay.lt\/produktas\/masterkidz-medinis-lauko-edukacinis-stalas-1200l-stem-su-priedais\/","url":"https:\/\/kidsplay.lt\/produktas\/masterkidz-medinis-lauko-edukacinis-stalas-1200l-stem-su-priedais\/","name":"\u201e&quot;MASTERKIDZ koka \u0101ra m\u0101c\u012bbu galds 1200L STEM ar aksesu\u0101riem&quot;\u201c","isPartOf":{"@id":"https:\/\/kidsplay.lt\/#website"},"primaryImageOfPage":{"@id":"https:\/\/kidsplay.lt\/produktas\/masterkidz-medinis-lauko-edukacinis-stalas-1200l-stem-su-priedais\/#primaryimage"},"image":{"@id":"https:\/\/kidsplay.lt\/produktas\/masterkidz-medinis-lauko-edukacinis-stalas-1200l-stem-su-priedais\/#primaryimage"},"thumbnailUrl":"https:\/\/kidsplay.lt\/wp-content\/uploads\/2026\/04\/\u201eMASTERKIDZ-medinis-lauko-edukacinis-stalas-1200L-STEM-su-priedais.jpg","datePublished":"2026-04-07T06:23:39+00:00","dateModified":"2026-04-13T10:42:37+00:00","description":"\u201eMASTERKIDZ medinis lauko edukacinis stalas 1200L STEM su priedais\u201c - KidsPlay. Did\u017eiausias vaik\u0173 \u017eaisl\u0173 pasirinkimas.","breadcrumb":{"@id":"https:\/\/kidsplay.lt\/produktas\/masterkidz-medinis-lauko-edukacinis-stalas-1200l-stem-su-priedais\/#breadcrumb"},"inLanguage":"lv-LV","potentialAction":[{"@type":"ReadAction","target":["https:\/\/kidsplay.lt\/produktas\/masterkidz-medinis-lauko-edukacinis-stalas-1200l-stem-su-priedais\/"]}]},{"@type":"ImageObject","inLanguage":"lv-LV","@id":"https:\/\/kidsplay.lt\/produktas\/masterkidz-medinis-lauko-edukacinis-stalas-1200l-stem-su-priedais\/#primaryimage","url":"https:\/\/kidsplay.lt\/wp-content\/uploads\/2026\/04\/\u201eMASTERKIDZ-medinis-lauko-edukacinis-stalas-1200L-STEM-su-priedais.jpg","contentUrl":"https:\/\/kidsplay.lt\/wp-content\/uploads\/2026\/04\/\u201eMASTERKIDZ-medinis-lauko-edukacinis-stalas-1200L-STEM-su-priedais.jpg","width":1000,"height":1000,"caption":"\u201eMASTERKIDZ medinis lauko edukacinis stalas 1200L STEM su priedais\u201c"},{"@type":"BreadcrumbList","@id":"https:\/\/kidsplay.lt\/produktas\/masterkidz-medinis-lauko-edukacinis-stalas-1200l-stem-su-priedais\/#breadcrumb","itemListElement":[{"@type":"ListItem","position":1,"name":"Pagrindinis","item":"https:\/\/kidsplay.lt\/"},{"@type":"ListItem","position":2,"name":"Parduotuv\u0117","item":"https:\/\/kidsplay.lt\/parduotuve\/"},{"@type":"ListItem","position":3,"name":"\u201eMASTERKIDZ medinis lauko edukacinis stalas 1200L STEM su priedais\u201c"}]},{"@type":"WebSite","@id":"https:\/\/kidsplay.lt\/#website","url":"https:\/\/kidsplay.lt\/","name":"B\u0113rnu sp\u0113les.lv","description":"\u012evairios prek\u0117s vaikams","publisher":{"@id":"https:\/\/kidsplay.lt\/#organization"},"alternateName":"Kidsplay","potentialAction":[{"@type":"SearchAction","target":{"@type":"EntryPoint","urlTemplate":"https:\/\/kidsplay.lt\/?s={search_term_string}"},"query-input":{"@type":"PropertyValueSpecification","valueRequired":true,"valueName":"search_term_string"}}],"inLanguage":"lv-LV"},{"@type":"Organization","@id":"https:\/\/kidsplay.lt\/#organization","name":"B\u0113rnu sp\u0113le","url":"https:\/\/kidsplay.lt\/","logo":{"@type":"ImageObject","inLanguage":"lv-LV","@id":"https:\/\/kidsplay.lt\/#\/schema\/logo\/image\/","url":"https:\/\/kidsplay.lt\/wp-content\/uploads\/2023\/07\/kidsplay-logo.png","contentUrl":"https:\/\/kidsplay.lt\/wp-content\/uploads\/2023\/07\/kidsplay-logo.png","width":451,"height":98,"caption":"KidsPlay"},"image":{"@id":"https:\/\/kidsplay.lt\/#\/schema\/logo\/image\/"},"sameAs":["https:\/\/www.facebook.com\/www.kidsplay.lt"]}]}},"_links":{"self":[{"href":"https:\/\/kidsplay.lt\/lv\/wp-json\/wp\/v2\/product\/102719","targetHints":{"allow":["GET"]}}],"collection":[{"href":"https:\/\/kidsplay.lt\/lv\/wp-json\/wp\/v2\/product"}],"about":[{"href":"https:\/\/kidsplay.lt\/lv\/wp-json\/wp\/v2\/types\/product"}],"version-history":[{"count":1,"href":"https:\/\/kidsplay.lt\/lv\/wp-json\/wp\/v2\/product\/102719\/revisions"}],"predecessor-version":[{"id":102720,"href":"https:\/\/kidsplay.lt\/lv\/wp-json\/wp\/v2\/product\/102719\/revisions\/102720"}],"wp:featuredmedia":[{"embeddable":true,"href":"https:\/\/kidsplay.lt\/lv\/wp-json\/wp\/v2\/media\/102721"}],"wp:attachment":[{"href":"https:\/\/kidsplay.lt\/lv\/wp-json\/wp\/v2\/media?parent=102719"}],"wp:term":[{"taxonomy":"product_brand","embeddable":true,"href":"https:\/\/kidsplay.lt\/lv\/wp-json\/wp\/v2\/product_brand?post=102719"},{"taxonomy":"product_cat","embeddable":true,"href":"https:\/\/kidsplay.lt\/lv\/wp-json\/wp\/v2\/product_cat?post=102719"},{"taxonomy":"product_tag","embeddable":true,"href":"https:\/\/kidsplay.lt\/lv\/wp-json\/wp\/v2\/product_tag?post=102719"}],"curies":[{"name":"wp","href":"https:\/\/api.w.org\/{rel}","templated":true}]}}