{"id":102733,"date":"2026-04-07T09:24:24","date_gmt":"2026-04-07T06:24:24","guid":{"rendered":"https:\/\/kidsplay.lt\/produktas\/woopie-smelio-deze-baseinas-kriaukle-rozine-3in1\/"},"modified":"2026-04-07T09:24:43","modified_gmt":"2026-04-07T06:24:43","slug":"woopie-smelio-deze-baseinas-kriaukle-rozine-3in1","status":"publish","type":"product","link":"https:\/\/kidsplay.lt\/lv\/products\/woopie-smelio-deze-baseinas-kriaukle-rozine-3in1\/","title":{"rendered":"WOOPIE smil\u0161u kaste\/baseins &quot;Izlietne&quot; roz\u0101 3in1"},"content":{"rendered":"<p>WOOPIE \u201eKriaukl\u0117s\u201c sm\u0117lio d\u0117\u017e\u0117 \u2013 puikus \u017eaislas tiek namams, tiek lauko pramogoms. Pagaminta i\u0161 oro s\u0105lygoms atsparios med\u017eiagos, tod\u0117l spalva neblunka saul\u0117je. Neturi a\u0161tri\u0173 kamp\u0173, tod\u0117l yra visi\u0161kai saugi vaikui. Tai idealus sprendimas valand\u0173 valandas trunkan\u010diam \u017eaidimui.<br \/>\n\u017daislas yra 3 viename: gali b\u016bti naudojamas kaip sm\u0117lio d\u0117\u017e\u0117, vandens basein\u0117lis arba saus\u0173 kamuoliuk\u0173 baseinas. \u012epylus vandens, viena kriaukl\u0117s dalis gali b\u016bti naudojama kaip baseinas, o kita \u2013 kaip sm\u0117lio d\u0117\u017e\u0117. Ne sezono metu j\u0105 galima naudoti namuose kaip didel\u0119 \u017eaisl\u0173 d\u0117\u017e\u0119 arba saus\u0105 basein\u0105.<br \/>\nKriaukl\u0117 yra lengvai transportuojama ir paprastai valoma, o apval\u016bs kra\u0161tai u\u017etikrina saug\u0173 naudojim\u0105 vaikams.<br \/>\nRaksturojums:<\/p>\n<p> \tSkirta vaikams nuo 12 m\u0117nesi\u0173<br \/>\n \tPagaminta i\u0161 auk\u0161tos kokyb\u0117s med\u017eiagos<br \/>\n \tBe a\u0161tri\u0173 kamp\u0173 \u2013 saugus \u017eaidimas<br \/>\n \t3 in 1: sm\u0117lio d\u0117\u017e\u0117, baseinas, sausas baseinas<\/p>","protected":false},"excerpt":{"rendered":"<p>WOOPIE \u201eKriaukl\u0117s\u201c sm\u0117lio d\u0117\u017e\u0117 \u2013 puikus \u017eaislas tiek namams, tiek lauko pramogoms. Pagaminta i\u0161 oro s\u0105lygoms atsparios med\u017eiagos, tod\u0117l spalva<\/p>","protected":false},"featured_media":102735,"template":"","meta":{"_acf_changed":false,"_glsr_average":0,"_glsr_ranking":0,"_glsr_reviews":0},"product_brand":[],"product_cat":[233,327],"product_tag":[],"class_list":{"0":"post-102733","1":"product","2":"type-product","3":"status-publish","4":"has-post-thumbnail","6":"product_cat-lauko-pramogos","7":"product_cat-smelio-dezes-ir-priedai","8":"\"style=\"background-color: #2ecc711c;\"","10":"first","11":"instock","12":"purchasable","13":"product-type-simple"},"acf":[],"yoast_head":"<!-- This site is optimized with the Yoast SEO plugin v27.3 - https:\/\/yoast.com\/product\/yoast-seo-wordpress\/ -->\n<title>WOOPIE sm\u0117lio d\u0117\u017e\u0117 \/ baseinas \u201eKriaukl\u0117\u201c ro\u017ein\u0117 3in1<\/title>\n<meta name=\"description\" content=\"WOOPIE sm\u0117lio d\u0117\u017e\u0117 \/ baseinas \u201eKriaukl\u0117\u201c ro\u017ein\u0117 3in1 - KidsPlay. Did\u017eiausias vaik\u0173 \u017eaisl\u0173 pasirinkimas.\" \/>\n<meta name=\"robots\" content=\"index, follow, max-snippet:-1, max-image-preview:large, max-video-preview:-1\" \/>\n<link rel=\"canonical\" href=\"https:\/\/kidsplay.lt\/lv\/products\/woopie-smelio-deze-baseinas-kriaukle-rozine-3in1\/\" \/>\n<meta property=\"og:locale\" content=\"lv_LV\" \/>\n<meta property=\"og:type\" content=\"article\" \/>\n<meta property=\"og:title\" content=\"WOOPIE sm\u0117lio d\u0117\u017e\u0117 \/ baseinas \u201eKriaukl\u0117\u201c ro\u017ein\u0117 3in1\" \/>\n<meta property=\"og:description\" content=\"WOOPIE sm\u0117lio d\u0117\u017e\u0117 \/ baseinas \u201eKriaukl\u0117\u201c ro\u017ein\u0117 3in1 - KidsPlay. Did\u017eiausias vaik\u0173 \u017eaisl\u0173 pasirinkimas.\" \/>\n<meta property=\"og:url\" content=\"https:\/\/kidsplay.lt\/lv\/products\/woopie-smelio-deze-baseinas-kriaukle-rozine-3in1\/\" \/>\n<meta property=\"og:site_name\" content=\"KidsPlay\" \/>\n<meta property=\"article:publisher\" content=\"https:\/\/www.facebook.com\/www.kidsplay.lt\" \/>\n<meta property=\"article:modified_time\" content=\"2026-04-07T06:24:43+00:00\" \/>\n<meta property=\"og:image\" content=\"https:\/\/kidsplay.lt\/wp-content\/uploads\/2026\/04\/WOOPIE-smelio-deze-baseinas-\u201eKriaukle-rozine-3in1.jpg\" \/>\n\t<meta property=\"og:image:width\" content=\"2560\" \/>\n\t<meta property=\"og:image:height\" content=\"2560\" \/>\n\t<meta property=\"og:image:type\" content=\"image\/jpeg\" \/>\n<meta name=\"twitter:card\" content=\"summary_large_image\" \/>\n<meta name=\"twitter:label1\" content=\"Est. reading time\" \/>\n\t<meta name=\"twitter:data1\" content=\"1 min\u016bte\" \/>\n<script type=\"application\/ld+json\" class=\"yoast-schema-graph\">{\"@context\":\"https:\\\/\\\/schema.org\",\"@graph\":[{\"@type\":\"WebPage\",\"@id\":\"https:\\\/\\\/kidsplay.lt\\\/produktas\\\/woopie-smelio-deze-baseinas-kriaukle-rozine-3in1\\\/\",\"url\":\"https:\\\/\\\/kidsplay.lt\\\/produktas\\\/woopie-smelio-deze-baseinas-kriaukle-rozine-3in1\\\/\",\"name\":\"WOOPIE sm\u0117lio d\u0117\u017e\u0117 \\\/ baseinas \u201eKriaukl\u0117\u201c ro\u017ein\u0117 3in1\",\"isPartOf\":{\"@id\":\"https:\\\/\\\/kidsplay.lt\\\/#website\"},\"primaryImageOfPage\":{\"@id\":\"https:\\\/\\\/kidsplay.lt\\\/produktas\\\/woopie-smelio-deze-baseinas-kriaukle-rozine-3in1\\\/#primaryimage\"},\"image\":{\"@id\":\"https:\\\/\\\/kidsplay.lt\\\/produktas\\\/woopie-smelio-deze-baseinas-kriaukle-rozine-3in1\\\/#primaryimage\"},\"thumbnailUrl\":\"https:\\\/\\\/kidsplay.lt\\\/wp-content\\\/uploads\\\/2026\\\/04\\\/WOOPIE-smelio-deze-baseinas-\u201eKriaukle-rozine-3in1.jpg\",\"datePublished\":\"2026-04-07T06:24:24+00:00\",\"dateModified\":\"2026-04-07T06:24:43+00:00\",\"description\":\"WOOPIE sm\u0117lio d\u0117\u017e\u0117 \\\/ baseinas \u201eKriaukl\u0117\u201c ro\u017ein\u0117 3in1 - KidsPlay. Did\u017eiausias vaik\u0173 \u017eaisl\u0173 pasirinkimas.\",\"breadcrumb\":{\"@id\":\"https:\\\/\\\/kidsplay.lt\\\/produktas\\\/woopie-smelio-deze-baseinas-kriaukle-rozine-3in1\\\/#breadcrumb\"},\"inLanguage\":\"lv-LV\",\"potentialAction\":[{\"@type\":\"ReadAction\",\"target\":[\"https:\\\/\\\/kidsplay.lt\\\/produktas\\\/woopie-smelio-deze-baseinas-kriaukle-rozine-3in1\\\/\"]}]},{\"@type\":\"ImageObject\",\"inLanguage\":\"lv-LV\",\"@id\":\"https:\\\/\\\/kidsplay.lt\\\/produktas\\\/woopie-smelio-deze-baseinas-kriaukle-rozine-3in1\\\/#primaryimage\",\"url\":\"https:\\\/\\\/kidsplay.lt\\\/wp-content\\\/uploads\\\/2026\\\/04\\\/WOOPIE-smelio-deze-baseinas-\u201eKriaukle-rozine-3in1.jpg\",\"contentUrl\":\"https:\\\/\\\/kidsplay.lt\\\/wp-content\\\/uploads\\\/2026\\\/04\\\/WOOPIE-smelio-deze-baseinas-\u201eKriaukle-rozine-3in1.jpg\",\"width\":2560,\"height\":2560,\"caption\":\"WOOPIE sm\u0117lio d\u0117\u017e\u0117 \\\/ baseinas \u201eKriaukl\u0117\u201c ro\u017ein\u0117 3in1\"},{\"@type\":\"BreadcrumbList\",\"@id\":\"https:\\\/\\\/kidsplay.lt\\\/produktas\\\/woopie-smelio-deze-baseinas-kriaukle-rozine-3in1\\\/#breadcrumb\",\"itemListElement\":[{\"@type\":\"ListItem\",\"position\":1,\"name\":\"Pagrindinis\",\"item\":\"https:\\\/\\\/kidsplay.lt\\\/\"},{\"@type\":\"ListItem\",\"position\":2,\"name\":\"Parduotuv\u0117\",\"item\":\"https:\\\/\\\/kidsplay.lt\\\/parduotuve\\\/\"},{\"@type\":\"ListItem\",\"position\":3,\"name\":\"WOOPIE sm\u0117lio d\u0117\u017e\u0117 \\\/ baseinas \u201eKriaukl\u0117\u201c ro\u017ein\u0117 3in1\"}]},{\"@type\":\"WebSite\",\"@id\":\"https:\\\/\\\/kidsplay.lt\\\/#website\",\"url\":\"https:\\\/\\\/kidsplay.lt\\\/\",\"name\":\"Kidsplay.lt\",\"description\":\"\u012evairios prek\u0117s vaikams\",\"publisher\":{\"@id\":\"https:\\\/\\\/kidsplay.lt\\\/#organization\"},\"alternateName\":\"Kidsplay\",\"potentialAction\":[{\"@type\":\"SearchAction\",\"target\":{\"@type\":\"EntryPoint\",\"urlTemplate\":\"https:\\\/\\\/kidsplay.lt\\\/?s={search_term_string}\"},\"query-input\":{\"@type\":\"PropertyValueSpecification\",\"valueRequired\":true,\"valueName\":\"search_term_string\"}}],\"inLanguage\":\"lv-LV\"},{\"@type\":\"Organization\",\"@id\":\"https:\\\/\\\/kidsplay.lt\\\/#organization\",\"name\":\"KidsPlay\",\"url\":\"https:\\\/\\\/kidsplay.lt\\\/\",\"logo\":{\"@type\":\"ImageObject\",\"inLanguage\":\"lv-LV\",\"@id\":\"https:\\\/\\\/kidsplay.lt\\\/#\\\/schema\\\/logo\\\/image\\\/\",\"url\":\"https:\\\/\\\/kidsplay.lt\\\/wp-content\\\/uploads\\\/2023\\\/07\\\/kidsplay-logo.png\",\"contentUrl\":\"https:\\\/\\\/kidsplay.lt\\\/wp-content\\\/uploads\\\/2023\\\/07\\\/kidsplay-logo.png\",\"width\":451,\"height\":98,\"caption\":\"KidsPlay\"},\"image\":{\"@id\":\"https:\\\/\\\/kidsplay.lt\\\/#\\\/schema\\\/logo\\\/image\\\/\"},\"sameAs\":[\"https:\\\/\\\/www.facebook.com\\\/www.kidsplay.lt\"]}]}<\/script>\n<!-- \/ Yoast SEO plugin. -->","yoast_head_json":{"title":"WOOPIE smil\u0161u kaste\/baseins &quot;Izlietne&quot; roz\u0101 3in1","description":"WOOPIE sm\u0117lio d\u0117\u017e\u0117 \/ baseinas \u201eKriaukl\u0117\u201c ro\u017ein\u0117 3in1 - KidsPlay. Did\u017eiausias vaik\u0173 \u017eaisl\u0173 pasirinkimas.","robots":{"index":"index","follow":"follow","max-snippet":"max-snippet:-1","max-image-preview":"max-image-preview:large","max-video-preview":"max-video-preview:-1"},"canonical":"https:\/\/kidsplay.lt\/lv\/products\/woopie-smelio-deze-baseinas-kriaukle-rozine-3in1\/","og_locale":"lv_LV","og_type":"article","og_title":"WOOPIE sm\u0117lio d\u0117\u017e\u0117 \/ baseinas \u201eKriaukl\u0117\u201c ro\u017ein\u0117 3in1","og_description":"WOOPIE sm\u0117lio d\u0117\u017e\u0117 \/ baseinas \u201eKriaukl\u0117\u201c ro\u017ein\u0117 3in1 - KidsPlay. Did\u017eiausias vaik\u0173 \u017eaisl\u0173 pasirinkimas.","og_url":"https:\/\/kidsplay.lt\/lv\/products\/woopie-smelio-deze-baseinas-kriaukle-rozine-3in1\/","og_site_name":"KidsPlay","article_publisher":"https:\/\/www.facebook.com\/www.kidsplay.lt","article_modified_time":"2026-04-07T06:24:43+00:00","og_image":[{"width":2560,"height":2560,"url":"https:\/\/kidsplay.lt\/wp-content\/uploads\/2026\/04\/WOOPIE-smelio-deze-baseinas-\u201eKriaukle-rozine-3in1.jpg","type":"image\/jpeg"}],"twitter_card":"summary_large_image","twitter_misc":{"Est. reading time":"1 min\u016bte"},"schema":{"@context":"https:\/\/schema.org","@graph":[{"@type":"WebPage","@id":"https:\/\/kidsplay.lt\/produktas\/woopie-smelio-deze-baseinas-kriaukle-rozine-3in1\/","url":"https:\/\/kidsplay.lt\/produktas\/woopie-smelio-deze-baseinas-kriaukle-rozine-3in1\/","name":"WOOPIE smil\u0161u kaste\/baseins &quot;Izlietne&quot; roz\u0101 3in1","isPartOf":{"@id":"https:\/\/kidsplay.lt\/#website"},"primaryImageOfPage":{"@id":"https:\/\/kidsplay.lt\/produktas\/woopie-smelio-deze-baseinas-kriaukle-rozine-3in1\/#primaryimage"},"image":{"@id":"https:\/\/kidsplay.lt\/produktas\/woopie-smelio-deze-baseinas-kriaukle-rozine-3in1\/#primaryimage"},"thumbnailUrl":"https:\/\/kidsplay.lt\/wp-content\/uploads\/2026\/04\/WOOPIE-smelio-deze-baseinas-\u201eKriaukle-rozine-3in1.jpg","datePublished":"2026-04-07T06:24:24+00:00","dateModified":"2026-04-07T06:24:43+00:00","description":"WOOPIE sm\u0117lio d\u0117\u017e\u0117 \/ baseinas \u201eKriaukl\u0117\u201c ro\u017ein\u0117 3in1 - KidsPlay. Did\u017eiausias vaik\u0173 \u017eaisl\u0173 pasirinkimas.","breadcrumb":{"@id":"https:\/\/kidsplay.lt\/produktas\/woopie-smelio-deze-baseinas-kriaukle-rozine-3in1\/#breadcrumb"},"inLanguage":"lv-LV","potentialAction":[{"@type":"ReadAction","target":["https:\/\/kidsplay.lt\/produktas\/woopie-smelio-deze-baseinas-kriaukle-rozine-3in1\/"]}]},{"@type":"ImageObject","inLanguage":"lv-LV","@id":"https:\/\/kidsplay.lt\/produktas\/woopie-smelio-deze-baseinas-kriaukle-rozine-3in1\/#primaryimage","url":"https:\/\/kidsplay.lt\/wp-content\/uploads\/2026\/04\/WOOPIE-smelio-deze-baseinas-\u201eKriaukle-rozine-3in1.jpg","contentUrl":"https:\/\/kidsplay.lt\/wp-content\/uploads\/2026\/04\/WOOPIE-smelio-deze-baseinas-\u201eKriaukle-rozine-3in1.jpg","width":2560,"height":2560,"caption":"WOOPIE sm\u0117lio d\u0117\u017e\u0117 \/ baseinas \u201eKriaukl\u0117\u201c ro\u017ein\u0117 3in1"},{"@type":"BreadcrumbList","@id":"https:\/\/kidsplay.lt\/produktas\/woopie-smelio-deze-baseinas-kriaukle-rozine-3in1\/#breadcrumb","itemListElement":[{"@type":"ListItem","position":1,"name":"Pagrindinis","item":"https:\/\/kidsplay.lt\/"},{"@type":"ListItem","position":2,"name":"Parduotuv\u0117","item":"https:\/\/kidsplay.lt\/parduotuve\/"},{"@type":"ListItem","position":3,"name":"WOOPIE sm\u0117lio d\u0117\u017e\u0117 \/ baseinas \u201eKriaukl\u0117\u201c ro\u017ein\u0117 3in1"}]},{"@type":"WebSite","@id":"https:\/\/kidsplay.lt\/#website","url":"https:\/\/kidsplay.lt\/","name":"B\u0113rnu sp\u0113les.lv","description":"\u012evairios prek\u0117s vaikams","publisher":{"@id":"https:\/\/kidsplay.lt\/#organization"},"alternateName":"Kidsplay","potentialAction":[{"@type":"SearchAction","target":{"@type":"EntryPoint","urlTemplate":"https:\/\/kidsplay.lt\/?s={search_term_string}"},"query-input":{"@type":"PropertyValueSpecification","valueRequired":true,"valueName":"search_term_string"}}],"inLanguage":"lv-LV"},{"@type":"Organization","@id":"https:\/\/kidsplay.lt\/#organization","name":"B\u0113rnu sp\u0113le","url":"https:\/\/kidsplay.lt\/","logo":{"@type":"ImageObject","inLanguage":"lv-LV","@id":"https:\/\/kidsplay.lt\/#\/schema\/logo\/image\/","url":"https:\/\/kidsplay.lt\/wp-content\/uploads\/2023\/07\/kidsplay-logo.png","contentUrl":"https:\/\/kidsplay.lt\/wp-content\/uploads\/2023\/07\/kidsplay-logo.png","width":451,"height":98,"caption":"KidsPlay"},"image":{"@id":"https:\/\/kidsplay.lt\/#\/schema\/logo\/image\/"},"sameAs":["https:\/\/www.facebook.com\/www.kidsplay.lt"]}]}},"_links":{"self":[{"href":"https:\/\/kidsplay.lt\/lv\/wp-json\/wp\/v2\/product\/102733","targetHints":{"allow":["GET"]}}],"collection":[{"href":"https:\/\/kidsplay.lt\/lv\/wp-json\/wp\/v2\/product"}],"about":[{"href":"https:\/\/kidsplay.lt\/lv\/wp-json\/wp\/v2\/types\/product"}],"version-history":[{"count":1,"href":"https:\/\/kidsplay.lt\/lv\/wp-json\/wp\/v2\/product\/102733\/revisions"}],"predecessor-version":[{"id":102734,"href":"https:\/\/kidsplay.lt\/lv\/wp-json\/wp\/v2\/product\/102733\/revisions\/102734"}],"wp:featuredmedia":[{"embeddable":true,"href":"https:\/\/kidsplay.lt\/lv\/wp-json\/wp\/v2\/media\/102735"}],"wp:attachment":[{"href":"https:\/\/kidsplay.lt\/lv\/wp-json\/wp\/v2\/media?parent=102733"}],"wp:term":[{"taxonomy":"product_brand","embeddable":true,"href":"https:\/\/kidsplay.lt\/lv\/wp-json\/wp\/v2\/product_brand?post=102733"},{"taxonomy":"product_cat","embeddable":true,"href":"https:\/\/kidsplay.lt\/lv\/wp-json\/wp\/v2\/product_cat?post=102733"},{"taxonomy":"product_tag","embeddable":true,"href":"https:\/\/kidsplay.lt\/lv\/wp-json\/wp\/v2\/product_tag?post=102733"}],"curies":[{"name":"wp","href":"https:\/\/api.w.org\/{rel}","templated":true}]}}