{"id":102740,"date":"2026-04-07T09:24:45","date_gmt":"2026-04-07T06:24:45","guid":{"rendered":"https:\/\/kidsplay.lt\/produktas\/woopie-dino-balansines-supynes-sviesiai-melynos\/"},"modified":"2026-04-21T18:30:29","modified_gmt":"2026-04-21T15:30:29","slug":"woopie-dino-balansines-supynes-sviesiai-melynos","status":"publish","type":"product","link":"https:\/\/kidsplay.lt\/lv\/products\/woopie-dino-balansines-supynes-sviesiai-melynos\/","title":{"rendered":"WOOPIE Dino l\u012bdzsvara \u0161\u016bpoles - gai\u0161i zilas"},"content":{"rendered":"<p>WOOPIE Dino daugiafunkc\u0117s s\u016bpyn\u0117s taps m\u0117gstamiausiu j\u016bs\u0173 vaik\u0173 dinozauru! Vienu metu jomis gali \u017eaisti iki trij\u0173 vaik\u0173, o net vienas vaikas patirs daug d\u017eiaugsmo. Kai du vaikai s\u016bpuojasi kartu, Dino veikia kaip balansin\u0117 s\u016bpyn\u0117, leid\u017eianti bendradarbiauti ir s\u016bpuotis be galo.<br \/>\nS\u016bpyn\u0117s suteikia daug naudos vaikams: s\u016bpimasis ramina ir lavina motorinius \u012fg\u016bd\u017eius, kas yra svarbu tinkamam vystymuisi. Be to, dinozauras skatina vaizduot\u0119 ir k\u016brybi\u0161kum\u0105. Produktas tinkamas naudoti tiek namuose, tiek lauke.<br \/>\n\u2705 Charakteristikos:\u2714\ufe0f Daugiafunkc\u0117s s\u016bpyn\u0117s \u2013 iki trij\u0173 vaik\u0173 vienu metu\u2714\ufe0f Balansin\u0117s s\u016bpyn\u0117s funkcija\u2714\ufe0f Pagaminta i\u0161 vaikui saugi\u0173, patvari\u0173 med\u017eiag\u0173\u2714\ufe0f Skatina bendradarbiavim\u0105 per bendr\u0105 s\u016bpynim\u0105si\u2714\ufe0f Tinka naudoti viduje ir lauke<\/p>","protected":false},"excerpt":{"rendered":"<p>WOOPIE Dino daugiafunkc\u0117s s\u016bpyn\u0117s taps m\u0117gstamiausiu j\u016bs\u0173 vaik\u0173 dinozauru! Vienu metu jomis gali \u017eaisti iki trij\u0173 vaik\u0173, o net vienas<\/p>","protected":false},"featured_media":102742,"template":"","meta":{"_acf_changed":false,"_glsr_average":0,"_glsr_ranking":0,"_glsr_reviews":0},"product_brand":[],"product_cat":[233,232],"product_tag":[],"class_list":{"0":"post-102740","1":"product","2":"type-product","3":"status-publish","4":"has-post-thumbnail","6":"product_cat-lauko-pramogos","7":"product_cat-supynes","8":"\"style=\"background-color: #2ecc711c;\"","10":"first","11":"instock","12":"purchasable","13":"product-type-simple"},"acf":[],"yoast_head":"<!-- This site is optimized with the Yoast SEO plugin v27.4 - https:\/\/yoast.com\/product\/yoast-seo-wordpress\/ -->\n<title>WOOPIE Dino balansin\u0117s s\u016bpyn\u0117s \u2013 \u0161viesiai m\u0117lynos<\/title>\n<meta name=\"description\" content=\"WOOPIE Dino balansin\u0117s s\u016bpyn\u0117s \u2013 \u0161viesiai m\u0117lynos - KidsPlay. Did\u017eiausias vaik\u0173 \u017eaisl\u0173 pasirinkimas.\" \/>\n<meta name=\"robots\" content=\"index, follow, max-snippet:-1, max-image-preview:large, max-video-preview:-1\" \/>\n<link rel=\"canonical\" href=\"https:\/\/kidsplay.lt\/lv\/products\/woopie-dino-balansines-supynes-sviesiai-melynos\/\" \/>\n<meta property=\"og:locale\" content=\"lv_LV\" \/>\n<meta property=\"og:type\" content=\"article\" \/>\n<meta property=\"og:title\" content=\"WOOPIE Dino balansin\u0117s s\u016bpyn\u0117s \u2013 \u0161viesiai m\u0117lynos\" \/>\n<meta property=\"og:description\" content=\"WOOPIE Dino balansin\u0117s s\u016bpyn\u0117s \u2013 \u0161viesiai m\u0117lynos - KidsPlay. Did\u017eiausias vaik\u0173 \u017eaisl\u0173 pasirinkimas.\" \/>\n<meta property=\"og:url\" content=\"https:\/\/kidsplay.lt\/lv\/products\/woopie-dino-balansines-supynes-sviesiai-melynos\/\" \/>\n<meta property=\"og:site_name\" content=\"KidsPlay\" \/>\n<meta property=\"article:publisher\" content=\"https:\/\/www.facebook.com\/www.kidsplay.lt\" \/>\n<meta property=\"article:modified_time\" content=\"2026-04-21T15:30:29+00:00\" \/>\n<meta property=\"og:image\" content=\"https:\/\/kidsplay.lt\/wp-content\/uploads\/2026\/04\/WOOPIE-Dino-balansines-supynes-\u2013-sviesiai-melynos.jpg\" \/>\n\t<meta property=\"og:image:width\" content=\"2560\" \/>\n\t<meta property=\"og:image:height\" content=\"2560\" \/>\n\t<meta property=\"og:image:type\" content=\"image\/jpeg\" \/>\n<meta name=\"twitter:card\" content=\"summary_large_image\" \/>\n<meta name=\"twitter:label1\" content=\"Est. reading time\" \/>\n\t<meta name=\"twitter:data1\" content=\"1 min\u016bte\" \/>\n<script type=\"application\/ld+json\" class=\"yoast-schema-graph\">{\"@context\":\"https:\\\/\\\/schema.org\",\"@graph\":[{\"@type\":\"WebPage\",\"@id\":\"https:\\\/\\\/kidsplay.lt\\\/produktas\\\/woopie-dino-balansines-supynes-sviesiai-melynos\\\/\",\"url\":\"https:\\\/\\\/kidsplay.lt\\\/produktas\\\/woopie-dino-balansines-supynes-sviesiai-melynos\\\/\",\"name\":\"WOOPIE Dino balansin\u0117s s\u016bpyn\u0117s \u2013 \u0161viesiai m\u0117lynos\",\"isPartOf\":{\"@id\":\"https:\\\/\\\/kidsplay.lt\\\/#website\"},\"primaryImageOfPage\":{\"@id\":\"https:\\\/\\\/kidsplay.lt\\\/produktas\\\/woopie-dino-balansines-supynes-sviesiai-melynos\\\/#primaryimage\"},\"image\":{\"@id\":\"https:\\\/\\\/kidsplay.lt\\\/produktas\\\/woopie-dino-balansines-supynes-sviesiai-melynos\\\/#primaryimage\"},\"thumbnailUrl\":\"https:\\\/\\\/kidsplay.lt\\\/wp-content\\\/uploads\\\/2026\\\/04\\\/WOOPIE-Dino-balansines-supynes-\u2013-sviesiai-melynos.jpg\",\"datePublished\":\"2026-04-07T06:24:45+00:00\",\"dateModified\":\"2026-04-21T15:30:29+00:00\",\"description\":\"WOOPIE Dino balansin\u0117s s\u016bpyn\u0117s \u2013 \u0161viesiai m\u0117lynos - KidsPlay. Did\u017eiausias vaik\u0173 \u017eaisl\u0173 pasirinkimas.\",\"breadcrumb\":{\"@id\":\"https:\\\/\\\/kidsplay.lt\\\/produktas\\\/woopie-dino-balansines-supynes-sviesiai-melynos\\\/#breadcrumb\"},\"inLanguage\":\"lv-LV\",\"potentialAction\":[{\"@type\":\"ReadAction\",\"target\":[\"https:\\\/\\\/kidsplay.lt\\\/produktas\\\/woopie-dino-balansines-supynes-sviesiai-melynos\\\/\"]}]},{\"@type\":\"ImageObject\",\"inLanguage\":\"lv-LV\",\"@id\":\"https:\\\/\\\/kidsplay.lt\\\/produktas\\\/woopie-dino-balansines-supynes-sviesiai-melynos\\\/#primaryimage\",\"url\":\"https:\\\/\\\/kidsplay.lt\\\/wp-content\\\/uploads\\\/2026\\\/04\\\/WOOPIE-Dino-balansines-supynes-\u2013-sviesiai-melynos.jpg\",\"contentUrl\":\"https:\\\/\\\/kidsplay.lt\\\/wp-content\\\/uploads\\\/2026\\\/04\\\/WOOPIE-Dino-balansines-supynes-\u2013-sviesiai-melynos.jpg\",\"width\":2560,\"height\":2560,\"caption\":\"WOOPIE Dino balansin\u0117s s\u016bpyn\u0117s \u2013 \u0161viesiai m\u0117lynos\"},{\"@type\":\"BreadcrumbList\",\"@id\":\"https:\\\/\\\/kidsplay.lt\\\/produktas\\\/woopie-dino-balansines-supynes-sviesiai-melynos\\\/#breadcrumb\",\"itemListElement\":[{\"@type\":\"ListItem\",\"position\":1,\"name\":\"Pagrindinis\",\"item\":\"https:\\\/\\\/kidsplay.lt\\\/\"},{\"@type\":\"ListItem\",\"position\":2,\"name\":\"Parduotuv\u0117\",\"item\":\"https:\\\/\\\/kidsplay.lt\\\/parduotuve\\\/\"},{\"@type\":\"ListItem\",\"position\":3,\"name\":\"WOOPIE Dino balansin\u0117s s\u016bpyn\u0117s \u2013 \u0161viesiai m\u0117lynos\"}]},{\"@type\":\"WebSite\",\"@id\":\"https:\\\/\\\/kidsplay.lt\\\/#website\",\"url\":\"https:\\\/\\\/kidsplay.lt\\\/\",\"name\":\"Kidsplay.lt\",\"description\":\"\u012evairios prek\u0117s vaikams\",\"publisher\":{\"@id\":\"https:\\\/\\\/kidsplay.lt\\\/#organization\"},\"alternateName\":\"Kidsplay\",\"potentialAction\":[{\"@type\":\"SearchAction\",\"target\":{\"@type\":\"EntryPoint\",\"urlTemplate\":\"https:\\\/\\\/kidsplay.lt\\\/?s={search_term_string}\"},\"query-input\":{\"@type\":\"PropertyValueSpecification\",\"valueRequired\":true,\"valueName\":\"search_term_string\"}}],\"inLanguage\":\"lv-LV\"},{\"@type\":\"Organization\",\"@id\":\"https:\\\/\\\/kidsplay.lt\\\/#organization\",\"name\":\"KidsPlay\",\"url\":\"https:\\\/\\\/kidsplay.lt\\\/\",\"logo\":{\"@type\":\"ImageObject\",\"inLanguage\":\"lv-LV\",\"@id\":\"https:\\\/\\\/kidsplay.lt\\\/#\\\/schema\\\/logo\\\/image\\\/\",\"url\":\"https:\\\/\\\/kidsplay.lt\\\/wp-content\\\/uploads\\\/2023\\\/07\\\/kidsplay-logo.png\",\"contentUrl\":\"https:\\\/\\\/kidsplay.lt\\\/wp-content\\\/uploads\\\/2023\\\/07\\\/kidsplay-logo.png\",\"width\":451,\"height\":98,\"caption\":\"KidsPlay\"},\"image\":{\"@id\":\"https:\\\/\\\/kidsplay.lt\\\/#\\\/schema\\\/logo\\\/image\\\/\"},\"sameAs\":[\"https:\\\/\\\/www.facebook.com\\\/www.kidsplay.lt\"]}]}<\/script>\n<!-- \/ Yoast SEO plugin. -->","yoast_head_json":{"title":"WOOPIE Dino l\u012bdzsvara \u0161\u016bpoles - gai\u0161i zilas","description":"WOOPIE Dino balansin\u0117s s\u016bpyn\u0117s \u2013 \u0161viesiai m\u0117lynos - KidsPlay. Did\u017eiausias vaik\u0173 \u017eaisl\u0173 pasirinkimas.","robots":{"index":"index","follow":"follow","max-snippet":"max-snippet:-1","max-image-preview":"max-image-preview:large","max-video-preview":"max-video-preview:-1"},"canonical":"https:\/\/kidsplay.lt\/lv\/products\/woopie-dino-balansines-supynes-sviesiai-melynos\/","og_locale":"lv_LV","og_type":"article","og_title":"WOOPIE Dino balansin\u0117s s\u016bpyn\u0117s \u2013 \u0161viesiai m\u0117lynos","og_description":"WOOPIE Dino balansin\u0117s s\u016bpyn\u0117s \u2013 \u0161viesiai m\u0117lynos - KidsPlay. Did\u017eiausias vaik\u0173 \u017eaisl\u0173 pasirinkimas.","og_url":"https:\/\/kidsplay.lt\/lv\/products\/woopie-dino-balansines-supynes-sviesiai-melynos\/","og_site_name":"KidsPlay","article_publisher":"https:\/\/www.facebook.com\/www.kidsplay.lt","article_modified_time":"2026-04-21T15:30:29+00:00","og_image":[{"width":2560,"height":2560,"url":"https:\/\/kidsplay.lt\/wp-content\/uploads\/2026\/04\/WOOPIE-Dino-balansines-supynes-\u2013-sviesiai-melynos.jpg","type":"image\/jpeg"}],"twitter_card":"summary_large_image","twitter_misc":{"Est. reading time":"1 min\u016bte"},"schema":{"@context":"https:\/\/schema.org","@graph":[{"@type":"WebPage","@id":"https:\/\/kidsplay.lt\/produktas\/woopie-dino-balansines-supynes-sviesiai-melynos\/","url":"https:\/\/kidsplay.lt\/produktas\/woopie-dino-balansines-supynes-sviesiai-melynos\/","name":"WOOPIE Dino l\u012bdzsvara \u0161\u016bpoles - gai\u0161i zilas","isPartOf":{"@id":"https:\/\/kidsplay.lt\/#website"},"primaryImageOfPage":{"@id":"https:\/\/kidsplay.lt\/produktas\/woopie-dino-balansines-supynes-sviesiai-melynos\/#primaryimage"},"image":{"@id":"https:\/\/kidsplay.lt\/produktas\/woopie-dino-balansines-supynes-sviesiai-melynos\/#primaryimage"},"thumbnailUrl":"https:\/\/kidsplay.lt\/wp-content\/uploads\/2026\/04\/WOOPIE-Dino-balansines-supynes-\u2013-sviesiai-melynos.jpg","datePublished":"2026-04-07T06:24:45+00:00","dateModified":"2026-04-21T15:30:29+00:00","description":"WOOPIE Dino balansin\u0117s s\u016bpyn\u0117s \u2013 \u0161viesiai m\u0117lynos - KidsPlay. Did\u017eiausias vaik\u0173 \u017eaisl\u0173 pasirinkimas.","breadcrumb":{"@id":"https:\/\/kidsplay.lt\/produktas\/woopie-dino-balansines-supynes-sviesiai-melynos\/#breadcrumb"},"inLanguage":"lv-LV","potentialAction":[{"@type":"ReadAction","target":["https:\/\/kidsplay.lt\/produktas\/woopie-dino-balansines-supynes-sviesiai-melynos\/"]}]},{"@type":"ImageObject","inLanguage":"lv-LV","@id":"https:\/\/kidsplay.lt\/produktas\/woopie-dino-balansines-supynes-sviesiai-melynos\/#primaryimage","url":"https:\/\/kidsplay.lt\/wp-content\/uploads\/2026\/04\/WOOPIE-Dino-balansines-supynes-\u2013-sviesiai-melynos.jpg","contentUrl":"https:\/\/kidsplay.lt\/wp-content\/uploads\/2026\/04\/WOOPIE-Dino-balansines-supynes-\u2013-sviesiai-melynos.jpg","width":2560,"height":2560,"caption":"WOOPIE Dino balansin\u0117s s\u016bpyn\u0117s \u2013 \u0161viesiai m\u0117lynos"},{"@type":"BreadcrumbList","@id":"https:\/\/kidsplay.lt\/produktas\/woopie-dino-balansines-supynes-sviesiai-melynos\/#breadcrumb","itemListElement":[{"@type":"ListItem","position":1,"name":"Pagrindinis","item":"https:\/\/kidsplay.lt\/"},{"@type":"ListItem","position":2,"name":"Parduotuv\u0117","item":"https:\/\/kidsplay.lt\/parduotuve\/"},{"@type":"ListItem","position":3,"name":"WOOPIE Dino balansin\u0117s s\u016bpyn\u0117s \u2013 \u0161viesiai m\u0117lynos"}]},{"@type":"WebSite","@id":"https:\/\/kidsplay.lt\/#website","url":"https:\/\/kidsplay.lt\/","name":"B\u0113rnu sp\u0113les.lv","description":"\u012evairios prek\u0117s vaikams","publisher":{"@id":"https:\/\/kidsplay.lt\/#organization"},"alternateName":"Kidsplay","potentialAction":[{"@type":"SearchAction","target":{"@type":"EntryPoint","urlTemplate":"https:\/\/kidsplay.lt\/?s={search_term_string}"},"query-input":{"@type":"PropertyValueSpecification","valueRequired":true,"valueName":"search_term_string"}}],"inLanguage":"lv-LV"},{"@type":"Organization","@id":"https:\/\/kidsplay.lt\/#organization","name":"B\u0113rnu sp\u0113le","url":"https:\/\/kidsplay.lt\/","logo":{"@type":"ImageObject","inLanguage":"lv-LV","@id":"https:\/\/kidsplay.lt\/#\/schema\/logo\/image\/","url":"https:\/\/kidsplay.lt\/wp-content\/uploads\/2023\/07\/kidsplay-logo.png","contentUrl":"https:\/\/kidsplay.lt\/wp-content\/uploads\/2023\/07\/kidsplay-logo.png","width":451,"height":98,"caption":"KidsPlay"},"image":{"@id":"https:\/\/kidsplay.lt\/#\/schema\/logo\/image\/"},"sameAs":["https:\/\/www.facebook.com\/www.kidsplay.lt"]}]}},"_links":{"self":[{"href":"https:\/\/kidsplay.lt\/lv\/wp-json\/wp\/v2\/product\/102740","targetHints":{"allow":["GET"]}}],"collection":[{"href":"https:\/\/kidsplay.lt\/lv\/wp-json\/wp\/v2\/product"}],"about":[{"href":"https:\/\/kidsplay.lt\/lv\/wp-json\/wp\/v2\/types\/product"}],"version-history":[{"count":1,"href":"https:\/\/kidsplay.lt\/lv\/wp-json\/wp\/v2\/product\/102740\/revisions"}],"predecessor-version":[{"id":102741,"href":"https:\/\/kidsplay.lt\/lv\/wp-json\/wp\/v2\/product\/102740\/revisions\/102741"}],"wp:featuredmedia":[{"embeddable":true,"href":"https:\/\/kidsplay.lt\/lv\/wp-json\/wp\/v2\/media\/102742"}],"wp:attachment":[{"href":"https:\/\/kidsplay.lt\/lv\/wp-json\/wp\/v2\/media?parent=102740"}],"wp:term":[{"taxonomy":"product_brand","embeddable":true,"href":"https:\/\/kidsplay.lt\/lv\/wp-json\/wp\/v2\/product_brand?post=102740"},{"taxonomy":"product_cat","embeddable":true,"href":"https:\/\/kidsplay.lt\/lv\/wp-json\/wp\/v2\/product_cat?post=102740"},{"taxonomy":"product_tag","embeddable":true,"href":"https:\/\/kidsplay.lt\/lv\/wp-json\/wp\/v2\/product_tag?post=102740"}],"curies":[{"name":"wp","href":"https:\/\/api.w.org\/{rel}","templated":true}]}}