{"id":103206,"date":"2026-04-13T07:55:32","date_gmt":"2026-04-13T04:55:32","guid":{"rendered":"https:\/\/kidsplay.lt\/produktas\/pripuciamas-vaikiskas-plaukimo-plaustas\/"},"modified":"2026-04-19T11:07:15","modified_gmt":"2026-04-19T08:07:15","slug":"pripuciamas-vaikiskas-plaukimo-plaustas","status":"publish","type":"product","link":"https:\/\/kidsplay.lt\/lv\/products\/pripuciamas-vaikiskas-plaukimo-plaustas\/","title":{"rendered":"Piep\u016b\u0161am\u0101 b\u0113rnu peld\u0113\u0161anas plosta"},"content":{"rendered":"<p>Pakelkite vandens pramogas \u012f nauj\u0105 lyg\u012f! Pripu\u010diamas plaukimo plaustas \u2013 puikus pasirinkimas vaikams, m\u0117gstantiems vandens \u017eaidimus. Jis tinka mokytis plaukti, \u017eaisti baseine ar tiesiog ramiai pl\u016bduriuoti e\u017eere. D\u0117l ry\u0161kaus dizaino ir lengvos konstrukcijos plaustas greitai taps m\u0117gstamiausiu ma\u017eylio vasaros palydovu.<\/p>\n<p>Plaustas turi du tvirtus laikiklius, kurie padidina komfort\u0105 ir saugum\u0105 \u017eaid\u017eiant vandenyje. Vaikas gali lengvai \u012fsikibti, tod\u0117l jau\u010diasi stabiliau \u2013 ypa\u010d mokantis plaukti ar esant didesn\u0117ms bangel\u0117ms. Laikikliai taip pat leid\u017eia t\u0117vams greitai ir patogiai sugriebti plaust\u0105, kai reikia pad\u0117ti ma\u017eyliui.<\/p>\n<p>Tehniskie dati:<\/p>\n<p> \tMed\u017eiaga: PVC<br \/>\n \tMatmenys: 84 cm x 56 cm<br \/>\n \tAm\u017eius: nuo 3 iki 8 met\u0173<br \/>\n \tDu patog\u016bs laikikliai \u012fsikibti<\/p>\n<p>Pakuot\u0117s svoris: 0,4 kg<\/p>","protected":false},"excerpt":{"rendered":"<p>Pakelkite vandens pramogas \u012f nauj\u0105 lyg\u012f! Pripu\u010diamas plaukimo plaustas \u2013 puikus pasirinkimas vaikams, m\u0117gstantiems vandens \u017eaidimus. Jis tinka mokytis plaukti,<\/p>","protected":false},"featured_media":103208,"template":"","meta":{"_acf_changed":false,"_glsr_average":0,"_glsr_ranking":0,"_glsr_reviews":0},"product_brand":[],"product_cat":[233,390],"product_tag":[],"class_list":{"0":"post-103206","1":"product","2":"type-product","3":"status-publish","4":"has-post-thumbnail","6":"product_cat-lauko-pramogos","7":"product_cat-vandens-pramogos","8":"\"style=\"background-color: #2ecc711c;\"","10":"first","11":"instock","12":"purchasable","13":"product-type-simple"},"acf":[],"yoast_head":"<!-- This site is optimized with the Yoast SEO plugin v27.4 - https:\/\/yoast.com\/product\/yoast-seo-wordpress\/ -->\n<title>Pripu\u010diamas Vaiki\u0161kas Plaukimo Plaustas<\/title>\n<meta name=\"description\" content=\"Pripu\u010diamas Vaiki\u0161kas Plaukimo Plaustas - KidsPlay. Did\u017eiausias vaik\u0173 \u017eaisl\u0173 pasirinkimas.\" \/>\n<meta name=\"robots\" content=\"index, follow, max-snippet:-1, max-image-preview:large, max-video-preview:-1\" \/>\n<link rel=\"canonical\" href=\"https:\/\/kidsplay.lt\/lv\/products\/pripuciamas-vaikiskas-plaukimo-plaustas\/\" \/>\n<meta property=\"og:locale\" content=\"lv_LV\" \/>\n<meta property=\"og:type\" content=\"article\" \/>\n<meta property=\"og:title\" content=\"Pripu\u010diamas Vaiki\u0161kas Plaukimo Plaustas\" \/>\n<meta property=\"og:description\" content=\"Pripu\u010diamas Vaiki\u0161kas Plaukimo Plaustas - KidsPlay. Did\u017eiausias vaik\u0173 \u017eaisl\u0173 pasirinkimas.\" \/>\n<meta property=\"og:url\" content=\"https:\/\/kidsplay.lt\/lv\/products\/pripuciamas-vaikiskas-plaukimo-plaustas\/\" \/>\n<meta property=\"og:site_name\" content=\"KidsPlay\" \/>\n<meta property=\"article:publisher\" content=\"https:\/\/www.facebook.com\/www.kidsplay.lt\" \/>\n<meta property=\"article:modified_time\" content=\"2026-04-19T08:07:15+00:00\" \/>\n<meta property=\"og:image\" content=\"https:\/\/kidsplay.lt\/wp-content\/uploads\/2026\/04\/Pripuciamas-Vaikiskas-Plaukimo-Plaustas.png\" \/>\n\t<meta property=\"og:image:width\" content=\"1000\" \/>\n\t<meta property=\"og:image:height\" content=\"707\" \/>\n\t<meta property=\"og:image:type\" content=\"image\/png\" \/>\n<meta name=\"twitter:card\" content=\"summary_large_image\" \/>\n<meta name=\"twitter:label1\" content=\"Est. reading time\" \/>\n\t<meta name=\"twitter:data1\" content=\"1 min\u016bte\" \/>\n<script type=\"application\/ld+json\" class=\"yoast-schema-graph\">{\"@context\":\"https:\\\/\\\/schema.org\",\"@graph\":[{\"@type\":\"WebPage\",\"@id\":\"https:\\\/\\\/kidsplay.lt\\\/produktas\\\/pripuciamas-vaikiskas-plaukimo-plaustas\\\/\",\"url\":\"https:\\\/\\\/kidsplay.lt\\\/produktas\\\/pripuciamas-vaikiskas-plaukimo-plaustas\\\/\",\"name\":\"Pripu\u010diamas Vaiki\u0161kas Plaukimo Plaustas\",\"isPartOf\":{\"@id\":\"https:\\\/\\\/kidsplay.lt\\\/#website\"},\"primaryImageOfPage\":{\"@id\":\"https:\\\/\\\/kidsplay.lt\\\/produktas\\\/pripuciamas-vaikiskas-plaukimo-plaustas\\\/#primaryimage\"},\"image\":{\"@id\":\"https:\\\/\\\/kidsplay.lt\\\/produktas\\\/pripuciamas-vaikiskas-plaukimo-plaustas\\\/#primaryimage\"},\"thumbnailUrl\":\"https:\\\/\\\/kidsplay.lt\\\/wp-content\\\/uploads\\\/2026\\\/04\\\/Pripuciamas-Vaikiskas-Plaukimo-Plaustas.png\",\"datePublished\":\"2026-04-13T04:55:32+00:00\",\"dateModified\":\"2026-04-19T08:07:15+00:00\",\"description\":\"Pripu\u010diamas Vaiki\u0161kas Plaukimo Plaustas - KidsPlay. Did\u017eiausias vaik\u0173 \u017eaisl\u0173 pasirinkimas.\",\"breadcrumb\":{\"@id\":\"https:\\\/\\\/kidsplay.lt\\\/produktas\\\/pripuciamas-vaikiskas-plaukimo-plaustas\\\/#breadcrumb\"},\"inLanguage\":\"lv-LV\",\"potentialAction\":[{\"@type\":\"ReadAction\",\"target\":[\"https:\\\/\\\/kidsplay.lt\\\/produktas\\\/pripuciamas-vaikiskas-plaukimo-plaustas\\\/\"]}]},{\"@type\":\"ImageObject\",\"inLanguage\":\"lv-LV\",\"@id\":\"https:\\\/\\\/kidsplay.lt\\\/produktas\\\/pripuciamas-vaikiskas-plaukimo-plaustas\\\/#primaryimage\",\"url\":\"https:\\\/\\\/kidsplay.lt\\\/wp-content\\\/uploads\\\/2026\\\/04\\\/Pripuciamas-Vaikiskas-Plaukimo-Plaustas.png\",\"contentUrl\":\"https:\\\/\\\/kidsplay.lt\\\/wp-content\\\/uploads\\\/2026\\\/04\\\/Pripuciamas-Vaikiskas-Plaukimo-Plaustas.png\",\"width\":1000,\"height\":707,\"caption\":\"Pripu\u010diamas Vaiki\u0161kas Plaukimo Plaustas\"},{\"@type\":\"BreadcrumbList\",\"@id\":\"https:\\\/\\\/kidsplay.lt\\\/produktas\\\/pripuciamas-vaikiskas-plaukimo-plaustas\\\/#breadcrumb\",\"itemListElement\":[{\"@type\":\"ListItem\",\"position\":1,\"name\":\"Pagrindinis\",\"item\":\"https:\\\/\\\/kidsplay.lt\\\/\"},{\"@type\":\"ListItem\",\"position\":2,\"name\":\"Parduotuv\u0117\",\"item\":\"https:\\\/\\\/kidsplay.lt\\\/parduotuve\\\/\"},{\"@type\":\"ListItem\",\"position\":3,\"name\":\"Pripu\u010diamas Vaiki\u0161kas Plaukimo Plaustas\"}]},{\"@type\":\"WebSite\",\"@id\":\"https:\\\/\\\/kidsplay.lt\\\/#website\",\"url\":\"https:\\\/\\\/kidsplay.lt\\\/\",\"name\":\"Kidsplay.lt\",\"description\":\"\u012evairios prek\u0117s vaikams\",\"publisher\":{\"@id\":\"https:\\\/\\\/kidsplay.lt\\\/#organization\"},\"alternateName\":\"Kidsplay\",\"potentialAction\":[{\"@type\":\"SearchAction\",\"target\":{\"@type\":\"EntryPoint\",\"urlTemplate\":\"https:\\\/\\\/kidsplay.lt\\\/?s={search_term_string}\"},\"query-input\":{\"@type\":\"PropertyValueSpecification\",\"valueRequired\":true,\"valueName\":\"search_term_string\"}}],\"inLanguage\":\"lv-LV\"},{\"@type\":\"Organization\",\"@id\":\"https:\\\/\\\/kidsplay.lt\\\/#organization\",\"name\":\"KidsPlay\",\"url\":\"https:\\\/\\\/kidsplay.lt\\\/\",\"logo\":{\"@type\":\"ImageObject\",\"inLanguage\":\"lv-LV\",\"@id\":\"https:\\\/\\\/kidsplay.lt\\\/#\\\/schema\\\/logo\\\/image\\\/\",\"url\":\"https:\\\/\\\/kidsplay.lt\\\/wp-content\\\/uploads\\\/2023\\\/07\\\/kidsplay-logo.png\",\"contentUrl\":\"https:\\\/\\\/kidsplay.lt\\\/wp-content\\\/uploads\\\/2023\\\/07\\\/kidsplay-logo.png\",\"width\":451,\"height\":98,\"caption\":\"KidsPlay\"},\"image\":{\"@id\":\"https:\\\/\\\/kidsplay.lt\\\/#\\\/schema\\\/logo\\\/image\\\/\"},\"sameAs\":[\"https:\\\/\\\/www.facebook.com\\\/www.kidsplay.lt\"]}]}<\/script>\n<!-- \/ Yoast SEO plugin. -->","yoast_head_json":{"title":"Piep\u016b\u0161am\u0101 b\u0113rnu peld\u0113\u0161anas plosta","description":"Pripu\u010diamas Vaiki\u0161kas Plaukimo Plaustas - KidsPlay. Did\u017eiausias vaik\u0173 \u017eaisl\u0173 pasirinkimas.","robots":{"index":"index","follow":"follow","max-snippet":"max-snippet:-1","max-image-preview":"max-image-preview:large","max-video-preview":"max-video-preview:-1"},"canonical":"https:\/\/kidsplay.lt\/lv\/products\/pripuciamas-vaikiskas-plaukimo-plaustas\/","og_locale":"lv_LV","og_type":"article","og_title":"Pripu\u010diamas Vaiki\u0161kas Plaukimo Plaustas","og_description":"Pripu\u010diamas Vaiki\u0161kas Plaukimo Plaustas - KidsPlay. Did\u017eiausias vaik\u0173 \u017eaisl\u0173 pasirinkimas.","og_url":"https:\/\/kidsplay.lt\/lv\/products\/pripuciamas-vaikiskas-plaukimo-plaustas\/","og_site_name":"KidsPlay","article_publisher":"https:\/\/www.facebook.com\/www.kidsplay.lt","article_modified_time":"2026-04-19T08:07:15+00:00","og_image":[{"width":1000,"height":707,"url":"https:\/\/kidsplay.lt\/wp-content\/uploads\/2026\/04\/Pripuciamas-Vaikiskas-Plaukimo-Plaustas.png","type":"image\/png"}],"twitter_card":"summary_large_image","twitter_misc":{"Est. reading time":"1 min\u016bte"},"schema":{"@context":"https:\/\/schema.org","@graph":[{"@type":"WebPage","@id":"https:\/\/kidsplay.lt\/produktas\/pripuciamas-vaikiskas-plaukimo-plaustas\/","url":"https:\/\/kidsplay.lt\/produktas\/pripuciamas-vaikiskas-plaukimo-plaustas\/","name":"Piep\u016b\u0161am\u0101 b\u0113rnu peld\u0113\u0161anas plosta","isPartOf":{"@id":"https:\/\/kidsplay.lt\/#website"},"primaryImageOfPage":{"@id":"https:\/\/kidsplay.lt\/produktas\/pripuciamas-vaikiskas-plaukimo-plaustas\/#primaryimage"},"image":{"@id":"https:\/\/kidsplay.lt\/produktas\/pripuciamas-vaikiskas-plaukimo-plaustas\/#primaryimage"},"thumbnailUrl":"https:\/\/kidsplay.lt\/wp-content\/uploads\/2026\/04\/Pripuciamas-Vaikiskas-Plaukimo-Plaustas.png","datePublished":"2026-04-13T04:55:32+00:00","dateModified":"2026-04-19T08:07:15+00:00","description":"Pripu\u010diamas Vaiki\u0161kas Plaukimo Plaustas - KidsPlay. Did\u017eiausias vaik\u0173 \u017eaisl\u0173 pasirinkimas.","breadcrumb":{"@id":"https:\/\/kidsplay.lt\/produktas\/pripuciamas-vaikiskas-plaukimo-plaustas\/#breadcrumb"},"inLanguage":"lv-LV","potentialAction":[{"@type":"ReadAction","target":["https:\/\/kidsplay.lt\/produktas\/pripuciamas-vaikiskas-plaukimo-plaustas\/"]}]},{"@type":"ImageObject","inLanguage":"lv-LV","@id":"https:\/\/kidsplay.lt\/produktas\/pripuciamas-vaikiskas-plaukimo-plaustas\/#primaryimage","url":"https:\/\/kidsplay.lt\/wp-content\/uploads\/2026\/04\/Pripuciamas-Vaikiskas-Plaukimo-Plaustas.png","contentUrl":"https:\/\/kidsplay.lt\/wp-content\/uploads\/2026\/04\/Pripuciamas-Vaikiskas-Plaukimo-Plaustas.png","width":1000,"height":707,"caption":"Pripu\u010diamas Vaiki\u0161kas Plaukimo Plaustas"},{"@type":"BreadcrumbList","@id":"https:\/\/kidsplay.lt\/produktas\/pripuciamas-vaikiskas-plaukimo-plaustas\/#breadcrumb","itemListElement":[{"@type":"ListItem","position":1,"name":"Pagrindinis","item":"https:\/\/kidsplay.lt\/"},{"@type":"ListItem","position":2,"name":"Parduotuv\u0117","item":"https:\/\/kidsplay.lt\/parduotuve\/"},{"@type":"ListItem","position":3,"name":"Pripu\u010diamas Vaiki\u0161kas Plaukimo Plaustas"}]},{"@type":"WebSite","@id":"https:\/\/kidsplay.lt\/#website","url":"https:\/\/kidsplay.lt\/","name":"B\u0113rnu sp\u0113les.lv","description":"\u012evairios prek\u0117s vaikams","publisher":{"@id":"https:\/\/kidsplay.lt\/#organization"},"alternateName":"Kidsplay","potentialAction":[{"@type":"SearchAction","target":{"@type":"EntryPoint","urlTemplate":"https:\/\/kidsplay.lt\/?s={search_term_string}"},"query-input":{"@type":"PropertyValueSpecification","valueRequired":true,"valueName":"search_term_string"}}],"inLanguage":"lv-LV"},{"@type":"Organization","@id":"https:\/\/kidsplay.lt\/#organization","name":"B\u0113rnu sp\u0113le","url":"https:\/\/kidsplay.lt\/","logo":{"@type":"ImageObject","inLanguage":"lv-LV","@id":"https:\/\/kidsplay.lt\/#\/schema\/logo\/image\/","url":"https:\/\/kidsplay.lt\/wp-content\/uploads\/2023\/07\/kidsplay-logo.png","contentUrl":"https:\/\/kidsplay.lt\/wp-content\/uploads\/2023\/07\/kidsplay-logo.png","width":451,"height":98,"caption":"KidsPlay"},"image":{"@id":"https:\/\/kidsplay.lt\/#\/schema\/logo\/image\/"},"sameAs":["https:\/\/www.facebook.com\/www.kidsplay.lt"]}]}},"_links":{"self":[{"href":"https:\/\/kidsplay.lt\/lv\/wp-json\/wp\/v2\/product\/103206","targetHints":{"allow":["GET"]}}],"collection":[{"href":"https:\/\/kidsplay.lt\/lv\/wp-json\/wp\/v2\/product"}],"about":[{"href":"https:\/\/kidsplay.lt\/lv\/wp-json\/wp\/v2\/types\/product"}],"version-history":[{"count":1,"href":"https:\/\/kidsplay.lt\/lv\/wp-json\/wp\/v2\/product\/103206\/revisions"}],"predecessor-version":[{"id":103207,"href":"https:\/\/kidsplay.lt\/lv\/wp-json\/wp\/v2\/product\/103206\/revisions\/103207"}],"wp:featuredmedia":[{"embeddable":true,"href":"https:\/\/kidsplay.lt\/lv\/wp-json\/wp\/v2\/media\/103208"}],"wp:attachment":[{"href":"https:\/\/kidsplay.lt\/lv\/wp-json\/wp\/v2\/media?parent=103206"}],"wp:term":[{"taxonomy":"product_brand","embeddable":true,"href":"https:\/\/kidsplay.lt\/lv\/wp-json\/wp\/v2\/product_brand?post=103206"},{"taxonomy":"product_cat","embeddable":true,"href":"https:\/\/kidsplay.lt\/lv\/wp-json\/wp\/v2\/product_cat?post=103206"},{"taxonomy":"product_tag","embeddable":true,"href":"https:\/\/kidsplay.lt\/lv\/wp-json\/wp\/v2\/product_tag?post=103206"}],"curies":[{"name":"wp","href":"https:\/\/api.w.org\/{rel}","templated":true}]}}