{"id":103241,"date":"2026-04-13T07:56:18","date_gmt":"2026-04-13T04:56:18","guid":{"rendered":"https:\/\/kidsplay.lt\/produktas\/pripuciamas-vaikiskas-baseinas-7030\/"},"modified":"2026-04-15T18:29:34","modified_gmt":"2026-04-15T15:29:34","slug":"pripuciamas-vaikiskas-baseinas-7030","status":"publish","type":"product","link":"https:\/\/kidsplay.lt\/lv\/products\/pripuciamas-vaikiskas-baseinas-7030\/","title":{"rendered":"Pripu\u010diamas vaiki\u0161kas baseinas 70&#215;30"},"content":{"rendered":"<p>Ma\u017eas, ry\u0161ki\u0173 spalv\u0173 baseinas suteiks j\u016bs\u0173 vaikui galimyb\u0119 mank\u0161tintis ir smagiai leisti laik\u0105 vandenyje. Jis sukurtas taip, kad skatint\u0173 vaikus jud\u0117ti ir \u017eaisti lauke. D\u0117l kompakti\u0161k\u0173 matmen\u0173 baseinas puikiai tinka vaikams nuo 2 met\u0173. J\u012f lengva prip\u016bsti ir i\u0161leisti or\u0105, tod\u0117l laikymas visi\u0161kai nesud\u0117tingas. Trij\u0173 \u017eied\u0173 konstrukcija suteikia baseinui tvirtumo ir ilgaam\u017ei\u0161kumo, o mink\u0161tas dugnas u\u017etikrina ma\u017eyliams komfort\u0105.<\/p>\n<p>Komplekt\u0101 ietilpst:<\/p>\n<p> \tbaseinas 70 cm x 30 cm<br \/>\n \ttaisymo lopas<\/p>\n<p>Tehniskie dati:<\/p>\n<p> \tMatmenys: 70 cm x 30 cm<br \/>\n \tTalpa: 43 l<br \/>\n \tAm\u017eius: nuo 2 met\u0173<br \/>\n \tMink\u0161tas dugnas<br \/>\n \tPatogios sienel\u0117s, tinkamos atsiremti<br \/>\n \t3 \u017eiedai<\/p>\n<p>Svoris: 0,4 kg Pakuot\u0117s dydis: 29 cm x 25 cm x 3 cm<\/p>","protected":false},"excerpt":{"rendered":"<p>Ma\u017eas, ry\u0161ki\u0173 spalv\u0173 baseinas suteiks j\u016bs\u0173 vaikui galimyb\u0119 mank\u0161tintis ir smagiai leisti laik\u0105 vandenyje. Jis sukurtas taip, kad skatint\u0173 vaikus<\/p>","protected":false},"featured_media":103243,"template":"","meta":{"_acf_changed":false,"_glsr_average":0,"_glsr_ranking":0,"_glsr_reviews":0},"product_brand":[],"product_cat":[233,390],"product_tag":[],"class_list":{"0":"post-103241","1":"product","2":"type-product","3":"status-publish","4":"has-post-thumbnail","6":"product_cat-lauko-pramogos","7":"product_cat-vandens-pramogos","8":"\"style=\"background-color: #2ecc711c;\"","10":"first","11":"instock","12":"purchasable","13":"product-type-simple"},"acf":[],"yoast_head":"<!-- This site is optimized with the Yoast SEO plugin v27.4 - https:\/\/yoast.com\/product\/yoast-seo-wordpress\/ -->\n<title>Pripu\u010diamas vaiki\u0161kas baseinas 70&#215;30<\/title>\n<meta name=\"description\" content=\"Pripu\u010diamas vaiki\u0161kas baseinas 70&#215;30 - KidsPlay. Did\u017eiausias vaik\u0173 \u017eaisl\u0173 pasirinkimas.\" \/>\n<meta name=\"robots\" content=\"index, follow, max-snippet:-1, max-image-preview:large, max-video-preview:-1\" \/>\n<link rel=\"canonical\" href=\"https:\/\/kidsplay.lt\/lv\/products\/pripuciamas-vaikiskas-baseinas-7030\/\" \/>\n<meta property=\"og:locale\" content=\"lv_LV\" \/>\n<meta property=\"og:type\" content=\"article\" \/>\n<meta property=\"og:title\" content=\"Pripu\u010diamas vaiki\u0161kas baseinas 70&#215;30\" \/>\n<meta property=\"og:description\" content=\"Pripu\u010diamas vaiki\u0161kas baseinas 70&#215;30 - KidsPlay. Did\u017eiausias vaik\u0173 \u017eaisl\u0173 pasirinkimas.\" \/>\n<meta property=\"og:url\" content=\"https:\/\/kidsplay.lt\/lv\/products\/pripuciamas-vaikiskas-baseinas-7030\/\" \/>\n<meta property=\"og:site_name\" content=\"KidsPlay\" \/>\n<meta property=\"article:publisher\" content=\"https:\/\/www.facebook.com\/www.kidsplay.lt\" \/>\n<meta property=\"article:modified_time\" content=\"2026-04-15T15:29:34+00:00\" \/>\n<meta property=\"og:image\" content=\"https:\/\/kidsplay.lt\/wp-content\/uploads\/2026\/04\/Pripuciamas-vaikiskas-baseinas-7021530.png\" \/>\n\t<meta property=\"og:image:width\" content=\"1000\" \/>\n\t<meta property=\"og:image:height\" content=\"707\" \/>\n\t<meta property=\"og:image:type\" content=\"image\/png\" \/>\n<meta name=\"twitter:card\" content=\"summary_large_image\" \/>\n<meta name=\"twitter:label1\" content=\"Est. reading time\" \/>\n\t<meta name=\"twitter:data1\" content=\"1 min\u016bte\" \/>\n<script type=\"application\/ld+json\" class=\"yoast-schema-graph\">{\"@context\":\"https:\\\/\\\/schema.org\",\"@graph\":[{\"@type\":\"WebPage\",\"@id\":\"https:\\\/\\\/kidsplay.lt\\\/produktas\\\/pripuciamas-vaikiskas-baseinas-7030\\\/\",\"url\":\"https:\\\/\\\/kidsplay.lt\\\/produktas\\\/pripuciamas-vaikiskas-baseinas-7030\\\/\",\"name\":\"Pripu\u010diamas vaiki\u0161kas baseinas 70&#215;30\",\"isPartOf\":{\"@id\":\"https:\\\/\\\/kidsplay.lt\\\/#website\"},\"primaryImageOfPage\":{\"@id\":\"https:\\\/\\\/kidsplay.lt\\\/produktas\\\/pripuciamas-vaikiskas-baseinas-7030\\\/#primaryimage\"},\"image\":{\"@id\":\"https:\\\/\\\/kidsplay.lt\\\/produktas\\\/pripuciamas-vaikiskas-baseinas-7030\\\/#primaryimage\"},\"thumbnailUrl\":\"https:\\\/\\\/kidsplay.lt\\\/wp-content\\\/uploads\\\/2026\\\/04\\\/Pripuciamas-vaikiskas-baseinas-7021530.png\",\"datePublished\":\"2026-04-13T04:56:18+00:00\",\"dateModified\":\"2026-04-15T15:29:34+00:00\",\"description\":\"Pripu\u010diamas vaiki\u0161kas baseinas 70&#215;30 - KidsPlay. Did\u017eiausias vaik\u0173 \u017eaisl\u0173 pasirinkimas.\",\"breadcrumb\":{\"@id\":\"https:\\\/\\\/kidsplay.lt\\\/produktas\\\/pripuciamas-vaikiskas-baseinas-7030\\\/#breadcrumb\"},\"inLanguage\":\"lv-LV\",\"potentialAction\":[{\"@type\":\"ReadAction\",\"target\":[\"https:\\\/\\\/kidsplay.lt\\\/produktas\\\/pripuciamas-vaikiskas-baseinas-7030\\\/\"]}]},{\"@type\":\"ImageObject\",\"inLanguage\":\"lv-LV\",\"@id\":\"https:\\\/\\\/kidsplay.lt\\\/produktas\\\/pripuciamas-vaikiskas-baseinas-7030\\\/#primaryimage\",\"url\":\"https:\\\/\\\/kidsplay.lt\\\/wp-content\\\/uploads\\\/2026\\\/04\\\/Pripuciamas-vaikiskas-baseinas-7021530.png\",\"contentUrl\":\"https:\\\/\\\/kidsplay.lt\\\/wp-content\\\/uploads\\\/2026\\\/04\\\/Pripuciamas-vaikiskas-baseinas-7021530.png\",\"width\":1000,\"height\":707,\"caption\":\"Pripu\u010diamas vaiki\u0161kas baseinas 70&#215;30\"},{\"@type\":\"BreadcrumbList\",\"@id\":\"https:\\\/\\\/kidsplay.lt\\\/produktas\\\/pripuciamas-vaikiskas-baseinas-7030\\\/#breadcrumb\",\"itemListElement\":[{\"@type\":\"ListItem\",\"position\":1,\"name\":\"Pagrindinis\",\"item\":\"https:\\\/\\\/kidsplay.lt\\\/\"},{\"@type\":\"ListItem\",\"position\":2,\"name\":\"Parduotuv\u0117\",\"item\":\"https:\\\/\\\/kidsplay.lt\\\/parduotuve\\\/\"},{\"@type\":\"ListItem\",\"position\":3,\"name\":\"Pripu\u010diamas vaiki\u0161kas baseinas 70&#215;30\"}]},{\"@type\":\"WebSite\",\"@id\":\"https:\\\/\\\/kidsplay.lt\\\/#website\",\"url\":\"https:\\\/\\\/kidsplay.lt\\\/\",\"name\":\"Kidsplay.lt\",\"description\":\"\u012evairios prek\u0117s vaikams\",\"publisher\":{\"@id\":\"https:\\\/\\\/kidsplay.lt\\\/#organization\"},\"alternateName\":\"Kidsplay\",\"potentialAction\":[{\"@type\":\"SearchAction\",\"target\":{\"@type\":\"EntryPoint\",\"urlTemplate\":\"https:\\\/\\\/kidsplay.lt\\\/?s={search_term_string}\"},\"query-input\":{\"@type\":\"PropertyValueSpecification\",\"valueRequired\":true,\"valueName\":\"search_term_string\"}}],\"inLanguage\":\"lv-LV\"},{\"@type\":\"Organization\",\"@id\":\"https:\\\/\\\/kidsplay.lt\\\/#organization\",\"name\":\"KidsPlay\",\"url\":\"https:\\\/\\\/kidsplay.lt\\\/\",\"logo\":{\"@type\":\"ImageObject\",\"inLanguage\":\"lv-LV\",\"@id\":\"https:\\\/\\\/kidsplay.lt\\\/#\\\/schema\\\/logo\\\/image\\\/\",\"url\":\"https:\\\/\\\/kidsplay.lt\\\/wp-content\\\/uploads\\\/2023\\\/07\\\/kidsplay-logo.png\",\"contentUrl\":\"https:\\\/\\\/kidsplay.lt\\\/wp-content\\\/uploads\\\/2023\\\/07\\\/kidsplay-logo.png\",\"width\":451,\"height\":98,\"caption\":\"KidsPlay\"},\"image\":{\"@id\":\"https:\\\/\\\/kidsplay.lt\\\/#\\\/schema\\\/logo\\\/image\\\/\"},\"sameAs\":[\"https:\\\/\\\/www.facebook.com\\\/www.kidsplay.lt\"]}]}<\/script>\n<!-- \/ Yoast SEO plugin. -->","yoast_head_json":{"title":"Pripu\u010diamas vaiki\u0161kas baseinas 70&#215;30","description":"Pripu\u010diamas vaiki\u0161kas baseinas 70&#215;30 - KidsPlay. Did\u017eiausias vaik\u0173 \u017eaisl\u0173 pasirinkimas.","robots":{"index":"index","follow":"follow","max-snippet":"max-snippet:-1","max-image-preview":"max-image-preview:large","max-video-preview":"max-video-preview:-1"},"canonical":"https:\/\/kidsplay.lt\/lv\/products\/pripuciamas-vaikiskas-baseinas-7030\/","og_locale":"lv_LV","og_type":"article","og_title":"Pripu\u010diamas vaiki\u0161kas baseinas 70&#215;30","og_description":"Pripu\u010diamas vaiki\u0161kas baseinas 70&#215;30 - KidsPlay. Did\u017eiausias vaik\u0173 \u017eaisl\u0173 pasirinkimas.","og_url":"https:\/\/kidsplay.lt\/lv\/products\/pripuciamas-vaikiskas-baseinas-7030\/","og_site_name":"KidsPlay","article_publisher":"https:\/\/www.facebook.com\/www.kidsplay.lt","article_modified_time":"2026-04-15T15:29:34+00:00","og_image":[{"width":1000,"height":707,"url":"https:\/\/kidsplay.lt\/wp-content\/uploads\/2026\/04\/Pripuciamas-vaikiskas-baseinas-7021530.png","type":"image\/png"}],"twitter_card":"summary_large_image","twitter_misc":{"Est. reading time":"1 min\u016bte"},"schema":{"@context":"https:\/\/schema.org","@graph":[{"@type":"WebPage","@id":"https:\/\/kidsplay.lt\/produktas\/pripuciamas-vaikiskas-baseinas-7030\/","url":"https:\/\/kidsplay.lt\/produktas\/pripuciamas-vaikiskas-baseinas-7030\/","name":"Pripu\u010diamas vaiki\u0161kas baseinas 70&#215;30","isPartOf":{"@id":"https:\/\/kidsplay.lt\/#website"},"primaryImageOfPage":{"@id":"https:\/\/kidsplay.lt\/produktas\/pripuciamas-vaikiskas-baseinas-7030\/#primaryimage"},"image":{"@id":"https:\/\/kidsplay.lt\/produktas\/pripuciamas-vaikiskas-baseinas-7030\/#primaryimage"},"thumbnailUrl":"https:\/\/kidsplay.lt\/wp-content\/uploads\/2026\/04\/Pripuciamas-vaikiskas-baseinas-7021530.png","datePublished":"2026-04-13T04:56:18+00:00","dateModified":"2026-04-15T15:29:34+00:00","description":"Pripu\u010diamas vaiki\u0161kas baseinas 70&#215;30 - KidsPlay. Did\u017eiausias vaik\u0173 \u017eaisl\u0173 pasirinkimas.","breadcrumb":{"@id":"https:\/\/kidsplay.lt\/produktas\/pripuciamas-vaikiskas-baseinas-7030\/#breadcrumb"},"inLanguage":"lv-LV","potentialAction":[{"@type":"ReadAction","target":["https:\/\/kidsplay.lt\/produktas\/pripuciamas-vaikiskas-baseinas-7030\/"]}]},{"@type":"ImageObject","inLanguage":"lv-LV","@id":"https:\/\/kidsplay.lt\/produktas\/pripuciamas-vaikiskas-baseinas-7030\/#primaryimage","url":"https:\/\/kidsplay.lt\/wp-content\/uploads\/2026\/04\/Pripuciamas-vaikiskas-baseinas-7021530.png","contentUrl":"https:\/\/kidsplay.lt\/wp-content\/uploads\/2026\/04\/Pripuciamas-vaikiskas-baseinas-7021530.png","width":1000,"height":707,"caption":"Pripu\u010diamas vaiki\u0161kas baseinas 70&#215;30"},{"@type":"BreadcrumbList","@id":"https:\/\/kidsplay.lt\/produktas\/pripuciamas-vaikiskas-baseinas-7030\/#breadcrumb","itemListElement":[{"@type":"ListItem","position":1,"name":"Pagrindinis","item":"https:\/\/kidsplay.lt\/"},{"@type":"ListItem","position":2,"name":"Parduotuv\u0117","item":"https:\/\/kidsplay.lt\/parduotuve\/"},{"@type":"ListItem","position":3,"name":"Pripu\u010diamas vaiki\u0161kas baseinas 70&#215;30"}]},{"@type":"WebSite","@id":"https:\/\/kidsplay.lt\/#website","url":"https:\/\/kidsplay.lt\/","name":"B\u0113rnu sp\u0113les.lv","description":"\u012evairios prek\u0117s vaikams","publisher":{"@id":"https:\/\/kidsplay.lt\/#organization"},"alternateName":"Kidsplay","potentialAction":[{"@type":"SearchAction","target":{"@type":"EntryPoint","urlTemplate":"https:\/\/kidsplay.lt\/?s={search_term_string}"},"query-input":{"@type":"PropertyValueSpecification","valueRequired":true,"valueName":"search_term_string"}}],"inLanguage":"lv-LV"},{"@type":"Organization","@id":"https:\/\/kidsplay.lt\/#organization","name":"B\u0113rnu sp\u0113le","url":"https:\/\/kidsplay.lt\/","logo":{"@type":"ImageObject","inLanguage":"lv-LV","@id":"https:\/\/kidsplay.lt\/#\/schema\/logo\/image\/","url":"https:\/\/kidsplay.lt\/wp-content\/uploads\/2023\/07\/kidsplay-logo.png","contentUrl":"https:\/\/kidsplay.lt\/wp-content\/uploads\/2023\/07\/kidsplay-logo.png","width":451,"height":98,"caption":"KidsPlay"},"image":{"@id":"https:\/\/kidsplay.lt\/#\/schema\/logo\/image\/"},"sameAs":["https:\/\/www.facebook.com\/www.kidsplay.lt"]}]}},"_links":{"self":[{"href":"https:\/\/kidsplay.lt\/lv\/wp-json\/wp\/v2\/product\/103241","targetHints":{"allow":["GET"]}}],"collection":[{"href":"https:\/\/kidsplay.lt\/lv\/wp-json\/wp\/v2\/product"}],"about":[{"href":"https:\/\/kidsplay.lt\/lv\/wp-json\/wp\/v2\/types\/product"}],"version-history":[{"count":1,"href":"https:\/\/kidsplay.lt\/lv\/wp-json\/wp\/v2\/product\/103241\/revisions"}],"predecessor-version":[{"id":103242,"href":"https:\/\/kidsplay.lt\/lv\/wp-json\/wp\/v2\/product\/103241\/revisions\/103242"}],"wp:featuredmedia":[{"embeddable":true,"href":"https:\/\/kidsplay.lt\/lv\/wp-json\/wp\/v2\/media\/103243"}],"wp:attachment":[{"href":"https:\/\/kidsplay.lt\/lv\/wp-json\/wp\/v2\/media?parent=103241"}],"wp:term":[{"taxonomy":"product_brand","embeddable":true,"href":"https:\/\/kidsplay.lt\/lv\/wp-json\/wp\/v2\/product_brand?post=103241"},{"taxonomy":"product_cat","embeddable":true,"href":"https:\/\/kidsplay.lt\/lv\/wp-json\/wp\/v2\/product_cat?post=103241"},{"taxonomy":"product_tag","embeddable":true,"href":"https:\/\/kidsplay.lt\/lv\/wp-json\/wp\/v2\/product_tag?post=103241"}],"curies":[{"name":"wp","href":"https:\/\/api.w.org\/{rel}","templated":true}]}}