{"id":103255,"date":"2026-04-13T07:56:36","date_gmt":"2026-04-13T04:56:36","guid":{"rendered":"https:\/\/kidsplay.lt\/produktas\/pripuciamas-vaikiskas-baseinas-6115-2\/"},"modified":"2026-04-15T18:29:34","modified_gmt":"2026-04-15T15:29:34","slug":"pripuciamas-vaikiskas-baseinas-6115-2","status":"publish","type":"product","link":"https:\/\/kidsplay.lt\/lv\/products\/pripuciamas-vaikiskas-baseinas-6115-2\/","title":{"rendered":"Pripu\u010diamas vaiki\u0161kas baseinas 61&#215;15"},"content":{"rendered":"<p>\u0160is kompakti\u0161kas, ry\u0161ki\u0173 spalv\u0173 pripu\u010diamas baseinas suteiks vaikui galimyb\u0119 aktyviai ir smagiai leisti laik\u0105 vandenyje. Jis sukurtas taip, kad skatint\u0173 jud\u0117ti ir \u017eaisti lauke. D\u0117l ma\u017e\u0173 matmen\u0173 baseinas puikiai tinka vaikams nuo 2 met\u0173. J\u012f lengva prip\u016bsti ir i\u0161leisti or\u0105, tod\u0117l laikymas visi\u0161kai nesud\u0117tingas. Mink\u0161tas, pripu\u010diamas dugnas suteikia papildomo komforto, o dviej\u0173 \u017eied\u0173 konstrukcija u\u017etikrina stabilum\u0105 ir patvarum\u0105.<\/p>\n<p>Komplekt\u0101 ietilpst:<\/p>\n<p> \tbaseinas 61 cm x 15 cm<br \/>\n \ttaisymo lopas<\/p>\n<p>Tehniskie dati:<\/p>\n<p> \tMatmenys: 61 cm x 15 cm<br \/>\n \tTalpa: 21 l<br \/>\n \tAm\u017eius: nuo 2 met\u0173<br \/>\n \tMink\u0161tas dugnas<br \/>\n \tPatogios sienel\u0117s atsiremti<br \/>\n \t\u012edomios spalvos ir spalvotas dugno pie\u0161inys<br \/>\n \t2 \u017eiedai<\/p>\n<p>Svoris: 0,25 kg Pakuot\u0117s dydis: 27 cm x 17 cm x 2 cm<\/p>","protected":false},"excerpt":{"rendered":"<p>\u0160is kompakti\u0161kas, ry\u0161ki\u0173 spalv\u0173 pripu\u010diamas baseinas suteiks vaikui galimyb\u0119 aktyviai ir smagiai leisti laik\u0105 vandenyje. Jis sukurtas taip, kad skatint\u0173<\/p>","protected":false},"featured_media":103257,"template":"","meta":{"_acf_changed":false,"_glsr_average":0,"_glsr_ranking":0,"_glsr_reviews":0},"product_brand":[],"product_cat":[233,390],"product_tag":[],"class_list":{"0":"post-103255","1":"product","2":"type-product","3":"status-publish","4":"has-post-thumbnail","6":"product_cat-lauko-pramogos","7":"product_cat-vandens-pramogos","8":"\"style=\"background-color: #2ecc711c;\"","10":"first","11":"instock","12":"purchasable","13":"product-type-simple"},"acf":[],"yoast_head":"<!-- This site is optimized with the Yoast SEO plugin v27.4 - https:\/\/yoast.com\/product\/yoast-seo-wordpress\/ -->\n<title>Pripu\u010diamas vaiki\u0161kas baseinas 61&#215;15<\/title>\n<meta name=\"description\" content=\"Pripu\u010diamas vaiki\u0161kas baseinas 61&#215;15 - KidsPlay. Did\u017eiausias vaik\u0173 \u017eaisl\u0173 pasirinkimas.\" \/>\n<meta name=\"robots\" content=\"index, follow, max-snippet:-1, max-image-preview:large, max-video-preview:-1\" \/>\n<link rel=\"canonical\" href=\"https:\/\/kidsplay.lt\/lv\/products\/pripuciamas-vaikiskas-baseinas-6115-2\/\" \/>\n<meta property=\"og:locale\" content=\"lv_LV\" \/>\n<meta property=\"og:type\" content=\"article\" \/>\n<meta property=\"og:title\" content=\"Pripu\u010diamas vaiki\u0161kas baseinas 61&#215;15\" \/>\n<meta property=\"og:description\" content=\"Pripu\u010diamas vaiki\u0161kas baseinas 61&#215;15 - KidsPlay. Did\u017eiausias vaik\u0173 \u017eaisl\u0173 pasirinkimas.\" \/>\n<meta property=\"og:url\" content=\"https:\/\/kidsplay.lt\/lv\/products\/pripuciamas-vaikiskas-baseinas-6115-2\/\" \/>\n<meta property=\"og:site_name\" content=\"KidsPlay\" \/>\n<meta property=\"article:publisher\" content=\"https:\/\/www.facebook.com\/www.kidsplay.lt\" \/>\n<meta property=\"article:modified_time\" content=\"2026-04-15T15:29:34+00:00\" \/>\n<meta property=\"og:image\" content=\"https:\/\/kidsplay.lt\/wp-content\/uploads\/2026\/04\/Pripuciamas-vaikiskas-baseinas-6121515-1.png\" \/>\n\t<meta property=\"og:image:width\" content=\"1000\" \/>\n\t<meta property=\"og:image:height\" content=\"707\" \/>\n\t<meta property=\"og:image:type\" content=\"image\/png\" \/>\n<meta name=\"twitter:card\" content=\"summary_large_image\" \/>\n<meta name=\"twitter:label1\" content=\"Est. reading time\" \/>\n\t<meta name=\"twitter:data1\" content=\"1 min\u016bte\" \/>\n<script type=\"application\/ld+json\" class=\"yoast-schema-graph\">{\"@context\":\"https:\\\/\\\/schema.org\",\"@graph\":[{\"@type\":\"WebPage\",\"@id\":\"https:\\\/\\\/kidsplay.lt\\\/produktas\\\/pripuciamas-vaikiskas-baseinas-6115-2\\\/\",\"url\":\"https:\\\/\\\/kidsplay.lt\\\/produktas\\\/pripuciamas-vaikiskas-baseinas-6115-2\\\/\",\"name\":\"Pripu\u010diamas vaiki\u0161kas baseinas 61&#215;15\",\"isPartOf\":{\"@id\":\"https:\\\/\\\/kidsplay.lt\\\/#website\"},\"primaryImageOfPage\":{\"@id\":\"https:\\\/\\\/kidsplay.lt\\\/produktas\\\/pripuciamas-vaikiskas-baseinas-6115-2\\\/#primaryimage\"},\"image\":{\"@id\":\"https:\\\/\\\/kidsplay.lt\\\/produktas\\\/pripuciamas-vaikiskas-baseinas-6115-2\\\/#primaryimage\"},\"thumbnailUrl\":\"https:\\\/\\\/kidsplay.lt\\\/wp-content\\\/uploads\\\/2026\\\/04\\\/Pripuciamas-vaikiskas-baseinas-6121515-1.png\",\"datePublished\":\"2026-04-13T04:56:36+00:00\",\"dateModified\":\"2026-04-15T15:29:34+00:00\",\"description\":\"Pripu\u010diamas vaiki\u0161kas baseinas 61&#215;15 - KidsPlay. Did\u017eiausias vaik\u0173 \u017eaisl\u0173 pasirinkimas.\",\"breadcrumb\":{\"@id\":\"https:\\\/\\\/kidsplay.lt\\\/produktas\\\/pripuciamas-vaikiskas-baseinas-6115-2\\\/#breadcrumb\"},\"inLanguage\":\"lv-LV\",\"potentialAction\":[{\"@type\":\"ReadAction\",\"target\":[\"https:\\\/\\\/kidsplay.lt\\\/produktas\\\/pripuciamas-vaikiskas-baseinas-6115-2\\\/\"]}]},{\"@type\":\"ImageObject\",\"inLanguage\":\"lv-LV\",\"@id\":\"https:\\\/\\\/kidsplay.lt\\\/produktas\\\/pripuciamas-vaikiskas-baseinas-6115-2\\\/#primaryimage\",\"url\":\"https:\\\/\\\/kidsplay.lt\\\/wp-content\\\/uploads\\\/2026\\\/04\\\/Pripuciamas-vaikiskas-baseinas-6121515-1.png\",\"contentUrl\":\"https:\\\/\\\/kidsplay.lt\\\/wp-content\\\/uploads\\\/2026\\\/04\\\/Pripuciamas-vaikiskas-baseinas-6121515-1.png\",\"width\":1000,\"height\":707,\"caption\":\"Pripu\u010diamas vaiki\u0161kas baseinas 61&#215;15\"},{\"@type\":\"BreadcrumbList\",\"@id\":\"https:\\\/\\\/kidsplay.lt\\\/produktas\\\/pripuciamas-vaikiskas-baseinas-6115-2\\\/#breadcrumb\",\"itemListElement\":[{\"@type\":\"ListItem\",\"position\":1,\"name\":\"Pagrindinis\",\"item\":\"https:\\\/\\\/kidsplay.lt\\\/\"},{\"@type\":\"ListItem\",\"position\":2,\"name\":\"Parduotuv\u0117\",\"item\":\"https:\\\/\\\/kidsplay.lt\\\/parduotuve\\\/\"},{\"@type\":\"ListItem\",\"position\":3,\"name\":\"Pripu\u010diamas vaiki\u0161kas baseinas 61&#215;15\"}]},{\"@type\":\"WebSite\",\"@id\":\"https:\\\/\\\/kidsplay.lt\\\/#website\",\"url\":\"https:\\\/\\\/kidsplay.lt\\\/\",\"name\":\"Kidsplay.lt\",\"description\":\"\u012evairios prek\u0117s vaikams\",\"publisher\":{\"@id\":\"https:\\\/\\\/kidsplay.lt\\\/#organization\"},\"alternateName\":\"Kidsplay\",\"potentialAction\":[{\"@type\":\"SearchAction\",\"target\":{\"@type\":\"EntryPoint\",\"urlTemplate\":\"https:\\\/\\\/kidsplay.lt\\\/?s={search_term_string}\"},\"query-input\":{\"@type\":\"PropertyValueSpecification\",\"valueRequired\":true,\"valueName\":\"search_term_string\"}}],\"inLanguage\":\"lv-LV\"},{\"@type\":\"Organization\",\"@id\":\"https:\\\/\\\/kidsplay.lt\\\/#organization\",\"name\":\"KidsPlay\",\"url\":\"https:\\\/\\\/kidsplay.lt\\\/\",\"logo\":{\"@type\":\"ImageObject\",\"inLanguage\":\"lv-LV\",\"@id\":\"https:\\\/\\\/kidsplay.lt\\\/#\\\/schema\\\/logo\\\/image\\\/\",\"url\":\"https:\\\/\\\/kidsplay.lt\\\/wp-content\\\/uploads\\\/2023\\\/07\\\/kidsplay-logo.png\",\"contentUrl\":\"https:\\\/\\\/kidsplay.lt\\\/wp-content\\\/uploads\\\/2023\\\/07\\\/kidsplay-logo.png\",\"width\":451,\"height\":98,\"caption\":\"KidsPlay\"},\"image\":{\"@id\":\"https:\\\/\\\/kidsplay.lt\\\/#\\\/schema\\\/logo\\\/image\\\/\"},\"sameAs\":[\"https:\\\/\\\/www.facebook.com\\\/www.kidsplay.lt\"]}]}<\/script>\n<!-- \/ Yoast SEO plugin. -->","yoast_head_json":{"title":"Pripu\u010diamas vaiki\u0161kas baseinas 61&#215;15","description":"Pripu\u010diamas vaiki\u0161kas baseinas 61&#215;15 - KidsPlay. Did\u017eiausias vaik\u0173 \u017eaisl\u0173 pasirinkimas.","robots":{"index":"index","follow":"follow","max-snippet":"max-snippet:-1","max-image-preview":"max-image-preview:large","max-video-preview":"max-video-preview:-1"},"canonical":"https:\/\/kidsplay.lt\/lv\/products\/pripuciamas-vaikiskas-baseinas-6115-2\/","og_locale":"lv_LV","og_type":"article","og_title":"Pripu\u010diamas vaiki\u0161kas baseinas 61&#215;15","og_description":"Pripu\u010diamas vaiki\u0161kas baseinas 61&#215;15 - KidsPlay. Did\u017eiausias vaik\u0173 \u017eaisl\u0173 pasirinkimas.","og_url":"https:\/\/kidsplay.lt\/lv\/products\/pripuciamas-vaikiskas-baseinas-6115-2\/","og_site_name":"KidsPlay","article_publisher":"https:\/\/www.facebook.com\/www.kidsplay.lt","article_modified_time":"2026-04-15T15:29:34+00:00","og_image":[{"width":1000,"height":707,"url":"https:\/\/kidsplay.lt\/wp-content\/uploads\/2026\/04\/Pripuciamas-vaikiskas-baseinas-6121515-1.png","type":"image\/png"}],"twitter_card":"summary_large_image","twitter_misc":{"Est. reading time":"1 min\u016bte"},"schema":{"@context":"https:\/\/schema.org","@graph":[{"@type":"WebPage","@id":"https:\/\/kidsplay.lt\/produktas\/pripuciamas-vaikiskas-baseinas-6115-2\/","url":"https:\/\/kidsplay.lt\/produktas\/pripuciamas-vaikiskas-baseinas-6115-2\/","name":"Pripu\u010diamas vaiki\u0161kas baseinas 61&#215;15","isPartOf":{"@id":"https:\/\/kidsplay.lt\/#website"},"primaryImageOfPage":{"@id":"https:\/\/kidsplay.lt\/produktas\/pripuciamas-vaikiskas-baseinas-6115-2\/#primaryimage"},"image":{"@id":"https:\/\/kidsplay.lt\/produktas\/pripuciamas-vaikiskas-baseinas-6115-2\/#primaryimage"},"thumbnailUrl":"https:\/\/kidsplay.lt\/wp-content\/uploads\/2026\/04\/Pripuciamas-vaikiskas-baseinas-6121515-1.png","datePublished":"2026-04-13T04:56:36+00:00","dateModified":"2026-04-15T15:29:34+00:00","description":"Pripu\u010diamas vaiki\u0161kas baseinas 61&#215;15 - KidsPlay. Did\u017eiausias vaik\u0173 \u017eaisl\u0173 pasirinkimas.","breadcrumb":{"@id":"https:\/\/kidsplay.lt\/produktas\/pripuciamas-vaikiskas-baseinas-6115-2\/#breadcrumb"},"inLanguage":"lv-LV","potentialAction":[{"@type":"ReadAction","target":["https:\/\/kidsplay.lt\/produktas\/pripuciamas-vaikiskas-baseinas-6115-2\/"]}]},{"@type":"ImageObject","inLanguage":"lv-LV","@id":"https:\/\/kidsplay.lt\/produktas\/pripuciamas-vaikiskas-baseinas-6115-2\/#primaryimage","url":"https:\/\/kidsplay.lt\/wp-content\/uploads\/2026\/04\/Pripuciamas-vaikiskas-baseinas-6121515-1.png","contentUrl":"https:\/\/kidsplay.lt\/wp-content\/uploads\/2026\/04\/Pripuciamas-vaikiskas-baseinas-6121515-1.png","width":1000,"height":707,"caption":"Pripu\u010diamas vaiki\u0161kas baseinas 61&#215;15"},{"@type":"BreadcrumbList","@id":"https:\/\/kidsplay.lt\/produktas\/pripuciamas-vaikiskas-baseinas-6115-2\/#breadcrumb","itemListElement":[{"@type":"ListItem","position":1,"name":"Pagrindinis","item":"https:\/\/kidsplay.lt\/"},{"@type":"ListItem","position":2,"name":"Parduotuv\u0117","item":"https:\/\/kidsplay.lt\/parduotuve\/"},{"@type":"ListItem","position":3,"name":"Pripu\u010diamas vaiki\u0161kas baseinas 61&#215;15"}]},{"@type":"WebSite","@id":"https:\/\/kidsplay.lt\/#website","url":"https:\/\/kidsplay.lt\/","name":"B\u0113rnu sp\u0113les.lv","description":"\u012evairios prek\u0117s vaikams","publisher":{"@id":"https:\/\/kidsplay.lt\/#organization"},"alternateName":"Kidsplay","potentialAction":[{"@type":"SearchAction","target":{"@type":"EntryPoint","urlTemplate":"https:\/\/kidsplay.lt\/?s={search_term_string}"},"query-input":{"@type":"PropertyValueSpecification","valueRequired":true,"valueName":"search_term_string"}}],"inLanguage":"lv-LV"},{"@type":"Organization","@id":"https:\/\/kidsplay.lt\/#organization","name":"B\u0113rnu sp\u0113le","url":"https:\/\/kidsplay.lt\/","logo":{"@type":"ImageObject","inLanguage":"lv-LV","@id":"https:\/\/kidsplay.lt\/#\/schema\/logo\/image\/","url":"https:\/\/kidsplay.lt\/wp-content\/uploads\/2023\/07\/kidsplay-logo.png","contentUrl":"https:\/\/kidsplay.lt\/wp-content\/uploads\/2023\/07\/kidsplay-logo.png","width":451,"height":98,"caption":"KidsPlay"},"image":{"@id":"https:\/\/kidsplay.lt\/#\/schema\/logo\/image\/"},"sameAs":["https:\/\/www.facebook.com\/www.kidsplay.lt"]}]}},"_links":{"self":[{"href":"https:\/\/kidsplay.lt\/lv\/wp-json\/wp\/v2\/product\/103255","targetHints":{"allow":["GET"]}}],"collection":[{"href":"https:\/\/kidsplay.lt\/lv\/wp-json\/wp\/v2\/product"}],"about":[{"href":"https:\/\/kidsplay.lt\/lv\/wp-json\/wp\/v2\/types\/product"}],"version-history":[{"count":1,"href":"https:\/\/kidsplay.lt\/lv\/wp-json\/wp\/v2\/product\/103255\/revisions"}],"predecessor-version":[{"id":103256,"href":"https:\/\/kidsplay.lt\/lv\/wp-json\/wp\/v2\/product\/103255\/revisions\/103256"}],"wp:featuredmedia":[{"embeddable":true,"href":"https:\/\/kidsplay.lt\/lv\/wp-json\/wp\/v2\/media\/103257"}],"wp:attachment":[{"href":"https:\/\/kidsplay.lt\/lv\/wp-json\/wp\/v2\/media?parent=103255"}],"wp:term":[{"taxonomy":"product_brand","embeddable":true,"href":"https:\/\/kidsplay.lt\/lv\/wp-json\/wp\/v2\/product_brand?post=103255"},{"taxonomy":"product_cat","embeddable":true,"href":"https:\/\/kidsplay.lt\/lv\/wp-json\/wp\/v2\/product_cat?post=103255"},{"taxonomy":"product_tag","embeddable":true,"href":"https:\/\/kidsplay.lt\/lv\/wp-json\/wp\/v2\/product_tag?post=103255"}],"curies":[{"name":"wp","href":"https:\/\/api.w.org\/{rel}","templated":true}]}}