{"id":103276,"date":"2026-04-13T07:57:01","date_gmt":"2026-04-13T04:57:01","guid":{"rendered":"https:\/\/kidsplay.lt\/produktas\/leles-rinkinys-su-gyvunais-vet\/"},"modified":"2026-04-20T10:20:35","modified_gmt":"2026-04-20T07:20:35","slug":"leles-rinkinys-su-gyvunais-vet","status":"publish","type":"product","link":"https:\/\/kidsplay.lt\/lv\/products\/leles-rinkinys-su-gyvunais-vet\/","title":{"rendered":"Le\u013c\u013cu komplekts ar dz\u012bvnieku veterin\u0101r\u0101rstu"},"content":{"rendered":"<p>\u0160is l\u0117l\u0117s ir gyv\u016bn\u0117li\u0173 rinkinys \u2013 puikus pasirinkimas vaikams, kurie myli gyv\u016bnus ir nori daugiau apie juos su\u017einoti. Tai ne tik smagus \u017eaidimas, bet ir vertinga edukacin\u0117 priemon\u0117, padedanti ugdyti atsakomyb\u0119 bei empatij\u0105.<\/p>\n<p>\u017daisdami su rinkiniu vaikai mokosi r\u016bpintis gyv\u016bnais, suprasti j\u0173 poreikius ir atlikti kasdienes prie\u017ei\u016bros u\u017eduotis. L\u0117l\u0117 su g\u0117l\u0117ta suknele, mieli \u0161uniukai ir ka\u010diukas leid\u017eia kurti \u012fvairias istorijas ir situacijas, skatinan\u010dias vaizduot\u0119.<\/p>\n<p>Didysis \u0161uo, po kurio galima sutvarkyti, moko vaik\u0105 atsakomyb\u0117s ir tvarkos palaikymo \u2013 tai puiki pamoka, kad augintinis reikalauja ne tik meil\u0117s, bet ir prie\u017ei\u016bros. Ma\u017easis \u0161uniukas ir katyt\u0117 suteikia dar daugiau galimybi\u0173 kurti \u017eaidim\u0173 scenarijus ir ugdyti empatij\u0105.<\/p>\n<p>Rinkinyje esantys baldai ir veterinariniai aksesuarai leid\u017eia vaikams \u012fsijausti \u012f gyv\u016bn\u0173 gydytojo ar pri\u017ei\u016br\u0117tojo vaidmen\u012f, lavinant k\u016brybi\u0161kum\u0105 ir socialinius \u012fg\u016bd\u017eius.<\/p>\n<p>Tai \u017eaislas, kuris ne tik linksmina, bet ir padeda vaikams mokytis atsakomyb\u0117s, r\u016bpestingumo ir supratimo apie gyv\u016bn\u0173 pasaul\u012f.<\/p>\n<p>Tehniskie dati:<\/p>\n<p> \tPakuot\u0117s dydis: 40 cm x 32,5 cm x 6 cm<br \/>\n \tCE sertifik\u0101ts<br \/>\n \tAtbilst EN71 standartam<br \/>\n \tB\u0113rniem no 3 gadu vecuma<\/p>","protected":false},"excerpt":{"rendered":"<p>\u0160is l\u0117l\u0117s ir gyv\u016bn\u0117li\u0173 rinkinys \u2013 puikus pasirinkimas vaikams, kurie myli gyv\u016bnus ir nori daugiau apie juos su\u017einoti. Tai ne<\/p>","protected":false},"featured_media":103278,"template":"","meta":{"_acf_changed":false,"_glsr_average":0,"_glsr_ranking":0,"_glsr_reviews":0},"product_brand":[],"product_cat":[443,229],"product_tag":[],"class_list":{"0":"post-103276","1":"product","2":"type-product","3":"status-publish","4":"has-post-thumbnail","6":"product_cat-leles-ir-priedai","7":"product_cat-zaislai-vaikams","8":"\"style=\"background-color: #2ecc711c;\"","10":"first","11":"instock","12":"purchasable","13":"product-type-simple"},"acf":[],"yoast_head":"<!-- This site is optimized with the Yoast SEO plugin v27.4 - https:\/\/yoast.com\/product\/yoast-seo-wordpress\/ -->\n<title>L\u0117l\u0117s rinkinys su gyv\u016bnais vet<\/title>\n<meta name=\"description\" content=\"L\u0117l\u0117s rinkinys su gyv\u016bnais vet - KidsPlay. Did\u017eiausias vaik\u0173 \u017eaisl\u0173 pasirinkimas.\" \/>\n<meta name=\"robots\" content=\"index, follow, max-snippet:-1, max-image-preview:large, max-video-preview:-1\" \/>\n<link rel=\"canonical\" href=\"https:\/\/kidsplay.lt\/lv\/products\/leles-rinkinys-su-gyvunais-vet\/\" \/>\n<meta property=\"og:locale\" content=\"lv_LV\" \/>\n<meta property=\"og:type\" content=\"article\" \/>\n<meta property=\"og:title\" content=\"L\u0117l\u0117s rinkinys su gyv\u016bnais vet\" \/>\n<meta property=\"og:description\" content=\"L\u0117l\u0117s rinkinys su gyv\u016bnais vet - KidsPlay. Did\u017eiausias vaik\u0173 \u017eaisl\u0173 pasirinkimas.\" \/>\n<meta property=\"og:url\" content=\"https:\/\/kidsplay.lt\/lv\/products\/leles-rinkinys-su-gyvunais-vet\/\" \/>\n<meta property=\"og:site_name\" content=\"KidsPlay\" \/>\n<meta property=\"article:publisher\" content=\"https:\/\/www.facebook.com\/www.kidsplay.lt\" \/>\n<meta property=\"article:modified_time\" content=\"2026-04-20T07:20:35+00:00\" \/>\n<meta property=\"og:image\" content=\"https:\/\/kidsplay.lt\/wp-content\/uploads\/2026\/04\/Leles-rinkinys-su-gyvunais-vet.png\" \/>\n\t<meta property=\"og:image:width\" content=\"1000\" \/>\n\t<meta property=\"og:image:height\" content=\"707\" \/>\n\t<meta property=\"og:image:type\" content=\"image\/png\" \/>\n<meta name=\"twitter:card\" content=\"summary_large_image\" \/>\n<meta name=\"twitter:label1\" content=\"Est. reading time\" \/>\n\t<meta name=\"twitter:data1\" content=\"1 min\u016bte\" \/>\n<script type=\"application\/ld+json\" class=\"yoast-schema-graph\">{\"@context\":\"https:\\\/\\\/schema.org\",\"@graph\":[{\"@type\":\"WebPage\",\"@id\":\"https:\\\/\\\/kidsplay.lt\\\/produktas\\\/leles-rinkinys-su-gyvunais-vet\\\/\",\"url\":\"https:\\\/\\\/kidsplay.lt\\\/produktas\\\/leles-rinkinys-su-gyvunais-vet\\\/\",\"name\":\"L\u0117l\u0117s rinkinys su gyv\u016bnais vet\",\"isPartOf\":{\"@id\":\"https:\\\/\\\/kidsplay.lt\\\/#website\"},\"primaryImageOfPage\":{\"@id\":\"https:\\\/\\\/kidsplay.lt\\\/produktas\\\/leles-rinkinys-su-gyvunais-vet\\\/#primaryimage\"},\"image\":{\"@id\":\"https:\\\/\\\/kidsplay.lt\\\/produktas\\\/leles-rinkinys-su-gyvunais-vet\\\/#primaryimage\"},\"thumbnailUrl\":\"https:\\\/\\\/kidsplay.lt\\\/wp-content\\\/uploads\\\/2026\\\/04\\\/Leles-rinkinys-su-gyvunais-vet.png\",\"datePublished\":\"2026-04-13T04:57:01+00:00\",\"dateModified\":\"2026-04-20T07:20:35+00:00\",\"description\":\"L\u0117l\u0117s rinkinys su gyv\u016bnais vet - KidsPlay. Did\u017eiausias vaik\u0173 \u017eaisl\u0173 pasirinkimas.\",\"breadcrumb\":{\"@id\":\"https:\\\/\\\/kidsplay.lt\\\/produktas\\\/leles-rinkinys-su-gyvunais-vet\\\/#breadcrumb\"},\"inLanguage\":\"lv-LV\",\"potentialAction\":[{\"@type\":\"ReadAction\",\"target\":[\"https:\\\/\\\/kidsplay.lt\\\/produktas\\\/leles-rinkinys-su-gyvunais-vet\\\/\"]}]},{\"@type\":\"ImageObject\",\"inLanguage\":\"lv-LV\",\"@id\":\"https:\\\/\\\/kidsplay.lt\\\/produktas\\\/leles-rinkinys-su-gyvunais-vet\\\/#primaryimage\",\"url\":\"https:\\\/\\\/kidsplay.lt\\\/wp-content\\\/uploads\\\/2026\\\/04\\\/Leles-rinkinys-su-gyvunais-vet.png\",\"contentUrl\":\"https:\\\/\\\/kidsplay.lt\\\/wp-content\\\/uploads\\\/2026\\\/04\\\/Leles-rinkinys-su-gyvunais-vet.png\",\"width\":1000,\"height\":707,\"caption\":\"L\u0117l\u0117s rinkinys su gyv\u016bnais vet\"},{\"@type\":\"BreadcrumbList\",\"@id\":\"https:\\\/\\\/kidsplay.lt\\\/produktas\\\/leles-rinkinys-su-gyvunais-vet\\\/#breadcrumb\",\"itemListElement\":[{\"@type\":\"ListItem\",\"position\":1,\"name\":\"Pagrindinis\",\"item\":\"https:\\\/\\\/kidsplay.lt\\\/\"},{\"@type\":\"ListItem\",\"position\":2,\"name\":\"Parduotuv\u0117\",\"item\":\"https:\\\/\\\/kidsplay.lt\\\/parduotuve\\\/\"},{\"@type\":\"ListItem\",\"position\":3,\"name\":\"L\u0117l\u0117s rinkinys su gyv\u016bnais vet\"}]},{\"@type\":\"WebSite\",\"@id\":\"https:\\\/\\\/kidsplay.lt\\\/#website\",\"url\":\"https:\\\/\\\/kidsplay.lt\\\/\",\"name\":\"Kidsplay.lt\",\"description\":\"\u012evairios prek\u0117s vaikams\",\"publisher\":{\"@id\":\"https:\\\/\\\/kidsplay.lt\\\/#organization\"},\"alternateName\":\"Kidsplay\",\"potentialAction\":[{\"@type\":\"SearchAction\",\"target\":{\"@type\":\"EntryPoint\",\"urlTemplate\":\"https:\\\/\\\/kidsplay.lt\\\/?s={search_term_string}\"},\"query-input\":{\"@type\":\"PropertyValueSpecification\",\"valueRequired\":true,\"valueName\":\"search_term_string\"}}],\"inLanguage\":\"lv-LV\"},{\"@type\":\"Organization\",\"@id\":\"https:\\\/\\\/kidsplay.lt\\\/#organization\",\"name\":\"KidsPlay\",\"url\":\"https:\\\/\\\/kidsplay.lt\\\/\",\"logo\":{\"@type\":\"ImageObject\",\"inLanguage\":\"lv-LV\",\"@id\":\"https:\\\/\\\/kidsplay.lt\\\/#\\\/schema\\\/logo\\\/image\\\/\",\"url\":\"https:\\\/\\\/kidsplay.lt\\\/wp-content\\\/uploads\\\/2023\\\/07\\\/kidsplay-logo.png\",\"contentUrl\":\"https:\\\/\\\/kidsplay.lt\\\/wp-content\\\/uploads\\\/2023\\\/07\\\/kidsplay-logo.png\",\"width\":451,\"height\":98,\"caption\":\"KidsPlay\"},\"image\":{\"@id\":\"https:\\\/\\\/kidsplay.lt\\\/#\\\/schema\\\/logo\\\/image\\\/\"},\"sameAs\":[\"https:\\\/\\\/www.facebook.com\\\/www.kidsplay.lt\"]}]}<\/script>\n<!-- \/ Yoast SEO plugin. -->","yoast_head_json":{"title":"Le\u013c\u013cu komplekts ar dz\u012bvnieku veterin\u0101r\u0101rstu","description":"L\u0117l\u0117s rinkinys su gyv\u016bnais vet - KidsPlay. Did\u017eiausias vaik\u0173 \u017eaisl\u0173 pasirinkimas.","robots":{"index":"index","follow":"follow","max-snippet":"max-snippet:-1","max-image-preview":"max-image-preview:large","max-video-preview":"max-video-preview:-1"},"canonical":"https:\/\/kidsplay.lt\/lv\/products\/leles-rinkinys-su-gyvunais-vet\/","og_locale":"lv_LV","og_type":"article","og_title":"L\u0117l\u0117s rinkinys su gyv\u016bnais vet","og_description":"L\u0117l\u0117s rinkinys su gyv\u016bnais vet - KidsPlay. Did\u017eiausias vaik\u0173 \u017eaisl\u0173 pasirinkimas.","og_url":"https:\/\/kidsplay.lt\/lv\/products\/leles-rinkinys-su-gyvunais-vet\/","og_site_name":"KidsPlay","article_publisher":"https:\/\/www.facebook.com\/www.kidsplay.lt","article_modified_time":"2026-04-20T07:20:35+00:00","og_image":[{"width":1000,"height":707,"url":"https:\/\/kidsplay.lt\/wp-content\/uploads\/2026\/04\/Leles-rinkinys-su-gyvunais-vet.png","type":"image\/png"}],"twitter_card":"summary_large_image","twitter_misc":{"Est. reading time":"1 min\u016bte"},"schema":{"@context":"https:\/\/schema.org","@graph":[{"@type":"WebPage","@id":"https:\/\/kidsplay.lt\/produktas\/leles-rinkinys-su-gyvunais-vet\/","url":"https:\/\/kidsplay.lt\/produktas\/leles-rinkinys-su-gyvunais-vet\/","name":"Le\u013c\u013cu komplekts ar dz\u012bvnieku veterin\u0101r\u0101rstu","isPartOf":{"@id":"https:\/\/kidsplay.lt\/#website"},"primaryImageOfPage":{"@id":"https:\/\/kidsplay.lt\/produktas\/leles-rinkinys-su-gyvunais-vet\/#primaryimage"},"image":{"@id":"https:\/\/kidsplay.lt\/produktas\/leles-rinkinys-su-gyvunais-vet\/#primaryimage"},"thumbnailUrl":"https:\/\/kidsplay.lt\/wp-content\/uploads\/2026\/04\/Leles-rinkinys-su-gyvunais-vet.png","datePublished":"2026-04-13T04:57:01+00:00","dateModified":"2026-04-20T07:20:35+00:00","description":"L\u0117l\u0117s rinkinys su gyv\u016bnais vet - KidsPlay. Did\u017eiausias vaik\u0173 \u017eaisl\u0173 pasirinkimas.","breadcrumb":{"@id":"https:\/\/kidsplay.lt\/produktas\/leles-rinkinys-su-gyvunais-vet\/#breadcrumb"},"inLanguage":"lv-LV","potentialAction":[{"@type":"ReadAction","target":["https:\/\/kidsplay.lt\/produktas\/leles-rinkinys-su-gyvunais-vet\/"]}]},{"@type":"ImageObject","inLanguage":"lv-LV","@id":"https:\/\/kidsplay.lt\/produktas\/leles-rinkinys-su-gyvunais-vet\/#primaryimage","url":"https:\/\/kidsplay.lt\/wp-content\/uploads\/2026\/04\/Leles-rinkinys-su-gyvunais-vet.png","contentUrl":"https:\/\/kidsplay.lt\/wp-content\/uploads\/2026\/04\/Leles-rinkinys-su-gyvunais-vet.png","width":1000,"height":707,"caption":"L\u0117l\u0117s rinkinys su gyv\u016bnais vet"},{"@type":"BreadcrumbList","@id":"https:\/\/kidsplay.lt\/produktas\/leles-rinkinys-su-gyvunais-vet\/#breadcrumb","itemListElement":[{"@type":"ListItem","position":1,"name":"Pagrindinis","item":"https:\/\/kidsplay.lt\/"},{"@type":"ListItem","position":2,"name":"Parduotuv\u0117","item":"https:\/\/kidsplay.lt\/parduotuve\/"},{"@type":"ListItem","position":3,"name":"L\u0117l\u0117s rinkinys su gyv\u016bnais vet"}]},{"@type":"WebSite","@id":"https:\/\/kidsplay.lt\/#website","url":"https:\/\/kidsplay.lt\/","name":"B\u0113rnu sp\u0113les.lv","description":"\u012evairios prek\u0117s vaikams","publisher":{"@id":"https:\/\/kidsplay.lt\/#organization"},"alternateName":"Kidsplay","potentialAction":[{"@type":"SearchAction","target":{"@type":"EntryPoint","urlTemplate":"https:\/\/kidsplay.lt\/?s={search_term_string}"},"query-input":{"@type":"PropertyValueSpecification","valueRequired":true,"valueName":"search_term_string"}}],"inLanguage":"lv-LV"},{"@type":"Organization","@id":"https:\/\/kidsplay.lt\/#organization","name":"B\u0113rnu sp\u0113le","url":"https:\/\/kidsplay.lt\/","logo":{"@type":"ImageObject","inLanguage":"lv-LV","@id":"https:\/\/kidsplay.lt\/#\/schema\/logo\/image\/","url":"https:\/\/kidsplay.lt\/wp-content\/uploads\/2023\/07\/kidsplay-logo.png","contentUrl":"https:\/\/kidsplay.lt\/wp-content\/uploads\/2023\/07\/kidsplay-logo.png","width":451,"height":98,"caption":"KidsPlay"},"image":{"@id":"https:\/\/kidsplay.lt\/#\/schema\/logo\/image\/"},"sameAs":["https:\/\/www.facebook.com\/www.kidsplay.lt"]}]}},"_links":{"self":[{"href":"https:\/\/kidsplay.lt\/lv\/wp-json\/wp\/v2\/product\/103276","targetHints":{"allow":["GET"]}}],"collection":[{"href":"https:\/\/kidsplay.lt\/lv\/wp-json\/wp\/v2\/product"}],"about":[{"href":"https:\/\/kidsplay.lt\/lv\/wp-json\/wp\/v2\/types\/product"}],"version-history":[{"count":1,"href":"https:\/\/kidsplay.lt\/lv\/wp-json\/wp\/v2\/product\/103276\/revisions"}],"predecessor-version":[{"id":103277,"href":"https:\/\/kidsplay.lt\/lv\/wp-json\/wp\/v2\/product\/103276\/revisions\/103277"}],"wp:featuredmedia":[{"embeddable":true,"href":"https:\/\/kidsplay.lt\/lv\/wp-json\/wp\/v2\/media\/103278"}],"wp:attachment":[{"href":"https:\/\/kidsplay.lt\/lv\/wp-json\/wp\/v2\/media?parent=103276"}],"wp:term":[{"taxonomy":"product_brand","embeddable":true,"href":"https:\/\/kidsplay.lt\/lv\/wp-json\/wp\/v2\/product_brand?post=103276"},{"taxonomy":"product_cat","embeddable":true,"href":"https:\/\/kidsplay.lt\/lv\/wp-json\/wp\/v2\/product_cat?post=103276"},{"taxonomy":"product_tag","embeddable":true,"href":"https:\/\/kidsplay.lt\/lv\/wp-json\/wp\/v2\/product_tag?post=103276"}],"curies":[{"name":"wp","href":"https:\/\/api.w.org\/{rel}","templated":true}]}}