{"id":103299,"date":"2026-04-13T07:58:00","date_gmt":"2026-04-13T04:58:00","guid":{"rendered":"https:\/\/kidsplay.lt\/produktas\/pripuciamas-kamuoliuku-baseinas-10225\/"},"modified":"2026-04-15T18:29:36","modified_gmt":"2026-04-15T15:29:36","slug":"pripuciamas-kamuoliuku-baseinas-10225","status":"publish","type":"product","link":"https:\/\/kidsplay.lt\/lv\/products\/pripuciamas-kamuoliuku-baseinas-10225\/","title":{"rendered":"Pripu\u010diamas kamuoliuk\u0173 baseinas 102&#215;25"},"content":{"rendered":"<p>Pripu\u010diamas Kamuoliuk\u0173 Baseinas 102 x 25 cm Bestway 52466<\/p>\n<p>\u0160is spalvingas pripu\u010diamas baseinas suteiks vaikui daug jud\u0117jimo, \u017eaidim\u0173 ir d\u017eiaugsmo tiek lauke, tiek namuose. D\u0117l kompakti\u0161k\u0173 matmen\u0173 jis puikiai tinka vaikams nuo 2 met\u0173 ir gali b\u016bti naudojamas i\u0161tisus metus. Nam\u0173 aplinkoje baseinas tampa smagia kamuoliuk\u0173 \u017eaidim\u0173 erdve, o vasar\u0105 \u2013 puiki vieta vandens pramogoms.<\/p>\n<p>Rinkinyje esantys 50 spalvot\u0173 kamuoliuk\u0173 suteikia dar daugiau \u017eaidimo galimybi\u0173. 4 i\u0161 j\u0173 yra staigmen\u0173 kamuoliukai, kurie atsiveria ir slepia ma\u017eas dovanas \u2013 tai sukuria papildom\u0105 atrakcij\u0105 ir \u017eaidimo \u012fvairov\u0119. Trij\u0173 \u017eied\u0173 konstrukcija u\u017etikrina baseino stabilum\u0105 ir patvarum\u0105, o mink\u0161tas dugnas suteikia vaikui komfort\u0105.<\/p>\n<p>Komplekt\u0101 ietilpst:<\/p>\n<p> \tBaseinas 102 cm x 25 cm<br \/>\n \t50 kamuoliuk\u0173 (4 staigmen\u0173)<br \/>\n \tTaisymo lopas<\/p>\n<p>Tehniskie dati:<\/p>\n<p> \tMatmenys: 102 cm x 25 cm<br \/>\n \tTalpa: 101 l<br \/>\n \t3 \u017eiedai<br \/>\n \tAm\u017eius: nuo 2 met\u0173<br \/>\n \tMink\u0161tas dugnas<br \/>\n \tPatogios sienel\u0117s atsiremti<br \/>\n \tSpalvoti \u017eiedai<\/p>\n<p>Svoris: 1 kg Pakuot\u0117s dydis: 36 cm x 28 cm x 12 cm<\/p>","protected":false},"excerpt":{"rendered":"<p>Pripu\u010diamas Kamuoliuk\u0173 Baseinas 102 x 25 cm Bestway 52466 \u0160is spalvingas pripu\u010diamas baseinas suteiks vaikui daug jud\u0117jimo, \u017eaidim\u0173 ir d\u017eiaugsmo<\/p>","protected":false},"featured_media":103301,"template":"","meta":{"_acf_changed":false,"_glsr_average":0,"_glsr_ranking":0,"_glsr_reviews":0},"product_brand":[],"product_cat":[233,390],"product_tag":[],"class_list":{"0":"post-103299","1":"product","2":"type-product","3":"status-publish","4":"has-post-thumbnail","6":"product_cat-lauko-pramogos","7":"product_cat-vandens-pramogos","8":"\"style=\"background-color: #2ecc711c;\"","10":"first","11":"instock","12":"purchasable","13":"product-type-simple"},"acf":[],"yoast_head":"<!-- This site is optimized with the Yoast SEO plugin v27.4 - https:\/\/yoast.com\/product\/yoast-seo-wordpress\/ -->\n<title>Pripu\u010diamas kamuoliuk\u0173 baseinas 102&#215;25<\/title>\n<meta name=\"description\" content=\"Pripu\u010diamas kamuoliuk\u0173 baseinas 102&#215;25 - KidsPlay. Did\u017eiausias vaik\u0173 \u017eaisl\u0173 pasirinkimas.\" \/>\n<meta name=\"robots\" content=\"index, follow, max-snippet:-1, max-image-preview:large, max-video-preview:-1\" \/>\n<link rel=\"canonical\" href=\"https:\/\/kidsplay.lt\/lv\/products\/pripuciamas-kamuoliuku-baseinas-10225\/\" \/>\n<meta property=\"og:locale\" content=\"lv_LV\" \/>\n<meta property=\"og:type\" content=\"article\" \/>\n<meta property=\"og:title\" content=\"Pripu\u010diamas kamuoliuk\u0173 baseinas 102&#215;25\" \/>\n<meta property=\"og:description\" content=\"Pripu\u010diamas kamuoliuk\u0173 baseinas 102&#215;25 - KidsPlay. Did\u017eiausias vaik\u0173 \u017eaisl\u0173 pasirinkimas.\" \/>\n<meta property=\"og:url\" content=\"https:\/\/kidsplay.lt\/lv\/products\/pripuciamas-kamuoliuku-baseinas-10225\/\" \/>\n<meta property=\"og:site_name\" content=\"KidsPlay\" \/>\n<meta property=\"article:publisher\" content=\"https:\/\/www.facebook.com\/www.kidsplay.lt\" \/>\n<meta property=\"article:modified_time\" content=\"2026-04-15T15:29:36+00:00\" \/>\n<meta property=\"og:image\" content=\"https:\/\/kidsplay.lt\/wp-content\/uploads\/2026\/04\/Pripuciamas-kamuoliuku-baseinas-10221525.jpg\" \/>\n\t<meta property=\"og:image:width\" content=\"1000\" \/>\n\t<meta property=\"og:image:height\" content=\"707\" \/>\n\t<meta property=\"og:image:type\" content=\"image\/jpeg\" \/>\n<meta name=\"twitter:card\" content=\"summary_large_image\" \/>\n<meta name=\"twitter:label1\" content=\"Est. reading time\" \/>\n\t<meta name=\"twitter:data1\" content=\"1 min\u016bte\" \/>\n<script type=\"application\/ld+json\" class=\"yoast-schema-graph\">{\"@context\":\"https:\\\/\\\/schema.org\",\"@graph\":[{\"@type\":\"WebPage\",\"@id\":\"https:\\\/\\\/kidsplay.lt\\\/produktas\\\/pripuciamas-kamuoliuku-baseinas-10225\\\/\",\"url\":\"https:\\\/\\\/kidsplay.lt\\\/produktas\\\/pripuciamas-kamuoliuku-baseinas-10225\\\/\",\"name\":\"Pripu\u010diamas kamuoliuk\u0173 baseinas 102&#215;25\",\"isPartOf\":{\"@id\":\"https:\\\/\\\/kidsplay.lt\\\/#website\"},\"primaryImageOfPage\":{\"@id\":\"https:\\\/\\\/kidsplay.lt\\\/produktas\\\/pripuciamas-kamuoliuku-baseinas-10225\\\/#primaryimage\"},\"image\":{\"@id\":\"https:\\\/\\\/kidsplay.lt\\\/produktas\\\/pripuciamas-kamuoliuku-baseinas-10225\\\/#primaryimage\"},\"thumbnailUrl\":\"https:\\\/\\\/kidsplay.lt\\\/wp-content\\\/uploads\\\/2026\\\/04\\\/Pripuciamas-kamuoliuku-baseinas-10221525.jpg\",\"datePublished\":\"2026-04-13T04:58:00+00:00\",\"dateModified\":\"2026-04-15T15:29:36+00:00\",\"description\":\"Pripu\u010diamas kamuoliuk\u0173 baseinas 102&#215;25 - KidsPlay. Did\u017eiausias vaik\u0173 \u017eaisl\u0173 pasirinkimas.\",\"breadcrumb\":{\"@id\":\"https:\\\/\\\/kidsplay.lt\\\/produktas\\\/pripuciamas-kamuoliuku-baseinas-10225\\\/#breadcrumb\"},\"inLanguage\":\"lv-LV\",\"potentialAction\":[{\"@type\":\"ReadAction\",\"target\":[\"https:\\\/\\\/kidsplay.lt\\\/produktas\\\/pripuciamas-kamuoliuku-baseinas-10225\\\/\"]}]},{\"@type\":\"ImageObject\",\"inLanguage\":\"lv-LV\",\"@id\":\"https:\\\/\\\/kidsplay.lt\\\/produktas\\\/pripuciamas-kamuoliuku-baseinas-10225\\\/#primaryimage\",\"url\":\"https:\\\/\\\/kidsplay.lt\\\/wp-content\\\/uploads\\\/2026\\\/04\\\/Pripuciamas-kamuoliuku-baseinas-10221525.jpg\",\"contentUrl\":\"https:\\\/\\\/kidsplay.lt\\\/wp-content\\\/uploads\\\/2026\\\/04\\\/Pripuciamas-kamuoliuku-baseinas-10221525.jpg\",\"width\":1000,\"height\":707,\"caption\":\"Pripu\u010diamas kamuoliuk\u0173 baseinas 102&#215;25\"},{\"@type\":\"BreadcrumbList\",\"@id\":\"https:\\\/\\\/kidsplay.lt\\\/produktas\\\/pripuciamas-kamuoliuku-baseinas-10225\\\/#breadcrumb\",\"itemListElement\":[{\"@type\":\"ListItem\",\"position\":1,\"name\":\"Pagrindinis\",\"item\":\"https:\\\/\\\/kidsplay.lt\\\/\"},{\"@type\":\"ListItem\",\"position\":2,\"name\":\"Parduotuv\u0117\",\"item\":\"https:\\\/\\\/kidsplay.lt\\\/parduotuve\\\/\"},{\"@type\":\"ListItem\",\"position\":3,\"name\":\"Pripu\u010diamas kamuoliuk\u0173 baseinas 102&#215;25\"}]},{\"@type\":\"WebSite\",\"@id\":\"https:\\\/\\\/kidsplay.lt\\\/#website\",\"url\":\"https:\\\/\\\/kidsplay.lt\\\/\",\"name\":\"Kidsplay.lt\",\"description\":\"\u012evairios prek\u0117s vaikams\",\"publisher\":{\"@id\":\"https:\\\/\\\/kidsplay.lt\\\/#organization\"},\"alternateName\":\"Kidsplay\",\"potentialAction\":[{\"@type\":\"SearchAction\",\"target\":{\"@type\":\"EntryPoint\",\"urlTemplate\":\"https:\\\/\\\/kidsplay.lt\\\/?s={search_term_string}\"},\"query-input\":{\"@type\":\"PropertyValueSpecification\",\"valueRequired\":true,\"valueName\":\"search_term_string\"}}],\"inLanguage\":\"lv-LV\"},{\"@type\":\"Organization\",\"@id\":\"https:\\\/\\\/kidsplay.lt\\\/#organization\",\"name\":\"KidsPlay\",\"url\":\"https:\\\/\\\/kidsplay.lt\\\/\",\"logo\":{\"@type\":\"ImageObject\",\"inLanguage\":\"lv-LV\",\"@id\":\"https:\\\/\\\/kidsplay.lt\\\/#\\\/schema\\\/logo\\\/image\\\/\",\"url\":\"https:\\\/\\\/kidsplay.lt\\\/wp-content\\\/uploads\\\/2023\\\/07\\\/kidsplay-logo.png\",\"contentUrl\":\"https:\\\/\\\/kidsplay.lt\\\/wp-content\\\/uploads\\\/2023\\\/07\\\/kidsplay-logo.png\",\"width\":451,\"height\":98,\"caption\":\"KidsPlay\"},\"image\":{\"@id\":\"https:\\\/\\\/kidsplay.lt\\\/#\\\/schema\\\/logo\\\/image\\\/\"},\"sameAs\":[\"https:\\\/\\\/www.facebook.com\\\/www.kidsplay.lt\"]}]}<\/script>\n<!-- \/ Yoast SEO plugin. -->","yoast_head_json":{"title":"Pripu\u010diamas kamuoliuk\u0173 baseinas 102&#215;25","description":"Pripu\u010diamas kamuoliuk\u0173 baseinas 102&#215;25 - KidsPlay. Did\u017eiausias vaik\u0173 \u017eaisl\u0173 pasirinkimas.","robots":{"index":"index","follow":"follow","max-snippet":"max-snippet:-1","max-image-preview":"max-image-preview:large","max-video-preview":"max-video-preview:-1"},"canonical":"https:\/\/kidsplay.lt\/lv\/products\/pripuciamas-kamuoliuku-baseinas-10225\/","og_locale":"lv_LV","og_type":"article","og_title":"Pripu\u010diamas kamuoliuk\u0173 baseinas 102&#215;25","og_description":"Pripu\u010diamas kamuoliuk\u0173 baseinas 102&#215;25 - KidsPlay. Did\u017eiausias vaik\u0173 \u017eaisl\u0173 pasirinkimas.","og_url":"https:\/\/kidsplay.lt\/lv\/products\/pripuciamas-kamuoliuku-baseinas-10225\/","og_site_name":"KidsPlay","article_publisher":"https:\/\/www.facebook.com\/www.kidsplay.lt","article_modified_time":"2026-04-15T15:29:36+00:00","og_image":[{"width":1000,"height":707,"url":"https:\/\/kidsplay.lt\/wp-content\/uploads\/2026\/04\/Pripuciamas-kamuoliuku-baseinas-10221525.jpg","type":"image\/jpeg"}],"twitter_card":"summary_large_image","twitter_misc":{"Est. reading time":"1 min\u016bte"},"schema":{"@context":"https:\/\/schema.org","@graph":[{"@type":"WebPage","@id":"https:\/\/kidsplay.lt\/produktas\/pripuciamas-kamuoliuku-baseinas-10225\/","url":"https:\/\/kidsplay.lt\/produktas\/pripuciamas-kamuoliuku-baseinas-10225\/","name":"Pripu\u010diamas kamuoliuk\u0173 baseinas 102&#215;25","isPartOf":{"@id":"https:\/\/kidsplay.lt\/#website"},"primaryImageOfPage":{"@id":"https:\/\/kidsplay.lt\/produktas\/pripuciamas-kamuoliuku-baseinas-10225\/#primaryimage"},"image":{"@id":"https:\/\/kidsplay.lt\/produktas\/pripuciamas-kamuoliuku-baseinas-10225\/#primaryimage"},"thumbnailUrl":"https:\/\/kidsplay.lt\/wp-content\/uploads\/2026\/04\/Pripuciamas-kamuoliuku-baseinas-10221525.jpg","datePublished":"2026-04-13T04:58:00+00:00","dateModified":"2026-04-15T15:29:36+00:00","description":"Pripu\u010diamas kamuoliuk\u0173 baseinas 102&#215;25 - KidsPlay. Did\u017eiausias vaik\u0173 \u017eaisl\u0173 pasirinkimas.","breadcrumb":{"@id":"https:\/\/kidsplay.lt\/produktas\/pripuciamas-kamuoliuku-baseinas-10225\/#breadcrumb"},"inLanguage":"lv-LV","potentialAction":[{"@type":"ReadAction","target":["https:\/\/kidsplay.lt\/produktas\/pripuciamas-kamuoliuku-baseinas-10225\/"]}]},{"@type":"ImageObject","inLanguage":"lv-LV","@id":"https:\/\/kidsplay.lt\/produktas\/pripuciamas-kamuoliuku-baseinas-10225\/#primaryimage","url":"https:\/\/kidsplay.lt\/wp-content\/uploads\/2026\/04\/Pripuciamas-kamuoliuku-baseinas-10221525.jpg","contentUrl":"https:\/\/kidsplay.lt\/wp-content\/uploads\/2026\/04\/Pripuciamas-kamuoliuku-baseinas-10221525.jpg","width":1000,"height":707,"caption":"Pripu\u010diamas kamuoliuk\u0173 baseinas 102&#215;25"},{"@type":"BreadcrumbList","@id":"https:\/\/kidsplay.lt\/produktas\/pripuciamas-kamuoliuku-baseinas-10225\/#breadcrumb","itemListElement":[{"@type":"ListItem","position":1,"name":"Pagrindinis","item":"https:\/\/kidsplay.lt\/"},{"@type":"ListItem","position":2,"name":"Parduotuv\u0117","item":"https:\/\/kidsplay.lt\/parduotuve\/"},{"@type":"ListItem","position":3,"name":"Pripu\u010diamas kamuoliuk\u0173 baseinas 102&#215;25"}]},{"@type":"WebSite","@id":"https:\/\/kidsplay.lt\/#website","url":"https:\/\/kidsplay.lt\/","name":"B\u0113rnu sp\u0113les.lv","description":"\u012evairios prek\u0117s vaikams","publisher":{"@id":"https:\/\/kidsplay.lt\/#organization"},"alternateName":"Kidsplay","potentialAction":[{"@type":"SearchAction","target":{"@type":"EntryPoint","urlTemplate":"https:\/\/kidsplay.lt\/?s={search_term_string}"},"query-input":{"@type":"PropertyValueSpecification","valueRequired":true,"valueName":"search_term_string"}}],"inLanguage":"lv-LV"},{"@type":"Organization","@id":"https:\/\/kidsplay.lt\/#organization","name":"B\u0113rnu sp\u0113le","url":"https:\/\/kidsplay.lt\/","logo":{"@type":"ImageObject","inLanguage":"lv-LV","@id":"https:\/\/kidsplay.lt\/#\/schema\/logo\/image\/","url":"https:\/\/kidsplay.lt\/wp-content\/uploads\/2023\/07\/kidsplay-logo.png","contentUrl":"https:\/\/kidsplay.lt\/wp-content\/uploads\/2023\/07\/kidsplay-logo.png","width":451,"height":98,"caption":"KidsPlay"},"image":{"@id":"https:\/\/kidsplay.lt\/#\/schema\/logo\/image\/"},"sameAs":["https:\/\/www.facebook.com\/www.kidsplay.lt"]}]}},"_links":{"self":[{"href":"https:\/\/kidsplay.lt\/lv\/wp-json\/wp\/v2\/product\/103299","targetHints":{"allow":["GET"]}}],"collection":[{"href":"https:\/\/kidsplay.lt\/lv\/wp-json\/wp\/v2\/product"}],"about":[{"href":"https:\/\/kidsplay.lt\/lv\/wp-json\/wp\/v2\/types\/product"}],"version-history":[{"count":1,"href":"https:\/\/kidsplay.lt\/lv\/wp-json\/wp\/v2\/product\/103299\/revisions"}],"predecessor-version":[{"id":103300,"href":"https:\/\/kidsplay.lt\/lv\/wp-json\/wp\/v2\/product\/103299\/revisions\/103300"}],"wp:featuredmedia":[{"embeddable":true,"href":"https:\/\/kidsplay.lt\/lv\/wp-json\/wp\/v2\/media\/103301"}],"wp:attachment":[{"href":"https:\/\/kidsplay.lt\/lv\/wp-json\/wp\/v2\/media?parent=103299"}],"wp:term":[{"taxonomy":"product_brand","embeddable":true,"href":"https:\/\/kidsplay.lt\/lv\/wp-json\/wp\/v2\/product_brand?post=103299"},{"taxonomy":"product_cat","embeddable":true,"href":"https:\/\/kidsplay.lt\/lv\/wp-json\/wp\/v2\/product_cat?post=103299"},{"taxonomy":"product_tag","embeddable":true,"href":"https:\/\/kidsplay.lt\/lv\/wp-json\/wp\/v2\/product_tag?post=103299"}],"curies":[{"name":"wp","href":"https:\/\/api.w.org\/{rel}","templated":true}]}}