{"id":103345,"date":"2026-04-13T07:59:19","date_gmt":"2026-04-13T04:59:19","guid":{"rendered":"https:\/\/kidsplay.lt\/produktas\/pripuciamas-vezlys-ciuzinys-150145\/"},"modified":"2026-04-15T18:29:38","modified_gmt":"2026-04-15T15:29:38","slug":"pripuciamas-vezlys-ciuzinys-150145","status":"publish","type":"product","link":"https:\/\/kidsplay.lt\/lv\/products\/pripuciamas-vezlys-ciuzinys-150145\/","title":{"rendered":"Piep\u016b\u0161ams bru\u0146urupu\u010da matracis 150\u00d7145"},"content":{"rendered":"<p>Pripu\u010diamas v\u0117\u017elys \u2013 tai smagus ir \u012ftraukiantis vandens \u017eaislas vaikams nuo 3 met\u0173, m\u0117gstantiems nuotykius vandenyje. Realisti\u0161kas dizainas ir dideli matmenys suteikia daug vietos patogiam gul\u0117jimui ar \u017eaidimams ant vandens pavir\u0161iaus.<\/p>\n<p>\u0160is \u010diu\u017einys puikiai tinka naudoti baseine, e\u017eere ar prie j\u016bros. Sulankstytas jis tampa kompakti\u0161kas, tod\u0117l lengvai keliauja kartu su jumis \u012f bet koki\u0105 atostog\u0173 viet\u0105. Du tvirti laikikliai u\u017etikrina stabilum\u0105 ir saugum\u0105 \u017eaidimo metu, o patvari PVC med\u017eiaga garantuoja ilgaam\u017ei\u0161kum\u0105.<\/p>\n<p>Tehniskie dati:<\/p>\n<p> \tMatmenys: 150 x 145 cm<br \/>\n \tMed\u017eiaga: PVC<br \/>\n \tSieneli\u0173 storis: 0,21 mm<br \/>\n \tMaksimali apkrova: 45 kg<br \/>\n \tRekomenduojamas am\u017eius: nuo 3 met\u0173<\/p>","protected":false},"excerpt":{"rendered":"<p>Pripu\u010diamas v\u0117\u017elys \u2013 tai smagus ir \u012ftraukiantis vandens \u017eaislas vaikams nuo 3 met\u0173, m\u0117gstantiems nuotykius vandenyje. Realisti\u0161kas dizainas ir dideli<\/p>","protected":false},"featured_media":103347,"template":"","meta":{"_acf_changed":false,"_glsr_average":0,"_glsr_ranking":0,"_glsr_reviews":0},"product_brand":[],"product_cat":[233,390],"product_tag":[],"class_list":{"0":"post-103345","1":"product","2":"type-product","3":"status-publish","4":"has-post-thumbnail","6":"product_cat-lauko-pramogos","7":"product_cat-vandens-pramogos","8":"\"style=\"background-color: #2ecc711c;\"","10":"first","11":"instock","12":"purchasable","13":"product-type-simple"},"acf":[],"yoast_head":"<!-- This site is optimized with the Yoast SEO plugin v27.4 - https:\/\/yoast.com\/product\/yoast-seo-wordpress\/ -->\n<title>Pripu\u010diamas v\u0117\u017elys \u010diu\u017einys 150&#215;145<\/title>\n<meta name=\"description\" content=\"Pripu\u010diamas v\u0117\u017elys \u010diu\u017einys 150&#215;145 - KidsPlay. Did\u017eiausias vaik\u0173 \u017eaisl\u0173 pasirinkimas.\" \/>\n<meta name=\"robots\" content=\"index, follow, max-snippet:-1, max-image-preview:large, max-video-preview:-1\" \/>\n<link rel=\"canonical\" href=\"https:\/\/kidsplay.lt\/lv\/products\/pripuciamas-vezlys-ciuzinys-150145\/\" \/>\n<meta property=\"og:locale\" content=\"lv_LV\" \/>\n<meta property=\"og:type\" content=\"article\" \/>\n<meta property=\"og:title\" content=\"Pripu\u010diamas v\u0117\u017elys \u010diu\u017einys 150&#215;145\" \/>\n<meta property=\"og:description\" content=\"Pripu\u010diamas v\u0117\u017elys \u010diu\u017einys 150&#215;145 - KidsPlay. Did\u017eiausias vaik\u0173 \u017eaisl\u0173 pasirinkimas.\" \/>\n<meta property=\"og:url\" content=\"https:\/\/kidsplay.lt\/lv\/products\/pripuciamas-vezlys-ciuzinys-150145\/\" \/>\n<meta property=\"og:site_name\" content=\"KidsPlay\" \/>\n<meta property=\"article:publisher\" content=\"https:\/\/www.facebook.com\/www.kidsplay.lt\" \/>\n<meta property=\"article:modified_time\" content=\"2026-04-15T15:29:38+00:00\" \/>\n<meta property=\"og:image\" content=\"https:\/\/kidsplay.lt\/wp-content\/uploads\/2026\/04\/Pripuciamas-vezlys-ciuzinys-150215145.png\" \/>\n\t<meta property=\"og:image:width\" content=\"1000\" \/>\n\t<meta property=\"og:image:height\" content=\"707\" \/>\n\t<meta property=\"og:image:type\" content=\"image\/png\" \/>\n<meta name=\"twitter:card\" content=\"summary_large_image\" \/>\n<meta name=\"twitter:label1\" content=\"Est. reading time\" \/>\n\t<meta name=\"twitter:data1\" content=\"1 min\u016bte\" \/>\n<script type=\"application\/ld+json\" class=\"yoast-schema-graph\">{\"@context\":\"https:\\\/\\\/schema.org\",\"@graph\":[{\"@type\":\"WebPage\",\"@id\":\"https:\\\/\\\/kidsplay.lt\\\/produktas\\\/pripuciamas-vezlys-ciuzinys-150145\\\/\",\"url\":\"https:\\\/\\\/kidsplay.lt\\\/produktas\\\/pripuciamas-vezlys-ciuzinys-150145\\\/\",\"name\":\"Pripu\u010diamas v\u0117\u017elys \u010diu\u017einys 150&#215;145\",\"isPartOf\":{\"@id\":\"https:\\\/\\\/kidsplay.lt\\\/#website\"},\"primaryImageOfPage\":{\"@id\":\"https:\\\/\\\/kidsplay.lt\\\/produktas\\\/pripuciamas-vezlys-ciuzinys-150145\\\/#primaryimage\"},\"image\":{\"@id\":\"https:\\\/\\\/kidsplay.lt\\\/produktas\\\/pripuciamas-vezlys-ciuzinys-150145\\\/#primaryimage\"},\"thumbnailUrl\":\"https:\\\/\\\/kidsplay.lt\\\/wp-content\\\/uploads\\\/2026\\\/04\\\/Pripuciamas-vezlys-ciuzinys-150215145.png\",\"datePublished\":\"2026-04-13T04:59:19+00:00\",\"dateModified\":\"2026-04-15T15:29:38+00:00\",\"description\":\"Pripu\u010diamas v\u0117\u017elys \u010diu\u017einys 150&#215;145 - KidsPlay. Did\u017eiausias vaik\u0173 \u017eaisl\u0173 pasirinkimas.\",\"breadcrumb\":{\"@id\":\"https:\\\/\\\/kidsplay.lt\\\/produktas\\\/pripuciamas-vezlys-ciuzinys-150145\\\/#breadcrumb\"},\"inLanguage\":\"lv-LV\",\"potentialAction\":[{\"@type\":\"ReadAction\",\"target\":[\"https:\\\/\\\/kidsplay.lt\\\/produktas\\\/pripuciamas-vezlys-ciuzinys-150145\\\/\"]}]},{\"@type\":\"ImageObject\",\"inLanguage\":\"lv-LV\",\"@id\":\"https:\\\/\\\/kidsplay.lt\\\/produktas\\\/pripuciamas-vezlys-ciuzinys-150145\\\/#primaryimage\",\"url\":\"https:\\\/\\\/kidsplay.lt\\\/wp-content\\\/uploads\\\/2026\\\/04\\\/Pripuciamas-vezlys-ciuzinys-150215145.png\",\"contentUrl\":\"https:\\\/\\\/kidsplay.lt\\\/wp-content\\\/uploads\\\/2026\\\/04\\\/Pripuciamas-vezlys-ciuzinys-150215145.png\",\"width\":1000,\"height\":707,\"caption\":\"Pripu\u010diamas v\u0117\u017elys \u010diu\u017einys 150&#215;145\"},{\"@type\":\"BreadcrumbList\",\"@id\":\"https:\\\/\\\/kidsplay.lt\\\/produktas\\\/pripuciamas-vezlys-ciuzinys-150145\\\/#breadcrumb\",\"itemListElement\":[{\"@type\":\"ListItem\",\"position\":1,\"name\":\"Pagrindinis\",\"item\":\"https:\\\/\\\/kidsplay.lt\\\/\"},{\"@type\":\"ListItem\",\"position\":2,\"name\":\"Parduotuv\u0117\",\"item\":\"https:\\\/\\\/kidsplay.lt\\\/parduotuve\\\/\"},{\"@type\":\"ListItem\",\"position\":3,\"name\":\"Pripu\u010diamas v\u0117\u017elys \u010diu\u017einys 150&#215;145\"}]},{\"@type\":\"WebSite\",\"@id\":\"https:\\\/\\\/kidsplay.lt\\\/#website\",\"url\":\"https:\\\/\\\/kidsplay.lt\\\/\",\"name\":\"Kidsplay.lt\",\"description\":\"\u012evairios prek\u0117s vaikams\",\"publisher\":{\"@id\":\"https:\\\/\\\/kidsplay.lt\\\/#organization\"},\"alternateName\":\"Kidsplay\",\"potentialAction\":[{\"@type\":\"SearchAction\",\"target\":{\"@type\":\"EntryPoint\",\"urlTemplate\":\"https:\\\/\\\/kidsplay.lt\\\/?s={search_term_string}\"},\"query-input\":{\"@type\":\"PropertyValueSpecification\",\"valueRequired\":true,\"valueName\":\"search_term_string\"}}],\"inLanguage\":\"lv-LV\"},{\"@type\":\"Organization\",\"@id\":\"https:\\\/\\\/kidsplay.lt\\\/#organization\",\"name\":\"KidsPlay\",\"url\":\"https:\\\/\\\/kidsplay.lt\\\/\",\"logo\":{\"@type\":\"ImageObject\",\"inLanguage\":\"lv-LV\",\"@id\":\"https:\\\/\\\/kidsplay.lt\\\/#\\\/schema\\\/logo\\\/image\\\/\",\"url\":\"https:\\\/\\\/kidsplay.lt\\\/wp-content\\\/uploads\\\/2023\\\/07\\\/kidsplay-logo.png\",\"contentUrl\":\"https:\\\/\\\/kidsplay.lt\\\/wp-content\\\/uploads\\\/2023\\\/07\\\/kidsplay-logo.png\",\"width\":451,\"height\":98,\"caption\":\"KidsPlay\"},\"image\":{\"@id\":\"https:\\\/\\\/kidsplay.lt\\\/#\\\/schema\\\/logo\\\/image\\\/\"},\"sameAs\":[\"https:\\\/\\\/www.facebook.com\\\/www.kidsplay.lt\"]}]}<\/script>\n<!-- \/ Yoast SEO plugin. -->","yoast_head_json":{"title":"Piep\u016b\u0161ams bru\u0146urupu\u010da matracis 150\u00d7145","description":"Pripu\u010diamas v\u0117\u017elys \u010diu\u017einys 150&#215;145 - KidsPlay. Did\u017eiausias vaik\u0173 \u017eaisl\u0173 pasirinkimas.","robots":{"index":"index","follow":"follow","max-snippet":"max-snippet:-1","max-image-preview":"max-image-preview:large","max-video-preview":"max-video-preview:-1"},"canonical":"https:\/\/kidsplay.lt\/lv\/products\/pripuciamas-vezlys-ciuzinys-150145\/","og_locale":"lv_LV","og_type":"article","og_title":"Pripu\u010diamas v\u0117\u017elys \u010diu\u017einys 150&#215;145","og_description":"Pripu\u010diamas v\u0117\u017elys \u010diu\u017einys 150&#215;145 - KidsPlay. Did\u017eiausias vaik\u0173 \u017eaisl\u0173 pasirinkimas.","og_url":"https:\/\/kidsplay.lt\/lv\/products\/pripuciamas-vezlys-ciuzinys-150145\/","og_site_name":"KidsPlay","article_publisher":"https:\/\/www.facebook.com\/www.kidsplay.lt","article_modified_time":"2026-04-15T15:29:38+00:00","og_image":[{"width":1000,"height":707,"url":"https:\/\/kidsplay.lt\/wp-content\/uploads\/2026\/04\/Pripuciamas-vezlys-ciuzinys-150215145.png","type":"image\/png"}],"twitter_card":"summary_large_image","twitter_misc":{"Est. reading time":"1 min\u016bte"},"schema":{"@context":"https:\/\/schema.org","@graph":[{"@type":"WebPage","@id":"https:\/\/kidsplay.lt\/produktas\/pripuciamas-vezlys-ciuzinys-150145\/","url":"https:\/\/kidsplay.lt\/produktas\/pripuciamas-vezlys-ciuzinys-150145\/","name":"Piep\u016b\u0161ams bru\u0146urupu\u010da matracis 150\u00d7145","isPartOf":{"@id":"https:\/\/kidsplay.lt\/#website"},"primaryImageOfPage":{"@id":"https:\/\/kidsplay.lt\/produktas\/pripuciamas-vezlys-ciuzinys-150145\/#primaryimage"},"image":{"@id":"https:\/\/kidsplay.lt\/produktas\/pripuciamas-vezlys-ciuzinys-150145\/#primaryimage"},"thumbnailUrl":"https:\/\/kidsplay.lt\/wp-content\/uploads\/2026\/04\/Pripuciamas-vezlys-ciuzinys-150215145.png","datePublished":"2026-04-13T04:59:19+00:00","dateModified":"2026-04-15T15:29:38+00:00","description":"Pripu\u010diamas v\u0117\u017elys \u010diu\u017einys 150&#215;145 - KidsPlay. Did\u017eiausias vaik\u0173 \u017eaisl\u0173 pasirinkimas.","breadcrumb":{"@id":"https:\/\/kidsplay.lt\/produktas\/pripuciamas-vezlys-ciuzinys-150145\/#breadcrumb"},"inLanguage":"lv-LV","potentialAction":[{"@type":"ReadAction","target":["https:\/\/kidsplay.lt\/produktas\/pripuciamas-vezlys-ciuzinys-150145\/"]}]},{"@type":"ImageObject","inLanguage":"lv-LV","@id":"https:\/\/kidsplay.lt\/produktas\/pripuciamas-vezlys-ciuzinys-150145\/#primaryimage","url":"https:\/\/kidsplay.lt\/wp-content\/uploads\/2026\/04\/Pripuciamas-vezlys-ciuzinys-150215145.png","contentUrl":"https:\/\/kidsplay.lt\/wp-content\/uploads\/2026\/04\/Pripuciamas-vezlys-ciuzinys-150215145.png","width":1000,"height":707,"caption":"Pripu\u010diamas v\u0117\u017elys \u010diu\u017einys 150&#215;145"},{"@type":"BreadcrumbList","@id":"https:\/\/kidsplay.lt\/produktas\/pripuciamas-vezlys-ciuzinys-150145\/#breadcrumb","itemListElement":[{"@type":"ListItem","position":1,"name":"Pagrindinis","item":"https:\/\/kidsplay.lt\/"},{"@type":"ListItem","position":2,"name":"Parduotuv\u0117","item":"https:\/\/kidsplay.lt\/parduotuve\/"},{"@type":"ListItem","position":3,"name":"Pripu\u010diamas v\u0117\u017elys \u010diu\u017einys 150&#215;145"}]},{"@type":"WebSite","@id":"https:\/\/kidsplay.lt\/#website","url":"https:\/\/kidsplay.lt\/","name":"B\u0113rnu sp\u0113les.lv","description":"\u012evairios prek\u0117s vaikams","publisher":{"@id":"https:\/\/kidsplay.lt\/#organization"},"alternateName":"Kidsplay","potentialAction":[{"@type":"SearchAction","target":{"@type":"EntryPoint","urlTemplate":"https:\/\/kidsplay.lt\/?s={search_term_string}"},"query-input":{"@type":"PropertyValueSpecification","valueRequired":true,"valueName":"search_term_string"}}],"inLanguage":"lv-LV"},{"@type":"Organization","@id":"https:\/\/kidsplay.lt\/#organization","name":"B\u0113rnu sp\u0113le","url":"https:\/\/kidsplay.lt\/","logo":{"@type":"ImageObject","inLanguage":"lv-LV","@id":"https:\/\/kidsplay.lt\/#\/schema\/logo\/image\/","url":"https:\/\/kidsplay.lt\/wp-content\/uploads\/2023\/07\/kidsplay-logo.png","contentUrl":"https:\/\/kidsplay.lt\/wp-content\/uploads\/2023\/07\/kidsplay-logo.png","width":451,"height":98,"caption":"KidsPlay"},"image":{"@id":"https:\/\/kidsplay.lt\/#\/schema\/logo\/image\/"},"sameAs":["https:\/\/www.facebook.com\/www.kidsplay.lt"]}]}},"_links":{"self":[{"href":"https:\/\/kidsplay.lt\/lv\/wp-json\/wp\/v2\/product\/103345","targetHints":{"allow":["GET"]}}],"collection":[{"href":"https:\/\/kidsplay.lt\/lv\/wp-json\/wp\/v2\/product"}],"about":[{"href":"https:\/\/kidsplay.lt\/lv\/wp-json\/wp\/v2\/types\/product"}],"version-history":[{"count":1,"href":"https:\/\/kidsplay.lt\/lv\/wp-json\/wp\/v2\/product\/103345\/revisions"}],"predecessor-version":[{"id":103346,"href":"https:\/\/kidsplay.lt\/lv\/wp-json\/wp\/v2\/product\/103345\/revisions\/103346"}],"wp:featuredmedia":[{"embeddable":true,"href":"https:\/\/kidsplay.lt\/lv\/wp-json\/wp\/v2\/media\/103347"}],"wp:attachment":[{"href":"https:\/\/kidsplay.lt\/lv\/wp-json\/wp\/v2\/media?parent=103345"}],"wp:term":[{"taxonomy":"product_brand","embeddable":true,"href":"https:\/\/kidsplay.lt\/lv\/wp-json\/wp\/v2\/product_brand?post=103345"},{"taxonomy":"product_cat","embeddable":true,"href":"https:\/\/kidsplay.lt\/lv\/wp-json\/wp\/v2\/product_cat?post=103345"},{"taxonomy":"product_tag","embeddable":true,"href":"https:\/\/kidsplay.lt\/lv\/wp-json\/wp\/v2\/product_tag?post=103345"}],"curies":[{"name":"wp","href":"https:\/\/api.w.org\/{rel}","templated":true}]}}