{"id":104479,"date":"2026-04-13T13:31:46","date_gmt":"2026-04-13T10:31:46","guid":{"rendered":"https:\/\/kidsplay.lt\/produktas\/medine-magnetine-delione-gyvunai\/"},"modified":"2026-04-13T13:31:51","modified_gmt":"2026-04-13T10:31:51","slug":"medine-magnetine-delione-gyvunai","status":"publish","type":"product","link":"https:\/\/kidsplay.lt\/lv\/products\/medine-magnetine-delione-gyvunai\/","title":{"rendered":"Medin\u0117 magnetin\u0117 d\u0117lion\u0117 \u201eGyv\u016bnai\u201c"},"content":{"rendered":"<p>Medin\u0117 gyv\u016bn\u0173 d\u0117lion\u0117 yra vienas i\u0161 pirmaujan\u010di\u0173 \u017eaisl\u0173, kuris ne tik veikia kaip tradicin\u0117 d\u0117lion\u0117, bet ir leid\u017eia vaikams lavinti smulki\u0105j\u0105 motorik\u0105 bei form\u0173 atpa\u017einim\u0105. \u0160is \u017eaidimas, tinkamas vaikams nuo 18 m\u0117nesi\u0173 am\u017eiaus, padeda ugdyti tikslius rank\u0173 judesius, gerina aki\u0173 ir rank\u0173 koordinacij\u0105 bei lavina atmint\u012f, login\u012f m\u0105stym\u0105 ir koncentracij\u0105. Spalvingos d\u0117lion\u0117s yra vizualiai patrauklios ir skatina \u017eaidim\u0105. Rinkinyje yra 32 magnetin\u0117s d\u0117lion\u0117s detal\u0117s.<br \/>\nFunkcijas:<\/p>\n<p> \t32 spalving\u0173 magnetini\u0173 d\u0117lioni\u0173 rinkinys ir med\u017eiaginis mai\u0161elis j\u0173 laikymui<br \/>\n \tpagaminta i\u0161 vaikams saugi\u0173 med\u017eiag\u0173<br \/>\n \tFSC sertifikuota<br \/>\n \tlygus, \u0161velniai apdirbtas pavir\u0161ius<br \/>\n \tide\u0101li piem\u0113rots d\u0101vanai<\/p>","protected":false},"excerpt":{"rendered":"<p>Medin\u0117 gyv\u016bn\u0173 d\u0117lion\u0117 yra vienas i\u0161 pirmaujan\u010di\u0173 \u017eaisl\u0173, kuris ne tik veikia kaip tradicin\u0117 d\u0117lion\u0117, bet ir leid\u017eia vaikams lavinti<\/p>","protected":false},"featured_media":104481,"template":"","meta":{"_acf_changed":false,"_glsr_average":0,"_glsr_ranking":0,"_glsr_reviews":0},"product_brand":[],"product_cat":[397,883],"product_tag":[],"class_list":{"0":"post-104479","1":"product","2":"type-product","3":"status-publish","4":"has-post-thumbnail","6":"product_cat-medines-deliones-mediniai-zaislai","7":"product_cat-mediniai-zaislai-2","8":"\"style=\"background-color: #2ecc711c;\"","10":"first","11":"instock","12":"purchasable","13":"product-type-simple"},"acf":[],"yoast_head":"<!-- This site is optimized with the Yoast SEO plugin v27.4 - https:\/\/yoast.com\/product\/yoast-seo-wordpress\/ -->\n<title>Medin\u0117 magnetin\u0117 d\u0117lion\u0117 \u201eGyv\u016bnai\u201c<\/title>\n<meta name=\"description\" content=\"Medin\u0117 magnetin\u0117 d\u0117lion\u0117 \u201eGyv\u016bnai\u201c - KidsPlay. Did\u017eiausias vaik\u0173 \u017eaisl\u0173 pasirinkimas.\" \/>\n<meta name=\"robots\" content=\"index, follow, max-snippet:-1, max-image-preview:large, max-video-preview:-1\" \/>\n<link rel=\"canonical\" href=\"https:\/\/kidsplay.lt\/lv\/products\/medine-magnetine-delione-gyvunai\/\" \/>\n<meta property=\"og:locale\" content=\"lv_LV\" \/>\n<meta property=\"og:type\" content=\"article\" \/>\n<meta property=\"og:title\" content=\"Medin\u0117 magnetin\u0117 d\u0117lion\u0117 \u201eGyv\u016bnai\u201c\" \/>\n<meta property=\"og:description\" content=\"Medin\u0117 magnetin\u0117 d\u0117lion\u0117 \u201eGyv\u016bnai\u201c - KidsPlay. Did\u017eiausias vaik\u0173 \u017eaisl\u0173 pasirinkimas.\" \/>\n<meta property=\"og:url\" content=\"https:\/\/kidsplay.lt\/lv\/products\/medine-magnetine-delione-gyvunai\/\" \/>\n<meta property=\"og:site_name\" content=\"KidsPlay\" \/>\n<meta property=\"article:publisher\" content=\"https:\/\/www.facebook.com\/www.kidsplay.lt\" \/>\n<meta property=\"article:modified_time\" content=\"2026-04-13T10:31:51+00:00\" \/>\n<meta property=\"og:image\" content=\"https:\/\/kidsplay.lt\/wp-content\/uploads\/2026\/04\/Medine-magnetine-delione-\u201eGyvunai.jpg\" \/>\n\t<meta property=\"og:image:width\" content=\"1149\" \/>\n\t<meta property=\"og:image:height\" content=\"1149\" \/>\n\t<meta property=\"og:image:type\" content=\"image\/jpeg\" \/>\n<meta name=\"twitter:card\" content=\"summary_large_image\" \/>\n<meta name=\"twitter:label1\" content=\"Est. reading time\" \/>\n\t<meta name=\"twitter:data1\" content=\"1 min\u016bte\" \/>\n<script type=\"application\/ld+json\" class=\"yoast-schema-graph\">{\"@context\":\"https:\\\/\\\/schema.org\",\"@graph\":[{\"@type\":\"WebPage\",\"@id\":\"https:\\\/\\\/kidsplay.lt\\\/produktas\\\/medine-magnetine-delione-gyvunai\\\/\",\"url\":\"https:\\\/\\\/kidsplay.lt\\\/produktas\\\/medine-magnetine-delione-gyvunai\\\/\",\"name\":\"Medin\u0117 magnetin\u0117 d\u0117lion\u0117 \u201eGyv\u016bnai\u201c\",\"isPartOf\":{\"@id\":\"https:\\\/\\\/kidsplay.lt\\\/#website\"},\"primaryImageOfPage\":{\"@id\":\"https:\\\/\\\/kidsplay.lt\\\/produktas\\\/medine-magnetine-delione-gyvunai\\\/#primaryimage\"},\"image\":{\"@id\":\"https:\\\/\\\/kidsplay.lt\\\/produktas\\\/medine-magnetine-delione-gyvunai\\\/#primaryimage\"},\"thumbnailUrl\":\"https:\\\/\\\/kidsplay.lt\\\/wp-content\\\/uploads\\\/2026\\\/04\\\/Medine-magnetine-delione-\u201eGyvunai.jpg\",\"datePublished\":\"2026-04-13T10:31:46+00:00\",\"dateModified\":\"2026-04-13T10:31:51+00:00\",\"description\":\"Medin\u0117 magnetin\u0117 d\u0117lion\u0117 \u201eGyv\u016bnai\u201c - KidsPlay. Did\u017eiausias vaik\u0173 \u017eaisl\u0173 pasirinkimas.\",\"breadcrumb\":{\"@id\":\"https:\\\/\\\/kidsplay.lt\\\/produktas\\\/medine-magnetine-delione-gyvunai\\\/#breadcrumb\"},\"inLanguage\":\"lv-LV\",\"potentialAction\":[{\"@type\":\"ReadAction\",\"target\":[\"https:\\\/\\\/kidsplay.lt\\\/produktas\\\/medine-magnetine-delione-gyvunai\\\/\"]}]},{\"@type\":\"ImageObject\",\"inLanguage\":\"lv-LV\",\"@id\":\"https:\\\/\\\/kidsplay.lt\\\/produktas\\\/medine-magnetine-delione-gyvunai\\\/#primaryimage\",\"url\":\"https:\\\/\\\/kidsplay.lt\\\/wp-content\\\/uploads\\\/2026\\\/04\\\/Medine-magnetine-delione-\u201eGyvunai.jpg\",\"contentUrl\":\"https:\\\/\\\/kidsplay.lt\\\/wp-content\\\/uploads\\\/2026\\\/04\\\/Medine-magnetine-delione-\u201eGyvunai.jpg\",\"width\":1149,\"height\":1149,\"caption\":\"Medin\u0117 magnetin\u0117 d\u0117lion\u0117 \u201eGyv\u016bnai\u201c\"},{\"@type\":\"BreadcrumbList\",\"@id\":\"https:\\\/\\\/kidsplay.lt\\\/produktas\\\/medine-magnetine-delione-gyvunai\\\/#breadcrumb\",\"itemListElement\":[{\"@type\":\"ListItem\",\"position\":1,\"name\":\"Pagrindinis\",\"item\":\"https:\\\/\\\/kidsplay.lt\\\/\"},{\"@type\":\"ListItem\",\"position\":2,\"name\":\"Parduotuv\u0117\",\"item\":\"https:\\\/\\\/kidsplay.lt\\\/parduotuve\\\/\"},{\"@type\":\"ListItem\",\"position\":3,\"name\":\"Medin\u0117 magnetin\u0117 d\u0117lion\u0117 \u201eGyv\u016bnai\u201c\"}]},{\"@type\":\"WebSite\",\"@id\":\"https:\\\/\\\/kidsplay.lt\\\/#website\",\"url\":\"https:\\\/\\\/kidsplay.lt\\\/\",\"name\":\"Kidsplay.lt\",\"description\":\"\u012evairios prek\u0117s vaikams\",\"publisher\":{\"@id\":\"https:\\\/\\\/kidsplay.lt\\\/#organization\"},\"alternateName\":\"Kidsplay\",\"potentialAction\":[{\"@type\":\"SearchAction\",\"target\":{\"@type\":\"EntryPoint\",\"urlTemplate\":\"https:\\\/\\\/kidsplay.lt\\\/?s={search_term_string}\"},\"query-input\":{\"@type\":\"PropertyValueSpecification\",\"valueRequired\":true,\"valueName\":\"search_term_string\"}}],\"inLanguage\":\"lv-LV\"},{\"@type\":\"Organization\",\"@id\":\"https:\\\/\\\/kidsplay.lt\\\/#organization\",\"name\":\"KidsPlay\",\"url\":\"https:\\\/\\\/kidsplay.lt\\\/\",\"logo\":{\"@type\":\"ImageObject\",\"inLanguage\":\"lv-LV\",\"@id\":\"https:\\\/\\\/kidsplay.lt\\\/#\\\/schema\\\/logo\\\/image\\\/\",\"url\":\"https:\\\/\\\/kidsplay.lt\\\/wp-content\\\/uploads\\\/2023\\\/07\\\/kidsplay-logo.png\",\"contentUrl\":\"https:\\\/\\\/kidsplay.lt\\\/wp-content\\\/uploads\\\/2023\\\/07\\\/kidsplay-logo.png\",\"width\":451,\"height\":98,\"caption\":\"KidsPlay\"},\"image\":{\"@id\":\"https:\\\/\\\/kidsplay.lt\\\/#\\\/schema\\\/logo\\\/image\\\/\"},\"sameAs\":[\"https:\\\/\\\/www.facebook.com\\\/www.kidsplay.lt\"]}]}<\/script>\n<!-- \/ Yoast SEO plugin. -->","yoast_head_json":{"title":"Medin\u0117 magnetin\u0117 d\u0117lion\u0117 \u201eGyv\u016bnai\u201c","description":"Medin\u0117 magnetin\u0117 d\u0117lion\u0117 \u201eGyv\u016bnai\u201c - KidsPlay. Did\u017eiausias vaik\u0173 \u017eaisl\u0173 pasirinkimas.","robots":{"index":"index","follow":"follow","max-snippet":"max-snippet:-1","max-image-preview":"max-image-preview:large","max-video-preview":"max-video-preview:-1"},"canonical":"https:\/\/kidsplay.lt\/lv\/products\/medine-magnetine-delione-gyvunai\/","og_locale":"lv_LV","og_type":"article","og_title":"Medin\u0117 magnetin\u0117 d\u0117lion\u0117 \u201eGyv\u016bnai\u201c","og_description":"Medin\u0117 magnetin\u0117 d\u0117lion\u0117 \u201eGyv\u016bnai\u201c - KidsPlay. Did\u017eiausias vaik\u0173 \u017eaisl\u0173 pasirinkimas.","og_url":"https:\/\/kidsplay.lt\/lv\/products\/medine-magnetine-delione-gyvunai\/","og_site_name":"KidsPlay","article_publisher":"https:\/\/www.facebook.com\/www.kidsplay.lt","article_modified_time":"2026-04-13T10:31:51+00:00","og_image":[{"width":1149,"height":1149,"url":"https:\/\/kidsplay.lt\/wp-content\/uploads\/2026\/04\/Medine-magnetine-delione-\u201eGyvunai.jpg","type":"image\/jpeg"}],"twitter_card":"summary_large_image","twitter_misc":{"Est. reading time":"1 min\u016bte"},"schema":{"@context":"https:\/\/schema.org","@graph":[{"@type":"WebPage","@id":"https:\/\/kidsplay.lt\/produktas\/medine-magnetine-delione-gyvunai\/","url":"https:\/\/kidsplay.lt\/produktas\/medine-magnetine-delione-gyvunai\/","name":"Medin\u0117 magnetin\u0117 d\u0117lion\u0117 \u201eGyv\u016bnai\u201c","isPartOf":{"@id":"https:\/\/kidsplay.lt\/#website"},"primaryImageOfPage":{"@id":"https:\/\/kidsplay.lt\/produktas\/medine-magnetine-delione-gyvunai\/#primaryimage"},"image":{"@id":"https:\/\/kidsplay.lt\/produktas\/medine-magnetine-delione-gyvunai\/#primaryimage"},"thumbnailUrl":"https:\/\/kidsplay.lt\/wp-content\/uploads\/2026\/04\/Medine-magnetine-delione-\u201eGyvunai.jpg","datePublished":"2026-04-13T10:31:46+00:00","dateModified":"2026-04-13T10:31:51+00:00","description":"Medin\u0117 magnetin\u0117 d\u0117lion\u0117 \u201eGyv\u016bnai\u201c - KidsPlay. Did\u017eiausias vaik\u0173 \u017eaisl\u0173 pasirinkimas.","breadcrumb":{"@id":"https:\/\/kidsplay.lt\/produktas\/medine-magnetine-delione-gyvunai\/#breadcrumb"},"inLanguage":"lv-LV","potentialAction":[{"@type":"ReadAction","target":["https:\/\/kidsplay.lt\/produktas\/medine-magnetine-delione-gyvunai\/"]}]},{"@type":"ImageObject","inLanguage":"lv-LV","@id":"https:\/\/kidsplay.lt\/produktas\/medine-magnetine-delione-gyvunai\/#primaryimage","url":"https:\/\/kidsplay.lt\/wp-content\/uploads\/2026\/04\/Medine-magnetine-delione-\u201eGyvunai.jpg","contentUrl":"https:\/\/kidsplay.lt\/wp-content\/uploads\/2026\/04\/Medine-magnetine-delione-\u201eGyvunai.jpg","width":1149,"height":1149,"caption":"Medin\u0117 magnetin\u0117 d\u0117lion\u0117 \u201eGyv\u016bnai\u201c"},{"@type":"BreadcrumbList","@id":"https:\/\/kidsplay.lt\/produktas\/medine-magnetine-delione-gyvunai\/#breadcrumb","itemListElement":[{"@type":"ListItem","position":1,"name":"Pagrindinis","item":"https:\/\/kidsplay.lt\/"},{"@type":"ListItem","position":2,"name":"Parduotuv\u0117","item":"https:\/\/kidsplay.lt\/parduotuve\/"},{"@type":"ListItem","position":3,"name":"Medin\u0117 magnetin\u0117 d\u0117lion\u0117 \u201eGyv\u016bnai\u201c"}]},{"@type":"WebSite","@id":"https:\/\/kidsplay.lt\/#website","url":"https:\/\/kidsplay.lt\/","name":"B\u0113rnu sp\u0113les.lv","description":"\u012evairios prek\u0117s vaikams","publisher":{"@id":"https:\/\/kidsplay.lt\/#organization"},"alternateName":"Kidsplay","potentialAction":[{"@type":"SearchAction","target":{"@type":"EntryPoint","urlTemplate":"https:\/\/kidsplay.lt\/?s={search_term_string}"},"query-input":{"@type":"PropertyValueSpecification","valueRequired":true,"valueName":"search_term_string"}}],"inLanguage":"lv-LV"},{"@type":"Organization","@id":"https:\/\/kidsplay.lt\/#organization","name":"B\u0113rnu sp\u0113le","url":"https:\/\/kidsplay.lt\/","logo":{"@type":"ImageObject","inLanguage":"lv-LV","@id":"https:\/\/kidsplay.lt\/#\/schema\/logo\/image\/","url":"https:\/\/kidsplay.lt\/wp-content\/uploads\/2023\/07\/kidsplay-logo.png","contentUrl":"https:\/\/kidsplay.lt\/wp-content\/uploads\/2023\/07\/kidsplay-logo.png","width":451,"height":98,"caption":"KidsPlay"},"image":{"@id":"https:\/\/kidsplay.lt\/#\/schema\/logo\/image\/"},"sameAs":["https:\/\/www.facebook.com\/www.kidsplay.lt"]}]}},"_links":{"self":[{"href":"https:\/\/kidsplay.lt\/lv\/wp-json\/wp\/v2\/product\/104479","targetHints":{"allow":["GET"]}}],"collection":[{"href":"https:\/\/kidsplay.lt\/lv\/wp-json\/wp\/v2\/product"}],"about":[{"href":"https:\/\/kidsplay.lt\/lv\/wp-json\/wp\/v2\/types\/product"}],"version-history":[{"count":1,"href":"https:\/\/kidsplay.lt\/lv\/wp-json\/wp\/v2\/product\/104479\/revisions"}],"predecessor-version":[{"id":104480,"href":"https:\/\/kidsplay.lt\/lv\/wp-json\/wp\/v2\/product\/104479\/revisions\/104480"}],"wp:featuredmedia":[{"embeddable":true,"href":"https:\/\/kidsplay.lt\/lv\/wp-json\/wp\/v2\/media\/104481"}],"wp:attachment":[{"href":"https:\/\/kidsplay.lt\/lv\/wp-json\/wp\/v2\/media?parent=104479"}],"wp:term":[{"taxonomy":"product_brand","embeddable":true,"href":"https:\/\/kidsplay.lt\/lv\/wp-json\/wp\/v2\/product_brand?post=104479"},{"taxonomy":"product_cat","embeddable":true,"href":"https:\/\/kidsplay.lt\/lv\/wp-json\/wp\/v2\/product_cat?post=104479"},{"taxonomy":"product_tag","embeddable":true,"href":"https:\/\/kidsplay.lt\/lv\/wp-json\/wp\/v2\/product_tag?post=104479"}],"curies":[{"name":"wp","href":"https:\/\/api.w.org\/{rel}","templated":true}]}}