{"id":104486,"date":"2026-04-13T13:31:59","date_gmt":"2026-04-13T10:31:59","guid":{"rendered":"https:\/\/kidsplay.lt\/produktas\/medine-delione-12-lenteliu-po-4-deliones-kiekvienoje-su-stovu\/"},"modified":"2026-04-13T13:32:33","modified_gmt":"2026-04-13T10:32:33","slug":"medine-delione-12-lenteliu-po-4-deliones-kiekvienoje-su-stovu","status":"publish","type":"product","link":"https:\/\/kidsplay.lt\/lv\/products\/medine-delione-12-lenteliu-po-4-deliones-kiekvienoje-su-stovu\/","title":{"rendered":"Medin\u0117 d\u0117lion\u0117 \u2013 12 lenteli\u0173, po 4 d\u0117liones kiekvienoje, su stovu"},"content":{"rendered":"<p>Medin\u0117 d\u0117lion\u0117 r\u0117melyje yra vienas i\u0161 populiariausi\u0173 \u017eaisl\u0173, leid\u017eian\u010di\u0173 vaikui \u012f\u017eengti \u012f \u012fdomaus ir k\u016brybi\u0161ko \u017eaidimo pasaul\u012f.<br \/>\n\u0160iame rinkinyje yra 12 medini\u0173 lenteli\u0173, sukurt\u0173 specialiai lavinti:<\/p>\n<p> \taki\u0173 ir rank\u0173 koordinacij\u0105<br \/>\n \tvaizduot\u0119<br \/>\n \tlogin\u012f m\u0105stym\u0105<\/p>\n<p>Kiekvien\u0105 lentel\u0119 sudaro keturios d\u0117lion\u0117s detal\u0117s. Vaiko u\u017eduotis \u2013 sud\u0117ti spalvotas d\u0117lion\u0117s dalis \u012f tinkam\u0105 lentel\u0119. Paprastos formos, \u017eav\u016bs paveiksl\u0117liai ir ry\u0161kios spalvos patraukia vaik\u0173 d\u0117mes\u012f ir padeda \u012fgyti d\u0117lioni\u0173 d\u0117liojimo \u012fg\u016bd\u017ei\u0173.<br \/>\nVisas rinkinys pagamintas i\u0161 lakuotos medienos ir nuda\u017eytas vaikams saugiais, ry\u0161ki\u0173 spalv\u0173 da\u017eais, kurie suteikia daug d\u017eiaugsmo ir \u017eaidimo. Taip pat komplekte yra medinis stovas lentel\u0117ms laikyti.<\/p>","protected":false},"excerpt":{"rendered":"<p>Medin\u0117 d\u0117lion\u0117 r\u0117melyje yra vienas i\u0161 populiariausi\u0173 \u017eaisl\u0173, leid\u017eian\u010di\u0173 vaikui \u012f\u017eengti \u012f \u012fdomaus ir k\u016brybi\u0161ko \u017eaidimo pasaul\u012f. \u0160iame rinkinyje yra<\/p>","protected":false},"featured_media":104488,"template":"","meta":{"_acf_changed":false,"_glsr_average":0,"_glsr_ranking":0,"_glsr_reviews":0},"product_brand":[],"product_cat":[397,883],"product_tag":[],"class_list":{"0":"post-104486","1":"product","2":"type-product","3":"status-publish","4":"has-post-thumbnail","6":"product_cat-medines-deliones-mediniai-zaislai","7":"product_cat-mediniai-zaislai-2","8":"\"style=\"background-color: #2ecc711c;\"","10":"first","11":"instock","12":"purchasable","13":"product-type-simple"},"acf":[],"yoast_head":"<!-- This site is optimized with the Yoast SEO plugin v27.3 - https:\/\/yoast.com\/product\/yoast-seo-wordpress\/ -->\n<title>Medin\u0117 d\u0117lion\u0117 \u2013 12 lenteli\u0173, po 4 d\u0117liones kiekvienoje, su stovu<\/title>\n<meta name=\"description\" content=\"Medin\u0117 d\u0117lion\u0117 \u2013 12 lenteli\u0173, po 4 d\u0117liones kiekvienoje, su stovu - KidsPlay. Did\u017eiausias vaik\u0173 \u017eaisl\u0173 pasirinkimas.\" \/>\n<meta name=\"robots\" content=\"index, follow, max-snippet:-1, max-image-preview:large, max-video-preview:-1\" \/>\n<link rel=\"canonical\" href=\"https:\/\/kidsplay.lt\/lv\/products\/medine-delione-12-lenteliu-po-4-deliones-kiekvienoje-su-stovu\/\" \/>\n<meta property=\"og:locale\" content=\"lv_LV\" \/>\n<meta property=\"og:type\" content=\"article\" \/>\n<meta property=\"og:title\" content=\"Medin\u0117 d\u0117lion\u0117 \u2013 12 lenteli\u0173, po 4 d\u0117liones kiekvienoje, su stovu\" \/>\n<meta property=\"og:description\" content=\"Medin\u0117 d\u0117lion\u0117 \u2013 12 lenteli\u0173, po 4 d\u0117liones kiekvienoje, su stovu - KidsPlay. Did\u017eiausias vaik\u0173 \u017eaisl\u0173 pasirinkimas.\" \/>\n<meta property=\"og:url\" content=\"https:\/\/kidsplay.lt\/lv\/products\/medine-delione-12-lenteliu-po-4-deliones-kiekvienoje-su-stovu\/\" \/>\n<meta property=\"og:site_name\" content=\"KidsPlay\" \/>\n<meta property=\"article:publisher\" content=\"https:\/\/www.facebook.com\/www.kidsplay.lt\" \/>\n<meta property=\"article:modified_time\" content=\"2026-04-13T10:32:33+00:00\" \/>\n<meta property=\"og:image\" content=\"https:\/\/kidsplay.lt\/wp-content\/uploads\/2026\/04\/Medine-delione-\u2013-12-lenteliu-po-4-deliones-kiekvienoje-su-stovu-800x800.png\" \/>\n\t<meta property=\"og:image:width\" content=\"800\" \/>\n\t<meta property=\"og:image:height\" content=\"800\" \/>\n\t<meta property=\"og:image:type\" content=\"image\/png\" \/>\n<meta name=\"twitter:card\" content=\"summary_large_image\" \/>\n<meta name=\"twitter:label1\" content=\"Est. reading time\" \/>\n\t<meta name=\"twitter:data1\" content=\"1 min\u016bte\" \/>\n<script type=\"application\/ld+json\" class=\"yoast-schema-graph\">{\"@context\":\"https:\\\/\\\/schema.org\",\"@graph\":[{\"@type\":\"WebPage\",\"@id\":\"https:\\\/\\\/kidsplay.lt\\\/produktas\\\/medine-delione-12-lenteliu-po-4-deliones-kiekvienoje-su-stovu\\\/\",\"url\":\"https:\\\/\\\/kidsplay.lt\\\/produktas\\\/medine-delione-12-lenteliu-po-4-deliones-kiekvienoje-su-stovu\\\/\",\"name\":\"Medin\u0117 d\u0117lion\u0117 \u2013 12 lenteli\u0173, po 4 d\u0117liones kiekvienoje, su stovu\",\"isPartOf\":{\"@id\":\"https:\\\/\\\/kidsplay.lt\\\/#website\"},\"primaryImageOfPage\":{\"@id\":\"https:\\\/\\\/kidsplay.lt\\\/produktas\\\/medine-delione-12-lenteliu-po-4-deliones-kiekvienoje-su-stovu\\\/#primaryimage\"},\"image\":{\"@id\":\"https:\\\/\\\/kidsplay.lt\\\/produktas\\\/medine-delione-12-lenteliu-po-4-deliones-kiekvienoje-su-stovu\\\/#primaryimage\"},\"thumbnailUrl\":\"https:\\\/\\\/kidsplay.lt\\\/wp-content\\\/uploads\\\/2026\\\/04\\\/Medine-delione-\u2013-12-lenteliu-po-4-deliones-kiekvienoje-su-stovu.png\",\"datePublished\":\"2026-04-13T10:31:59+00:00\",\"dateModified\":\"2026-04-13T10:32:33+00:00\",\"description\":\"Medin\u0117 d\u0117lion\u0117 \u2013 12 lenteli\u0173, po 4 d\u0117liones kiekvienoje, su stovu - KidsPlay. Did\u017eiausias vaik\u0173 \u017eaisl\u0173 pasirinkimas.\",\"breadcrumb\":{\"@id\":\"https:\\\/\\\/kidsplay.lt\\\/produktas\\\/medine-delione-12-lenteliu-po-4-deliones-kiekvienoje-su-stovu\\\/#breadcrumb\"},\"inLanguage\":\"lv-LV\",\"potentialAction\":[{\"@type\":\"ReadAction\",\"target\":[\"https:\\\/\\\/kidsplay.lt\\\/produktas\\\/medine-delione-12-lenteliu-po-4-deliones-kiekvienoje-su-stovu\\\/\"]}]},{\"@type\":\"ImageObject\",\"inLanguage\":\"lv-LV\",\"@id\":\"https:\\\/\\\/kidsplay.lt\\\/produktas\\\/medine-delione-12-lenteliu-po-4-deliones-kiekvienoje-su-stovu\\\/#primaryimage\",\"url\":\"https:\\\/\\\/kidsplay.lt\\\/wp-content\\\/uploads\\\/2026\\\/04\\\/Medine-delione-\u2013-12-lenteliu-po-4-deliones-kiekvienoje-su-stovu.png\",\"contentUrl\":\"https:\\\/\\\/kidsplay.lt\\\/wp-content\\\/uploads\\\/2026\\\/04\\\/Medine-delione-\u2013-12-lenteliu-po-4-deliones-kiekvienoje-su-stovu.png\",\"width\":2560,\"height\":2560,\"caption\":\"Medin\u0117 d\u0117lion\u0117 \u2013 12 lenteli\u0173\"},{\"@type\":\"BreadcrumbList\",\"@id\":\"https:\\\/\\\/kidsplay.lt\\\/produktas\\\/medine-delione-12-lenteliu-po-4-deliones-kiekvienoje-su-stovu\\\/#breadcrumb\",\"itemListElement\":[{\"@type\":\"ListItem\",\"position\":1,\"name\":\"Pagrindinis\",\"item\":\"https:\\\/\\\/kidsplay.lt\\\/\"},{\"@type\":\"ListItem\",\"position\":2,\"name\":\"Parduotuv\u0117\",\"item\":\"https:\\\/\\\/kidsplay.lt\\\/parduotuve\\\/\"},{\"@type\":\"ListItem\",\"position\":3,\"name\":\"Medin\u0117 d\u0117lion\u0117 \u2013 12 lenteli\u0173, po 4 d\u0117liones kiekvienoje, su stovu\"}]},{\"@type\":\"WebSite\",\"@id\":\"https:\\\/\\\/kidsplay.lt\\\/#website\",\"url\":\"https:\\\/\\\/kidsplay.lt\\\/\",\"name\":\"Kidsplay.lt\",\"description\":\"\u012evairios prek\u0117s vaikams\",\"publisher\":{\"@id\":\"https:\\\/\\\/kidsplay.lt\\\/#organization\"},\"alternateName\":\"Kidsplay\",\"potentialAction\":[{\"@type\":\"SearchAction\",\"target\":{\"@type\":\"EntryPoint\",\"urlTemplate\":\"https:\\\/\\\/kidsplay.lt\\\/?s={search_term_string}\"},\"query-input\":{\"@type\":\"PropertyValueSpecification\",\"valueRequired\":true,\"valueName\":\"search_term_string\"}}],\"inLanguage\":\"lv-LV\"},{\"@type\":\"Organization\",\"@id\":\"https:\\\/\\\/kidsplay.lt\\\/#organization\",\"name\":\"KidsPlay\",\"url\":\"https:\\\/\\\/kidsplay.lt\\\/\",\"logo\":{\"@type\":\"ImageObject\",\"inLanguage\":\"lv-LV\",\"@id\":\"https:\\\/\\\/kidsplay.lt\\\/#\\\/schema\\\/logo\\\/image\\\/\",\"url\":\"https:\\\/\\\/kidsplay.lt\\\/wp-content\\\/uploads\\\/2023\\\/07\\\/kidsplay-logo.png\",\"contentUrl\":\"https:\\\/\\\/kidsplay.lt\\\/wp-content\\\/uploads\\\/2023\\\/07\\\/kidsplay-logo.png\",\"width\":451,\"height\":98,\"caption\":\"KidsPlay\"},\"image\":{\"@id\":\"https:\\\/\\\/kidsplay.lt\\\/#\\\/schema\\\/logo\\\/image\\\/\"},\"sameAs\":[\"https:\\\/\\\/www.facebook.com\\\/www.kidsplay.lt\"]}]}<\/script>\n<!-- \/ Yoast SEO plugin. -->","yoast_head_json":{"title":"Medin\u0117 d\u0117lion\u0117 \u2013 12 lenteli\u0173, po 4 d\u0117liones kiekvienoje, su stovu","description":"Medin\u0117 d\u0117lion\u0117 \u2013 12 lenteli\u0173, po 4 d\u0117liones kiekvienoje, su stovu - KidsPlay. Did\u017eiausias vaik\u0173 \u017eaisl\u0173 pasirinkimas.","robots":{"index":"index","follow":"follow","max-snippet":"max-snippet:-1","max-image-preview":"max-image-preview:large","max-video-preview":"max-video-preview:-1"},"canonical":"https:\/\/kidsplay.lt\/lv\/products\/medine-delione-12-lenteliu-po-4-deliones-kiekvienoje-su-stovu\/","og_locale":"lv_LV","og_type":"article","og_title":"Medin\u0117 d\u0117lion\u0117 \u2013 12 lenteli\u0173, po 4 d\u0117liones kiekvienoje, su stovu","og_description":"Medin\u0117 d\u0117lion\u0117 \u2013 12 lenteli\u0173, po 4 d\u0117liones kiekvienoje, su stovu - KidsPlay. Did\u017eiausias vaik\u0173 \u017eaisl\u0173 pasirinkimas.","og_url":"https:\/\/kidsplay.lt\/lv\/products\/medine-delione-12-lenteliu-po-4-deliones-kiekvienoje-su-stovu\/","og_site_name":"KidsPlay","article_publisher":"https:\/\/www.facebook.com\/www.kidsplay.lt","article_modified_time":"2026-04-13T10:32:33+00:00","og_image":[{"width":800,"height":800,"url":"https:\/\/kidsplay.lt\/wp-content\/uploads\/2026\/04\/Medine-delione-\u2013-12-lenteliu-po-4-deliones-kiekvienoje-su-stovu-800x800.png","type":"image\/png"}],"twitter_card":"summary_large_image","twitter_misc":{"Est. reading time":"1 min\u016bte"},"schema":{"@context":"https:\/\/schema.org","@graph":[{"@type":"WebPage","@id":"https:\/\/kidsplay.lt\/produktas\/medine-delione-12-lenteliu-po-4-deliones-kiekvienoje-su-stovu\/","url":"https:\/\/kidsplay.lt\/produktas\/medine-delione-12-lenteliu-po-4-deliones-kiekvienoje-su-stovu\/","name":"Medin\u0117 d\u0117lion\u0117 \u2013 12 lenteli\u0173, po 4 d\u0117liones kiekvienoje, su stovu","isPartOf":{"@id":"https:\/\/kidsplay.lt\/#website"},"primaryImageOfPage":{"@id":"https:\/\/kidsplay.lt\/produktas\/medine-delione-12-lenteliu-po-4-deliones-kiekvienoje-su-stovu\/#primaryimage"},"image":{"@id":"https:\/\/kidsplay.lt\/produktas\/medine-delione-12-lenteliu-po-4-deliones-kiekvienoje-su-stovu\/#primaryimage"},"thumbnailUrl":"https:\/\/kidsplay.lt\/wp-content\/uploads\/2026\/04\/Medine-delione-\u2013-12-lenteliu-po-4-deliones-kiekvienoje-su-stovu.png","datePublished":"2026-04-13T10:31:59+00:00","dateModified":"2026-04-13T10:32:33+00:00","description":"Medin\u0117 d\u0117lion\u0117 \u2013 12 lenteli\u0173, po 4 d\u0117liones kiekvienoje, su stovu - KidsPlay. Did\u017eiausias vaik\u0173 \u017eaisl\u0173 pasirinkimas.","breadcrumb":{"@id":"https:\/\/kidsplay.lt\/produktas\/medine-delione-12-lenteliu-po-4-deliones-kiekvienoje-su-stovu\/#breadcrumb"},"inLanguage":"lv-LV","potentialAction":[{"@type":"ReadAction","target":["https:\/\/kidsplay.lt\/produktas\/medine-delione-12-lenteliu-po-4-deliones-kiekvienoje-su-stovu\/"]}]},{"@type":"ImageObject","inLanguage":"lv-LV","@id":"https:\/\/kidsplay.lt\/produktas\/medine-delione-12-lenteliu-po-4-deliones-kiekvienoje-su-stovu\/#primaryimage","url":"https:\/\/kidsplay.lt\/wp-content\/uploads\/2026\/04\/Medine-delione-\u2013-12-lenteliu-po-4-deliones-kiekvienoje-su-stovu.png","contentUrl":"https:\/\/kidsplay.lt\/wp-content\/uploads\/2026\/04\/Medine-delione-\u2013-12-lenteliu-po-4-deliones-kiekvienoje-su-stovu.png","width":2560,"height":2560,"caption":"Medin\u0117 d\u0117lion\u0117 \u2013 12 lenteli\u0173"},{"@type":"BreadcrumbList","@id":"https:\/\/kidsplay.lt\/produktas\/medine-delione-12-lenteliu-po-4-deliones-kiekvienoje-su-stovu\/#breadcrumb","itemListElement":[{"@type":"ListItem","position":1,"name":"Pagrindinis","item":"https:\/\/kidsplay.lt\/"},{"@type":"ListItem","position":2,"name":"Parduotuv\u0117","item":"https:\/\/kidsplay.lt\/parduotuve\/"},{"@type":"ListItem","position":3,"name":"Medin\u0117 d\u0117lion\u0117 \u2013 12 lenteli\u0173, po 4 d\u0117liones kiekvienoje, su stovu"}]},{"@type":"WebSite","@id":"https:\/\/kidsplay.lt\/#website","url":"https:\/\/kidsplay.lt\/","name":"B\u0113rnu sp\u0113les.lv","description":"\u012evairios prek\u0117s vaikams","publisher":{"@id":"https:\/\/kidsplay.lt\/#organization"},"alternateName":"Kidsplay","potentialAction":[{"@type":"SearchAction","target":{"@type":"EntryPoint","urlTemplate":"https:\/\/kidsplay.lt\/?s={search_term_string}"},"query-input":{"@type":"PropertyValueSpecification","valueRequired":true,"valueName":"search_term_string"}}],"inLanguage":"lv-LV"},{"@type":"Organization","@id":"https:\/\/kidsplay.lt\/#organization","name":"B\u0113rnu sp\u0113le","url":"https:\/\/kidsplay.lt\/","logo":{"@type":"ImageObject","inLanguage":"lv-LV","@id":"https:\/\/kidsplay.lt\/#\/schema\/logo\/image\/","url":"https:\/\/kidsplay.lt\/wp-content\/uploads\/2023\/07\/kidsplay-logo.png","contentUrl":"https:\/\/kidsplay.lt\/wp-content\/uploads\/2023\/07\/kidsplay-logo.png","width":451,"height":98,"caption":"KidsPlay"},"image":{"@id":"https:\/\/kidsplay.lt\/#\/schema\/logo\/image\/"},"sameAs":["https:\/\/www.facebook.com\/www.kidsplay.lt"]}]}},"_links":{"self":[{"href":"https:\/\/kidsplay.lt\/lv\/wp-json\/wp\/v2\/product\/104486","targetHints":{"allow":["GET"]}}],"collection":[{"href":"https:\/\/kidsplay.lt\/lv\/wp-json\/wp\/v2\/product"}],"about":[{"href":"https:\/\/kidsplay.lt\/lv\/wp-json\/wp\/v2\/types\/product"}],"version-history":[{"count":1,"href":"https:\/\/kidsplay.lt\/lv\/wp-json\/wp\/v2\/product\/104486\/revisions"}],"predecessor-version":[{"id":104487,"href":"https:\/\/kidsplay.lt\/lv\/wp-json\/wp\/v2\/product\/104486\/revisions\/104487"}],"wp:featuredmedia":[{"embeddable":true,"href":"https:\/\/kidsplay.lt\/lv\/wp-json\/wp\/v2\/media\/104488"}],"wp:attachment":[{"href":"https:\/\/kidsplay.lt\/lv\/wp-json\/wp\/v2\/media?parent=104486"}],"wp:term":[{"taxonomy":"product_brand","embeddable":true,"href":"https:\/\/kidsplay.lt\/lv\/wp-json\/wp\/v2\/product_brand?post=104486"},{"taxonomy":"product_cat","embeddable":true,"href":"https:\/\/kidsplay.lt\/lv\/wp-json\/wp\/v2\/product_cat?post=104486"},{"taxonomy":"product_tag","embeddable":true,"href":"https:\/\/kidsplay.lt\/lv\/wp-json\/wp\/v2\/product_tag?post=104486"}],"curies":[{"name":"wp","href":"https:\/\/api.w.org\/{rel}","templated":true}]}}