{"id":104493,"date":"2026-04-13T13:32:45","date_gmt":"2026-04-13T10:32:45","guid":{"rendered":"https:\/\/kidsplay.lt\/produktas\/polarb-medinis-konstruktorius-eziukas-su-montessori-varztais\/"},"modified":"2026-04-13T13:32:48","modified_gmt":"2026-04-13T10:32:48","slug":"polarb-medinis-konstruktorius-eziukas-su-montessori-varztais","status":"publish","type":"product","link":"https:\/\/kidsplay.lt\/lv\/products\/polarb-medinis-konstruktorius-eziukas-su-montessori-varztais\/","title":{"rendered":"PolarB medinis konstruktorius \u2013 \u201eE\u017eiukas\u201c su Montessori var\u017etais"},"content":{"rendered":"<p>Medinis e\u017eiukas su var\u017etais yra unikalus \u017eaislas ma\u017eyliams, m\u0117gstantiems konstravimo \u017eaislus. \u0160is \u017eaislas ypatingas tuo, kad tai n\u0117ra tik dar vienas \u201epasidaryk pats\u201c rinkinys \u2013 tai taip pat mielas ma\u017eas e\u017eiukas. D\u0117l to jis \u012fgauna visi\u0161kai kitok\u012f charakter\u012f ir vaikai gali j\u012f ne\u0161iotis kaip mink\u0161t\u0105 \u017eaisl\u0105 arba naudoti kituose \u017eaidimuose.<br \/>\nRinkinyje yra e\u017eiukas su skylut\u0117mis, raudonas rutuliukas su atsuktuvu ir penki \u012fsukami var\u017etai, skirting\u0173 spalv\u0173 ir galvu\u010di\u0173 form\u0173.<br \/>\nFunkcijas:<\/p>\n<p> \t\u017eaislas skirtas nuo 18 m\u0117nesi\u0173 am\u017eiaus<br \/>\n \tvaikas gali sukti var\u017etus \u012f e\u017eiuk\u0105<br \/>\n \tvar\u017etus galima prisukti naudojant pridedam\u0105 atsuktuv\u0105, kur\u012f galima pasl\u0117pti e\u017eiuke<br \/>\n \t5 var\u017etai su skirtingomis spalvomis ir galvu\u010di\u0173 formomis<\/p>","protected":false},"excerpt":{"rendered":"<p>Medinis e\u017eiukas su var\u017etais yra unikalus \u017eaislas ma\u017eyliams, m\u0117gstantiems konstravimo \u017eaislus. \u0160is \u017eaislas ypatingas tuo, kad tai n\u0117ra tik dar<\/p>","protected":false},"featured_media":104495,"template":"","meta":{"_acf_changed":false,"_glsr_average":0,"_glsr_ranking":0,"_glsr_reviews":0},"product_brand":[],"product_cat":[396,229],"product_tag":[],"class_list":{"0":"post-104493","1":"product","2":"type-product","3":"status-publish","4":"has-post-thumbnail","6":"product_cat-kudikiu-zaislai-vaikams2","7":"product_cat-zaislai-vaikams","8":"\"style=\"background-color: #2ecc711c;\"","10":"first","11":"instock","12":"purchasable","13":"product-type-simple"},"acf":[],"yoast_head":"<!-- This site is optimized with the Yoast SEO plugin v27.4 - https:\/\/yoast.com\/product\/yoast-seo-wordpress\/ -->\n<title>PolarB medinis konstruktorius \u2013 \u201eE\u017eiukas\u201c su Montessori var\u017etais<\/title>\n<meta name=\"description\" content=\"PolarB medinis konstruktorius \u2013 \u201eE\u017eiukas\u201c su Montessori var\u017etais - KidsPlay. Did\u017eiausias vaik\u0173 \u017eaisl\u0173 pasirinkimas.\" \/>\n<meta name=\"robots\" content=\"index, follow, max-snippet:-1, max-image-preview:large, max-video-preview:-1\" \/>\n<link rel=\"canonical\" href=\"https:\/\/kidsplay.lt\/lv\/products\/polarb-medinis-konstruktorius-eziukas-su-montessori-varztais\/\" \/>\n<meta property=\"og:locale\" content=\"lv_LV\" \/>\n<meta property=\"og:type\" content=\"article\" \/>\n<meta property=\"og:title\" content=\"PolarB medinis konstruktorius \u2013 \u201eE\u017eiukas\u201c su Montessori var\u017etais\" \/>\n<meta property=\"og:description\" content=\"PolarB medinis konstruktorius \u2013 \u201eE\u017eiukas\u201c su Montessori var\u017etais - KidsPlay. Did\u017eiausias vaik\u0173 \u017eaisl\u0173 pasirinkimas.\" \/>\n<meta property=\"og:url\" content=\"https:\/\/kidsplay.lt\/lv\/products\/polarb-medinis-konstruktorius-eziukas-su-montessori-varztais\/\" \/>\n<meta property=\"og:site_name\" content=\"KidsPlay\" \/>\n<meta property=\"article:publisher\" content=\"https:\/\/www.facebook.com\/www.kidsplay.lt\" \/>\n<meta property=\"article:modified_time\" content=\"2026-04-13T10:32:48+00:00\" \/>\n<meta property=\"og:image\" content=\"https:\/\/kidsplay.lt\/wp-content\/uploads\/2026\/04\/PolarB-medinis-konstruktorius-\u2013-\u201eEziukas-su-Montessori-varztais.jpg\" \/>\n\t<meta property=\"og:image:width\" content=\"1600\" \/>\n\t<meta property=\"og:image:height\" content=\"1600\" \/>\n\t<meta property=\"og:image:type\" content=\"image\/jpeg\" \/>\n<meta name=\"twitter:card\" content=\"summary_large_image\" \/>\n<meta name=\"twitter:label1\" content=\"Est. reading time\" \/>\n\t<meta name=\"twitter:data1\" content=\"1 min\u016bte\" \/>\n<script type=\"application\/ld+json\" class=\"yoast-schema-graph\">{\"@context\":\"https:\\\/\\\/schema.org\",\"@graph\":[{\"@type\":\"WebPage\",\"@id\":\"https:\\\/\\\/kidsplay.lt\\\/produktas\\\/polarb-medinis-konstruktorius-eziukas-su-montessori-varztais\\\/\",\"url\":\"https:\\\/\\\/kidsplay.lt\\\/produktas\\\/polarb-medinis-konstruktorius-eziukas-su-montessori-varztais\\\/\",\"name\":\"PolarB medinis konstruktorius \u2013 \u201eE\u017eiukas\u201c su Montessori var\u017etais\",\"isPartOf\":{\"@id\":\"https:\\\/\\\/kidsplay.lt\\\/#website\"},\"primaryImageOfPage\":{\"@id\":\"https:\\\/\\\/kidsplay.lt\\\/produktas\\\/polarb-medinis-konstruktorius-eziukas-su-montessori-varztais\\\/#primaryimage\"},\"image\":{\"@id\":\"https:\\\/\\\/kidsplay.lt\\\/produktas\\\/polarb-medinis-konstruktorius-eziukas-su-montessori-varztais\\\/#primaryimage\"},\"thumbnailUrl\":\"https:\\\/\\\/kidsplay.lt\\\/wp-content\\\/uploads\\\/2026\\\/04\\\/PolarB-medinis-konstruktorius-\u2013-\u201eEziukas-su-Montessori-varztais.jpg\",\"datePublished\":\"2026-04-13T10:32:45+00:00\",\"dateModified\":\"2026-04-13T10:32:48+00:00\",\"description\":\"PolarB medinis konstruktorius \u2013 \u201eE\u017eiukas\u201c su Montessori var\u017etais - KidsPlay. Did\u017eiausias vaik\u0173 \u017eaisl\u0173 pasirinkimas.\",\"breadcrumb\":{\"@id\":\"https:\\\/\\\/kidsplay.lt\\\/produktas\\\/polarb-medinis-konstruktorius-eziukas-su-montessori-varztais\\\/#breadcrumb\"},\"inLanguage\":\"lv-LV\",\"potentialAction\":[{\"@type\":\"ReadAction\",\"target\":[\"https:\\\/\\\/kidsplay.lt\\\/produktas\\\/polarb-medinis-konstruktorius-eziukas-su-montessori-varztais\\\/\"]}]},{\"@type\":\"ImageObject\",\"inLanguage\":\"lv-LV\",\"@id\":\"https:\\\/\\\/kidsplay.lt\\\/produktas\\\/polarb-medinis-konstruktorius-eziukas-su-montessori-varztais\\\/#primaryimage\",\"url\":\"https:\\\/\\\/kidsplay.lt\\\/wp-content\\\/uploads\\\/2026\\\/04\\\/PolarB-medinis-konstruktorius-\u2013-\u201eEziukas-su-Montessori-varztais.jpg\",\"contentUrl\":\"https:\\\/\\\/kidsplay.lt\\\/wp-content\\\/uploads\\\/2026\\\/04\\\/PolarB-medinis-konstruktorius-\u2013-\u201eEziukas-su-Montessori-varztais.jpg\",\"width\":1600,\"height\":1600,\"caption\":\"PolarB medinis konstruktorius \u2013 \u201eE\u017eiukas\u201c su Montessori var\u017etais\"},{\"@type\":\"BreadcrumbList\",\"@id\":\"https:\\\/\\\/kidsplay.lt\\\/produktas\\\/polarb-medinis-konstruktorius-eziukas-su-montessori-varztais\\\/#breadcrumb\",\"itemListElement\":[{\"@type\":\"ListItem\",\"position\":1,\"name\":\"Pagrindinis\",\"item\":\"https:\\\/\\\/kidsplay.lt\\\/\"},{\"@type\":\"ListItem\",\"position\":2,\"name\":\"Parduotuv\u0117\",\"item\":\"https:\\\/\\\/kidsplay.lt\\\/parduotuve\\\/\"},{\"@type\":\"ListItem\",\"position\":3,\"name\":\"PolarB medinis konstruktorius \u2013 \u201eE\u017eiukas\u201c su Montessori var\u017etais\"}]},{\"@type\":\"WebSite\",\"@id\":\"https:\\\/\\\/kidsplay.lt\\\/#website\",\"url\":\"https:\\\/\\\/kidsplay.lt\\\/\",\"name\":\"Kidsplay.lt\",\"description\":\"\u012evairios prek\u0117s vaikams\",\"publisher\":{\"@id\":\"https:\\\/\\\/kidsplay.lt\\\/#organization\"},\"alternateName\":\"Kidsplay\",\"potentialAction\":[{\"@type\":\"SearchAction\",\"target\":{\"@type\":\"EntryPoint\",\"urlTemplate\":\"https:\\\/\\\/kidsplay.lt\\\/?s={search_term_string}\"},\"query-input\":{\"@type\":\"PropertyValueSpecification\",\"valueRequired\":true,\"valueName\":\"search_term_string\"}}],\"inLanguage\":\"lv-LV\"},{\"@type\":\"Organization\",\"@id\":\"https:\\\/\\\/kidsplay.lt\\\/#organization\",\"name\":\"KidsPlay\",\"url\":\"https:\\\/\\\/kidsplay.lt\\\/\",\"logo\":{\"@type\":\"ImageObject\",\"inLanguage\":\"lv-LV\",\"@id\":\"https:\\\/\\\/kidsplay.lt\\\/#\\\/schema\\\/logo\\\/image\\\/\",\"url\":\"https:\\\/\\\/kidsplay.lt\\\/wp-content\\\/uploads\\\/2023\\\/07\\\/kidsplay-logo.png\",\"contentUrl\":\"https:\\\/\\\/kidsplay.lt\\\/wp-content\\\/uploads\\\/2023\\\/07\\\/kidsplay-logo.png\",\"width\":451,\"height\":98,\"caption\":\"KidsPlay\"},\"image\":{\"@id\":\"https:\\\/\\\/kidsplay.lt\\\/#\\\/schema\\\/logo\\\/image\\\/\"},\"sameAs\":[\"https:\\\/\\\/www.facebook.com\\\/www.kidsplay.lt\"]}]}<\/script>\n<!-- \/ Yoast SEO plugin. -->","yoast_head_json":{"title":"PolarB medinis konstruktorius \u2013 \u201eE\u017eiukas\u201c su Montessori var\u017etais","description":"PolarB medinis konstruktorius \u2013 \u201eE\u017eiukas\u201c su Montessori var\u017etais - KidsPlay. Did\u017eiausias vaik\u0173 \u017eaisl\u0173 pasirinkimas.","robots":{"index":"index","follow":"follow","max-snippet":"max-snippet:-1","max-image-preview":"max-image-preview:large","max-video-preview":"max-video-preview:-1"},"canonical":"https:\/\/kidsplay.lt\/lv\/products\/polarb-medinis-konstruktorius-eziukas-su-montessori-varztais\/","og_locale":"lv_LV","og_type":"article","og_title":"PolarB medinis konstruktorius \u2013 \u201eE\u017eiukas\u201c su Montessori var\u017etais","og_description":"PolarB medinis konstruktorius \u2013 \u201eE\u017eiukas\u201c su Montessori var\u017etais - KidsPlay. Did\u017eiausias vaik\u0173 \u017eaisl\u0173 pasirinkimas.","og_url":"https:\/\/kidsplay.lt\/lv\/products\/polarb-medinis-konstruktorius-eziukas-su-montessori-varztais\/","og_site_name":"KidsPlay","article_publisher":"https:\/\/www.facebook.com\/www.kidsplay.lt","article_modified_time":"2026-04-13T10:32:48+00:00","og_image":[{"width":1600,"height":1600,"url":"https:\/\/kidsplay.lt\/wp-content\/uploads\/2026\/04\/PolarB-medinis-konstruktorius-\u2013-\u201eEziukas-su-Montessori-varztais.jpg","type":"image\/jpeg"}],"twitter_card":"summary_large_image","twitter_misc":{"Est. reading time":"1 min\u016bte"},"schema":{"@context":"https:\/\/schema.org","@graph":[{"@type":"WebPage","@id":"https:\/\/kidsplay.lt\/produktas\/polarb-medinis-konstruktorius-eziukas-su-montessori-varztais\/","url":"https:\/\/kidsplay.lt\/produktas\/polarb-medinis-konstruktorius-eziukas-su-montessori-varztais\/","name":"PolarB medinis konstruktorius \u2013 \u201eE\u017eiukas\u201c su Montessori var\u017etais","isPartOf":{"@id":"https:\/\/kidsplay.lt\/#website"},"primaryImageOfPage":{"@id":"https:\/\/kidsplay.lt\/produktas\/polarb-medinis-konstruktorius-eziukas-su-montessori-varztais\/#primaryimage"},"image":{"@id":"https:\/\/kidsplay.lt\/produktas\/polarb-medinis-konstruktorius-eziukas-su-montessori-varztais\/#primaryimage"},"thumbnailUrl":"https:\/\/kidsplay.lt\/wp-content\/uploads\/2026\/04\/PolarB-medinis-konstruktorius-\u2013-\u201eEziukas-su-Montessori-varztais.jpg","datePublished":"2026-04-13T10:32:45+00:00","dateModified":"2026-04-13T10:32:48+00:00","description":"PolarB medinis konstruktorius \u2013 \u201eE\u017eiukas\u201c su Montessori var\u017etais - KidsPlay. Did\u017eiausias vaik\u0173 \u017eaisl\u0173 pasirinkimas.","breadcrumb":{"@id":"https:\/\/kidsplay.lt\/produktas\/polarb-medinis-konstruktorius-eziukas-su-montessori-varztais\/#breadcrumb"},"inLanguage":"lv-LV","potentialAction":[{"@type":"ReadAction","target":["https:\/\/kidsplay.lt\/produktas\/polarb-medinis-konstruktorius-eziukas-su-montessori-varztais\/"]}]},{"@type":"ImageObject","inLanguage":"lv-LV","@id":"https:\/\/kidsplay.lt\/produktas\/polarb-medinis-konstruktorius-eziukas-su-montessori-varztais\/#primaryimage","url":"https:\/\/kidsplay.lt\/wp-content\/uploads\/2026\/04\/PolarB-medinis-konstruktorius-\u2013-\u201eEziukas-su-Montessori-varztais.jpg","contentUrl":"https:\/\/kidsplay.lt\/wp-content\/uploads\/2026\/04\/PolarB-medinis-konstruktorius-\u2013-\u201eEziukas-su-Montessori-varztais.jpg","width":1600,"height":1600,"caption":"PolarB medinis konstruktorius \u2013 \u201eE\u017eiukas\u201c su Montessori var\u017etais"},{"@type":"BreadcrumbList","@id":"https:\/\/kidsplay.lt\/produktas\/polarb-medinis-konstruktorius-eziukas-su-montessori-varztais\/#breadcrumb","itemListElement":[{"@type":"ListItem","position":1,"name":"Pagrindinis","item":"https:\/\/kidsplay.lt\/"},{"@type":"ListItem","position":2,"name":"Parduotuv\u0117","item":"https:\/\/kidsplay.lt\/parduotuve\/"},{"@type":"ListItem","position":3,"name":"PolarB medinis konstruktorius \u2013 \u201eE\u017eiukas\u201c su Montessori var\u017etais"}]},{"@type":"WebSite","@id":"https:\/\/kidsplay.lt\/#website","url":"https:\/\/kidsplay.lt\/","name":"B\u0113rnu sp\u0113les.lv","description":"\u012evairios prek\u0117s vaikams","publisher":{"@id":"https:\/\/kidsplay.lt\/#organization"},"alternateName":"Kidsplay","potentialAction":[{"@type":"SearchAction","target":{"@type":"EntryPoint","urlTemplate":"https:\/\/kidsplay.lt\/?s={search_term_string}"},"query-input":{"@type":"PropertyValueSpecification","valueRequired":true,"valueName":"search_term_string"}}],"inLanguage":"lv-LV"},{"@type":"Organization","@id":"https:\/\/kidsplay.lt\/#organization","name":"B\u0113rnu sp\u0113le","url":"https:\/\/kidsplay.lt\/","logo":{"@type":"ImageObject","inLanguage":"lv-LV","@id":"https:\/\/kidsplay.lt\/#\/schema\/logo\/image\/","url":"https:\/\/kidsplay.lt\/wp-content\/uploads\/2023\/07\/kidsplay-logo.png","contentUrl":"https:\/\/kidsplay.lt\/wp-content\/uploads\/2023\/07\/kidsplay-logo.png","width":451,"height":98,"caption":"KidsPlay"},"image":{"@id":"https:\/\/kidsplay.lt\/#\/schema\/logo\/image\/"},"sameAs":["https:\/\/www.facebook.com\/www.kidsplay.lt"]}]}},"_links":{"self":[{"href":"https:\/\/kidsplay.lt\/lv\/wp-json\/wp\/v2\/product\/104493","targetHints":{"allow":["GET"]}}],"collection":[{"href":"https:\/\/kidsplay.lt\/lv\/wp-json\/wp\/v2\/product"}],"about":[{"href":"https:\/\/kidsplay.lt\/lv\/wp-json\/wp\/v2\/types\/product"}],"version-history":[{"count":1,"href":"https:\/\/kidsplay.lt\/lv\/wp-json\/wp\/v2\/product\/104493\/revisions"}],"predecessor-version":[{"id":104494,"href":"https:\/\/kidsplay.lt\/lv\/wp-json\/wp\/v2\/product\/104493\/revisions\/104494"}],"wp:featuredmedia":[{"embeddable":true,"href":"https:\/\/kidsplay.lt\/lv\/wp-json\/wp\/v2\/media\/104495"}],"wp:attachment":[{"href":"https:\/\/kidsplay.lt\/lv\/wp-json\/wp\/v2\/media?parent=104493"}],"wp:term":[{"taxonomy":"product_brand","embeddable":true,"href":"https:\/\/kidsplay.lt\/lv\/wp-json\/wp\/v2\/product_brand?post=104493"},{"taxonomy":"product_cat","embeddable":true,"href":"https:\/\/kidsplay.lt\/lv\/wp-json\/wp\/v2\/product_cat?post=104493"},{"taxonomy":"product_tag","embeddable":true,"href":"https:\/\/kidsplay.lt\/lv\/wp-json\/wp\/v2\/product_tag?post=104493"}],"curies":[{"name":"wp","href":"https:\/\/api.w.org\/{rel}","templated":true}]}}