{"id":104507,"date":"2026-04-13T13:32:58","date_gmt":"2026-04-13T10:32:58","guid":{"rendered":"https:\/\/kidsplay.lt\/produktas\/viga-mediniu-karoliuku-verimo-rinkinys-dezuteje\/"},"modified":"2026-04-13T13:33:08","modified_gmt":"2026-04-13T10:33:08","slug":"viga-mediniu-karoliuku-verimo-rinkinys-dezuteje","status":"publish","type":"product","link":"https:\/\/kidsplay.lt\/lv\/products\/viga-mediniu-karoliuku-verimo-rinkinys-dezuteje\/","title":{"rendered":"VIGA medini\u0173 karoliuk\u0173 v\u0117rimo rinkinys d\u0117\u017eut\u0117je"},"content":{"rendered":"<p>Viga Toys karoliuk\u0173 v\u0117rimo rinkinys \u2013 tai gausus element\u0173 komplektas, leid\u017eiantis kurti \u012fvairiausias kompozicijas. Rinkinyje yra net 8 virvel\u0117s, ant kuri\u0173 galima suverti apie 600 karoliuk\u0173! Vaikas gali kurti unikalius papuo\u0161alus \u2013 apyrankes ar v\u0117rinius.<br \/>\nRaksturojums:<\/p>\n<p> \tPagaminta i\u0161 auk\u0161tos kokyb\u0117s, sveikatai saugios medienos<br \/>\n \tRinkin\u012f sudaro apie 600 karoliuk\u0173 ir 8 virvel\u0117s<br \/>\n \tLeid\u017eia kurti savo kompozicijas<br \/>\n \tGali b\u016bti naudojamas kaip v\u0117rimo (siuvimo) lavinamasis \u017eaislas<br \/>\n \tKomplekte yra medin\u0117 d\u0117\u017eut\u0117 su skyreliais, kuri gali b\u016bti naudojama kaip papuo\u0161al\u0173 organizatorius<\/p>","protected":false},"excerpt":{"rendered":"<p>Viga Toys karoliuk\u0173 v\u0117rimo rinkinys \u2013 tai gausus element\u0173 komplektas, leid\u017eiantis kurti \u012fvairiausias kompozicijas. Rinkinyje yra net 8 virvel\u0117s, ant<\/p>","protected":false},"featured_media":104509,"template":"","meta":{"_acf_changed":false,"_glsr_average":0,"_glsr_ranking":0,"_glsr_reviews":0},"product_brand":[],"product_cat":[884,883],"product_tag":[],"class_list":{"0":"post-104507","1":"product","2":"type-product","3":"status-publish","4":"has-post-thumbnail","6":"product_cat-edukaciniai-lavinamieji-mediniai-zaislai","7":"product_cat-mediniai-zaislai-2","8":"\"style=\"background-color: #2ecc711c;\"","10":"first","11":"instock","12":"purchasable","13":"product-type-simple"},"acf":[],"yoast_head":"<!-- This site is optimized with the Yoast SEO plugin v27.3 - https:\/\/yoast.com\/product\/yoast-seo-wordpress\/ -->\n<title>VIGA medini\u0173 karoliuk\u0173 v\u0117rimo rinkinys d\u0117\u017eut\u0117je<\/title>\n<meta name=\"description\" content=\"VIGA medini\u0173 karoliuk\u0173 v\u0117rimo rinkinys d\u0117\u017eut\u0117je - KidsPlay. Did\u017eiausias vaik\u0173 \u017eaisl\u0173 pasirinkimas.\" \/>\n<meta name=\"robots\" content=\"index, follow, max-snippet:-1, max-image-preview:large, max-video-preview:-1\" \/>\n<link rel=\"canonical\" href=\"https:\/\/kidsplay.lt\/lv\/products\/viga-mediniu-karoliuku-verimo-rinkinys-dezuteje\/\" \/>\n<meta property=\"og:locale\" content=\"lv_LV\" \/>\n<meta property=\"og:type\" content=\"article\" \/>\n<meta property=\"og:title\" content=\"VIGA medini\u0173 karoliuk\u0173 v\u0117rimo rinkinys d\u0117\u017eut\u0117je\" \/>\n<meta property=\"og:description\" content=\"VIGA medini\u0173 karoliuk\u0173 v\u0117rimo rinkinys d\u0117\u017eut\u0117je - KidsPlay. Did\u017eiausias vaik\u0173 \u017eaisl\u0173 pasirinkimas.\" \/>\n<meta property=\"og:url\" content=\"https:\/\/kidsplay.lt\/lv\/products\/viga-mediniu-karoliuku-verimo-rinkinys-dezuteje\/\" \/>\n<meta property=\"og:site_name\" content=\"KidsPlay\" \/>\n<meta property=\"article:publisher\" content=\"https:\/\/www.facebook.com\/www.kidsplay.lt\" \/>\n<meta property=\"article:modified_time\" content=\"2026-04-13T10:33:08+00:00\" \/>\n<meta property=\"og:image\" content=\"https:\/\/kidsplay.lt\/wp-content\/uploads\/2026\/04\/VIGA-mediniu-karoliuku-verimo-rinkinys-dezuteje.jpg\" \/>\n\t<meta property=\"og:image:width\" content=\"2560\" \/>\n\t<meta property=\"og:image:height\" content=\"2560\" \/>\n\t<meta property=\"og:image:type\" content=\"image\/jpeg\" \/>\n<meta name=\"twitter:card\" content=\"summary_large_image\" \/>\n<script type=\"application\/ld+json\" class=\"yoast-schema-graph\">{\"@context\":\"https:\\\/\\\/schema.org\",\"@graph\":[{\"@type\":\"WebPage\",\"@id\":\"https:\\\/\\\/kidsplay.lt\\\/produktas\\\/viga-mediniu-karoliuku-verimo-rinkinys-dezuteje\\\/\",\"url\":\"https:\\\/\\\/kidsplay.lt\\\/produktas\\\/viga-mediniu-karoliuku-verimo-rinkinys-dezuteje\\\/\",\"name\":\"VIGA medini\u0173 karoliuk\u0173 v\u0117rimo rinkinys d\u0117\u017eut\u0117je\",\"isPartOf\":{\"@id\":\"https:\\\/\\\/kidsplay.lt\\\/#website\"},\"primaryImageOfPage\":{\"@id\":\"https:\\\/\\\/kidsplay.lt\\\/produktas\\\/viga-mediniu-karoliuku-verimo-rinkinys-dezuteje\\\/#primaryimage\"},\"image\":{\"@id\":\"https:\\\/\\\/kidsplay.lt\\\/produktas\\\/viga-mediniu-karoliuku-verimo-rinkinys-dezuteje\\\/#primaryimage\"},\"thumbnailUrl\":\"https:\\\/\\\/kidsplay.lt\\\/wp-content\\\/uploads\\\/2026\\\/04\\\/VIGA-mediniu-karoliuku-verimo-rinkinys-dezuteje.jpg\",\"datePublished\":\"2026-04-13T10:32:58+00:00\",\"dateModified\":\"2026-04-13T10:33:08+00:00\",\"description\":\"VIGA medini\u0173 karoliuk\u0173 v\u0117rimo rinkinys d\u0117\u017eut\u0117je - KidsPlay. Did\u017eiausias vaik\u0173 \u017eaisl\u0173 pasirinkimas.\",\"breadcrumb\":{\"@id\":\"https:\\\/\\\/kidsplay.lt\\\/produktas\\\/viga-mediniu-karoliuku-verimo-rinkinys-dezuteje\\\/#breadcrumb\"},\"inLanguage\":\"lv-LV\",\"potentialAction\":[{\"@type\":\"ReadAction\",\"target\":[\"https:\\\/\\\/kidsplay.lt\\\/produktas\\\/viga-mediniu-karoliuku-verimo-rinkinys-dezuteje\\\/\"]}]},{\"@type\":\"ImageObject\",\"inLanguage\":\"lv-LV\",\"@id\":\"https:\\\/\\\/kidsplay.lt\\\/produktas\\\/viga-mediniu-karoliuku-verimo-rinkinys-dezuteje\\\/#primaryimage\",\"url\":\"https:\\\/\\\/kidsplay.lt\\\/wp-content\\\/uploads\\\/2026\\\/04\\\/VIGA-mediniu-karoliuku-verimo-rinkinys-dezuteje.jpg\",\"contentUrl\":\"https:\\\/\\\/kidsplay.lt\\\/wp-content\\\/uploads\\\/2026\\\/04\\\/VIGA-mediniu-karoliuku-verimo-rinkinys-dezuteje.jpg\",\"width\":2560,\"height\":2560,\"caption\":\"VIGA medini\u0173 karoliuk\u0173 v\u0117rimo rinkinys d\u0117\u017eut\u0117je\"},{\"@type\":\"BreadcrumbList\",\"@id\":\"https:\\\/\\\/kidsplay.lt\\\/produktas\\\/viga-mediniu-karoliuku-verimo-rinkinys-dezuteje\\\/#breadcrumb\",\"itemListElement\":[{\"@type\":\"ListItem\",\"position\":1,\"name\":\"Pagrindinis\",\"item\":\"https:\\\/\\\/kidsplay.lt\\\/\"},{\"@type\":\"ListItem\",\"position\":2,\"name\":\"Parduotuv\u0117\",\"item\":\"https:\\\/\\\/kidsplay.lt\\\/parduotuve\\\/\"},{\"@type\":\"ListItem\",\"position\":3,\"name\":\"VIGA medini\u0173 karoliuk\u0173 v\u0117rimo rinkinys d\u0117\u017eut\u0117je\"}]},{\"@type\":\"WebSite\",\"@id\":\"https:\\\/\\\/kidsplay.lt\\\/#website\",\"url\":\"https:\\\/\\\/kidsplay.lt\\\/\",\"name\":\"Kidsplay.lt\",\"description\":\"\u012evairios prek\u0117s vaikams\",\"publisher\":{\"@id\":\"https:\\\/\\\/kidsplay.lt\\\/#organization\"},\"alternateName\":\"Kidsplay\",\"potentialAction\":[{\"@type\":\"SearchAction\",\"target\":{\"@type\":\"EntryPoint\",\"urlTemplate\":\"https:\\\/\\\/kidsplay.lt\\\/?s={search_term_string}\"},\"query-input\":{\"@type\":\"PropertyValueSpecification\",\"valueRequired\":true,\"valueName\":\"search_term_string\"}}],\"inLanguage\":\"lv-LV\"},{\"@type\":\"Organization\",\"@id\":\"https:\\\/\\\/kidsplay.lt\\\/#organization\",\"name\":\"KidsPlay\",\"url\":\"https:\\\/\\\/kidsplay.lt\\\/\",\"logo\":{\"@type\":\"ImageObject\",\"inLanguage\":\"lv-LV\",\"@id\":\"https:\\\/\\\/kidsplay.lt\\\/#\\\/schema\\\/logo\\\/image\\\/\",\"url\":\"https:\\\/\\\/kidsplay.lt\\\/wp-content\\\/uploads\\\/2023\\\/07\\\/kidsplay-logo.png\",\"contentUrl\":\"https:\\\/\\\/kidsplay.lt\\\/wp-content\\\/uploads\\\/2023\\\/07\\\/kidsplay-logo.png\",\"width\":451,\"height\":98,\"caption\":\"KidsPlay\"},\"image\":{\"@id\":\"https:\\\/\\\/kidsplay.lt\\\/#\\\/schema\\\/logo\\\/image\\\/\"},\"sameAs\":[\"https:\\\/\\\/www.facebook.com\\\/www.kidsplay.lt\"]}]}<\/script>\n<!-- \/ Yoast SEO plugin. -->","yoast_head_json":{"title":"VIGA medini\u0173 karoliuk\u0173 v\u0117rimo rinkinys d\u0117\u017eut\u0117je","description":"VIGA medini\u0173 karoliuk\u0173 v\u0117rimo rinkinys d\u0117\u017eut\u0117je - KidsPlay. Did\u017eiausias vaik\u0173 \u017eaisl\u0173 pasirinkimas.","robots":{"index":"index","follow":"follow","max-snippet":"max-snippet:-1","max-image-preview":"max-image-preview:large","max-video-preview":"max-video-preview:-1"},"canonical":"https:\/\/kidsplay.lt\/lv\/products\/viga-mediniu-karoliuku-verimo-rinkinys-dezuteje\/","og_locale":"lv_LV","og_type":"article","og_title":"VIGA medini\u0173 karoliuk\u0173 v\u0117rimo rinkinys d\u0117\u017eut\u0117je","og_description":"VIGA medini\u0173 karoliuk\u0173 v\u0117rimo rinkinys d\u0117\u017eut\u0117je - KidsPlay. Did\u017eiausias vaik\u0173 \u017eaisl\u0173 pasirinkimas.","og_url":"https:\/\/kidsplay.lt\/lv\/products\/viga-mediniu-karoliuku-verimo-rinkinys-dezuteje\/","og_site_name":"KidsPlay","article_publisher":"https:\/\/www.facebook.com\/www.kidsplay.lt","article_modified_time":"2026-04-13T10:33:08+00:00","og_image":[{"width":2560,"height":2560,"url":"https:\/\/kidsplay.lt\/wp-content\/uploads\/2026\/04\/VIGA-mediniu-karoliuku-verimo-rinkinys-dezuteje.jpg","type":"image\/jpeg"}],"twitter_card":"summary_large_image","schema":{"@context":"https:\/\/schema.org","@graph":[{"@type":"WebPage","@id":"https:\/\/kidsplay.lt\/produktas\/viga-mediniu-karoliuku-verimo-rinkinys-dezuteje\/","url":"https:\/\/kidsplay.lt\/produktas\/viga-mediniu-karoliuku-verimo-rinkinys-dezuteje\/","name":"VIGA medini\u0173 karoliuk\u0173 v\u0117rimo rinkinys d\u0117\u017eut\u0117je","isPartOf":{"@id":"https:\/\/kidsplay.lt\/#website"},"primaryImageOfPage":{"@id":"https:\/\/kidsplay.lt\/produktas\/viga-mediniu-karoliuku-verimo-rinkinys-dezuteje\/#primaryimage"},"image":{"@id":"https:\/\/kidsplay.lt\/produktas\/viga-mediniu-karoliuku-verimo-rinkinys-dezuteje\/#primaryimage"},"thumbnailUrl":"https:\/\/kidsplay.lt\/wp-content\/uploads\/2026\/04\/VIGA-mediniu-karoliuku-verimo-rinkinys-dezuteje.jpg","datePublished":"2026-04-13T10:32:58+00:00","dateModified":"2026-04-13T10:33:08+00:00","description":"VIGA medini\u0173 karoliuk\u0173 v\u0117rimo rinkinys d\u0117\u017eut\u0117je - KidsPlay. Did\u017eiausias vaik\u0173 \u017eaisl\u0173 pasirinkimas.","breadcrumb":{"@id":"https:\/\/kidsplay.lt\/produktas\/viga-mediniu-karoliuku-verimo-rinkinys-dezuteje\/#breadcrumb"},"inLanguage":"lv-LV","potentialAction":[{"@type":"ReadAction","target":["https:\/\/kidsplay.lt\/produktas\/viga-mediniu-karoliuku-verimo-rinkinys-dezuteje\/"]}]},{"@type":"ImageObject","inLanguage":"lv-LV","@id":"https:\/\/kidsplay.lt\/produktas\/viga-mediniu-karoliuku-verimo-rinkinys-dezuteje\/#primaryimage","url":"https:\/\/kidsplay.lt\/wp-content\/uploads\/2026\/04\/VIGA-mediniu-karoliuku-verimo-rinkinys-dezuteje.jpg","contentUrl":"https:\/\/kidsplay.lt\/wp-content\/uploads\/2026\/04\/VIGA-mediniu-karoliuku-verimo-rinkinys-dezuteje.jpg","width":2560,"height":2560,"caption":"VIGA medini\u0173 karoliuk\u0173 v\u0117rimo rinkinys d\u0117\u017eut\u0117je"},{"@type":"BreadcrumbList","@id":"https:\/\/kidsplay.lt\/produktas\/viga-mediniu-karoliuku-verimo-rinkinys-dezuteje\/#breadcrumb","itemListElement":[{"@type":"ListItem","position":1,"name":"Pagrindinis","item":"https:\/\/kidsplay.lt\/"},{"@type":"ListItem","position":2,"name":"Parduotuv\u0117","item":"https:\/\/kidsplay.lt\/parduotuve\/"},{"@type":"ListItem","position":3,"name":"VIGA medini\u0173 karoliuk\u0173 v\u0117rimo rinkinys d\u0117\u017eut\u0117je"}]},{"@type":"WebSite","@id":"https:\/\/kidsplay.lt\/#website","url":"https:\/\/kidsplay.lt\/","name":"B\u0113rnu sp\u0113les.lv","description":"\u012evairios prek\u0117s vaikams","publisher":{"@id":"https:\/\/kidsplay.lt\/#organization"},"alternateName":"Kidsplay","potentialAction":[{"@type":"SearchAction","target":{"@type":"EntryPoint","urlTemplate":"https:\/\/kidsplay.lt\/?s={search_term_string}"},"query-input":{"@type":"PropertyValueSpecification","valueRequired":true,"valueName":"search_term_string"}}],"inLanguage":"lv-LV"},{"@type":"Organization","@id":"https:\/\/kidsplay.lt\/#organization","name":"B\u0113rnu sp\u0113le","url":"https:\/\/kidsplay.lt\/","logo":{"@type":"ImageObject","inLanguage":"lv-LV","@id":"https:\/\/kidsplay.lt\/#\/schema\/logo\/image\/","url":"https:\/\/kidsplay.lt\/wp-content\/uploads\/2023\/07\/kidsplay-logo.png","contentUrl":"https:\/\/kidsplay.lt\/wp-content\/uploads\/2023\/07\/kidsplay-logo.png","width":451,"height":98,"caption":"KidsPlay"},"image":{"@id":"https:\/\/kidsplay.lt\/#\/schema\/logo\/image\/"},"sameAs":["https:\/\/www.facebook.com\/www.kidsplay.lt"]}]}},"_links":{"self":[{"href":"https:\/\/kidsplay.lt\/lv\/wp-json\/wp\/v2\/product\/104507","targetHints":{"allow":["GET"]}}],"collection":[{"href":"https:\/\/kidsplay.lt\/lv\/wp-json\/wp\/v2\/product"}],"about":[{"href":"https:\/\/kidsplay.lt\/lv\/wp-json\/wp\/v2\/types\/product"}],"version-history":[{"count":1,"href":"https:\/\/kidsplay.lt\/lv\/wp-json\/wp\/v2\/product\/104507\/revisions"}],"predecessor-version":[{"id":104508,"href":"https:\/\/kidsplay.lt\/lv\/wp-json\/wp\/v2\/product\/104507\/revisions\/104508"}],"wp:featuredmedia":[{"embeddable":true,"href":"https:\/\/kidsplay.lt\/lv\/wp-json\/wp\/v2\/media\/104509"}],"wp:attachment":[{"href":"https:\/\/kidsplay.lt\/lv\/wp-json\/wp\/v2\/media?parent=104507"}],"wp:term":[{"taxonomy":"product_brand","embeddable":true,"href":"https:\/\/kidsplay.lt\/lv\/wp-json\/wp\/v2\/product_brand?post=104507"},{"taxonomy":"product_cat","embeddable":true,"href":"https:\/\/kidsplay.lt\/lv\/wp-json\/wp\/v2\/product_cat?post=104507"},{"taxonomy":"product_tag","embeddable":true,"href":"https:\/\/kidsplay.lt\/lv\/wp-json\/wp\/v2\/product_tag?post=104507"}],"curies":[{"name":"wp","href":"https:\/\/api.w.org\/{rel}","templated":true}]}}