{"id":104520,"date":"2026-04-13T13:33:30","date_gmt":"2026-04-13T10:33:30","guid":{"rendered":"https:\/\/kidsplay.lt\/produktas\/tooky-toy-medinis-drugelio-grozio-staliukas-su-veidrodziu-led-apsvietimu-ir-kosmetikos-priedais\/"},"modified":"2026-04-18T18:29:58","modified_gmt":"2026-04-18T15:29:58","slug":"tooky-toy-medinis-drugelio-grozio-staliukas-su-veidrodziu-led-apsvietimu-ir-kosmetikos-priedais","status":"publish","type":"product","link":"https:\/\/kidsplay.lt\/lv\/products\/tooky-toy-medinis-drugelio-grozio-staliukas-su-veidrodziu-led-apsvietimu-ir-kosmetikos-priedais\/","title":{"rendered":"TOOKY TOY koka &quot;Tauri\u0146\u0161&quot; skaistumkop\u0161anas galdi\u0146\u0161 ar spoguli, LED apgaismojumu un kosm\u0113tikas aksesu\u0101riem"},"content":{"rendered":"<p>Pakvieskite savo dukr\u0105 \u012f prie\u017ei\u016bros ir gro\u017eio pasaul\u012f su Tooky Toy mediniu gro\u017eio staliuku, kuris sujungia stili\u0173, saugum\u0105 ir begalines \u017eaidimo galimybes. Veidrod\u0117lis su ap\u0161vietimu, medin\u0117 kosmetika ir \u012fvair\u016bs priedai leid\u017eia vaikams pasinerti \u012f makia\u017eo ir gro\u017eio pasaul\u012f pa\u010diu mieliausiu b\u016bdu. Eleganti\u0161ka pastelini\u0173 spalv\u0173 gama sukuria jauki\u0105 aplink\u0105, kuri \u012fkvepia \u017eaisti ir puikiai dera prie bet kurio kambario interjero.<br \/>\nRaksturojums:<\/p>\n<p> \tB\u0113rniem no 3 gadu vecuma<br \/>\n \tPagaminta i\u0161 auk\u0161tos kokyb\u0117s med\u017eiag\u0173<br \/>\n \tPrie\u017ei\u016bros ir gro\u017eio aksesuarai<br \/>\n \tVeidrod\u017eio ap\u0161vietimo re\u017eimai: \u0161altas, \u0161iltas ir mi\u0161rus ap\u0161vietimas<br \/>\n \tAtidaromas stal\u010dius visiems daiktams laikyti<br \/>\n \tMakia\u017eo rinkinys (priedai n\u0117ra tikra kosmetika)<br \/>\n \tMaitinimas: 3 x AAA 1,5V baterijos<\/p>\n<p>Komplekt\u0101 ietilpst:<\/p>\n<p> \tMedinis gro\u017eio staliukas<br \/>\n \tPlauk\u0173 d\u017eiovintuvas<br \/>\n \tVeidrodis<br \/>\n \t\u0160ukos<br \/>\n \tAki\u0173 \u0161e\u0161\u0117liai<br \/>\n \tL\u016bpda\u017eis<br \/>\n \tKvepal\u0173 buteliukas<br \/>\n \tPudra<br \/>\n \tBlakstien\u0173 tu\u0161as<br \/>\n \t2 plauk\u0173 gumyt\u0117s<\/p>","protected":false},"excerpt":{"rendered":"<p>Pakvieskite savo dukr\u0105 \u012f prie\u017ei\u016bros ir gro\u017eio pasaul\u012f su Tooky Toy mediniu gro\u017eio staliuku, kuris sujungia stili\u0173, saugum\u0105 ir begalines<\/p>","protected":false},"featured_media":104522,"template":"","meta":{"_acf_changed":false,"_glsr_average":0,"_glsr_ranking":0,"_glsr_reviews":0},"product_brand":[],"product_cat":[403,399],"product_tag":[],"class_list":{"0":"post-104520","1":"product","2":"type-product","3":"status-publish","4":"has-post-thumbnail","6":"product_cat-mada-ir-grozis","7":"product_cat-vaidmenu-zaidimai-2","8":"\"style=\"background-color: #2ecc711c;\"","10":"first","11":"instock","12":"purchasable","13":"product-type-simple"},"acf":[],"yoast_head":"<!-- This site is optimized with the Yoast SEO plugin v27.4 - https:\/\/yoast.com\/product\/yoast-seo-wordpress\/ -->\n<title>TOOKY TOY medinis \u201eDrugelio\u201c gro\u017eio staliukas su veidrod\u017eiu, LED ap\u0161vietimu ir kosmetikos priedais<\/title>\n<meta name=\"description\" content=\"TOOKY TOY medinis \u201eDrugelio\u201c gro\u017eio staliukas su veidrod\u017eiu, LED ap\u0161vietimu ir kosmetikos priedais - KidsPlay. Did\u017eiausias vaik\u0173 \u017eaisl\u0173 pasirinkimas.\" \/>\n<meta name=\"robots\" content=\"index, follow, max-snippet:-1, max-image-preview:large, max-video-preview:-1\" \/>\n<link rel=\"canonical\" href=\"https:\/\/kidsplay.lt\/lv\/products\/tooky-toy-medinis-drugelio-grozio-staliukas-su-veidrodziu-led-apsvietimu-ir-kosmetikos-priedais\/\" \/>\n<meta property=\"og:locale\" content=\"lv_LV\" \/>\n<meta property=\"og:type\" content=\"article\" \/>\n<meta property=\"og:title\" content=\"TOOKY TOY medinis \u201eDrugelio\u201c gro\u017eio staliukas su veidrod\u017eiu, LED ap\u0161vietimu ir kosmetikos priedais\" \/>\n<meta property=\"og:description\" content=\"TOOKY TOY medinis \u201eDrugelio\u201c gro\u017eio staliukas su veidrod\u017eiu, LED ap\u0161vietimu ir kosmetikos priedais - KidsPlay. Did\u017eiausias vaik\u0173 \u017eaisl\u0173 pasirinkimas.\" \/>\n<meta property=\"og:url\" content=\"https:\/\/kidsplay.lt\/lv\/products\/tooky-toy-medinis-drugelio-grozio-staliukas-su-veidrodziu-led-apsvietimu-ir-kosmetikos-priedais\/\" \/>\n<meta property=\"og:site_name\" content=\"KidsPlay\" \/>\n<meta property=\"article:publisher\" content=\"https:\/\/www.facebook.com\/www.kidsplay.lt\" \/>\n<meta property=\"article:modified_time\" content=\"2026-04-18T15:29:58+00:00\" \/>\n<meta property=\"og:image\" content=\"https:\/\/kidsplay.lt\/wp-content\/uploads\/2026\/04\/TOOKY-TOY-medinis-\u201eDrugelio-grozio-staliukas-su-veidrodziu-LED-apsvietimu-ir-kosmetikos-priedais.jpg\" \/>\n\t<meta property=\"og:image:width\" content=\"1000\" \/>\n\t<meta property=\"og:image:height\" content=\"1000\" \/>\n\t<meta property=\"og:image:type\" content=\"image\/jpeg\" \/>\n<meta name=\"twitter:card\" content=\"summary_large_image\" \/>\n<meta name=\"twitter:label1\" content=\"Est. reading time\" \/>\n\t<meta name=\"twitter:data1\" content=\"1 min\u016bte\" \/>\n<script type=\"application\/ld+json\" class=\"yoast-schema-graph\">{\"@context\":\"https:\\\/\\\/schema.org\",\"@graph\":[{\"@type\":\"WebPage\",\"@id\":\"https:\\\/\\\/kidsplay.lt\\\/produktas\\\/tooky-toy-medinis-drugelio-grozio-staliukas-su-veidrodziu-led-apsvietimu-ir-kosmetikos-priedais\\\/\",\"url\":\"https:\\\/\\\/kidsplay.lt\\\/produktas\\\/tooky-toy-medinis-drugelio-grozio-staliukas-su-veidrodziu-led-apsvietimu-ir-kosmetikos-priedais\\\/\",\"name\":\"TOOKY TOY medinis \u201eDrugelio\u201c gro\u017eio staliukas su veidrod\u017eiu, LED ap\u0161vietimu ir kosmetikos priedais\",\"isPartOf\":{\"@id\":\"https:\\\/\\\/kidsplay.lt\\\/#website\"},\"primaryImageOfPage\":{\"@id\":\"https:\\\/\\\/kidsplay.lt\\\/produktas\\\/tooky-toy-medinis-drugelio-grozio-staliukas-su-veidrodziu-led-apsvietimu-ir-kosmetikos-priedais\\\/#primaryimage\"},\"image\":{\"@id\":\"https:\\\/\\\/kidsplay.lt\\\/produktas\\\/tooky-toy-medinis-drugelio-grozio-staliukas-su-veidrodziu-led-apsvietimu-ir-kosmetikos-priedais\\\/#primaryimage\"},\"thumbnailUrl\":\"https:\\\/\\\/kidsplay.lt\\\/wp-content\\\/uploads\\\/2026\\\/04\\\/TOOKY-TOY-medinis-\u201eDrugelio-grozio-staliukas-su-veidrodziu-LED-apsvietimu-ir-kosmetikos-priedais.jpg\",\"datePublished\":\"2026-04-13T10:33:30+00:00\",\"dateModified\":\"2026-04-18T15:29:58+00:00\",\"description\":\"TOOKY TOY medinis \u201eDrugelio\u201c gro\u017eio staliukas su veidrod\u017eiu, LED ap\u0161vietimu ir kosmetikos priedais - KidsPlay. Did\u017eiausias vaik\u0173 \u017eaisl\u0173 pasirinkimas.\",\"breadcrumb\":{\"@id\":\"https:\\\/\\\/kidsplay.lt\\\/produktas\\\/tooky-toy-medinis-drugelio-grozio-staliukas-su-veidrodziu-led-apsvietimu-ir-kosmetikos-priedais\\\/#breadcrumb\"},\"inLanguage\":\"lv-LV\",\"potentialAction\":[{\"@type\":\"ReadAction\",\"target\":[\"https:\\\/\\\/kidsplay.lt\\\/produktas\\\/tooky-toy-medinis-drugelio-grozio-staliukas-su-veidrodziu-led-apsvietimu-ir-kosmetikos-priedais\\\/\"]}]},{\"@type\":\"ImageObject\",\"inLanguage\":\"lv-LV\",\"@id\":\"https:\\\/\\\/kidsplay.lt\\\/produktas\\\/tooky-toy-medinis-drugelio-grozio-staliukas-su-veidrodziu-led-apsvietimu-ir-kosmetikos-priedais\\\/#primaryimage\",\"url\":\"https:\\\/\\\/kidsplay.lt\\\/wp-content\\\/uploads\\\/2026\\\/04\\\/TOOKY-TOY-medinis-\u201eDrugelio-grozio-staliukas-su-veidrodziu-LED-apsvietimu-ir-kosmetikos-priedais.jpg\",\"contentUrl\":\"https:\\\/\\\/kidsplay.lt\\\/wp-content\\\/uploads\\\/2026\\\/04\\\/TOOKY-TOY-medinis-\u201eDrugelio-grozio-staliukas-su-veidrodziu-LED-apsvietimu-ir-kosmetikos-priedais.jpg\",\"width\":1000,\"height\":1000,\"caption\":\"TOOKY TOY medinis \u201eDrugelio\u201c gro\u017eio staliukas su veidrod\u017eiu\"},{\"@type\":\"BreadcrumbList\",\"@id\":\"https:\\\/\\\/kidsplay.lt\\\/produktas\\\/tooky-toy-medinis-drugelio-grozio-staliukas-su-veidrodziu-led-apsvietimu-ir-kosmetikos-priedais\\\/#breadcrumb\",\"itemListElement\":[{\"@type\":\"ListItem\",\"position\":1,\"name\":\"Pagrindinis\",\"item\":\"https:\\\/\\\/kidsplay.lt\\\/\"},{\"@type\":\"ListItem\",\"position\":2,\"name\":\"Parduotuv\u0117\",\"item\":\"https:\\\/\\\/kidsplay.lt\\\/parduotuve\\\/\"},{\"@type\":\"ListItem\",\"position\":3,\"name\":\"TOOKY TOY medinis \u201eDrugelio\u201c gro\u017eio staliukas su veidrod\u017eiu, LED ap\u0161vietimu ir kosmetikos priedais\"}]},{\"@type\":\"WebSite\",\"@id\":\"https:\\\/\\\/kidsplay.lt\\\/#website\",\"url\":\"https:\\\/\\\/kidsplay.lt\\\/\",\"name\":\"Kidsplay.lt\",\"description\":\"\u012evairios prek\u0117s vaikams\",\"publisher\":{\"@id\":\"https:\\\/\\\/kidsplay.lt\\\/#organization\"},\"alternateName\":\"Kidsplay\",\"potentialAction\":[{\"@type\":\"SearchAction\",\"target\":{\"@type\":\"EntryPoint\",\"urlTemplate\":\"https:\\\/\\\/kidsplay.lt\\\/?s={search_term_string}\"},\"query-input\":{\"@type\":\"PropertyValueSpecification\",\"valueRequired\":true,\"valueName\":\"search_term_string\"}}],\"inLanguage\":\"lv-LV\"},{\"@type\":\"Organization\",\"@id\":\"https:\\\/\\\/kidsplay.lt\\\/#organization\",\"name\":\"KidsPlay\",\"url\":\"https:\\\/\\\/kidsplay.lt\\\/\",\"logo\":{\"@type\":\"ImageObject\",\"inLanguage\":\"lv-LV\",\"@id\":\"https:\\\/\\\/kidsplay.lt\\\/#\\\/schema\\\/logo\\\/image\\\/\",\"url\":\"https:\\\/\\\/kidsplay.lt\\\/wp-content\\\/uploads\\\/2023\\\/07\\\/kidsplay-logo.png\",\"contentUrl\":\"https:\\\/\\\/kidsplay.lt\\\/wp-content\\\/uploads\\\/2023\\\/07\\\/kidsplay-logo.png\",\"width\":451,\"height\":98,\"caption\":\"KidsPlay\"},\"image\":{\"@id\":\"https:\\\/\\\/kidsplay.lt\\\/#\\\/schema\\\/logo\\\/image\\\/\"},\"sameAs\":[\"https:\\\/\\\/www.facebook.com\\\/www.kidsplay.lt\"]}]}<\/script>\n<!-- \/ Yoast SEO plugin. -->","yoast_head_json":{"title":"TOOKY TOY koka &quot;Tauri\u0146\u0161&quot; skaistumkop\u0161anas galdi\u0146\u0161 ar spoguli, LED apgaismojumu un kosm\u0113tikas aksesu\u0101riem","description":"TOOKY TOY medinis \u201eDrugelio\u201c gro\u017eio staliukas su veidrod\u017eiu, LED ap\u0161vietimu ir kosmetikos priedais - KidsPlay. Did\u017eiausias vaik\u0173 \u017eaisl\u0173 pasirinkimas.","robots":{"index":"index","follow":"follow","max-snippet":"max-snippet:-1","max-image-preview":"max-image-preview:large","max-video-preview":"max-video-preview:-1"},"canonical":"https:\/\/kidsplay.lt\/lv\/products\/tooky-toy-medinis-drugelio-grozio-staliukas-su-veidrodziu-led-apsvietimu-ir-kosmetikos-priedais\/","og_locale":"lv_LV","og_type":"article","og_title":"TOOKY TOY medinis \u201eDrugelio\u201c gro\u017eio staliukas su veidrod\u017eiu, LED ap\u0161vietimu ir kosmetikos priedais","og_description":"TOOKY TOY medinis \u201eDrugelio\u201c gro\u017eio staliukas su veidrod\u017eiu, LED ap\u0161vietimu ir kosmetikos priedais - KidsPlay. Did\u017eiausias vaik\u0173 \u017eaisl\u0173 pasirinkimas.","og_url":"https:\/\/kidsplay.lt\/lv\/products\/tooky-toy-medinis-drugelio-grozio-staliukas-su-veidrodziu-led-apsvietimu-ir-kosmetikos-priedais\/","og_site_name":"KidsPlay","article_publisher":"https:\/\/www.facebook.com\/www.kidsplay.lt","article_modified_time":"2026-04-18T15:29:58+00:00","og_image":[{"width":1000,"height":1000,"url":"https:\/\/kidsplay.lt\/wp-content\/uploads\/2026\/04\/TOOKY-TOY-medinis-\u201eDrugelio-grozio-staliukas-su-veidrodziu-LED-apsvietimu-ir-kosmetikos-priedais.jpg","type":"image\/jpeg"}],"twitter_card":"summary_large_image","twitter_misc":{"Est. reading time":"1 min\u016bte"},"schema":{"@context":"https:\/\/schema.org","@graph":[{"@type":"WebPage","@id":"https:\/\/kidsplay.lt\/produktas\/tooky-toy-medinis-drugelio-grozio-staliukas-su-veidrodziu-led-apsvietimu-ir-kosmetikos-priedais\/","url":"https:\/\/kidsplay.lt\/produktas\/tooky-toy-medinis-drugelio-grozio-staliukas-su-veidrodziu-led-apsvietimu-ir-kosmetikos-priedais\/","name":"TOOKY TOY koka &quot;Tauri\u0146\u0161&quot; skaistumkop\u0161anas galdi\u0146\u0161 ar spoguli, LED apgaismojumu un kosm\u0113tikas aksesu\u0101riem","isPartOf":{"@id":"https:\/\/kidsplay.lt\/#website"},"primaryImageOfPage":{"@id":"https:\/\/kidsplay.lt\/produktas\/tooky-toy-medinis-drugelio-grozio-staliukas-su-veidrodziu-led-apsvietimu-ir-kosmetikos-priedais\/#primaryimage"},"image":{"@id":"https:\/\/kidsplay.lt\/produktas\/tooky-toy-medinis-drugelio-grozio-staliukas-su-veidrodziu-led-apsvietimu-ir-kosmetikos-priedais\/#primaryimage"},"thumbnailUrl":"https:\/\/kidsplay.lt\/wp-content\/uploads\/2026\/04\/TOOKY-TOY-medinis-\u201eDrugelio-grozio-staliukas-su-veidrodziu-LED-apsvietimu-ir-kosmetikos-priedais.jpg","datePublished":"2026-04-13T10:33:30+00:00","dateModified":"2026-04-18T15:29:58+00:00","description":"TOOKY TOY medinis \u201eDrugelio\u201c gro\u017eio staliukas su veidrod\u017eiu, LED ap\u0161vietimu ir kosmetikos priedais - KidsPlay. Did\u017eiausias vaik\u0173 \u017eaisl\u0173 pasirinkimas.","breadcrumb":{"@id":"https:\/\/kidsplay.lt\/produktas\/tooky-toy-medinis-drugelio-grozio-staliukas-su-veidrodziu-led-apsvietimu-ir-kosmetikos-priedais\/#breadcrumb"},"inLanguage":"lv-LV","potentialAction":[{"@type":"ReadAction","target":["https:\/\/kidsplay.lt\/produktas\/tooky-toy-medinis-drugelio-grozio-staliukas-su-veidrodziu-led-apsvietimu-ir-kosmetikos-priedais\/"]}]},{"@type":"ImageObject","inLanguage":"lv-LV","@id":"https:\/\/kidsplay.lt\/produktas\/tooky-toy-medinis-drugelio-grozio-staliukas-su-veidrodziu-led-apsvietimu-ir-kosmetikos-priedais\/#primaryimage","url":"https:\/\/kidsplay.lt\/wp-content\/uploads\/2026\/04\/TOOKY-TOY-medinis-\u201eDrugelio-grozio-staliukas-su-veidrodziu-LED-apsvietimu-ir-kosmetikos-priedais.jpg","contentUrl":"https:\/\/kidsplay.lt\/wp-content\/uploads\/2026\/04\/TOOKY-TOY-medinis-\u201eDrugelio-grozio-staliukas-su-veidrodziu-LED-apsvietimu-ir-kosmetikos-priedais.jpg","width":1000,"height":1000,"caption":"TOOKY TOY medinis \u201eDrugelio\u201c gro\u017eio staliukas su veidrod\u017eiu"},{"@type":"BreadcrumbList","@id":"https:\/\/kidsplay.lt\/produktas\/tooky-toy-medinis-drugelio-grozio-staliukas-su-veidrodziu-led-apsvietimu-ir-kosmetikos-priedais\/#breadcrumb","itemListElement":[{"@type":"ListItem","position":1,"name":"Pagrindinis","item":"https:\/\/kidsplay.lt\/"},{"@type":"ListItem","position":2,"name":"Parduotuv\u0117","item":"https:\/\/kidsplay.lt\/parduotuve\/"},{"@type":"ListItem","position":3,"name":"TOOKY TOY medinis \u201eDrugelio\u201c gro\u017eio staliukas su veidrod\u017eiu, LED ap\u0161vietimu ir kosmetikos priedais"}]},{"@type":"WebSite","@id":"https:\/\/kidsplay.lt\/#website","url":"https:\/\/kidsplay.lt\/","name":"B\u0113rnu sp\u0113les.lv","description":"\u012evairios prek\u0117s vaikams","publisher":{"@id":"https:\/\/kidsplay.lt\/#organization"},"alternateName":"Kidsplay","potentialAction":[{"@type":"SearchAction","target":{"@type":"EntryPoint","urlTemplate":"https:\/\/kidsplay.lt\/?s={search_term_string}"},"query-input":{"@type":"PropertyValueSpecification","valueRequired":true,"valueName":"search_term_string"}}],"inLanguage":"lv-LV"},{"@type":"Organization","@id":"https:\/\/kidsplay.lt\/#organization","name":"B\u0113rnu sp\u0113le","url":"https:\/\/kidsplay.lt\/","logo":{"@type":"ImageObject","inLanguage":"lv-LV","@id":"https:\/\/kidsplay.lt\/#\/schema\/logo\/image\/","url":"https:\/\/kidsplay.lt\/wp-content\/uploads\/2023\/07\/kidsplay-logo.png","contentUrl":"https:\/\/kidsplay.lt\/wp-content\/uploads\/2023\/07\/kidsplay-logo.png","width":451,"height":98,"caption":"KidsPlay"},"image":{"@id":"https:\/\/kidsplay.lt\/#\/schema\/logo\/image\/"},"sameAs":["https:\/\/www.facebook.com\/www.kidsplay.lt"]}]}},"_links":{"self":[{"href":"https:\/\/kidsplay.lt\/lv\/wp-json\/wp\/v2\/product\/104520","targetHints":{"allow":["GET"]}}],"collection":[{"href":"https:\/\/kidsplay.lt\/lv\/wp-json\/wp\/v2\/product"}],"about":[{"href":"https:\/\/kidsplay.lt\/lv\/wp-json\/wp\/v2\/types\/product"}],"version-history":[{"count":1,"href":"https:\/\/kidsplay.lt\/lv\/wp-json\/wp\/v2\/product\/104520\/revisions"}],"predecessor-version":[{"id":104521,"href":"https:\/\/kidsplay.lt\/lv\/wp-json\/wp\/v2\/product\/104520\/revisions\/104521"}],"wp:featuredmedia":[{"embeddable":true,"href":"https:\/\/kidsplay.lt\/lv\/wp-json\/wp\/v2\/media\/104522"}],"wp:attachment":[{"href":"https:\/\/kidsplay.lt\/lv\/wp-json\/wp\/v2\/media?parent=104520"}],"wp:term":[{"taxonomy":"product_brand","embeddable":true,"href":"https:\/\/kidsplay.lt\/lv\/wp-json\/wp\/v2\/product_brand?post=104520"},{"taxonomy":"product_cat","embeddable":true,"href":"https:\/\/kidsplay.lt\/lv\/wp-json\/wp\/v2\/product_cat?post=104520"},{"taxonomy":"product_tag","embeddable":true,"href":"https:\/\/kidsplay.lt\/lv\/wp-json\/wp\/v2\/product_tag?post=104520"}],"curies":[{"name":"wp","href":"https:\/\/api.w.org\/{rel}","templated":true}]}}