{"id":104589,"date":"2026-04-13T13:38:05","date_gmt":"2026-04-13T10:38:05","guid":{"rendered":"https:\/\/kidsplay.lt\/produktas\/viga-mediniu-magnetu-rinkinys-gyvunai-20-daliu\/"},"modified":"2026-04-21T18:30:15","modified_gmt":"2026-04-21T15:30:15","slug":"viga-mediniu-magnetu-rinkinys-gyvunai-20-daliu","status":"publish","type":"product","link":"https:\/\/kidsplay.lt\/lv\/products\/viga-mediniu-magnetu-rinkinys-gyvunai-20-daliu\/","title":{"rendered":"VIGA koka magn\u0113tu komplekts &quot;Dz\u012bvnieki&quot;, 20 gabali"},"content":{"rendered":"<p>VIGA medini\u0173 gyv\u016bn\u0173 magnetai \u2013 unikalus 20 spalving\u0173 dali\u0173 rinkinys, kuris nukels vaikus \u012f \u012fdom\u0173 faunos pasaul\u012f. Kiekvienas magnetas vaizduoja skirting\u0105 gyv\u016bn\u0105, tod\u0117l \u017eaidimas tampa \u012fvairus ir \u012ftraukiantis. Rinkinys pagamintas i\u0161 auk\u0161tos kokyb\u0117s med\u017eio, u\u017etikrinant patvarum\u0105 ir saugum\u0105 kasdienio naudojimo metu ant magnetini\u0173 lent\u0173 ar \u0161aldytuvo. \u0160ie magnetiniai gyv\u016bnai n\u0117ra tik \u017eaislas \u2013 jie taip pat puiki mokomoji priemon\u0117. D\u0117l j\u0173 vaikai gali mokytis gyv\u016bn\u0173 pavadinim\u0173, j\u0173 nat\u016brali\u0173 buveini\u0173 ir klasifikacijos. Ry\u0161kios spalvos ir esteti\u0161kas dizainas patraukl\u016bs akiai, skatina k\u016brybi\u0161kai kurti savo istorijas ir scenas su \u016bkio, safario ar j\u016bros gyventojais.<br \/>\nRaksturojums:<\/p>\n<p> \t\u017daislas skirtas vaikams nuo 18 m\u0117nesi\u0173<br \/>\n \tRinkin\u012f sudaro 20 unikali\u0173 medini\u0173 magnet\u0173, vaizduojan\u010di\u0173 gyv\u016bnus<br \/>\n \tMagnetai puikiai limpa prie \u0161aldytuvo arba speciali\u0173 magnetini\u0173 lent\u0173<br \/>\n \tPagaminta i\u0161 tvirto lakuoto med\u017eio, nuda\u017eyta saugiais da\u017eais<br \/>\n \tSupakuota \u012f esteti\u0161k\u0105, spalving\u0105 d\u0117\u017eut\u0119, patogi\u0105 laikymui<br \/>\n \tProduktas pasi\u017eymi dideliu atsparumu pa\u017eeidimams ir precizi\u0161ku apdailos atlikimu<\/p>\n<p>Komplekt\u0101 ietilpst:<\/p>\n<p> \t20 medini\u0173 magnet\u0173 su gyv\u016bn\u0173 atvaizdais<br \/>\n \tSpalvinga laikymo d\u0117\u017eut\u0117<\/p>","protected":false},"excerpt":{"rendered":"<p>VIGA medini\u0173 gyv\u016bn\u0173 magnetai \u2013 unikalus 20 spalving\u0173 dali\u0173 rinkinys, kuris nukels vaikus \u012f \u012fdom\u0173 faunos pasaul\u012f. Kiekvienas magnetas vaizduoja<\/p>","protected":false},"featured_media":104591,"template":"","meta":{"_acf_changed":false,"_glsr_average":0,"_glsr_ranking":0,"_glsr_reviews":0},"product_brand":[],"product_cat":[397,883],"product_tag":[],"class_list":{"0":"post-104589","1":"product","2":"type-product","3":"status-publish","4":"has-post-thumbnail","6":"product_cat-medines-deliones-mediniai-zaislai","7":"product_cat-mediniai-zaislai-2","8":"\"style=\"background-color: #2ecc711c;\"","10":"first","11":"instock","12":"purchasable","13":"product-type-simple"},"acf":[],"yoast_head":"<!-- This site is optimized with the Yoast SEO plugin v27.4 - https:\/\/yoast.com\/product\/yoast-seo-wordpress\/ -->\n<title>VIGA medini\u0173 magnet\u0173 rinkinys \u201eGyv\u016bnai\u201c, 20 dali\u0173<\/title>\n<meta name=\"description\" content=\"VIGA medini\u0173 magnet\u0173 rinkinys \u201eGyv\u016bnai\u201c, 20 dali\u0173 - KidsPlay. Did\u017eiausias vaik\u0173 \u017eaisl\u0173 pasirinkimas.\" \/>\n<meta name=\"robots\" content=\"index, follow, max-snippet:-1, max-image-preview:large, max-video-preview:-1\" \/>\n<link rel=\"canonical\" href=\"https:\/\/kidsplay.lt\/lv\/products\/viga-mediniu-magnetu-rinkinys-gyvunai-20-daliu\/\" \/>\n<meta property=\"og:locale\" content=\"lv_LV\" \/>\n<meta property=\"og:type\" content=\"article\" \/>\n<meta property=\"og:title\" content=\"VIGA medini\u0173 magnet\u0173 rinkinys \u201eGyv\u016bnai\u201c, 20 dali\u0173\" \/>\n<meta property=\"og:description\" content=\"VIGA medini\u0173 magnet\u0173 rinkinys \u201eGyv\u016bnai\u201c, 20 dali\u0173 - KidsPlay. Did\u017eiausias vaik\u0173 \u017eaisl\u0173 pasirinkimas.\" \/>\n<meta property=\"og:url\" content=\"https:\/\/kidsplay.lt\/lv\/products\/viga-mediniu-magnetu-rinkinys-gyvunai-20-daliu\/\" \/>\n<meta property=\"og:site_name\" content=\"KidsPlay\" \/>\n<meta property=\"article:publisher\" content=\"https:\/\/www.facebook.com\/www.kidsplay.lt\" \/>\n<meta property=\"article:modified_time\" content=\"2026-04-21T15:30:15+00:00\" \/>\n<meta property=\"og:image\" content=\"https:\/\/kidsplay.lt\/wp-content\/uploads\/2026\/04\/VIGA-mediniu-magnetu-rinkinys-\u201eGyvunai-20-daliu.jpg\" \/>\n\t<meta property=\"og:image:width\" content=\"1000\" \/>\n\t<meta property=\"og:image:height\" content=\"1000\" \/>\n\t<meta property=\"og:image:type\" content=\"image\/jpeg\" \/>\n<meta name=\"twitter:card\" content=\"summary_large_image\" \/>\n<meta name=\"twitter:label1\" content=\"Est. reading time\" \/>\n\t<meta name=\"twitter:data1\" content=\"1 min\u016bte\" \/>\n<script type=\"application\/ld+json\" class=\"yoast-schema-graph\">{\"@context\":\"https:\\\/\\\/schema.org\",\"@graph\":[{\"@type\":\"WebPage\",\"@id\":\"https:\\\/\\\/kidsplay.lt\\\/produktas\\\/viga-mediniu-magnetu-rinkinys-gyvunai-20-daliu\\\/\",\"url\":\"https:\\\/\\\/kidsplay.lt\\\/produktas\\\/viga-mediniu-magnetu-rinkinys-gyvunai-20-daliu\\\/\",\"name\":\"VIGA medini\u0173 magnet\u0173 rinkinys \u201eGyv\u016bnai\u201c, 20 dali\u0173\",\"isPartOf\":{\"@id\":\"https:\\\/\\\/kidsplay.lt\\\/#website\"},\"primaryImageOfPage\":{\"@id\":\"https:\\\/\\\/kidsplay.lt\\\/produktas\\\/viga-mediniu-magnetu-rinkinys-gyvunai-20-daliu\\\/#primaryimage\"},\"image\":{\"@id\":\"https:\\\/\\\/kidsplay.lt\\\/produktas\\\/viga-mediniu-magnetu-rinkinys-gyvunai-20-daliu\\\/#primaryimage\"},\"thumbnailUrl\":\"https:\\\/\\\/kidsplay.lt\\\/wp-content\\\/uploads\\\/2026\\\/04\\\/VIGA-mediniu-magnetu-rinkinys-\u201eGyvunai-20-daliu.jpg\",\"datePublished\":\"2026-04-13T10:38:05+00:00\",\"dateModified\":\"2026-04-21T15:30:15+00:00\",\"description\":\"VIGA medini\u0173 magnet\u0173 rinkinys \u201eGyv\u016bnai\u201c, 20 dali\u0173 - KidsPlay. Did\u017eiausias vaik\u0173 \u017eaisl\u0173 pasirinkimas.\",\"breadcrumb\":{\"@id\":\"https:\\\/\\\/kidsplay.lt\\\/produktas\\\/viga-mediniu-magnetu-rinkinys-gyvunai-20-daliu\\\/#breadcrumb\"},\"inLanguage\":\"lv-LV\",\"potentialAction\":[{\"@type\":\"ReadAction\",\"target\":[\"https:\\\/\\\/kidsplay.lt\\\/produktas\\\/viga-mediniu-magnetu-rinkinys-gyvunai-20-daliu\\\/\"]}]},{\"@type\":\"ImageObject\",\"inLanguage\":\"lv-LV\",\"@id\":\"https:\\\/\\\/kidsplay.lt\\\/produktas\\\/viga-mediniu-magnetu-rinkinys-gyvunai-20-daliu\\\/#primaryimage\",\"url\":\"https:\\\/\\\/kidsplay.lt\\\/wp-content\\\/uploads\\\/2026\\\/04\\\/VIGA-mediniu-magnetu-rinkinys-\u201eGyvunai-20-daliu.jpg\",\"contentUrl\":\"https:\\\/\\\/kidsplay.lt\\\/wp-content\\\/uploads\\\/2026\\\/04\\\/VIGA-mediniu-magnetu-rinkinys-\u201eGyvunai-20-daliu.jpg\",\"width\":1000,\"height\":1000,\"caption\":\"VIGA medini\u0173 magnet\u0173 rinkinys \u201eGyv\u016bnai\u201c\"},{\"@type\":\"BreadcrumbList\",\"@id\":\"https:\\\/\\\/kidsplay.lt\\\/produktas\\\/viga-mediniu-magnetu-rinkinys-gyvunai-20-daliu\\\/#breadcrumb\",\"itemListElement\":[{\"@type\":\"ListItem\",\"position\":1,\"name\":\"Pagrindinis\",\"item\":\"https:\\\/\\\/kidsplay.lt\\\/\"},{\"@type\":\"ListItem\",\"position\":2,\"name\":\"Parduotuv\u0117\",\"item\":\"https:\\\/\\\/kidsplay.lt\\\/parduotuve\\\/\"},{\"@type\":\"ListItem\",\"position\":3,\"name\":\"VIGA medini\u0173 magnet\u0173 rinkinys \u201eGyv\u016bnai\u201c, 20 dali\u0173\"}]},{\"@type\":\"WebSite\",\"@id\":\"https:\\\/\\\/kidsplay.lt\\\/#website\",\"url\":\"https:\\\/\\\/kidsplay.lt\\\/\",\"name\":\"Kidsplay.lt\",\"description\":\"\u012evairios prek\u0117s vaikams\",\"publisher\":{\"@id\":\"https:\\\/\\\/kidsplay.lt\\\/#organization\"},\"alternateName\":\"Kidsplay\",\"potentialAction\":[{\"@type\":\"SearchAction\",\"target\":{\"@type\":\"EntryPoint\",\"urlTemplate\":\"https:\\\/\\\/kidsplay.lt\\\/?s={search_term_string}\"},\"query-input\":{\"@type\":\"PropertyValueSpecification\",\"valueRequired\":true,\"valueName\":\"search_term_string\"}}],\"inLanguage\":\"lv-LV\"},{\"@type\":\"Organization\",\"@id\":\"https:\\\/\\\/kidsplay.lt\\\/#organization\",\"name\":\"KidsPlay\",\"url\":\"https:\\\/\\\/kidsplay.lt\\\/\",\"logo\":{\"@type\":\"ImageObject\",\"inLanguage\":\"lv-LV\",\"@id\":\"https:\\\/\\\/kidsplay.lt\\\/#\\\/schema\\\/logo\\\/image\\\/\",\"url\":\"https:\\\/\\\/kidsplay.lt\\\/wp-content\\\/uploads\\\/2023\\\/07\\\/kidsplay-logo.png\",\"contentUrl\":\"https:\\\/\\\/kidsplay.lt\\\/wp-content\\\/uploads\\\/2023\\\/07\\\/kidsplay-logo.png\",\"width\":451,\"height\":98,\"caption\":\"KidsPlay\"},\"image\":{\"@id\":\"https:\\\/\\\/kidsplay.lt\\\/#\\\/schema\\\/logo\\\/image\\\/\"},\"sameAs\":[\"https:\\\/\\\/www.facebook.com\\\/www.kidsplay.lt\"]}]}<\/script>\n<!-- \/ Yoast SEO plugin. -->","yoast_head_json":{"title":"VIGA koka magn\u0113tu komplekts &quot;Dz\u012bvnieki&quot;, 20 gabali","description":"VIGA medini\u0173 magnet\u0173 rinkinys \u201eGyv\u016bnai\u201c, 20 dali\u0173 - KidsPlay. Did\u017eiausias vaik\u0173 \u017eaisl\u0173 pasirinkimas.","robots":{"index":"index","follow":"follow","max-snippet":"max-snippet:-1","max-image-preview":"max-image-preview:large","max-video-preview":"max-video-preview:-1"},"canonical":"https:\/\/kidsplay.lt\/lv\/products\/viga-mediniu-magnetu-rinkinys-gyvunai-20-daliu\/","og_locale":"lv_LV","og_type":"article","og_title":"VIGA medini\u0173 magnet\u0173 rinkinys \u201eGyv\u016bnai\u201c, 20 dali\u0173","og_description":"VIGA medini\u0173 magnet\u0173 rinkinys \u201eGyv\u016bnai\u201c, 20 dali\u0173 - KidsPlay. Did\u017eiausias vaik\u0173 \u017eaisl\u0173 pasirinkimas.","og_url":"https:\/\/kidsplay.lt\/lv\/products\/viga-mediniu-magnetu-rinkinys-gyvunai-20-daliu\/","og_site_name":"KidsPlay","article_publisher":"https:\/\/www.facebook.com\/www.kidsplay.lt","article_modified_time":"2026-04-21T15:30:15+00:00","og_image":[{"width":1000,"height":1000,"url":"https:\/\/kidsplay.lt\/wp-content\/uploads\/2026\/04\/VIGA-mediniu-magnetu-rinkinys-\u201eGyvunai-20-daliu.jpg","type":"image\/jpeg"}],"twitter_card":"summary_large_image","twitter_misc":{"Est. reading time":"1 min\u016bte"},"schema":{"@context":"https:\/\/schema.org","@graph":[{"@type":"WebPage","@id":"https:\/\/kidsplay.lt\/produktas\/viga-mediniu-magnetu-rinkinys-gyvunai-20-daliu\/","url":"https:\/\/kidsplay.lt\/produktas\/viga-mediniu-magnetu-rinkinys-gyvunai-20-daliu\/","name":"VIGA koka magn\u0113tu komplekts &quot;Dz\u012bvnieki&quot;, 20 gabali","isPartOf":{"@id":"https:\/\/kidsplay.lt\/#website"},"primaryImageOfPage":{"@id":"https:\/\/kidsplay.lt\/produktas\/viga-mediniu-magnetu-rinkinys-gyvunai-20-daliu\/#primaryimage"},"image":{"@id":"https:\/\/kidsplay.lt\/produktas\/viga-mediniu-magnetu-rinkinys-gyvunai-20-daliu\/#primaryimage"},"thumbnailUrl":"https:\/\/kidsplay.lt\/wp-content\/uploads\/2026\/04\/VIGA-mediniu-magnetu-rinkinys-\u201eGyvunai-20-daliu.jpg","datePublished":"2026-04-13T10:38:05+00:00","dateModified":"2026-04-21T15:30:15+00:00","description":"VIGA medini\u0173 magnet\u0173 rinkinys \u201eGyv\u016bnai\u201c, 20 dali\u0173 - KidsPlay. Did\u017eiausias vaik\u0173 \u017eaisl\u0173 pasirinkimas.","breadcrumb":{"@id":"https:\/\/kidsplay.lt\/produktas\/viga-mediniu-magnetu-rinkinys-gyvunai-20-daliu\/#breadcrumb"},"inLanguage":"lv-LV","potentialAction":[{"@type":"ReadAction","target":["https:\/\/kidsplay.lt\/produktas\/viga-mediniu-magnetu-rinkinys-gyvunai-20-daliu\/"]}]},{"@type":"ImageObject","inLanguage":"lv-LV","@id":"https:\/\/kidsplay.lt\/produktas\/viga-mediniu-magnetu-rinkinys-gyvunai-20-daliu\/#primaryimage","url":"https:\/\/kidsplay.lt\/wp-content\/uploads\/2026\/04\/VIGA-mediniu-magnetu-rinkinys-\u201eGyvunai-20-daliu.jpg","contentUrl":"https:\/\/kidsplay.lt\/wp-content\/uploads\/2026\/04\/VIGA-mediniu-magnetu-rinkinys-\u201eGyvunai-20-daliu.jpg","width":1000,"height":1000,"caption":"VIGA medini\u0173 magnet\u0173 rinkinys \u201eGyv\u016bnai\u201c"},{"@type":"BreadcrumbList","@id":"https:\/\/kidsplay.lt\/produktas\/viga-mediniu-magnetu-rinkinys-gyvunai-20-daliu\/#breadcrumb","itemListElement":[{"@type":"ListItem","position":1,"name":"Pagrindinis","item":"https:\/\/kidsplay.lt\/"},{"@type":"ListItem","position":2,"name":"Parduotuv\u0117","item":"https:\/\/kidsplay.lt\/parduotuve\/"},{"@type":"ListItem","position":3,"name":"VIGA medini\u0173 magnet\u0173 rinkinys \u201eGyv\u016bnai\u201c, 20 dali\u0173"}]},{"@type":"WebSite","@id":"https:\/\/kidsplay.lt\/#website","url":"https:\/\/kidsplay.lt\/","name":"B\u0113rnu sp\u0113les.lv","description":"\u012evairios prek\u0117s vaikams","publisher":{"@id":"https:\/\/kidsplay.lt\/#organization"},"alternateName":"Kidsplay","potentialAction":[{"@type":"SearchAction","target":{"@type":"EntryPoint","urlTemplate":"https:\/\/kidsplay.lt\/?s={search_term_string}"},"query-input":{"@type":"PropertyValueSpecification","valueRequired":true,"valueName":"search_term_string"}}],"inLanguage":"lv-LV"},{"@type":"Organization","@id":"https:\/\/kidsplay.lt\/#organization","name":"B\u0113rnu sp\u0113le","url":"https:\/\/kidsplay.lt\/","logo":{"@type":"ImageObject","inLanguage":"lv-LV","@id":"https:\/\/kidsplay.lt\/#\/schema\/logo\/image\/","url":"https:\/\/kidsplay.lt\/wp-content\/uploads\/2023\/07\/kidsplay-logo.png","contentUrl":"https:\/\/kidsplay.lt\/wp-content\/uploads\/2023\/07\/kidsplay-logo.png","width":451,"height":98,"caption":"KidsPlay"},"image":{"@id":"https:\/\/kidsplay.lt\/#\/schema\/logo\/image\/"},"sameAs":["https:\/\/www.facebook.com\/www.kidsplay.lt"]}]}},"_links":{"self":[{"href":"https:\/\/kidsplay.lt\/lv\/wp-json\/wp\/v2\/product\/104589","targetHints":{"allow":["GET"]}}],"collection":[{"href":"https:\/\/kidsplay.lt\/lv\/wp-json\/wp\/v2\/product"}],"about":[{"href":"https:\/\/kidsplay.lt\/lv\/wp-json\/wp\/v2\/types\/product"}],"version-history":[{"count":1,"href":"https:\/\/kidsplay.lt\/lv\/wp-json\/wp\/v2\/product\/104589\/revisions"}],"predecessor-version":[{"id":104590,"href":"https:\/\/kidsplay.lt\/lv\/wp-json\/wp\/v2\/product\/104589\/revisions\/104590"}],"wp:featuredmedia":[{"embeddable":true,"href":"https:\/\/kidsplay.lt\/lv\/wp-json\/wp\/v2\/media\/104591"}],"wp:attachment":[{"href":"https:\/\/kidsplay.lt\/lv\/wp-json\/wp\/v2\/media?parent=104589"}],"wp:term":[{"taxonomy":"product_brand","embeddable":true,"href":"https:\/\/kidsplay.lt\/lv\/wp-json\/wp\/v2\/product_brand?post=104589"},{"taxonomy":"product_cat","embeddable":true,"href":"https:\/\/kidsplay.lt\/lv\/wp-json\/wp\/v2\/product_cat?post=104589"},{"taxonomy":"product_tag","embeddable":true,"href":"https:\/\/kidsplay.lt\/lv\/wp-json\/wp\/v2\/product_tag?post=104589"}],"curies":[{"name":"wp","href":"https:\/\/api.w.org\/{rel}","templated":true}]}}