{"id":104596,"date":"2026-04-13T13:38:27","date_gmt":"2026-04-13T10:38:27","guid":{"rendered":"https:\/\/kidsplay.lt\/produktas\/viga-mediniu-edukaciniu-kaladeliu-rinkinys-100-vnt-su-skaiciais-ir-raidemis\/"},"modified":"2026-04-18T18:30:02","modified_gmt":"2026-04-18T15:30:02","slug":"viga-mediniu-edukaciniu-kaladeliu-rinkinys-100-vnt-su-skaiciais-ir-raidemis","status":"publish","type":"product","link":"https:\/\/kidsplay.lt\/lv\/products\/viga-mediniu-edukaciniu-kaladeliu-rinkinys-100-vnt-su-skaiciais-ir-raidemis\/","title":{"rendered":"VIGA koka izgl\u012btojo\u0161o kluc\u012b\u0161u komplekts, 100 gab., ar cipariem un burtiem"},"content":{"rendered":"<p>Atraskite magi\u0161k\u0105 k\u016brybinio \u017eaidimo pasaul\u012f su spalvingais mediniais blokeliais i\u0161 Viga, kurie j\u016bs\u0173 vaik\u0105 su\u017eav\u0117s valandoms! \u0160is unikalus rinkinys \u2013 tikras \u017eini\u0173 lobynas, leid\u017eiantis ma\u017eyliams linksmai mokytis ab\u0117c\u0117l\u0117s ir skai\u010diavimo iki de\u0161imties paslap\u010di\u0173, tuo pa\u010diu nevar\u017eomai kurti \u017eavingus miestus ir unikalius statinius. Tikras Montessori dvasios pavyzdys \u2013 \u0161ie elementai puikiai sujungia d\u017eiaugsming\u0105 \u017eaidim\u0105 su efektyviu mokymusi, palaikydami kasdien\u012f verting\u0173 \u012fg\u016bd\u017ei\u0173 vystym\u0105 kiekviename vaike.<br \/>\nRaksturojums:<\/p>\n<p> \tSkirta vaikams nuo 24 m\u0117nesi\u0173<br \/>\n \tElementai pagaminti i\u0161 visi\u0161kai tvirto med\u017eio, pasi\u017eymi precizi\u0161ku apdailos atlikimu<br \/>\n \tPadengti saugiais, netoksi\u0161kais da\u017eais gra\u017eiomis, ry\u0161kiomis spalvomis<br \/>\n \t\u012evairi\u0173 form\u0173 elementai palengvina laisv\u0105 statym\u0105<\/p>\n<p>Komplekt\u0101 ietilpst:<\/p>\n<p> \t100 edukacini\u0173 medini\u0173 blokeli\u0173 su sud\u0117jimo, atimties, daugybos \u017eenklais, taip pat skai\u010diais ir raid\u0117mis<br \/>\n \tPatogus plastikinis kibiras su rankena, skirtas patogiam laikymui ir ne\u0161iojimui<br \/>\n \tSpecialus lankstinukas su \u012fdomiomis id\u0117jomis, skatinan\u010diomis k\u016brybi\u0161k\u0105 d\u0117liojim\u0105<\/p>","protected":false},"excerpt":{"rendered":"<p>Atraskite magi\u0161k\u0105 k\u016brybinio \u017eaidimo pasaul\u012f su spalvingais mediniais blokeliais i\u0161 Viga, kurie j\u016bs\u0173 vaik\u0105 su\u017eav\u0117s valandoms! \u0160is unikalus rinkinys \u2013<\/p>","protected":false},"featured_media":104598,"template":"","meta":{"_acf_changed":false,"_glsr_average":0,"_glsr_ranking":0,"_glsr_reviews":0},"product_brand":[],"product_cat":[884,883],"product_tag":[],"class_list":{"0":"post-104596","1":"product","2":"type-product","3":"status-publish","4":"has-post-thumbnail","6":"product_cat-edukaciniai-lavinamieji-mediniai-zaislai","7":"product_cat-mediniai-zaislai-2","8":"\"style=\"background-color: #2ecc711c;\"","10":"first","11":"instock","12":"purchasable","13":"product-type-simple"},"acf":[],"yoast_head":"<!-- This site is optimized with the Yoast SEO plugin v27.4 - https:\/\/yoast.com\/product\/yoast-seo-wordpress\/ -->\n<title>VIGA medini\u0173 edukacini\u0173 kalad\u0117li\u0173 rinkinys, 100 vnt., su skai\u010diais ir raid\u0117mis<\/title>\n<meta name=\"description\" content=\"VIGA medini\u0173 edukacini\u0173 kalad\u0117li\u0173 rinkinys, 100 vnt., su skai\u010diais ir raid\u0117mis - KidsPlay. Did\u017eiausias vaik\u0173 \u017eaisl\u0173 pasirinkimas.\" \/>\n<meta name=\"robots\" content=\"index, follow, max-snippet:-1, max-image-preview:large, max-video-preview:-1\" \/>\n<link rel=\"canonical\" href=\"https:\/\/kidsplay.lt\/lv\/products\/viga-mediniu-edukaciniu-kaladeliu-rinkinys-100-vnt-su-skaiciais-ir-raidemis\/\" \/>\n<meta property=\"og:locale\" content=\"lv_LV\" \/>\n<meta property=\"og:type\" content=\"article\" \/>\n<meta property=\"og:title\" content=\"VIGA medini\u0173 edukacini\u0173 kalad\u0117li\u0173 rinkinys, 100 vnt., su skai\u010diais ir raid\u0117mis\" \/>\n<meta property=\"og:description\" content=\"VIGA medini\u0173 edukacini\u0173 kalad\u0117li\u0173 rinkinys, 100 vnt., su skai\u010diais ir raid\u0117mis - KidsPlay. Did\u017eiausias vaik\u0173 \u017eaisl\u0173 pasirinkimas.\" \/>\n<meta property=\"og:url\" content=\"https:\/\/kidsplay.lt\/lv\/products\/viga-mediniu-edukaciniu-kaladeliu-rinkinys-100-vnt-su-skaiciais-ir-raidemis\/\" \/>\n<meta property=\"og:site_name\" content=\"KidsPlay\" \/>\n<meta property=\"article:publisher\" content=\"https:\/\/www.facebook.com\/www.kidsplay.lt\" \/>\n<meta property=\"article:modified_time\" content=\"2026-04-18T15:30:02+00:00\" \/>\n<meta property=\"og:image\" content=\"https:\/\/kidsplay.lt\/wp-content\/uploads\/2026\/04\/VIGA-mediniu-edukaciniu-kaladeliu-rinkinys-100-vnt.-su-skaiciais-ir-raidemis.jpg\" \/>\n\t<meta property=\"og:image:width\" content=\"1161\" \/>\n\t<meta property=\"og:image:height\" content=\"1161\" \/>\n\t<meta property=\"og:image:type\" content=\"image\/jpeg\" \/>\n<meta name=\"twitter:card\" content=\"summary_large_image\" \/>\n<meta name=\"twitter:label1\" content=\"Est. reading time\" \/>\n\t<meta name=\"twitter:data1\" content=\"1 min\u016bte\" \/>\n<script type=\"application\/ld+json\" class=\"yoast-schema-graph\">{\"@context\":\"https:\\\/\\\/schema.org\",\"@graph\":[{\"@type\":\"WebPage\",\"@id\":\"https:\\\/\\\/kidsplay.lt\\\/produktas\\\/viga-mediniu-edukaciniu-kaladeliu-rinkinys-100-vnt-su-skaiciais-ir-raidemis\\\/\",\"url\":\"https:\\\/\\\/kidsplay.lt\\\/produktas\\\/viga-mediniu-edukaciniu-kaladeliu-rinkinys-100-vnt-su-skaiciais-ir-raidemis\\\/\",\"name\":\"VIGA medini\u0173 edukacini\u0173 kalad\u0117li\u0173 rinkinys, 100 vnt., su skai\u010diais ir raid\u0117mis\",\"isPartOf\":{\"@id\":\"https:\\\/\\\/kidsplay.lt\\\/#website\"},\"primaryImageOfPage\":{\"@id\":\"https:\\\/\\\/kidsplay.lt\\\/produktas\\\/viga-mediniu-edukaciniu-kaladeliu-rinkinys-100-vnt-su-skaiciais-ir-raidemis\\\/#primaryimage\"},\"image\":{\"@id\":\"https:\\\/\\\/kidsplay.lt\\\/produktas\\\/viga-mediniu-edukaciniu-kaladeliu-rinkinys-100-vnt-su-skaiciais-ir-raidemis\\\/#primaryimage\"},\"thumbnailUrl\":\"https:\\\/\\\/kidsplay.lt\\\/wp-content\\\/uploads\\\/2026\\\/04\\\/VIGA-mediniu-edukaciniu-kaladeliu-rinkinys-100-vnt.-su-skaiciais-ir-raidemis.jpg\",\"datePublished\":\"2026-04-13T10:38:27+00:00\",\"dateModified\":\"2026-04-18T15:30:02+00:00\",\"description\":\"VIGA medini\u0173 edukacini\u0173 kalad\u0117li\u0173 rinkinys, 100 vnt., su skai\u010diais ir raid\u0117mis - KidsPlay. Did\u017eiausias vaik\u0173 \u017eaisl\u0173 pasirinkimas.\",\"breadcrumb\":{\"@id\":\"https:\\\/\\\/kidsplay.lt\\\/produktas\\\/viga-mediniu-edukaciniu-kaladeliu-rinkinys-100-vnt-su-skaiciais-ir-raidemis\\\/#breadcrumb\"},\"inLanguage\":\"lv-LV\",\"potentialAction\":[{\"@type\":\"ReadAction\",\"target\":[\"https:\\\/\\\/kidsplay.lt\\\/produktas\\\/viga-mediniu-edukaciniu-kaladeliu-rinkinys-100-vnt-su-skaiciais-ir-raidemis\\\/\"]}]},{\"@type\":\"ImageObject\",\"inLanguage\":\"lv-LV\",\"@id\":\"https:\\\/\\\/kidsplay.lt\\\/produktas\\\/viga-mediniu-edukaciniu-kaladeliu-rinkinys-100-vnt-su-skaiciais-ir-raidemis\\\/#primaryimage\",\"url\":\"https:\\\/\\\/kidsplay.lt\\\/wp-content\\\/uploads\\\/2026\\\/04\\\/VIGA-mediniu-edukaciniu-kaladeliu-rinkinys-100-vnt.-su-skaiciais-ir-raidemis.jpg\",\"contentUrl\":\"https:\\\/\\\/kidsplay.lt\\\/wp-content\\\/uploads\\\/2026\\\/04\\\/VIGA-mediniu-edukaciniu-kaladeliu-rinkinys-100-vnt.-su-skaiciais-ir-raidemis.jpg\",\"width\":1161,\"height\":1161,\"caption\":\"VIGA medini\u0173 edukacini\u0173 kalad\u0117li\u0173 rinkinys\"},{\"@type\":\"BreadcrumbList\",\"@id\":\"https:\\\/\\\/kidsplay.lt\\\/produktas\\\/viga-mediniu-edukaciniu-kaladeliu-rinkinys-100-vnt-su-skaiciais-ir-raidemis\\\/#breadcrumb\",\"itemListElement\":[{\"@type\":\"ListItem\",\"position\":1,\"name\":\"Pagrindinis\",\"item\":\"https:\\\/\\\/kidsplay.lt\\\/\"},{\"@type\":\"ListItem\",\"position\":2,\"name\":\"Parduotuv\u0117\",\"item\":\"https:\\\/\\\/kidsplay.lt\\\/parduotuve\\\/\"},{\"@type\":\"ListItem\",\"position\":3,\"name\":\"VIGA medini\u0173 edukacini\u0173 kalad\u0117li\u0173 rinkinys, 100 vnt., su skai\u010diais ir raid\u0117mis\"}]},{\"@type\":\"WebSite\",\"@id\":\"https:\\\/\\\/kidsplay.lt\\\/#website\",\"url\":\"https:\\\/\\\/kidsplay.lt\\\/\",\"name\":\"Kidsplay.lt\",\"description\":\"\u012evairios prek\u0117s vaikams\",\"publisher\":{\"@id\":\"https:\\\/\\\/kidsplay.lt\\\/#organization\"},\"alternateName\":\"Kidsplay\",\"potentialAction\":[{\"@type\":\"SearchAction\",\"target\":{\"@type\":\"EntryPoint\",\"urlTemplate\":\"https:\\\/\\\/kidsplay.lt\\\/?s={search_term_string}\"},\"query-input\":{\"@type\":\"PropertyValueSpecification\",\"valueRequired\":true,\"valueName\":\"search_term_string\"}}],\"inLanguage\":\"lv-LV\"},{\"@type\":\"Organization\",\"@id\":\"https:\\\/\\\/kidsplay.lt\\\/#organization\",\"name\":\"KidsPlay\",\"url\":\"https:\\\/\\\/kidsplay.lt\\\/\",\"logo\":{\"@type\":\"ImageObject\",\"inLanguage\":\"lv-LV\",\"@id\":\"https:\\\/\\\/kidsplay.lt\\\/#\\\/schema\\\/logo\\\/image\\\/\",\"url\":\"https:\\\/\\\/kidsplay.lt\\\/wp-content\\\/uploads\\\/2023\\\/07\\\/kidsplay-logo.png\",\"contentUrl\":\"https:\\\/\\\/kidsplay.lt\\\/wp-content\\\/uploads\\\/2023\\\/07\\\/kidsplay-logo.png\",\"width\":451,\"height\":98,\"caption\":\"KidsPlay\"},\"image\":{\"@id\":\"https:\\\/\\\/kidsplay.lt\\\/#\\\/schema\\\/logo\\\/image\\\/\"},\"sameAs\":[\"https:\\\/\\\/www.facebook.com\\\/www.kidsplay.lt\"]}]}<\/script>\n<!-- \/ Yoast SEO plugin. -->","yoast_head_json":{"title":"VIGA koka izgl\u012btojo\u0161o kluc\u012b\u0161u komplekts, 100 gab., ar cipariem un burtiem","description":"VIGA medini\u0173 edukacini\u0173 kalad\u0117li\u0173 rinkinys, 100 vnt., su skai\u010diais ir raid\u0117mis - KidsPlay. Did\u017eiausias vaik\u0173 \u017eaisl\u0173 pasirinkimas.","robots":{"index":"index","follow":"follow","max-snippet":"max-snippet:-1","max-image-preview":"max-image-preview:large","max-video-preview":"max-video-preview:-1"},"canonical":"https:\/\/kidsplay.lt\/lv\/products\/viga-mediniu-edukaciniu-kaladeliu-rinkinys-100-vnt-su-skaiciais-ir-raidemis\/","og_locale":"lv_LV","og_type":"article","og_title":"VIGA medini\u0173 edukacini\u0173 kalad\u0117li\u0173 rinkinys, 100 vnt., su skai\u010diais ir raid\u0117mis","og_description":"VIGA medini\u0173 edukacini\u0173 kalad\u0117li\u0173 rinkinys, 100 vnt., su skai\u010diais ir raid\u0117mis - KidsPlay. Did\u017eiausias vaik\u0173 \u017eaisl\u0173 pasirinkimas.","og_url":"https:\/\/kidsplay.lt\/lv\/products\/viga-mediniu-edukaciniu-kaladeliu-rinkinys-100-vnt-su-skaiciais-ir-raidemis\/","og_site_name":"KidsPlay","article_publisher":"https:\/\/www.facebook.com\/www.kidsplay.lt","article_modified_time":"2026-04-18T15:30:02+00:00","og_image":[{"width":1161,"height":1161,"url":"https:\/\/kidsplay.lt\/wp-content\/uploads\/2026\/04\/VIGA-mediniu-edukaciniu-kaladeliu-rinkinys-100-vnt.-su-skaiciais-ir-raidemis.jpg","type":"image\/jpeg"}],"twitter_card":"summary_large_image","twitter_misc":{"Est. reading time":"1 min\u016bte"},"schema":{"@context":"https:\/\/schema.org","@graph":[{"@type":"WebPage","@id":"https:\/\/kidsplay.lt\/produktas\/viga-mediniu-edukaciniu-kaladeliu-rinkinys-100-vnt-su-skaiciais-ir-raidemis\/","url":"https:\/\/kidsplay.lt\/produktas\/viga-mediniu-edukaciniu-kaladeliu-rinkinys-100-vnt-su-skaiciais-ir-raidemis\/","name":"VIGA koka izgl\u012btojo\u0161o kluc\u012b\u0161u komplekts, 100 gab., ar cipariem un burtiem","isPartOf":{"@id":"https:\/\/kidsplay.lt\/#website"},"primaryImageOfPage":{"@id":"https:\/\/kidsplay.lt\/produktas\/viga-mediniu-edukaciniu-kaladeliu-rinkinys-100-vnt-su-skaiciais-ir-raidemis\/#primaryimage"},"image":{"@id":"https:\/\/kidsplay.lt\/produktas\/viga-mediniu-edukaciniu-kaladeliu-rinkinys-100-vnt-su-skaiciais-ir-raidemis\/#primaryimage"},"thumbnailUrl":"https:\/\/kidsplay.lt\/wp-content\/uploads\/2026\/04\/VIGA-mediniu-edukaciniu-kaladeliu-rinkinys-100-vnt.-su-skaiciais-ir-raidemis.jpg","datePublished":"2026-04-13T10:38:27+00:00","dateModified":"2026-04-18T15:30:02+00:00","description":"VIGA medini\u0173 edukacini\u0173 kalad\u0117li\u0173 rinkinys, 100 vnt., su skai\u010diais ir raid\u0117mis - KidsPlay. Did\u017eiausias vaik\u0173 \u017eaisl\u0173 pasirinkimas.","breadcrumb":{"@id":"https:\/\/kidsplay.lt\/produktas\/viga-mediniu-edukaciniu-kaladeliu-rinkinys-100-vnt-su-skaiciais-ir-raidemis\/#breadcrumb"},"inLanguage":"lv-LV","potentialAction":[{"@type":"ReadAction","target":["https:\/\/kidsplay.lt\/produktas\/viga-mediniu-edukaciniu-kaladeliu-rinkinys-100-vnt-su-skaiciais-ir-raidemis\/"]}]},{"@type":"ImageObject","inLanguage":"lv-LV","@id":"https:\/\/kidsplay.lt\/produktas\/viga-mediniu-edukaciniu-kaladeliu-rinkinys-100-vnt-su-skaiciais-ir-raidemis\/#primaryimage","url":"https:\/\/kidsplay.lt\/wp-content\/uploads\/2026\/04\/VIGA-mediniu-edukaciniu-kaladeliu-rinkinys-100-vnt.-su-skaiciais-ir-raidemis.jpg","contentUrl":"https:\/\/kidsplay.lt\/wp-content\/uploads\/2026\/04\/VIGA-mediniu-edukaciniu-kaladeliu-rinkinys-100-vnt.-su-skaiciais-ir-raidemis.jpg","width":1161,"height":1161,"caption":"VIGA medini\u0173 edukacini\u0173 kalad\u0117li\u0173 rinkinys"},{"@type":"BreadcrumbList","@id":"https:\/\/kidsplay.lt\/produktas\/viga-mediniu-edukaciniu-kaladeliu-rinkinys-100-vnt-su-skaiciais-ir-raidemis\/#breadcrumb","itemListElement":[{"@type":"ListItem","position":1,"name":"Pagrindinis","item":"https:\/\/kidsplay.lt\/"},{"@type":"ListItem","position":2,"name":"Parduotuv\u0117","item":"https:\/\/kidsplay.lt\/parduotuve\/"},{"@type":"ListItem","position":3,"name":"VIGA medini\u0173 edukacini\u0173 kalad\u0117li\u0173 rinkinys, 100 vnt., su skai\u010diais ir raid\u0117mis"}]},{"@type":"WebSite","@id":"https:\/\/kidsplay.lt\/#website","url":"https:\/\/kidsplay.lt\/","name":"B\u0113rnu sp\u0113les.lv","description":"\u012evairios prek\u0117s vaikams","publisher":{"@id":"https:\/\/kidsplay.lt\/#organization"},"alternateName":"Kidsplay","potentialAction":[{"@type":"SearchAction","target":{"@type":"EntryPoint","urlTemplate":"https:\/\/kidsplay.lt\/?s={search_term_string}"},"query-input":{"@type":"PropertyValueSpecification","valueRequired":true,"valueName":"search_term_string"}}],"inLanguage":"lv-LV"},{"@type":"Organization","@id":"https:\/\/kidsplay.lt\/#organization","name":"B\u0113rnu sp\u0113le","url":"https:\/\/kidsplay.lt\/","logo":{"@type":"ImageObject","inLanguage":"lv-LV","@id":"https:\/\/kidsplay.lt\/#\/schema\/logo\/image\/","url":"https:\/\/kidsplay.lt\/wp-content\/uploads\/2023\/07\/kidsplay-logo.png","contentUrl":"https:\/\/kidsplay.lt\/wp-content\/uploads\/2023\/07\/kidsplay-logo.png","width":451,"height":98,"caption":"KidsPlay"},"image":{"@id":"https:\/\/kidsplay.lt\/#\/schema\/logo\/image\/"},"sameAs":["https:\/\/www.facebook.com\/www.kidsplay.lt"]}]}},"_links":{"self":[{"href":"https:\/\/kidsplay.lt\/lv\/wp-json\/wp\/v2\/product\/104596","targetHints":{"allow":["GET"]}}],"collection":[{"href":"https:\/\/kidsplay.lt\/lv\/wp-json\/wp\/v2\/product"}],"about":[{"href":"https:\/\/kidsplay.lt\/lv\/wp-json\/wp\/v2\/types\/product"}],"version-history":[{"count":1,"href":"https:\/\/kidsplay.lt\/lv\/wp-json\/wp\/v2\/product\/104596\/revisions"}],"predecessor-version":[{"id":104597,"href":"https:\/\/kidsplay.lt\/lv\/wp-json\/wp\/v2\/product\/104596\/revisions\/104597"}],"wp:featuredmedia":[{"embeddable":true,"href":"https:\/\/kidsplay.lt\/lv\/wp-json\/wp\/v2\/media\/104598"}],"wp:attachment":[{"href":"https:\/\/kidsplay.lt\/lv\/wp-json\/wp\/v2\/media?parent=104596"}],"wp:term":[{"taxonomy":"product_brand","embeddable":true,"href":"https:\/\/kidsplay.lt\/lv\/wp-json\/wp\/v2\/product_brand?post=104596"},{"taxonomy":"product_cat","embeddable":true,"href":"https:\/\/kidsplay.lt\/lv\/wp-json\/wp\/v2\/product_cat?post=104596"},{"taxonomy":"product_tag","embeddable":true,"href":"https:\/\/kidsplay.lt\/lv\/wp-json\/wp\/v2\/product_tag?post=104596"}],"curies":[{"name":"wp","href":"https:\/\/api.w.org\/{rel}","templated":true}]}}