{"id":104610,"date":"2026-04-13T13:39:06","date_gmt":"2026-04-13T10:39:06","guid":{"rendered":"https:\/\/kidsplay.lt\/produktas\/viga-medinis-aklas-zaidimas-piesimas-pagal-sablonus\/"},"modified":"2026-04-13T13:39:25","modified_gmt":"2026-04-13T10:39:25","slug":"viga-medinis-aklas-zaidimas-piesimas-pagal-sablonus","status":"publish","type":"product","link":"https:\/\/kidsplay.lt\/lv\/products\/viga-medinis-aklas-zaidimas-piesimas-pagal-sablonus\/","title":{"rendered":"VIGA medinis \u201eaklas\u201c \u017eaidimas \u2013 pie\u0161imas pagal \u0161ablonus"},"content":{"rendered":"<p>\u201eAklas \u017eaidimas\u201c su medin\u0117mis kalad\u0117l\u0117mis i\u0161 \u017einomo Viga prek\u0117s \u017eenklo yra puikus pasirinkimas vaikams nuo 3 met\u0173. Su 20 spalving\u0173 detali\u0173 ir \u017eaidimo kortel\u0117mis kiekvienas vaikas gali m\u0117gautis sp\u0117liojimu, derinimu ir r\u016b\u0161iavimu lie\u010diant, taip skatinant smalsum\u0105 ir k\u016brybi\u0161kum\u0105. \u0160is unikalus \u201eliesti ir atsp\u0117ti\u201c \u017eaidimas lavina ne tik lyt\u0117jimo poj\u016bt\u012f, bet ir atmint\u012f bei pastabum\u0105, suteikdamas valand\u0173 valandas smagaus \u017eaidimo. Puikiai tinka tiek savaranki\u0161kam, tiek grupiniam \u017eaidimui \u2013 namuose ar dar\u017eelyje. Tvirta medin\u0117 konstrukcija u\u017etikrina ilgaam\u017ei\u0161kum\u0105 ir saugum\u0105.<br \/>\nFunkcijas:<\/p>\n<p> \tMedini\u0173 kalad\u0117li\u0173 ir korteli\u0173 rinkinys \u201eAklas \u017eaidimas\u201c<br \/>\n \tB\u0113rniem no 3 gadu vecuma<br \/>\n \tLyt\u0117jimo \u017eaidimas (\u201eliesti ir atsp\u0117ti\u201c) skatina sensorin\u012f mokym\u0105si<br \/>\n \tGalima \u017eaisti vienam arba grup\u0117je<br \/>\n \tAuk\u0161tos kokyb\u0117s mediena, saugus ir patvarus gaminys<\/p>\n<p>Rinkin\u012f sudaro:<\/p>\n<p> \t20 spalvot\u0173 medini\u0173 kalad\u0117li\u0173<br \/>\n \t20 derinimo ir sp\u0117jimo korteli\u0173<br \/>\n \tPakuot\u0117 su anga \u201eliesti ir atsp\u0117ti\u201c \u017eaidimui<\/p>","protected":false},"excerpt":{"rendered":"<p>\u201eAklas \u017eaidimas\u201c su medin\u0117mis kalad\u0117l\u0117mis i\u0161 \u017einomo Viga prek\u0117s \u017eenklo yra puikus pasirinkimas vaikams nuo 3 met\u0173. Su 20 spalving\u0173<\/p>","protected":false},"featured_media":104612,"template":"","meta":{"_acf_changed":false,"_glsr_average":0,"_glsr_ranking":0,"_glsr_reviews":0},"product_brand":[],"product_cat":[884,883],"product_tag":[],"class_list":{"0":"post-104610","1":"product","2":"type-product","3":"status-publish","4":"has-post-thumbnail","6":"product_cat-edukaciniai-lavinamieji-mediniai-zaislai","7":"product_cat-mediniai-zaislai-2","8":"\"style=\"background-color: #2ecc711c;\"","10":"first","11":"instock","12":"purchasable","13":"product-type-simple"},"acf":[],"yoast_head":"<!-- This site is optimized with the Yoast SEO plugin v27.3 - https:\/\/yoast.com\/product\/yoast-seo-wordpress\/ -->\n<title>VIGA medinis \u201eaklas\u201c \u017eaidimas \u2013 pie\u0161imas pagal \u0161ablonus<\/title>\n<meta name=\"description\" content=\"VIGA medinis \u201eaklas\u201c \u017eaidimas \u2013 pie\u0161imas pagal \u0161ablonus - KidsPlay. Did\u017eiausias vaik\u0173 \u017eaisl\u0173 pasirinkimas.\" \/>\n<meta name=\"robots\" content=\"index, follow, max-snippet:-1, max-image-preview:large, max-video-preview:-1\" \/>\n<link rel=\"canonical\" href=\"https:\/\/kidsplay.lt\/lv\/products\/viga-medinis-aklas-zaidimas-piesimas-pagal-sablonus\/\" \/>\n<meta property=\"og:locale\" content=\"lv_LV\" \/>\n<meta property=\"og:type\" content=\"article\" \/>\n<meta property=\"og:title\" content=\"VIGA medinis \u201eaklas\u201c \u017eaidimas \u2013 pie\u0161imas pagal \u0161ablonus\" \/>\n<meta property=\"og:description\" content=\"VIGA medinis \u201eaklas\u201c \u017eaidimas \u2013 pie\u0161imas pagal \u0161ablonus - KidsPlay. Did\u017eiausias vaik\u0173 \u017eaisl\u0173 pasirinkimas.\" \/>\n<meta property=\"og:url\" content=\"https:\/\/kidsplay.lt\/lv\/products\/viga-medinis-aklas-zaidimas-piesimas-pagal-sablonus\/\" \/>\n<meta property=\"og:site_name\" content=\"KidsPlay\" \/>\n<meta property=\"article:publisher\" content=\"https:\/\/www.facebook.com\/www.kidsplay.lt\" \/>\n<meta property=\"article:modified_time\" content=\"2026-04-13T10:39:25+00:00\" \/>\n<meta property=\"og:image\" content=\"https:\/\/kidsplay.lt\/wp-content\/uploads\/2026\/04\/VIGA-medinis-\u201eaklas-zaidimas-\u2013-piesimas-pagal-sablonus.jpg\" \/>\n\t<meta property=\"og:image:width\" content=\"1000\" \/>\n\t<meta property=\"og:image:height\" content=\"1000\" \/>\n\t<meta property=\"og:image:type\" content=\"image\/jpeg\" \/>\n<meta name=\"twitter:card\" content=\"summary_large_image\" \/>\n<meta name=\"twitter:label1\" content=\"Est. reading time\" \/>\n\t<meta name=\"twitter:data1\" content=\"1 min\u016bte\" \/>\n<script type=\"application\/ld+json\" class=\"yoast-schema-graph\">{\"@context\":\"https:\\\/\\\/schema.org\",\"@graph\":[{\"@type\":\"WebPage\",\"@id\":\"https:\\\/\\\/kidsplay.lt\\\/produktas\\\/viga-medinis-aklas-zaidimas-piesimas-pagal-sablonus\\\/\",\"url\":\"https:\\\/\\\/kidsplay.lt\\\/produktas\\\/viga-medinis-aklas-zaidimas-piesimas-pagal-sablonus\\\/\",\"name\":\"VIGA medinis \u201eaklas\u201c \u017eaidimas \u2013 pie\u0161imas pagal \u0161ablonus\",\"isPartOf\":{\"@id\":\"https:\\\/\\\/kidsplay.lt\\\/#website\"},\"primaryImageOfPage\":{\"@id\":\"https:\\\/\\\/kidsplay.lt\\\/produktas\\\/viga-medinis-aklas-zaidimas-piesimas-pagal-sablonus\\\/#primaryimage\"},\"image\":{\"@id\":\"https:\\\/\\\/kidsplay.lt\\\/produktas\\\/viga-medinis-aklas-zaidimas-piesimas-pagal-sablonus\\\/#primaryimage\"},\"thumbnailUrl\":\"https:\\\/\\\/kidsplay.lt\\\/wp-content\\\/uploads\\\/2026\\\/04\\\/VIGA-medinis-\u201eaklas-zaidimas-\u2013-piesimas-pagal-sablonus.jpg\",\"datePublished\":\"2026-04-13T10:39:06+00:00\",\"dateModified\":\"2026-04-13T10:39:25+00:00\",\"description\":\"VIGA medinis \u201eaklas\u201c \u017eaidimas \u2013 pie\u0161imas pagal \u0161ablonus - KidsPlay. Did\u017eiausias vaik\u0173 \u017eaisl\u0173 pasirinkimas.\",\"breadcrumb\":{\"@id\":\"https:\\\/\\\/kidsplay.lt\\\/produktas\\\/viga-medinis-aklas-zaidimas-piesimas-pagal-sablonus\\\/#breadcrumb\"},\"inLanguage\":\"lv-LV\",\"potentialAction\":[{\"@type\":\"ReadAction\",\"target\":[\"https:\\\/\\\/kidsplay.lt\\\/produktas\\\/viga-medinis-aklas-zaidimas-piesimas-pagal-sablonus\\\/\"]}]},{\"@type\":\"ImageObject\",\"inLanguage\":\"lv-LV\",\"@id\":\"https:\\\/\\\/kidsplay.lt\\\/produktas\\\/viga-medinis-aklas-zaidimas-piesimas-pagal-sablonus\\\/#primaryimage\",\"url\":\"https:\\\/\\\/kidsplay.lt\\\/wp-content\\\/uploads\\\/2026\\\/04\\\/VIGA-medinis-\u201eaklas-zaidimas-\u2013-piesimas-pagal-sablonus.jpg\",\"contentUrl\":\"https:\\\/\\\/kidsplay.lt\\\/wp-content\\\/uploads\\\/2026\\\/04\\\/VIGA-medinis-\u201eaklas-zaidimas-\u2013-piesimas-pagal-sablonus.jpg\",\"width\":1000,\"height\":1000,\"caption\":\"VIGA medinis \u201eaklas\u201c \u017eaidimas \u2013 pie\u0161imas pagal \u0161ablonus\"},{\"@type\":\"BreadcrumbList\",\"@id\":\"https:\\\/\\\/kidsplay.lt\\\/produktas\\\/viga-medinis-aklas-zaidimas-piesimas-pagal-sablonus\\\/#breadcrumb\",\"itemListElement\":[{\"@type\":\"ListItem\",\"position\":1,\"name\":\"Pagrindinis\",\"item\":\"https:\\\/\\\/kidsplay.lt\\\/\"},{\"@type\":\"ListItem\",\"position\":2,\"name\":\"Parduotuv\u0117\",\"item\":\"https:\\\/\\\/kidsplay.lt\\\/parduotuve\\\/\"},{\"@type\":\"ListItem\",\"position\":3,\"name\":\"VIGA medinis \u201eaklas\u201c \u017eaidimas \u2013 pie\u0161imas pagal \u0161ablonus\"}]},{\"@type\":\"WebSite\",\"@id\":\"https:\\\/\\\/kidsplay.lt\\\/#website\",\"url\":\"https:\\\/\\\/kidsplay.lt\\\/\",\"name\":\"Kidsplay.lt\",\"description\":\"\u012evairios prek\u0117s vaikams\",\"publisher\":{\"@id\":\"https:\\\/\\\/kidsplay.lt\\\/#organization\"},\"alternateName\":\"Kidsplay\",\"potentialAction\":[{\"@type\":\"SearchAction\",\"target\":{\"@type\":\"EntryPoint\",\"urlTemplate\":\"https:\\\/\\\/kidsplay.lt\\\/?s={search_term_string}\"},\"query-input\":{\"@type\":\"PropertyValueSpecification\",\"valueRequired\":true,\"valueName\":\"search_term_string\"}}],\"inLanguage\":\"lv-LV\"},{\"@type\":\"Organization\",\"@id\":\"https:\\\/\\\/kidsplay.lt\\\/#organization\",\"name\":\"KidsPlay\",\"url\":\"https:\\\/\\\/kidsplay.lt\\\/\",\"logo\":{\"@type\":\"ImageObject\",\"inLanguage\":\"lv-LV\",\"@id\":\"https:\\\/\\\/kidsplay.lt\\\/#\\\/schema\\\/logo\\\/image\\\/\",\"url\":\"https:\\\/\\\/kidsplay.lt\\\/wp-content\\\/uploads\\\/2023\\\/07\\\/kidsplay-logo.png\",\"contentUrl\":\"https:\\\/\\\/kidsplay.lt\\\/wp-content\\\/uploads\\\/2023\\\/07\\\/kidsplay-logo.png\",\"width\":451,\"height\":98,\"caption\":\"KidsPlay\"},\"image\":{\"@id\":\"https:\\\/\\\/kidsplay.lt\\\/#\\\/schema\\\/logo\\\/image\\\/\"},\"sameAs\":[\"https:\\\/\\\/www.facebook.com\\\/www.kidsplay.lt\"]}]}<\/script>\n<!-- \/ Yoast SEO plugin. -->","yoast_head_json":{"title":"VIGA medinis \u201eaklas\u201c \u017eaidimas \u2013 pie\u0161imas pagal \u0161ablonus","description":"VIGA medinis \u201eaklas\u201c \u017eaidimas \u2013 pie\u0161imas pagal \u0161ablonus - KidsPlay. Did\u017eiausias vaik\u0173 \u017eaisl\u0173 pasirinkimas.","robots":{"index":"index","follow":"follow","max-snippet":"max-snippet:-1","max-image-preview":"max-image-preview:large","max-video-preview":"max-video-preview:-1"},"canonical":"https:\/\/kidsplay.lt\/lv\/products\/viga-medinis-aklas-zaidimas-piesimas-pagal-sablonus\/","og_locale":"lv_LV","og_type":"article","og_title":"VIGA medinis \u201eaklas\u201c \u017eaidimas \u2013 pie\u0161imas pagal \u0161ablonus","og_description":"VIGA medinis \u201eaklas\u201c \u017eaidimas \u2013 pie\u0161imas pagal \u0161ablonus - KidsPlay. Did\u017eiausias vaik\u0173 \u017eaisl\u0173 pasirinkimas.","og_url":"https:\/\/kidsplay.lt\/lv\/products\/viga-medinis-aklas-zaidimas-piesimas-pagal-sablonus\/","og_site_name":"KidsPlay","article_publisher":"https:\/\/www.facebook.com\/www.kidsplay.lt","article_modified_time":"2026-04-13T10:39:25+00:00","og_image":[{"width":1000,"height":1000,"url":"https:\/\/kidsplay.lt\/wp-content\/uploads\/2026\/04\/VIGA-medinis-\u201eaklas-zaidimas-\u2013-piesimas-pagal-sablonus.jpg","type":"image\/jpeg"}],"twitter_card":"summary_large_image","twitter_misc":{"Est. reading time":"1 min\u016bte"},"schema":{"@context":"https:\/\/schema.org","@graph":[{"@type":"WebPage","@id":"https:\/\/kidsplay.lt\/produktas\/viga-medinis-aklas-zaidimas-piesimas-pagal-sablonus\/","url":"https:\/\/kidsplay.lt\/produktas\/viga-medinis-aklas-zaidimas-piesimas-pagal-sablonus\/","name":"VIGA medinis \u201eaklas\u201c \u017eaidimas \u2013 pie\u0161imas pagal \u0161ablonus","isPartOf":{"@id":"https:\/\/kidsplay.lt\/#website"},"primaryImageOfPage":{"@id":"https:\/\/kidsplay.lt\/produktas\/viga-medinis-aklas-zaidimas-piesimas-pagal-sablonus\/#primaryimage"},"image":{"@id":"https:\/\/kidsplay.lt\/produktas\/viga-medinis-aklas-zaidimas-piesimas-pagal-sablonus\/#primaryimage"},"thumbnailUrl":"https:\/\/kidsplay.lt\/wp-content\/uploads\/2026\/04\/VIGA-medinis-\u201eaklas-zaidimas-\u2013-piesimas-pagal-sablonus.jpg","datePublished":"2026-04-13T10:39:06+00:00","dateModified":"2026-04-13T10:39:25+00:00","description":"VIGA medinis \u201eaklas\u201c \u017eaidimas \u2013 pie\u0161imas pagal \u0161ablonus - KidsPlay. Did\u017eiausias vaik\u0173 \u017eaisl\u0173 pasirinkimas.","breadcrumb":{"@id":"https:\/\/kidsplay.lt\/produktas\/viga-medinis-aklas-zaidimas-piesimas-pagal-sablonus\/#breadcrumb"},"inLanguage":"lv-LV","potentialAction":[{"@type":"ReadAction","target":["https:\/\/kidsplay.lt\/produktas\/viga-medinis-aklas-zaidimas-piesimas-pagal-sablonus\/"]}]},{"@type":"ImageObject","inLanguage":"lv-LV","@id":"https:\/\/kidsplay.lt\/produktas\/viga-medinis-aklas-zaidimas-piesimas-pagal-sablonus\/#primaryimage","url":"https:\/\/kidsplay.lt\/wp-content\/uploads\/2026\/04\/VIGA-medinis-\u201eaklas-zaidimas-\u2013-piesimas-pagal-sablonus.jpg","contentUrl":"https:\/\/kidsplay.lt\/wp-content\/uploads\/2026\/04\/VIGA-medinis-\u201eaklas-zaidimas-\u2013-piesimas-pagal-sablonus.jpg","width":1000,"height":1000,"caption":"VIGA medinis \u201eaklas\u201c \u017eaidimas \u2013 pie\u0161imas pagal \u0161ablonus"},{"@type":"BreadcrumbList","@id":"https:\/\/kidsplay.lt\/produktas\/viga-medinis-aklas-zaidimas-piesimas-pagal-sablonus\/#breadcrumb","itemListElement":[{"@type":"ListItem","position":1,"name":"Pagrindinis","item":"https:\/\/kidsplay.lt\/"},{"@type":"ListItem","position":2,"name":"Parduotuv\u0117","item":"https:\/\/kidsplay.lt\/parduotuve\/"},{"@type":"ListItem","position":3,"name":"VIGA medinis \u201eaklas\u201c \u017eaidimas \u2013 pie\u0161imas pagal \u0161ablonus"}]},{"@type":"WebSite","@id":"https:\/\/kidsplay.lt\/#website","url":"https:\/\/kidsplay.lt\/","name":"B\u0113rnu sp\u0113les.lv","description":"\u012evairios prek\u0117s vaikams","publisher":{"@id":"https:\/\/kidsplay.lt\/#organization"},"alternateName":"Kidsplay","potentialAction":[{"@type":"SearchAction","target":{"@type":"EntryPoint","urlTemplate":"https:\/\/kidsplay.lt\/?s={search_term_string}"},"query-input":{"@type":"PropertyValueSpecification","valueRequired":true,"valueName":"search_term_string"}}],"inLanguage":"lv-LV"},{"@type":"Organization","@id":"https:\/\/kidsplay.lt\/#organization","name":"B\u0113rnu sp\u0113le","url":"https:\/\/kidsplay.lt\/","logo":{"@type":"ImageObject","inLanguage":"lv-LV","@id":"https:\/\/kidsplay.lt\/#\/schema\/logo\/image\/","url":"https:\/\/kidsplay.lt\/wp-content\/uploads\/2023\/07\/kidsplay-logo.png","contentUrl":"https:\/\/kidsplay.lt\/wp-content\/uploads\/2023\/07\/kidsplay-logo.png","width":451,"height":98,"caption":"KidsPlay"},"image":{"@id":"https:\/\/kidsplay.lt\/#\/schema\/logo\/image\/"},"sameAs":["https:\/\/www.facebook.com\/www.kidsplay.lt"]}]}},"_links":{"self":[{"href":"https:\/\/kidsplay.lt\/lv\/wp-json\/wp\/v2\/product\/104610","targetHints":{"allow":["GET"]}}],"collection":[{"href":"https:\/\/kidsplay.lt\/lv\/wp-json\/wp\/v2\/product"}],"about":[{"href":"https:\/\/kidsplay.lt\/lv\/wp-json\/wp\/v2\/types\/product"}],"version-history":[{"count":1,"href":"https:\/\/kidsplay.lt\/lv\/wp-json\/wp\/v2\/product\/104610\/revisions"}],"predecessor-version":[{"id":104611,"href":"https:\/\/kidsplay.lt\/lv\/wp-json\/wp\/v2\/product\/104610\/revisions\/104611"}],"wp:featuredmedia":[{"embeddable":true,"href":"https:\/\/kidsplay.lt\/lv\/wp-json\/wp\/v2\/media\/104612"}],"wp:attachment":[{"href":"https:\/\/kidsplay.lt\/lv\/wp-json\/wp\/v2\/media?parent=104610"}],"wp:term":[{"taxonomy":"product_brand","embeddable":true,"href":"https:\/\/kidsplay.lt\/lv\/wp-json\/wp\/v2\/product_brand?post=104610"},{"taxonomy":"product_cat","embeddable":true,"href":"https:\/\/kidsplay.lt\/lv\/wp-json\/wp\/v2\/product_cat?post=104610"},{"taxonomy":"product_tag","embeddable":true,"href":"https:\/\/kidsplay.lt\/lv\/wp-json\/wp\/v2\/product_tag?post=104610"}],"curies":[{"name":"wp","href":"https:\/\/api.w.org\/{rel}","templated":true}]}}