{"id":104617,"date":"2026-04-13T13:39:29","date_gmt":"2026-04-13T10:39:29","guid":{"rendered":"https:\/\/kidsplay.lt\/produktas\/viga-montessori-spalvu-ir-formu-delioniu-zaidimas\/"},"modified":"2026-04-13T13:39:49","modified_gmt":"2026-04-13T10:39:49","slug":"viga-montessori-spalvu-ir-formu-delioniu-zaidimas","status":"publish","type":"product","link":"https:\/\/kidsplay.lt\/lv\/products\/viga-montessori-spalvu-ir-formu-delioniu-zaidimas\/","title":{"rendered":"VIGA Montessori spalv\u0173 ir form\u0173 d\u0117lioni\u0173 \u017eaidimas"},"content":{"rendered":"<p>VIGA Montessori spalv\u0173 ir form\u0173 d\u0117lioni\u0173 \u017eaidimas suteiks valand\u0173 valandas smagaus \u017eaidimo! \u0160i savaranki\u0161ka \u017eaidimo lenta turi 12 dvisieni\u0173 blok\u0173. Kai j\u016bs\u0173 vaikas \u012fvaldys lengvesni\u0105j\u0105 pus\u0119 su spalvotais blokais, jis gali padidinti sud\u0117tingumo lyg\u012f, \u017eaisdamas kitoje pus\u0117je su spalvingomis geometrin\u0117mis formomis. Vaiko u\u017eduotis \u2013 r\u016b\u0161iuoti blokus arba atkartoti model\u012f i\u0161 kortel\u0117s, ta\u010diau tam reikia suplanuoti savo \u0117jim\u0173 tvark\u0105.<br \/>\nFunkcijas:<\/p>\n<p> \t\u017daislas vaikams nuo 3 met\u0173<br \/>\n \tLentoje yra 4 takeliai, ant kuri\u0173 reikia d\u0117ti blokus, judinant juos per lent\u0105<br \/>\n \t12 spalvot\u0173 blok\u0173 su spalvotais fig\u016bri\u0173 pie\u0161iniais nugar\u0117l\u0117je<br \/>\n \t16 dvisieni\u0173 korteli\u0173, kurios prailgina \u017eaidimo laik\u0105<br \/>\n \tDu sud\u0117tingumo lygiai: lengvesnis su spalvomis, sud\u0117tingesnis su spalvingomis fig\u016bromis<br \/>\n \tReikalauja \u0117jim\u0173 planavimo<\/p>","protected":false},"excerpt":{"rendered":"<p>VIGA Montessori spalv\u0173 ir form\u0173 d\u0117lioni\u0173 \u017eaidimas suteiks valand\u0173 valandas smagaus \u017eaidimo! \u0160i savaranki\u0161ka \u017eaidimo lenta turi 12 dvisieni\u0173 blok\u0173.<\/p>","protected":false},"featured_media":104619,"template":"","meta":{"_acf_changed":false,"_glsr_average":0,"_glsr_ranking":0,"_glsr_reviews":0},"product_brand":[],"product_cat":[884,883],"product_tag":[],"class_list":{"0":"post-104617","1":"product","2":"type-product","3":"status-publish","4":"has-post-thumbnail","6":"product_cat-edukaciniai-lavinamieji-mediniai-zaislai","7":"product_cat-mediniai-zaislai-2","8":"\"style=\"background-color: #2ecc711c;\"","10":"first","11":"instock","12":"purchasable","13":"product-type-simple"},"acf":[],"yoast_head":"<!-- This site is optimized with the Yoast SEO plugin v27.3 - https:\/\/yoast.com\/product\/yoast-seo-wordpress\/ -->\n<title>VIGA Montessori spalv\u0173 ir form\u0173 d\u0117lioni\u0173 \u017eaidimas<\/title>\n<meta name=\"description\" content=\"VIGA Montessori spalv\u0173 ir form\u0173 d\u0117lioni\u0173 \u017eaidimas - KidsPlay. Did\u017eiausias vaik\u0173 \u017eaisl\u0173 pasirinkimas.\" \/>\n<meta name=\"robots\" content=\"index, follow, max-snippet:-1, max-image-preview:large, max-video-preview:-1\" \/>\n<link rel=\"canonical\" href=\"https:\/\/kidsplay.lt\/lv\/products\/viga-montessori-spalvu-ir-formu-delioniu-zaidimas\/\" \/>\n<meta property=\"og:locale\" content=\"lv_LV\" \/>\n<meta property=\"og:type\" content=\"article\" \/>\n<meta property=\"og:title\" content=\"VIGA Montessori spalv\u0173 ir form\u0173 d\u0117lioni\u0173 \u017eaidimas\" \/>\n<meta property=\"og:description\" content=\"VIGA Montessori spalv\u0173 ir form\u0173 d\u0117lioni\u0173 \u017eaidimas - KidsPlay. Did\u017eiausias vaik\u0173 \u017eaisl\u0173 pasirinkimas.\" \/>\n<meta property=\"og:url\" content=\"https:\/\/kidsplay.lt\/lv\/products\/viga-montessori-spalvu-ir-formu-delioniu-zaidimas\/\" \/>\n<meta property=\"og:site_name\" content=\"KidsPlay\" \/>\n<meta property=\"article:publisher\" content=\"https:\/\/www.facebook.com\/www.kidsplay.lt\" \/>\n<meta property=\"article:modified_time\" content=\"2026-04-13T10:39:49+00:00\" \/>\n<meta property=\"og:image\" content=\"https:\/\/kidsplay.lt\/wp-content\/uploads\/2026\/04\/VIGA-Montessori-spalvu-ir-formu-delioniu-zaidimas.jpg\" \/>\n\t<meta property=\"og:image:width\" content=\"2560\" \/>\n\t<meta property=\"og:image:height\" content=\"2560\" \/>\n\t<meta property=\"og:image:type\" content=\"image\/jpeg\" \/>\n<meta name=\"twitter:card\" content=\"summary_large_image\" \/>\n<meta name=\"twitter:label1\" content=\"Est. reading time\" \/>\n\t<meta name=\"twitter:data1\" content=\"1 min\u016bte\" \/>\n<script type=\"application\/ld+json\" class=\"yoast-schema-graph\">{\"@context\":\"https:\\\/\\\/schema.org\",\"@graph\":[{\"@type\":\"WebPage\",\"@id\":\"https:\\\/\\\/kidsplay.lt\\\/produktas\\\/viga-montessori-spalvu-ir-formu-delioniu-zaidimas\\\/\",\"url\":\"https:\\\/\\\/kidsplay.lt\\\/produktas\\\/viga-montessori-spalvu-ir-formu-delioniu-zaidimas\\\/\",\"name\":\"VIGA Montessori spalv\u0173 ir form\u0173 d\u0117lioni\u0173 \u017eaidimas\",\"isPartOf\":{\"@id\":\"https:\\\/\\\/kidsplay.lt\\\/#website\"},\"primaryImageOfPage\":{\"@id\":\"https:\\\/\\\/kidsplay.lt\\\/produktas\\\/viga-montessori-spalvu-ir-formu-delioniu-zaidimas\\\/#primaryimage\"},\"image\":{\"@id\":\"https:\\\/\\\/kidsplay.lt\\\/produktas\\\/viga-montessori-spalvu-ir-formu-delioniu-zaidimas\\\/#primaryimage\"},\"thumbnailUrl\":\"https:\\\/\\\/kidsplay.lt\\\/wp-content\\\/uploads\\\/2026\\\/04\\\/VIGA-Montessori-spalvu-ir-formu-delioniu-zaidimas.jpg\",\"datePublished\":\"2026-04-13T10:39:29+00:00\",\"dateModified\":\"2026-04-13T10:39:49+00:00\",\"description\":\"VIGA Montessori spalv\u0173 ir form\u0173 d\u0117lioni\u0173 \u017eaidimas - KidsPlay. Did\u017eiausias vaik\u0173 \u017eaisl\u0173 pasirinkimas.\",\"breadcrumb\":{\"@id\":\"https:\\\/\\\/kidsplay.lt\\\/produktas\\\/viga-montessori-spalvu-ir-formu-delioniu-zaidimas\\\/#breadcrumb\"},\"inLanguage\":\"lv-LV\",\"potentialAction\":[{\"@type\":\"ReadAction\",\"target\":[\"https:\\\/\\\/kidsplay.lt\\\/produktas\\\/viga-montessori-spalvu-ir-formu-delioniu-zaidimas\\\/\"]}]},{\"@type\":\"ImageObject\",\"inLanguage\":\"lv-LV\",\"@id\":\"https:\\\/\\\/kidsplay.lt\\\/produktas\\\/viga-montessori-spalvu-ir-formu-delioniu-zaidimas\\\/#primaryimage\",\"url\":\"https:\\\/\\\/kidsplay.lt\\\/wp-content\\\/uploads\\\/2026\\\/04\\\/VIGA-Montessori-spalvu-ir-formu-delioniu-zaidimas.jpg\",\"contentUrl\":\"https:\\\/\\\/kidsplay.lt\\\/wp-content\\\/uploads\\\/2026\\\/04\\\/VIGA-Montessori-spalvu-ir-formu-delioniu-zaidimas.jpg\",\"width\":2560,\"height\":2560,\"caption\":\"VIGA Montessori spalv\u0173 ir form\u0173 d\u0117lioni\u0173 \u017eaidimas\"},{\"@type\":\"BreadcrumbList\",\"@id\":\"https:\\\/\\\/kidsplay.lt\\\/produktas\\\/viga-montessori-spalvu-ir-formu-delioniu-zaidimas\\\/#breadcrumb\",\"itemListElement\":[{\"@type\":\"ListItem\",\"position\":1,\"name\":\"Pagrindinis\",\"item\":\"https:\\\/\\\/kidsplay.lt\\\/\"},{\"@type\":\"ListItem\",\"position\":2,\"name\":\"Parduotuv\u0117\",\"item\":\"https:\\\/\\\/kidsplay.lt\\\/parduotuve\\\/\"},{\"@type\":\"ListItem\",\"position\":3,\"name\":\"VIGA Montessori spalv\u0173 ir form\u0173 d\u0117lioni\u0173 \u017eaidimas\"}]},{\"@type\":\"WebSite\",\"@id\":\"https:\\\/\\\/kidsplay.lt\\\/#website\",\"url\":\"https:\\\/\\\/kidsplay.lt\\\/\",\"name\":\"Kidsplay.lt\",\"description\":\"\u012evairios prek\u0117s vaikams\",\"publisher\":{\"@id\":\"https:\\\/\\\/kidsplay.lt\\\/#organization\"},\"alternateName\":\"Kidsplay\",\"potentialAction\":[{\"@type\":\"SearchAction\",\"target\":{\"@type\":\"EntryPoint\",\"urlTemplate\":\"https:\\\/\\\/kidsplay.lt\\\/?s={search_term_string}\"},\"query-input\":{\"@type\":\"PropertyValueSpecification\",\"valueRequired\":true,\"valueName\":\"search_term_string\"}}],\"inLanguage\":\"lv-LV\"},{\"@type\":\"Organization\",\"@id\":\"https:\\\/\\\/kidsplay.lt\\\/#organization\",\"name\":\"KidsPlay\",\"url\":\"https:\\\/\\\/kidsplay.lt\\\/\",\"logo\":{\"@type\":\"ImageObject\",\"inLanguage\":\"lv-LV\",\"@id\":\"https:\\\/\\\/kidsplay.lt\\\/#\\\/schema\\\/logo\\\/image\\\/\",\"url\":\"https:\\\/\\\/kidsplay.lt\\\/wp-content\\\/uploads\\\/2023\\\/07\\\/kidsplay-logo.png\",\"contentUrl\":\"https:\\\/\\\/kidsplay.lt\\\/wp-content\\\/uploads\\\/2023\\\/07\\\/kidsplay-logo.png\",\"width\":451,\"height\":98,\"caption\":\"KidsPlay\"},\"image\":{\"@id\":\"https:\\\/\\\/kidsplay.lt\\\/#\\\/schema\\\/logo\\\/image\\\/\"},\"sameAs\":[\"https:\\\/\\\/www.facebook.com\\\/www.kidsplay.lt\"]}]}<\/script>\n<!-- \/ Yoast SEO plugin. -->","yoast_head_json":{"title":"VIGA Montessori spalv\u0173 ir form\u0173 d\u0117lioni\u0173 \u017eaidimas","description":"VIGA Montessori spalv\u0173 ir form\u0173 d\u0117lioni\u0173 \u017eaidimas - KidsPlay. Did\u017eiausias vaik\u0173 \u017eaisl\u0173 pasirinkimas.","robots":{"index":"index","follow":"follow","max-snippet":"max-snippet:-1","max-image-preview":"max-image-preview:large","max-video-preview":"max-video-preview:-1"},"canonical":"https:\/\/kidsplay.lt\/lv\/products\/viga-montessori-spalvu-ir-formu-delioniu-zaidimas\/","og_locale":"lv_LV","og_type":"article","og_title":"VIGA Montessori spalv\u0173 ir form\u0173 d\u0117lioni\u0173 \u017eaidimas","og_description":"VIGA Montessori spalv\u0173 ir form\u0173 d\u0117lioni\u0173 \u017eaidimas - KidsPlay. Did\u017eiausias vaik\u0173 \u017eaisl\u0173 pasirinkimas.","og_url":"https:\/\/kidsplay.lt\/lv\/products\/viga-montessori-spalvu-ir-formu-delioniu-zaidimas\/","og_site_name":"KidsPlay","article_publisher":"https:\/\/www.facebook.com\/www.kidsplay.lt","article_modified_time":"2026-04-13T10:39:49+00:00","og_image":[{"width":2560,"height":2560,"url":"https:\/\/kidsplay.lt\/wp-content\/uploads\/2026\/04\/VIGA-Montessori-spalvu-ir-formu-delioniu-zaidimas.jpg","type":"image\/jpeg"}],"twitter_card":"summary_large_image","twitter_misc":{"Est. reading time":"1 min\u016bte"},"schema":{"@context":"https:\/\/schema.org","@graph":[{"@type":"WebPage","@id":"https:\/\/kidsplay.lt\/produktas\/viga-montessori-spalvu-ir-formu-delioniu-zaidimas\/","url":"https:\/\/kidsplay.lt\/produktas\/viga-montessori-spalvu-ir-formu-delioniu-zaidimas\/","name":"VIGA Montessori spalv\u0173 ir form\u0173 d\u0117lioni\u0173 \u017eaidimas","isPartOf":{"@id":"https:\/\/kidsplay.lt\/#website"},"primaryImageOfPage":{"@id":"https:\/\/kidsplay.lt\/produktas\/viga-montessori-spalvu-ir-formu-delioniu-zaidimas\/#primaryimage"},"image":{"@id":"https:\/\/kidsplay.lt\/produktas\/viga-montessori-spalvu-ir-formu-delioniu-zaidimas\/#primaryimage"},"thumbnailUrl":"https:\/\/kidsplay.lt\/wp-content\/uploads\/2026\/04\/VIGA-Montessori-spalvu-ir-formu-delioniu-zaidimas.jpg","datePublished":"2026-04-13T10:39:29+00:00","dateModified":"2026-04-13T10:39:49+00:00","description":"VIGA Montessori spalv\u0173 ir form\u0173 d\u0117lioni\u0173 \u017eaidimas - KidsPlay. Did\u017eiausias vaik\u0173 \u017eaisl\u0173 pasirinkimas.","breadcrumb":{"@id":"https:\/\/kidsplay.lt\/produktas\/viga-montessori-spalvu-ir-formu-delioniu-zaidimas\/#breadcrumb"},"inLanguage":"lv-LV","potentialAction":[{"@type":"ReadAction","target":["https:\/\/kidsplay.lt\/produktas\/viga-montessori-spalvu-ir-formu-delioniu-zaidimas\/"]}]},{"@type":"ImageObject","inLanguage":"lv-LV","@id":"https:\/\/kidsplay.lt\/produktas\/viga-montessori-spalvu-ir-formu-delioniu-zaidimas\/#primaryimage","url":"https:\/\/kidsplay.lt\/wp-content\/uploads\/2026\/04\/VIGA-Montessori-spalvu-ir-formu-delioniu-zaidimas.jpg","contentUrl":"https:\/\/kidsplay.lt\/wp-content\/uploads\/2026\/04\/VIGA-Montessori-spalvu-ir-formu-delioniu-zaidimas.jpg","width":2560,"height":2560,"caption":"VIGA Montessori spalv\u0173 ir form\u0173 d\u0117lioni\u0173 \u017eaidimas"},{"@type":"BreadcrumbList","@id":"https:\/\/kidsplay.lt\/produktas\/viga-montessori-spalvu-ir-formu-delioniu-zaidimas\/#breadcrumb","itemListElement":[{"@type":"ListItem","position":1,"name":"Pagrindinis","item":"https:\/\/kidsplay.lt\/"},{"@type":"ListItem","position":2,"name":"Parduotuv\u0117","item":"https:\/\/kidsplay.lt\/parduotuve\/"},{"@type":"ListItem","position":3,"name":"VIGA Montessori spalv\u0173 ir form\u0173 d\u0117lioni\u0173 \u017eaidimas"}]},{"@type":"WebSite","@id":"https:\/\/kidsplay.lt\/#website","url":"https:\/\/kidsplay.lt\/","name":"B\u0113rnu sp\u0113les.lv","description":"\u012evairios prek\u0117s vaikams","publisher":{"@id":"https:\/\/kidsplay.lt\/#organization"},"alternateName":"Kidsplay","potentialAction":[{"@type":"SearchAction","target":{"@type":"EntryPoint","urlTemplate":"https:\/\/kidsplay.lt\/?s={search_term_string}"},"query-input":{"@type":"PropertyValueSpecification","valueRequired":true,"valueName":"search_term_string"}}],"inLanguage":"lv-LV"},{"@type":"Organization","@id":"https:\/\/kidsplay.lt\/#organization","name":"B\u0113rnu sp\u0113le","url":"https:\/\/kidsplay.lt\/","logo":{"@type":"ImageObject","inLanguage":"lv-LV","@id":"https:\/\/kidsplay.lt\/#\/schema\/logo\/image\/","url":"https:\/\/kidsplay.lt\/wp-content\/uploads\/2023\/07\/kidsplay-logo.png","contentUrl":"https:\/\/kidsplay.lt\/wp-content\/uploads\/2023\/07\/kidsplay-logo.png","width":451,"height":98,"caption":"KidsPlay"},"image":{"@id":"https:\/\/kidsplay.lt\/#\/schema\/logo\/image\/"},"sameAs":["https:\/\/www.facebook.com\/www.kidsplay.lt"]}]}},"_links":{"self":[{"href":"https:\/\/kidsplay.lt\/lv\/wp-json\/wp\/v2\/product\/104617","targetHints":{"allow":["GET"]}}],"collection":[{"href":"https:\/\/kidsplay.lt\/lv\/wp-json\/wp\/v2\/product"}],"about":[{"href":"https:\/\/kidsplay.lt\/lv\/wp-json\/wp\/v2\/types\/product"}],"version-history":[{"count":1,"href":"https:\/\/kidsplay.lt\/lv\/wp-json\/wp\/v2\/product\/104617\/revisions"}],"predecessor-version":[{"id":104618,"href":"https:\/\/kidsplay.lt\/lv\/wp-json\/wp\/v2\/product\/104617\/revisions\/104618"}],"wp:featuredmedia":[{"embeddable":true,"href":"https:\/\/kidsplay.lt\/lv\/wp-json\/wp\/v2\/media\/104619"}],"wp:attachment":[{"href":"https:\/\/kidsplay.lt\/lv\/wp-json\/wp\/v2\/media?parent=104617"}],"wp:term":[{"taxonomy":"product_brand","embeddable":true,"href":"https:\/\/kidsplay.lt\/lv\/wp-json\/wp\/v2\/product_brand?post=104617"},{"taxonomy":"product_cat","embeddable":true,"href":"https:\/\/kidsplay.lt\/lv\/wp-json\/wp\/v2\/product_cat?post=104617"},{"taxonomy":"product_tag","embeddable":true,"href":"https:\/\/kidsplay.lt\/lv\/wp-json\/wp\/v2\/product_tag?post=104617"}],"curies":[{"name":"wp","href":"https:\/\/api.w.org\/{rel}","templated":true}]}}