{"id":104624,"date":"2026-04-13T13:39:55","date_gmt":"2026-04-13T10:39:55","guid":{"rendered":"https:\/\/kidsplay.lt\/produktas\/viga-medine-sensorine-balansine-lenta-su-labirintu\/"},"modified":"2026-04-13T13:40:12","modified_gmt":"2026-04-13T10:40:12","slug":"viga-medine-sensorine-balansine-lenta-su-labirintu","status":"publish","type":"product","link":"https:\/\/kidsplay.lt\/lv\/products\/viga-medine-sensorine-balansine-lenta-su-labirintu\/","title":{"rendered":"VIGA koka sensor\u0101s l\u012bdzsvara d\u0113lis ar labirintu"},"content":{"rendered":"<p>Sensorin\u0117 balansin\u0117 lenta \u2013 puikus b\u016bdas lavinti vaiko motorinius \u012fg\u016bd\u017eius. Tai ideali veikla tiems, kurie m\u0117gsta jud\u0117jim\u0105.<br \/>\nFunkcijas:<\/p>\n<p> \tVaiko u\u017eduotis \u2013 i\u0161laikyti pusiausvyr\u0105 ant lentos ir nukreipti spalvot\u0105 kamuoliuk\u0105 \u012f jam skirt\u0105 viet\u0105<br \/>\n \tRinkinyje yra lenta ir 4 spalvingi kamuoliukai<br \/>\n \t\u017daidimas pagamintas i\u0161 tvirto ir ekologi\u0161ko materialo, visa pavir\u0161ius padengtas vaiko saugiais da\u017eais<\/p>","protected":false},"excerpt":{"rendered":"<p>Sensorin\u0117 balansin\u0117 lenta \u2013 puikus b\u016bdas lavinti vaiko motorinius \u012fg\u016bd\u017eius. Tai ideali veikla tiems, kurie m\u0117gsta jud\u0117jim\u0105. Savyb\u0117s: Vaiko u\u017eduotis<\/p>","protected":false},"featured_media":104626,"template":"","meta":{"_acf_changed":false,"_glsr_average":0,"_glsr_ranking":0,"_glsr_reviews":0},"product_brand":[],"product_cat":[388,229],"product_tag":[],"class_list":{"0":"post-104624","1":"product","2":"type-product","3":"status-publish","4":"has-post-thumbnail","6":"product_cat-edukaciniai-lavinamieji-zaislai","7":"product_cat-zaislai-vaikams","8":"\"style=\"background-color: #2ecc711c;\"","10":"first","11":"instock","12":"purchasable","13":"product-type-simple"},"acf":[],"yoast_head":"<!-- This site is optimized with the Yoast SEO plugin v27.4 - https:\/\/yoast.com\/product\/yoast-seo-wordpress\/ -->\n<title>VIGA medin\u0117 sensorin\u0117 balansin\u0117 lenta su labirintu<\/title>\n<meta name=\"description\" content=\"VIGA medin\u0117 sensorin\u0117 balansin\u0117 lenta su labirintu - KidsPlay. Did\u017eiausias vaik\u0173 \u017eaisl\u0173 pasirinkimas.\" \/>\n<meta name=\"robots\" content=\"index, follow, max-snippet:-1, max-image-preview:large, max-video-preview:-1\" \/>\n<link rel=\"canonical\" href=\"https:\/\/kidsplay.lt\/lv\/products\/viga-medine-sensorine-balansine-lenta-su-labirintu\/\" \/>\n<meta property=\"og:locale\" content=\"lv_LV\" \/>\n<meta property=\"og:type\" content=\"article\" \/>\n<meta property=\"og:title\" content=\"VIGA medin\u0117 sensorin\u0117 balansin\u0117 lenta su labirintu\" \/>\n<meta property=\"og:description\" content=\"VIGA medin\u0117 sensorin\u0117 balansin\u0117 lenta su labirintu - KidsPlay. Did\u017eiausias vaik\u0173 \u017eaisl\u0173 pasirinkimas.\" \/>\n<meta property=\"og:url\" content=\"https:\/\/kidsplay.lt\/lv\/products\/viga-medine-sensorine-balansine-lenta-su-labirintu\/\" \/>\n<meta property=\"og:site_name\" content=\"KidsPlay\" \/>\n<meta property=\"article:publisher\" content=\"https:\/\/www.facebook.com\/www.kidsplay.lt\" \/>\n<meta property=\"article:modified_time\" content=\"2026-04-13T10:40:12+00:00\" \/>\n<meta property=\"og:image\" content=\"https:\/\/kidsplay.lt\/wp-content\/uploads\/2026\/04\/VIGA-medine-sensorine-balansine-lenta-su-labirintu.jpg\" \/>\n\t<meta property=\"og:image:width\" content=\"2404\" \/>\n\t<meta property=\"og:image:height\" content=\"2166\" \/>\n\t<meta property=\"og:image:type\" content=\"image\/jpeg\" \/>\n<meta name=\"twitter:card\" content=\"summary_large_image\" \/>\n<script type=\"application\/ld+json\" class=\"yoast-schema-graph\">{\"@context\":\"https:\\\/\\\/schema.org\",\"@graph\":[{\"@type\":\"WebPage\",\"@id\":\"https:\\\/\\\/kidsplay.lt\\\/produktas\\\/viga-medine-sensorine-balansine-lenta-su-labirintu\\\/\",\"url\":\"https:\\\/\\\/kidsplay.lt\\\/produktas\\\/viga-medine-sensorine-balansine-lenta-su-labirintu\\\/\",\"name\":\"VIGA medin\u0117 sensorin\u0117 balansin\u0117 lenta su labirintu\",\"isPartOf\":{\"@id\":\"https:\\\/\\\/kidsplay.lt\\\/#website\"},\"primaryImageOfPage\":{\"@id\":\"https:\\\/\\\/kidsplay.lt\\\/produktas\\\/viga-medine-sensorine-balansine-lenta-su-labirintu\\\/#primaryimage\"},\"image\":{\"@id\":\"https:\\\/\\\/kidsplay.lt\\\/produktas\\\/viga-medine-sensorine-balansine-lenta-su-labirintu\\\/#primaryimage\"},\"thumbnailUrl\":\"https:\\\/\\\/kidsplay.lt\\\/wp-content\\\/uploads\\\/2026\\\/04\\\/VIGA-medine-sensorine-balansine-lenta-su-labirintu.jpg\",\"datePublished\":\"2026-04-13T10:39:55+00:00\",\"dateModified\":\"2026-04-13T10:40:12+00:00\",\"description\":\"VIGA medin\u0117 sensorin\u0117 balansin\u0117 lenta su labirintu - KidsPlay. Did\u017eiausias vaik\u0173 \u017eaisl\u0173 pasirinkimas.\",\"breadcrumb\":{\"@id\":\"https:\\\/\\\/kidsplay.lt\\\/produktas\\\/viga-medine-sensorine-balansine-lenta-su-labirintu\\\/#breadcrumb\"},\"inLanguage\":\"lv-LV\",\"potentialAction\":[{\"@type\":\"ReadAction\",\"target\":[\"https:\\\/\\\/kidsplay.lt\\\/produktas\\\/viga-medine-sensorine-balansine-lenta-su-labirintu\\\/\"]}]},{\"@type\":\"ImageObject\",\"inLanguage\":\"lv-LV\",\"@id\":\"https:\\\/\\\/kidsplay.lt\\\/produktas\\\/viga-medine-sensorine-balansine-lenta-su-labirintu\\\/#primaryimage\",\"url\":\"https:\\\/\\\/kidsplay.lt\\\/wp-content\\\/uploads\\\/2026\\\/04\\\/VIGA-medine-sensorine-balansine-lenta-su-labirintu.jpg\",\"contentUrl\":\"https:\\\/\\\/kidsplay.lt\\\/wp-content\\\/uploads\\\/2026\\\/04\\\/VIGA-medine-sensorine-balansine-lenta-su-labirintu.jpg\",\"width\":2404,\"height\":2166,\"caption\":\"VIGA medin\u0117 sensorin\u0117 balansin\u0117 lenta su labirintu\"},{\"@type\":\"BreadcrumbList\",\"@id\":\"https:\\\/\\\/kidsplay.lt\\\/produktas\\\/viga-medine-sensorine-balansine-lenta-su-labirintu\\\/#breadcrumb\",\"itemListElement\":[{\"@type\":\"ListItem\",\"position\":1,\"name\":\"Pagrindinis\",\"item\":\"https:\\\/\\\/kidsplay.lt\\\/\"},{\"@type\":\"ListItem\",\"position\":2,\"name\":\"Parduotuv\u0117\",\"item\":\"https:\\\/\\\/kidsplay.lt\\\/parduotuve\\\/\"},{\"@type\":\"ListItem\",\"position\":3,\"name\":\"VIGA medin\u0117 sensorin\u0117 balansin\u0117 lenta su labirintu\"}]},{\"@type\":\"WebSite\",\"@id\":\"https:\\\/\\\/kidsplay.lt\\\/#website\",\"url\":\"https:\\\/\\\/kidsplay.lt\\\/\",\"name\":\"Kidsplay.lt\",\"description\":\"\u012evairios prek\u0117s vaikams\",\"publisher\":{\"@id\":\"https:\\\/\\\/kidsplay.lt\\\/#organization\"},\"alternateName\":\"Kidsplay\",\"potentialAction\":[{\"@type\":\"SearchAction\",\"target\":{\"@type\":\"EntryPoint\",\"urlTemplate\":\"https:\\\/\\\/kidsplay.lt\\\/?s={search_term_string}\"},\"query-input\":{\"@type\":\"PropertyValueSpecification\",\"valueRequired\":true,\"valueName\":\"search_term_string\"}}],\"inLanguage\":\"lv-LV\"},{\"@type\":\"Organization\",\"@id\":\"https:\\\/\\\/kidsplay.lt\\\/#organization\",\"name\":\"KidsPlay\",\"url\":\"https:\\\/\\\/kidsplay.lt\\\/\",\"logo\":{\"@type\":\"ImageObject\",\"inLanguage\":\"lv-LV\",\"@id\":\"https:\\\/\\\/kidsplay.lt\\\/#\\\/schema\\\/logo\\\/image\\\/\",\"url\":\"https:\\\/\\\/kidsplay.lt\\\/wp-content\\\/uploads\\\/2023\\\/07\\\/kidsplay-logo.png\",\"contentUrl\":\"https:\\\/\\\/kidsplay.lt\\\/wp-content\\\/uploads\\\/2023\\\/07\\\/kidsplay-logo.png\",\"width\":451,\"height\":98,\"caption\":\"KidsPlay\"},\"image\":{\"@id\":\"https:\\\/\\\/kidsplay.lt\\\/#\\\/schema\\\/logo\\\/image\\\/\"},\"sameAs\":[\"https:\\\/\\\/www.facebook.com\\\/www.kidsplay.lt\"]}]}<\/script>\n<!-- \/ Yoast SEO plugin. -->","yoast_head_json":{"title":"VIGA koka sensor\u0101s l\u012bdzsvara d\u0113lis ar labirintu","description":"VIGA medin\u0117 sensorin\u0117 balansin\u0117 lenta su labirintu - KidsPlay. Did\u017eiausias vaik\u0173 \u017eaisl\u0173 pasirinkimas.","robots":{"index":"index","follow":"follow","max-snippet":"max-snippet:-1","max-image-preview":"max-image-preview:large","max-video-preview":"max-video-preview:-1"},"canonical":"https:\/\/kidsplay.lt\/lv\/products\/viga-medine-sensorine-balansine-lenta-su-labirintu\/","og_locale":"lv_LV","og_type":"article","og_title":"VIGA medin\u0117 sensorin\u0117 balansin\u0117 lenta su labirintu","og_description":"VIGA medin\u0117 sensorin\u0117 balansin\u0117 lenta su labirintu - KidsPlay. Did\u017eiausias vaik\u0173 \u017eaisl\u0173 pasirinkimas.","og_url":"https:\/\/kidsplay.lt\/lv\/products\/viga-medine-sensorine-balansine-lenta-su-labirintu\/","og_site_name":"KidsPlay","article_publisher":"https:\/\/www.facebook.com\/www.kidsplay.lt","article_modified_time":"2026-04-13T10:40:12+00:00","og_image":[{"width":2404,"height":2166,"url":"https:\/\/kidsplay.lt\/wp-content\/uploads\/2026\/04\/VIGA-medine-sensorine-balansine-lenta-su-labirintu.jpg","type":"image\/jpeg"}],"twitter_card":"summary_large_image","schema":{"@context":"https:\/\/schema.org","@graph":[{"@type":"WebPage","@id":"https:\/\/kidsplay.lt\/produktas\/viga-medine-sensorine-balansine-lenta-su-labirintu\/","url":"https:\/\/kidsplay.lt\/produktas\/viga-medine-sensorine-balansine-lenta-su-labirintu\/","name":"VIGA koka sensor\u0101s l\u012bdzsvara d\u0113lis ar labirintu","isPartOf":{"@id":"https:\/\/kidsplay.lt\/#website"},"primaryImageOfPage":{"@id":"https:\/\/kidsplay.lt\/produktas\/viga-medine-sensorine-balansine-lenta-su-labirintu\/#primaryimage"},"image":{"@id":"https:\/\/kidsplay.lt\/produktas\/viga-medine-sensorine-balansine-lenta-su-labirintu\/#primaryimage"},"thumbnailUrl":"https:\/\/kidsplay.lt\/wp-content\/uploads\/2026\/04\/VIGA-medine-sensorine-balansine-lenta-su-labirintu.jpg","datePublished":"2026-04-13T10:39:55+00:00","dateModified":"2026-04-13T10:40:12+00:00","description":"VIGA medin\u0117 sensorin\u0117 balansin\u0117 lenta su labirintu - KidsPlay. Did\u017eiausias vaik\u0173 \u017eaisl\u0173 pasirinkimas.","breadcrumb":{"@id":"https:\/\/kidsplay.lt\/produktas\/viga-medine-sensorine-balansine-lenta-su-labirintu\/#breadcrumb"},"inLanguage":"lv-LV","potentialAction":[{"@type":"ReadAction","target":["https:\/\/kidsplay.lt\/produktas\/viga-medine-sensorine-balansine-lenta-su-labirintu\/"]}]},{"@type":"ImageObject","inLanguage":"lv-LV","@id":"https:\/\/kidsplay.lt\/produktas\/viga-medine-sensorine-balansine-lenta-su-labirintu\/#primaryimage","url":"https:\/\/kidsplay.lt\/wp-content\/uploads\/2026\/04\/VIGA-medine-sensorine-balansine-lenta-su-labirintu.jpg","contentUrl":"https:\/\/kidsplay.lt\/wp-content\/uploads\/2026\/04\/VIGA-medine-sensorine-balansine-lenta-su-labirintu.jpg","width":2404,"height":2166,"caption":"VIGA medin\u0117 sensorin\u0117 balansin\u0117 lenta su labirintu"},{"@type":"BreadcrumbList","@id":"https:\/\/kidsplay.lt\/produktas\/viga-medine-sensorine-balansine-lenta-su-labirintu\/#breadcrumb","itemListElement":[{"@type":"ListItem","position":1,"name":"Pagrindinis","item":"https:\/\/kidsplay.lt\/"},{"@type":"ListItem","position":2,"name":"Parduotuv\u0117","item":"https:\/\/kidsplay.lt\/parduotuve\/"},{"@type":"ListItem","position":3,"name":"VIGA medin\u0117 sensorin\u0117 balansin\u0117 lenta su labirintu"}]},{"@type":"WebSite","@id":"https:\/\/kidsplay.lt\/#website","url":"https:\/\/kidsplay.lt\/","name":"B\u0113rnu sp\u0113les.lv","description":"\u012evairios prek\u0117s vaikams","publisher":{"@id":"https:\/\/kidsplay.lt\/#organization"},"alternateName":"Kidsplay","potentialAction":[{"@type":"SearchAction","target":{"@type":"EntryPoint","urlTemplate":"https:\/\/kidsplay.lt\/?s={search_term_string}"},"query-input":{"@type":"PropertyValueSpecification","valueRequired":true,"valueName":"search_term_string"}}],"inLanguage":"lv-LV"},{"@type":"Organization","@id":"https:\/\/kidsplay.lt\/#organization","name":"B\u0113rnu sp\u0113le","url":"https:\/\/kidsplay.lt\/","logo":{"@type":"ImageObject","inLanguage":"lv-LV","@id":"https:\/\/kidsplay.lt\/#\/schema\/logo\/image\/","url":"https:\/\/kidsplay.lt\/wp-content\/uploads\/2023\/07\/kidsplay-logo.png","contentUrl":"https:\/\/kidsplay.lt\/wp-content\/uploads\/2023\/07\/kidsplay-logo.png","width":451,"height":98,"caption":"KidsPlay"},"image":{"@id":"https:\/\/kidsplay.lt\/#\/schema\/logo\/image\/"},"sameAs":["https:\/\/www.facebook.com\/www.kidsplay.lt"]}]}},"_links":{"self":[{"href":"https:\/\/kidsplay.lt\/lv\/wp-json\/wp\/v2\/product\/104624","targetHints":{"allow":["GET"]}}],"collection":[{"href":"https:\/\/kidsplay.lt\/lv\/wp-json\/wp\/v2\/product"}],"about":[{"href":"https:\/\/kidsplay.lt\/lv\/wp-json\/wp\/v2\/types\/product"}],"version-history":[{"count":1,"href":"https:\/\/kidsplay.lt\/lv\/wp-json\/wp\/v2\/product\/104624\/revisions"}],"predecessor-version":[{"id":104625,"href":"https:\/\/kidsplay.lt\/lv\/wp-json\/wp\/v2\/product\/104624\/revisions\/104625"}],"wp:featuredmedia":[{"embeddable":true,"href":"https:\/\/kidsplay.lt\/lv\/wp-json\/wp\/v2\/media\/104626"}],"wp:attachment":[{"href":"https:\/\/kidsplay.lt\/lv\/wp-json\/wp\/v2\/media?parent=104624"}],"wp:term":[{"taxonomy":"product_brand","embeddable":true,"href":"https:\/\/kidsplay.lt\/lv\/wp-json\/wp\/v2\/product_brand?post=104624"},{"taxonomy":"product_cat","embeddable":true,"href":"https:\/\/kidsplay.lt\/lv\/wp-json\/wp\/v2\/product_cat?post=104624"},{"taxonomy":"product_tag","embeddable":true,"href":"https:\/\/kidsplay.lt\/lv\/wp-json\/wp\/v2\/product_tag?post=104624"}],"curies":[{"name":"wp","href":"https:\/\/api.w.org\/{rel}","templated":true}]}}