{"id":104640,"date":"2026-04-13T18:30:41","date_gmt":"2026-04-13T15:30:41","guid":{"rendered":"https:\/\/kidsplay.lt\/produktas\/viga-medinis-kaladeliu-rinkinys-miesto-kurimas-lentele-su-figurelemis\/"},"modified":"2026-04-13T18:30:57","modified_gmt":"2026-04-13T15:30:57","slug":"viga-medinis-kaladeliu-rinkinys-miesto-kurimas-lentele-su-figurelemis","status":"publish","type":"product","link":"https:\/\/kidsplay.lt\/lv\/products\/viga-medinis-kaladeliu-rinkinys-miesto-kurimas-lentele-su-figurelemis\/","title":{"rendered":"VIGA koka konstruktora komplekts &quot;Pils\u0113tas \u0113ka&quot; - galds ar fig\u016br\u0101m"},"content":{"rendered":"<p>Viga Wooden City Building Set yra puikus \u017eaislas pradedantiems architektams, norintiems kurti savo miesto plan\u0105. I\u0161skleiskite model\u012f ir naudokite \u012fvairi\u0173 form\u0173 bei gra\u017ei\u0173 spalv\u0173 kalad\u0117les, kad pastatytum\u0117te miest\u0105! Rinkin\u012f sudaro 60 kalad\u0117li\u0173, i\u0161 kuri\u0173 galima sukurti mokykl\u0105, ligonin\u0119, policijos nuovad\u0105, gaisrin\u0119, oro uost\u0105, saldumyn\u0173 parduotuv\u0119 ir cirk\u0105, o v\u0117liau jas i\u0161d\u0117lioti ant miesto lentos.<br \/>\nBe pastat\u0173, rinkinyje yra 5 transporto priemon\u0117s, 6 skirting\u0173 profesij\u0173 fig\u016br\u0117l\u0117s, atitinkan\u010dios miesto pastatus, bei papildomi priedai \u2013 kelio \u017eenklai ir med\u017eiai. Viskas patogiai supakuota \u012f kibir\u0117l\u012f, kad b\u016bt\u0173 lengva laikyti.<br \/>\nRaksturojums:<\/p>\n<p> \t20 d\u0117lion\u0117s detali\u0173, i\u0161 kuri\u0173 sudedama miesto lenta (kiekviena sunumeruota kitoje pus\u0117je),<br \/>\n \t60 medini\u0173 kalad\u0117li\u0173 pastatams kurti,<br \/>\n \t5 transporto priemon\u0117s, 6 fig\u016br\u0117l\u0117s ir papildomi elementai (med\u017eiai, kelio \u017eenklai),<br \/>\n \tkibir\u0117lis su rankena patogiam laikymui ir ne\u0161iojimui,<br \/>\n \t\u0161iltos spalvos skatina vaiko susidom\u0117jim\u0105,<br \/>\n \tgalima kurti \u012fvairius pastatus: mokykl\u0105, ligonin\u0119, policijos nuovad\u0105, gaisrin\u0119, oro uost\u0105, saldumyn\u0173 parduotuv\u0119 ir cirk\u0105,<br \/>\n \tpapildomas \u017eaidimas \u2013 derinti fig\u016br\u0117les su atitinkamais pastatais.<\/p>","protected":false},"excerpt":{"rendered":"<p>Viga Wooden City Building Set yra puikus \u017eaislas pradedantiems architektams, norintiems kurti savo miesto plan\u0105. I\u0161skleiskite model\u012f ir naudokite \u012fvairi\u0173<\/p>","protected":false},"featured_media":104641,"template":"","meta":{"_acf_changed":false,"_glsr_average":0,"_glsr_ranking":0,"_glsr_reviews":0},"product_brand":[],"product_cat":[397,883],"product_tag":[],"class_list":{"0":"post-104640","1":"product","2":"type-product","3":"status-publish","4":"has-post-thumbnail","6":"product_cat-medines-deliones-mediniai-zaislai","7":"product_cat-mediniai-zaislai-2","8":"\"style=\"background-color: #2ecc711c;\"","10":"first","11":"instock","12":"purchasable","13":"product-type-simple"},"acf":[],"yoast_head":"<!-- This site is optimized with the Yoast SEO plugin v27.4 - https:\/\/yoast.com\/product\/yoast-seo-wordpress\/ -->\n<title>VIGA medinis kalad\u0117li\u0173 rinkinys \u201eMiesto k\u016brimas\u201c \u2013 lentel\u0117 su fig\u016br\u0117l\u0117mis<\/title>\n<meta name=\"description\" content=\"VIGA medinis kalad\u0117li\u0173 rinkinys \u201eMiesto k\u016brimas\u201c \u2013 lentel\u0117 su fig\u016br\u0117l\u0117mis - KidsPlay. Did\u017eiausias vaik\u0173 \u017eaisl\u0173 pasirinkimas.\" \/>\n<meta name=\"robots\" content=\"index, follow, max-snippet:-1, max-image-preview:large, max-video-preview:-1\" \/>\n<link rel=\"canonical\" href=\"https:\/\/kidsplay.lt\/lv\/products\/viga-medinis-kaladeliu-rinkinys-miesto-kurimas-lentele-su-figurelemis\/\" \/>\n<meta property=\"og:locale\" content=\"lv_LV\" \/>\n<meta property=\"og:type\" content=\"article\" \/>\n<meta property=\"og:title\" content=\"VIGA medinis kalad\u0117li\u0173 rinkinys \u201eMiesto k\u016brimas\u201c \u2013 lentel\u0117 su fig\u016br\u0117l\u0117mis\" \/>\n<meta property=\"og:description\" content=\"VIGA medinis kalad\u0117li\u0173 rinkinys \u201eMiesto k\u016brimas\u201c \u2013 lentel\u0117 su fig\u016br\u0117l\u0117mis - KidsPlay. Did\u017eiausias vaik\u0173 \u017eaisl\u0173 pasirinkimas.\" \/>\n<meta property=\"og:url\" content=\"https:\/\/kidsplay.lt\/lv\/products\/viga-medinis-kaladeliu-rinkinys-miesto-kurimas-lentele-su-figurelemis\/\" \/>\n<meta property=\"og:site_name\" content=\"KidsPlay\" \/>\n<meta property=\"article:publisher\" content=\"https:\/\/www.facebook.com\/www.kidsplay.lt\" \/>\n<meta property=\"article:modified_time\" content=\"2026-04-13T15:30:57+00:00\" \/>\n<meta property=\"og:image\" content=\"https:\/\/kidsplay.lt\/wp-content\/uploads\/2026\/04\/VIGA-medinis-kaladeliu-rinkinys-\u201eMiesto-kurimas-\u2013-lentele-su-figurelemis.jpg\" \/>\n\t<meta property=\"og:image:width\" content=\"2560\" \/>\n\t<meta property=\"og:image:height\" content=\"2560\" \/>\n\t<meta property=\"og:image:type\" content=\"image\/jpeg\" \/>\n<meta name=\"twitter:card\" content=\"summary_large_image\" \/>\n<meta name=\"twitter:label1\" content=\"Est. reading time\" \/>\n\t<meta name=\"twitter:data1\" content=\"1 min\u016bte\" \/>\n<script type=\"application\/ld+json\" class=\"yoast-schema-graph\">{\"@context\":\"https:\\\/\\\/schema.org\",\"@graph\":[{\"@type\":\"WebPage\",\"@id\":\"https:\\\/\\\/kidsplay.lt\\\/produktas\\\/viga-medinis-kaladeliu-rinkinys-miesto-kurimas-lentele-su-figurelemis\\\/\",\"url\":\"https:\\\/\\\/kidsplay.lt\\\/produktas\\\/viga-medinis-kaladeliu-rinkinys-miesto-kurimas-lentele-su-figurelemis\\\/\",\"name\":\"VIGA medinis kalad\u0117li\u0173 rinkinys \u201eMiesto k\u016brimas\u201c \u2013 lentel\u0117 su fig\u016br\u0117l\u0117mis\",\"isPartOf\":{\"@id\":\"https:\\\/\\\/kidsplay.lt\\\/#website\"},\"primaryImageOfPage\":{\"@id\":\"https:\\\/\\\/kidsplay.lt\\\/produktas\\\/viga-medinis-kaladeliu-rinkinys-miesto-kurimas-lentele-su-figurelemis\\\/#primaryimage\"},\"image\":{\"@id\":\"https:\\\/\\\/kidsplay.lt\\\/produktas\\\/viga-medinis-kaladeliu-rinkinys-miesto-kurimas-lentele-su-figurelemis\\\/#primaryimage\"},\"thumbnailUrl\":\"https:\\\/\\\/kidsplay.lt\\\/wp-content\\\/uploads\\\/2026\\\/04\\\/VIGA-medinis-kaladeliu-rinkinys-\u201eMiesto-kurimas-\u2013-lentele-su-figurelemis.jpg\",\"datePublished\":\"2026-04-13T15:30:41+00:00\",\"dateModified\":\"2026-04-13T15:30:57+00:00\",\"description\":\"VIGA medinis kalad\u0117li\u0173 rinkinys \u201eMiesto k\u016brimas\u201c \u2013 lentel\u0117 su fig\u016br\u0117l\u0117mis - KidsPlay. Did\u017eiausias vaik\u0173 \u017eaisl\u0173 pasirinkimas.\",\"breadcrumb\":{\"@id\":\"https:\\\/\\\/kidsplay.lt\\\/produktas\\\/viga-medinis-kaladeliu-rinkinys-miesto-kurimas-lentele-su-figurelemis\\\/#breadcrumb\"},\"inLanguage\":\"lv-LV\",\"potentialAction\":[{\"@type\":\"ReadAction\",\"target\":[\"https:\\\/\\\/kidsplay.lt\\\/produktas\\\/viga-medinis-kaladeliu-rinkinys-miesto-kurimas-lentele-su-figurelemis\\\/\"]}]},{\"@type\":\"ImageObject\",\"inLanguage\":\"lv-LV\",\"@id\":\"https:\\\/\\\/kidsplay.lt\\\/produktas\\\/viga-medinis-kaladeliu-rinkinys-miesto-kurimas-lentele-su-figurelemis\\\/#primaryimage\",\"url\":\"https:\\\/\\\/kidsplay.lt\\\/wp-content\\\/uploads\\\/2026\\\/04\\\/VIGA-medinis-kaladeliu-rinkinys-\u201eMiesto-kurimas-\u2013-lentele-su-figurelemis.jpg\",\"contentUrl\":\"https:\\\/\\\/kidsplay.lt\\\/wp-content\\\/uploads\\\/2026\\\/04\\\/VIGA-medinis-kaladeliu-rinkinys-\u201eMiesto-kurimas-\u2013-lentele-su-figurelemis.jpg\",\"width\":2560,\"height\":2560,\"caption\":\"VIGA medinis kalad\u0117li\u0173 rinkinys \u201eMiesto k\u016brimas\u201c \u2013 lentel\u0117 su fig\u016br\u0117l\u0117mis\"},{\"@type\":\"BreadcrumbList\",\"@id\":\"https:\\\/\\\/kidsplay.lt\\\/produktas\\\/viga-medinis-kaladeliu-rinkinys-miesto-kurimas-lentele-su-figurelemis\\\/#breadcrumb\",\"itemListElement\":[{\"@type\":\"ListItem\",\"position\":1,\"name\":\"Pagrindinis\",\"item\":\"https:\\\/\\\/kidsplay.lt\\\/\"},{\"@type\":\"ListItem\",\"position\":2,\"name\":\"Parduotuv\u0117\",\"item\":\"https:\\\/\\\/kidsplay.lt\\\/parduotuve\\\/\"},{\"@type\":\"ListItem\",\"position\":3,\"name\":\"VIGA medinis kalad\u0117li\u0173 rinkinys \u201eMiesto k\u016brimas\u201c \u2013 lentel\u0117 su fig\u016br\u0117l\u0117mis\"}]},{\"@type\":\"WebSite\",\"@id\":\"https:\\\/\\\/kidsplay.lt\\\/#website\",\"url\":\"https:\\\/\\\/kidsplay.lt\\\/\",\"name\":\"Kidsplay.lt\",\"description\":\"\u012evairios prek\u0117s vaikams\",\"publisher\":{\"@id\":\"https:\\\/\\\/kidsplay.lt\\\/#organization\"},\"alternateName\":\"Kidsplay\",\"potentialAction\":[{\"@type\":\"SearchAction\",\"target\":{\"@type\":\"EntryPoint\",\"urlTemplate\":\"https:\\\/\\\/kidsplay.lt\\\/?s={search_term_string}\"},\"query-input\":{\"@type\":\"PropertyValueSpecification\",\"valueRequired\":true,\"valueName\":\"search_term_string\"}}],\"inLanguage\":\"lv-LV\"},{\"@type\":\"Organization\",\"@id\":\"https:\\\/\\\/kidsplay.lt\\\/#organization\",\"name\":\"KidsPlay\",\"url\":\"https:\\\/\\\/kidsplay.lt\\\/\",\"logo\":{\"@type\":\"ImageObject\",\"inLanguage\":\"lv-LV\",\"@id\":\"https:\\\/\\\/kidsplay.lt\\\/#\\\/schema\\\/logo\\\/image\\\/\",\"url\":\"https:\\\/\\\/kidsplay.lt\\\/wp-content\\\/uploads\\\/2023\\\/07\\\/kidsplay-logo.png\",\"contentUrl\":\"https:\\\/\\\/kidsplay.lt\\\/wp-content\\\/uploads\\\/2023\\\/07\\\/kidsplay-logo.png\",\"width\":451,\"height\":98,\"caption\":\"KidsPlay\"},\"image\":{\"@id\":\"https:\\\/\\\/kidsplay.lt\\\/#\\\/schema\\\/logo\\\/image\\\/\"},\"sameAs\":[\"https:\\\/\\\/www.facebook.com\\\/www.kidsplay.lt\"]}]}<\/script>\n<!-- \/ Yoast SEO plugin. -->","yoast_head_json":{"title":"VIGA koka konstruktora komplekts &quot;Pils\u0113tas \u0113ka&quot; - galds ar fig\u016br\u0101m","description":"VIGA medinis kalad\u0117li\u0173 rinkinys \u201eMiesto k\u016brimas\u201c \u2013 lentel\u0117 su fig\u016br\u0117l\u0117mis - KidsPlay. Did\u017eiausias vaik\u0173 \u017eaisl\u0173 pasirinkimas.","robots":{"index":"index","follow":"follow","max-snippet":"max-snippet:-1","max-image-preview":"max-image-preview:large","max-video-preview":"max-video-preview:-1"},"canonical":"https:\/\/kidsplay.lt\/lv\/products\/viga-medinis-kaladeliu-rinkinys-miesto-kurimas-lentele-su-figurelemis\/","og_locale":"lv_LV","og_type":"article","og_title":"VIGA medinis kalad\u0117li\u0173 rinkinys \u201eMiesto k\u016brimas\u201c \u2013 lentel\u0117 su fig\u016br\u0117l\u0117mis","og_description":"VIGA medinis kalad\u0117li\u0173 rinkinys \u201eMiesto k\u016brimas\u201c \u2013 lentel\u0117 su fig\u016br\u0117l\u0117mis - KidsPlay. Did\u017eiausias vaik\u0173 \u017eaisl\u0173 pasirinkimas.","og_url":"https:\/\/kidsplay.lt\/lv\/products\/viga-medinis-kaladeliu-rinkinys-miesto-kurimas-lentele-su-figurelemis\/","og_site_name":"KidsPlay","article_publisher":"https:\/\/www.facebook.com\/www.kidsplay.lt","article_modified_time":"2026-04-13T15:30:57+00:00","og_image":[{"width":2560,"height":2560,"url":"https:\/\/kidsplay.lt\/wp-content\/uploads\/2026\/04\/VIGA-medinis-kaladeliu-rinkinys-\u201eMiesto-kurimas-\u2013-lentele-su-figurelemis.jpg","type":"image\/jpeg"}],"twitter_card":"summary_large_image","twitter_misc":{"Est. reading time":"1 min\u016bte"},"schema":{"@context":"https:\/\/schema.org","@graph":[{"@type":"WebPage","@id":"https:\/\/kidsplay.lt\/produktas\/viga-medinis-kaladeliu-rinkinys-miesto-kurimas-lentele-su-figurelemis\/","url":"https:\/\/kidsplay.lt\/produktas\/viga-medinis-kaladeliu-rinkinys-miesto-kurimas-lentele-su-figurelemis\/","name":"VIGA koka konstruktora komplekts &quot;Pils\u0113tas \u0113ka&quot; - galds ar fig\u016br\u0101m","isPartOf":{"@id":"https:\/\/kidsplay.lt\/#website"},"primaryImageOfPage":{"@id":"https:\/\/kidsplay.lt\/produktas\/viga-medinis-kaladeliu-rinkinys-miesto-kurimas-lentele-su-figurelemis\/#primaryimage"},"image":{"@id":"https:\/\/kidsplay.lt\/produktas\/viga-medinis-kaladeliu-rinkinys-miesto-kurimas-lentele-su-figurelemis\/#primaryimage"},"thumbnailUrl":"https:\/\/kidsplay.lt\/wp-content\/uploads\/2026\/04\/VIGA-medinis-kaladeliu-rinkinys-\u201eMiesto-kurimas-\u2013-lentele-su-figurelemis.jpg","datePublished":"2026-04-13T15:30:41+00:00","dateModified":"2026-04-13T15:30:57+00:00","description":"VIGA medinis kalad\u0117li\u0173 rinkinys \u201eMiesto k\u016brimas\u201c \u2013 lentel\u0117 su fig\u016br\u0117l\u0117mis - KidsPlay. Did\u017eiausias vaik\u0173 \u017eaisl\u0173 pasirinkimas.","breadcrumb":{"@id":"https:\/\/kidsplay.lt\/produktas\/viga-medinis-kaladeliu-rinkinys-miesto-kurimas-lentele-su-figurelemis\/#breadcrumb"},"inLanguage":"lv-LV","potentialAction":[{"@type":"ReadAction","target":["https:\/\/kidsplay.lt\/produktas\/viga-medinis-kaladeliu-rinkinys-miesto-kurimas-lentele-su-figurelemis\/"]}]},{"@type":"ImageObject","inLanguage":"lv-LV","@id":"https:\/\/kidsplay.lt\/produktas\/viga-medinis-kaladeliu-rinkinys-miesto-kurimas-lentele-su-figurelemis\/#primaryimage","url":"https:\/\/kidsplay.lt\/wp-content\/uploads\/2026\/04\/VIGA-medinis-kaladeliu-rinkinys-\u201eMiesto-kurimas-\u2013-lentele-su-figurelemis.jpg","contentUrl":"https:\/\/kidsplay.lt\/wp-content\/uploads\/2026\/04\/VIGA-medinis-kaladeliu-rinkinys-\u201eMiesto-kurimas-\u2013-lentele-su-figurelemis.jpg","width":2560,"height":2560,"caption":"VIGA medinis kalad\u0117li\u0173 rinkinys \u201eMiesto k\u016brimas\u201c \u2013 lentel\u0117 su fig\u016br\u0117l\u0117mis"},{"@type":"BreadcrumbList","@id":"https:\/\/kidsplay.lt\/produktas\/viga-medinis-kaladeliu-rinkinys-miesto-kurimas-lentele-su-figurelemis\/#breadcrumb","itemListElement":[{"@type":"ListItem","position":1,"name":"Pagrindinis","item":"https:\/\/kidsplay.lt\/"},{"@type":"ListItem","position":2,"name":"Parduotuv\u0117","item":"https:\/\/kidsplay.lt\/parduotuve\/"},{"@type":"ListItem","position":3,"name":"VIGA medinis kalad\u0117li\u0173 rinkinys \u201eMiesto k\u016brimas\u201c \u2013 lentel\u0117 su fig\u016br\u0117l\u0117mis"}]},{"@type":"WebSite","@id":"https:\/\/kidsplay.lt\/#website","url":"https:\/\/kidsplay.lt\/","name":"B\u0113rnu sp\u0113les.lv","description":"\u012evairios prek\u0117s vaikams","publisher":{"@id":"https:\/\/kidsplay.lt\/#organization"},"alternateName":"Kidsplay","potentialAction":[{"@type":"SearchAction","target":{"@type":"EntryPoint","urlTemplate":"https:\/\/kidsplay.lt\/?s={search_term_string}"},"query-input":{"@type":"PropertyValueSpecification","valueRequired":true,"valueName":"search_term_string"}}],"inLanguage":"lv-LV"},{"@type":"Organization","@id":"https:\/\/kidsplay.lt\/#organization","name":"B\u0113rnu sp\u0113le","url":"https:\/\/kidsplay.lt\/","logo":{"@type":"ImageObject","inLanguage":"lv-LV","@id":"https:\/\/kidsplay.lt\/#\/schema\/logo\/image\/","url":"https:\/\/kidsplay.lt\/wp-content\/uploads\/2023\/07\/kidsplay-logo.png","contentUrl":"https:\/\/kidsplay.lt\/wp-content\/uploads\/2023\/07\/kidsplay-logo.png","width":451,"height":98,"caption":"KidsPlay"},"image":{"@id":"https:\/\/kidsplay.lt\/#\/schema\/logo\/image\/"},"sameAs":["https:\/\/www.facebook.com\/www.kidsplay.lt"]}]}},"_links":{"self":[{"href":"https:\/\/kidsplay.lt\/lv\/wp-json\/wp\/v2\/product\/104640","targetHints":{"allow":["GET"]}}],"collection":[{"href":"https:\/\/kidsplay.lt\/lv\/wp-json\/wp\/v2\/product"}],"about":[{"href":"https:\/\/kidsplay.lt\/lv\/wp-json\/wp\/v2\/types\/product"}],"version-history":[{"count":0,"href":"https:\/\/kidsplay.lt\/lv\/wp-json\/wp\/v2\/product\/104640\/revisions"}],"wp:featuredmedia":[{"embeddable":true,"href":"https:\/\/kidsplay.lt\/lv\/wp-json\/wp\/v2\/media\/104641"}],"wp:attachment":[{"href":"https:\/\/kidsplay.lt\/lv\/wp-json\/wp\/v2\/media?parent=104640"}],"wp:term":[{"taxonomy":"product_brand","embeddable":true,"href":"https:\/\/kidsplay.lt\/lv\/wp-json\/wp\/v2\/product_brand?post=104640"},{"taxonomy":"product_cat","embeddable":true,"href":"https:\/\/kidsplay.lt\/lv\/wp-json\/wp\/v2\/product_cat?post=104640"},{"taxonomy":"product_tag","embeddable":true,"href":"https:\/\/kidsplay.lt\/lv\/wp-json\/wp\/v2\/product_tag?post=104640"}],"curies":[{"name":"wp","href":"https:\/\/api.w.org\/{rel}","templated":true}]}}