{"id":104646,"date":"2026-04-13T18:30:57","date_gmt":"2026-04-13T15:30:57","guid":{"rendered":"https:\/\/kidsplay.lt\/produktas\/viga-toys-montessori-medines-dieneso-kaladeles-geometrines-figuros\/"},"modified":"2026-04-13T18:31:06","modified_gmt":"2026-04-13T15:31:06","slug":"viga-toys-montessori-medines-dieneso-kaladeles-geometrines-figuros","status":"publish","type":"product","link":"https:\/\/kidsplay.lt\/lv\/products\/viga-toys-montessori-medines-dieneso-kaladeles-geometrines-figuros\/","title":{"rendered":"Viga Toys Montessori medin\u0117s Dieneso kalad\u0117l\u0117s \u2013 geometrin\u0117s fig\u016bros"},"content":{"rendered":"<p>Viga medin\u0117s Dienes kalad\u0117l\u0117s yra unikalus edukacinis \u017eaislas, supa\u017eindinantis vaikus su logikos ir geometrijos pasauliu per k\u016brybi\u0161k\u0105 \u017eaidim\u0105. Sukurtas taip, kad pad\u0117t\u0173 kognityvinei raidai tiek namuose, tiek dar\u017eelyje, rinkinys remiasi Montessori metodo principais. D\u0117l \u012fvairi\u0173 form\u0173 ir spalv\u0173 kalad\u0117l\u0117s yra puiki priemon\u0117 mokytis r\u016b\u0161iuoti, klasifikuoti ir atpa\u017einti objekt\u0173 savybes.<br \/>\nRaksturojums:<\/p>\n<p> \t\u017eaislas skirtas vaikams nuo 3 met\u0173,<br \/>\n \trinkin\u012f sudaro 48 spalvingos masyvios medin\u0117s kalad\u0117l\u0117s,<br \/>\n \tkalad\u0117l\u0117s skiriasi forma, spalva, dyd\u017eiu ir storiu, tod\u0117l galima atlikti \u012fvairias logines u\u017eduotis,<br \/>\n \tkomplekte yra patogi medin\u0117 d\u0117\u017eut\u0117 su skyreliais, palengvinanti tvarkym\u0105 po \u017eaidimo,<br \/>\n \tpridedamos u\u017eduo\u010di\u0173 kortel\u0117s su pavyzdiniais ra\u0161tais ir strukt\u016bromis.<\/p>\n<p>Komplekt\u0101 ietilpst:<\/p>\n<p> \t48 medin\u0117s kalad\u0117l\u0117s su skirtingomis savyb\u0117mis (forma, spalva, dydis, storis),<br \/>\n \tmedin\u0117 d\u0117\u017eut\u0117 laikymui ir r\u016b\u0161iavimui,<br \/>\n \tu\u017eduo\u010di\u0173 kortel\u0117s su pavyzdiniais sud\u0117liojimo modeliais.<\/p>","protected":false},"excerpt":{"rendered":"<p>Viga medin\u0117s Dienes kalad\u0117l\u0117s yra unikalus edukacinis \u017eaislas, supa\u017eindinantis vaikus su logikos ir geometrijos pasauliu per k\u016brybi\u0161k\u0105 \u017eaidim\u0105. Sukurtas taip,<\/p>","protected":false},"featured_media":104647,"template":"","meta":{"_acf_changed":false,"_glsr_average":0,"_glsr_ranking":0,"_glsr_reviews":0},"product_brand":[],"product_cat":[397,883],"product_tag":[],"class_list":{"0":"post-104646","1":"product","2":"type-product","3":"status-publish","4":"has-post-thumbnail","6":"product_cat-medines-deliones-mediniai-zaislai","7":"product_cat-mediniai-zaislai-2","8":"\"style=\"background-color: #2ecc711c;\"","10":"first","11":"instock","12":"purchasable","13":"product-type-simple"},"acf":[],"yoast_head":"<!-- This site is optimized with the Yoast SEO plugin v27.4 - https:\/\/yoast.com\/product\/yoast-seo-wordpress\/ -->\n<title>Viga Toys Montessori medin\u0117s Dieneso kalad\u0117l\u0117s \u2013 geometrin\u0117s fig\u016bros<\/title>\n<meta name=\"description\" content=\"Viga Toys Montessori medin\u0117s Dieneso kalad\u0117l\u0117s \u2013 geometrin\u0117s fig\u016bros - KidsPlay. Did\u017eiausias vaik\u0173 \u017eaisl\u0173 pasirinkimas.\" \/>\n<meta name=\"robots\" content=\"index, follow, max-snippet:-1, max-image-preview:large, max-video-preview:-1\" \/>\n<link rel=\"canonical\" href=\"https:\/\/kidsplay.lt\/lv\/products\/viga-toys-montessori-medines-dieneso-kaladeles-geometrines-figuros\/\" \/>\n<meta property=\"og:locale\" content=\"lv_LV\" \/>\n<meta property=\"og:type\" content=\"article\" \/>\n<meta property=\"og:title\" content=\"Viga Toys Montessori medin\u0117s Dieneso kalad\u0117l\u0117s \u2013 geometrin\u0117s fig\u016bros\" \/>\n<meta property=\"og:description\" content=\"Viga Toys Montessori medin\u0117s Dieneso kalad\u0117l\u0117s \u2013 geometrin\u0117s fig\u016bros - KidsPlay. Did\u017eiausias vaik\u0173 \u017eaisl\u0173 pasirinkimas.\" \/>\n<meta property=\"og:url\" content=\"https:\/\/kidsplay.lt\/lv\/products\/viga-toys-montessori-medines-dieneso-kaladeles-geometrines-figuros\/\" \/>\n<meta property=\"og:site_name\" content=\"KidsPlay\" \/>\n<meta property=\"article:publisher\" content=\"https:\/\/www.facebook.com\/www.kidsplay.lt\" \/>\n<meta property=\"article:modified_time\" content=\"2026-04-13T15:31:06+00:00\" \/>\n<meta property=\"og:image\" content=\"https:\/\/kidsplay.lt\/wp-content\/uploads\/2026\/04\/Viga-Toys-Montessori-medines-Dieneso-kaladeles-\u2013-geometrines-figuros.jpg\" \/>\n\t<meta property=\"og:image:width\" content=\"1356\" \/>\n\t<meta property=\"og:image:height\" content=\"1615\" \/>\n\t<meta property=\"og:image:type\" content=\"image\/jpeg\" \/>\n<meta name=\"twitter:card\" content=\"summary_large_image\" \/>\n<meta name=\"twitter:label1\" content=\"Est. reading time\" \/>\n\t<meta name=\"twitter:data1\" content=\"1 min\u016bte\" \/>\n<script type=\"application\/ld+json\" class=\"yoast-schema-graph\">{\"@context\":\"https:\\\/\\\/schema.org\",\"@graph\":[{\"@type\":\"WebPage\",\"@id\":\"https:\\\/\\\/kidsplay.lt\\\/produktas\\\/viga-toys-montessori-medines-dieneso-kaladeles-geometrines-figuros\\\/\",\"url\":\"https:\\\/\\\/kidsplay.lt\\\/produktas\\\/viga-toys-montessori-medines-dieneso-kaladeles-geometrines-figuros\\\/\",\"name\":\"Viga Toys Montessori medin\u0117s Dieneso kalad\u0117l\u0117s \u2013 geometrin\u0117s fig\u016bros\",\"isPartOf\":{\"@id\":\"https:\\\/\\\/kidsplay.lt\\\/#website\"},\"primaryImageOfPage\":{\"@id\":\"https:\\\/\\\/kidsplay.lt\\\/produktas\\\/viga-toys-montessori-medines-dieneso-kaladeles-geometrines-figuros\\\/#primaryimage\"},\"image\":{\"@id\":\"https:\\\/\\\/kidsplay.lt\\\/produktas\\\/viga-toys-montessori-medines-dieneso-kaladeles-geometrines-figuros\\\/#primaryimage\"},\"thumbnailUrl\":\"https:\\\/\\\/kidsplay.lt\\\/wp-content\\\/uploads\\\/2026\\\/04\\\/Viga-Toys-Montessori-medines-Dieneso-kaladeles-\u2013-geometrines-figuros.jpg\",\"datePublished\":\"2026-04-13T15:30:57+00:00\",\"dateModified\":\"2026-04-13T15:31:06+00:00\",\"description\":\"Viga Toys Montessori medin\u0117s Dieneso kalad\u0117l\u0117s \u2013 geometrin\u0117s fig\u016bros - KidsPlay. Did\u017eiausias vaik\u0173 \u017eaisl\u0173 pasirinkimas.\",\"breadcrumb\":{\"@id\":\"https:\\\/\\\/kidsplay.lt\\\/produktas\\\/viga-toys-montessori-medines-dieneso-kaladeles-geometrines-figuros\\\/#breadcrumb\"},\"inLanguage\":\"lv-LV\",\"potentialAction\":[{\"@type\":\"ReadAction\",\"target\":[\"https:\\\/\\\/kidsplay.lt\\\/produktas\\\/viga-toys-montessori-medines-dieneso-kaladeles-geometrines-figuros\\\/\"]}]},{\"@type\":\"ImageObject\",\"inLanguage\":\"lv-LV\",\"@id\":\"https:\\\/\\\/kidsplay.lt\\\/produktas\\\/viga-toys-montessori-medines-dieneso-kaladeles-geometrines-figuros\\\/#primaryimage\",\"url\":\"https:\\\/\\\/kidsplay.lt\\\/wp-content\\\/uploads\\\/2026\\\/04\\\/Viga-Toys-Montessori-medines-Dieneso-kaladeles-\u2013-geometrines-figuros.jpg\",\"contentUrl\":\"https:\\\/\\\/kidsplay.lt\\\/wp-content\\\/uploads\\\/2026\\\/04\\\/Viga-Toys-Montessori-medines-Dieneso-kaladeles-\u2013-geometrines-figuros.jpg\",\"width\":1356,\"height\":1615,\"caption\":\"Viga Toys Montessori medin\u0117s Dieneso kalad\u0117l\u0117s \u2013 geometrin\u0117s fig\u016bros\"},{\"@type\":\"BreadcrumbList\",\"@id\":\"https:\\\/\\\/kidsplay.lt\\\/produktas\\\/viga-toys-montessori-medines-dieneso-kaladeles-geometrines-figuros\\\/#breadcrumb\",\"itemListElement\":[{\"@type\":\"ListItem\",\"position\":1,\"name\":\"Pagrindinis\",\"item\":\"https:\\\/\\\/kidsplay.lt\\\/\"},{\"@type\":\"ListItem\",\"position\":2,\"name\":\"Parduotuv\u0117\",\"item\":\"https:\\\/\\\/kidsplay.lt\\\/parduotuve\\\/\"},{\"@type\":\"ListItem\",\"position\":3,\"name\":\"Viga Toys Montessori medin\u0117s Dieneso kalad\u0117l\u0117s \u2013 geometrin\u0117s fig\u016bros\"}]},{\"@type\":\"WebSite\",\"@id\":\"https:\\\/\\\/kidsplay.lt\\\/#website\",\"url\":\"https:\\\/\\\/kidsplay.lt\\\/\",\"name\":\"Kidsplay.lt\",\"description\":\"\u012evairios prek\u0117s vaikams\",\"publisher\":{\"@id\":\"https:\\\/\\\/kidsplay.lt\\\/#organization\"},\"alternateName\":\"Kidsplay\",\"potentialAction\":[{\"@type\":\"SearchAction\",\"target\":{\"@type\":\"EntryPoint\",\"urlTemplate\":\"https:\\\/\\\/kidsplay.lt\\\/?s={search_term_string}\"},\"query-input\":{\"@type\":\"PropertyValueSpecification\",\"valueRequired\":true,\"valueName\":\"search_term_string\"}}],\"inLanguage\":\"lv-LV\"},{\"@type\":\"Organization\",\"@id\":\"https:\\\/\\\/kidsplay.lt\\\/#organization\",\"name\":\"KidsPlay\",\"url\":\"https:\\\/\\\/kidsplay.lt\\\/\",\"logo\":{\"@type\":\"ImageObject\",\"inLanguage\":\"lv-LV\",\"@id\":\"https:\\\/\\\/kidsplay.lt\\\/#\\\/schema\\\/logo\\\/image\\\/\",\"url\":\"https:\\\/\\\/kidsplay.lt\\\/wp-content\\\/uploads\\\/2023\\\/07\\\/kidsplay-logo.png\",\"contentUrl\":\"https:\\\/\\\/kidsplay.lt\\\/wp-content\\\/uploads\\\/2023\\\/07\\\/kidsplay-logo.png\",\"width\":451,\"height\":98,\"caption\":\"KidsPlay\"},\"image\":{\"@id\":\"https:\\\/\\\/kidsplay.lt\\\/#\\\/schema\\\/logo\\\/image\\\/\"},\"sameAs\":[\"https:\\\/\\\/www.facebook.com\\\/www.kidsplay.lt\"]}]}<\/script>\n<!-- \/ Yoast SEO plugin. -->","yoast_head_json":{"title":"Viga Toys Montessori medin\u0117s Dieneso kalad\u0117l\u0117s \u2013 geometrin\u0117s fig\u016bros","description":"Viga Toys Montessori medin\u0117s Dieneso kalad\u0117l\u0117s \u2013 geometrin\u0117s fig\u016bros - KidsPlay. Did\u017eiausias vaik\u0173 \u017eaisl\u0173 pasirinkimas.","robots":{"index":"index","follow":"follow","max-snippet":"max-snippet:-1","max-image-preview":"max-image-preview:large","max-video-preview":"max-video-preview:-1"},"canonical":"https:\/\/kidsplay.lt\/lv\/products\/viga-toys-montessori-medines-dieneso-kaladeles-geometrines-figuros\/","og_locale":"lv_LV","og_type":"article","og_title":"Viga Toys Montessori medin\u0117s Dieneso kalad\u0117l\u0117s \u2013 geometrin\u0117s fig\u016bros","og_description":"Viga Toys Montessori medin\u0117s Dieneso kalad\u0117l\u0117s \u2013 geometrin\u0117s fig\u016bros - KidsPlay. Did\u017eiausias vaik\u0173 \u017eaisl\u0173 pasirinkimas.","og_url":"https:\/\/kidsplay.lt\/lv\/products\/viga-toys-montessori-medines-dieneso-kaladeles-geometrines-figuros\/","og_site_name":"KidsPlay","article_publisher":"https:\/\/www.facebook.com\/www.kidsplay.lt","article_modified_time":"2026-04-13T15:31:06+00:00","og_image":[{"width":1356,"height":1615,"url":"https:\/\/kidsplay.lt\/wp-content\/uploads\/2026\/04\/Viga-Toys-Montessori-medines-Dieneso-kaladeles-\u2013-geometrines-figuros.jpg","type":"image\/jpeg"}],"twitter_card":"summary_large_image","twitter_misc":{"Est. reading time":"1 min\u016bte"},"schema":{"@context":"https:\/\/schema.org","@graph":[{"@type":"WebPage","@id":"https:\/\/kidsplay.lt\/produktas\/viga-toys-montessori-medines-dieneso-kaladeles-geometrines-figuros\/","url":"https:\/\/kidsplay.lt\/produktas\/viga-toys-montessori-medines-dieneso-kaladeles-geometrines-figuros\/","name":"Viga Toys Montessori medin\u0117s Dieneso kalad\u0117l\u0117s \u2013 geometrin\u0117s fig\u016bros","isPartOf":{"@id":"https:\/\/kidsplay.lt\/#website"},"primaryImageOfPage":{"@id":"https:\/\/kidsplay.lt\/produktas\/viga-toys-montessori-medines-dieneso-kaladeles-geometrines-figuros\/#primaryimage"},"image":{"@id":"https:\/\/kidsplay.lt\/produktas\/viga-toys-montessori-medines-dieneso-kaladeles-geometrines-figuros\/#primaryimage"},"thumbnailUrl":"https:\/\/kidsplay.lt\/wp-content\/uploads\/2026\/04\/Viga-Toys-Montessori-medines-Dieneso-kaladeles-\u2013-geometrines-figuros.jpg","datePublished":"2026-04-13T15:30:57+00:00","dateModified":"2026-04-13T15:31:06+00:00","description":"Viga Toys Montessori medin\u0117s Dieneso kalad\u0117l\u0117s \u2013 geometrin\u0117s fig\u016bros - KidsPlay. Did\u017eiausias vaik\u0173 \u017eaisl\u0173 pasirinkimas.","breadcrumb":{"@id":"https:\/\/kidsplay.lt\/produktas\/viga-toys-montessori-medines-dieneso-kaladeles-geometrines-figuros\/#breadcrumb"},"inLanguage":"lv-LV","potentialAction":[{"@type":"ReadAction","target":["https:\/\/kidsplay.lt\/produktas\/viga-toys-montessori-medines-dieneso-kaladeles-geometrines-figuros\/"]}]},{"@type":"ImageObject","inLanguage":"lv-LV","@id":"https:\/\/kidsplay.lt\/produktas\/viga-toys-montessori-medines-dieneso-kaladeles-geometrines-figuros\/#primaryimage","url":"https:\/\/kidsplay.lt\/wp-content\/uploads\/2026\/04\/Viga-Toys-Montessori-medines-Dieneso-kaladeles-\u2013-geometrines-figuros.jpg","contentUrl":"https:\/\/kidsplay.lt\/wp-content\/uploads\/2026\/04\/Viga-Toys-Montessori-medines-Dieneso-kaladeles-\u2013-geometrines-figuros.jpg","width":1356,"height":1615,"caption":"Viga Toys Montessori medin\u0117s Dieneso kalad\u0117l\u0117s \u2013 geometrin\u0117s fig\u016bros"},{"@type":"BreadcrumbList","@id":"https:\/\/kidsplay.lt\/produktas\/viga-toys-montessori-medines-dieneso-kaladeles-geometrines-figuros\/#breadcrumb","itemListElement":[{"@type":"ListItem","position":1,"name":"Pagrindinis","item":"https:\/\/kidsplay.lt\/"},{"@type":"ListItem","position":2,"name":"Parduotuv\u0117","item":"https:\/\/kidsplay.lt\/parduotuve\/"},{"@type":"ListItem","position":3,"name":"Viga Toys Montessori medin\u0117s Dieneso kalad\u0117l\u0117s \u2013 geometrin\u0117s fig\u016bros"}]},{"@type":"WebSite","@id":"https:\/\/kidsplay.lt\/#website","url":"https:\/\/kidsplay.lt\/","name":"B\u0113rnu sp\u0113les.lv","description":"\u012evairios prek\u0117s vaikams","publisher":{"@id":"https:\/\/kidsplay.lt\/#organization"},"alternateName":"Kidsplay","potentialAction":[{"@type":"SearchAction","target":{"@type":"EntryPoint","urlTemplate":"https:\/\/kidsplay.lt\/?s={search_term_string}"},"query-input":{"@type":"PropertyValueSpecification","valueRequired":true,"valueName":"search_term_string"}}],"inLanguage":"lv-LV"},{"@type":"Organization","@id":"https:\/\/kidsplay.lt\/#organization","name":"B\u0113rnu sp\u0113le","url":"https:\/\/kidsplay.lt\/","logo":{"@type":"ImageObject","inLanguage":"lv-LV","@id":"https:\/\/kidsplay.lt\/#\/schema\/logo\/image\/","url":"https:\/\/kidsplay.lt\/wp-content\/uploads\/2023\/07\/kidsplay-logo.png","contentUrl":"https:\/\/kidsplay.lt\/wp-content\/uploads\/2023\/07\/kidsplay-logo.png","width":451,"height":98,"caption":"KidsPlay"},"image":{"@id":"https:\/\/kidsplay.lt\/#\/schema\/logo\/image\/"},"sameAs":["https:\/\/www.facebook.com\/www.kidsplay.lt"]}]}},"_links":{"self":[{"href":"https:\/\/kidsplay.lt\/lv\/wp-json\/wp\/v2\/product\/104646","targetHints":{"allow":["GET"]}}],"collection":[{"href":"https:\/\/kidsplay.lt\/lv\/wp-json\/wp\/v2\/product"}],"about":[{"href":"https:\/\/kidsplay.lt\/lv\/wp-json\/wp\/v2\/types\/product"}],"version-history":[{"count":0,"href":"https:\/\/kidsplay.lt\/lv\/wp-json\/wp\/v2\/product\/104646\/revisions"}],"wp:featuredmedia":[{"embeddable":true,"href":"https:\/\/kidsplay.lt\/lv\/wp-json\/wp\/v2\/media\/104647"}],"wp:attachment":[{"href":"https:\/\/kidsplay.lt\/lv\/wp-json\/wp\/v2\/media?parent=104646"}],"wp:term":[{"taxonomy":"product_brand","embeddable":true,"href":"https:\/\/kidsplay.lt\/lv\/wp-json\/wp\/v2\/product_brand?post=104646"},{"taxonomy":"product_cat","embeddable":true,"href":"https:\/\/kidsplay.lt\/lv\/wp-json\/wp\/v2\/product_cat?post=104646"},{"taxonomy":"product_tag","embeddable":true,"href":"https:\/\/kidsplay.lt\/lv\/wp-json\/wp\/v2\/product_tag?post=104646"}],"curies":[{"name":"wp","href":"https:\/\/api.w.org\/{rel}","templated":true}]}}