{"id":104656,"date":"2026-04-13T18:31:24","date_gmt":"2026-04-13T15:31:24","guid":{"rendered":"https:\/\/kidsplay.lt\/produktas\/viga-spalvinga-mediniu-kaladeliu-dezute-forest-tales\/"},"modified":"2026-04-21T18:29:56","modified_gmt":"2026-04-21T15:29:56","slug":"viga-spalvinga-mediniu-kaladeliu-dezute-forest-tales","status":"publish","type":"product","link":"https:\/\/kidsplay.lt\/lv\/products\/viga-spalvinga-mediniu-kaladeliu-dezute-forest-tales\/","title":{"rendered":"VIGA kr\u0101saina koka kluc\u012b\u0161u kaste &quot;Me\u017ea pasakas&quot;\u201e"},"content":{"rendered":"<p>Atraskite magi\u0161k\u0105 gamtos pasaul\u012f su VIGA \u201eForest Stories\u201c kalad\u0117li\u0173 rinkiniu! \u0160is turtingas rinkinys, kuriame yra 58 laisvos, spalvingos medin\u0117s detal\u0117s, yra puikus \u017eaislas mokymuisi per laisv\u0105 \u017eaidim\u0105, laikantis Montessori princip\u0173. Ma\u017eyliai gali kurti savo beribes mi\u0161ko scenas ir mokytis apie gyv\u016bnus bei juos supan\u010di\u0105 gamt\u0105. Kalad\u0117l\u0117s skatina interaktyv\u0173 tyrin\u0117jim\u0105 ir yra itin naudingos smulkiosios motorikos lavinimui. Rinkinys supakuotas \u012f patogi\u0105 medin\u0119 d\u0117\u017eut\u0119, skirt\u0105 lengvam laikymui ir r\u016b\u0161iavimui. Tai puikus pasirinkimas t\u0117vams, vertinantiems ekologi\u0161kus ir k\u016brybi\u0161kus \u017eaislus.<br \/>\nRaksturojums:<\/p>\n<p> \ttinka vaikams nuo 3 met\u0173,<br \/>\n \tnet 58 spalvingos medin\u0117s detal\u0117s laisvam \u017eaidimui,<br \/>\n \tatviro tipo \u017eaislas (laisvos detal\u0117s), tinkamas Montessori metodui,<br \/>\n \tmi\u0161ko tema: gyv\u016bn\u0173 fig\u016br\u0117l\u0117s (lokys, elnias, lap\u0117, ki\u0161kis, sraig\u0117, drugelis, boru\u017e\u0117) ir gamtos elementai (med\u017eiai, e\u017eeras, grybai, lapai),<br \/>\n \tpagaminta i\u0161 auk\u0161tos kokyb\u0117s medienos, saugi ir ilgaam\u017e\u0117,<br \/>\n \tkomplekte yra prakti\u0161ka medin\u0117 d\u0117\u017eut\u0117 su skyreliais.<\/p>\n<p>Komplekt\u0101 ietilpst:<\/p>\n<p> \t58 medin\u0117s detal\u0117s (gyv\u016bn\u0173 fig\u016bros ir gamtos elementai),<br \/>\n \tmedin\u0117 d\u0117\u017eut\u0117 su skyreliais.<\/p>","protected":false},"excerpt":{"rendered":"<p>Atraskite magi\u0161k\u0105 gamtos pasaul\u012f su VIGA \u201eForest Stories\u201c kalad\u0117li\u0173 rinkiniu! \u0160is turtingas rinkinys, kuriame yra 58 laisvos, spalvingos medin\u0117s detal\u0117s,<\/p>","protected":false},"featured_media":104657,"template":"","meta":{"_acf_changed":false,"_glsr_average":0,"_glsr_ranking":0,"_glsr_reviews":0},"product_brand":[],"product_cat":[397,883],"product_tag":[],"class_list":{"0":"post-104656","1":"product","2":"type-product","3":"status-publish","4":"has-post-thumbnail","6":"product_cat-medines-deliones-mediniai-zaislai","7":"product_cat-mediniai-zaislai-2","8":"\"style=\"background-color: #2ecc711c;\"","10":"first","11":"instock","12":"purchasable","13":"product-type-simple"},"acf":[],"yoast_head":"<!-- This site is optimized with the Yoast SEO plugin v27.4 - https:\/\/yoast.com\/product\/yoast-seo-wordpress\/ -->\n<title>VIGA spalvinga medini\u0173 kalad\u0117li\u0173 d\u0117\u017eut\u0117 \u201eForest Tales\u201c<\/title>\n<meta name=\"description\" content=\"VIGA spalvinga medini\u0173 kalad\u0117li\u0173 d\u0117\u017eut\u0117 \u201eForest Tales\u201c - KidsPlay. Did\u017eiausias vaik\u0173 \u017eaisl\u0173 pasirinkimas.\" \/>\n<meta name=\"robots\" content=\"index, follow, max-snippet:-1, max-image-preview:large, max-video-preview:-1\" \/>\n<link rel=\"canonical\" href=\"https:\/\/kidsplay.lt\/lv\/products\/viga-spalvinga-mediniu-kaladeliu-dezute-forest-tales\/\" \/>\n<meta property=\"og:locale\" content=\"lv_LV\" \/>\n<meta property=\"og:type\" content=\"article\" \/>\n<meta property=\"og:title\" content=\"VIGA spalvinga medini\u0173 kalad\u0117li\u0173 d\u0117\u017eut\u0117 \u201eForest Tales\u201c\" \/>\n<meta property=\"og:description\" content=\"VIGA spalvinga medini\u0173 kalad\u0117li\u0173 d\u0117\u017eut\u0117 \u201eForest Tales\u201c - KidsPlay. Did\u017eiausias vaik\u0173 \u017eaisl\u0173 pasirinkimas.\" \/>\n<meta property=\"og:url\" content=\"https:\/\/kidsplay.lt\/lv\/products\/viga-spalvinga-mediniu-kaladeliu-dezute-forest-tales\/\" \/>\n<meta property=\"og:site_name\" content=\"KidsPlay\" \/>\n<meta property=\"article:publisher\" content=\"https:\/\/www.facebook.com\/www.kidsplay.lt\" \/>\n<meta property=\"article:modified_time\" content=\"2026-04-21T15:29:56+00:00\" \/>\n<meta property=\"og:image\" content=\"https:\/\/kidsplay.lt\/wp-content\/uploads\/2026\/04\/VIGA-spalvinga-mediniu-kaladeliu-dezute-\u201eForest-Tales.jpg\" \/>\n\t<meta property=\"og:image:width\" content=\"1000\" \/>\n\t<meta property=\"og:image:height\" content=\"1000\" \/>\n\t<meta property=\"og:image:type\" content=\"image\/jpeg\" \/>\n<meta name=\"twitter:card\" content=\"summary_large_image\" \/>\n<meta name=\"twitter:label1\" content=\"Est. reading time\" \/>\n\t<meta name=\"twitter:data1\" content=\"1 min\u016bte\" \/>\n<script type=\"application\/ld+json\" class=\"yoast-schema-graph\">{\"@context\":\"https:\\\/\\\/schema.org\",\"@graph\":[{\"@type\":\"WebPage\",\"@id\":\"https:\\\/\\\/kidsplay.lt\\\/produktas\\\/viga-spalvinga-mediniu-kaladeliu-dezute-forest-tales\\\/\",\"url\":\"https:\\\/\\\/kidsplay.lt\\\/produktas\\\/viga-spalvinga-mediniu-kaladeliu-dezute-forest-tales\\\/\",\"name\":\"VIGA spalvinga medini\u0173 kalad\u0117li\u0173 d\u0117\u017eut\u0117 \u201eForest Tales\u201c\",\"isPartOf\":{\"@id\":\"https:\\\/\\\/kidsplay.lt\\\/#website\"},\"primaryImageOfPage\":{\"@id\":\"https:\\\/\\\/kidsplay.lt\\\/produktas\\\/viga-spalvinga-mediniu-kaladeliu-dezute-forest-tales\\\/#primaryimage\"},\"image\":{\"@id\":\"https:\\\/\\\/kidsplay.lt\\\/produktas\\\/viga-spalvinga-mediniu-kaladeliu-dezute-forest-tales\\\/#primaryimage\"},\"thumbnailUrl\":\"https:\\\/\\\/kidsplay.lt\\\/wp-content\\\/uploads\\\/2026\\\/04\\\/VIGA-spalvinga-mediniu-kaladeliu-dezute-\u201eForest-Tales.jpg\",\"datePublished\":\"2026-04-13T15:31:24+00:00\",\"dateModified\":\"2026-04-21T15:29:56+00:00\",\"description\":\"VIGA spalvinga medini\u0173 kalad\u0117li\u0173 d\u0117\u017eut\u0117 \u201eForest Tales\u201c - KidsPlay. Did\u017eiausias vaik\u0173 \u017eaisl\u0173 pasirinkimas.\",\"breadcrumb\":{\"@id\":\"https:\\\/\\\/kidsplay.lt\\\/produktas\\\/viga-spalvinga-mediniu-kaladeliu-dezute-forest-tales\\\/#breadcrumb\"},\"inLanguage\":\"lv-LV\",\"potentialAction\":[{\"@type\":\"ReadAction\",\"target\":[\"https:\\\/\\\/kidsplay.lt\\\/produktas\\\/viga-spalvinga-mediniu-kaladeliu-dezute-forest-tales\\\/\"]}]},{\"@type\":\"ImageObject\",\"inLanguage\":\"lv-LV\",\"@id\":\"https:\\\/\\\/kidsplay.lt\\\/produktas\\\/viga-spalvinga-mediniu-kaladeliu-dezute-forest-tales\\\/#primaryimage\",\"url\":\"https:\\\/\\\/kidsplay.lt\\\/wp-content\\\/uploads\\\/2026\\\/04\\\/VIGA-spalvinga-mediniu-kaladeliu-dezute-\u201eForest-Tales.jpg\",\"contentUrl\":\"https:\\\/\\\/kidsplay.lt\\\/wp-content\\\/uploads\\\/2026\\\/04\\\/VIGA-spalvinga-mediniu-kaladeliu-dezute-\u201eForest-Tales.jpg\",\"width\":1000,\"height\":1000,\"caption\":\"VIGA spalvinga medini\u0173 kalad\u0117li\u0173 d\u0117\u017eut\u0117 \u201eForest Tales\u201c\"},{\"@type\":\"BreadcrumbList\",\"@id\":\"https:\\\/\\\/kidsplay.lt\\\/produktas\\\/viga-spalvinga-mediniu-kaladeliu-dezute-forest-tales\\\/#breadcrumb\",\"itemListElement\":[{\"@type\":\"ListItem\",\"position\":1,\"name\":\"Pagrindinis\",\"item\":\"https:\\\/\\\/kidsplay.lt\\\/\"},{\"@type\":\"ListItem\",\"position\":2,\"name\":\"Parduotuv\u0117\",\"item\":\"https:\\\/\\\/kidsplay.lt\\\/parduotuve\\\/\"},{\"@type\":\"ListItem\",\"position\":3,\"name\":\"VIGA spalvinga medini\u0173 kalad\u0117li\u0173 d\u0117\u017eut\u0117 \u201eForest Tales\u201c\"}]},{\"@type\":\"WebSite\",\"@id\":\"https:\\\/\\\/kidsplay.lt\\\/#website\",\"url\":\"https:\\\/\\\/kidsplay.lt\\\/\",\"name\":\"Kidsplay.lt\",\"description\":\"\u012evairios prek\u0117s vaikams\",\"publisher\":{\"@id\":\"https:\\\/\\\/kidsplay.lt\\\/#organization\"},\"alternateName\":\"Kidsplay\",\"potentialAction\":[{\"@type\":\"SearchAction\",\"target\":{\"@type\":\"EntryPoint\",\"urlTemplate\":\"https:\\\/\\\/kidsplay.lt\\\/?s={search_term_string}\"},\"query-input\":{\"@type\":\"PropertyValueSpecification\",\"valueRequired\":true,\"valueName\":\"search_term_string\"}}],\"inLanguage\":\"lv-LV\"},{\"@type\":\"Organization\",\"@id\":\"https:\\\/\\\/kidsplay.lt\\\/#organization\",\"name\":\"KidsPlay\",\"url\":\"https:\\\/\\\/kidsplay.lt\\\/\",\"logo\":{\"@type\":\"ImageObject\",\"inLanguage\":\"lv-LV\",\"@id\":\"https:\\\/\\\/kidsplay.lt\\\/#\\\/schema\\\/logo\\\/image\\\/\",\"url\":\"https:\\\/\\\/kidsplay.lt\\\/wp-content\\\/uploads\\\/2023\\\/07\\\/kidsplay-logo.png\",\"contentUrl\":\"https:\\\/\\\/kidsplay.lt\\\/wp-content\\\/uploads\\\/2023\\\/07\\\/kidsplay-logo.png\",\"width\":451,\"height\":98,\"caption\":\"KidsPlay\"},\"image\":{\"@id\":\"https:\\\/\\\/kidsplay.lt\\\/#\\\/schema\\\/logo\\\/image\\\/\"},\"sameAs\":[\"https:\\\/\\\/www.facebook.com\\\/www.kidsplay.lt\"]}]}<\/script>\n<!-- \/ Yoast SEO plugin. -->","yoast_head_json":{"title":"VIGA kr\u0101saina koka kluc\u012b\u0161u kaste &quot;Me\u017ea pasakas&quot;\u201e","description":"VIGA spalvinga medini\u0173 kalad\u0117li\u0173 d\u0117\u017eut\u0117 \u201eForest Tales\u201c - KidsPlay. Did\u017eiausias vaik\u0173 \u017eaisl\u0173 pasirinkimas.","robots":{"index":"index","follow":"follow","max-snippet":"max-snippet:-1","max-image-preview":"max-image-preview:large","max-video-preview":"max-video-preview:-1"},"canonical":"https:\/\/kidsplay.lt\/lv\/products\/viga-spalvinga-mediniu-kaladeliu-dezute-forest-tales\/","og_locale":"lv_LV","og_type":"article","og_title":"VIGA spalvinga medini\u0173 kalad\u0117li\u0173 d\u0117\u017eut\u0117 \u201eForest Tales\u201c","og_description":"VIGA spalvinga medini\u0173 kalad\u0117li\u0173 d\u0117\u017eut\u0117 \u201eForest Tales\u201c - KidsPlay. Did\u017eiausias vaik\u0173 \u017eaisl\u0173 pasirinkimas.","og_url":"https:\/\/kidsplay.lt\/lv\/products\/viga-spalvinga-mediniu-kaladeliu-dezute-forest-tales\/","og_site_name":"KidsPlay","article_publisher":"https:\/\/www.facebook.com\/www.kidsplay.lt","article_modified_time":"2026-04-21T15:29:56+00:00","og_image":[{"width":1000,"height":1000,"url":"https:\/\/kidsplay.lt\/wp-content\/uploads\/2026\/04\/VIGA-spalvinga-mediniu-kaladeliu-dezute-\u201eForest-Tales.jpg","type":"image\/jpeg"}],"twitter_card":"summary_large_image","twitter_misc":{"Est. reading time":"1 min\u016bte"},"schema":{"@context":"https:\/\/schema.org","@graph":[{"@type":"WebPage","@id":"https:\/\/kidsplay.lt\/produktas\/viga-spalvinga-mediniu-kaladeliu-dezute-forest-tales\/","url":"https:\/\/kidsplay.lt\/produktas\/viga-spalvinga-mediniu-kaladeliu-dezute-forest-tales\/","name":"VIGA kr\u0101saina koka kluc\u012b\u0161u kaste &quot;Me\u017ea pasakas&quot;\u201e","isPartOf":{"@id":"https:\/\/kidsplay.lt\/#website"},"primaryImageOfPage":{"@id":"https:\/\/kidsplay.lt\/produktas\/viga-spalvinga-mediniu-kaladeliu-dezute-forest-tales\/#primaryimage"},"image":{"@id":"https:\/\/kidsplay.lt\/produktas\/viga-spalvinga-mediniu-kaladeliu-dezute-forest-tales\/#primaryimage"},"thumbnailUrl":"https:\/\/kidsplay.lt\/wp-content\/uploads\/2026\/04\/VIGA-spalvinga-mediniu-kaladeliu-dezute-\u201eForest-Tales.jpg","datePublished":"2026-04-13T15:31:24+00:00","dateModified":"2026-04-21T15:29:56+00:00","description":"VIGA spalvinga medini\u0173 kalad\u0117li\u0173 d\u0117\u017eut\u0117 \u201eForest Tales\u201c - KidsPlay. Did\u017eiausias vaik\u0173 \u017eaisl\u0173 pasirinkimas.","breadcrumb":{"@id":"https:\/\/kidsplay.lt\/produktas\/viga-spalvinga-mediniu-kaladeliu-dezute-forest-tales\/#breadcrumb"},"inLanguage":"lv-LV","potentialAction":[{"@type":"ReadAction","target":["https:\/\/kidsplay.lt\/produktas\/viga-spalvinga-mediniu-kaladeliu-dezute-forest-tales\/"]}]},{"@type":"ImageObject","inLanguage":"lv-LV","@id":"https:\/\/kidsplay.lt\/produktas\/viga-spalvinga-mediniu-kaladeliu-dezute-forest-tales\/#primaryimage","url":"https:\/\/kidsplay.lt\/wp-content\/uploads\/2026\/04\/VIGA-spalvinga-mediniu-kaladeliu-dezute-\u201eForest-Tales.jpg","contentUrl":"https:\/\/kidsplay.lt\/wp-content\/uploads\/2026\/04\/VIGA-spalvinga-mediniu-kaladeliu-dezute-\u201eForest-Tales.jpg","width":1000,"height":1000,"caption":"VIGA spalvinga medini\u0173 kalad\u0117li\u0173 d\u0117\u017eut\u0117 \u201eForest Tales\u201c"},{"@type":"BreadcrumbList","@id":"https:\/\/kidsplay.lt\/produktas\/viga-spalvinga-mediniu-kaladeliu-dezute-forest-tales\/#breadcrumb","itemListElement":[{"@type":"ListItem","position":1,"name":"Pagrindinis","item":"https:\/\/kidsplay.lt\/"},{"@type":"ListItem","position":2,"name":"Parduotuv\u0117","item":"https:\/\/kidsplay.lt\/parduotuve\/"},{"@type":"ListItem","position":3,"name":"VIGA spalvinga medini\u0173 kalad\u0117li\u0173 d\u0117\u017eut\u0117 \u201eForest Tales\u201c"}]},{"@type":"WebSite","@id":"https:\/\/kidsplay.lt\/#website","url":"https:\/\/kidsplay.lt\/","name":"B\u0113rnu sp\u0113les.lv","description":"\u012evairios prek\u0117s vaikams","publisher":{"@id":"https:\/\/kidsplay.lt\/#organization"},"alternateName":"Kidsplay","potentialAction":[{"@type":"SearchAction","target":{"@type":"EntryPoint","urlTemplate":"https:\/\/kidsplay.lt\/?s={search_term_string}"},"query-input":{"@type":"PropertyValueSpecification","valueRequired":true,"valueName":"search_term_string"}}],"inLanguage":"lv-LV"},{"@type":"Organization","@id":"https:\/\/kidsplay.lt\/#organization","name":"B\u0113rnu sp\u0113le","url":"https:\/\/kidsplay.lt\/","logo":{"@type":"ImageObject","inLanguage":"lv-LV","@id":"https:\/\/kidsplay.lt\/#\/schema\/logo\/image\/","url":"https:\/\/kidsplay.lt\/wp-content\/uploads\/2023\/07\/kidsplay-logo.png","contentUrl":"https:\/\/kidsplay.lt\/wp-content\/uploads\/2023\/07\/kidsplay-logo.png","width":451,"height":98,"caption":"KidsPlay"},"image":{"@id":"https:\/\/kidsplay.lt\/#\/schema\/logo\/image\/"},"sameAs":["https:\/\/www.facebook.com\/www.kidsplay.lt"]}]}},"_links":{"self":[{"href":"https:\/\/kidsplay.lt\/lv\/wp-json\/wp\/v2\/product\/104656","targetHints":{"allow":["GET"]}}],"collection":[{"href":"https:\/\/kidsplay.lt\/lv\/wp-json\/wp\/v2\/product"}],"about":[{"href":"https:\/\/kidsplay.lt\/lv\/wp-json\/wp\/v2\/types\/product"}],"version-history":[{"count":1,"href":"https:\/\/kidsplay.lt\/lv\/wp-json\/wp\/v2\/product\/104656\/revisions"}],"predecessor-version":[{"id":106385,"href":"https:\/\/kidsplay.lt\/lv\/wp-json\/wp\/v2\/product\/104656\/revisions\/106385"}],"wp:featuredmedia":[{"embeddable":true,"href":"https:\/\/kidsplay.lt\/lv\/wp-json\/wp\/v2\/media\/104657"}],"wp:attachment":[{"href":"https:\/\/kidsplay.lt\/lv\/wp-json\/wp\/v2\/media?parent=104656"}],"wp:term":[{"taxonomy":"product_brand","embeddable":true,"href":"https:\/\/kidsplay.lt\/lv\/wp-json\/wp\/v2\/product_brand?post=104656"},{"taxonomy":"product_cat","embeddable":true,"href":"https:\/\/kidsplay.lt\/lv\/wp-json\/wp\/v2\/product_cat?post=104656"},{"taxonomy":"product_tag","embeddable":true,"href":"https:\/\/kidsplay.lt\/lv\/wp-json\/wp\/v2\/product_tag?post=104656"}],"curies":[{"name":"wp","href":"https:\/\/api.w.org\/{rel}","templated":true}]}}