{"id":104667,"date":"2026-04-14T18:29:59","date_gmt":"2026-04-14T15:29:59","guid":{"rendered":"https:\/\/kidsplay.lt\/produktas\/viga-nature-treasures-medines-kaladeles-montessori-delione\/"},"modified":"2026-04-14T18:30:00","modified_gmt":"2026-04-14T15:30:00","slug":"viga-nature-treasures-medines-kaladeles-montessori-delione","status":"publish","type":"product","link":"https:\/\/kidsplay.lt\/lv\/products\/viga-nature-treasures-medines-kaladeles-montessori-delione\/","title":{"rendered":"VIGA \u201eNature Treasures\u201c medin\u0117s kalad\u0117l\u0117s \u2013 Montessori d\u0117lion\u0117"},"content":{"rendered":"<p>VIGA \u201eNature Treasures\u201c kalad\u0117l\u0117s turi 141 laisv\u0105 detal\u0119, \u012fkv\u0117pt\u0105 gamtos \u2013 gryb\u0173, korio form\u0173, akmen\u0173, kankor\u0117\u017ei\u0173 ir kit\u0173 element\u0173. D\u0117l atviro dizaino kalad\u0117l\u0117s neprimeta taisykli\u0173 \u2013 vaikai gali laisvai r\u016b\u0161iuoti, statyti ir kurti savo istorijas. Rinkinys lavina smulki\u0105j\u0105 motorik\u0105, d\u0117mesio koncentracij\u0105 ir vaizduot\u0119, tod\u0117l tai puikus \u012frankis sensoriniam ir k\u016brybiniam \u017eaidimui. Tai daugiau nei \u017eaislas \u2013 tai investicija \u012f vaiko vystym\u0105si!<br \/>\nRaksturojums:<\/p>\n<p> \t141 gamtos \u012fkv\u0117ptas elementas \u2013 grybai, korio strukt\u016bros, \u201eakmenys\u201c, kankor\u0117\u017eiai, \u017eiedai, \u017emogeliuk\u0173 fig\u016br\u0117l\u0117s, augal\u0173 detal\u0117s,<br \/>\n \tatviras \u017eaidimo principas \u2013 n\u0117ra grie\u017et\u0173 taisykli\u0173, skatinamas k\u016brybi\u0161kumas,<br \/>\n \tlavina smulki\u0105j\u0105 motorik\u0105 \u2013 tiksl\u016bs rank\u0173 judesiai ir aki\u0173\u2013rank\u0173 koordinacija,<br \/>\n \tsensorinis \u017eaidimas \u2013 \u012fvairios formos, spalvos ir tekst\u016bros,<br \/>\n \tskatina k\u016brybi\u0161kum\u0105 ir vaizduot\u0119 \u2013 vaikas kuria savo istorijas,<br \/>\n \tskatina bendr\u0105 \u017eaidim\u0105 \u2013 emocin\u0117 ir socialin\u0117 raida.<\/p>","protected":false},"excerpt":{"rendered":"<p>VIGA \u201eNature Treasures\u201c kalad\u0117l\u0117s turi 141 laisv\u0105 detal\u0119, \u012fkv\u0117pt\u0105 gamtos \u2013 gryb\u0173, korio form\u0173, akmen\u0173, kankor\u0117\u017ei\u0173 ir kit\u0173 element\u0173. D\u0117l<\/p>","protected":false},"featured_media":104669,"template":"","meta":{"_acf_changed":false,"_glsr_average":0,"_glsr_ranking":0,"_glsr_reviews":0},"product_brand":[],"product_cat":[],"product_tag":[],"class_list":{"0":"post-104667","1":"product","2":"type-product","3":"status-publish","4":"has-post-thumbnail","6":"\"style=\"background-color: #2ecc711c;\"","8":"first","9":"instock","10":"purchasable","11":"product-type-simple"},"acf":[],"yoast_head":"<!-- This site is optimized with the Yoast SEO plugin v27.4 - https:\/\/yoast.com\/product\/yoast-seo-wordpress\/ -->\n<title>VIGA \u201eNature Treasures\u201c medin\u0117s kalad\u0117l\u0117s \u2013 Montessori d\u0117lion\u0117<\/title>\n<meta name=\"description\" content=\"VIGA \u201eNature Treasures\u201c medin\u0117s kalad\u0117l\u0117s \u2013 Montessori d\u0117lion\u0117 - KidsPlay. Did\u017eiausias vaik\u0173 \u017eaisl\u0173 pasirinkimas.\" \/>\n<meta name=\"robots\" content=\"index, follow, max-snippet:-1, max-image-preview:large, max-video-preview:-1\" \/>\n<link rel=\"canonical\" href=\"https:\/\/kidsplay.lt\/lv\/products\/viga-nature-treasures-medines-kaladeles-montessori-delione\/\" \/>\n<meta property=\"og:locale\" content=\"lv_LV\" \/>\n<meta property=\"og:type\" content=\"article\" \/>\n<meta property=\"og:title\" content=\"VIGA \u201eNature Treasures\u201c medin\u0117s kalad\u0117l\u0117s \u2013 Montessori d\u0117lion\u0117\" \/>\n<meta property=\"og:description\" content=\"VIGA \u201eNature Treasures\u201c medin\u0117s kalad\u0117l\u0117s \u2013 Montessori d\u0117lion\u0117 - KidsPlay. Did\u017eiausias vaik\u0173 \u017eaisl\u0173 pasirinkimas.\" \/>\n<meta property=\"og:url\" content=\"https:\/\/kidsplay.lt\/lv\/products\/viga-nature-treasures-medines-kaladeles-montessori-delione\/\" \/>\n<meta property=\"og:site_name\" content=\"KidsPlay\" \/>\n<meta property=\"article:publisher\" content=\"https:\/\/www.facebook.com\/www.kidsplay.lt\" \/>\n<meta property=\"article:modified_time\" content=\"2026-04-14T15:30:00+00:00\" \/>\n<meta property=\"og:image\" content=\"https:\/\/kidsplay.lt\/wp-content\/uploads\/2026\/04\/VIGA-\u201eNature-Treasures-medines-kaladeles-\u2013-Montessori-delione.jpg\" \/>\n\t<meta property=\"og:image:width\" content=\"1000\" \/>\n\t<meta property=\"og:image:height\" content=\"1000\" \/>\n\t<meta property=\"og:image:type\" content=\"image\/jpeg\" \/>\n<meta name=\"twitter:card\" content=\"summary_large_image\" \/>\n<meta name=\"twitter:label1\" content=\"Est. reading time\" \/>\n\t<meta name=\"twitter:data1\" content=\"1 min\u016bte\" \/>\n<script type=\"application\/ld+json\" class=\"yoast-schema-graph\">{\"@context\":\"https:\\\/\\\/schema.org\",\"@graph\":[{\"@type\":\"WebPage\",\"@id\":\"https:\\\/\\\/kidsplay.lt\\\/produktas\\\/viga-nature-treasures-medines-kaladeles-montessori-delione\\\/\",\"url\":\"https:\\\/\\\/kidsplay.lt\\\/produktas\\\/viga-nature-treasures-medines-kaladeles-montessori-delione\\\/\",\"name\":\"VIGA \u201eNature Treasures\u201c medin\u0117s kalad\u0117l\u0117s \u2013 Montessori d\u0117lion\u0117\",\"isPartOf\":{\"@id\":\"https:\\\/\\\/kidsplay.lt\\\/#website\"},\"primaryImageOfPage\":{\"@id\":\"https:\\\/\\\/kidsplay.lt\\\/produktas\\\/viga-nature-treasures-medines-kaladeles-montessori-delione\\\/#primaryimage\"},\"image\":{\"@id\":\"https:\\\/\\\/kidsplay.lt\\\/produktas\\\/viga-nature-treasures-medines-kaladeles-montessori-delione\\\/#primaryimage\"},\"thumbnailUrl\":\"https:\\\/\\\/kidsplay.lt\\\/wp-content\\\/uploads\\\/2026\\\/04\\\/VIGA-\u201eNature-Treasures-medines-kaladeles-\u2013-Montessori-delione.jpg\",\"datePublished\":\"2026-04-14T15:29:59+00:00\",\"dateModified\":\"2026-04-14T15:30:00+00:00\",\"description\":\"VIGA \u201eNature Treasures\u201c medin\u0117s kalad\u0117l\u0117s \u2013 Montessori d\u0117lion\u0117 - KidsPlay. Did\u017eiausias vaik\u0173 \u017eaisl\u0173 pasirinkimas.\",\"breadcrumb\":{\"@id\":\"https:\\\/\\\/kidsplay.lt\\\/produktas\\\/viga-nature-treasures-medines-kaladeles-montessori-delione\\\/#breadcrumb\"},\"inLanguage\":\"lv-LV\",\"potentialAction\":[{\"@type\":\"ReadAction\",\"target\":[\"https:\\\/\\\/kidsplay.lt\\\/produktas\\\/viga-nature-treasures-medines-kaladeles-montessori-delione\\\/\"]}]},{\"@type\":\"ImageObject\",\"inLanguage\":\"lv-LV\",\"@id\":\"https:\\\/\\\/kidsplay.lt\\\/produktas\\\/viga-nature-treasures-medines-kaladeles-montessori-delione\\\/#primaryimage\",\"url\":\"https:\\\/\\\/kidsplay.lt\\\/wp-content\\\/uploads\\\/2026\\\/04\\\/VIGA-\u201eNature-Treasures-medines-kaladeles-\u2013-Montessori-delione.jpg\",\"contentUrl\":\"https:\\\/\\\/kidsplay.lt\\\/wp-content\\\/uploads\\\/2026\\\/04\\\/VIGA-\u201eNature-Treasures-medines-kaladeles-\u2013-Montessori-delione.jpg\",\"width\":1000,\"height\":1000,\"caption\":\"VIGA \u201eNature Treasures\u201c medin\u0117s kalad\u0117l\u0117s \u2013 Montessori d\u0117lion\u0117\"},{\"@type\":\"BreadcrumbList\",\"@id\":\"https:\\\/\\\/kidsplay.lt\\\/produktas\\\/viga-nature-treasures-medines-kaladeles-montessori-delione\\\/#breadcrumb\",\"itemListElement\":[{\"@type\":\"ListItem\",\"position\":1,\"name\":\"Pagrindinis\",\"item\":\"https:\\\/\\\/kidsplay.lt\\\/\"},{\"@type\":\"ListItem\",\"position\":2,\"name\":\"Parduotuv\u0117\",\"item\":\"https:\\\/\\\/kidsplay.lt\\\/parduotuve\\\/\"},{\"@type\":\"ListItem\",\"position\":3,\"name\":\"VIGA \u201eNature Treasures\u201c medin\u0117s kalad\u0117l\u0117s \u2013 Montessori d\u0117lion\u0117\"}]},{\"@type\":\"WebSite\",\"@id\":\"https:\\\/\\\/kidsplay.lt\\\/#website\",\"url\":\"https:\\\/\\\/kidsplay.lt\\\/\",\"name\":\"Kidsplay.lt\",\"description\":\"\u012evairios prek\u0117s vaikams\",\"publisher\":{\"@id\":\"https:\\\/\\\/kidsplay.lt\\\/#organization\"},\"alternateName\":\"Kidsplay\",\"potentialAction\":[{\"@type\":\"SearchAction\",\"target\":{\"@type\":\"EntryPoint\",\"urlTemplate\":\"https:\\\/\\\/kidsplay.lt\\\/?s={search_term_string}\"},\"query-input\":{\"@type\":\"PropertyValueSpecification\",\"valueRequired\":true,\"valueName\":\"search_term_string\"}}],\"inLanguage\":\"lv-LV\"},{\"@type\":\"Organization\",\"@id\":\"https:\\\/\\\/kidsplay.lt\\\/#organization\",\"name\":\"KidsPlay\",\"url\":\"https:\\\/\\\/kidsplay.lt\\\/\",\"logo\":{\"@type\":\"ImageObject\",\"inLanguage\":\"lv-LV\",\"@id\":\"https:\\\/\\\/kidsplay.lt\\\/#\\\/schema\\\/logo\\\/image\\\/\",\"url\":\"https:\\\/\\\/kidsplay.lt\\\/wp-content\\\/uploads\\\/2023\\\/07\\\/kidsplay-logo.png\",\"contentUrl\":\"https:\\\/\\\/kidsplay.lt\\\/wp-content\\\/uploads\\\/2023\\\/07\\\/kidsplay-logo.png\",\"width\":451,\"height\":98,\"caption\":\"KidsPlay\"},\"image\":{\"@id\":\"https:\\\/\\\/kidsplay.lt\\\/#\\\/schema\\\/logo\\\/image\\\/\"},\"sameAs\":[\"https:\\\/\\\/www.facebook.com\\\/www.kidsplay.lt\"]}]}<\/script>\n<!-- \/ Yoast SEO plugin. -->","yoast_head_json":{"title":"VIGA \u201eNature Treasures\u201c medin\u0117s kalad\u0117l\u0117s \u2013 Montessori d\u0117lion\u0117","description":"VIGA \u201eNature Treasures\u201c medin\u0117s kalad\u0117l\u0117s \u2013 Montessori d\u0117lion\u0117 - KidsPlay. Did\u017eiausias vaik\u0173 \u017eaisl\u0173 pasirinkimas.","robots":{"index":"index","follow":"follow","max-snippet":"max-snippet:-1","max-image-preview":"max-image-preview:large","max-video-preview":"max-video-preview:-1"},"canonical":"https:\/\/kidsplay.lt\/lv\/products\/viga-nature-treasures-medines-kaladeles-montessori-delione\/","og_locale":"lv_LV","og_type":"article","og_title":"VIGA \u201eNature Treasures\u201c medin\u0117s kalad\u0117l\u0117s \u2013 Montessori d\u0117lion\u0117","og_description":"VIGA \u201eNature Treasures\u201c medin\u0117s kalad\u0117l\u0117s \u2013 Montessori d\u0117lion\u0117 - KidsPlay. Did\u017eiausias vaik\u0173 \u017eaisl\u0173 pasirinkimas.","og_url":"https:\/\/kidsplay.lt\/lv\/products\/viga-nature-treasures-medines-kaladeles-montessori-delione\/","og_site_name":"KidsPlay","article_publisher":"https:\/\/www.facebook.com\/www.kidsplay.lt","article_modified_time":"2026-04-14T15:30:00+00:00","og_image":[{"width":1000,"height":1000,"url":"https:\/\/kidsplay.lt\/wp-content\/uploads\/2026\/04\/VIGA-\u201eNature-Treasures-medines-kaladeles-\u2013-Montessori-delione.jpg","type":"image\/jpeg"}],"twitter_card":"summary_large_image","twitter_misc":{"Est. reading time":"1 min\u016bte"},"schema":{"@context":"https:\/\/schema.org","@graph":[{"@type":"WebPage","@id":"https:\/\/kidsplay.lt\/produktas\/viga-nature-treasures-medines-kaladeles-montessori-delione\/","url":"https:\/\/kidsplay.lt\/produktas\/viga-nature-treasures-medines-kaladeles-montessori-delione\/","name":"VIGA \u201eNature Treasures\u201c medin\u0117s kalad\u0117l\u0117s \u2013 Montessori d\u0117lion\u0117","isPartOf":{"@id":"https:\/\/kidsplay.lt\/#website"},"primaryImageOfPage":{"@id":"https:\/\/kidsplay.lt\/produktas\/viga-nature-treasures-medines-kaladeles-montessori-delione\/#primaryimage"},"image":{"@id":"https:\/\/kidsplay.lt\/produktas\/viga-nature-treasures-medines-kaladeles-montessori-delione\/#primaryimage"},"thumbnailUrl":"https:\/\/kidsplay.lt\/wp-content\/uploads\/2026\/04\/VIGA-\u201eNature-Treasures-medines-kaladeles-\u2013-Montessori-delione.jpg","datePublished":"2026-04-14T15:29:59+00:00","dateModified":"2026-04-14T15:30:00+00:00","description":"VIGA \u201eNature Treasures\u201c medin\u0117s kalad\u0117l\u0117s \u2013 Montessori d\u0117lion\u0117 - KidsPlay. Did\u017eiausias vaik\u0173 \u017eaisl\u0173 pasirinkimas.","breadcrumb":{"@id":"https:\/\/kidsplay.lt\/produktas\/viga-nature-treasures-medines-kaladeles-montessori-delione\/#breadcrumb"},"inLanguage":"lv-LV","potentialAction":[{"@type":"ReadAction","target":["https:\/\/kidsplay.lt\/produktas\/viga-nature-treasures-medines-kaladeles-montessori-delione\/"]}]},{"@type":"ImageObject","inLanguage":"lv-LV","@id":"https:\/\/kidsplay.lt\/produktas\/viga-nature-treasures-medines-kaladeles-montessori-delione\/#primaryimage","url":"https:\/\/kidsplay.lt\/wp-content\/uploads\/2026\/04\/VIGA-\u201eNature-Treasures-medines-kaladeles-\u2013-Montessori-delione.jpg","contentUrl":"https:\/\/kidsplay.lt\/wp-content\/uploads\/2026\/04\/VIGA-\u201eNature-Treasures-medines-kaladeles-\u2013-Montessori-delione.jpg","width":1000,"height":1000,"caption":"VIGA \u201eNature Treasures\u201c medin\u0117s kalad\u0117l\u0117s \u2013 Montessori d\u0117lion\u0117"},{"@type":"BreadcrumbList","@id":"https:\/\/kidsplay.lt\/produktas\/viga-nature-treasures-medines-kaladeles-montessori-delione\/#breadcrumb","itemListElement":[{"@type":"ListItem","position":1,"name":"Pagrindinis","item":"https:\/\/kidsplay.lt\/"},{"@type":"ListItem","position":2,"name":"Parduotuv\u0117","item":"https:\/\/kidsplay.lt\/parduotuve\/"},{"@type":"ListItem","position":3,"name":"VIGA \u201eNature Treasures\u201c medin\u0117s kalad\u0117l\u0117s \u2013 Montessori d\u0117lion\u0117"}]},{"@type":"WebSite","@id":"https:\/\/kidsplay.lt\/#website","url":"https:\/\/kidsplay.lt\/","name":"B\u0113rnu sp\u0113les.lv","description":"\u012evairios prek\u0117s vaikams","publisher":{"@id":"https:\/\/kidsplay.lt\/#organization"},"alternateName":"Kidsplay","potentialAction":[{"@type":"SearchAction","target":{"@type":"EntryPoint","urlTemplate":"https:\/\/kidsplay.lt\/?s={search_term_string}"},"query-input":{"@type":"PropertyValueSpecification","valueRequired":true,"valueName":"search_term_string"}}],"inLanguage":"lv-LV"},{"@type":"Organization","@id":"https:\/\/kidsplay.lt\/#organization","name":"B\u0113rnu sp\u0113le","url":"https:\/\/kidsplay.lt\/","logo":{"@type":"ImageObject","inLanguage":"lv-LV","@id":"https:\/\/kidsplay.lt\/#\/schema\/logo\/image\/","url":"https:\/\/kidsplay.lt\/wp-content\/uploads\/2023\/07\/kidsplay-logo.png","contentUrl":"https:\/\/kidsplay.lt\/wp-content\/uploads\/2023\/07\/kidsplay-logo.png","width":451,"height":98,"caption":"KidsPlay"},"image":{"@id":"https:\/\/kidsplay.lt\/#\/schema\/logo\/image\/"},"sameAs":["https:\/\/www.facebook.com\/www.kidsplay.lt"]}]}},"_links":{"self":[{"href":"https:\/\/kidsplay.lt\/lv\/wp-json\/wp\/v2\/product\/104667","targetHints":{"allow":["GET"]}}],"collection":[{"href":"https:\/\/kidsplay.lt\/lv\/wp-json\/wp\/v2\/product"}],"about":[{"href":"https:\/\/kidsplay.lt\/lv\/wp-json\/wp\/v2\/types\/product"}],"version-history":[{"count":1,"href":"https:\/\/kidsplay.lt\/lv\/wp-json\/wp\/v2\/product\/104667\/revisions"}],"predecessor-version":[{"id":104668,"href":"https:\/\/kidsplay.lt\/lv\/wp-json\/wp\/v2\/product\/104667\/revisions\/104668"}],"wp:featuredmedia":[{"embeddable":true,"href":"https:\/\/kidsplay.lt\/lv\/wp-json\/wp\/v2\/media\/104669"}],"wp:attachment":[{"href":"https:\/\/kidsplay.lt\/lv\/wp-json\/wp\/v2\/media?parent=104667"}],"wp:term":[{"taxonomy":"product_brand","embeddable":true,"href":"https:\/\/kidsplay.lt\/lv\/wp-json\/wp\/v2\/product_brand?post=104667"},{"taxonomy":"product_cat","embeddable":true,"href":"https:\/\/kidsplay.lt\/lv\/wp-json\/wp\/v2\/product_cat?post=104667"},{"taxonomy":"product_tag","embeddable":true,"href":"https:\/\/kidsplay.lt\/lv\/wp-json\/wp\/v2\/product_tag?post=104667"}],"curies":[{"name":"wp","href":"https:\/\/api.w.org\/{rel}","templated":true}]}}