{"id":105458,"date":"2026-04-15T18:30:29","date_gmt":"2026-04-15T15:30:29","guid":{"rendered":"https:\/\/kidsplay.lt\/produktas\/viga-medine-montessori-2-in-1-delione-ukio-figuros\/"},"modified":"2026-04-15T18:30:46","modified_gmt":"2026-04-15T15:30:46","slug":"viga-medine-montessori-2-in-1-delione-ukio-figuros","status":"publish","type":"product","link":"https:\/\/kidsplay.lt\/lv\/products\/viga-medine-montessori-2-in-1-delione-ukio-figuros\/","title":{"rendered":"VIGA koka Montessori puzle 2-in-1 &quot;Lauku fig\u016bri\u0146as&quot;\u201e"},"content":{"rendered":"<p>VIGA medin\u0117 d\u0117lion\u0117 Montessori 2-in-1 \u201e\u016akis\u201c<br \/>\nMedin\u0117 VIGA d\u0117lion\u0117 \u016bkio tema. Rinkin\u012f sudaro spalvinga lentel\u0117 ir 7 detal\u0117s. \u017daidimo esm\u0117 \u2013 suderinti gyv\u016bn\u0173 kalad\u0117les su atitinkamomis vietomis spalvingame pagrinde, kuriame pavaizduotos tr\u016bkstam\u0173 element\u0173 iliustracijos, padedan\u010dios lengviau orientuotis. Tokia veikla padeda lavinti tikslius rank\u0173 judesius, gerina aki\u0173 ir rank\u0173 koordinacij\u0105, taip pat treniruoja atmint\u012f, login\u012f m\u0105stym\u0105 ir susikaupim\u0105. D\u0117l detali\u0173 storio d\u0117lion\u0117s gali b\u016bti naudojamos ir kaip fig\u016br\u0117l\u0117s kitam \u017eaidimui.<br \/>\nRaksturojums:<\/p>\n<p> \t\u017eaislas nuo 18 m\u0117nesi\u0173,<br \/>\n \tspalvinga lentel\u0117 su tr\u016bkstam\u0173 element\u0173 pie\u0161iniais,<br \/>\n \t7 gyv\u016bn\u0173 d\u0117lion\u0117s: vi\u0161ta, avys, arklys, triu\u0161is, antis, \u0161uo ir karv\u0117,<br \/>\n \tdetal\u0117s gali b\u016bti naudojamos kaip fig\u016br\u0117l\u0117s,<br \/>\n \t\u017eaislas pagamintas i\u0161 medienos.<\/p>","protected":false},"excerpt":{"rendered":"<p>VIGA medin\u0117 d\u0117lion\u0117 Montessori 2-in-1 \u201e\u016akis\u201c Medin\u0117 VIGA d\u0117lion\u0117 \u016bkio tema. Rinkin\u012f sudaro spalvinga lentel\u0117 ir 7 detal\u0117s. \u017daidimo esm\u0117<\/p>","protected":false},"featured_media":105460,"template":"","meta":{"_acf_changed":false,"_glsr_average":0,"_glsr_ranking":0,"_glsr_reviews":0},"product_brand":[],"product_cat":[396,229],"product_tag":[],"class_list":{"0":"post-105458","1":"product","2":"type-product","3":"status-publish","4":"has-post-thumbnail","6":"product_cat-kudikiu-zaislai-vaikams2","7":"product_cat-zaislai-vaikams","8":"\"style=\"background-color: #2ecc711c;\"","10":"first","11":"instock","12":"purchasable","13":"product-type-simple"},"acf":[],"yoast_head":"<!-- This site is optimized with the Yoast SEO plugin v27.4 - https:\/\/yoast.com\/product\/yoast-seo-wordpress\/ -->\n<title>VIGA medin\u0117 Montessori 2-in-1 d\u0117lion\u0117 \u201e\u016akio fig\u016bros\u201c<\/title>\n<meta name=\"description\" content=\"VIGA medin\u0117 Montessori 2-in-1 d\u0117lion\u0117 \u201e\u016akio fig\u016bros\u201c - KidsPlay. Did\u017eiausias vaik\u0173 \u017eaisl\u0173 pasirinkimas.\" \/>\n<meta name=\"robots\" content=\"index, follow, max-snippet:-1, max-image-preview:large, max-video-preview:-1\" \/>\n<link rel=\"canonical\" href=\"https:\/\/kidsplay.lt\/lv\/products\/viga-medine-montessori-2-in-1-delione-ukio-figuros\/\" \/>\n<meta property=\"og:locale\" content=\"lv_LV\" \/>\n<meta property=\"og:type\" content=\"article\" \/>\n<meta property=\"og:title\" content=\"VIGA medin\u0117 Montessori 2-in-1 d\u0117lion\u0117 \u201e\u016akio fig\u016bros\u201c\" \/>\n<meta property=\"og:description\" content=\"VIGA medin\u0117 Montessori 2-in-1 d\u0117lion\u0117 \u201e\u016akio fig\u016bros\u201c - KidsPlay. Did\u017eiausias vaik\u0173 \u017eaisl\u0173 pasirinkimas.\" \/>\n<meta property=\"og:url\" content=\"https:\/\/kidsplay.lt\/lv\/products\/viga-medine-montessori-2-in-1-delione-ukio-figuros\/\" \/>\n<meta property=\"og:site_name\" content=\"KidsPlay\" \/>\n<meta property=\"article:publisher\" content=\"https:\/\/www.facebook.com\/www.kidsplay.lt\" \/>\n<meta property=\"article:modified_time\" content=\"2026-04-15T15:30:46+00:00\" \/>\n<meta property=\"og:image\" content=\"https:\/\/kidsplay.lt\/wp-content\/uploads\/2026\/04\/VIGA-medine-Montessori-2-in-1-delione-\u201eUkio-figuros.jpg\" \/>\n\t<meta property=\"og:image:width\" content=\"2560\" \/>\n\t<meta property=\"og:image:height\" content=\"2560\" \/>\n\t<meta property=\"og:image:type\" content=\"image\/jpeg\" \/>\n<meta name=\"twitter:card\" content=\"summary_large_image\" \/>\n<meta name=\"twitter:label1\" content=\"Est. reading time\" \/>\n\t<meta name=\"twitter:data1\" content=\"1 min\u016bte\" \/>\n<script type=\"application\/ld+json\" class=\"yoast-schema-graph\">{\"@context\":\"https:\\\/\\\/schema.org\",\"@graph\":[{\"@type\":\"WebPage\",\"@id\":\"https:\\\/\\\/kidsplay.lt\\\/produktas\\\/viga-medine-montessori-2-in-1-delione-ukio-figuros\\\/\",\"url\":\"https:\\\/\\\/kidsplay.lt\\\/produktas\\\/viga-medine-montessori-2-in-1-delione-ukio-figuros\\\/\",\"name\":\"VIGA medin\u0117 Montessori 2-in-1 d\u0117lion\u0117 \u201e\u016akio fig\u016bros\u201c\",\"isPartOf\":{\"@id\":\"https:\\\/\\\/kidsplay.lt\\\/#website\"},\"primaryImageOfPage\":{\"@id\":\"https:\\\/\\\/kidsplay.lt\\\/produktas\\\/viga-medine-montessori-2-in-1-delione-ukio-figuros\\\/#primaryimage\"},\"image\":{\"@id\":\"https:\\\/\\\/kidsplay.lt\\\/produktas\\\/viga-medine-montessori-2-in-1-delione-ukio-figuros\\\/#primaryimage\"},\"thumbnailUrl\":\"https:\\\/\\\/kidsplay.lt\\\/wp-content\\\/uploads\\\/2026\\\/04\\\/VIGA-medine-Montessori-2-in-1-delione-\u201eUkio-figuros.jpg\",\"datePublished\":\"2026-04-15T15:30:29+00:00\",\"dateModified\":\"2026-04-15T15:30:46+00:00\",\"description\":\"VIGA medin\u0117 Montessori 2-in-1 d\u0117lion\u0117 \u201e\u016akio fig\u016bros\u201c - KidsPlay. Did\u017eiausias vaik\u0173 \u017eaisl\u0173 pasirinkimas.\",\"breadcrumb\":{\"@id\":\"https:\\\/\\\/kidsplay.lt\\\/produktas\\\/viga-medine-montessori-2-in-1-delione-ukio-figuros\\\/#breadcrumb\"},\"inLanguage\":\"lv-LV\",\"potentialAction\":[{\"@type\":\"ReadAction\",\"target\":[\"https:\\\/\\\/kidsplay.lt\\\/produktas\\\/viga-medine-montessori-2-in-1-delione-ukio-figuros\\\/\"]}]},{\"@type\":\"ImageObject\",\"inLanguage\":\"lv-LV\",\"@id\":\"https:\\\/\\\/kidsplay.lt\\\/produktas\\\/viga-medine-montessori-2-in-1-delione-ukio-figuros\\\/#primaryimage\",\"url\":\"https:\\\/\\\/kidsplay.lt\\\/wp-content\\\/uploads\\\/2026\\\/04\\\/VIGA-medine-Montessori-2-in-1-delione-\u201eUkio-figuros.jpg\",\"contentUrl\":\"https:\\\/\\\/kidsplay.lt\\\/wp-content\\\/uploads\\\/2026\\\/04\\\/VIGA-medine-Montessori-2-in-1-delione-\u201eUkio-figuros.jpg\",\"width\":2560,\"height\":2560,\"caption\":\"VIGA medin\u0117 Montessori 2-in-1 d\u0117lion\u0117 \u201e\u016akio fig\u016bros\u201c\"},{\"@type\":\"BreadcrumbList\",\"@id\":\"https:\\\/\\\/kidsplay.lt\\\/produktas\\\/viga-medine-montessori-2-in-1-delione-ukio-figuros\\\/#breadcrumb\",\"itemListElement\":[{\"@type\":\"ListItem\",\"position\":1,\"name\":\"Pagrindinis\",\"item\":\"https:\\\/\\\/kidsplay.lt\\\/\"},{\"@type\":\"ListItem\",\"position\":2,\"name\":\"Parduotuv\u0117\",\"item\":\"https:\\\/\\\/kidsplay.lt\\\/parduotuve\\\/\"},{\"@type\":\"ListItem\",\"position\":3,\"name\":\"VIGA medin\u0117 Montessori 2-in-1 d\u0117lion\u0117 \u201e\u016akio fig\u016bros\u201c\"}]},{\"@type\":\"WebSite\",\"@id\":\"https:\\\/\\\/kidsplay.lt\\\/#website\",\"url\":\"https:\\\/\\\/kidsplay.lt\\\/\",\"name\":\"Kidsplay.lt\",\"description\":\"\u012evairios prek\u0117s vaikams\",\"publisher\":{\"@id\":\"https:\\\/\\\/kidsplay.lt\\\/#organization\"},\"alternateName\":\"Kidsplay\",\"potentialAction\":[{\"@type\":\"SearchAction\",\"target\":{\"@type\":\"EntryPoint\",\"urlTemplate\":\"https:\\\/\\\/kidsplay.lt\\\/?s={search_term_string}\"},\"query-input\":{\"@type\":\"PropertyValueSpecification\",\"valueRequired\":true,\"valueName\":\"search_term_string\"}}],\"inLanguage\":\"lv-LV\"},{\"@type\":\"Organization\",\"@id\":\"https:\\\/\\\/kidsplay.lt\\\/#organization\",\"name\":\"KidsPlay\",\"url\":\"https:\\\/\\\/kidsplay.lt\\\/\",\"logo\":{\"@type\":\"ImageObject\",\"inLanguage\":\"lv-LV\",\"@id\":\"https:\\\/\\\/kidsplay.lt\\\/#\\\/schema\\\/logo\\\/image\\\/\",\"url\":\"https:\\\/\\\/kidsplay.lt\\\/wp-content\\\/uploads\\\/2023\\\/07\\\/kidsplay-logo.png\",\"contentUrl\":\"https:\\\/\\\/kidsplay.lt\\\/wp-content\\\/uploads\\\/2023\\\/07\\\/kidsplay-logo.png\",\"width\":451,\"height\":98,\"caption\":\"KidsPlay\"},\"image\":{\"@id\":\"https:\\\/\\\/kidsplay.lt\\\/#\\\/schema\\\/logo\\\/image\\\/\"},\"sameAs\":[\"https:\\\/\\\/www.facebook.com\\\/www.kidsplay.lt\"]}]}<\/script>\n<!-- \/ Yoast SEO plugin. -->","yoast_head_json":{"title":"VIGA koka Montessori puzle 2-in-1 &quot;Lauku fig\u016bri\u0146as&quot;\u201e","description":"VIGA medin\u0117 Montessori 2-in-1 d\u0117lion\u0117 \u201e\u016akio fig\u016bros\u201c - KidsPlay. Did\u017eiausias vaik\u0173 \u017eaisl\u0173 pasirinkimas.","robots":{"index":"index","follow":"follow","max-snippet":"max-snippet:-1","max-image-preview":"max-image-preview:large","max-video-preview":"max-video-preview:-1"},"canonical":"https:\/\/kidsplay.lt\/lv\/products\/viga-medine-montessori-2-in-1-delione-ukio-figuros\/","og_locale":"lv_LV","og_type":"article","og_title":"VIGA medin\u0117 Montessori 2-in-1 d\u0117lion\u0117 \u201e\u016akio fig\u016bros\u201c","og_description":"VIGA medin\u0117 Montessori 2-in-1 d\u0117lion\u0117 \u201e\u016akio fig\u016bros\u201c - KidsPlay. Did\u017eiausias vaik\u0173 \u017eaisl\u0173 pasirinkimas.","og_url":"https:\/\/kidsplay.lt\/lv\/products\/viga-medine-montessori-2-in-1-delione-ukio-figuros\/","og_site_name":"KidsPlay","article_publisher":"https:\/\/www.facebook.com\/www.kidsplay.lt","article_modified_time":"2026-04-15T15:30:46+00:00","og_image":[{"width":2560,"height":2560,"url":"https:\/\/kidsplay.lt\/wp-content\/uploads\/2026\/04\/VIGA-medine-Montessori-2-in-1-delione-\u201eUkio-figuros.jpg","type":"image\/jpeg"}],"twitter_card":"summary_large_image","twitter_misc":{"Est. reading time":"1 min\u016bte"},"schema":{"@context":"https:\/\/schema.org","@graph":[{"@type":"WebPage","@id":"https:\/\/kidsplay.lt\/produktas\/viga-medine-montessori-2-in-1-delione-ukio-figuros\/","url":"https:\/\/kidsplay.lt\/produktas\/viga-medine-montessori-2-in-1-delione-ukio-figuros\/","name":"VIGA koka Montessori puzle 2-in-1 &quot;Lauku fig\u016bri\u0146as&quot;\u201e","isPartOf":{"@id":"https:\/\/kidsplay.lt\/#website"},"primaryImageOfPage":{"@id":"https:\/\/kidsplay.lt\/produktas\/viga-medine-montessori-2-in-1-delione-ukio-figuros\/#primaryimage"},"image":{"@id":"https:\/\/kidsplay.lt\/produktas\/viga-medine-montessori-2-in-1-delione-ukio-figuros\/#primaryimage"},"thumbnailUrl":"https:\/\/kidsplay.lt\/wp-content\/uploads\/2026\/04\/VIGA-medine-Montessori-2-in-1-delione-\u201eUkio-figuros.jpg","datePublished":"2026-04-15T15:30:29+00:00","dateModified":"2026-04-15T15:30:46+00:00","description":"VIGA medin\u0117 Montessori 2-in-1 d\u0117lion\u0117 \u201e\u016akio fig\u016bros\u201c - KidsPlay. Did\u017eiausias vaik\u0173 \u017eaisl\u0173 pasirinkimas.","breadcrumb":{"@id":"https:\/\/kidsplay.lt\/produktas\/viga-medine-montessori-2-in-1-delione-ukio-figuros\/#breadcrumb"},"inLanguage":"lv-LV","potentialAction":[{"@type":"ReadAction","target":["https:\/\/kidsplay.lt\/produktas\/viga-medine-montessori-2-in-1-delione-ukio-figuros\/"]}]},{"@type":"ImageObject","inLanguage":"lv-LV","@id":"https:\/\/kidsplay.lt\/produktas\/viga-medine-montessori-2-in-1-delione-ukio-figuros\/#primaryimage","url":"https:\/\/kidsplay.lt\/wp-content\/uploads\/2026\/04\/VIGA-medine-Montessori-2-in-1-delione-\u201eUkio-figuros.jpg","contentUrl":"https:\/\/kidsplay.lt\/wp-content\/uploads\/2026\/04\/VIGA-medine-Montessori-2-in-1-delione-\u201eUkio-figuros.jpg","width":2560,"height":2560,"caption":"VIGA medin\u0117 Montessori 2-in-1 d\u0117lion\u0117 \u201e\u016akio fig\u016bros\u201c"},{"@type":"BreadcrumbList","@id":"https:\/\/kidsplay.lt\/produktas\/viga-medine-montessori-2-in-1-delione-ukio-figuros\/#breadcrumb","itemListElement":[{"@type":"ListItem","position":1,"name":"Pagrindinis","item":"https:\/\/kidsplay.lt\/"},{"@type":"ListItem","position":2,"name":"Parduotuv\u0117","item":"https:\/\/kidsplay.lt\/parduotuve\/"},{"@type":"ListItem","position":3,"name":"VIGA medin\u0117 Montessori 2-in-1 d\u0117lion\u0117 \u201e\u016akio fig\u016bros\u201c"}]},{"@type":"WebSite","@id":"https:\/\/kidsplay.lt\/#website","url":"https:\/\/kidsplay.lt\/","name":"B\u0113rnu sp\u0113les.lv","description":"\u012evairios prek\u0117s vaikams","publisher":{"@id":"https:\/\/kidsplay.lt\/#organization"},"alternateName":"Kidsplay","potentialAction":[{"@type":"SearchAction","target":{"@type":"EntryPoint","urlTemplate":"https:\/\/kidsplay.lt\/?s={search_term_string}"},"query-input":{"@type":"PropertyValueSpecification","valueRequired":true,"valueName":"search_term_string"}}],"inLanguage":"lv-LV"},{"@type":"Organization","@id":"https:\/\/kidsplay.lt\/#organization","name":"B\u0113rnu sp\u0113le","url":"https:\/\/kidsplay.lt\/","logo":{"@type":"ImageObject","inLanguage":"lv-LV","@id":"https:\/\/kidsplay.lt\/#\/schema\/logo\/image\/","url":"https:\/\/kidsplay.lt\/wp-content\/uploads\/2023\/07\/kidsplay-logo.png","contentUrl":"https:\/\/kidsplay.lt\/wp-content\/uploads\/2023\/07\/kidsplay-logo.png","width":451,"height":98,"caption":"KidsPlay"},"image":{"@id":"https:\/\/kidsplay.lt\/#\/schema\/logo\/image\/"},"sameAs":["https:\/\/www.facebook.com\/www.kidsplay.lt"]}]}},"_links":{"self":[{"href":"https:\/\/kidsplay.lt\/lv\/wp-json\/wp\/v2\/product\/105458","targetHints":{"allow":["GET"]}}],"collection":[{"href":"https:\/\/kidsplay.lt\/lv\/wp-json\/wp\/v2\/product"}],"about":[{"href":"https:\/\/kidsplay.lt\/lv\/wp-json\/wp\/v2\/types\/product"}],"version-history":[{"count":1,"href":"https:\/\/kidsplay.lt\/lv\/wp-json\/wp\/v2\/product\/105458\/revisions"}],"predecessor-version":[{"id":105459,"href":"https:\/\/kidsplay.lt\/lv\/wp-json\/wp\/v2\/product\/105458\/revisions\/105459"}],"wp:featuredmedia":[{"embeddable":true,"href":"https:\/\/kidsplay.lt\/lv\/wp-json\/wp\/v2\/media\/105460"}],"wp:attachment":[{"href":"https:\/\/kidsplay.lt\/lv\/wp-json\/wp\/v2\/media?parent=105458"}],"wp:term":[{"taxonomy":"product_brand","embeddable":true,"href":"https:\/\/kidsplay.lt\/lv\/wp-json\/wp\/v2\/product_brand?post=105458"},{"taxonomy":"product_cat","embeddable":true,"href":"https:\/\/kidsplay.lt\/lv\/wp-json\/wp\/v2\/product_cat?post=105458"},{"taxonomy":"product_tag","embeddable":true,"href":"https:\/\/kidsplay.lt\/lv\/wp-json\/wp\/v2\/product_tag?post=105458"}],"curies":[{"name":"wp","href":"https:\/\/api.w.org\/{rel}","templated":true}]}}