{"id":105511,"date":"2026-04-16T18:29:54","date_gmt":"2026-04-16T15:29:54","guid":{"rendered":"https:\/\/kidsplay.lt\/produktas\/viga-medinis-geometriniu-formu-rusiuoklis-labirintas\/"},"modified":"2026-04-16T18:29:54","modified_gmt":"2026-04-16T15:29:54","slug":"viga-medinis-geometriniu-formu-rusiuoklis-labirintas","status":"publish","type":"product","link":"https:\/\/kidsplay.lt\/lv\/products\/viga-medinis-geometriniu-formu-rusiuoklis-labirintas\/","title":{"rendered":"VIGA koka \u0123eometrisko formu \u0161\u0137irot\u0101js \u2013 labirints"},"content":{"rendered":"<p>Viga medinis geometrini\u0173 form\u0173 r\u016b\u0161iuoklis \u2013 labirintas yra edukacinis \u017eaislas, skirtas mokytis skai\u010diuoti bei atpa\u017einti formas ir spalvas. Ant kiekvienos i\u0161 keturi\u0173 ranken\u0117li\u0173 reikia u\u017ed\u0117ti tinkamas formas, o \u0161io i\u0161 pirmo \u017evilgsnio paprasto \u017eaidimo i\u0161\u0161\u016bkis yra teisingai suderinti kalad\u0117les su atitinkamais kai\u0161\u010diais. \u017daisdami vaikai lavina smulki\u0105j\u0105 motorik\u0105, rank\u0173 ir aki\u0173 koordinacij\u0105 bei login\u012f m\u0105stym\u0105. Ry\u0161kios spalvos pritraukia ir i\u0161laiko vaik\u0173 d\u0117mes\u012f. R\u016b\u0161iuoklis neturi a\u0161tri\u0173 kamp\u0173, o naudojami netoksi\u0161ki da\u017eai u\u017etikrina saugum\u0105 vaikams ir aplinkai.<br \/>\nRaksturojums:<\/p>\n<p> \trinkinyje yra 12 detali\u0173,<br \/>\n \t\u017eaislas pagamintas i\u0161 buko medienos,<br \/>\n \tnuda\u017eytas netoksi\u0161kais da\u017eais,<br \/>\n \tr\u016b\u0161iuoklis neturi a\u0161tri\u0173 kamp\u0173 ir yra gerai nu\u0161lifuotas,<br \/>\n \t\u017eaislas yra 100 % saugus vaikams.<\/p>","protected":false},"excerpt":{"rendered":"<p>Viga medinis geometrini\u0173 form\u0173 r\u016b\u0161iuoklis \u2013 labirintas yra edukacinis \u017eaislas, skirtas mokytis skai\u010diuoti bei atpa\u017einti formas ir spalvas. Ant kiekvienos<\/p>","protected":false},"featured_media":105513,"template":"","meta":{"_acf_changed":false,"_glsr_average":0,"_glsr_ranking":0,"_glsr_reviews":0},"product_brand":[],"product_cat":[],"product_tag":[],"class_list":{"0":"post-105511","1":"product","2":"type-product","3":"status-publish","4":"has-post-thumbnail","6":"\"style=\"background-color: #2ecc711c;\"","8":"first","9":"instock","10":"purchasable","11":"product-type-simple"},"acf":[],"yoast_head":"<!-- This site is optimized with the Yoast SEO plugin v27.4 - https:\/\/yoast.com\/product\/yoast-seo-wordpress\/ -->\n<title>VIGA medinis geometrini\u0173 form\u0173 r\u016b\u0161iuoklis \u2013 labirintas<\/title>\n<meta name=\"description\" content=\"VIGA medinis geometrini\u0173 form\u0173 r\u016b\u0161iuoklis \u2013 labirintas - KidsPlay. Did\u017eiausias vaik\u0173 \u017eaisl\u0173 pasirinkimas.\" \/>\n<meta name=\"robots\" content=\"index, follow, max-snippet:-1, max-image-preview:large, max-video-preview:-1\" \/>\n<link rel=\"canonical\" href=\"https:\/\/kidsplay.lt\/lv\/products\/viga-medinis-geometriniu-formu-rusiuoklis-labirintas\/\" \/>\n<meta property=\"og:locale\" content=\"lv_LV\" \/>\n<meta property=\"og:type\" content=\"article\" \/>\n<meta property=\"og:title\" content=\"VIGA medinis geometrini\u0173 form\u0173 r\u016b\u0161iuoklis \u2013 labirintas\" \/>\n<meta property=\"og:description\" content=\"VIGA medinis geometrini\u0173 form\u0173 r\u016b\u0161iuoklis \u2013 labirintas - KidsPlay. Did\u017eiausias vaik\u0173 \u017eaisl\u0173 pasirinkimas.\" \/>\n<meta property=\"og:url\" content=\"https:\/\/kidsplay.lt\/lv\/products\/viga-medinis-geometriniu-formu-rusiuoklis-labirintas\/\" \/>\n<meta property=\"og:site_name\" content=\"KidsPlay\" \/>\n<meta property=\"article:publisher\" content=\"https:\/\/www.facebook.com\/www.kidsplay.lt\" \/>\n<meta property=\"og:image\" content=\"https:\/\/kidsplay.lt\/wp-content\/uploads\/2026\/04\/VIGA-medinis-geometriniu-formu-rusiuoklis-\u2013-labirintas.jpg\" \/>\n\t<meta property=\"og:image:width\" content=\"1600\" \/>\n\t<meta property=\"og:image:height\" content=\"1600\" \/>\n\t<meta property=\"og:image:type\" content=\"image\/jpeg\" \/>\n<meta name=\"twitter:card\" content=\"summary_large_image\" \/>\n<meta name=\"twitter:label1\" content=\"Est. reading time\" \/>\n\t<meta name=\"twitter:data1\" content=\"1 min\u016bte\" \/>\n<script type=\"application\/ld+json\" class=\"yoast-schema-graph\">{\"@context\":\"https:\\\/\\\/schema.org\",\"@graph\":[{\"@type\":\"WebPage\",\"@id\":\"https:\\\/\\\/kidsplay.lt\\\/produktas\\\/viga-medinis-geometriniu-formu-rusiuoklis-labirintas\\\/\",\"url\":\"https:\\\/\\\/kidsplay.lt\\\/produktas\\\/viga-medinis-geometriniu-formu-rusiuoklis-labirintas\\\/\",\"name\":\"VIGA medinis geometrini\u0173 form\u0173 r\u016b\u0161iuoklis \u2013 labirintas\",\"isPartOf\":{\"@id\":\"https:\\\/\\\/kidsplay.lt\\\/#website\"},\"primaryImageOfPage\":{\"@id\":\"https:\\\/\\\/kidsplay.lt\\\/produktas\\\/viga-medinis-geometriniu-formu-rusiuoklis-labirintas\\\/#primaryimage\"},\"image\":{\"@id\":\"https:\\\/\\\/kidsplay.lt\\\/produktas\\\/viga-medinis-geometriniu-formu-rusiuoklis-labirintas\\\/#primaryimage\"},\"thumbnailUrl\":\"https:\\\/\\\/kidsplay.lt\\\/wp-content\\\/uploads\\\/2026\\\/04\\\/VIGA-medinis-geometriniu-formu-rusiuoklis-\u2013-labirintas.jpg\",\"datePublished\":\"2026-04-16T15:29:54+00:00\",\"description\":\"VIGA medinis geometrini\u0173 form\u0173 r\u016b\u0161iuoklis \u2013 labirintas - KidsPlay. Did\u017eiausias vaik\u0173 \u017eaisl\u0173 pasirinkimas.\",\"breadcrumb\":{\"@id\":\"https:\\\/\\\/kidsplay.lt\\\/produktas\\\/viga-medinis-geometriniu-formu-rusiuoklis-labirintas\\\/#breadcrumb\"},\"inLanguage\":\"lv-LV\",\"potentialAction\":[{\"@type\":\"ReadAction\",\"target\":[\"https:\\\/\\\/kidsplay.lt\\\/produktas\\\/viga-medinis-geometriniu-formu-rusiuoklis-labirintas\\\/\"]}]},{\"@type\":\"ImageObject\",\"inLanguage\":\"lv-LV\",\"@id\":\"https:\\\/\\\/kidsplay.lt\\\/produktas\\\/viga-medinis-geometriniu-formu-rusiuoklis-labirintas\\\/#primaryimage\",\"url\":\"https:\\\/\\\/kidsplay.lt\\\/wp-content\\\/uploads\\\/2026\\\/04\\\/VIGA-medinis-geometriniu-formu-rusiuoklis-\u2013-labirintas.jpg\",\"contentUrl\":\"https:\\\/\\\/kidsplay.lt\\\/wp-content\\\/uploads\\\/2026\\\/04\\\/VIGA-medinis-geometriniu-formu-rusiuoklis-\u2013-labirintas.jpg\",\"width\":1600,\"height\":1600,\"caption\":\"VIGA medinis geometrini\u0173 form\u0173 r\u016b\u0161iuoklis \u2013 labirintas\"},{\"@type\":\"BreadcrumbList\",\"@id\":\"https:\\\/\\\/kidsplay.lt\\\/produktas\\\/viga-medinis-geometriniu-formu-rusiuoklis-labirintas\\\/#breadcrumb\",\"itemListElement\":[{\"@type\":\"ListItem\",\"position\":1,\"name\":\"Pagrindinis\",\"item\":\"https:\\\/\\\/kidsplay.lt\\\/\"},{\"@type\":\"ListItem\",\"position\":2,\"name\":\"Parduotuv\u0117\",\"item\":\"https:\\\/\\\/kidsplay.lt\\\/parduotuve\\\/\"},{\"@type\":\"ListItem\",\"position\":3,\"name\":\"VIGA medinis geometrini\u0173 form\u0173 r\u016b\u0161iuoklis \u2013 labirintas\"}]},{\"@type\":\"WebSite\",\"@id\":\"https:\\\/\\\/kidsplay.lt\\\/#website\",\"url\":\"https:\\\/\\\/kidsplay.lt\\\/\",\"name\":\"Kidsplay.lt\",\"description\":\"\u012evairios prek\u0117s vaikams\",\"publisher\":{\"@id\":\"https:\\\/\\\/kidsplay.lt\\\/#organization\"},\"alternateName\":\"Kidsplay\",\"potentialAction\":[{\"@type\":\"SearchAction\",\"target\":{\"@type\":\"EntryPoint\",\"urlTemplate\":\"https:\\\/\\\/kidsplay.lt\\\/?s={search_term_string}\"},\"query-input\":{\"@type\":\"PropertyValueSpecification\",\"valueRequired\":true,\"valueName\":\"search_term_string\"}}],\"inLanguage\":\"lv-LV\"},{\"@type\":\"Organization\",\"@id\":\"https:\\\/\\\/kidsplay.lt\\\/#organization\",\"name\":\"KidsPlay\",\"url\":\"https:\\\/\\\/kidsplay.lt\\\/\",\"logo\":{\"@type\":\"ImageObject\",\"inLanguage\":\"lv-LV\",\"@id\":\"https:\\\/\\\/kidsplay.lt\\\/#\\\/schema\\\/logo\\\/image\\\/\",\"url\":\"https:\\\/\\\/kidsplay.lt\\\/wp-content\\\/uploads\\\/2023\\\/07\\\/kidsplay-logo.png\",\"contentUrl\":\"https:\\\/\\\/kidsplay.lt\\\/wp-content\\\/uploads\\\/2023\\\/07\\\/kidsplay-logo.png\",\"width\":451,\"height\":98,\"caption\":\"KidsPlay\"},\"image\":{\"@id\":\"https:\\\/\\\/kidsplay.lt\\\/#\\\/schema\\\/logo\\\/image\\\/\"},\"sameAs\":[\"https:\\\/\\\/www.facebook.com\\\/www.kidsplay.lt\"]}]}<\/script>\n<!-- \/ Yoast SEO plugin. -->","yoast_head_json":{"title":"VIGA koka \u0123eometrisko formu \u0161\u0137irot\u0101js \u2013 labirints","description":"VIGA medinis geometrini\u0173 form\u0173 r\u016b\u0161iuoklis \u2013 labirintas - KidsPlay. Did\u017eiausias vaik\u0173 \u017eaisl\u0173 pasirinkimas.","robots":{"index":"index","follow":"follow","max-snippet":"max-snippet:-1","max-image-preview":"max-image-preview:large","max-video-preview":"max-video-preview:-1"},"canonical":"https:\/\/kidsplay.lt\/lv\/products\/viga-medinis-geometriniu-formu-rusiuoklis-labirintas\/","og_locale":"lv_LV","og_type":"article","og_title":"VIGA medinis geometrini\u0173 form\u0173 r\u016b\u0161iuoklis \u2013 labirintas","og_description":"VIGA medinis geometrini\u0173 form\u0173 r\u016b\u0161iuoklis \u2013 labirintas - KidsPlay. Did\u017eiausias vaik\u0173 \u017eaisl\u0173 pasirinkimas.","og_url":"https:\/\/kidsplay.lt\/lv\/products\/viga-medinis-geometriniu-formu-rusiuoklis-labirintas\/","og_site_name":"KidsPlay","article_publisher":"https:\/\/www.facebook.com\/www.kidsplay.lt","og_image":[{"width":1600,"height":1600,"url":"https:\/\/kidsplay.lt\/wp-content\/uploads\/2026\/04\/VIGA-medinis-geometriniu-formu-rusiuoklis-\u2013-labirintas.jpg","type":"image\/jpeg"}],"twitter_card":"summary_large_image","twitter_misc":{"Est. reading time":"1 min\u016bte"},"schema":{"@context":"https:\/\/schema.org","@graph":[{"@type":"WebPage","@id":"https:\/\/kidsplay.lt\/produktas\/viga-medinis-geometriniu-formu-rusiuoklis-labirintas\/","url":"https:\/\/kidsplay.lt\/produktas\/viga-medinis-geometriniu-formu-rusiuoklis-labirintas\/","name":"VIGA koka \u0123eometrisko formu \u0161\u0137irot\u0101js \u2013 labirints","isPartOf":{"@id":"https:\/\/kidsplay.lt\/#website"},"primaryImageOfPage":{"@id":"https:\/\/kidsplay.lt\/produktas\/viga-medinis-geometriniu-formu-rusiuoklis-labirintas\/#primaryimage"},"image":{"@id":"https:\/\/kidsplay.lt\/produktas\/viga-medinis-geometriniu-formu-rusiuoklis-labirintas\/#primaryimage"},"thumbnailUrl":"https:\/\/kidsplay.lt\/wp-content\/uploads\/2026\/04\/VIGA-medinis-geometriniu-formu-rusiuoklis-\u2013-labirintas.jpg","datePublished":"2026-04-16T15:29:54+00:00","description":"VIGA medinis geometrini\u0173 form\u0173 r\u016b\u0161iuoklis \u2013 labirintas - KidsPlay. Did\u017eiausias vaik\u0173 \u017eaisl\u0173 pasirinkimas.","breadcrumb":{"@id":"https:\/\/kidsplay.lt\/produktas\/viga-medinis-geometriniu-formu-rusiuoklis-labirintas\/#breadcrumb"},"inLanguage":"lv-LV","potentialAction":[{"@type":"ReadAction","target":["https:\/\/kidsplay.lt\/produktas\/viga-medinis-geometriniu-formu-rusiuoklis-labirintas\/"]}]},{"@type":"ImageObject","inLanguage":"lv-LV","@id":"https:\/\/kidsplay.lt\/produktas\/viga-medinis-geometriniu-formu-rusiuoklis-labirintas\/#primaryimage","url":"https:\/\/kidsplay.lt\/wp-content\/uploads\/2026\/04\/VIGA-medinis-geometriniu-formu-rusiuoklis-\u2013-labirintas.jpg","contentUrl":"https:\/\/kidsplay.lt\/wp-content\/uploads\/2026\/04\/VIGA-medinis-geometriniu-formu-rusiuoklis-\u2013-labirintas.jpg","width":1600,"height":1600,"caption":"VIGA medinis geometrini\u0173 form\u0173 r\u016b\u0161iuoklis \u2013 labirintas"},{"@type":"BreadcrumbList","@id":"https:\/\/kidsplay.lt\/produktas\/viga-medinis-geometriniu-formu-rusiuoklis-labirintas\/#breadcrumb","itemListElement":[{"@type":"ListItem","position":1,"name":"Pagrindinis","item":"https:\/\/kidsplay.lt\/"},{"@type":"ListItem","position":2,"name":"Parduotuv\u0117","item":"https:\/\/kidsplay.lt\/parduotuve\/"},{"@type":"ListItem","position":3,"name":"VIGA medinis geometrini\u0173 form\u0173 r\u016b\u0161iuoklis \u2013 labirintas"}]},{"@type":"WebSite","@id":"https:\/\/kidsplay.lt\/#website","url":"https:\/\/kidsplay.lt\/","name":"B\u0113rnu sp\u0113les.lv","description":"\u012evairios prek\u0117s vaikams","publisher":{"@id":"https:\/\/kidsplay.lt\/#organization"},"alternateName":"Kidsplay","potentialAction":[{"@type":"SearchAction","target":{"@type":"EntryPoint","urlTemplate":"https:\/\/kidsplay.lt\/?s={search_term_string}"},"query-input":{"@type":"PropertyValueSpecification","valueRequired":true,"valueName":"search_term_string"}}],"inLanguage":"lv-LV"},{"@type":"Organization","@id":"https:\/\/kidsplay.lt\/#organization","name":"B\u0113rnu sp\u0113le","url":"https:\/\/kidsplay.lt\/","logo":{"@type":"ImageObject","inLanguage":"lv-LV","@id":"https:\/\/kidsplay.lt\/#\/schema\/logo\/image\/","url":"https:\/\/kidsplay.lt\/wp-content\/uploads\/2023\/07\/kidsplay-logo.png","contentUrl":"https:\/\/kidsplay.lt\/wp-content\/uploads\/2023\/07\/kidsplay-logo.png","width":451,"height":98,"caption":"KidsPlay"},"image":{"@id":"https:\/\/kidsplay.lt\/#\/schema\/logo\/image\/"},"sameAs":["https:\/\/www.facebook.com\/www.kidsplay.lt"]}]}},"_links":{"self":[{"href":"https:\/\/kidsplay.lt\/lv\/wp-json\/wp\/v2\/product\/105511","targetHints":{"allow":["GET"]}}],"collection":[{"href":"https:\/\/kidsplay.lt\/lv\/wp-json\/wp\/v2\/product"}],"about":[{"href":"https:\/\/kidsplay.lt\/lv\/wp-json\/wp\/v2\/types\/product"}],"version-history":[{"count":1,"href":"https:\/\/kidsplay.lt\/lv\/wp-json\/wp\/v2\/product\/105511\/revisions"}],"predecessor-version":[{"id":105512,"href":"https:\/\/kidsplay.lt\/lv\/wp-json\/wp\/v2\/product\/105511\/revisions\/105512"}],"wp:featuredmedia":[{"embeddable":true,"href":"https:\/\/kidsplay.lt\/lv\/wp-json\/wp\/v2\/media\/105513"}],"wp:attachment":[{"href":"https:\/\/kidsplay.lt\/lv\/wp-json\/wp\/v2\/media?parent=105511"}],"wp:term":[{"taxonomy":"product_brand","embeddable":true,"href":"https:\/\/kidsplay.lt\/lv\/wp-json\/wp\/v2\/product_brand?post=105511"},{"taxonomy":"product_cat","embeddable":true,"href":"https:\/\/kidsplay.lt\/lv\/wp-json\/wp\/v2\/product_cat?post=105511"},{"taxonomy":"product_tag","embeddable":true,"href":"https:\/\/kidsplay.lt\/lv\/wp-json\/wp\/v2\/product_tag?post=105511"}],"curies":[{"name":"wp","href":"https:\/\/api.w.org\/{rel}","templated":true}]}}